{"id":304502,"date":"2023-04-13T16:32:09","date_gmt":"2023-04-13T14:32:09","guid":{"rendered":"https:\/\/lalmachine.com\/?post_type=product&#038;p=304502"},"modified":"2026-03-02T13:46:56","modified_gmt":"2026-03-02T12:46:56","slug":"paire-de-fauteuils-pingouinde-theo-ruth","status":"publish","type":"product","link":"https:\/\/lalmachine.com\/de\/shop\/sasseoir\/canape-fauteuil-pouf\/paire-de-fauteuils-pingouinde-theo-ruth\/","title":{"rendered":"Paire de fauteuils \u00ab\u00a0Pingouin\u00a0\u00bbde Theo Ruth"},"content":{"rendered":"<ul class=\"wpuf_customs\"><li style=\"list-style-type:none;\"><label>Autres photos:<\/label> <a href=\"https:\/\/lalmachine.com\/wp-content\/uploads\/2023\/04\/403a.jpg\"><img loading=\"lazy\" decoding=\"async\" width=\"96\" height=\"96\" src=\"https:\/\/lalmachine.com\/wp-content\/uploads\/2023\/04\/403a.jpg\" class=\"attachment-thumbnail size-thumbnail\" alt=\"\" \/><\/a> <a href=\"https:\/\/lalmachine.com\/wp-content\/uploads\/2023\/04\/403f.jpg\"><img loading=\"lazy\" decoding=\"async\" width=\"96\" height=\"96\" src=\"https:\/\/lalmachine.com\/wp-content\/uploads\/2023\/04\/403f.jpg\" class=\"attachment-thumbnail size-thumbnail\" alt=\"\" \/><\/a> <a href=\"https:\/\/lalmachine.com\/wp-content\/uploads\/2023\/04\/403j.jpg\"><img loading=\"lazy\" decoding=\"async\" width=\"96\" height=\"96\" src=\"https:\/\/lalmachine.com\/wp-content\/uploads\/2023\/04\/403j.jpg\" class=\"attachment-thumbnail size-thumbnail\" alt=\"\" \/><\/a> <a href=\"https:\/\/lalmachine.com\/wp-content\/uploads\/2023\/04\/403.jpg\"><img loading=\"lazy\" decoding=\"async\" width=\"96\" height=\"96\" src=\"https:\/\/lalmachine.com\/wp-content\/uploads\/2023\/04\/403.jpg\" class=\"attachment-thumbnail size-thumbnail\" alt=\"\" \/><\/a> <a href=\"https:\/\/lalmachine.com\/wp-content\/uploads\/2023\/04\/403i-scaled.jpg\"><img loading=\"lazy\" decoding=\"async\" width=\"128\" height=\"85\" src=\"https:\/\/lalmachine.com\/wp-content\/uploads\/2023\/04\/403i-scaled.jpg\" class=\"attachment-thumbnail size-thumbnail\" alt=\"\" \/><\/a> <a href=\"https:\/\/lalmachine.com\/wp-content\/uploads\/2023\/04\/403g-scaled.jpg\"><img loading=\"lazy\" decoding=\"async\" width=\"96\" height=\"96\" src=\"https:\/\/lalmachine.com\/wp-content\/uploads\/2023\/04\/403g-scaled.jpg\" class=\"attachment-thumbnail size-thumbnail\" alt=\"\" \/><\/a> <a href=\"https:\/\/lalmachine.com\/wp-content\/uploads\/2023\/04\/403d.jpg\"><img loading=\"lazy\" decoding=\"async\" width=\"96\" height=\"96\" src=\"https:\/\/lalmachine.com\/wp-content\/uploads\/2023\/04\/403d.jpg\" class=\"attachment-thumbnail size-thumbnail\" alt=\"\" \/><\/a> <a href=\"https:\/\/lalmachine.com\/wp-content\/uploads\/2023\/04\/403f.jpg\"><img loading=\"lazy\" decoding=\"async\" width=\"96\" height=\"96\" src=\"https:\/\/lalmachine.com\/wp-content\/uploads\/2023\/04\/403f.jpg\" class=\"attachment-thumbnail size-thumbnail\" alt=\"\" \/><\/a> <a href=\"https:\/\/lalmachine.com\/wp-content\/uploads\/2023\/04\/403c.jpg\"><img loading=\"lazy\" decoding=\"async\" width=\"96\" height=\"96\" src=\"https:\/\/lalmachine.com\/wp-content\/uploads\/2023\/04\/403c.jpg\" class=\"attachment-thumbnail size-thumbnail\" alt=\"\" \/><\/a> <a href=\"https:\/\/lalmachine.com\/wp-content\/uploads\/2023\/04\/403b.jpg\"><img loading=\"lazy\" decoding=\"async\" width=\"96\" height=\"96\" src=\"https:\/\/lalmachine.com\/wp-content\/uploads\/2023\/04\/403b.jpg\" class=\"attachment-thumbnail size-thumbnail\" alt=\"\" \/><\/a> <\/li>        <li class=\"wpuf-field-data wpuf-field-data-numeric_text_field\">\n                            <label>Prix:<\/label>\n                        2650        <\/li>\n                <li class=\"wpuf-field-data wpuf-field-data-numeric_text_field\">\n                            <label>Quantit\u00e9:<\/label>\n                        1        <\/li>\n                <li class=\"wpuf-field-data wpuf-field-data-numeric_text_field\">\n                            <label>Hauteur (cm):<\/label>\n                        90        <\/li>\n                <li class=\"wpuf-field-data wpuf-field-data-numeric_text_field\">\n                            <label>Largeur (cm):<\/label>\n                        63        <\/li>\n                <li class=\"wpuf-field-data wpuf-field-data-numeric_text_field\">\n                            <label>Profondeur (cm):<\/label>\n                        85        <\/li>\n        <\/ul>","protected":false},"excerpt":{"rendered":"<p>Importante paire de fauteuils du designer hollandais Theo Ruth \u00e9dit\u00e9e par Artifort \u00ab\u00a0Art and Comfort\u00a0\u00bb entre 1948 et 1950. Ce mod\u00e8le est la premi\u00e8re \u00e9dition, tr\u00e8s rare, de la Congo Arm Chair. En effet, elle a tr\u00e8s rarement \u00e9t\u00e9 mise en vente sur le march\u00e9 et encore moins avec la version des accoudoirs. Ils l&rsquo;ont probablement produite en \u00e9dition limit\u00e9e sur une tr\u00e8s courte p\u00e9riode.<\/p>\n<p>Elle est tr\u00e8s diff\u00e9rente de la \u00ab\u00a0Congo\u00a0\u00bb ou de la \u00ab\u00a0Pingu\u00efn\u00a0\u00bb classique par le fait que la partie dorsale est amovible et peut se positionner en chaise longue ou en fauteuil. Sa base poss\u00e8de deux pieds qui s&rsquo;\u00e9tirent en arrondi vers l&rsquo;arri\u00e8re et rappelle les productions de Carlo Molina datant de la m\u00eame p\u00e9riode.<\/p>\n<p>Les bois ont \u00e9t\u00e9 ponc\u00e9s et revernis, et le fauteuil recouvert \u00e0 neuf avec un tissu d&rsquo;ameublement brun clair chin\u00e9.<\/p>\n<p>Dimensions : largeur 63 cm, hauteur 90 cm, profondeur 85 cm, hauteur de l&rsquo;assise 36 cm<\/p>\n<p>Le designer n\u00e9erlandais Theo Ruth est n\u00e9 en 1915 \u00e0 Maastricht. Il fait des \u00e9tudes de design de mobilier et d\u2019int\u00e9rieur \u00e0 la Middelbare Kunstnijverheidsschool de Maastricht (aujourd\u2019hui connue sous le nom de Maastricht Academy of Arts). En 1936, il rejoint Artifort, et se sp\u00e9cialise dans le design de mobilier de salon. Trois ans apr\u00e8s, en 1939, il devient directeur du design et du d\u00e9veloppement, position qu\u2019il maintient jusqu\u2019\u00e0 sa mort en 1971.<\/p>\n<p>Theo Ruth est le premier designer permanent chez Artifort, et a un impact tr\u00e8s important sur le design qui en a d\u00e9coul\u00e9. Parmi ses pi\u00e8ces les plus c\u00e9l\u00e8bres, on compte la Congo Chair (1952), la Penguin Chair (1957), toutes les deux compos\u00e9es de deux parties qui s\u2019assemblent sans verrou ni clou. La derni\u00e8re version de la Penguin Chair incluent un dossier noir et un coussin blanc, afin de rappeler les couleurs d\u2019un pingouin. Les designers Pierre Paulin et Geoffrey Harcourt ont \u00e9galement collabor\u00e9 avec le d\u00e9partement de design d\u2019Artifort lorsque Theo Ruth est encore en poste.<\/p>","protected":false},"featured_media":304558,"template":"","meta":{"_et_pb_use_builder":"","_et_pb_old_content":"","_et_gb_content_width":""},"product_brand":[],"product_cat":[99,48],"product_tag":[],"proximite":[280,179],"class_list":{"0":"post-304502","1":"product","2":"type-product","3":"status-publish","4":"has-post-thumbnail","6":"product_cat-canape-fauteuil-pouf","7":"product_cat-sasseoir","8":"pa_couleur-bois","9":"pa_designer-autres-designers","10":"pa_etat-tres-bon-etat","11":"pa_materiau-bois","12":"pa_style-vintage","13":"proximite-morges","14":"proximite-vaud","16":"first","17":"instock","18":"sale","19":"shipping-taxable","20":"purchasable","21":"product-type-simple"},"yoast_head":"<!-- This site is optimized with the Yoast SEO plugin v27.3 - https:\/\/yoast.com\/product\/yoast-seo-wordpress\/ -->\n<title>Paire de fauteuils &quot;Pingouin&quot;de Theo Ruth | lalmachine.com<\/title>\n<meta name=\"description\" content=\"Importante paire de fauteuils du designer hollandais Theo Ruth \u00e9dit\u00e9e par Artifort &quot;Art and Comfort&quot; entre 1948 et 1950.\" \/>\n<meta name=\"robots\" content=\"index, follow, max-snippet:-1, max-image-preview:large, max-video-preview:-1\" \/>\n<link rel=\"canonical\" href=\"https:\/\/lalmachine.com\/de\/shop\/sasseoir\/canape-fauteuil-pouf\/paire-de-fauteuils-pingouinde-theo-ruth\/\" \/>\n<meta property=\"og:locale\" content=\"de_DE\" \/>\n<meta property=\"og:type\" content=\"article\" \/>\n<meta property=\"og:title\" content=\"Paire de fauteuils &quot;Pingouin&quot;de Theo Ruth | lalmachine.com\" \/>\n<meta property=\"og:description\" content=\"Importante paire de fauteuils du designer hollandais Theo Ruth \u00e9dit\u00e9e par Artifort &quot;Art and Comfort&quot; entre 1948 et 1950.\" \/>\n<meta property=\"og:url\" content=\"https:\/\/lalmachine.com\/de\/shop\/sasseoir\/canape-fauteuil-pouf\/paire-de-fauteuils-pingouinde-theo-ruth\/\" \/>\n<meta property=\"og:site_name\" content=\"lalmachine.com\" \/>\n<meta property=\"article:publisher\" content=\"https:\/\/facebook.com\/lalmachine\" \/>\n<meta property=\"article:modified_time\" content=\"2026-03-02T12:46:56+00:00\" \/>\n<meta property=\"og:image\" content=\"https:\/\/lalmachine.com\/wp-content\/uploads\/2023\/04\/403a_clipped_rev_1.jpeg\" \/>\n\t<meta property=\"og:image:width\" content=\"2241\" \/>\n\t<meta property=\"og:image:height\" content=\"2241\" \/>\n\t<meta property=\"og:image:type\" content=\"image\/jpeg\" \/>\n<meta name=\"twitter:card\" content=\"summary_large_image\" \/>\n<script type=\"application\/ld+json\" class=\"yoast-schema-graph\">{\"@context\":\"https:\\\/\\\/schema.org\",\"@graph\":[{\"@type\":\"WebPage\",\"@id\":\"https:\\\/\\\/lalmachine.com\\\/shop\\\/sasseoir\\\/canape-fauteuil-pouf\\\/paire-de-fauteuils-pingouinde-theo-ruth\\\/\",\"url\":\"https:\\\/\\\/lalmachine.com\\\/shop\\\/sasseoir\\\/canape-fauteuil-pouf\\\/paire-de-fauteuils-pingouinde-theo-ruth\\\/\",\"name\":\"Paire de fauteuils \\\"Pingouin\\\"de Theo Ruth | lalmachine.com\",\"isPartOf\":{\"@id\":\"https:\\\/\\\/lalmachine.com\\\/#website\"},\"primaryImageOfPage\":{\"@id\":\"https:\\\/\\\/lalmachine.com\\\/shop\\\/sasseoir\\\/canape-fauteuil-pouf\\\/paire-de-fauteuils-pingouinde-theo-ruth\\\/#primaryimage\"},\"image\":{\"@id\":\"https:\\\/\\\/lalmachine.com\\\/shop\\\/sasseoir\\\/canape-fauteuil-pouf\\\/paire-de-fauteuils-pingouinde-theo-ruth\\\/#primaryimage\"},\"thumbnailUrl\":\"https:\\\/\\\/lalmachine.com\\\/wp-content\\\/uploads\\\/2023\\\/04\\\/403a_clipped_rev_1.jpeg\",\"datePublished\":\"2023-04-13T14:32:09+00:00\",\"dateModified\":\"2026-03-02T12:46:56+00:00\",\"description\":\"Importante paire de fauteuils du designer hollandais Theo Ruth \u00e9dit\u00e9e par Artifort \\\"Art and Comfort\\\" entre 1948 et 1950.\",\"breadcrumb\":{\"@id\":\"https:\\\/\\\/lalmachine.com\\\/shop\\\/sasseoir\\\/canape-fauteuil-pouf\\\/paire-de-fauteuils-pingouinde-theo-ruth\\\/#breadcrumb\"},\"inLanguage\":\"de\",\"potentialAction\":[{\"@type\":\"ReadAction\",\"target\":[\"https:\\\/\\\/lalmachine.com\\\/shop\\\/sasseoir\\\/canape-fauteuil-pouf\\\/paire-de-fauteuils-pingouinde-theo-ruth\\\/\"]}]},{\"@type\":\"ImageObject\",\"inLanguage\":\"de\",\"@id\":\"https:\\\/\\\/lalmachine.com\\\/shop\\\/sasseoir\\\/canape-fauteuil-pouf\\\/paire-de-fauteuils-pingouinde-theo-ruth\\\/#primaryimage\",\"url\":\"https:\\\/\\\/lalmachine.com\\\/wp-content\\\/uploads\\\/2023\\\/04\\\/403a_clipped_rev_1.jpeg\",\"contentUrl\":\"https:\\\/\\\/lalmachine.com\\\/wp-content\\\/uploads\\\/2023\\\/04\\\/403a_clipped_rev_1.jpeg\",\"width\":2241,\"height\":2241,\"caption\":\"fauteuils \\\"Pingouin\\\"de Theo Ruth\"},{\"@type\":\"BreadcrumbList\",\"@id\":\"https:\\\/\\\/lalmachine.com\\\/shop\\\/sasseoir\\\/canape-fauteuil-pouf\\\/paire-de-fauteuils-pingouinde-theo-ruth\\\/#breadcrumb\",\"itemListElement\":[{\"@type\":\"ListItem\",\"position\":1,\"name\":\"Accueil\",\"item\":\"https:\\\/\\\/lalmachine.com\\\/\"},{\"@type\":\"ListItem\",\"position\":2,\"name\":\"Shop\",\"item\":\"https:\\\/\\\/lalmachine.com\\\/shop\\\/\"},{\"@type\":\"ListItem\",\"position\":3,\"name\":\"Paire de fauteuils &#8220;Pingouin&#8221;de Theo Ruth\"}]},{\"@type\":\"WebSite\",\"@id\":\"https:\\\/\\\/lalmachine.com\\\/#website\",\"url\":\"https:\\\/\\\/lalmachine.com\\\/\",\"name\":\"lalmachine.com\",\"description\":\"Brocante en ligne Suisse | Mobilier et objets d\u00e9co vintage et design\",\"potentialAction\":[{\"@type\":\"SearchAction\",\"target\":{\"@type\":\"EntryPoint\",\"urlTemplate\":\"https:\\\/\\\/lalmachine.com\\\/?s={search_term_string}\"},\"query-input\":{\"@type\":\"PropertyValueSpecification\",\"valueRequired\":true,\"valueName\":\"search_term_string\"}}],\"inLanguage\":\"de\"}]}<\/script>\n<!-- \/ Yoast SEO plugin. -->","yoast_head_json":{"title":"Paire de fauteuils \"Pingouin\"de Theo Ruth | lalmachine.com","description":"Importante paire de fauteuils du designer hollandais Theo Ruth \u00e9dit\u00e9e par Artifort \"Art and Comfort\" entre 1948 et 1950.","robots":{"index":"index","follow":"follow","max-snippet":"max-snippet:-1","max-image-preview":"max-image-preview:large","max-video-preview":"max-video-preview:-1"},"canonical":"https:\/\/lalmachine.com\/de\/shop\/sasseoir\/canape-fauteuil-pouf\/paire-de-fauteuils-pingouinde-theo-ruth\/","og_locale":"de_DE","og_type":"article","og_title":"Paire de fauteuils \"Pingouin\"de Theo Ruth | lalmachine.com","og_description":"Importante paire de fauteuils du designer hollandais Theo Ruth \u00e9dit\u00e9e par Artifort \"Art and Comfort\" entre 1948 et 1950.","og_url":"https:\/\/lalmachine.com\/de\/shop\/sasseoir\/canape-fauteuil-pouf\/paire-de-fauteuils-pingouinde-theo-ruth\/","og_site_name":"lalmachine.com","article_publisher":"https:\/\/facebook.com\/lalmachine","article_modified_time":"2026-03-02T12:46:56+00:00","og_image":[{"width":2241,"height":2241,"url":"https:\/\/lalmachine.com\/wp-content\/uploads\/2023\/04\/403a_clipped_rev_1.jpeg","type":"image\/jpeg"}],"twitter_card":"summary_large_image","schema":{"@context":"https:\/\/schema.org","@graph":[{"@type":"WebPage","@id":"https:\/\/lalmachine.com\/shop\/sasseoir\/canape-fauteuil-pouf\/paire-de-fauteuils-pingouinde-theo-ruth\/","url":"https:\/\/lalmachine.com\/shop\/sasseoir\/canape-fauteuil-pouf\/paire-de-fauteuils-pingouinde-theo-ruth\/","name":"Paire de fauteuils \"Pingouin\"de Theo Ruth | lalmachine.com","isPartOf":{"@id":"https:\/\/lalmachine.com\/#website"},"primaryImageOfPage":{"@id":"https:\/\/lalmachine.com\/shop\/sasseoir\/canape-fauteuil-pouf\/paire-de-fauteuils-pingouinde-theo-ruth\/#primaryimage"},"image":{"@id":"https:\/\/lalmachine.com\/shop\/sasseoir\/canape-fauteuil-pouf\/paire-de-fauteuils-pingouinde-theo-ruth\/#primaryimage"},"thumbnailUrl":"https:\/\/lalmachine.com\/wp-content\/uploads\/2023\/04\/403a_clipped_rev_1.jpeg","datePublished":"2023-04-13T14:32:09+00:00","dateModified":"2026-03-02T12:46:56+00:00","description":"Importante paire de fauteuils du designer hollandais Theo Ruth \u00e9dit\u00e9e par Artifort \"Art and Comfort\" entre 1948 et 1950.","breadcrumb":{"@id":"https:\/\/lalmachine.com\/shop\/sasseoir\/canape-fauteuil-pouf\/paire-de-fauteuils-pingouinde-theo-ruth\/#breadcrumb"},"inLanguage":"de","potentialAction":[{"@type":"ReadAction","target":["https:\/\/lalmachine.com\/shop\/sasseoir\/canape-fauteuil-pouf\/paire-de-fauteuils-pingouinde-theo-ruth\/"]}]},{"@type":"ImageObject","inLanguage":"de","@id":"https:\/\/lalmachine.com\/shop\/sasseoir\/canape-fauteuil-pouf\/paire-de-fauteuils-pingouinde-theo-ruth\/#primaryimage","url":"https:\/\/lalmachine.com\/wp-content\/uploads\/2023\/04\/403a_clipped_rev_1.jpeg","contentUrl":"https:\/\/lalmachine.com\/wp-content\/uploads\/2023\/04\/403a_clipped_rev_1.jpeg","width":2241,"height":2241,"caption":"fauteuils \"Pingouin\"de Theo Ruth"},{"@type":"BreadcrumbList","@id":"https:\/\/lalmachine.com\/shop\/sasseoir\/canape-fauteuil-pouf\/paire-de-fauteuils-pingouinde-theo-ruth\/#breadcrumb","itemListElement":[{"@type":"ListItem","position":1,"name":"Accueil","item":"https:\/\/lalmachine.com\/"},{"@type":"ListItem","position":2,"name":"Shop","item":"https:\/\/lalmachine.com\/shop\/"},{"@type":"ListItem","position":3,"name":"Paire de fauteuils &#8220;Pingouin&#8221;de Theo Ruth"}]},{"@type":"WebSite","@id":"https:\/\/lalmachine.com\/#website","url":"https:\/\/lalmachine.com\/","name":"lalmachine.com","description":"Brocante en ligne Suisse | Mobilier et objets d\u00e9co vintage et design","potentialAction":[{"@type":"SearchAction","target":{"@type":"EntryPoint","urlTemplate":"https:\/\/lalmachine.com\/?s={search_term_string}"},"query-input":{"@type":"PropertyValueSpecification","valueRequired":true,"valueName":"search_term_string"}}],"inLanguage":"de"}]}},"_links":{"self":[{"href":"https:\/\/lalmachine.com\/de\/wp-json\/wp\/v2\/product\/304502","targetHints":{"allow":["GET"]}}],"collection":[{"href":"https:\/\/lalmachine.com\/de\/wp-json\/wp\/v2\/product"}],"about":[{"href":"https:\/\/lalmachine.com\/de\/wp-json\/wp\/v2\/types\/product"}],"wp:featuredmedia":[{"embeddable":true,"href":"https:\/\/lalmachine.com\/de\/wp-json\/wp\/v2\/media\/304558"}],"wp:attachment":[{"href":"https:\/\/lalmachine.com\/de\/wp-json\/wp\/v2\/media?parent=304502"}],"wp:term":[{"taxonomy":"product_brand","embeddable":true,"href":"https:\/\/lalmachine.com\/de\/wp-json\/wp\/v2\/product_brand?post=304502"},{"taxonomy":"product_cat","embeddable":true,"href":"https:\/\/lalmachine.com\/de\/wp-json\/wp\/v2\/product_cat?post=304502"},{"taxonomy":"product_tag","embeddable":true,"href":"https:\/\/lalmachine.com\/de\/wp-json\/wp\/v2\/product_tag?post=304502"},{"taxonomy":"proximite","embeddable":true,"href":"https:\/\/lalmachine.com\/de\/wp-json\/wp\/v2\/proximite?post=304502"}],"curies":[{"name":"wp","href":"https:\/\/api.w.org\/{rel}","templated":true}]}}