{"id":304876,"date":"2023-04-20T12:06:28","date_gmt":"2023-04-20T10:06:28","guid":{"rendered":"https:\/\/lalmachine.com\/?post_type=product&#038;p=304876"},"modified":"2025-04-08T10:12:26","modified_gmt":"2025-04-08T08:12:26","slug":"vase-mid-century-modern-scheurich","status":"publish","type":"product","link":"https:\/\/lalmachine.com\/de\/shop\/decorer\/vase-ceramique\/vase-mid-century-modern-scheurich\/","title":{"rendered":"Vase Mid-century Modern Scheurich mod\u00e8le 275-28"},"content":{"rendered":"<ul class=\"wpuf_customs\"><li style=\"list-style-type:none;\"><label>Autres photos:<\/label> <a href=\"https:\/\/lalmachine.com\/wp-content\/uploads\/2023\/04\/Scheurich-2-scaled.jpg\"><img loading=\"lazy\" decoding=\"async\" width=\"72\" height=\"96\" src=\"https:\/\/lalmachine.com\/wp-content\/uploads\/2023\/04\/Scheurich-2-scaled.jpg\" class=\"attachment-thumbnail size-thumbnail\" alt=\"\" \/><\/a> <a href=\"https:\/\/lalmachine.com\/wp-content\/uploads\/2023\/04\/Scheurich-3-scaled.jpg\"><img loading=\"lazy\" decoding=\"async\" width=\"72\" height=\"96\" src=\"https:\/\/lalmachine.com\/wp-content\/uploads\/2023\/04\/Scheurich-3-scaled.jpg\" class=\"attachment-thumbnail size-thumbnail\" alt=\"\" \/><\/a> <a href=\"https:\/\/lalmachine.com\/wp-content\/uploads\/2023\/04\/Scheurich-5-scaled.jpg\"><img loading=\"lazy\" decoding=\"async\" width=\"72\" height=\"96\" src=\"https:\/\/lalmachine.com\/wp-content\/uploads\/2023\/04\/Scheurich-5-scaled.jpg\" class=\"attachment-thumbnail size-thumbnail\" alt=\"\" \/><\/a> <a href=\"https:\/\/lalmachine.com\/wp-content\/uploads\/2023\/04\/Scheurich-6-scaled.jpg\"><img loading=\"lazy\" decoding=\"async\" width=\"72\" height=\"96\" src=\"https:\/\/lalmachine.com\/wp-content\/uploads\/2023\/04\/Scheurich-6-scaled.jpg\" class=\"attachment-thumbnail size-thumbnail\" alt=\"\" \/><\/a> <\/li>        <li class=\"wpuf-field-data wpuf-field-data-numeric_text_field\">\n                            <label>Prix:<\/label>\n                        40        <\/li>\n                <li class=\"wpuf-field-data wpuf-field-data-numeric_text_field\">\n                            <label>Quantit\u00e9:<\/label>\n                        1        <\/li>\n                <li class=\"wpuf-field-data wpuf-field-data-numeric_text_field\">\n                            <label>Hauteur (cm):<\/label>\n                        28        <\/li>\n                <li class=\"wpuf-field-data wpuf-field-data-numeric_text_field\">\n                            <label>Largeur (cm):<\/label>\n                        12        <\/li>\n                <li class=\"wpuf-field-data wpuf-field-data-numeric_text_field\">\n                            <label>Profondeur (cm):<\/label>\n                        10        <\/li>\n        <\/ul>","protected":false},"excerpt":{"rendered":"<p>Vase Mid-century Modern Scheurich West Germany, mod\u00e8le 275-28, fat lava gris \u00e0 d\u00e9cor jaune, orange, gris &#8211; excellent \u00e9tat.<br \/>\nForeign 275 28 sous la base.<br \/>\n<span style=\"color: #000000;font-family: Arial;font-size: 15px\">Scheurich &#8220;First generation&#8221;<\/span><\/p>","protected":false},"featured_media":304945,"template":"","meta":{"_et_pb_use_builder":"","_et_pb_old_content":"","_et_gb_content_width":""},"product_brand":[],"product_cat":[50,400],"product_tag":[],"proximite":[180],"class_list":{"0":"post-304876","1":"product","2":"type-product","3":"status-publish","4":"has-post-thumbnail","6":"product_cat-decorer","7":"product_cat-vase-ceramique","8":"pa_couleur-multicolore","9":"pa_etat-tres-bon-etat","10":"pa_materiau-ceramique","11":"proximite-geneve","13":"first","14":"instock","15":"shipping-taxable","16":"purchasable","17":"product-type-simple"},"yoast_head":"<!-- This site is optimized with the Yoast SEO plugin v27.4 - https:\/\/yoast.com\/product\/yoast-seo-wordpress\/ -->\n<title>Vase Mid-century Modern Scheurich mod\u00e8le 275-28 | lalmachine.com<\/title>\n<meta name=\"description\" content=\"Vase Mid-century Modern Scheurich West Germany, mod\u00e8le 275-28.\" \/>\n<meta name=\"robots\" content=\"index, follow, max-snippet:-1, max-image-preview:large, max-video-preview:-1\" \/>\n<link rel=\"canonical\" href=\"https:\/\/lalmachine.com\/de\/shop\/decorer\/vase-ceramique\/vase-mid-century-modern-scheurich\/\" \/>\n<meta property=\"og:locale\" content=\"de_DE\" \/>\n<meta property=\"og:type\" content=\"article\" \/>\n<meta property=\"og:title\" content=\"Vase Mid-century Modern Scheurich mod\u00e8le 275-28 | lalmachine.com\" \/>\n<meta property=\"og:description\" content=\"Vase Mid-century Modern Scheurich West Germany, mod\u00e8le 275-28.\" \/>\n<meta property=\"og:url\" content=\"https:\/\/lalmachine.com\/de\/shop\/decorer\/vase-ceramique\/vase-mid-century-modern-scheurich\/\" \/>\n<meta property=\"og:site_name\" content=\"lalmachine.com\" \/>\n<meta property=\"article:publisher\" content=\"https:\/\/facebook.com\/lalmachine\" \/>\n<meta property=\"article:modified_time\" content=\"2025-04-08T08:12:26+00:00\" \/>\n<meta property=\"og:image\" content=\"https:\/\/lalmachine.com\/wp-content\/uploads\/2023\/04\/Scheurich-2-scaled_clipped_rev_1-scaled.jpeg\" \/>\n\t<meta property=\"og:image:width\" content=\"2560\" \/>\n\t<meta property=\"og:image:height\" content=\"2560\" \/>\n\t<meta property=\"og:image:type\" content=\"image\/jpeg\" \/>\n<meta name=\"twitter:card\" content=\"summary_large_image\" \/>\n<script type=\"application\/ld+json\" class=\"yoast-schema-graph\">{\"@context\":\"https:\\\/\\\/schema.org\",\"@graph\":[{\"@type\":\"WebPage\",\"@id\":\"https:\\\/\\\/lalmachine.com\\\/shop\\\/decorer\\\/vase-ceramique\\\/vase-mid-century-modern-scheurich\\\/\",\"url\":\"https:\\\/\\\/lalmachine.com\\\/shop\\\/decorer\\\/vase-ceramique\\\/vase-mid-century-modern-scheurich\\\/\",\"name\":\"Vase Mid-century Modern Scheurich mod\u00e8le 275-28 | lalmachine.com\",\"isPartOf\":{\"@id\":\"https:\\\/\\\/lalmachine.com\\\/#website\"},\"primaryImageOfPage\":{\"@id\":\"https:\\\/\\\/lalmachine.com\\\/shop\\\/decorer\\\/vase-ceramique\\\/vase-mid-century-modern-scheurich\\\/#primaryimage\"},\"image\":{\"@id\":\"https:\\\/\\\/lalmachine.com\\\/shop\\\/decorer\\\/vase-ceramique\\\/vase-mid-century-modern-scheurich\\\/#primaryimage\"},\"thumbnailUrl\":\"https:\\\/\\\/lalmachine.com\\\/wp-content\\\/uploads\\\/2023\\\/04\\\/Scheurich-2-scaled_clipped_rev_1-scaled.jpeg\",\"datePublished\":\"2023-04-20T10:06:28+00:00\",\"dateModified\":\"2025-04-08T08:12:26+00:00\",\"description\":\"Vase Mid-century Modern Scheurich West Germany, mod\u00e8le 275-28.\",\"breadcrumb\":{\"@id\":\"https:\\\/\\\/lalmachine.com\\\/shop\\\/decorer\\\/vase-ceramique\\\/vase-mid-century-modern-scheurich\\\/#breadcrumb\"},\"inLanguage\":\"de\",\"potentialAction\":[{\"@type\":\"ReadAction\",\"target\":[\"https:\\\/\\\/lalmachine.com\\\/shop\\\/decorer\\\/vase-ceramique\\\/vase-mid-century-modern-scheurich\\\/\"]}]},{\"@type\":\"ImageObject\",\"inLanguage\":\"de\",\"@id\":\"https:\\\/\\\/lalmachine.com\\\/shop\\\/decorer\\\/vase-ceramique\\\/vase-mid-century-modern-scheurich\\\/#primaryimage\",\"url\":\"https:\\\/\\\/lalmachine.com\\\/wp-content\\\/uploads\\\/2023\\\/04\\\/Scheurich-2-scaled_clipped_rev_1-scaled.jpeg\",\"contentUrl\":\"https:\\\/\\\/lalmachine.com\\\/wp-content\\\/uploads\\\/2023\\\/04\\\/Scheurich-2-scaled_clipped_rev_1-scaled.jpeg\",\"width\":2560,\"height\":2560,\"caption\":\"Vase Mid-century Modern Scheurich\"},{\"@type\":\"BreadcrumbList\",\"@id\":\"https:\\\/\\\/lalmachine.com\\\/shop\\\/decorer\\\/vase-ceramique\\\/vase-mid-century-modern-scheurich\\\/#breadcrumb\",\"itemListElement\":[{\"@type\":\"ListItem\",\"position\":1,\"name\":\"Accueil\",\"item\":\"https:\\\/\\\/lalmachine.com\\\/\"},{\"@type\":\"ListItem\",\"position\":2,\"name\":\"Shop\",\"item\":\"https:\\\/\\\/lalmachine.com\\\/shop\\\/\"},{\"@type\":\"ListItem\",\"position\":3,\"name\":\"Vase Mid-century Modern Scheurich mod\u00e8le 275-28\"}]},{\"@type\":\"WebSite\",\"@id\":\"https:\\\/\\\/lalmachine.com\\\/#website\",\"url\":\"https:\\\/\\\/lalmachine.com\\\/\",\"name\":\"lalmachine.com\",\"description\":\"Brocante en ligne Suisse | Mobilier et objets d\u00e9co vintage et design\",\"potentialAction\":[{\"@type\":\"SearchAction\",\"target\":{\"@type\":\"EntryPoint\",\"urlTemplate\":\"https:\\\/\\\/lalmachine.com\\\/?s={search_term_string}\"},\"query-input\":{\"@type\":\"PropertyValueSpecification\",\"valueRequired\":true,\"valueName\":\"search_term_string\"}}],\"inLanguage\":\"de\"}]}<\/script>\n<!-- \/ Yoast SEO plugin. -->","yoast_head_json":{"title":"Vase Mid-century Modern Scheurich mod\u00e8le 275-28 | lalmachine.com","description":"Vase Mid-century Modern Scheurich West Germany, mod\u00e8le 275-28.","robots":{"index":"index","follow":"follow","max-snippet":"max-snippet:-1","max-image-preview":"max-image-preview:large","max-video-preview":"max-video-preview:-1"},"canonical":"https:\/\/lalmachine.com\/de\/shop\/decorer\/vase-ceramique\/vase-mid-century-modern-scheurich\/","og_locale":"de_DE","og_type":"article","og_title":"Vase Mid-century Modern Scheurich mod\u00e8le 275-28 | lalmachine.com","og_description":"Vase Mid-century Modern Scheurich West Germany, mod\u00e8le 275-28.","og_url":"https:\/\/lalmachine.com\/de\/shop\/decorer\/vase-ceramique\/vase-mid-century-modern-scheurich\/","og_site_name":"lalmachine.com","article_publisher":"https:\/\/facebook.com\/lalmachine","article_modified_time":"2025-04-08T08:12:26+00:00","og_image":[{"width":2560,"height":2560,"url":"https:\/\/lalmachine.com\/wp-content\/uploads\/2023\/04\/Scheurich-2-scaled_clipped_rev_1-scaled.jpeg","type":"image\/jpeg"}],"twitter_card":"summary_large_image","schema":{"@context":"https:\/\/schema.org","@graph":[{"@type":"WebPage","@id":"https:\/\/lalmachine.com\/shop\/decorer\/vase-ceramique\/vase-mid-century-modern-scheurich\/","url":"https:\/\/lalmachine.com\/shop\/decorer\/vase-ceramique\/vase-mid-century-modern-scheurich\/","name":"Vase Mid-century Modern Scheurich mod\u00e8le 275-28 | lalmachine.com","isPartOf":{"@id":"https:\/\/lalmachine.com\/#website"},"primaryImageOfPage":{"@id":"https:\/\/lalmachine.com\/shop\/decorer\/vase-ceramique\/vase-mid-century-modern-scheurich\/#primaryimage"},"image":{"@id":"https:\/\/lalmachine.com\/shop\/decorer\/vase-ceramique\/vase-mid-century-modern-scheurich\/#primaryimage"},"thumbnailUrl":"https:\/\/lalmachine.com\/wp-content\/uploads\/2023\/04\/Scheurich-2-scaled_clipped_rev_1-scaled.jpeg","datePublished":"2023-04-20T10:06:28+00:00","dateModified":"2025-04-08T08:12:26+00:00","description":"Vase Mid-century Modern Scheurich West Germany, mod\u00e8le 275-28.","breadcrumb":{"@id":"https:\/\/lalmachine.com\/shop\/decorer\/vase-ceramique\/vase-mid-century-modern-scheurich\/#breadcrumb"},"inLanguage":"de","potentialAction":[{"@type":"ReadAction","target":["https:\/\/lalmachine.com\/shop\/decorer\/vase-ceramique\/vase-mid-century-modern-scheurich\/"]}]},{"@type":"ImageObject","inLanguage":"de","@id":"https:\/\/lalmachine.com\/shop\/decorer\/vase-ceramique\/vase-mid-century-modern-scheurich\/#primaryimage","url":"https:\/\/lalmachine.com\/wp-content\/uploads\/2023\/04\/Scheurich-2-scaled_clipped_rev_1-scaled.jpeg","contentUrl":"https:\/\/lalmachine.com\/wp-content\/uploads\/2023\/04\/Scheurich-2-scaled_clipped_rev_1-scaled.jpeg","width":2560,"height":2560,"caption":"Vase Mid-century Modern Scheurich"},{"@type":"BreadcrumbList","@id":"https:\/\/lalmachine.com\/shop\/decorer\/vase-ceramique\/vase-mid-century-modern-scheurich\/#breadcrumb","itemListElement":[{"@type":"ListItem","position":1,"name":"Accueil","item":"https:\/\/lalmachine.com\/"},{"@type":"ListItem","position":2,"name":"Shop","item":"https:\/\/lalmachine.com\/shop\/"},{"@type":"ListItem","position":3,"name":"Vase Mid-century Modern Scheurich mod\u00e8le 275-28"}]},{"@type":"WebSite","@id":"https:\/\/lalmachine.com\/#website","url":"https:\/\/lalmachine.com\/","name":"lalmachine.com","description":"Brocante en ligne Suisse | Mobilier et objets d\u00e9co vintage et design","potentialAction":[{"@type":"SearchAction","target":{"@type":"EntryPoint","urlTemplate":"https:\/\/lalmachine.com\/?s={search_term_string}"},"query-input":{"@type":"PropertyValueSpecification","valueRequired":true,"valueName":"search_term_string"}}],"inLanguage":"de"}]}},"_links":{"self":[{"href":"https:\/\/lalmachine.com\/de\/wp-json\/wp\/v2\/product\/304876","targetHints":{"allow":["GET"]}}],"collection":[{"href":"https:\/\/lalmachine.com\/de\/wp-json\/wp\/v2\/product"}],"about":[{"href":"https:\/\/lalmachine.com\/de\/wp-json\/wp\/v2\/types\/product"}],"wp:featuredmedia":[{"embeddable":true,"href":"https:\/\/lalmachine.com\/de\/wp-json\/wp\/v2\/media\/304945"}],"wp:attachment":[{"href":"https:\/\/lalmachine.com\/de\/wp-json\/wp\/v2\/media?parent=304876"}],"wp:term":[{"taxonomy":"product_brand","embeddable":true,"href":"https:\/\/lalmachine.com\/de\/wp-json\/wp\/v2\/product_brand?post=304876"},{"taxonomy":"product_cat","embeddable":true,"href":"https:\/\/lalmachine.com\/de\/wp-json\/wp\/v2\/product_cat?post=304876"},{"taxonomy":"product_tag","embeddable":true,"href":"https:\/\/lalmachine.com\/de\/wp-json\/wp\/v2\/product_tag?post=304876"},{"taxonomy":"proximite","embeddable":true,"href":"https:\/\/lalmachine.com\/de\/wp-json\/wp\/v2\/proximite?post=304876"}],"curies":[{"name":"wp","href":"https:\/\/api.w.org\/{rel}","templated":true}]}}