{"id":305196,"date":"2023-04-23T22:07:49","date_gmt":"2023-04-23T20:07:49","guid":{"rendered":"https:\/\/lalmachine.com\/?post_type=product&#038;p=305196"},"modified":"2024-12-05T22:00:42","modified_gmt":"2024-12-05T21:00:42","slug":"bureau-scandinave-vintage-en-teck-2","status":"publish","type":"product","link":"https:\/\/lalmachine.com\/de\/shop\/meubler\/bureau\/bureau-scandinave-vintage-en-teck-2\/","title":{"rendered":"Bureau scandinave vintage en teck"},"content":{"rendered":"<ul class=\"wpuf_customs\"><li style=\"list-style-type:none;\"><label>Autres photos:<\/label> <a href=\"https:\/\/lalmachine.com\/wp-content\/uploads\/2023\/04\/17DD1429-5851-4900-80C5-FBDE45A8B039-scaled.jpeg\"><img loading=\"lazy\" decoding=\"async\" width=\"72\" height=\"96\" src=\"https:\/\/lalmachine.com\/wp-content\/uploads\/2023\/04\/17DD1429-5851-4900-80C5-FBDE45A8B039-scaled.jpeg\" class=\"attachment-thumbnail size-thumbnail\" alt=\"\" \/><\/a> <a href=\"https:\/\/lalmachine.com\/wp-content\/uploads\/2023\/04\/5E025977-27D0-408A-87A7-CB95EDDE5F83-scaled.jpeg\"><img loading=\"lazy\" decoding=\"async\" width=\"72\" height=\"96\" src=\"https:\/\/lalmachine.com\/wp-content\/uploads\/2023\/04\/5E025977-27D0-408A-87A7-CB95EDDE5F83-scaled.jpeg\" class=\"attachment-thumbnail size-thumbnail\" alt=\"\" \/><\/a> <a href=\"https:\/\/lalmachine.com\/wp-content\/uploads\/2023\/04\/D62F00BB-CE7C-4117-8C89-A703FCE4402B-scaled.jpeg\"><img loading=\"lazy\" decoding=\"async\" width=\"72\" height=\"96\" src=\"https:\/\/lalmachine.com\/wp-content\/uploads\/2023\/04\/D62F00BB-CE7C-4117-8C89-A703FCE4402B-scaled.jpeg\" class=\"attachment-thumbnail size-thumbnail\" alt=\"\" \/><\/a> <a href=\"https:\/\/lalmachine.com\/wp-content\/uploads\/2023\/04\/E8451C51-432A-4C47-85DB-9F9D19E7B997-scaled.jpeg\"><img loading=\"lazy\" decoding=\"async\" width=\"72\" height=\"96\" src=\"https:\/\/lalmachine.com\/wp-content\/uploads\/2023\/04\/E8451C51-432A-4C47-85DB-9F9D19E7B997-scaled.jpeg\" class=\"attachment-thumbnail size-thumbnail\" alt=\"\" \/><\/a> <a href=\"https:\/\/lalmachine.com\/wp-content\/uploads\/2023\/04\/F70CAEC5-A821-47CE-A1F9-BA2C108B7F90-scaled.jpeg\"><img loading=\"lazy\" decoding=\"async\" width=\"72\" height=\"96\" src=\"https:\/\/lalmachine.com\/wp-content\/uploads\/2023\/04\/F70CAEC5-A821-47CE-A1F9-BA2C108B7F90-scaled.jpeg\" class=\"attachment-thumbnail size-thumbnail\" alt=\"\" \/><\/a> <a href=\"https:\/\/lalmachine.com\/wp-content\/uploads\/2023\/04\/DEE32D13-515A-4864-9822-FC1952EA2093-scaled.jpeg\"><img loading=\"lazy\" decoding=\"async\" width=\"72\" height=\"96\" src=\"https:\/\/lalmachine.com\/wp-content\/uploads\/2023\/04\/DEE32D13-515A-4864-9822-FC1952EA2093-scaled.jpeg\" class=\"attachment-thumbnail size-thumbnail\" alt=\"\" \/><\/a> <a href=\"https:\/\/lalmachine.com\/wp-content\/uploads\/2023\/04\/5B75FA10-72C6-4E4F-9FFD-7FA0D9CED967-scaled.jpeg\"><img loading=\"lazy\" decoding=\"async\" width=\"72\" height=\"96\" src=\"https:\/\/lalmachine.com\/wp-content\/uploads\/2023\/04\/5B75FA10-72C6-4E4F-9FFD-7FA0D9CED967-scaled.jpeg\" class=\"attachment-thumbnail size-thumbnail\" alt=\"\" \/><\/a> <a href=\"https:\/\/lalmachine.com\/wp-content\/uploads\/2023\/04\/D7BE1865-2BEF-417C-A6C6-884E68A7C6D1-scaled.jpeg\"><img loading=\"lazy\" decoding=\"async\" width=\"72\" height=\"96\" src=\"https:\/\/lalmachine.com\/wp-content\/uploads\/2023\/04\/D7BE1865-2BEF-417C-A6C6-884E68A7C6D1-scaled.jpeg\" class=\"attachment-thumbnail size-thumbnail\" alt=\"\" \/><\/a> <a href=\"https:\/\/lalmachine.com\/wp-content\/uploads\/2023\/04\/77C76328-B5C0-481C-94ED-CF035A770920-scaled.jpeg\"><img loading=\"lazy\" decoding=\"async\" width=\"72\" height=\"96\" src=\"https:\/\/lalmachine.com\/wp-content\/uploads\/2023\/04\/77C76328-B5C0-481C-94ED-CF035A770920-scaled.jpeg\" class=\"attachment-thumbnail size-thumbnail\" alt=\"\" \/><\/a> <a href=\"https:\/\/lalmachine.com\/wp-content\/uploads\/2023\/04\/8744EFAF-FD87-4C09-B80E-5D6AD015FAE0-scaled.jpeg\"><img loading=\"lazy\" decoding=\"async\" width=\"72\" height=\"96\" src=\"https:\/\/lalmachine.com\/wp-content\/uploads\/2023\/04\/8744EFAF-FD87-4C09-B80E-5D6AD015FAE0-scaled.jpeg\" class=\"attachment-thumbnail size-thumbnail\" alt=\"\" \/><\/a> <a href=\"https:\/\/lalmachine.com\/wp-content\/uploads\/2023\/04\/3DBDAC1E-3D66-4087-B223-D8A657101C4C-scaled.jpeg\"><img loading=\"lazy\" decoding=\"async\" width=\"72\" height=\"96\" src=\"https:\/\/lalmachine.com\/wp-content\/uploads\/2023\/04\/3DBDAC1E-3D66-4087-B223-D8A657101C4C-scaled.jpeg\" class=\"attachment-thumbnail size-thumbnail\" alt=\"\" \/><\/a> <a href=\"https:\/\/lalmachine.com\/wp-content\/uploads\/2023\/04\/DED6687E-FE49-4055-951D-213A9E52539F.jpeg\"><img loading=\"lazy\" decoding=\"async\" width=\"92\" height=\"96\" src=\"https:\/\/lalmachine.com\/wp-content\/uploads\/2023\/04\/DED6687E-FE49-4055-951D-213A9E52539F.jpeg\" class=\"attachment-thumbnail size-thumbnail\" alt=\"\" \/><\/a> <\/li>        <li class=\"wpuf-field-data wpuf-field-data-numeric_text_field\">\n                            <label>Prix:<\/label>\n                        980        <\/li>\n                <li class=\"wpuf-field-data wpuf-field-data-numeric_text_field\">\n                            <label>Quantit\u00e9:<\/label>\n                        0        <\/li>\n                <li class=\"wpuf-field-data wpuf-field-data-numeric_text_field\">\n                            <label>Hauteur (cm):<\/label>\n                        74        <\/li>\n                <li class=\"wpuf-field-data wpuf-field-data-numeric_text_field\">\n                            <label>Largeur (cm):<\/label>\n                        127        <\/li>\n                <li class=\"wpuf-field-data wpuf-field-data-numeric_text_field\">\n                            <label>Profondeur (cm):<\/label>\n                        73        <\/li>\n        <\/ul>","protected":false},"excerpt":{"rendered":"<p>Beau bureau scandinave vintage en teck, pieds compas.<br \/>\nGrande capacit\u00e9 de rangement avec 4 tiroirs \u00e0 gauche, un tiroir central, un grand compartiment \u00e0 droite ferm\u00e9 avec une porte. A l\u2019arri\u00e8re du bureau, rangement possible gr\u00e2ce \u00e0 ses deux \u00e9tag\u00e8res.<br \/>\nEn tr\u00e8s bon \u00e9tat, hormis un petit manque de placage en bas \u00e0 gauche, peu visible.<br \/>\nA venir chercher \u00e0 Satigny ou livraison possible dans la r\u00e9gion Gen\u00e8ve- Lausanne (frais en sus)<\/p>","protected":false},"featured_media":305215,"template":"","meta":{"_et_pb_use_builder":"","_et_pb_old_content":"","_et_gb_content_width":""},"product_brand":[],"product_cat":[85,47],"product_tag":[],"proximite":[180],"class_list":{"0":"post-305196","1":"product","2":"type-product","3":"status-publish","4":"has-post-thumbnail","6":"product_cat-bureau","7":"product_cat-meubler","8":"pa_couleur-bois","9":"pa_etat-tres-bon-etat","10":"pa_materiau-bois","11":"proximite-geneve","13":"first","14":"outofstock","15":"sale","16":"shipping-taxable","17":"purchasable","18":"product-type-simple"},"yoast_head":"<!-- This site is optimized with the Yoast SEO plugin v27.4 - https:\/\/yoast.com\/product\/yoast-seo-wordpress\/ -->\n<title>Bureau scandinave vintage en teck | lalmachine.com<\/title>\n<meta name=\"description\" content=\"Beau bureau scandinave vintage en teck, pieds compas. Grande capacit\u00e9 de rangement avec 4 tiroirs, un tiroir central, un grand compartiment.\" \/>\n<meta name=\"robots\" content=\"index, follow, max-snippet:-1, max-image-preview:large, max-video-preview:-1\" \/>\n<link rel=\"canonical\" href=\"https:\/\/lalmachine.com\/de\/shop\/meubler\/bureau\/bureau-scandinave-vintage-en-teck-2\/\" \/>\n<meta property=\"og:locale\" content=\"de_DE\" \/>\n<meta property=\"og:type\" content=\"article\" \/>\n<meta property=\"og:title\" content=\"Bureau scandinave vintage en teck | lalmachine.com\" \/>\n<meta property=\"og:description\" content=\"Beau bureau scandinave vintage en teck, pieds compas. Grande capacit\u00e9 de rangement avec 4 tiroirs, un tiroir central, un grand compartiment.\" \/>\n<meta property=\"og:url\" content=\"https:\/\/lalmachine.com\/de\/shop\/meubler\/bureau\/bureau-scandinave-vintage-en-teck-2\/\" \/>\n<meta property=\"og:site_name\" content=\"lalmachine.com\" \/>\n<meta property=\"article:publisher\" content=\"https:\/\/facebook.com\/lalmachine\" \/>\n<meta property=\"article:modified_time\" content=\"2024-12-05T21:00:42+00:00\" \/>\n<meta property=\"og:image\" content=\"https:\/\/lalmachine.com\/wp-content\/uploads\/2023\/04\/Pasted-20230423-215031_clipped_rev_1-scaled.jpeg\" \/>\n\t<meta property=\"og:image:width\" content=\"2560\" \/>\n\t<meta property=\"og:image:height\" content=\"2560\" \/>\n\t<meta property=\"og:image:type\" content=\"image\/jpeg\" \/>\n<meta name=\"twitter:card\" content=\"summary_large_image\" \/>\n<script type=\"application\/ld+json\" class=\"yoast-schema-graph\">{\"@context\":\"https:\\\/\\\/schema.org\",\"@graph\":[{\"@type\":\"WebPage\",\"@id\":\"https:\\\/\\\/lalmachine.com\\\/shop\\\/meubler\\\/bureau\\\/bureau-scandinave-vintage-en-teck-2\\\/\",\"url\":\"https:\\\/\\\/lalmachine.com\\\/shop\\\/meubler\\\/bureau\\\/bureau-scandinave-vintage-en-teck-2\\\/\",\"name\":\"Bureau scandinave vintage en teck | lalmachine.com\",\"isPartOf\":{\"@id\":\"https:\\\/\\\/lalmachine.com\\\/#website\"},\"primaryImageOfPage\":{\"@id\":\"https:\\\/\\\/lalmachine.com\\\/shop\\\/meubler\\\/bureau\\\/bureau-scandinave-vintage-en-teck-2\\\/#primaryimage\"},\"image\":{\"@id\":\"https:\\\/\\\/lalmachine.com\\\/shop\\\/meubler\\\/bureau\\\/bureau-scandinave-vintage-en-teck-2\\\/#primaryimage\"},\"thumbnailUrl\":\"https:\\\/\\\/lalmachine.com\\\/wp-content\\\/uploads\\\/2023\\\/04\\\/Pasted-20230423-215031_clipped_rev_1-scaled.jpeg\",\"datePublished\":\"2023-04-23T20:07:49+00:00\",\"dateModified\":\"2024-12-05T21:00:42+00:00\",\"description\":\"Beau bureau scandinave vintage en teck, pieds compas. Grande capacit\u00e9 de rangement avec 4 tiroirs, un tiroir central, un grand compartiment.\",\"breadcrumb\":{\"@id\":\"https:\\\/\\\/lalmachine.com\\\/shop\\\/meubler\\\/bureau\\\/bureau-scandinave-vintage-en-teck-2\\\/#breadcrumb\"},\"inLanguage\":\"de\",\"potentialAction\":[{\"@type\":\"ReadAction\",\"target\":[\"https:\\\/\\\/lalmachine.com\\\/shop\\\/meubler\\\/bureau\\\/bureau-scandinave-vintage-en-teck-2\\\/\"]}]},{\"@type\":\"ImageObject\",\"inLanguage\":\"de\",\"@id\":\"https:\\\/\\\/lalmachine.com\\\/shop\\\/meubler\\\/bureau\\\/bureau-scandinave-vintage-en-teck-2\\\/#primaryimage\",\"url\":\"https:\\\/\\\/lalmachine.com\\\/wp-content\\\/uploads\\\/2023\\\/04\\\/Pasted-20230423-215031_clipped_rev_1-scaled.jpeg\",\"contentUrl\":\"https:\\\/\\\/lalmachine.com\\\/wp-content\\\/uploads\\\/2023\\\/04\\\/Pasted-20230423-215031_clipped_rev_1-scaled.jpeg\",\"width\":2560,\"height\":2560,\"caption\":\"Bureau scandinave vintage en teck\"},{\"@type\":\"BreadcrumbList\",\"@id\":\"https:\\\/\\\/lalmachine.com\\\/shop\\\/meubler\\\/bureau\\\/bureau-scandinave-vintage-en-teck-2\\\/#breadcrumb\",\"itemListElement\":[{\"@type\":\"ListItem\",\"position\":1,\"name\":\"Accueil\",\"item\":\"https:\\\/\\\/lalmachine.com\\\/\"},{\"@type\":\"ListItem\",\"position\":2,\"name\":\"Shop\",\"item\":\"https:\\\/\\\/lalmachine.com\\\/shop\\\/\"},{\"@type\":\"ListItem\",\"position\":3,\"name\":\"Bureau scandinave vintage en teck\"}]},{\"@type\":\"WebSite\",\"@id\":\"https:\\\/\\\/lalmachine.com\\\/#website\",\"url\":\"https:\\\/\\\/lalmachine.com\\\/\",\"name\":\"lalmachine.com\",\"description\":\"Brocante en ligne Suisse | Mobilier et objets d\u00e9co vintage et design\",\"potentialAction\":[{\"@type\":\"SearchAction\",\"target\":{\"@type\":\"EntryPoint\",\"urlTemplate\":\"https:\\\/\\\/lalmachine.com\\\/?s={search_term_string}\"},\"query-input\":{\"@type\":\"PropertyValueSpecification\",\"valueRequired\":true,\"valueName\":\"search_term_string\"}}],\"inLanguage\":\"de\"}]}<\/script>\n<!-- \/ Yoast SEO plugin. -->","yoast_head_json":{"title":"Bureau scandinave vintage en teck | lalmachine.com","description":"Beau bureau scandinave vintage en teck, pieds compas. Grande capacit\u00e9 de rangement avec 4 tiroirs, un tiroir central, un grand compartiment.","robots":{"index":"index","follow":"follow","max-snippet":"max-snippet:-1","max-image-preview":"max-image-preview:large","max-video-preview":"max-video-preview:-1"},"canonical":"https:\/\/lalmachine.com\/de\/shop\/meubler\/bureau\/bureau-scandinave-vintage-en-teck-2\/","og_locale":"de_DE","og_type":"article","og_title":"Bureau scandinave vintage en teck | lalmachine.com","og_description":"Beau bureau scandinave vintage en teck, pieds compas. Grande capacit\u00e9 de rangement avec 4 tiroirs, un tiroir central, un grand compartiment.","og_url":"https:\/\/lalmachine.com\/de\/shop\/meubler\/bureau\/bureau-scandinave-vintage-en-teck-2\/","og_site_name":"lalmachine.com","article_publisher":"https:\/\/facebook.com\/lalmachine","article_modified_time":"2024-12-05T21:00:42+00:00","og_image":[{"width":2560,"height":2560,"url":"https:\/\/lalmachine.com\/wp-content\/uploads\/2023\/04\/Pasted-20230423-215031_clipped_rev_1-scaled.jpeg","type":"image\/jpeg"}],"twitter_card":"summary_large_image","schema":{"@context":"https:\/\/schema.org","@graph":[{"@type":"WebPage","@id":"https:\/\/lalmachine.com\/shop\/meubler\/bureau\/bureau-scandinave-vintage-en-teck-2\/","url":"https:\/\/lalmachine.com\/shop\/meubler\/bureau\/bureau-scandinave-vintage-en-teck-2\/","name":"Bureau scandinave vintage en teck | lalmachine.com","isPartOf":{"@id":"https:\/\/lalmachine.com\/#website"},"primaryImageOfPage":{"@id":"https:\/\/lalmachine.com\/shop\/meubler\/bureau\/bureau-scandinave-vintage-en-teck-2\/#primaryimage"},"image":{"@id":"https:\/\/lalmachine.com\/shop\/meubler\/bureau\/bureau-scandinave-vintage-en-teck-2\/#primaryimage"},"thumbnailUrl":"https:\/\/lalmachine.com\/wp-content\/uploads\/2023\/04\/Pasted-20230423-215031_clipped_rev_1-scaled.jpeg","datePublished":"2023-04-23T20:07:49+00:00","dateModified":"2024-12-05T21:00:42+00:00","description":"Beau bureau scandinave vintage en teck, pieds compas. Grande capacit\u00e9 de rangement avec 4 tiroirs, un tiroir central, un grand compartiment.","breadcrumb":{"@id":"https:\/\/lalmachine.com\/shop\/meubler\/bureau\/bureau-scandinave-vintage-en-teck-2\/#breadcrumb"},"inLanguage":"de","potentialAction":[{"@type":"ReadAction","target":["https:\/\/lalmachine.com\/shop\/meubler\/bureau\/bureau-scandinave-vintage-en-teck-2\/"]}]},{"@type":"ImageObject","inLanguage":"de","@id":"https:\/\/lalmachine.com\/shop\/meubler\/bureau\/bureau-scandinave-vintage-en-teck-2\/#primaryimage","url":"https:\/\/lalmachine.com\/wp-content\/uploads\/2023\/04\/Pasted-20230423-215031_clipped_rev_1-scaled.jpeg","contentUrl":"https:\/\/lalmachine.com\/wp-content\/uploads\/2023\/04\/Pasted-20230423-215031_clipped_rev_1-scaled.jpeg","width":2560,"height":2560,"caption":"Bureau scandinave vintage en teck"},{"@type":"BreadcrumbList","@id":"https:\/\/lalmachine.com\/shop\/meubler\/bureau\/bureau-scandinave-vintage-en-teck-2\/#breadcrumb","itemListElement":[{"@type":"ListItem","position":1,"name":"Accueil","item":"https:\/\/lalmachine.com\/"},{"@type":"ListItem","position":2,"name":"Shop","item":"https:\/\/lalmachine.com\/shop\/"},{"@type":"ListItem","position":3,"name":"Bureau scandinave vintage en teck"}]},{"@type":"WebSite","@id":"https:\/\/lalmachine.com\/#website","url":"https:\/\/lalmachine.com\/","name":"lalmachine.com","description":"Brocante en ligne Suisse | Mobilier et objets d\u00e9co vintage et design","potentialAction":[{"@type":"SearchAction","target":{"@type":"EntryPoint","urlTemplate":"https:\/\/lalmachine.com\/?s={search_term_string}"},"query-input":{"@type":"PropertyValueSpecification","valueRequired":true,"valueName":"search_term_string"}}],"inLanguage":"de"}]}},"_links":{"self":[{"href":"https:\/\/lalmachine.com\/de\/wp-json\/wp\/v2\/product\/305196","targetHints":{"allow":["GET"]}}],"collection":[{"href":"https:\/\/lalmachine.com\/de\/wp-json\/wp\/v2\/product"}],"about":[{"href":"https:\/\/lalmachine.com\/de\/wp-json\/wp\/v2\/types\/product"}],"wp:featuredmedia":[{"embeddable":true,"href":"https:\/\/lalmachine.com\/de\/wp-json\/wp\/v2\/media\/305215"}],"wp:attachment":[{"href":"https:\/\/lalmachine.com\/de\/wp-json\/wp\/v2\/media?parent=305196"}],"wp:term":[{"taxonomy":"product_brand","embeddable":true,"href":"https:\/\/lalmachine.com\/de\/wp-json\/wp\/v2\/product_brand?post=305196"},{"taxonomy":"product_cat","embeddable":true,"href":"https:\/\/lalmachine.com\/de\/wp-json\/wp\/v2\/product_cat?post=305196"},{"taxonomy":"product_tag","embeddable":true,"href":"https:\/\/lalmachine.com\/de\/wp-json\/wp\/v2\/product_tag?post=305196"},{"taxonomy":"proximite","embeddable":true,"href":"https:\/\/lalmachine.com\/de\/wp-json\/wp\/v2\/proximite?post=305196"}],"curies":[{"name":"wp","href":"https:\/\/api.w.org\/{rel}","templated":true}]}}