{"id":305824,"date":"2023-05-02T09:43:55","date_gmt":"2023-05-02T07:43:55","guid":{"rendered":"https:\/\/lalmachine.com\/?post_type=product&#038;p=305824"},"modified":"2025-09-12T17:31:02","modified_gmt":"2025-09-12T15:31:02","slug":"gravure-de-ferenc-bugyil-dans-lesprit-de-matisse","status":"publish","type":"product","link":"https:\/\/lalmachine.com\/de\/shop\/decorer\/art-and-co\/gravure-de-ferenc-bugyil-dans-lesprit-de-matisse\/","title":{"rendered":"Gravure de Ferenc Bugyil dans l\u2019esprit de Matisse"},"content":{"rendered":"<ul class=\"wpuf_customs\"><li style=\"list-style-type:none;\"><label>Autres photos:<\/label> <a href=\"https:\/\/lalmachine.com\/wp-content\/uploads\/2023\/05\/gravure-ferenc-burgyl-vente-boutique-du-mail-geneve.jpg\"><img loading=\"lazy\" decoding=\"async\" width=\"128\" height=\"96\" src=\"https:\/\/lalmachine.com\/wp-content\/uploads\/2023\/05\/gravure-ferenc-burgyl-vente-boutique-du-mail-geneve.jpg\" class=\"attachment-thumbnail size-thumbnail\" alt=\"\" \/><\/a> <a href=\"https:\/\/lalmachine.com\/wp-content\/uploads\/2023\/05\/gravure-vintage-vente-la-boutique-du-mail-geneve.jpg\"><img loading=\"lazy\" decoding=\"async\" width=\"96\" height=\"96\" src=\"https:\/\/lalmachine.com\/wp-content\/uploads\/2023\/05\/gravure-vintage-vente-la-boutique-du-mail-geneve.jpg\" class=\"attachment-thumbnail size-thumbnail\" alt=\"\" \/><\/a> <a href=\"https:\/\/lalmachine.com\/wp-content\/uploads\/2023\/05\/estampe-vintage-vente-boutique-du-mail-geneve.jpg\"><img loading=\"lazy\" decoding=\"async\" width=\"96\" height=\"96\" src=\"https:\/\/lalmachine.com\/wp-content\/uploads\/2023\/05\/estampe-vintage-vente-boutique-du-mail-geneve.jpg\" class=\"attachment-thumbnail size-thumbnail\" alt=\"\" \/><\/a> <a href=\"https:\/\/lalmachine.com\/wp-content\/uploads\/2023\/05\/gravure-vintage-boutique-de-mail-geneve.jpg\"><img loading=\"lazy\" decoding=\"async\" width=\"96\" height=\"96\" src=\"https:\/\/lalmachine.com\/wp-content\/uploads\/2023\/05\/gravure-vintage-boutique-de-mail-geneve.jpg\" class=\"attachment-thumbnail size-thumbnail\" alt=\"\" \/><\/a> <\/li>        <li class=\"wpuf-field-data wpuf-field-data-numeric_text_field\">\n                            <label>Prix:<\/label>\n                        120        <\/li>\n                <li class=\"wpuf-field-data wpuf-field-data-numeric_text_field\">\n                            <label>Quantit\u00e9:<\/label>\n                        0        <\/li>\n                <li class=\"wpuf-field-data wpuf-field-data-numeric_text_field\">\n                            <label>Hauteur (cm):<\/label>\n                        38        <\/li>\n                <li class=\"wpuf-field-data wpuf-field-data-numeric_text_field\">\n                            <label>Largeur (cm):<\/label>\n                        54        <\/li>\n        <\/ul>","protected":false},"excerpt":{"rendered":"<p>\u00c9trangement cette \u0153uvre a \u00e9t\u00e9 tir\u00e9e sur la partie droite d\u2019un papier Velin, mais il est tout \u00e0 fait possible de l\u2019encadrer dans un format carr\u00e9.<br \/>\nFormat du dessin 32 x 30 cm. Vendue non encadr\u00e9e.<\/p>\n<p>Ferenc Bugyil artiste Hongrois (1953-2022)<br \/>\nGravure, sans titre, 1971<br \/>\nTirage num\u00e9rot\u00e9 I\/XXV, sign\u00e9.<br \/>\n\u0152uvre tir\u00e9e au Centre genevois de gravure contemporaine.<\/p>\n<p>Artiste-peintre n\u00e9 \u00e0 Budapest, dipl\u00f4m\u00e9\u0301 de l\u2019Universit\u00e9\u0301 des Beaux-Arts, Ferenc Bugyil vient pour la premi\u00e8re fois en Europe de l\u2019Ouest en 1966, pour ex\u00e9cuter une mosa\u00efque au si\u00e8ge de l\u2019Organisation Mondiale de la Sant\u00e9. De 1966 \u00e0 1970, il s\u00e9journe de plus en plus souvent en Suisse et y expose \u00e0 plusieurs reprises.<br \/>\nMais le r\u00e9gime de la Hongrie d\u2019alors n\u2019accepte pas la transformation de son art et lui interdit d\u2019exposer \u00e0 plusieurs reprises. Il d\u00e9cide alors de quitter son pays et, gr\u00e2ce \u00e0 de g\u00e9n\u00e9reux amis, il a la chance de s\u2019installer \u00e0 Carouge.<\/p>","protected":false},"featured_media":305840,"template":"","meta":{"_et_pb_use_builder":"","_et_pb_old_content":"","_et_gb_content_width":""},"product_brand":[],"product_cat":[365,50],"product_tag":[],"proximite":[180],"class_list":{"0":"post-305824","1":"product","2":"type-product","3":"status-publish","4":"has-post-thumbnail","6":"product_cat-art-and-co","7":"product_cat-decorer","8":"product_shipping_class-0-2-kg","9":"pa_couleur-noir","10":"pa_etat-dans-son-jus","11":"pa_materiau-papier-carton","12":"pa_style-art-contemporain","13":"proximite-geneve","15":"first","16":"outofstock","17":"shipping-taxable","18":"purchasable","19":"product-type-simple"},"yoast_head":"<!-- This site is optimized with the Yoast SEO plugin v27.4 - https:\/\/yoast.com\/product\/yoast-seo-wordpress\/ -->\n<title>Gravure de Ferenc Bugyil dans l\u2019esprit de Matisse | lalmachine.com<\/title>\n<meta name=\"description\" content=\"Gravure de Ferenc Bugyil dans l\u2019esprit de Matisse\" \/>\n<meta name=\"robots\" content=\"index, follow, max-snippet:-1, max-image-preview:large, max-video-preview:-1\" \/>\n<link rel=\"canonical\" href=\"https:\/\/lalmachine.com\/de\/shop\/decorer\/art-and-co\/gravure-de-ferenc-bugyil-dans-lesprit-de-matisse\/\" \/>\n<meta property=\"og:locale\" content=\"de_DE\" \/>\n<meta property=\"og:type\" content=\"article\" \/>\n<meta property=\"og:title\" content=\"Gravure de Ferenc Bugyil dans l\u2019esprit de Matisse | lalmachine.com\" \/>\n<meta property=\"og:description\" content=\"Gravure de Ferenc Bugyil dans l\u2019esprit de Matisse\" \/>\n<meta property=\"og:url\" content=\"https:\/\/lalmachine.com\/de\/shop\/decorer\/art-and-co\/gravure-de-ferenc-bugyil-dans-lesprit-de-matisse\/\" \/>\n<meta property=\"og:site_name\" content=\"lalmachine.com\" \/>\n<meta property=\"article:publisher\" content=\"https:\/\/facebook.com\/lalmachine\" \/>\n<meta property=\"article:modified_time\" content=\"2025-09-12T15:31:02+00:00\" \/>\n<meta property=\"og:image\" content=\"https:\/\/lalmachine.com\/wp-content\/uploads\/2023\/05\/gravure-ferenc-burgyl-vente-boutique-du-mail-geneve_clipped_rev_1.jpeg\" \/>\n\t<meta property=\"og:image:width\" content=\"1883\" \/>\n\t<meta property=\"og:image:height\" content=\"1883\" \/>\n\t<meta property=\"og:image:type\" content=\"image\/jpeg\" \/>\n<meta name=\"twitter:card\" content=\"summary_large_image\" \/>\n<script type=\"application\/ld+json\" class=\"yoast-schema-graph\">{\"@context\":\"https:\\\/\\\/schema.org\",\"@graph\":[{\"@type\":\"WebPage\",\"@id\":\"https:\\\/\\\/lalmachine.com\\\/shop\\\/decorer\\\/art-and-co\\\/gravure-de-ferenc-bugyil-dans-lesprit-de-matisse\\\/\",\"url\":\"https:\\\/\\\/lalmachine.com\\\/shop\\\/decorer\\\/art-and-co\\\/gravure-de-ferenc-bugyil-dans-lesprit-de-matisse\\\/\",\"name\":\"Gravure de Ferenc Bugyil dans l\u2019esprit de Matisse | lalmachine.com\",\"isPartOf\":{\"@id\":\"https:\\\/\\\/lalmachine.com\\\/#website\"},\"primaryImageOfPage\":{\"@id\":\"https:\\\/\\\/lalmachine.com\\\/shop\\\/decorer\\\/art-and-co\\\/gravure-de-ferenc-bugyil-dans-lesprit-de-matisse\\\/#primaryimage\"},\"image\":{\"@id\":\"https:\\\/\\\/lalmachine.com\\\/shop\\\/decorer\\\/art-and-co\\\/gravure-de-ferenc-bugyil-dans-lesprit-de-matisse\\\/#primaryimage\"},\"thumbnailUrl\":\"https:\\\/\\\/lalmachine.com\\\/wp-content\\\/uploads\\\/2023\\\/05\\\/gravure-ferenc-burgyl-vente-boutique-du-mail-geneve_clipped_rev_1.jpeg\",\"datePublished\":\"2023-05-02T07:43:55+00:00\",\"dateModified\":\"2025-09-12T15:31:02+00:00\",\"description\":\"Gravure de Ferenc Bugyil dans l\u2019esprit de Matisse\",\"breadcrumb\":{\"@id\":\"https:\\\/\\\/lalmachine.com\\\/shop\\\/decorer\\\/art-and-co\\\/gravure-de-ferenc-bugyil-dans-lesprit-de-matisse\\\/#breadcrumb\"},\"inLanguage\":\"de\",\"potentialAction\":[{\"@type\":\"ReadAction\",\"target\":[\"https:\\\/\\\/lalmachine.com\\\/shop\\\/decorer\\\/art-and-co\\\/gravure-de-ferenc-bugyil-dans-lesprit-de-matisse\\\/\"]}]},{\"@type\":\"ImageObject\",\"inLanguage\":\"de\",\"@id\":\"https:\\\/\\\/lalmachine.com\\\/shop\\\/decorer\\\/art-and-co\\\/gravure-de-ferenc-bugyil-dans-lesprit-de-matisse\\\/#primaryimage\",\"url\":\"https:\\\/\\\/lalmachine.com\\\/wp-content\\\/uploads\\\/2023\\\/05\\\/gravure-ferenc-burgyl-vente-boutique-du-mail-geneve_clipped_rev_1.jpeg\",\"contentUrl\":\"https:\\\/\\\/lalmachine.com\\\/wp-content\\\/uploads\\\/2023\\\/05\\\/gravure-ferenc-burgyl-vente-boutique-du-mail-geneve_clipped_rev_1.jpeg\",\"width\":1883,\"height\":1883,\"caption\":\"Gravure de Ferenc Bugyil\"},{\"@type\":\"BreadcrumbList\",\"@id\":\"https:\\\/\\\/lalmachine.com\\\/shop\\\/decorer\\\/art-and-co\\\/gravure-de-ferenc-bugyil-dans-lesprit-de-matisse\\\/#breadcrumb\",\"itemListElement\":[{\"@type\":\"ListItem\",\"position\":1,\"name\":\"Accueil\",\"item\":\"https:\\\/\\\/lalmachine.com\\\/\"},{\"@type\":\"ListItem\",\"position\":2,\"name\":\"Shop\",\"item\":\"https:\\\/\\\/lalmachine.com\\\/shop\\\/\"},{\"@type\":\"ListItem\",\"position\":3,\"name\":\"Gravure de Ferenc Bugyil dans l\u2019esprit de Matisse\"}]},{\"@type\":\"WebSite\",\"@id\":\"https:\\\/\\\/lalmachine.com\\\/#website\",\"url\":\"https:\\\/\\\/lalmachine.com\\\/\",\"name\":\"lalmachine.com\",\"description\":\"Brocante en ligne Suisse | Mobilier et objets d\u00e9co vintage et design\",\"potentialAction\":[{\"@type\":\"SearchAction\",\"target\":{\"@type\":\"EntryPoint\",\"urlTemplate\":\"https:\\\/\\\/lalmachine.com\\\/?s={search_term_string}\"},\"query-input\":{\"@type\":\"PropertyValueSpecification\",\"valueRequired\":true,\"valueName\":\"search_term_string\"}}],\"inLanguage\":\"de\"}]}<\/script>\n<!-- \/ Yoast SEO plugin. -->","yoast_head_json":{"title":"Gravure de Ferenc Bugyil dans l\u2019esprit de Matisse | lalmachine.com","description":"Gravure de Ferenc Bugyil dans l\u2019esprit de Matisse","robots":{"index":"index","follow":"follow","max-snippet":"max-snippet:-1","max-image-preview":"max-image-preview:large","max-video-preview":"max-video-preview:-1"},"canonical":"https:\/\/lalmachine.com\/de\/shop\/decorer\/art-and-co\/gravure-de-ferenc-bugyil-dans-lesprit-de-matisse\/","og_locale":"de_DE","og_type":"article","og_title":"Gravure de Ferenc Bugyil dans l\u2019esprit de Matisse | lalmachine.com","og_description":"Gravure de Ferenc Bugyil dans l\u2019esprit de Matisse","og_url":"https:\/\/lalmachine.com\/de\/shop\/decorer\/art-and-co\/gravure-de-ferenc-bugyil-dans-lesprit-de-matisse\/","og_site_name":"lalmachine.com","article_publisher":"https:\/\/facebook.com\/lalmachine","article_modified_time":"2025-09-12T15:31:02+00:00","og_image":[{"width":1883,"height":1883,"url":"https:\/\/lalmachine.com\/wp-content\/uploads\/2023\/05\/gravure-ferenc-burgyl-vente-boutique-du-mail-geneve_clipped_rev_1.jpeg","type":"image\/jpeg"}],"twitter_card":"summary_large_image","schema":{"@context":"https:\/\/schema.org","@graph":[{"@type":"WebPage","@id":"https:\/\/lalmachine.com\/shop\/decorer\/art-and-co\/gravure-de-ferenc-bugyil-dans-lesprit-de-matisse\/","url":"https:\/\/lalmachine.com\/shop\/decorer\/art-and-co\/gravure-de-ferenc-bugyil-dans-lesprit-de-matisse\/","name":"Gravure de Ferenc Bugyil dans l\u2019esprit de Matisse | lalmachine.com","isPartOf":{"@id":"https:\/\/lalmachine.com\/#website"},"primaryImageOfPage":{"@id":"https:\/\/lalmachine.com\/shop\/decorer\/art-and-co\/gravure-de-ferenc-bugyil-dans-lesprit-de-matisse\/#primaryimage"},"image":{"@id":"https:\/\/lalmachine.com\/shop\/decorer\/art-and-co\/gravure-de-ferenc-bugyil-dans-lesprit-de-matisse\/#primaryimage"},"thumbnailUrl":"https:\/\/lalmachine.com\/wp-content\/uploads\/2023\/05\/gravure-ferenc-burgyl-vente-boutique-du-mail-geneve_clipped_rev_1.jpeg","datePublished":"2023-05-02T07:43:55+00:00","dateModified":"2025-09-12T15:31:02+00:00","description":"Gravure de Ferenc Bugyil dans l\u2019esprit de Matisse","breadcrumb":{"@id":"https:\/\/lalmachine.com\/shop\/decorer\/art-and-co\/gravure-de-ferenc-bugyil-dans-lesprit-de-matisse\/#breadcrumb"},"inLanguage":"de","potentialAction":[{"@type":"ReadAction","target":["https:\/\/lalmachine.com\/shop\/decorer\/art-and-co\/gravure-de-ferenc-bugyil-dans-lesprit-de-matisse\/"]}]},{"@type":"ImageObject","inLanguage":"de","@id":"https:\/\/lalmachine.com\/shop\/decorer\/art-and-co\/gravure-de-ferenc-bugyil-dans-lesprit-de-matisse\/#primaryimage","url":"https:\/\/lalmachine.com\/wp-content\/uploads\/2023\/05\/gravure-ferenc-burgyl-vente-boutique-du-mail-geneve_clipped_rev_1.jpeg","contentUrl":"https:\/\/lalmachine.com\/wp-content\/uploads\/2023\/05\/gravure-ferenc-burgyl-vente-boutique-du-mail-geneve_clipped_rev_1.jpeg","width":1883,"height":1883,"caption":"Gravure de Ferenc Bugyil"},{"@type":"BreadcrumbList","@id":"https:\/\/lalmachine.com\/shop\/decorer\/art-and-co\/gravure-de-ferenc-bugyil-dans-lesprit-de-matisse\/#breadcrumb","itemListElement":[{"@type":"ListItem","position":1,"name":"Accueil","item":"https:\/\/lalmachine.com\/"},{"@type":"ListItem","position":2,"name":"Shop","item":"https:\/\/lalmachine.com\/shop\/"},{"@type":"ListItem","position":3,"name":"Gravure de Ferenc Bugyil dans l\u2019esprit de Matisse"}]},{"@type":"WebSite","@id":"https:\/\/lalmachine.com\/#website","url":"https:\/\/lalmachine.com\/","name":"lalmachine.com","description":"Brocante en ligne Suisse | Mobilier et objets d\u00e9co vintage et design","potentialAction":[{"@type":"SearchAction","target":{"@type":"EntryPoint","urlTemplate":"https:\/\/lalmachine.com\/?s={search_term_string}"},"query-input":{"@type":"PropertyValueSpecification","valueRequired":true,"valueName":"search_term_string"}}],"inLanguage":"de"}]}},"_links":{"self":[{"href":"https:\/\/lalmachine.com\/de\/wp-json\/wp\/v2\/product\/305824","targetHints":{"allow":["GET"]}}],"collection":[{"href":"https:\/\/lalmachine.com\/de\/wp-json\/wp\/v2\/product"}],"about":[{"href":"https:\/\/lalmachine.com\/de\/wp-json\/wp\/v2\/types\/product"}],"wp:featuredmedia":[{"embeddable":true,"href":"https:\/\/lalmachine.com\/de\/wp-json\/wp\/v2\/media\/305840"}],"wp:attachment":[{"href":"https:\/\/lalmachine.com\/de\/wp-json\/wp\/v2\/media?parent=305824"}],"wp:term":[{"taxonomy":"product_brand","embeddable":true,"href":"https:\/\/lalmachine.com\/de\/wp-json\/wp\/v2\/product_brand?post=305824"},{"taxonomy":"product_cat","embeddable":true,"href":"https:\/\/lalmachine.com\/de\/wp-json\/wp\/v2\/product_cat?post=305824"},{"taxonomy":"product_tag","embeddable":true,"href":"https:\/\/lalmachine.com\/de\/wp-json\/wp\/v2\/product_tag?post=305824"},{"taxonomy":"proximite","embeddable":true,"href":"https:\/\/lalmachine.com\/de\/wp-json\/wp\/v2\/proximite?post=305824"}],"curies":[{"name":"wp","href":"https:\/\/api.w.org\/{rel}","templated":true}]}}