{"id":305883,"date":"2023-05-04T13:01:13","date_gmt":"2023-05-04T11:01:13","guid":{"rendered":"https:\/\/lalmachine.com\/?post_type=product&#038;p=305883"},"modified":"2025-08-21T08:57:55","modified_gmt":"2025-08-21T06:57:55","slug":"plaque-mid-century-modern-burkart-modele-155","status":"publish","type":"product","link":"https:\/\/lalmachine.com\/de\/shop\/decorer\/art-de-la-table\/plaque-mid-century-modern-burkart-modele-155\/","title":{"rendered":"Plaque Mid-century Modern Burkart mod\u00e8le 155"},"content":{"rendered":"<ul class=\"wpuf_customs\"><li style=\"list-style-type:none;\"><label>Autres photos:<\/label> <a href=\"https:\/\/lalmachine.com\/wp-content\/uploads\/2023\/04\/Grand-plat-Adolf-Burkart-dessous-2-scaled.jpg\"><img loading=\"lazy\" decoding=\"async\" width=\"95\" height=\"96\" src=\"https:\/\/lalmachine.com\/wp-content\/uploads\/2023\/04\/Grand-plat-Adolf-Burkart-dessous-2-scaled.jpg\" class=\"attachment-thumbnail size-thumbnail\" alt=\"\" \/><\/a> <a href=\"https:\/\/lalmachine.com\/wp-content\/uploads\/2023\/04\/Grand-plat-Adolf-Burkart-detail-scaled.jpg\"><img loading=\"lazy\" decoding=\"async\" width=\"72\" height=\"96\" src=\"https:\/\/lalmachine.com\/wp-content\/uploads\/2023\/04\/Grand-plat-Adolf-Burkart-detail-scaled.jpg\" class=\"attachment-thumbnail size-thumbnail\" alt=\"\" \/><\/a> <\/li>        <li class=\"wpuf-field-data wpuf-field-data-numeric_text_field\">\n                            <label>Prix:<\/label>\n                        100        <\/li>\n                <li class=\"wpuf-field-data wpuf-field-data-numeric_text_field\">\n                            <label>Quantit\u00e9:<\/label>\n                        1        <\/li>\n                <li class=\"wpuf-field-data wpuf-field-data-numeric_text_field\">\n                            <label>Hauteur (cm):<\/label>\n                        33        <\/li>\n                <li class=\"wpuf-field-data wpuf-field-data-numeric_text_field\">\n                            <label>Largeur (cm):<\/label>\n                        33        <\/li>\n                <li class=\"wpuf-field-data wpuf-field-data-numeric_text_field\">\n                            <label>Profondeur (cm):<\/label>\n                        2        <\/li>\n        <\/ul>","protected":false},"excerpt":{"rendered":"<p>Plaque Mid-century Modern Burkart mod\u00e8le 155, marron \u00e0 d\u00e9cor abstrait marron et beige.<br \/>\nBel effet d&#8217;\u00e9mail.<br \/>\nExcellent \u00e9tat.<br \/>\nPeut \u00eatre fix\u00e9e au mur.<br \/>\nSign\u00e9 &#8220;Burkart&#8221; &#8220;155 &#8221; sous la base \/ &#8220;3&#8221; grav\u00e9 sous la base<\/p>","protected":false},"featured_media":305895,"template":"","meta":{"_et_pb_use_builder":"","_et_pb_old_content":"","_et_gb_content_width":""},"product_brand":[],"product_cat":[96,50,400],"product_tag":[],"proximite":[180],"class_list":{"0":"post-305883","1":"product","2":"type-product","3":"status-publish","4":"has-post-thumbnail","6":"product_cat-art-de-la-table","7":"product_cat-decorer","8":"product_cat-vase-ceramique","9":"product_shipping_class-10-30-kg","10":"pa_couleur-multicolore","11":"pa_etat-tres-bon-etat","12":"pa_materiau-ceramique","13":"pa_style-vintage","14":"proximite-geneve","16":"first","17":"instock","18":"shipping-taxable","19":"purchasable","20":"product-type-simple"},"yoast_head":"<!-- This site is optimized with the Yoast SEO plugin v27.4 - https:\/\/yoast.com\/product\/yoast-seo-wordpress\/ -->\n<title>Plaque Mid-century Modern Burkart mod\u00e8le 155 | lalmachine.com<\/title>\n<meta name=\"description\" content=\"Plaque Mid-century Modern Burkart mod\u00e8le 155, marron \u00e0 d\u00e9cor abstrait marron et beige.\" \/>\n<meta name=\"robots\" content=\"index, follow, max-snippet:-1, max-image-preview:large, max-video-preview:-1\" \/>\n<link rel=\"canonical\" href=\"https:\/\/lalmachine.com\/de\/shop\/decorer\/art-de-la-table\/plaque-mid-century-modern-burkart-modele-155\/\" \/>\n<meta property=\"og:locale\" content=\"de_DE\" \/>\n<meta property=\"og:type\" content=\"article\" \/>\n<meta property=\"og:title\" content=\"Plaque Mid-century Modern Burkart mod\u00e8le 155 | lalmachine.com\" \/>\n<meta property=\"og:description\" content=\"Plaque Mid-century Modern Burkart mod\u00e8le 155, marron \u00e0 d\u00e9cor abstrait marron et beige.\" \/>\n<meta property=\"og:url\" content=\"https:\/\/lalmachine.com\/de\/shop\/decorer\/art-de-la-table\/plaque-mid-century-modern-burkart-modele-155\/\" \/>\n<meta property=\"og:site_name\" content=\"lalmachine.com\" \/>\n<meta property=\"article:publisher\" content=\"https:\/\/facebook.com\/lalmachine\" \/>\n<meta property=\"article:modified_time\" content=\"2025-08-21T06:57:55+00:00\" \/>\n<meta property=\"og:image\" content=\"https:\/\/lalmachine.com\/wp-content\/uploads\/2023\/05\/Grand-plat-Adolf-Burkart-dessus-2-scaled_clipped_rev_2-scaled.jpeg\" \/>\n\t<meta property=\"og:image:width\" content=\"2560\" \/>\n\t<meta property=\"og:image:height\" content=\"2560\" \/>\n\t<meta property=\"og:image:type\" content=\"image\/jpeg\" \/>\n<meta name=\"twitter:card\" content=\"summary_large_image\" \/>\n<script type=\"application\/ld+json\" class=\"yoast-schema-graph\">{\"@context\":\"https:\\\/\\\/schema.org\",\"@graph\":[{\"@type\":\"WebPage\",\"@id\":\"https:\\\/\\\/lalmachine.com\\\/shop\\\/decorer\\\/art-de-la-table\\\/plaque-mid-century-modern-burkart-modele-155\\\/\",\"url\":\"https:\\\/\\\/lalmachine.com\\\/shop\\\/decorer\\\/art-de-la-table\\\/plaque-mid-century-modern-burkart-modele-155\\\/\",\"name\":\"Plaque Mid-century Modern Burkart mod\u00e8le 155 | lalmachine.com\",\"isPartOf\":{\"@id\":\"https:\\\/\\\/lalmachine.com\\\/#website\"},\"primaryImageOfPage\":{\"@id\":\"https:\\\/\\\/lalmachine.com\\\/shop\\\/decorer\\\/art-de-la-table\\\/plaque-mid-century-modern-burkart-modele-155\\\/#primaryimage\"},\"image\":{\"@id\":\"https:\\\/\\\/lalmachine.com\\\/shop\\\/decorer\\\/art-de-la-table\\\/plaque-mid-century-modern-burkart-modele-155\\\/#primaryimage\"},\"thumbnailUrl\":\"https:\\\/\\\/lalmachine.com\\\/wp-content\\\/uploads\\\/2023\\\/05\\\/Grand-plat-Adolf-Burkart-dessus-2-scaled_clipped_rev_2-scaled.jpeg\",\"datePublished\":\"2023-05-04T11:01:13+00:00\",\"dateModified\":\"2025-08-21T06:57:55+00:00\",\"description\":\"Plaque Mid-century Modern Burkart mod\u00e8le 155, marron \u00e0 d\u00e9cor abstrait marron et beige.\",\"breadcrumb\":{\"@id\":\"https:\\\/\\\/lalmachine.com\\\/shop\\\/decorer\\\/art-de-la-table\\\/plaque-mid-century-modern-burkart-modele-155\\\/#breadcrumb\"},\"inLanguage\":\"de\",\"potentialAction\":[{\"@type\":\"ReadAction\",\"target\":[\"https:\\\/\\\/lalmachine.com\\\/shop\\\/decorer\\\/art-de-la-table\\\/plaque-mid-century-modern-burkart-modele-155\\\/\"]}]},{\"@type\":\"ImageObject\",\"inLanguage\":\"de\",\"@id\":\"https:\\\/\\\/lalmachine.com\\\/shop\\\/decorer\\\/art-de-la-table\\\/plaque-mid-century-modern-burkart-modele-155\\\/#primaryimage\",\"url\":\"https:\\\/\\\/lalmachine.com\\\/wp-content\\\/uploads\\\/2023\\\/05\\\/Grand-plat-Adolf-Burkart-dessus-2-scaled_clipped_rev_2-scaled.jpeg\",\"contentUrl\":\"https:\\\/\\\/lalmachine.com\\\/wp-content\\\/uploads\\\/2023\\\/05\\\/Grand-plat-Adolf-Burkart-dessus-2-scaled_clipped_rev_2-scaled.jpeg\",\"width\":2560,\"height\":2560,\"caption\":\"ceramique vintage Burkart MCM\"},{\"@type\":\"BreadcrumbList\",\"@id\":\"https:\\\/\\\/lalmachine.com\\\/shop\\\/decorer\\\/art-de-la-table\\\/plaque-mid-century-modern-burkart-modele-155\\\/#breadcrumb\",\"itemListElement\":[{\"@type\":\"ListItem\",\"position\":1,\"name\":\"Accueil\",\"item\":\"https:\\\/\\\/lalmachine.com\\\/\"},{\"@type\":\"ListItem\",\"position\":2,\"name\":\"Shop\",\"item\":\"https:\\\/\\\/lalmachine.com\\\/shop\\\/\"},{\"@type\":\"ListItem\",\"position\":3,\"name\":\"Plaque Mid-century Modern Burkart mod\u00e8le 155\"}]},{\"@type\":\"WebSite\",\"@id\":\"https:\\\/\\\/lalmachine.com\\\/#website\",\"url\":\"https:\\\/\\\/lalmachine.com\\\/\",\"name\":\"lalmachine.com\",\"description\":\"Brocante en ligne Suisse | Mobilier et objets d\u00e9co vintage et design\",\"potentialAction\":[{\"@type\":\"SearchAction\",\"target\":{\"@type\":\"EntryPoint\",\"urlTemplate\":\"https:\\\/\\\/lalmachine.com\\\/?s={search_term_string}\"},\"query-input\":{\"@type\":\"PropertyValueSpecification\",\"valueRequired\":true,\"valueName\":\"search_term_string\"}}],\"inLanguage\":\"de\"}]}<\/script>\n<!-- \/ Yoast SEO plugin. -->","yoast_head_json":{"title":"Plaque Mid-century Modern Burkart mod\u00e8le 155 | lalmachine.com","description":"Plaque Mid-century Modern Burkart mod\u00e8le 155, marron \u00e0 d\u00e9cor abstrait marron et beige.","robots":{"index":"index","follow":"follow","max-snippet":"max-snippet:-1","max-image-preview":"max-image-preview:large","max-video-preview":"max-video-preview:-1"},"canonical":"https:\/\/lalmachine.com\/de\/shop\/decorer\/art-de-la-table\/plaque-mid-century-modern-burkart-modele-155\/","og_locale":"de_DE","og_type":"article","og_title":"Plaque Mid-century Modern Burkart mod\u00e8le 155 | lalmachine.com","og_description":"Plaque Mid-century Modern Burkart mod\u00e8le 155, marron \u00e0 d\u00e9cor abstrait marron et beige.","og_url":"https:\/\/lalmachine.com\/de\/shop\/decorer\/art-de-la-table\/plaque-mid-century-modern-burkart-modele-155\/","og_site_name":"lalmachine.com","article_publisher":"https:\/\/facebook.com\/lalmachine","article_modified_time":"2025-08-21T06:57:55+00:00","og_image":[{"width":2560,"height":2560,"url":"https:\/\/lalmachine.com\/wp-content\/uploads\/2023\/05\/Grand-plat-Adolf-Burkart-dessus-2-scaled_clipped_rev_2-scaled.jpeg","type":"image\/jpeg"}],"twitter_card":"summary_large_image","schema":{"@context":"https:\/\/schema.org","@graph":[{"@type":"WebPage","@id":"https:\/\/lalmachine.com\/shop\/decorer\/art-de-la-table\/plaque-mid-century-modern-burkart-modele-155\/","url":"https:\/\/lalmachine.com\/shop\/decorer\/art-de-la-table\/plaque-mid-century-modern-burkart-modele-155\/","name":"Plaque Mid-century Modern Burkart mod\u00e8le 155 | lalmachine.com","isPartOf":{"@id":"https:\/\/lalmachine.com\/#website"},"primaryImageOfPage":{"@id":"https:\/\/lalmachine.com\/shop\/decorer\/art-de-la-table\/plaque-mid-century-modern-burkart-modele-155\/#primaryimage"},"image":{"@id":"https:\/\/lalmachine.com\/shop\/decorer\/art-de-la-table\/plaque-mid-century-modern-burkart-modele-155\/#primaryimage"},"thumbnailUrl":"https:\/\/lalmachine.com\/wp-content\/uploads\/2023\/05\/Grand-plat-Adolf-Burkart-dessus-2-scaled_clipped_rev_2-scaled.jpeg","datePublished":"2023-05-04T11:01:13+00:00","dateModified":"2025-08-21T06:57:55+00:00","description":"Plaque Mid-century Modern Burkart mod\u00e8le 155, marron \u00e0 d\u00e9cor abstrait marron et beige.","breadcrumb":{"@id":"https:\/\/lalmachine.com\/shop\/decorer\/art-de-la-table\/plaque-mid-century-modern-burkart-modele-155\/#breadcrumb"},"inLanguage":"de","potentialAction":[{"@type":"ReadAction","target":["https:\/\/lalmachine.com\/shop\/decorer\/art-de-la-table\/plaque-mid-century-modern-burkart-modele-155\/"]}]},{"@type":"ImageObject","inLanguage":"de","@id":"https:\/\/lalmachine.com\/shop\/decorer\/art-de-la-table\/plaque-mid-century-modern-burkart-modele-155\/#primaryimage","url":"https:\/\/lalmachine.com\/wp-content\/uploads\/2023\/05\/Grand-plat-Adolf-Burkart-dessus-2-scaled_clipped_rev_2-scaled.jpeg","contentUrl":"https:\/\/lalmachine.com\/wp-content\/uploads\/2023\/05\/Grand-plat-Adolf-Burkart-dessus-2-scaled_clipped_rev_2-scaled.jpeg","width":2560,"height":2560,"caption":"ceramique vintage Burkart MCM"},{"@type":"BreadcrumbList","@id":"https:\/\/lalmachine.com\/shop\/decorer\/art-de-la-table\/plaque-mid-century-modern-burkart-modele-155\/#breadcrumb","itemListElement":[{"@type":"ListItem","position":1,"name":"Accueil","item":"https:\/\/lalmachine.com\/"},{"@type":"ListItem","position":2,"name":"Shop","item":"https:\/\/lalmachine.com\/shop\/"},{"@type":"ListItem","position":3,"name":"Plaque Mid-century Modern Burkart mod\u00e8le 155"}]},{"@type":"WebSite","@id":"https:\/\/lalmachine.com\/#website","url":"https:\/\/lalmachine.com\/","name":"lalmachine.com","description":"Brocante en ligne Suisse | Mobilier et objets d\u00e9co vintage et design","potentialAction":[{"@type":"SearchAction","target":{"@type":"EntryPoint","urlTemplate":"https:\/\/lalmachine.com\/?s={search_term_string}"},"query-input":{"@type":"PropertyValueSpecification","valueRequired":true,"valueName":"search_term_string"}}],"inLanguage":"de"}]}},"_links":{"self":[{"href":"https:\/\/lalmachine.com\/de\/wp-json\/wp\/v2\/product\/305883","targetHints":{"allow":["GET"]}}],"collection":[{"href":"https:\/\/lalmachine.com\/de\/wp-json\/wp\/v2\/product"}],"about":[{"href":"https:\/\/lalmachine.com\/de\/wp-json\/wp\/v2\/types\/product"}],"wp:featuredmedia":[{"embeddable":true,"href":"https:\/\/lalmachine.com\/de\/wp-json\/wp\/v2\/media\/305895"}],"wp:attachment":[{"href":"https:\/\/lalmachine.com\/de\/wp-json\/wp\/v2\/media?parent=305883"}],"wp:term":[{"taxonomy":"product_brand","embeddable":true,"href":"https:\/\/lalmachine.com\/de\/wp-json\/wp\/v2\/product_brand?post=305883"},{"taxonomy":"product_cat","embeddable":true,"href":"https:\/\/lalmachine.com\/de\/wp-json\/wp\/v2\/product_cat?post=305883"},{"taxonomy":"product_tag","embeddable":true,"href":"https:\/\/lalmachine.com\/de\/wp-json\/wp\/v2\/product_tag?post=305883"},{"taxonomy":"proximite","embeddable":true,"href":"https:\/\/lalmachine.com\/de\/wp-json\/wp\/v2\/proximite?post=305883"}],"curies":[{"name":"wp","href":"https:\/\/api.w.org\/{rel}","templated":true}]}}