{"id":306595,"date":"2023-05-13T03:07:37","date_gmt":"2023-05-13T01:07:37","guid":{"rendered":"https:\/\/lalmachine.com\/?post_type=product&#038;p=306595"},"modified":"2025-01-31T00:00:14","modified_gmt":"2025-01-30T23:00:14","slug":"asano-takeji-kiyamachi-street-kyoto-estampe-shin-hanga","status":"publish","type":"product","link":"https:\/\/lalmachine.com\/de\/shop\/decorer\/art-and-co\/asano-takeji-kiyamachi-street-kyoto-estampe-shin-hanga\/","title":{"rendered":"Asano Takeji, Kiyamachi street Kyoto, estampe Shin-hanga"},"content":{"rendered":"<ul class=\"wpuf_customs\"><li style=\"list-style-type:none;\"><label>Autres photos:<\/label> <a href=\"https:\/\/lalmachine.com\/wp-content\/uploads\/2023\/05\/2-scaled.jpg\"><img loading=\"lazy\" decoding=\"async\" width=\"128\" height=\"93\" src=\"https:\/\/lalmachine.com\/wp-content\/uploads\/2023\/05\/2-scaled.jpg\" class=\"attachment-thumbnail size-thumbnail\" alt=\"\" \/><\/a> <a href=\"https:\/\/lalmachine.com\/wp-content\/uploads\/2023\/05\/3-scaled.jpg\"><img loading=\"lazy\" decoding=\"async\" width=\"72\" height=\"96\" src=\"https:\/\/lalmachine.com\/wp-content\/uploads\/2023\/05\/3-scaled.jpg\" class=\"attachment-thumbnail size-thumbnail\" alt=\"\" \/><\/a> <a href=\"https:\/\/lalmachine.com\/wp-content\/uploads\/2023\/05\/4-scaled.jpg\"><img loading=\"lazy\" decoding=\"async\" width=\"72\" height=\"96\" src=\"https:\/\/lalmachine.com\/wp-content\/uploads\/2023\/05\/4-scaled.jpg\" class=\"attachment-thumbnail size-thumbnail\" alt=\"\" \/><\/a> <a href=\"https:\/\/lalmachine.com\/wp-content\/uploads\/2023\/05\/5-scaled.jpg\"><img loading=\"lazy\" decoding=\"async\" width=\"72\" height=\"96\" src=\"https:\/\/lalmachine.com\/wp-content\/uploads\/2023\/05\/5-scaled.jpg\" class=\"attachment-thumbnail size-thumbnail\" alt=\"\" \/><\/a> <\/li>        <li class=\"wpuf-field-data wpuf-field-data-numeric_text_field\">\n                            <label>Prix:<\/label>\n                        349        <\/li>\n                <li class=\"wpuf-field-data wpuf-field-data-numeric_text_field\">\n                            <label>Quantit\u00e9:<\/label>\n                        1        <\/li>\n                <li class=\"wpuf-field-data wpuf-field-data-numeric_text_field\">\n                            <label>Hauteur (cm):<\/label>\n                        30        <\/li>\n                <li class=\"wpuf-field-data wpuf-field-data-numeric_text_field\">\n                            <label>Largeur (cm):<\/label>\n                        42        <\/li>\n                <li class=\"wpuf-field-data wpuf-field-data-numeric_text_field\">\n                            <label>Profondeur (cm):<\/label>\n                        0        <\/li>\n        <\/ul>","protected":false},"excerpt":{"rendered":"<p>Asano Takeji (1900-1999), gravure originale sur bois intitul\u00e9e \u00ab Kiyamachi street, Kyoto \u00bb, \u00e9dit\u00e9e par Unsodo, Japon.<\/p>\n<p>Il s&#8217;agit d&#8217;une \u00e9dition ult\u00e9rieure imprim\u00e9e \u00e0 l&#8217;aide des gravures sur bois originales. La premi\u00e8re \u00e9dition date des ann\u00e9es 1950. Imprim\u00e9e sur papier japonais Washi Echizen.<br \/>\nLes mesures de l&#8217;image (hors sceau) sont de 36,5 x 24 cm<br \/>\nEnvoi rapide et soign\u00e9 en recommand\u00e9 dans un emballage de protection.<\/p>\n<p>Asano Takeji est l\u2019un des plus fameux artiste japonais Shin-hanga et S\u014dsaku-Hanga, n\u00e9 \u00e0 Kyoto en 1900.<\/p>","protected":false},"featured_media":306629,"template":"","meta":{"_et_pb_use_builder":"","_et_pb_old_content":"","_et_gb_content_width":""},"product_brand":[],"product_cat":[365,50],"product_tag":[],"proximite":[177,235],"class_list":{"0":"post-306595","1":"product","2":"type-product","3":"status-publish","4":"has-post-thumbnail","6":"product_cat-art-and-co","7":"product_cat-decorer","8":"pa_couleur-multicolore","9":"pa_etat-tres-bon-etat","10":"pa_materiau-papier-carton","11":"pa_style-design","12":"proximite-fribourg","13":"proximite-sarine","15":"first","16":"instock","17":"shipping-taxable","18":"purchasable","19":"product-type-simple"},"yoast_head":"<!-- This site is optimized with the Yoast SEO plugin v27.4 - https:\/\/yoast.com\/product\/yoast-seo-wordpress\/ -->\n<title>Asano Takeji, Kiyamachi street Kyoto, estampe Shin-hanga | lalmachine.com<\/title>\n<meta name=\"description\" content=\"Asano Takeji (1900-1999), gravure originale sur bois intitul\u00e9e \u00ab Kiyamachi street, Kyoto \u00bb, \u00e9dit\u00e9e par Unsodo, Japon\" \/>\n<meta name=\"robots\" content=\"index, follow, max-snippet:-1, max-image-preview:large, max-video-preview:-1\" \/>\n<link rel=\"canonical\" href=\"http:\/\/lalmachine.com\/de\/shop\/decorer\/art-and-co\/asano-takeji-kiyamachi-street-kyoto-estampe-shin-hanga\/\" \/>\n<meta property=\"og:locale\" content=\"de_DE\" \/>\n<meta property=\"og:type\" content=\"article\" \/>\n<meta property=\"og:title\" content=\"Asano Takeji, Kiyamachi street Kyoto, estampe Shin-hanga | lalmachine.com\" \/>\n<meta property=\"og:description\" content=\"Asano Takeji (1900-1999), gravure originale sur bois intitul\u00e9e \u00ab Kiyamachi street, Kyoto \u00bb, \u00e9dit\u00e9e par Unsodo, Japon\" \/>\n<meta property=\"og:url\" content=\"http:\/\/lalmachine.com\/de\/shop\/decorer\/art-and-co\/asano-takeji-kiyamachi-street-kyoto-estampe-shin-hanga\/\" \/>\n<meta property=\"og:site_name\" content=\"lalmachine.com\" \/>\n<meta property=\"article:publisher\" content=\"https:\/\/facebook.com\/lalmachine\" \/>\n<meta property=\"article:modified_time\" content=\"2025-01-30T23:00:14+00:00\" \/>\n<meta property=\"og:image\" content=\"https:\/\/lalmachine.com\/wp-content\/uploads\/2023\/05\/Pasted-20230513-022526_clipped_rev_1-scaled.jpeg\" \/>\n\t<meta property=\"og:image:width\" content=\"2560\" \/>\n\t<meta property=\"og:image:height\" content=\"2560\" \/>\n\t<meta property=\"og:image:type\" content=\"image\/jpeg\" \/>\n<meta name=\"twitter:card\" content=\"summary_large_image\" \/>\n<script type=\"application\/ld+json\" class=\"yoast-schema-graph\">{\"@context\":\"https:\\\/\\\/schema.org\",\"@graph\":[{\"@type\":\"WebPage\",\"@id\":\"http:\\\/\\\/lalmachine.com\\\/de\\\/shop\\\/decorer\\\/art-and-co\\\/asano-takeji-kiyamachi-street-kyoto-estampe-shin-hanga\\\/\",\"url\":\"http:\\\/\\\/lalmachine.com\\\/de\\\/shop\\\/decorer\\\/art-and-co\\\/asano-takeji-kiyamachi-street-kyoto-estampe-shin-hanga\\\/\",\"name\":\"Asano Takeji, Kiyamachi street Kyoto, estampe Shin-hanga | lalmachine.com\",\"isPartOf\":{\"@id\":\"https:\\\/\\\/lalmachine.com\\\/#website\"},\"primaryImageOfPage\":{\"@id\":\"http:\\\/\\\/lalmachine.com\\\/de\\\/shop\\\/decorer\\\/art-and-co\\\/asano-takeji-kiyamachi-street-kyoto-estampe-shin-hanga\\\/#primaryimage\"},\"image\":{\"@id\":\"http:\\\/\\\/lalmachine.com\\\/de\\\/shop\\\/decorer\\\/art-and-co\\\/asano-takeji-kiyamachi-street-kyoto-estampe-shin-hanga\\\/#primaryimage\"},\"thumbnailUrl\":\"https:\\\/\\\/lalmachine.com\\\/wp-content\\\/uploads\\\/2023\\\/05\\\/Pasted-20230513-022526_clipped_rev_1-scaled.jpeg\",\"datePublished\":\"2023-05-13T01:07:37+00:00\",\"dateModified\":\"2025-01-30T23:00:14+00:00\",\"description\":\"Asano Takeji (1900-1999), gravure originale sur bois intitul\u00e9e \u00ab Kiyamachi street, Kyoto \u00bb, \u00e9dit\u00e9e par Unsodo, Japon\",\"breadcrumb\":{\"@id\":\"http:\\\/\\\/lalmachine.com\\\/de\\\/shop\\\/decorer\\\/art-and-co\\\/asano-takeji-kiyamachi-street-kyoto-estampe-shin-hanga\\\/#breadcrumb\"},\"inLanguage\":\"de\",\"potentialAction\":[{\"@type\":\"ReadAction\",\"target\":[\"http:\\\/\\\/lalmachine.com\\\/de\\\/shop\\\/decorer\\\/art-and-co\\\/asano-takeji-kiyamachi-street-kyoto-estampe-shin-hanga\\\/\"]}]},{\"@type\":\"ImageObject\",\"inLanguage\":\"de\",\"@id\":\"http:\\\/\\\/lalmachine.com\\\/de\\\/shop\\\/decorer\\\/art-and-co\\\/asano-takeji-kiyamachi-street-kyoto-estampe-shin-hanga\\\/#primaryimage\",\"url\":\"https:\\\/\\\/lalmachine.com\\\/wp-content\\\/uploads\\\/2023\\\/05\\\/Pasted-20230513-022526_clipped_rev_1-scaled.jpeg\",\"contentUrl\":\"https:\\\/\\\/lalmachine.com\\\/wp-content\\\/uploads\\\/2023\\\/05\\\/Pasted-20230513-022526_clipped_rev_1-scaled.jpeg\",\"width\":2560,\"height\":2560,\"caption\":\"Asano Takeji Kiyamachi street Kyoto estampe Shin-hanga\"},{\"@type\":\"BreadcrumbList\",\"@id\":\"http:\\\/\\\/lalmachine.com\\\/de\\\/shop\\\/decorer\\\/art-and-co\\\/asano-takeji-kiyamachi-street-kyoto-estampe-shin-hanga\\\/#breadcrumb\",\"itemListElement\":[{\"@type\":\"ListItem\",\"position\":1,\"name\":\"Accueil\",\"item\":\"https:\\\/\\\/lalmachine.com\\\/\"},{\"@type\":\"ListItem\",\"position\":2,\"name\":\"Shop\",\"item\":\"https:\\\/\\\/lalmachine.com\\\/shop\\\/\"},{\"@type\":\"ListItem\",\"position\":3,\"name\":\"Asano Takeji, Kiyamachi street Kyoto, estampe Shin-hanga\"}]},{\"@type\":\"WebSite\",\"@id\":\"https:\\\/\\\/lalmachine.com\\\/#website\",\"url\":\"https:\\\/\\\/lalmachine.com\\\/\",\"name\":\"lalmachine.com\",\"description\":\"Brocante en ligne Suisse | Mobilier et objets d\u00e9co vintage et design\",\"potentialAction\":[{\"@type\":\"SearchAction\",\"target\":{\"@type\":\"EntryPoint\",\"urlTemplate\":\"https:\\\/\\\/lalmachine.com\\\/?s={search_term_string}\"},\"query-input\":{\"@type\":\"PropertyValueSpecification\",\"valueRequired\":true,\"valueName\":\"search_term_string\"}}],\"inLanguage\":\"de\"}]}<\/script>\n<!-- \/ Yoast SEO plugin. -->","yoast_head_json":{"title":"Asano Takeji, Kiyamachi street Kyoto, estampe Shin-hanga | lalmachine.com","description":"Asano Takeji (1900-1999), gravure originale sur bois intitul\u00e9e \u00ab Kiyamachi street, Kyoto \u00bb, \u00e9dit\u00e9e par Unsodo, Japon","robots":{"index":"index","follow":"follow","max-snippet":"max-snippet:-1","max-image-preview":"max-image-preview:large","max-video-preview":"max-video-preview:-1"},"canonical":"http:\/\/lalmachine.com\/de\/shop\/decorer\/art-and-co\/asano-takeji-kiyamachi-street-kyoto-estampe-shin-hanga\/","og_locale":"de_DE","og_type":"article","og_title":"Asano Takeji, Kiyamachi street Kyoto, estampe Shin-hanga | lalmachine.com","og_description":"Asano Takeji (1900-1999), gravure originale sur bois intitul\u00e9e \u00ab Kiyamachi street, Kyoto \u00bb, \u00e9dit\u00e9e par Unsodo, Japon","og_url":"http:\/\/lalmachine.com\/de\/shop\/decorer\/art-and-co\/asano-takeji-kiyamachi-street-kyoto-estampe-shin-hanga\/","og_site_name":"lalmachine.com","article_publisher":"https:\/\/facebook.com\/lalmachine","article_modified_time":"2025-01-30T23:00:14+00:00","og_image":[{"width":2560,"height":2560,"url":"https:\/\/lalmachine.com\/wp-content\/uploads\/2023\/05\/Pasted-20230513-022526_clipped_rev_1-scaled.jpeg","type":"image\/jpeg"}],"twitter_card":"summary_large_image","schema":{"@context":"https:\/\/schema.org","@graph":[{"@type":"WebPage","@id":"http:\/\/lalmachine.com\/de\/shop\/decorer\/art-and-co\/asano-takeji-kiyamachi-street-kyoto-estampe-shin-hanga\/","url":"http:\/\/lalmachine.com\/de\/shop\/decorer\/art-and-co\/asano-takeji-kiyamachi-street-kyoto-estampe-shin-hanga\/","name":"Asano Takeji, Kiyamachi street Kyoto, estampe Shin-hanga | lalmachine.com","isPartOf":{"@id":"https:\/\/lalmachine.com\/#website"},"primaryImageOfPage":{"@id":"http:\/\/lalmachine.com\/de\/shop\/decorer\/art-and-co\/asano-takeji-kiyamachi-street-kyoto-estampe-shin-hanga\/#primaryimage"},"image":{"@id":"http:\/\/lalmachine.com\/de\/shop\/decorer\/art-and-co\/asano-takeji-kiyamachi-street-kyoto-estampe-shin-hanga\/#primaryimage"},"thumbnailUrl":"https:\/\/lalmachine.com\/wp-content\/uploads\/2023\/05\/Pasted-20230513-022526_clipped_rev_1-scaled.jpeg","datePublished":"2023-05-13T01:07:37+00:00","dateModified":"2025-01-30T23:00:14+00:00","description":"Asano Takeji (1900-1999), gravure originale sur bois intitul\u00e9e \u00ab Kiyamachi street, Kyoto \u00bb, \u00e9dit\u00e9e par Unsodo, Japon","breadcrumb":{"@id":"http:\/\/lalmachine.com\/de\/shop\/decorer\/art-and-co\/asano-takeji-kiyamachi-street-kyoto-estampe-shin-hanga\/#breadcrumb"},"inLanguage":"de","potentialAction":[{"@type":"ReadAction","target":["http:\/\/lalmachine.com\/de\/shop\/decorer\/art-and-co\/asano-takeji-kiyamachi-street-kyoto-estampe-shin-hanga\/"]}]},{"@type":"ImageObject","inLanguage":"de","@id":"http:\/\/lalmachine.com\/de\/shop\/decorer\/art-and-co\/asano-takeji-kiyamachi-street-kyoto-estampe-shin-hanga\/#primaryimage","url":"https:\/\/lalmachine.com\/wp-content\/uploads\/2023\/05\/Pasted-20230513-022526_clipped_rev_1-scaled.jpeg","contentUrl":"https:\/\/lalmachine.com\/wp-content\/uploads\/2023\/05\/Pasted-20230513-022526_clipped_rev_1-scaled.jpeg","width":2560,"height":2560,"caption":"Asano Takeji Kiyamachi street Kyoto estampe Shin-hanga"},{"@type":"BreadcrumbList","@id":"http:\/\/lalmachine.com\/de\/shop\/decorer\/art-and-co\/asano-takeji-kiyamachi-street-kyoto-estampe-shin-hanga\/#breadcrumb","itemListElement":[{"@type":"ListItem","position":1,"name":"Accueil","item":"https:\/\/lalmachine.com\/"},{"@type":"ListItem","position":2,"name":"Shop","item":"https:\/\/lalmachine.com\/shop\/"},{"@type":"ListItem","position":3,"name":"Asano Takeji, Kiyamachi street Kyoto, estampe Shin-hanga"}]},{"@type":"WebSite","@id":"https:\/\/lalmachine.com\/#website","url":"https:\/\/lalmachine.com\/","name":"lalmachine.com","description":"Brocante en ligne Suisse | Mobilier et objets d\u00e9co vintage et design","potentialAction":[{"@type":"SearchAction","target":{"@type":"EntryPoint","urlTemplate":"https:\/\/lalmachine.com\/?s={search_term_string}"},"query-input":{"@type":"PropertyValueSpecification","valueRequired":true,"valueName":"search_term_string"}}],"inLanguage":"de"}]}},"_links":{"self":[{"href":"https:\/\/lalmachine.com\/de\/wp-json\/wp\/v2\/product\/306595","targetHints":{"allow":["GET"]}}],"collection":[{"href":"https:\/\/lalmachine.com\/de\/wp-json\/wp\/v2\/product"}],"about":[{"href":"https:\/\/lalmachine.com\/de\/wp-json\/wp\/v2\/types\/product"}],"wp:featuredmedia":[{"embeddable":true,"href":"https:\/\/lalmachine.com\/de\/wp-json\/wp\/v2\/media\/306629"}],"wp:attachment":[{"href":"https:\/\/lalmachine.com\/de\/wp-json\/wp\/v2\/media?parent=306595"}],"wp:term":[{"taxonomy":"product_brand","embeddable":true,"href":"https:\/\/lalmachine.com\/de\/wp-json\/wp\/v2\/product_brand?post=306595"},{"taxonomy":"product_cat","embeddable":true,"href":"https:\/\/lalmachine.com\/de\/wp-json\/wp\/v2\/product_cat?post=306595"},{"taxonomy":"product_tag","embeddable":true,"href":"https:\/\/lalmachine.com\/de\/wp-json\/wp\/v2\/product_tag?post=306595"},{"taxonomy":"proximite","embeddable":true,"href":"https:\/\/lalmachine.com\/de\/wp-json\/wp\/v2\/proximite?post=306595"}],"curies":[{"name":"wp","href":"https:\/\/api.w.org\/{rel}","templated":true}]}}