{"id":306600,"date":"2023-05-13T03:12:39","date_gmt":"2023-05-13T01:12:39","guid":{"rendered":"https:\/\/lalmachine.com\/?post_type=product&#038;p=306600"},"modified":"2024-12-05T22:01:21","modified_gmt":"2024-12-05T21:01:21","slug":"yoshu-chikanobu-1838-1912-triptyque-original-1887","status":"publish","type":"product","link":"https:\/\/lalmachine.com\/de\/shop\/decorer\/art-and-co\/yoshu-chikanobu-1838-1912-triptyque-original-1887\/","title":{"rendered":"Yoshu Chikanobu (1838-1912), Triptyque original, 1887"},"content":{"rendered":"<ul class=\"wpuf_customs\"><li style=\"list-style-type:none;\"><label>Autres photos:<\/label> <a href=\"https:\/\/lalmachine.com\/wp-content\/uploads\/2023\/05\/2-1.jpg\"><img loading=\"lazy\" decoding=\"async\" width=\"118\" height=\"96\" src=\"https:\/\/lalmachine.com\/wp-content\/uploads\/2023\/05\/2-1.jpg\" class=\"attachment-thumbnail size-thumbnail\" alt=\"\" \/><\/a> <a href=\"https:\/\/lalmachine.com\/wp-content\/uploads\/2023\/05\/5-1.jpg\"><img loading=\"lazy\" decoding=\"async\" width=\"128\" height=\"72\" src=\"https:\/\/lalmachine.com\/wp-content\/uploads\/2023\/05\/5-1.jpg\" class=\"attachment-thumbnail size-thumbnail\" alt=\"\" \/><\/a> <\/li>        <li class=\"wpuf-field-data wpuf-field-data-numeric_text_field\">\n                            <label>Prix:<\/label>\n                        445        <\/li>\n                <li class=\"wpuf-field-data wpuf-field-data-numeric_text_field\">\n                            <label>Quantit\u00e9:<\/label>\n                        0        <\/li>\n                <li class=\"wpuf-field-data wpuf-field-data-numeric_text_field\">\n                            <label>Hauteur (cm):<\/label>\n                        35        <\/li>\n                <li class=\"wpuf-field-data wpuf-field-data-numeric_text_field\">\n                            <label>Largeur (cm):<\/label>\n                        68        <\/li>\n                <li class=\"wpuf-field-data wpuf-field-data-numeric_text_field\">\n                            <label>Profondeur (cm):<\/label>\n                        0        <\/li>\n        <\/ul>","protected":false},"excerpt":{"rendered":"<p>Triptyque original, gravure sur bois, Toyohara Yoshu Chikanobu (1838-1912) intitul\u00e9 : \u00ab Actors Ichikawa Danj\u016br\u014d IX as Naniwa no Jir\u014dsaku &amp; Nakamura Fukusuke IV as the kamuro Tayoroi \u00bb, Japon, 1887 (Meiji 20).<\/p>\n<p>Envoi rapide et soign\u00e9 en recommand\u00e9 dans un emballage de protection.<\/p>","protected":false},"featured_media":306626,"template":"","meta":{"_et_pb_use_builder":"","_et_pb_old_content":"","_et_gb_content_width":""},"product_brand":[],"product_cat":[365,50],"product_tag":[],"proximite":[177,235],"class_list":{"0":"post-306600","1":"product","2":"type-product","3":"status-publish","4":"has-post-thumbnail","6":"product_cat-art-and-co","7":"product_cat-decorer","8":"product_shipping_class-fragile-8-5","9":"pa_couleur-multicolore","10":"pa_etat-bon-etat","11":"pa_materiau-papier-carton","12":"pa_style-vintage","13":"proximite-fribourg","14":"proximite-sarine","16":"first","17":"outofstock","18":"shipping-taxable","19":"purchasable","20":"product-type-simple"},"yoast_head":"<!-- This site is optimized with the Yoast SEO plugin v27.4 - https:\/\/yoast.com\/product\/yoast-seo-wordpress\/ -->\n<title>Yoshu Chikanobu (1838-1912), Triptyque original, 1887 | lalmachine.com<\/title>\n<meta name=\"description\" content=\"Triptyque original, gravure sur bois, Toyohara Yoshu Chikanobu (1838-1912)\" \/>\n<meta name=\"robots\" content=\"index, follow, max-snippet:-1, max-image-preview:large, max-video-preview:-1\" \/>\n<link rel=\"canonical\" href=\"https:\/\/lalmachine.com\/de\/shop\/decorer\/art-and-co\/yoshu-chikanobu-1838-1912-triptyque-original-1887\/\" \/>\n<meta property=\"og:locale\" content=\"de_DE\" \/>\n<meta property=\"og:type\" content=\"article\" \/>\n<meta property=\"og:title\" content=\"Yoshu Chikanobu (1838-1912), Triptyque original, 1887 | lalmachine.com\" \/>\n<meta property=\"og:description\" content=\"Triptyque original, gravure sur bois, Toyohara Yoshu Chikanobu (1838-1912)\" \/>\n<meta property=\"og:url\" content=\"https:\/\/lalmachine.com\/de\/shop\/decorer\/art-and-co\/yoshu-chikanobu-1838-1912-triptyque-original-1887\/\" \/>\n<meta property=\"og:site_name\" content=\"lalmachine.com\" \/>\n<meta property=\"article:publisher\" content=\"https:\/\/facebook.com\/lalmachine\" \/>\n<meta property=\"article:modified_time\" content=\"2024-12-05T21:01:21+00:00\" \/>\n<meta property=\"og:image\" content=\"https:\/\/lalmachine.com\/wp-content\/uploads\/2023\/05\/Pasted-20230513-023029_clipped_rev_1.jpeg\" \/>\n\t<meta property=\"og:image:width\" content=\"1352\" \/>\n\t<meta property=\"og:image:height\" content=\"1352\" \/>\n\t<meta property=\"og:image:type\" content=\"image\/jpeg\" \/>\n<meta name=\"twitter:card\" content=\"summary_large_image\" \/>\n<script type=\"application\/ld+json\" class=\"yoast-schema-graph\">{\"@context\":\"https:\\\/\\\/schema.org\",\"@graph\":[{\"@type\":\"WebPage\",\"@id\":\"https:\\\/\\\/lalmachine.com\\\/shop\\\/decorer\\\/art-and-co\\\/yoshu-chikanobu-1838-1912-triptyque-original-1887\\\/\",\"url\":\"https:\\\/\\\/lalmachine.com\\\/shop\\\/decorer\\\/art-and-co\\\/yoshu-chikanobu-1838-1912-triptyque-original-1887\\\/\",\"name\":\"Yoshu Chikanobu (1838-1912), Triptyque original, 1887 | lalmachine.com\",\"isPartOf\":{\"@id\":\"https:\\\/\\\/lalmachine.com\\\/#website\"},\"primaryImageOfPage\":{\"@id\":\"https:\\\/\\\/lalmachine.com\\\/shop\\\/decorer\\\/art-and-co\\\/yoshu-chikanobu-1838-1912-triptyque-original-1887\\\/#primaryimage\"},\"image\":{\"@id\":\"https:\\\/\\\/lalmachine.com\\\/shop\\\/decorer\\\/art-and-co\\\/yoshu-chikanobu-1838-1912-triptyque-original-1887\\\/#primaryimage\"},\"thumbnailUrl\":\"https:\\\/\\\/lalmachine.com\\\/wp-content\\\/uploads\\\/2023\\\/05\\\/Pasted-20230513-023029_clipped_rev_1.jpeg\",\"datePublished\":\"2023-05-13T01:12:39+00:00\",\"dateModified\":\"2024-12-05T21:01:21+00:00\",\"description\":\"Triptyque original, gravure sur bois, Toyohara Yoshu Chikanobu (1838-1912)\",\"breadcrumb\":{\"@id\":\"https:\\\/\\\/lalmachine.com\\\/shop\\\/decorer\\\/art-and-co\\\/yoshu-chikanobu-1838-1912-triptyque-original-1887\\\/#breadcrumb\"},\"inLanguage\":\"de\",\"potentialAction\":[{\"@type\":\"ReadAction\",\"target\":[\"https:\\\/\\\/lalmachine.com\\\/shop\\\/decorer\\\/art-and-co\\\/yoshu-chikanobu-1838-1912-triptyque-original-1887\\\/\"]}]},{\"@type\":\"ImageObject\",\"inLanguage\":\"de\",\"@id\":\"https:\\\/\\\/lalmachine.com\\\/shop\\\/decorer\\\/art-and-co\\\/yoshu-chikanobu-1838-1912-triptyque-original-1887\\\/#primaryimage\",\"url\":\"https:\\\/\\\/lalmachine.com\\\/wp-content\\\/uploads\\\/2023\\\/05\\\/Pasted-20230513-023029_clipped_rev_1.jpeg\",\"contentUrl\":\"https:\\\/\\\/lalmachine.com\\\/wp-content\\\/uploads\\\/2023\\\/05\\\/Pasted-20230513-023029_clipped_rev_1.jpeg\",\"width\":1352,\"height\":1352,\"caption\":\"Yoshu Chikanobu (1838-1912) Triptyque original 1887\"},{\"@type\":\"BreadcrumbList\",\"@id\":\"https:\\\/\\\/lalmachine.com\\\/shop\\\/decorer\\\/art-and-co\\\/yoshu-chikanobu-1838-1912-triptyque-original-1887\\\/#breadcrumb\",\"itemListElement\":[{\"@type\":\"ListItem\",\"position\":1,\"name\":\"Accueil\",\"item\":\"https:\\\/\\\/lalmachine.com\\\/\"},{\"@type\":\"ListItem\",\"position\":2,\"name\":\"Shop\",\"item\":\"https:\\\/\\\/lalmachine.com\\\/shop\\\/\"},{\"@type\":\"ListItem\",\"position\":3,\"name\":\"Yoshu Chikanobu (1838-1912), Triptyque original, 1887\"}]},{\"@type\":\"WebSite\",\"@id\":\"https:\\\/\\\/lalmachine.com\\\/#website\",\"url\":\"https:\\\/\\\/lalmachine.com\\\/\",\"name\":\"lalmachine.com\",\"description\":\"Brocante en ligne Suisse | Mobilier et objets d\u00e9co vintage et design\",\"potentialAction\":[{\"@type\":\"SearchAction\",\"target\":{\"@type\":\"EntryPoint\",\"urlTemplate\":\"https:\\\/\\\/lalmachine.com\\\/?s={search_term_string}\"},\"query-input\":{\"@type\":\"PropertyValueSpecification\",\"valueRequired\":true,\"valueName\":\"search_term_string\"}}],\"inLanguage\":\"de\"}]}<\/script>\n<!-- \/ Yoast SEO plugin. -->","yoast_head_json":{"title":"Yoshu Chikanobu (1838-1912), Triptyque original, 1887 | lalmachine.com","description":"Triptyque original, gravure sur bois, Toyohara Yoshu Chikanobu (1838-1912)","robots":{"index":"index","follow":"follow","max-snippet":"max-snippet:-1","max-image-preview":"max-image-preview:large","max-video-preview":"max-video-preview:-1"},"canonical":"https:\/\/lalmachine.com\/de\/shop\/decorer\/art-and-co\/yoshu-chikanobu-1838-1912-triptyque-original-1887\/","og_locale":"de_DE","og_type":"article","og_title":"Yoshu Chikanobu (1838-1912), Triptyque original, 1887 | lalmachine.com","og_description":"Triptyque original, gravure sur bois, Toyohara Yoshu Chikanobu (1838-1912)","og_url":"https:\/\/lalmachine.com\/de\/shop\/decorer\/art-and-co\/yoshu-chikanobu-1838-1912-triptyque-original-1887\/","og_site_name":"lalmachine.com","article_publisher":"https:\/\/facebook.com\/lalmachine","article_modified_time":"2024-12-05T21:01:21+00:00","og_image":[{"width":1352,"height":1352,"url":"https:\/\/lalmachine.com\/wp-content\/uploads\/2023\/05\/Pasted-20230513-023029_clipped_rev_1.jpeg","type":"image\/jpeg"}],"twitter_card":"summary_large_image","schema":{"@context":"https:\/\/schema.org","@graph":[{"@type":"WebPage","@id":"https:\/\/lalmachine.com\/shop\/decorer\/art-and-co\/yoshu-chikanobu-1838-1912-triptyque-original-1887\/","url":"https:\/\/lalmachine.com\/shop\/decorer\/art-and-co\/yoshu-chikanobu-1838-1912-triptyque-original-1887\/","name":"Yoshu Chikanobu (1838-1912), Triptyque original, 1887 | lalmachine.com","isPartOf":{"@id":"https:\/\/lalmachine.com\/#website"},"primaryImageOfPage":{"@id":"https:\/\/lalmachine.com\/shop\/decorer\/art-and-co\/yoshu-chikanobu-1838-1912-triptyque-original-1887\/#primaryimage"},"image":{"@id":"https:\/\/lalmachine.com\/shop\/decorer\/art-and-co\/yoshu-chikanobu-1838-1912-triptyque-original-1887\/#primaryimage"},"thumbnailUrl":"https:\/\/lalmachine.com\/wp-content\/uploads\/2023\/05\/Pasted-20230513-023029_clipped_rev_1.jpeg","datePublished":"2023-05-13T01:12:39+00:00","dateModified":"2024-12-05T21:01:21+00:00","description":"Triptyque original, gravure sur bois, Toyohara Yoshu Chikanobu (1838-1912)","breadcrumb":{"@id":"https:\/\/lalmachine.com\/shop\/decorer\/art-and-co\/yoshu-chikanobu-1838-1912-triptyque-original-1887\/#breadcrumb"},"inLanguage":"de","potentialAction":[{"@type":"ReadAction","target":["https:\/\/lalmachine.com\/shop\/decorer\/art-and-co\/yoshu-chikanobu-1838-1912-triptyque-original-1887\/"]}]},{"@type":"ImageObject","inLanguage":"de","@id":"https:\/\/lalmachine.com\/shop\/decorer\/art-and-co\/yoshu-chikanobu-1838-1912-triptyque-original-1887\/#primaryimage","url":"https:\/\/lalmachine.com\/wp-content\/uploads\/2023\/05\/Pasted-20230513-023029_clipped_rev_1.jpeg","contentUrl":"https:\/\/lalmachine.com\/wp-content\/uploads\/2023\/05\/Pasted-20230513-023029_clipped_rev_1.jpeg","width":1352,"height":1352,"caption":"Yoshu Chikanobu (1838-1912) Triptyque original 1887"},{"@type":"BreadcrumbList","@id":"https:\/\/lalmachine.com\/shop\/decorer\/art-and-co\/yoshu-chikanobu-1838-1912-triptyque-original-1887\/#breadcrumb","itemListElement":[{"@type":"ListItem","position":1,"name":"Accueil","item":"https:\/\/lalmachine.com\/"},{"@type":"ListItem","position":2,"name":"Shop","item":"https:\/\/lalmachine.com\/shop\/"},{"@type":"ListItem","position":3,"name":"Yoshu Chikanobu (1838-1912), Triptyque original, 1887"}]},{"@type":"WebSite","@id":"https:\/\/lalmachine.com\/#website","url":"https:\/\/lalmachine.com\/","name":"lalmachine.com","description":"Brocante en ligne Suisse | Mobilier et objets d\u00e9co vintage et design","potentialAction":[{"@type":"SearchAction","target":{"@type":"EntryPoint","urlTemplate":"https:\/\/lalmachine.com\/?s={search_term_string}"},"query-input":{"@type":"PropertyValueSpecification","valueRequired":true,"valueName":"search_term_string"}}],"inLanguage":"de"}]}},"_links":{"self":[{"href":"https:\/\/lalmachine.com\/de\/wp-json\/wp\/v2\/product\/306600","targetHints":{"allow":["GET"]}}],"collection":[{"href":"https:\/\/lalmachine.com\/de\/wp-json\/wp\/v2\/product"}],"about":[{"href":"https:\/\/lalmachine.com\/de\/wp-json\/wp\/v2\/types\/product"}],"wp:featuredmedia":[{"embeddable":true,"href":"https:\/\/lalmachine.com\/de\/wp-json\/wp\/v2\/media\/306626"}],"wp:attachment":[{"href":"https:\/\/lalmachine.com\/de\/wp-json\/wp\/v2\/media?parent=306600"}],"wp:term":[{"taxonomy":"product_brand","embeddable":true,"href":"https:\/\/lalmachine.com\/de\/wp-json\/wp\/v2\/product_brand?post=306600"},{"taxonomy":"product_cat","embeddable":true,"href":"https:\/\/lalmachine.com\/de\/wp-json\/wp\/v2\/product_cat?post=306600"},{"taxonomy":"product_tag","embeddable":true,"href":"https:\/\/lalmachine.com\/de\/wp-json\/wp\/v2\/product_tag?post=306600"},{"taxonomy":"proximite","embeddable":true,"href":"https:\/\/lalmachine.com\/de\/wp-json\/wp\/v2\/proximite?post=306600"}],"curies":[{"name":"wp","href":"https:\/\/api.w.org\/{rel}","templated":true}]}}