{"id":307040,"date":"2023-05-24T09:16:39","date_gmt":"2023-05-24T07:16:39","guid":{"rendered":"https:\/\/lalmachine.com\/?post_type=product&#038;p=307040"},"modified":"2024-12-05T22:01:24","modified_gmt":"2024-12-05T21:01:24","slug":"lampe-projecteur-par-mariano-fortuny-suisse","status":"publish","type":"product","link":"https:\/\/lalmachine.com\/de\/shop\/eclairer\/lampe-sur-pied\/lampe-projecteur-par-mariano-fortuny-suisse\/","title":{"rendered":"Lampe projecteur par Mariano Fortuny &#8211; Suisse"},"content":{"rendered":"<ul class=\"wpuf_customs\"><li style=\"list-style-type:none;\"><label>Autres photos:<\/label> <a href=\"https:\/\/lalmachine.com\/wp-content\/uploads\/2023\/05\/D7598AF6-B6A8-4F4C-9E88-8FEE421AEEC6_1_201_a.jpeg\"><img loading=\"lazy\" decoding=\"async\" width=\"96\" height=\"96\" src=\"https:\/\/lalmachine.com\/wp-content\/uploads\/2023\/05\/D7598AF6-B6A8-4F4C-9E88-8FEE421AEEC6_1_201_a.jpeg\" class=\"attachment-thumbnail size-thumbnail\" alt=\"\" \/><\/a> <a href=\"https:\/\/lalmachine.com\/wp-content\/uploads\/2023\/05\/55831687-9870-4083-B7BD-492868B99B79_1_201_a.jpeg\"><img loading=\"lazy\" decoding=\"async\" width=\"96\" height=\"96\" src=\"https:\/\/lalmachine.com\/wp-content\/uploads\/2023\/05\/55831687-9870-4083-B7BD-492868B99B79_1_201_a.jpeg\" class=\"attachment-thumbnail size-thumbnail\" alt=\"\" \/><\/a> <a href=\"https:\/\/lalmachine.com\/wp-content\/uploads\/2023\/05\/D82DB545-9750-4771-888E-CC1003249929_1_201_a.jpeg\"><img loading=\"lazy\" decoding=\"async\" width=\"96\" height=\"96\" src=\"https:\/\/lalmachine.com\/wp-content\/uploads\/2023\/05\/D82DB545-9750-4771-888E-CC1003249929_1_201_a.jpeg\" class=\"attachment-thumbnail size-thumbnail\" alt=\"\" \/><\/a> <a href=\"https:\/\/lalmachine.com\/wp-content\/uploads\/2023\/05\/4C08A610-C86E-4EA8-9DF0-1F479F94B4F6_1_201_a-scaled.jpeg\"><img loading=\"lazy\" decoding=\"async\" width=\"96\" height=\"96\" src=\"https:\/\/lalmachine.com\/wp-content\/uploads\/2023\/05\/4C08A610-C86E-4EA8-9DF0-1F479F94B4F6_1_201_a-scaled.jpeg\" class=\"attachment-thumbnail size-thumbnail\" alt=\"\" \/><\/a> <a href=\"https:\/\/lalmachine.com\/wp-content\/uploads\/2023\/05\/F4CF5F16-4BA9-4E97-B892-57C76D722D96_1_201_a-scaled.jpeg\"><img loading=\"lazy\" decoding=\"async\" width=\"96\" height=\"96\" src=\"https:\/\/lalmachine.com\/wp-content\/uploads\/2023\/05\/F4CF5F16-4BA9-4E97-B892-57C76D722D96_1_201_a-scaled.jpeg\" class=\"attachment-thumbnail size-thumbnail\" alt=\"\" \/><\/a> <a href=\"https:\/\/lalmachine.com\/wp-content\/uploads\/2023\/05\/DB4987D9-7995-4D77-88AF-73367F02D69A_1_201_a-scaled.jpeg\"><img loading=\"lazy\" decoding=\"async\" width=\"96\" height=\"96\" src=\"https:\/\/lalmachine.com\/wp-content\/uploads\/2023\/05\/DB4987D9-7995-4D77-88AF-73367F02D69A_1_201_a-scaled.jpeg\" class=\"attachment-thumbnail size-thumbnail\" alt=\"\" \/><\/a> <a href=\"https:\/\/lalmachine.com\/wp-content\/uploads\/2023\/05\/5B30D690-C150-497D-B887-13BFED6BD5C3_1_201_a-scaled.jpeg\"><img loading=\"lazy\" decoding=\"async\" width=\"96\" height=\"96\" src=\"https:\/\/lalmachine.com\/wp-content\/uploads\/2023\/05\/5B30D690-C150-497D-B887-13BFED6BD5C3_1_201_a-scaled.jpeg\" class=\"attachment-thumbnail size-thumbnail\" alt=\"\" \/><\/a> <a href=\"https:\/\/lalmachine.com\/wp-content\/uploads\/2023\/05\/8AC4DE33-8757-4D0F-A64D-D0937159EC69_1_201_a-scaled.jpeg\"><img loading=\"lazy\" decoding=\"async\" width=\"96\" height=\"96\" src=\"https:\/\/lalmachine.com\/wp-content\/uploads\/2023\/05\/8AC4DE33-8757-4D0F-A64D-D0937159EC69_1_201_a-scaled.jpeg\" class=\"attachment-thumbnail size-thumbnail\" alt=\"\" \/><\/a> <a href=\"https:\/\/lalmachine.com\/wp-content\/uploads\/2023\/05\/A84AB142-F914-4FBD-8217-B7348CDEC5A6_1_201_a-scaled.jpeg\"><img loading=\"lazy\" decoding=\"async\" width=\"96\" height=\"96\" src=\"https:\/\/lalmachine.com\/wp-content\/uploads\/2023\/05\/A84AB142-F914-4FBD-8217-B7348CDEC5A6_1_201_a-scaled.jpeg\" class=\"attachment-thumbnail size-thumbnail\" alt=\"\" \/><\/a> <\/li>        <li class=\"wpuf-field-data wpuf-field-data-numeric_text_field\">\n                            <label>Prix:<\/label>\n                        2200        <\/li>\n                <li class=\"wpuf-field-data wpuf-field-data-numeric_text_field\">\n                            <label>Quantit\u00e9:<\/label>\n                        0        <\/li>\n                <li class=\"wpuf-field-data wpuf-field-data-numeric_text_field\">\n                            <label>Hauteur (cm):<\/label>\n                        190        <\/li>\n                <li class=\"wpuf-field-data wpuf-field-data-numeric_text_field\">\n                            <label>Largeur (cm):<\/label>\n                        94        <\/li>\n                <li class=\"wpuf-field-data wpuf-field-data-numeric_text_field\">\n                            <label>Profondeur (cm):<\/label>\n                        94        <\/li>\n        <\/ul>","protected":false},"excerpt":{"rendered":"<p>\u00ab\u00a0Le temps met tout en lumi\u00e8re\u00a0\u00bb, du temps c&rsquo;est ce qu&rsquo;il aura fallu pour que ce projecteur invent\u00e9 au d\u00e9but du si\u00e8cle dernier connaisse une v\u00e9ritable success-story seulement 70 ans plus tard.<\/p>\n<p>Cr\u00e9\u00e9 par Mariano Fortuny en 1907 en Italie, ce lampadaire r\u00e9volutionna le concept d&rsquo;\u00e9clairage dans les pi\u00e8ces de th\u00e9\u00e2tre. Il fut alors peu \u00e0 peu adapt\u00e9 pour s&rsquo;inviter dans nos int\u00e9rieurs au point d&rsquo;\u00eatre adopt\u00e9 et \u00e9dit\u00e9 en plus grande s\u00e9rie par plusieurs grands noms du design dont Andr\u00e9e Putman \u00e0 travers la maison Ecart International au d\u00e9but des ann\u00e9es 80.<\/p>\n<p>Cette \u00e9dition Suisse, des ann\u00e9es 90, est d&rsquo;excellente facture et est \u00e0 la fois grandiose par sa taille et l&rsquo;\u00e9clairage qu&rsquo;elle propose !<\/p>\n<p>Ce projecteur a \u00e9t\u00e9 \u00e9dit\u00e9 par plusieurs marques (Pallucco, Ecart International, Fortuny Venezia&#8230;) ayant chacune apport\u00e9es quelques d\u00e9tails diff\u00e9rents m\u00eame si la ligne globale reste la m\u00eame.<\/p>\n<p>Zustand<br \/>\nBelle patine, quelques traces d&rsquo;usure sur le m\u00e9tal conformes aux photos<\/p>\n<p>Dimensions<br \/>\nHauteur 190cm \u00e0 240cm \/ Diam\u00e8tre 94cm<\/p>","protected":false},"featured_media":307054,"template":"","meta":{"_et_pb_use_builder":"","_et_pb_old_content":"","_et_gb_content_width":""},"product_brand":[],"product_cat":[49,89],"product_tag":[],"proximite":[278,179],"class_list":{"0":"post-307040","1":"product","2":"type-product","3":"status-publish","4":"has-post-thumbnail","6":"product_cat-eclairer","7":"product_cat-lampe-sur-pied","8":"pa_couleur-noir","9":"pa_etat-bon-etat","10":"pa_materiau-metal","11":"pa_style-design","12":"proximite-lausanne","13":"proximite-vaud","15":"first","16":"outofstock","17":"sale","18":"shipping-taxable","19":"purchasable","20":"product-type-simple"},"yoast_head":"<!-- This site is optimized with the Yoast SEO plugin v27.4 - https:\/\/yoast.com\/product\/yoast-seo-wordpress\/ -->\n<title>Lampe projecteur par Mariano Fortuny - Suisse | lalmachine.com<\/title>\n<meta name=\"description\" content=\"Cr\u00e9\u00e9 par Mariano Fortuny en 1907 en Italie, ce lampadaire r\u00e9volutionna le concept d&#039;\u00e9clairage dans les pi\u00e8ces de th\u00e9\u00e2tre.\" \/>\n<meta name=\"robots\" content=\"index, follow, max-snippet:-1, max-image-preview:large, max-video-preview:-1\" \/>\n<link rel=\"canonical\" href=\"https:\/\/lalmachine.com\/de\/shop\/eclairer\/lampe-sur-pied\/lampe-projecteur-par-mariano-fortuny-suisse\/\" \/>\n<meta property=\"og:locale\" content=\"de_DE\" \/>\n<meta property=\"og:type\" content=\"article\" \/>\n<meta property=\"og:title\" content=\"Lampe projecteur par Mariano Fortuny - Suisse | lalmachine.com\" \/>\n<meta property=\"og:description\" content=\"Cr\u00e9\u00e9 par Mariano Fortuny en 1907 en Italie, ce lampadaire r\u00e9volutionna le concept d&#039;\u00e9clairage dans les pi\u00e8ces de th\u00e9\u00e2tre.\" \/>\n<meta property=\"og:url\" content=\"https:\/\/lalmachine.com\/de\/shop\/eclairer\/lampe-sur-pied\/lampe-projecteur-par-mariano-fortuny-suisse\/\" \/>\n<meta property=\"og:site_name\" content=\"lalmachine.com\" \/>\n<meta property=\"article:publisher\" content=\"https:\/\/facebook.com\/lalmachine\" \/>\n<meta property=\"article:modified_time\" content=\"2024-12-05T21:01:24+00:00\" \/>\n<meta property=\"og:image\" content=\"https:\/\/lalmachine.com\/wp-content\/uploads\/2023\/05\/Pasted-20230524-084724_clipped_rev_1-scaled.jpeg\" \/>\n\t<meta property=\"og:image:width\" content=\"2560\" \/>\n\t<meta property=\"og:image:height\" content=\"2560\" \/>\n\t<meta property=\"og:image:type\" content=\"image\/jpeg\" \/>\n<meta name=\"twitter:card\" content=\"summary_large_image\" \/>\n<script type=\"application\/ld+json\" class=\"yoast-schema-graph\">{\"@context\":\"https:\\\/\\\/schema.org\",\"@graph\":[{\"@type\":\"WebPage\",\"@id\":\"https:\\\/\\\/lalmachine.com\\\/shop\\\/eclairer\\\/lampe-sur-pied\\\/lampe-projecteur-par-mariano-fortuny-suisse\\\/\",\"url\":\"https:\\\/\\\/lalmachine.com\\\/shop\\\/eclairer\\\/lampe-sur-pied\\\/lampe-projecteur-par-mariano-fortuny-suisse\\\/\",\"name\":\"Lampe projecteur par Mariano Fortuny - Suisse | lalmachine.com\",\"isPartOf\":{\"@id\":\"https:\\\/\\\/lalmachine.com\\\/#website\"},\"primaryImageOfPage\":{\"@id\":\"https:\\\/\\\/lalmachine.com\\\/shop\\\/eclairer\\\/lampe-sur-pied\\\/lampe-projecteur-par-mariano-fortuny-suisse\\\/#primaryimage\"},\"image\":{\"@id\":\"https:\\\/\\\/lalmachine.com\\\/shop\\\/eclairer\\\/lampe-sur-pied\\\/lampe-projecteur-par-mariano-fortuny-suisse\\\/#primaryimage\"},\"thumbnailUrl\":\"https:\\\/\\\/lalmachine.com\\\/wp-content\\\/uploads\\\/2023\\\/05\\\/Pasted-20230524-084724_clipped_rev_1-scaled.jpeg\",\"datePublished\":\"2023-05-24T07:16:39+00:00\",\"dateModified\":\"2024-12-05T21:01:24+00:00\",\"description\":\"Cr\u00e9\u00e9 par Mariano Fortuny en 1907 en Italie, ce lampadaire r\u00e9volutionna le concept d'\u00e9clairage dans les pi\u00e8ces de th\u00e9\u00e2tre.\",\"breadcrumb\":{\"@id\":\"https:\\\/\\\/lalmachine.com\\\/shop\\\/eclairer\\\/lampe-sur-pied\\\/lampe-projecteur-par-mariano-fortuny-suisse\\\/#breadcrumb\"},\"inLanguage\":\"de\",\"potentialAction\":[{\"@type\":\"ReadAction\",\"target\":[\"https:\\\/\\\/lalmachine.com\\\/shop\\\/eclairer\\\/lampe-sur-pied\\\/lampe-projecteur-par-mariano-fortuny-suisse\\\/\"]}]},{\"@type\":\"ImageObject\",\"inLanguage\":\"de\",\"@id\":\"https:\\\/\\\/lalmachine.com\\\/shop\\\/eclairer\\\/lampe-sur-pied\\\/lampe-projecteur-par-mariano-fortuny-suisse\\\/#primaryimage\",\"url\":\"https:\\\/\\\/lalmachine.com\\\/wp-content\\\/uploads\\\/2023\\\/05\\\/Pasted-20230524-084724_clipped_rev_1-scaled.jpeg\",\"contentUrl\":\"https:\\\/\\\/lalmachine.com\\\/wp-content\\\/uploads\\\/2023\\\/05\\\/Pasted-20230524-084724_clipped_rev_1-scaled.jpeg\",\"width\":2560,\"height\":2560,\"caption\":\"Lampe projecteur Mariano Fortuny Suisse 1907\"},{\"@type\":\"BreadcrumbList\",\"@id\":\"https:\\\/\\\/lalmachine.com\\\/shop\\\/eclairer\\\/lampe-sur-pied\\\/lampe-projecteur-par-mariano-fortuny-suisse\\\/#breadcrumb\",\"itemListElement\":[{\"@type\":\"ListItem\",\"position\":1,\"name\":\"Accueil\",\"item\":\"https:\\\/\\\/lalmachine.com\\\/\"},{\"@type\":\"ListItem\",\"position\":2,\"name\":\"Shop\",\"item\":\"https:\\\/\\\/lalmachine.com\\\/shop\\\/\"},{\"@type\":\"ListItem\",\"position\":3,\"name\":\"Lampe projecteur par Mariano Fortuny &#8211; Suisse\"}]},{\"@type\":\"WebSite\",\"@id\":\"https:\\\/\\\/lalmachine.com\\\/#website\",\"url\":\"https:\\\/\\\/lalmachine.com\\\/\",\"name\":\"lalmachine.com\",\"description\":\"Brocante en ligne Suisse | Mobilier et objets d\u00e9co vintage et design\",\"potentialAction\":[{\"@type\":\"SearchAction\",\"target\":{\"@type\":\"EntryPoint\",\"urlTemplate\":\"https:\\\/\\\/lalmachine.com\\\/?s={search_term_string}\"},\"query-input\":{\"@type\":\"PropertyValueSpecification\",\"valueRequired\":true,\"valueName\":\"search_term_string\"}}],\"inLanguage\":\"de\"}]}<\/script>\n<!-- \/ Yoast SEO plugin. -->","yoast_head_json":{"title":"Lampe projecteur par Mariano Fortuny - Suisse | lalmachine.com","description":"Cr\u00e9\u00e9 par Mariano Fortuny en 1907 en Italie, ce lampadaire r\u00e9volutionna le concept d'\u00e9clairage dans les pi\u00e8ces de th\u00e9\u00e2tre.","robots":{"index":"index","follow":"follow","max-snippet":"max-snippet:-1","max-image-preview":"max-image-preview:large","max-video-preview":"max-video-preview:-1"},"canonical":"https:\/\/lalmachine.com\/de\/shop\/eclairer\/lampe-sur-pied\/lampe-projecteur-par-mariano-fortuny-suisse\/","og_locale":"de_DE","og_type":"article","og_title":"Lampe projecteur par Mariano Fortuny - Suisse | lalmachine.com","og_description":"Cr\u00e9\u00e9 par Mariano Fortuny en 1907 en Italie, ce lampadaire r\u00e9volutionna le concept d'\u00e9clairage dans les pi\u00e8ces de th\u00e9\u00e2tre.","og_url":"https:\/\/lalmachine.com\/de\/shop\/eclairer\/lampe-sur-pied\/lampe-projecteur-par-mariano-fortuny-suisse\/","og_site_name":"lalmachine.com","article_publisher":"https:\/\/facebook.com\/lalmachine","article_modified_time":"2024-12-05T21:01:24+00:00","og_image":[{"width":2560,"height":2560,"url":"https:\/\/lalmachine.com\/wp-content\/uploads\/2023\/05\/Pasted-20230524-084724_clipped_rev_1-scaled.jpeg","type":"image\/jpeg"}],"twitter_card":"summary_large_image","schema":{"@context":"https:\/\/schema.org","@graph":[{"@type":"WebPage","@id":"https:\/\/lalmachine.com\/shop\/eclairer\/lampe-sur-pied\/lampe-projecteur-par-mariano-fortuny-suisse\/","url":"https:\/\/lalmachine.com\/shop\/eclairer\/lampe-sur-pied\/lampe-projecteur-par-mariano-fortuny-suisse\/","name":"Lampe projecteur par Mariano Fortuny - Suisse | lalmachine.com","isPartOf":{"@id":"https:\/\/lalmachine.com\/#website"},"primaryImageOfPage":{"@id":"https:\/\/lalmachine.com\/shop\/eclairer\/lampe-sur-pied\/lampe-projecteur-par-mariano-fortuny-suisse\/#primaryimage"},"image":{"@id":"https:\/\/lalmachine.com\/shop\/eclairer\/lampe-sur-pied\/lampe-projecteur-par-mariano-fortuny-suisse\/#primaryimage"},"thumbnailUrl":"https:\/\/lalmachine.com\/wp-content\/uploads\/2023\/05\/Pasted-20230524-084724_clipped_rev_1-scaled.jpeg","datePublished":"2023-05-24T07:16:39+00:00","dateModified":"2024-12-05T21:01:24+00:00","description":"Cr\u00e9\u00e9 par Mariano Fortuny en 1907 en Italie, ce lampadaire r\u00e9volutionna le concept d'\u00e9clairage dans les pi\u00e8ces de th\u00e9\u00e2tre.","breadcrumb":{"@id":"https:\/\/lalmachine.com\/shop\/eclairer\/lampe-sur-pied\/lampe-projecteur-par-mariano-fortuny-suisse\/#breadcrumb"},"inLanguage":"de","potentialAction":[{"@type":"ReadAction","target":["https:\/\/lalmachine.com\/shop\/eclairer\/lampe-sur-pied\/lampe-projecteur-par-mariano-fortuny-suisse\/"]}]},{"@type":"ImageObject","inLanguage":"de","@id":"https:\/\/lalmachine.com\/shop\/eclairer\/lampe-sur-pied\/lampe-projecteur-par-mariano-fortuny-suisse\/#primaryimage","url":"https:\/\/lalmachine.com\/wp-content\/uploads\/2023\/05\/Pasted-20230524-084724_clipped_rev_1-scaled.jpeg","contentUrl":"https:\/\/lalmachine.com\/wp-content\/uploads\/2023\/05\/Pasted-20230524-084724_clipped_rev_1-scaled.jpeg","width":2560,"height":2560,"caption":"Lampe projecteur Mariano Fortuny Suisse 1907"},{"@type":"BreadcrumbList","@id":"https:\/\/lalmachine.com\/shop\/eclairer\/lampe-sur-pied\/lampe-projecteur-par-mariano-fortuny-suisse\/#breadcrumb","itemListElement":[{"@type":"ListItem","position":1,"name":"Accueil","item":"https:\/\/lalmachine.com\/"},{"@type":"ListItem","position":2,"name":"Shop","item":"https:\/\/lalmachine.com\/shop\/"},{"@type":"ListItem","position":3,"name":"Lampe projecteur par Mariano Fortuny &#8211; Suisse"}]},{"@type":"WebSite","@id":"https:\/\/lalmachine.com\/#website","url":"https:\/\/lalmachine.com\/","name":"lalmachine.com","description":"Brocante en ligne Suisse | Mobilier et objets d\u00e9co vintage et design","potentialAction":[{"@type":"SearchAction","target":{"@type":"EntryPoint","urlTemplate":"https:\/\/lalmachine.com\/?s={search_term_string}"},"query-input":{"@type":"PropertyValueSpecification","valueRequired":true,"valueName":"search_term_string"}}],"inLanguage":"de"}]}},"_links":{"self":[{"href":"https:\/\/lalmachine.com\/de\/wp-json\/wp\/v2\/product\/307040","targetHints":{"allow":["GET"]}}],"collection":[{"href":"https:\/\/lalmachine.com\/de\/wp-json\/wp\/v2\/product"}],"about":[{"href":"https:\/\/lalmachine.com\/de\/wp-json\/wp\/v2\/types\/product"}],"wp:featuredmedia":[{"embeddable":true,"href":"https:\/\/lalmachine.com\/de\/wp-json\/wp\/v2\/media\/307054"}],"wp:attachment":[{"href":"https:\/\/lalmachine.com\/de\/wp-json\/wp\/v2\/media?parent=307040"}],"wp:term":[{"taxonomy":"product_brand","embeddable":true,"href":"https:\/\/lalmachine.com\/de\/wp-json\/wp\/v2\/product_brand?post=307040"},{"taxonomy":"product_cat","embeddable":true,"href":"https:\/\/lalmachine.com\/de\/wp-json\/wp\/v2\/product_cat?post=307040"},{"taxonomy":"product_tag","embeddable":true,"href":"https:\/\/lalmachine.com\/de\/wp-json\/wp\/v2\/product_tag?post=307040"},{"taxonomy":"proximite","embeddable":true,"href":"https:\/\/lalmachine.com\/de\/wp-json\/wp\/v2\/proximite?post=307040"}],"curies":[{"name":"wp","href":"https:\/\/api.w.org\/{rel}","templated":true}]}}