{"id":307049,"date":"2023-05-24T09:20:22","date_gmt":"2023-05-24T07:20:22","guid":{"rendered":"https:\/\/lalmachine.com\/?post_type=product&#038;p=307049"},"modified":"2024-12-05T22:01:24","modified_gmt":"2024-12-05T21:01:24","slug":"table-basse-de-roger-capron-2","status":"publish","type":"product","link":"https:\/\/lalmachine.com\/de\/shop\/meubler\/table-basse-dappoint\/table-basse-de-roger-capron-2\/","title":{"rendered":"Table basse de Roger Capron"},"content":{"rendered":"<ul class=\"wpuf_customs\"><li style=\"list-style-type:none;\"><label>Autres photos:<\/label> <a href=\"https:\/\/lalmachine.com\/wp-content\/uploads\/2023\/05\/C2B9F86A-5E42-4422-94F8-201CCCCA5704_1_201_a-scaled.jpeg\"><img loading=\"lazy\" decoding=\"async\" width=\"96\" height=\"96\" src=\"https:\/\/lalmachine.com\/wp-content\/uploads\/2023\/05\/C2B9F86A-5E42-4422-94F8-201CCCCA5704_1_201_a-scaled.jpeg\" class=\"attachment-thumbnail size-thumbnail\" alt=\"\" \/><\/a> <a href=\"https:\/\/lalmachine.com\/wp-content\/uploads\/2023\/05\/6161BA34-01A4-4934-9EA9-CA09093B6841_1_201_a.jpeg\"><img loading=\"lazy\" decoding=\"async\" width=\"96\" height=\"96\" src=\"https:\/\/lalmachine.com\/wp-content\/uploads\/2023\/05\/6161BA34-01A4-4934-9EA9-CA09093B6841_1_201_a.jpeg\" class=\"attachment-thumbnail size-thumbnail\" alt=\"\" \/><\/a> <a href=\"https:\/\/lalmachine.com\/wp-content\/uploads\/2023\/05\/E15FCBE1-B987-492F-AD78-B892A7403EB1_1_201_a-scaled.jpeg\"><img loading=\"lazy\" decoding=\"async\" width=\"96\" height=\"96\" src=\"https:\/\/lalmachine.com\/wp-content\/uploads\/2023\/05\/E15FCBE1-B987-492F-AD78-B892A7403EB1_1_201_a-scaled.jpeg\" class=\"attachment-thumbnail size-thumbnail\" alt=\"\" \/><\/a> <a href=\"https:\/\/lalmachine.com\/wp-content\/uploads\/2023\/05\/8AA9C509-DD8C-4B82-BEFC-27865DB14059_1_201_a-scaled.jpeg\"><img loading=\"lazy\" decoding=\"async\" width=\"96\" height=\"96\" src=\"https:\/\/lalmachine.com\/wp-content\/uploads\/2023\/05\/8AA9C509-DD8C-4B82-BEFC-27865DB14059_1_201_a-scaled.jpeg\" class=\"attachment-thumbnail size-thumbnail\" alt=\"\" \/><\/a> <a href=\"https:\/\/lalmachine.com\/wp-content\/uploads\/2023\/05\/1E11EA6B-B760-4C83-B009-29535AE0A252_1_201_a-scaled.jpeg\"><img loading=\"lazy\" decoding=\"async\" width=\"96\" height=\"96\" src=\"https:\/\/lalmachine.com\/wp-content\/uploads\/2023\/05\/1E11EA6B-B760-4C83-B009-29535AE0A252_1_201_a-scaled.jpeg\" class=\"attachment-thumbnail size-thumbnail\" alt=\"\" \/><\/a> <a href=\"https:\/\/lalmachine.com\/wp-content\/uploads\/2023\/05\/40B226B8-1660-4805-93A1-D2077D7775EC_1_201_a-scaled.jpeg\"><img loading=\"lazy\" decoding=\"async\" width=\"96\" height=\"96\" src=\"https:\/\/lalmachine.com\/wp-content\/uploads\/2023\/05\/40B226B8-1660-4805-93A1-D2077D7775EC_1_201_a-scaled.jpeg\" class=\"attachment-thumbnail size-thumbnail\" alt=\"\" \/><\/a> <a href=\"https:\/\/lalmachine.com\/wp-content\/uploads\/2023\/05\/6B14E2FA-F18B-4F5A-A5A3-D3599290D527_1_201_a-scaled.jpeg\"><img loading=\"lazy\" decoding=\"async\" width=\"96\" height=\"96\" src=\"https:\/\/lalmachine.com\/wp-content\/uploads\/2023\/05\/6B14E2FA-F18B-4F5A-A5A3-D3599290D527_1_201_a-scaled.jpeg\" class=\"attachment-thumbnail size-thumbnail\" alt=\"\" \/><\/a> <\/li>        <li class=\"wpuf-field-data wpuf-field-data-numeric_text_field\">\n                            <label>Prix:<\/label>\n                        480        <\/li>\n                <li class=\"wpuf-field-data wpuf-field-data-numeric_text_field\">\n                            <label>Quantit\u00e9:<\/label>\n                        0        <\/li>\n                <li class=\"wpuf-field-data wpuf-field-data-numeric_text_field\">\n                            <label>Hauteur (cm):<\/label>\n                        34        <\/li>\n                <li class=\"wpuf-field-data wpuf-field-data-numeric_text_field\">\n                            <label>Largeur (cm):<\/label>\n                        60        <\/li>\n                <li class=\"wpuf-field-data wpuf-field-data-numeric_text_field\">\n                            <label>Profondeur (cm):<\/label>\n                        55        <\/li>\n        <\/ul>","protected":false},"excerpt":{"rendered":"<p>\u00c0 d\u00e9faut d&rsquo;avoir les bouteilles voici les \u00e9tiquettes travaill\u00e9es \u00ab\u00a0en gr\u00e8s de grand feu\u00a0\u00bb !<\/p>\n<p>Roger Capron, grand c\u00e9ramiste fran\u00e7ais ayant notamment c\u00f4toy\u00e9 Pablo Picasso, eut une production \u00e9clectique m\u00ealant sculptures et mobiliers \u00e0 travers plusieurs d\u00e9cennies de cr\u00e9ation.<\/p>\n<p>Cette petite table basse cubique aux allures rustiques rend hommage \u00e0 de grandes maisons de cognac avec leurs \u00e9tiquettes fossilis\u00e9es ! Un bel assemblage de la structure en ch\u00eane sertit le plateau en gr\u00e8s. Capron y int\u00e8gre avec humour sa signature sur une \u00e9tiquette affichant fi\u00e8rement ses prix obtenus \u00e0 Milan et \u00e0 Cannes.<\/p>\n<p>Zustand<br \/>\nTr\u00e8s bon \u00e9tat, belle patine.<\/p>\n<p>Dimensions<br \/>\nHauteur 34cm \/ Longueur 55cm \/ Largeur 60cm<\/p>","protected":false},"featured_media":307052,"template":"","meta":{"_et_pb_use_builder":"","_et_pb_old_content":"","_et_gb_content_width":""},"product_brand":[],"product_cat":[47,459],"product_tag":[],"proximite":[278,179],"class_list":{"0":"post-307049","1":"product","2":"type-product","3":"status-publish","4":"has-post-thumbnail","6":"product_cat-meubler","7":"product_cat-table-basse-dappoint","8":"pa_couleur-bois","9":"pa_etat-bon-etat","10":"pa_materiau-bois","11":"pa_style-design","12":"proximite-lausanne","13":"proximite-vaud","15":"first","16":"outofstock","17":"sale","18":"shipping-taxable","19":"purchasable","20":"product-type-simple"},"yoast_head":"<!-- This site is optimized with the Yoast SEO plugin v27.4 - https:\/\/yoast.com\/product\/yoast-seo-wordpress\/ -->\n<title>Table basse de Roger Capron | lalmachine.com<\/title>\n<meta name=\"description\" content=\"Cette petite table basse cubique de Roger Capron aux allures rustiques rend hommage \u00e0 de grandes maisons de cognac avec leurs \u00e9tiquettes fossilis\u00e9es.\" \/>\n<meta name=\"robots\" content=\"index, follow, max-snippet:-1, max-image-preview:large, max-video-preview:-1\" \/>\n<link rel=\"canonical\" href=\"https:\/\/lalmachine.com\/de\/shop\/meubler\/table-basse-dappoint\/table-basse-de-roger-capron-2\/\" \/>\n<meta property=\"og:locale\" content=\"de_DE\" \/>\n<meta property=\"og:type\" content=\"article\" \/>\n<meta property=\"og:title\" content=\"Table basse de Roger Capron | lalmachine.com\" \/>\n<meta property=\"og:description\" content=\"Cette petite table basse cubique de Roger Capron aux allures rustiques rend hommage \u00e0 de grandes maisons de cognac avec leurs \u00e9tiquettes fossilis\u00e9es.\" \/>\n<meta property=\"og:url\" content=\"https:\/\/lalmachine.com\/de\/shop\/meubler\/table-basse-dappoint\/table-basse-de-roger-capron-2\/\" \/>\n<meta property=\"og:site_name\" content=\"lalmachine.com\" \/>\n<meta property=\"article:publisher\" content=\"https:\/\/facebook.com\/lalmachine\" \/>\n<meta property=\"article:modified_time\" content=\"2024-12-05T21:01:24+00:00\" \/>\n<meta property=\"og:image\" content=\"https:\/\/lalmachine.com\/wp-content\/uploads\/2023\/05\/Pasted-20230524-085314_clipped_rev_1.jpeg\" \/>\n\t<meta property=\"og:image:width\" content=\"1884\" \/>\n\t<meta property=\"og:image:height\" content=\"1884\" \/>\n\t<meta property=\"og:image:type\" content=\"image\/jpeg\" \/>\n<meta name=\"twitter:card\" content=\"summary_large_image\" \/>\n<script type=\"application\/ld+json\" class=\"yoast-schema-graph\">{\"@context\":\"https:\\\/\\\/schema.org\",\"@graph\":[{\"@type\":\"WebPage\",\"@id\":\"https:\\\/\\\/lalmachine.com\\\/de\\\/shop\\\/meubler\\\/table-basse-dappoint\\\/table-basse-de-roger-capron-2\\\/\",\"url\":\"https:\\\/\\\/lalmachine.com\\\/de\\\/shop\\\/meubler\\\/table-basse-dappoint\\\/table-basse-de-roger-capron-2\\\/\",\"name\":\"Table basse de Roger Capron | lalmachine.com\",\"isPartOf\":{\"@id\":\"https:\\\/\\\/lalmachine.com\\\/#website\"},\"primaryImageOfPage\":{\"@id\":\"https:\\\/\\\/lalmachine.com\\\/de\\\/shop\\\/meubler\\\/table-basse-dappoint\\\/table-basse-de-roger-capron-2\\\/#primaryimage\"},\"image\":{\"@id\":\"https:\\\/\\\/lalmachine.com\\\/de\\\/shop\\\/meubler\\\/table-basse-dappoint\\\/table-basse-de-roger-capron-2\\\/#primaryimage\"},\"thumbnailUrl\":\"https:\\\/\\\/lalmachine.com\\\/wp-content\\\/uploads\\\/2023\\\/05\\\/Pasted-20230524-085314_clipped_rev_1.jpeg\",\"datePublished\":\"2023-05-24T07:20:22+00:00\",\"dateModified\":\"2024-12-05T21:01:24+00:00\",\"description\":\"Cette petite table basse cubique de Roger Capron aux allures rustiques rend hommage \u00e0 de grandes maisons de cognac avec leurs \u00e9tiquettes fossilis\u00e9es.\",\"breadcrumb\":{\"@id\":\"https:\\\/\\\/lalmachine.com\\\/de\\\/shop\\\/meubler\\\/table-basse-dappoint\\\/table-basse-de-roger-capron-2\\\/#breadcrumb\"},\"inLanguage\":\"de\",\"potentialAction\":[{\"@type\":\"ReadAction\",\"target\":[\"https:\\\/\\\/lalmachine.com\\\/de\\\/shop\\\/meubler\\\/table-basse-dappoint\\\/table-basse-de-roger-capron-2\\\/\"]}]},{\"@type\":\"ImageObject\",\"inLanguage\":\"de\",\"@id\":\"https:\\\/\\\/lalmachine.com\\\/de\\\/shop\\\/meubler\\\/table-basse-dappoint\\\/table-basse-de-roger-capron-2\\\/#primaryimage\",\"url\":\"https:\\\/\\\/lalmachine.com\\\/wp-content\\\/uploads\\\/2023\\\/05\\\/Pasted-20230524-085314_clipped_rev_1.jpeg\",\"contentUrl\":\"https:\\\/\\\/lalmachine.com\\\/wp-content\\\/uploads\\\/2023\\\/05\\\/Pasted-20230524-085314_clipped_rev_1.jpeg\",\"width\":1884,\"height\":1884,\"caption\":\"Table basse de Roger Capron\"},{\"@type\":\"BreadcrumbList\",\"@id\":\"https:\\\/\\\/lalmachine.com\\\/de\\\/shop\\\/meubler\\\/table-basse-dappoint\\\/table-basse-de-roger-capron-2\\\/#breadcrumb\",\"itemListElement\":[{\"@type\":\"ListItem\",\"position\":1,\"name\":\"Accueil\",\"item\":\"https:\\\/\\\/lalmachine.com\\\/\"},{\"@type\":\"ListItem\",\"position\":2,\"name\":\"Shop\",\"item\":\"https:\\\/\\\/lalmachine.com\\\/shop\\\/\"},{\"@type\":\"ListItem\",\"position\":3,\"name\":\"Table basse de Roger Capron\"}]},{\"@type\":\"WebSite\",\"@id\":\"https:\\\/\\\/lalmachine.com\\\/#website\",\"url\":\"https:\\\/\\\/lalmachine.com\\\/\",\"name\":\"lalmachine.com\",\"description\":\"Brocante en ligne Suisse | Mobilier et objets d\u00e9co vintage et design\",\"potentialAction\":[{\"@type\":\"SearchAction\",\"target\":{\"@type\":\"EntryPoint\",\"urlTemplate\":\"https:\\\/\\\/lalmachine.com\\\/?s={search_term_string}\"},\"query-input\":{\"@type\":\"PropertyValueSpecification\",\"valueRequired\":true,\"valueName\":\"search_term_string\"}}],\"inLanguage\":\"de\"}]}<\/script>\n<!-- \/ Yoast SEO plugin. -->","yoast_head_json":{"title":"Table basse de Roger Capron | lalmachine.com","description":"Cette petite table basse cubique de Roger Capron aux allures rustiques rend hommage \u00e0 de grandes maisons de cognac avec leurs \u00e9tiquettes fossilis\u00e9es.","robots":{"index":"index","follow":"follow","max-snippet":"max-snippet:-1","max-image-preview":"max-image-preview:large","max-video-preview":"max-video-preview:-1"},"canonical":"https:\/\/lalmachine.com\/de\/shop\/meubler\/table-basse-dappoint\/table-basse-de-roger-capron-2\/","og_locale":"de_DE","og_type":"article","og_title":"Table basse de Roger Capron | lalmachine.com","og_description":"Cette petite table basse cubique de Roger Capron aux allures rustiques rend hommage \u00e0 de grandes maisons de cognac avec leurs \u00e9tiquettes fossilis\u00e9es.","og_url":"https:\/\/lalmachine.com\/de\/shop\/meubler\/table-basse-dappoint\/table-basse-de-roger-capron-2\/","og_site_name":"lalmachine.com","article_publisher":"https:\/\/facebook.com\/lalmachine","article_modified_time":"2024-12-05T21:01:24+00:00","og_image":[{"width":1884,"height":1884,"url":"https:\/\/lalmachine.com\/wp-content\/uploads\/2023\/05\/Pasted-20230524-085314_clipped_rev_1.jpeg","type":"image\/jpeg"}],"twitter_card":"summary_large_image","schema":{"@context":"https:\/\/schema.org","@graph":[{"@type":"WebPage","@id":"https:\/\/lalmachine.com\/de\/shop\/meubler\/table-basse-dappoint\/table-basse-de-roger-capron-2\/","url":"https:\/\/lalmachine.com\/de\/shop\/meubler\/table-basse-dappoint\/table-basse-de-roger-capron-2\/","name":"Table basse de Roger Capron | lalmachine.com","isPartOf":{"@id":"https:\/\/lalmachine.com\/#website"},"primaryImageOfPage":{"@id":"https:\/\/lalmachine.com\/de\/shop\/meubler\/table-basse-dappoint\/table-basse-de-roger-capron-2\/#primaryimage"},"image":{"@id":"https:\/\/lalmachine.com\/de\/shop\/meubler\/table-basse-dappoint\/table-basse-de-roger-capron-2\/#primaryimage"},"thumbnailUrl":"https:\/\/lalmachine.com\/wp-content\/uploads\/2023\/05\/Pasted-20230524-085314_clipped_rev_1.jpeg","datePublished":"2023-05-24T07:20:22+00:00","dateModified":"2024-12-05T21:01:24+00:00","description":"Cette petite table basse cubique de Roger Capron aux allures rustiques rend hommage \u00e0 de grandes maisons de cognac avec leurs \u00e9tiquettes fossilis\u00e9es.","breadcrumb":{"@id":"https:\/\/lalmachine.com\/de\/shop\/meubler\/table-basse-dappoint\/table-basse-de-roger-capron-2\/#breadcrumb"},"inLanguage":"de","potentialAction":[{"@type":"ReadAction","target":["https:\/\/lalmachine.com\/de\/shop\/meubler\/table-basse-dappoint\/table-basse-de-roger-capron-2\/"]}]},{"@type":"ImageObject","inLanguage":"de","@id":"https:\/\/lalmachine.com\/de\/shop\/meubler\/table-basse-dappoint\/table-basse-de-roger-capron-2\/#primaryimage","url":"https:\/\/lalmachine.com\/wp-content\/uploads\/2023\/05\/Pasted-20230524-085314_clipped_rev_1.jpeg","contentUrl":"https:\/\/lalmachine.com\/wp-content\/uploads\/2023\/05\/Pasted-20230524-085314_clipped_rev_1.jpeg","width":1884,"height":1884,"caption":"Table basse de Roger Capron"},{"@type":"BreadcrumbList","@id":"https:\/\/lalmachine.com\/de\/shop\/meubler\/table-basse-dappoint\/table-basse-de-roger-capron-2\/#breadcrumb","itemListElement":[{"@type":"ListItem","position":1,"name":"Accueil","item":"https:\/\/lalmachine.com\/"},{"@type":"ListItem","position":2,"name":"Shop","item":"https:\/\/lalmachine.com\/shop\/"},{"@type":"ListItem","position":3,"name":"Table basse de Roger Capron"}]},{"@type":"WebSite","@id":"https:\/\/lalmachine.com\/#website","url":"https:\/\/lalmachine.com\/","name":"lalmachine.com","description":"Brocante en ligne Suisse | Mobilier et objets d\u00e9co vintage et design","potentialAction":[{"@type":"SearchAction","target":{"@type":"EntryPoint","urlTemplate":"https:\/\/lalmachine.com\/?s={search_term_string}"},"query-input":{"@type":"PropertyValueSpecification","valueRequired":true,"valueName":"search_term_string"}}],"inLanguage":"de"}]}},"_links":{"self":[{"href":"https:\/\/lalmachine.com\/de\/wp-json\/wp\/v2\/product\/307049","targetHints":{"allow":["GET"]}}],"collection":[{"href":"https:\/\/lalmachine.com\/de\/wp-json\/wp\/v2\/product"}],"about":[{"href":"https:\/\/lalmachine.com\/de\/wp-json\/wp\/v2\/types\/product"}],"wp:featuredmedia":[{"embeddable":true,"href":"https:\/\/lalmachine.com\/de\/wp-json\/wp\/v2\/media\/307052"}],"wp:attachment":[{"href":"https:\/\/lalmachine.com\/de\/wp-json\/wp\/v2\/media?parent=307049"}],"wp:term":[{"taxonomy":"product_brand","embeddable":true,"href":"https:\/\/lalmachine.com\/de\/wp-json\/wp\/v2\/product_brand?post=307049"},{"taxonomy":"product_cat","embeddable":true,"href":"https:\/\/lalmachine.com\/de\/wp-json\/wp\/v2\/product_cat?post=307049"},{"taxonomy":"product_tag","embeddable":true,"href":"https:\/\/lalmachine.com\/de\/wp-json\/wp\/v2\/product_tag?post=307049"},{"taxonomy":"proximite","embeddable":true,"href":"https:\/\/lalmachine.com\/de\/wp-json\/wp\/v2\/proximite?post=307049"}],"curies":[{"name":"wp","href":"https:\/\/api.w.org\/{rel}","templated":true}]}}