{"id":307103,"date":"2023-05-25T12:13:15","date_gmt":"2023-05-25T10:13:15","guid":{"rendered":"https:\/\/lalmachine.com\/?post_type=product&#038;p=307103"},"modified":"2024-12-05T22:01:24","modified_gmt":"2024-12-05T21:01:24","slug":"lampe-de-table-en-travertin-fratelli-mannelli-1970s-italie","status":"publish","type":"product","link":"https:\/\/lalmachine.com\/de\/shop\/eclairer\/lampe-de-table-bureau\/lampe-de-table-en-travertin-fratelli-mannelli-1970s-italie\/","title":{"rendered":"Lampe de table en travertin, Fratelli Mannelli, 1970&rsquo;s, Italie"},"content":{"rendered":"<ul class=\"wpuf_customs\"><li style=\"list-style-type:none;\"><label>Autres photos:<\/label> <a href=\"https:\/\/lalmachine.com\/wp-content\/uploads\/2023\/05\/9CDEED88-0B09-4549-AB14-0EDB58C50C6E_1_201_a-scaled.jpeg\"><img loading=\"lazy\" decoding=\"async\" width=\"96\" height=\"96\" src=\"https:\/\/lalmachine.com\/wp-content\/uploads\/2023\/05\/9CDEED88-0B09-4549-AB14-0EDB58C50C6E_1_201_a-scaled.jpeg\" class=\"attachment-thumbnail size-thumbnail\" alt=\"\" \/><\/a> <a href=\"https:\/\/lalmachine.com\/wp-content\/uploads\/2023\/05\/18893B97-D3DE-491E-8C31-F4989AF52E3A_1_201_a-scaled.jpeg\"><img loading=\"lazy\" decoding=\"async\" width=\"96\" height=\"96\" src=\"https:\/\/lalmachine.com\/wp-content\/uploads\/2023\/05\/18893B97-D3DE-491E-8C31-F4989AF52E3A_1_201_a-scaled.jpeg\" class=\"attachment-thumbnail size-thumbnail\" alt=\"\" \/><\/a> <a href=\"https:\/\/lalmachine.com\/wp-content\/uploads\/2023\/05\/D4F54915-6619-408A-9CAD-7C59F3E9269A_1_201_a-scaled.jpeg\"><img loading=\"lazy\" decoding=\"async\" width=\"96\" height=\"96\" src=\"https:\/\/lalmachine.com\/wp-content\/uploads\/2023\/05\/D4F54915-6619-408A-9CAD-7C59F3E9269A_1_201_a-scaled.jpeg\" class=\"attachment-thumbnail size-thumbnail\" alt=\"\" \/><\/a> <a href=\"https:\/\/lalmachine.com\/wp-content\/uploads\/2023\/05\/350B86D9-9795-49E1-AB06-19B170FB4817_1_201_a-scaled.jpeg\"><img loading=\"lazy\" decoding=\"async\" width=\"96\" height=\"96\" src=\"https:\/\/lalmachine.com\/wp-content\/uploads\/2023\/05\/350B86D9-9795-49E1-AB06-19B170FB4817_1_201_a-scaled.jpeg\" class=\"attachment-thumbnail size-thumbnail\" alt=\"\" \/><\/a> <a href=\"https:\/\/lalmachine.com\/wp-content\/uploads\/2023\/05\/63CE5E16-3DD2-4C8A-A26B-493E10A60F86_1_201_a-scaled.jpeg\"><img loading=\"lazy\" decoding=\"async\" width=\"96\" height=\"96\" src=\"https:\/\/lalmachine.com\/wp-content\/uploads\/2023\/05\/63CE5E16-3DD2-4C8A-A26B-493E10A60F86_1_201_a-scaled.jpeg\" class=\"attachment-thumbnail size-thumbnail\" alt=\"\" \/><\/a> <\/li>        <li class=\"wpuf-field-data wpuf-field-data-numeric_text_field\">\n                            <label>Prix:<\/label>\n                        480        <\/li>\n                <li class=\"wpuf-field-data wpuf-field-data-numeric_text_field\">\n                            <label>Quantit\u00e9:<\/label>\n                        0        <\/li>\n                <li class=\"wpuf-field-data wpuf-field-data-numeric_text_field\">\n                            <label>Hauteur (cm):<\/label>\n                        64        <\/li>\n                <li class=\"wpuf-field-data wpuf-field-data-numeric_text_field\">\n                            <label>Largeur (cm):<\/label>\n                        34        <\/li>\n                <li class=\"wpuf-field-data wpuf-field-data-numeric_text_field\">\n                            <label>Profondeur (cm):<\/label>\n                        25        <\/li>\n        <\/ul>","protected":false},"excerpt":{"rendered":"<p>Ne vous y trompez pas, ce m\u00e9galithe tout droit sorti des ann\u00e9es 70 n&rsquo;est pas le fruit d&rsquo;un druide d&rsquo;une nouvelle \u00e8re en qu\u00eate d&rsquo;identit\u00e9.<\/p>\n<p>Un \u00e9pais disque de travertin, surplomb\u00e9 d&rsquo;un cylindre de laiton supportant un grand abat-jour en coton, ne serait-on pas en pr\u00e9sence d&rsquo;une pi\u00e8ce de design italien ? Dans le mille !<\/p>","protected":false},"featured_media":307196,"template":"","meta":{"_et_pb_use_builder":"","_et_pb_old_content":"","_et_gb_content_width":""},"product_brand":[],"product_cat":[49,90],"product_tag":[],"proximite":[278,179],"class_list":{"0":"post-307103","1":"product","2":"type-product","3":"status-publish","4":"has-post-thumbnail","6":"product_cat-eclairer","7":"product_cat-lampe-de-table-bureau","8":"pa_couleur-beige","9":"pa_etat-tres-bon-etat","10":"pa_materiau-autre","11":"pa_style-vintage","12":"proximite-lausanne","13":"proximite-vaud","15":"first","16":"outofstock","17":"sale","18":"shipping-taxable","19":"purchasable","20":"product-type-simple"},"yoast_head":"<!-- This site is optimized with the Yoast SEO plugin v27.4 - https:\/\/yoast.com\/product\/yoast-seo-wordpress\/ -->\n<title>Lampe de table en travertin, Fratelli Mannelli, 1970&#039;s, Italie | lalmachine.com<\/title>\n<meta name=\"description\" content=\"Ne vous y trompez pas, ce m\u00e9galithe tout droit sorti des ann\u00e9es 70 n&#039;est pas le fruit d&#039;un druide d&#039;une nouvelle \u00e8re en qu\u00eate d&#039;identit\u00e9.\" \/>\n<meta name=\"robots\" content=\"index, follow, max-snippet:-1, max-image-preview:large, max-video-preview:-1\" \/>\n<link rel=\"canonical\" href=\"https:\/\/lalmachine.com\/de\/shop\/eclairer\/lampe-de-table-bureau\/lampe-de-table-en-travertin-fratelli-mannelli-1970s-italie\/\" \/>\n<meta property=\"og:locale\" content=\"de_DE\" \/>\n<meta property=\"og:type\" content=\"article\" \/>\n<meta property=\"og:title\" content=\"Lampe de table en travertin, Fratelli Mannelli, 1970&#039;s, Italie | lalmachine.com\" \/>\n<meta property=\"og:description\" content=\"Ne vous y trompez pas, ce m\u00e9galithe tout droit sorti des ann\u00e9es 70 n&#039;est pas le fruit d&#039;un druide d&#039;une nouvelle \u00e8re en qu\u00eate d&#039;identit\u00e9.\" \/>\n<meta property=\"og:url\" content=\"https:\/\/lalmachine.com\/de\/shop\/eclairer\/lampe-de-table-bureau\/lampe-de-table-en-travertin-fratelli-mannelli-1970s-italie\/\" \/>\n<meta property=\"og:site_name\" content=\"lalmachine.com\" \/>\n<meta property=\"article:publisher\" content=\"https:\/\/facebook.com\/lalmachine\" \/>\n<meta property=\"article:modified_time\" content=\"2024-12-05T21:01:24+00:00\" \/>\n<meta property=\"og:image\" content=\"https:\/\/lalmachine.com\/wp-content\/uploads\/2023\/05\/EEB2F521-8533-4A1D-9142-1F9265971F89_1_201_a-scaled_clipped_rev_1-scaled.jpeg\" \/>\n\t<meta property=\"og:image:width\" content=\"2560\" \/>\n\t<meta property=\"og:image:height\" content=\"2560\" \/>\n\t<meta property=\"og:image:type\" content=\"image\/jpeg\" \/>\n<meta name=\"twitter:card\" content=\"summary_large_image\" \/>\n<script type=\"application\/ld+json\" class=\"yoast-schema-graph\">{\"@context\":\"https:\\\/\\\/schema.org\",\"@graph\":[{\"@type\":\"WebPage\",\"@id\":\"https:\\\/\\\/lalmachine.com\\\/shop\\\/eclairer\\\/lampe-de-table-bureau\\\/lampe-de-table-en-travertin-fratelli-mannelli-1970s-italie\\\/\",\"url\":\"https:\\\/\\\/lalmachine.com\\\/shop\\\/eclairer\\\/lampe-de-table-bureau\\\/lampe-de-table-en-travertin-fratelli-mannelli-1970s-italie\\\/\",\"name\":\"Lampe de table en travertin, Fratelli Mannelli, 1970's, Italie | lalmachine.com\",\"isPartOf\":{\"@id\":\"https:\\\/\\\/lalmachine.com\\\/#website\"},\"primaryImageOfPage\":{\"@id\":\"https:\\\/\\\/lalmachine.com\\\/shop\\\/eclairer\\\/lampe-de-table-bureau\\\/lampe-de-table-en-travertin-fratelli-mannelli-1970s-italie\\\/#primaryimage\"},\"image\":{\"@id\":\"https:\\\/\\\/lalmachine.com\\\/shop\\\/eclairer\\\/lampe-de-table-bureau\\\/lampe-de-table-en-travertin-fratelli-mannelli-1970s-italie\\\/#primaryimage\"},\"thumbnailUrl\":\"https:\\\/\\\/lalmachine.com\\\/wp-content\\\/uploads\\\/2023\\\/05\\\/EEB2F521-8533-4A1D-9142-1F9265971F89_1_201_a-scaled_clipped_rev_1-scaled.jpeg\",\"datePublished\":\"2023-05-25T10:13:15+00:00\",\"dateModified\":\"2024-12-05T21:01:24+00:00\",\"description\":\"Ne vous y trompez pas, ce m\u00e9galithe tout droit sorti des ann\u00e9es 70 n'est pas le fruit d'un druide d'une nouvelle \u00e8re en qu\u00eate d'identit\u00e9.\",\"breadcrumb\":{\"@id\":\"https:\\\/\\\/lalmachine.com\\\/shop\\\/eclairer\\\/lampe-de-table-bureau\\\/lampe-de-table-en-travertin-fratelli-mannelli-1970s-italie\\\/#breadcrumb\"},\"inLanguage\":\"de\",\"potentialAction\":[{\"@type\":\"ReadAction\",\"target\":[\"https:\\\/\\\/lalmachine.com\\\/shop\\\/eclairer\\\/lampe-de-table-bureau\\\/lampe-de-table-en-travertin-fratelli-mannelli-1970s-italie\\\/\"]}]},{\"@type\":\"ImageObject\",\"inLanguage\":\"de\",\"@id\":\"https:\\\/\\\/lalmachine.com\\\/shop\\\/eclairer\\\/lampe-de-table-bureau\\\/lampe-de-table-en-travertin-fratelli-mannelli-1970s-italie\\\/#primaryimage\",\"url\":\"https:\\\/\\\/lalmachine.com\\\/wp-content\\\/uploads\\\/2023\\\/05\\\/EEB2F521-8533-4A1D-9142-1F9265971F89_1_201_a-scaled_clipped_rev_1-scaled.jpeg\",\"contentUrl\":\"https:\\\/\\\/lalmachine.com\\\/wp-content\\\/uploads\\\/2023\\\/05\\\/EEB2F521-8533-4A1D-9142-1F9265971F89_1_201_a-scaled_clipped_rev_1-scaled.jpeg\",\"width\":2560,\"height\":2560,\"caption\":\"Lampe de table en travertin Fratelli Mannelli\"},{\"@type\":\"BreadcrumbList\",\"@id\":\"https:\\\/\\\/lalmachine.com\\\/shop\\\/eclairer\\\/lampe-de-table-bureau\\\/lampe-de-table-en-travertin-fratelli-mannelli-1970s-italie\\\/#breadcrumb\",\"itemListElement\":[{\"@type\":\"ListItem\",\"position\":1,\"name\":\"Accueil\",\"item\":\"https:\\\/\\\/lalmachine.com\\\/\"},{\"@type\":\"ListItem\",\"position\":2,\"name\":\"Shop\",\"item\":\"https:\\\/\\\/lalmachine.com\\\/shop\\\/\"},{\"@type\":\"ListItem\",\"position\":3,\"name\":\"Lampe de table en travertin, Fratelli Mannelli, 1970&#8217;s, Italie\"}]},{\"@type\":\"WebSite\",\"@id\":\"https:\\\/\\\/lalmachine.com\\\/#website\",\"url\":\"https:\\\/\\\/lalmachine.com\\\/\",\"name\":\"lalmachine.com\",\"description\":\"Brocante en ligne Suisse | Mobilier et objets d\u00e9co vintage et design\",\"potentialAction\":[{\"@type\":\"SearchAction\",\"target\":{\"@type\":\"EntryPoint\",\"urlTemplate\":\"https:\\\/\\\/lalmachine.com\\\/?s={search_term_string}\"},\"query-input\":{\"@type\":\"PropertyValueSpecification\",\"valueRequired\":true,\"valueName\":\"search_term_string\"}}],\"inLanguage\":\"de\"}]}<\/script>\n<!-- \/ Yoast SEO plugin. -->","yoast_head_json":{"title":"Lampe de table en travertin, Fratelli Mannelli, 1970's, Italie | lalmachine.com","description":"Ne vous y trompez pas, ce m\u00e9galithe tout droit sorti des ann\u00e9es 70 n'est pas le fruit d'un druide d'une nouvelle \u00e8re en qu\u00eate d'identit\u00e9.","robots":{"index":"index","follow":"follow","max-snippet":"max-snippet:-1","max-image-preview":"max-image-preview:large","max-video-preview":"max-video-preview:-1"},"canonical":"https:\/\/lalmachine.com\/de\/shop\/eclairer\/lampe-de-table-bureau\/lampe-de-table-en-travertin-fratelli-mannelli-1970s-italie\/","og_locale":"de_DE","og_type":"article","og_title":"Lampe de table en travertin, Fratelli Mannelli, 1970's, Italie | lalmachine.com","og_description":"Ne vous y trompez pas, ce m\u00e9galithe tout droit sorti des ann\u00e9es 70 n'est pas le fruit d'un druide d'une nouvelle \u00e8re en qu\u00eate d'identit\u00e9.","og_url":"https:\/\/lalmachine.com\/de\/shop\/eclairer\/lampe-de-table-bureau\/lampe-de-table-en-travertin-fratelli-mannelli-1970s-italie\/","og_site_name":"lalmachine.com","article_publisher":"https:\/\/facebook.com\/lalmachine","article_modified_time":"2024-12-05T21:01:24+00:00","og_image":[{"width":2560,"height":2560,"url":"https:\/\/lalmachine.com\/wp-content\/uploads\/2023\/05\/EEB2F521-8533-4A1D-9142-1F9265971F89_1_201_a-scaled_clipped_rev_1-scaled.jpeg","type":"image\/jpeg"}],"twitter_card":"summary_large_image","schema":{"@context":"https:\/\/schema.org","@graph":[{"@type":"WebPage","@id":"https:\/\/lalmachine.com\/shop\/eclairer\/lampe-de-table-bureau\/lampe-de-table-en-travertin-fratelli-mannelli-1970s-italie\/","url":"https:\/\/lalmachine.com\/shop\/eclairer\/lampe-de-table-bureau\/lampe-de-table-en-travertin-fratelli-mannelli-1970s-italie\/","name":"Lampe de table en travertin, Fratelli Mannelli, 1970's, Italie | lalmachine.com","isPartOf":{"@id":"https:\/\/lalmachine.com\/#website"},"primaryImageOfPage":{"@id":"https:\/\/lalmachine.com\/shop\/eclairer\/lampe-de-table-bureau\/lampe-de-table-en-travertin-fratelli-mannelli-1970s-italie\/#primaryimage"},"image":{"@id":"https:\/\/lalmachine.com\/shop\/eclairer\/lampe-de-table-bureau\/lampe-de-table-en-travertin-fratelli-mannelli-1970s-italie\/#primaryimage"},"thumbnailUrl":"https:\/\/lalmachine.com\/wp-content\/uploads\/2023\/05\/EEB2F521-8533-4A1D-9142-1F9265971F89_1_201_a-scaled_clipped_rev_1-scaled.jpeg","datePublished":"2023-05-25T10:13:15+00:00","dateModified":"2024-12-05T21:01:24+00:00","description":"Ne vous y trompez pas, ce m\u00e9galithe tout droit sorti des ann\u00e9es 70 n'est pas le fruit d'un druide d'une nouvelle \u00e8re en qu\u00eate d'identit\u00e9.","breadcrumb":{"@id":"https:\/\/lalmachine.com\/shop\/eclairer\/lampe-de-table-bureau\/lampe-de-table-en-travertin-fratelli-mannelli-1970s-italie\/#breadcrumb"},"inLanguage":"de","potentialAction":[{"@type":"ReadAction","target":["https:\/\/lalmachine.com\/shop\/eclairer\/lampe-de-table-bureau\/lampe-de-table-en-travertin-fratelli-mannelli-1970s-italie\/"]}]},{"@type":"ImageObject","inLanguage":"de","@id":"https:\/\/lalmachine.com\/shop\/eclairer\/lampe-de-table-bureau\/lampe-de-table-en-travertin-fratelli-mannelli-1970s-italie\/#primaryimage","url":"https:\/\/lalmachine.com\/wp-content\/uploads\/2023\/05\/EEB2F521-8533-4A1D-9142-1F9265971F89_1_201_a-scaled_clipped_rev_1-scaled.jpeg","contentUrl":"https:\/\/lalmachine.com\/wp-content\/uploads\/2023\/05\/EEB2F521-8533-4A1D-9142-1F9265971F89_1_201_a-scaled_clipped_rev_1-scaled.jpeg","width":2560,"height":2560,"caption":"Lampe de table en travertin Fratelli Mannelli"},{"@type":"BreadcrumbList","@id":"https:\/\/lalmachine.com\/shop\/eclairer\/lampe-de-table-bureau\/lampe-de-table-en-travertin-fratelli-mannelli-1970s-italie\/#breadcrumb","itemListElement":[{"@type":"ListItem","position":1,"name":"Accueil","item":"https:\/\/lalmachine.com\/"},{"@type":"ListItem","position":2,"name":"Shop","item":"https:\/\/lalmachine.com\/shop\/"},{"@type":"ListItem","position":3,"name":"Lampe de table en travertin, Fratelli Mannelli, 1970&#8217;s, Italie"}]},{"@type":"WebSite","@id":"https:\/\/lalmachine.com\/#website","url":"https:\/\/lalmachine.com\/","name":"lalmachine.com","description":"Brocante en ligne Suisse | Mobilier et objets d\u00e9co vintage et design","potentialAction":[{"@type":"SearchAction","target":{"@type":"EntryPoint","urlTemplate":"https:\/\/lalmachine.com\/?s={search_term_string}"},"query-input":{"@type":"PropertyValueSpecification","valueRequired":true,"valueName":"search_term_string"}}],"inLanguage":"de"}]}},"_links":{"self":[{"href":"https:\/\/lalmachine.com\/de\/wp-json\/wp\/v2\/product\/307103","targetHints":{"allow":["GET"]}}],"collection":[{"href":"https:\/\/lalmachine.com\/de\/wp-json\/wp\/v2\/product"}],"about":[{"href":"https:\/\/lalmachine.com\/de\/wp-json\/wp\/v2\/types\/product"}],"wp:featuredmedia":[{"embeddable":true,"href":"https:\/\/lalmachine.com\/de\/wp-json\/wp\/v2\/media\/307196"}],"wp:attachment":[{"href":"https:\/\/lalmachine.com\/de\/wp-json\/wp\/v2\/media?parent=307103"}],"wp:term":[{"taxonomy":"product_brand","embeddable":true,"href":"https:\/\/lalmachine.com\/de\/wp-json\/wp\/v2\/product_brand?post=307103"},{"taxonomy":"product_cat","embeddable":true,"href":"https:\/\/lalmachine.com\/de\/wp-json\/wp\/v2\/product_cat?post=307103"},{"taxonomy":"product_tag","embeddable":true,"href":"https:\/\/lalmachine.com\/de\/wp-json\/wp\/v2\/product_tag?post=307103"},{"taxonomy":"proximite","embeddable":true,"href":"https:\/\/lalmachine.com\/de\/wp-json\/wp\/v2\/proximite?post=307103"}],"curies":[{"name":"wp","href":"https:\/\/api.w.org\/{rel}","templated":true}]}}