{"id":307155,"date":"2023-05-25T13:47:43","date_gmt":"2023-05-25T11:47:43","guid":{"rendered":"https:\/\/lalmachine.com\/?post_type=product&#038;p=307155"},"modified":"2024-12-05T22:01:25","modified_gmt":"2024-12-05T21:01:25","slug":"set-de-4-chaises-asserbo-par-borge-mogensen-k-a-soner-1964-danemark","status":"publish","type":"product","link":"https:\/\/lalmachine.com\/de\/shop\/sasseoir\/chaise\/set-de-4-chaises-asserbo-par-borge-mogensen-k-a-soner-1964-danemark\/","title":{"rendered":"Set de 4 chaises Asserbo par B\u00f8rge Mogensen, K.A &amp; S\u00f6ner, 1964, Danemark"},"content":{"rendered":"<ul class=\"wpuf_customs\"><li style=\"list-style-type:none;\"><label>Autres photos:<\/label> <a href=\"https:\/\/lalmachine.com\/wp-content\/uploads\/2023\/05\/94C484C8-C4E9-4994-AF9E-D4D14C27DAB4_1_201_a-scaled.jpeg\"><img loading=\"lazy\" decoding=\"async\" width=\"96\" height=\"96\" src=\"https:\/\/lalmachine.com\/wp-content\/uploads\/2023\/05\/94C484C8-C4E9-4994-AF9E-D4D14C27DAB4_1_201_a-scaled.jpeg\" class=\"attachment-thumbnail size-thumbnail\" alt=\"\" \/><\/a> <a href=\"https:\/\/lalmachine.com\/wp-content\/uploads\/2023\/05\/1AFDF703-AD24-4FB9-931D-42F53175D457_1_201_a-scaled.jpeg\"><img loading=\"lazy\" decoding=\"async\" width=\"96\" height=\"96\" src=\"https:\/\/lalmachine.com\/wp-content\/uploads\/2023\/05\/1AFDF703-AD24-4FB9-931D-42F53175D457_1_201_a-scaled.jpeg\" class=\"attachment-thumbnail size-thumbnail\" alt=\"\" \/><\/a> <a href=\"https:\/\/lalmachine.com\/wp-content\/uploads\/2023\/05\/22401285-C835-49AB-9548-CEA5FAC28837_1_201_a-scaled.jpeg\"><img loading=\"lazy\" decoding=\"async\" width=\"96\" height=\"96\" src=\"https:\/\/lalmachine.com\/wp-content\/uploads\/2023\/05\/22401285-C835-49AB-9548-CEA5FAC28837_1_201_a-scaled.jpeg\" class=\"attachment-thumbnail size-thumbnail\" alt=\"\" \/><\/a> <a href=\"https:\/\/lalmachine.com\/wp-content\/uploads\/2023\/05\/D71F21A9-BCAB-46BA-967A-55087F06557A_1_201_a-scaled.jpeg\"><img loading=\"lazy\" decoding=\"async\" width=\"96\" height=\"96\" src=\"https:\/\/lalmachine.com\/wp-content\/uploads\/2023\/05\/D71F21A9-BCAB-46BA-967A-55087F06557A_1_201_a-scaled.jpeg\" class=\"attachment-thumbnail size-thumbnail\" alt=\"\" \/><\/a> <a href=\"https:\/\/lalmachine.com\/wp-content\/uploads\/2023\/05\/525B1B08-8C6D-478F-AA41-692CEC83C4A5_1_201_a-scaled.jpeg\"><img loading=\"lazy\" decoding=\"async\" width=\"96\" height=\"96\" src=\"https:\/\/lalmachine.com\/wp-content\/uploads\/2023\/05\/525B1B08-8C6D-478F-AA41-692CEC83C4A5_1_201_a-scaled.jpeg\" class=\"attachment-thumbnail size-thumbnail\" alt=\"\" \/><\/a> <a href=\"https:\/\/lalmachine.com\/wp-content\/uploads\/2023\/05\/E4B714A3-5953-4CAC-995E-18FDCC1755CD_1_201_a.jpeg\"><img loading=\"lazy\" decoding=\"async\" width=\"96\" height=\"96\" src=\"https:\/\/lalmachine.com\/wp-content\/uploads\/2023\/05\/E4B714A3-5953-4CAC-995E-18FDCC1755CD_1_201_a.jpeg\" class=\"attachment-thumbnail size-thumbnail\" alt=\"\" \/><\/a> <\/li>        <li class=\"wpuf-field-data wpuf-field-data-numeric_text_field\">\n                            <label>Prix:<\/label>\n                        850        <\/li>\n                <li class=\"wpuf-field-data wpuf-field-data-numeric_text_field\">\n                            <label>Hauteur (cm):<\/label>\n                        75        <\/li>\n                <li class=\"wpuf-field-data wpuf-field-data-numeric_text_field\">\n                            <label>Largeur (cm):<\/label>\n                        52        <\/li>\n                <li class=\"wpuf-field-data wpuf-field-data-numeric_text_field\">\n                            <label>Profondeur (cm):<\/label>\n                        43        <\/li>\n        <\/ul>","protected":false},"excerpt":{"rendered":"<p>B\u00f8rge Mogensen, \u00e9b\u00e9niste danois embl\u00e9matique du si\u00e8cle dernier, \u00e9l\u00e8ve de Kaare Klint et adepte du \u00ab\u00a0redesign\u00a0\u00bb de mod\u00e8le traditionel, nous livre ici l&rsquo;un de ses mod\u00e8les phares.<\/p>\n<p>Si l&rsquo;ensemble de prime abord apparait simple et \u00e9pur\u00e9, c&rsquo;est en se rapprochant que l&rsquo;on remarque toutes les courbes et rondeurs apport\u00e9es \u00e0 chaque \u00e9l\u00e9ment de la chaise.<\/p>\n<p>En pin massif avec une assise tress\u00e9e en corde.<\/p>\n<p>Hauteur assise 44 cm<\/p>","protected":false},"featured_media":319961,"template":"","meta":{"_et_pb_use_builder":"","_et_pb_old_content":"","_et_gb_content_width":""},"product_brand":[],"product_cat":[100,48],"product_tag":[],"proximite":[283,179],"class_list":{"0":"post-307155","1":"product","2":"type-product","3":"status-publish","4":"has-post-thumbnail","6":"product_cat-chaise","7":"product_cat-sasseoir","8":"pa_couleur-bois","9":"pa_etat-bon-etat","10":"pa_materiau-bois","11":"pa_style-scandinave","12":"proximite-riviera-pays-denhaut","13":"proximite-vaud","15":"first","16":"outofstock","17":"sale","18":"shipping-taxable","19":"purchasable","20":"product-type-simple"},"yoast_head":"<!-- This site is optimized with the Yoast SEO plugin v27.4 - https:\/\/yoast.com\/product\/yoast-seo-wordpress\/ -->\n<title>Set de 4 chaises Asserbo par B\u00f8rge Mogensen, K.A &amp; S\u00f6ner, 1964, Danemark | lalmachine.com<\/title>\n<meta name=\"description\" content=\"Set de 4 chaises Asserbo par B\u00f8rge Mogensen, K.A &amp; S\u00f6ner, 1964, Danemark\" \/>\n<meta name=\"robots\" content=\"index, follow, max-snippet:-1, max-image-preview:large, max-video-preview:-1\" \/>\n<link rel=\"canonical\" href=\"https:\/\/lalmachine.com\/de\/shop\/sasseoir\/chaise\/set-de-4-chaises-asserbo-par-borge-mogensen-k-a-soner-1964-danemark\/\" \/>\n<meta property=\"og:locale\" content=\"de_DE\" \/>\n<meta property=\"og:type\" content=\"article\" \/>\n<meta property=\"og:title\" content=\"Set de 4 chaises Asserbo par B\u00f8rge Mogensen, K.A &amp; S\u00f6ner, 1964, Danemark | lalmachine.com\" \/>\n<meta property=\"og:description\" content=\"Set de 4 chaises Asserbo par B\u00f8rge Mogensen, K.A &amp; S\u00f6ner, 1964, Danemark\" \/>\n<meta property=\"og:url\" content=\"https:\/\/lalmachine.com\/de\/shop\/sasseoir\/chaise\/set-de-4-chaises-asserbo-par-borge-mogensen-k-a-soner-1964-danemark\/\" \/>\n<meta property=\"og:site_name\" content=\"lalmachine.com\" \/>\n<meta property=\"article:publisher\" content=\"https:\/\/facebook.com\/lalmachine\" \/>\n<meta property=\"article:modified_time\" content=\"2024-12-05T21:01:25+00:00\" \/>\n<meta property=\"og:image\" content=\"https:\/\/lalmachine.com\/wp-content\/uploads\/2023\/05\/8BCE2484-7BE2-4C67-91AD-8C765ECDA10A_1_201_a_clipped_rev_2.jpeg\" \/>\n\t<meta property=\"og:image:width\" content=\"2301\" \/>\n\t<meta property=\"og:image:height\" content=\"2301\" \/>\n\t<meta property=\"og:image:type\" content=\"image\/jpeg\" \/>\n<meta name=\"twitter:card\" content=\"summary_large_image\" \/>\n<script type=\"application\/ld+json\" class=\"yoast-schema-graph\">{\"@context\":\"https:\\\/\\\/schema.org\",\"@graph\":[{\"@type\":\"WebPage\",\"@id\":\"https:\\\/\\\/lalmachine.com\\\/shop\\\/sasseoir\\\/chaise\\\/set-de-4-chaises-asserbo-par-borge-mogensen-k-a-soner-1964-danemark\\\/\",\"url\":\"https:\\\/\\\/lalmachine.com\\\/shop\\\/sasseoir\\\/chaise\\\/set-de-4-chaises-asserbo-par-borge-mogensen-k-a-soner-1964-danemark\\\/\",\"name\":\"Set de 4 chaises Asserbo par B\u00f8rge Mogensen, K.A &amp; S\u00f6ner, 1964, Danemark | lalmachine.com\",\"isPartOf\":{\"@id\":\"https:\\\/\\\/lalmachine.com\\\/#website\"},\"primaryImageOfPage\":{\"@id\":\"https:\\\/\\\/lalmachine.com\\\/shop\\\/sasseoir\\\/chaise\\\/set-de-4-chaises-asserbo-par-borge-mogensen-k-a-soner-1964-danemark\\\/#primaryimage\"},\"image\":{\"@id\":\"https:\\\/\\\/lalmachine.com\\\/shop\\\/sasseoir\\\/chaise\\\/set-de-4-chaises-asserbo-par-borge-mogensen-k-a-soner-1964-danemark\\\/#primaryimage\"},\"thumbnailUrl\":\"https:\\\/\\\/lalmachine.com\\\/wp-content\\\/uploads\\\/2023\\\/05\\\/8BCE2484-7BE2-4C67-91AD-8C765ECDA10A_1_201_a_clipped_rev_2.jpeg\",\"datePublished\":\"2023-05-25T11:47:43+00:00\",\"dateModified\":\"2024-12-05T21:01:25+00:00\",\"description\":\"Set de 4 chaises Asserbo par B\u00f8rge Mogensen, K.A & S\u00f6ner, 1964, Danemark\",\"breadcrumb\":{\"@id\":\"https:\\\/\\\/lalmachine.com\\\/shop\\\/sasseoir\\\/chaise\\\/set-de-4-chaises-asserbo-par-borge-mogensen-k-a-soner-1964-danemark\\\/#breadcrumb\"},\"inLanguage\":\"de\",\"potentialAction\":[{\"@type\":\"ReadAction\",\"target\":[\"https:\\\/\\\/lalmachine.com\\\/shop\\\/sasseoir\\\/chaise\\\/set-de-4-chaises-asserbo-par-borge-mogensen-k-a-soner-1964-danemark\\\/\"]}]},{\"@type\":\"ImageObject\",\"inLanguage\":\"de\",\"@id\":\"https:\\\/\\\/lalmachine.com\\\/shop\\\/sasseoir\\\/chaise\\\/set-de-4-chaises-asserbo-par-borge-mogensen-k-a-soner-1964-danemark\\\/#primaryimage\",\"url\":\"https:\\\/\\\/lalmachine.com\\\/wp-content\\\/uploads\\\/2023\\\/05\\\/8BCE2484-7BE2-4C67-91AD-8C765ECDA10A_1_201_a_clipped_rev_2.jpeg\",\"contentUrl\":\"https:\\\/\\\/lalmachine.com\\\/wp-content\\\/uploads\\\/2023\\\/05\\\/8BCE2484-7BE2-4C67-91AD-8C765ECDA10A_1_201_a_clipped_rev_2.jpeg\",\"width\":2301,\"height\":2301,\"caption\":\"Chaises Asserbo par B\u00f8rge Mogensen\"},{\"@type\":\"BreadcrumbList\",\"@id\":\"https:\\\/\\\/lalmachine.com\\\/shop\\\/sasseoir\\\/chaise\\\/set-de-4-chaises-asserbo-par-borge-mogensen-k-a-soner-1964-danemark\\\/#breadcrumb\",\"itemListElement\":[{\"@type\":\"ListItem\",\"position\":1,\"name\":\"Accueil\",\"item\":\"https:\\\/\\\/lalmachine.com\\\/\"},{\"@type\":\"ListItem\",\"position\":2,\"name\":\"Shop\",\"item\":\"https:\\\/\\\/lalmachine.com\\\/shop\\\/\"},{\"@type\":\"ListItem\",\"position\":3,\"name\":\"Set de 4 chaises Asserbo par B\u00f8rge Mogensen, K.A &amp; S\u00f6ner, 1964, Danemark\"}]},{\"@type\":\"WebSite\",\"@id\":\"https:\\\/\\\/lalmachine.com\\\/#website\",\"url\":\"https:\\\/\\\/lalmachine.com\\\/\",\"name\":\"lalmachine.com\",\"description\":\"Brocante en ligne Suisse | Mobilier et objets d\u00e9co vintage et design\",\"potentialAction\":[{\"@type\":\"SearchAction\",\"target\":{\"@type\":\"EntryPoint\",\"urlTemplate\":\"https:\\\/\\\/lalmachine.com\\\/?s={search_term_string}\"},\"query-input\":{\"@type\":\"PropertyValueSpecification\",\"valueRequired\":true,\"valueName\":\"search_term_string\"}}],\"inLanguage\":\"de\"}]}<\/script>\n<!-- \/ Yoast SEO plugin. -->","yoast_head_json":{"title":"Set de 4 chaises Asserbo par B\u00f8rge Mogensen, K.A &amp; S\u00f6ner, 1964, Danemark | lalmachine.com","description":"Set de 4 chaises Asserbo par B\u00f8rge Mogensen, K.A & S\u00f6ner, 1964, Danemark","robots":{"index":"index","follow":"follow","max-snippet":"max-snippet:-1","max-image-preview":"max-image-preview:large","max-video-preview":"max-video-preview:-1"},"canonical":"https:\/\/lalmachine.com\/de\/shop\/sasseoir\/chaise\/set-de-4-chaises-asserbo-par-borge-mogensen-k-a-soner-1964-danemark\/","og_locale":"de_DE","og_type":"article","og_title":"Set de 4 chaises Asserbo par B\u00f8rge Mogensen, K.A &amp; S\u00f6ner, 1964, Danemark | lalmachine.com","og_description":"Set de 4 chaises Asserbo par B\u00f8rge Mogensen, K.A & S\u00f6ner, 1964, Danemark","og_url":"https:\/\/lalmachine.com\/de\/shop\/sasseoir\/chaise\/set-de-4-chaises-asserbo-par-borge-mogensen-k-a-soner-1964-danemark\/","og_site_name":"lalmachine.com","article_publisher":"https:\/\/facebook.com\/lalmachine","article_modified_time":"2024-12-05T21:01:25+00:00","og_image":[{"width":2301,"height":2301,"url":"https:\/\/lalmachine.com\/wp-content\/uploads\/2023\/05\/8BCE2484-7BE2-4C67-91AD-8C765ECDA10A_1_201_a_clipped_rev_2.jpeg","type":"image\/jpeg"}],"twitter_card":"summary_large_image","schema":{"@context":"https:\/\/schema.org","@graph":[{"@type":"WebPage","@id":"https:\/\/lalmachine.com\/shop\/sasseoir\/chaise\/set-de-4-chaises-asserbo-par-borge-mogensen-k-a-soner-1964-danemark\/","url":"https:\/\/lalmachine.com\/shop\/sasseoir\/chaise\/set-de-4-chaises-asserbo-par-borge-mogensen-k-a-soner-1964-danemark\/","name":"Set de 4 chaises Asserbo par B\u00f8rge Mogensen, K.A &amp; S\u00f6ner, 1964, Danemark | lalmachine.com","isPartOf":{"@id":"https:\/\/lalmachine.com\/#website"},"primaryImageOfPage":{"@id":"https:\/\/lalmachine.com\/shop\/sasseoir\/chaise\/set-de-4-chaises-asserbo-par-borge-mogensen-k-a-soner-1964-danemark\/#primaryimage"},"image":{"@id":"https:\/\/lalmachine.com\/shop\/sasseoir\/chaise\/set-de-4-chaises-asserbo-par-borge-mogensen-k-a-soner-1964-danemark\/#primaryimage"},"thumbnailUrl":"https:\/\/lalmachine.com\/wp-content\/uploads\/2023\/05\/8BCE2484-7BE2-4C67-91AD-8C765ECDA10A_1_201_a_clipped_rev_2.jpeg","datePublished":"2023-05-25T11:47:43+00:00","dateModified":"2024-12-05T21:01:25+00:00","description":"Set de 4 chaises Asserbo par B\u00f8rge Mogensen, K.A & S\u00f6ner, 1964, Danemark","breadcrumb":{"@id":"https:\/\/lalmachine.com\/shop\/sasseoir\/chaise\/set-de-4-chaises-asserbo-par-borge-mogensen-k-a-soner-1964-danemark\/#breadcrumb"},"inLanguage":"de","potentialAction":[{"@type":"ReadAction","target":["https:\/\/lalmachine.com\/shop\/sasseoir\/chaise\/set-de-4-chaises-asserbo-par-borge-mogensen-k-a-soner-1964-danemark\/"]}]},{"@type":"ImageObject","inLanguage":"de","@id":"https:\/\/lalmachine.com\/shop\/sasseoir\/chaise\/set-de-4-chaises-asserbo-par-borge-mogensen-k-a-soner-1964-danemark\/#primaryimage","url":"https:\/\/lalmachine.com\/wp-content\/uploads\/2023\/05\/8BCE2484-7BE2-4C67-91AD-8C765ECDA10A_1_201_a_clipped_rev_2.jpeg","contentUrl":"https:\/\/lalmachine.com\/wp-content\/uploads\/2023\/05\/8BCE2484-7BE2-4C67-91AD-8C765ECDA10A_1_201_a_clipped_rev_2.jpeg","width":2301,"height":2301,"caption":"Chaises Asserbo par B\u00f8rge Mogensen"},{"@type":"BreadcrumbList","@id":"https:\/\/lalmachine.com\/shop\/sasseoir\/chaise\/set-de-4-chaises-asserbo-par-borge-mogensen-k-a-soner-1964-danemark\/#breadcrumb","itemListElement":[{"@type":"ListItem","position":1,"name":"Accueil","item":"https:\/\/lalmachine.com\/"},{"@type":"ListItem","position":2,"name":"Shop","item":"https:\/\/lalmachine.com\/shop\/"},{"@type":"ListItem","position":3,"name":"Set de 4 chaises Asserbo par B\u00f8rge Mogensen, K.A &amp; S\u00f6ner, 1964, Danemark"}]},{"@type":"WebSite","@id":"https:\/\/lalmachine.com\/#website","url":"https:\/\/lalmachine.com\/","name":"lalmachine.com","description":"Brocante en ligne Suisse | Mobilier et objets d\u00e9co vintage et design","potentialAction":[{"@type":"SearchAction","target":{"@type":"EntryPoint","urlTemplate":"https:\/\/lalmachine.com\/?s={search_term_string}"},"query-input":{"@type":"PropertyValueSpecification","valueRequired":true,"valueName":"search_term_string"}}],"inLanguage":"de"}]}},"_links":{"self":[{"href":"https:\/\/lalmachine.com\/de\/wp-json\/wp\/v2\/product\/307155","targetHints":{"allow":["GET"]}}],"collection":[{"href":"https:\/\/lalmachine.com\/de\/wp-json\/wp\/v2\/product"}],"about":[{"href":"https:\/\/lalmachine.com\/de\/wp-json\/wp\/v2\/types\/product"}],"wp:featuredmedia":[{"embeddable":true,"href":"https:\/\/lalmachine.com\/de\/wp-json\/wp\/v2\/media\/319961"}],"wp:attachment":[{"href":"https:\/\/lalmachine.com\/de\/wp-json\/wp\/v2\/media?parent=307155"}],"wp:term":[{"taxonomy":"product_brand","embeddable":true,"href":"https:\/\/lalmachine.com\/de\/wp-json\/wp\/v2\/product_brand?post=307155"},{"taxonomy":"product_cat","embeddable":true,"href":"https:\/\/lalmachine.com\/de\/wp-json\/wp\/v2\/product_cat?post=307155"},{"taxonomy":"product_tag","embeddable":true,"href":"https:\/\/lalmachine.com\/de\/wp-json\/wp\/v2\/product_tag?post=307155"},{"taxonomy":"proximite","embeddable":true,"href":"https:\/\/lalmachine.com\/de\/wp-json\/wp\/v2\/proximite?post=307155"}],"curies":[{"name":"wp","href":"https:\/\/api.w.org\/{rel}","templated":true}]}}