{"id":307160,"date":"2023-05-25T13:55:14","date_gmt":"2023-05-25T11:55:14","guid":{"rendered":"https:\/\/lalmachine.com\/?post_type=product&#038;p=307160"},"modified":"2024-12-05T22:01:25","modified_gmt":"2024-12-05T21:01:25","slug":"lampes-plan-b-par-iris-kremer-domus-1999-allemagne","status":"publish","type":"product","link":"https:\/\/lalmachine.com\/de\/shop\/eclairer\/lampe-de-table-bureau\/lampes-plan-b-par-iris-kremer-domus-1999-allemagne\/","title":{"rendered":"Lampes Plan B par Iris Kremer, Domus, 1999, Allemagne"},"content":{"rendered":"<ul class=\"wpuf_customs\"><li style=\"list-style-type:none;\"><label>Autres photos:<\/label> <a href=\"https:\/\/lalmachine.com\/wp-content\/uploads\/2023\/05\/583A6677-CC68-4CB8-A3C1-1918FCDEB713_1_201_a.jpeg\"><img loading=\"lazy\" decoding=\"async\" width=\"96\" height=\"96\" src=\"https:\/\/lalmachine.com\/wp-content\/uploads\/2023\/05\/583A6677-CC68-4CB8-A3C1-1918FCDEB713_1_201_a.jpeg\" class=\"attachment-thumbnail size-thumbnail\" alt=\"\" \/><\/a> <a href=\"https:\/\/lalmachine.com\/wp-content\/uploads\/2023\/05\/5A162EAF-C8D2-47DC-813E-A52022A1FE52_1_201_a-scaled.jpeg\"><img loading=\"lazy\" decoding=\"async\" width=\"96\" height=\"96\" src=\"https:\/\/lalmachine.com\/wp-content\/uploads\/2023\/05\/5A162EAF-C8D2-47DC-813E-A52022A1FE52_1_201_a-scaled.jpeg\" class=\"attachment-thumbnail size-thumbnail\" alt=\"\" \/><\/a> <a href=\"https:\/\/lalmachine.com\/wp-content\/uploads\/2023\/05\/10F809F1-B1E4-4BD9-AD16-2C4D3E1298AB_1_201_a-scaled.jpeg\"><img loading=\"lazy\" decoding=\"async\" width=\"96\" height=\"96\" src=\"https:\/\/lalmachine.com\/wp-content\/uploads\/2023\/05\/10F809F1-B1E4-4BD9-AD16-2C4D3E1298AB_1_201_a-scaled.jpeg\" class=\"attachment-thumbnail size-thumbnail\" alt=\"\" \/><\/a> <\/li>        <li class=\"wpuf-field-data wpuf-field-data-numeric_text_field\">\n                            <label>Prix:<\/label>\n                        340        <\/li>\n                <li class=\"wpuf-field-data wpuf-field-data-numeric_text_field\">\n                            <label>Quantit\u00e9:<\/label>\n                        0        <\/li>\n                <li class=\"wpuf-field-data wpuf-field-data-numeric_text_field\">\n                            <label>Hauteur (cm):<\/label>\n                        37        <\/li>\n                <li class=\"wpuf-field-data wpuf-field-data-numeric_text_field\">\n                            <label>Largeur (cm):<\/label>\n                        26        <\/li>\n                <li class=\"wpuf-field-data wpuf-field-data-numeric_text_field\">\n                            <label>Profondeur (cm):<\/label>\n                        26        <\/li>\n        <\/ul>","protected":false},"excerpt":{"rendered":"<p>Japandi, oh que oui, effet zen garanti !<\/p>\n<p>Mat\u00e9riaux bruts, tons naturels et minimalisme sont les ingr\u00e9dients de cette paire de jolies lampes de table de chez Domus dessin\u00e9es il y a plus de 20 ans d\u00e9j\u00e0.<\/p>\n<p>Abat jour en Lunopal et pied en h\u00eatre huil\u00e9.<\/p>\n<p>Prix pour la paire.<\/p>","protected":false},"featured_media":319888,"template":"","meta":{"_et_pb_use_builder":"","_et_pb_old_content":"","_et_gb_content_width":""},"product_brand":[],"product_cat":[49,90],"product_tag":[],"proximite":[278],"class_list":{"0":"post-307160","1":"product","2":"type-product","3":"status-publish","4":"has-post-thumbnail","6":"product_cat-eclairer","7":"product_cat-lampe-de-table-bureau","8":"pa_couleur-bois","9":"pa_etat-tres-bon-etat","10":"pa_materiau-bois","11":"pa_style-design","12":"proximite-lausanne","14":"first","15":"outofstock","16":"sale","17":"shipping-taxable","18":"purchasable","19":"product-type-simple"},"yoast_head":"<!-- This site is optimized with the Yoast SEO plugin v27.4 - https:\/\/yoast.com\/product\/yoast-seo-wordpress\/ -->\n<title>Lampes Plan B par Iris Kremer, Domus, 1999, Allemagne | lalmachine.com<\/title>\n<meta name=\"description\" content=\"Lampes Plan B par Iris Kremer, Domus, 1999, Allemagne. Mat\u00e9riaux bruts, tons naturels et minimalisme sont les ingr\u00e9dients de cette paire de jolies lampes.\" \/>\n<meta name=\"robots\" content=\"index, follow, max-snippet:-1, max-image-preview:large, max-video-preview:-1\" \/>\n<link rel=\"canonical\" href=\"https:\/\/lalmachine.com\/de\/shop\/eclairer\/lampe-de-table-bureau\/lampes-plan-b-par-iris-kremer-domus-1999-allemagne\/\" \/>\n<meta property=\"og:locale\" content=\"de_DE\" \/>\n<meta property=\"og:type\" content=\"article\" \/>\n<meta property=\"og:title\" content=\"Lampes Plan B par Iris Kremer, Domus, 1999, Allemagne | lalmachine.com\" \/>\n<meta property=\"og:description\" content=\"Lampes Plan B par Iris Kremer, Domus, 1999, Allemagne. Mat\u00e9riaux bruts, tons naturels et minimalisme sont les ingr\u00e9dients de cette paire de jolies lampes.\" \/>\n<meta property=\"og:url\" content=\"https:\/\/lalmachine.com\/de\/shop\/eclairer\/lampe-de-table-bureau\/lampes-plan-b-par-iris-kremer-domus-1999-allemagne\/\" \/>\n<meta property=\"og:site_name\" content=\"lalmachine.com\" \/>\n<meta property=\"article:publisher\" content=\"https:\/\/facebook.com\/lalmachine\" \/>\n<meta property=\"article:modified_time\" content=\"2024-12-05T21:01:25+00:00\" \/>\n<meta property=\"og:image\" content=\"https:\/\/lalmachine.com\/wp-content\/uploads\/2023\/05\/29CB4635-4790-4EC7-9F92-B38EAF83FAF8_1_201_a-scaled_clipped_rev_2.jpeg\" \/>\n\t<meta property=\"og:image:width\" content=\"2093\" \/>\n\t<meta property=\"og:image:height\" content=\"2093\" \/>\n\t<meta property=\"og:image:type\" content=\"image\/jpeg\" \/>\n<meta name=\"twitter:card\" content=\"summary_large_image\" \/>\n<script type=\"application\/ld+json\" class=\"yoast-schema-graph\">{\"@context\":\"https:\\\/\\\/schema.org\",\"@graph\":[{\"@type\":\"WebPage\",\"@id\":\"https:\\\/\\\/lalmachine.com\\\/shop\\\/eclairer\\\/lampe-de-table-bureau\\\/lampes-plan-b-par-iris-kremer-domus-1999-allemagne\\\/\",\"url\":\"https:\\\/\\\/lalmachine.com\\\/shop\\\/eclairer\\\/lampe-de-table-bureau\\\/lampes-plan-b-par-iris-kremer-domus-1999-allemagne\\\/\",\"name\":\"Lampes Plan B par Iris Kremer, Domus, 1999, Allemagne | lalmachine.com\",\"isPartOf\":{\"@id\":\"https:\\\/\\\/lalmachine.com\\\/#website\"},\"primaryImageOfPage\":{\"@id\":\"https:\\\/\\\/lalmachine.com\\\/shop\\\/eclairer\\\/lampe-de-table-bureau\\\/lampes-plan-b-par-iris-kremer-domus-1999-allemagne\\\/#primaryimage\"},\"image\":{\"@id\":\"https:\\\/\\\/lalmachine.com\\\/shop\\\/eclairer\\\/lampe-de-table-bureau\\\/lampes-plan-b-par-iris-kremer-domus-1999-allemagne\\\/#primaryimage\"},\"thumbnailUrl\":\"https:\\\/\\\/lalmachine.com\\\/wp-content\\\/uploads\\\/2023\\\/05\\\/29CB4635-4790-4EC7-9F92-B38EAF83FAF8_1_201_a-scaled_clipped_rev_2.jpeg\",\"datePublished\":\"2023-05-25T11:55:14+00:00\",\"dateModified\":\"2024-12-05T21:01:25+00:00\",\"description\":\"Lampes Plan B par Iris Kremer, Domus, 1999, Allemagne. Mat\u00e9riaux bruts, tons naturels et minimalisme sont les ingr\u00e9dients de cette paire de jolies lampes.\",\"breadcrumb\":{\"@id\":\"https:\\\/\\\/lalmachine.com\\\/shop\\\/eclairer\\\/lampe-de-table-bureau\\\/lampes-plan-b-par-iris-kremer-domus-1999-allemagne\\\/#breadcrumb\"},\"inLanguage\":\"de\",\"potentialAction\":[{\"@type\":\"ReadAction\",\"target\":[\"https:\\\/\\\/lalmachine.com\\\/shop\\\/eclairer\\\/lampe-de-table-bureau\\\/lampes-plan-b-par-iris-kremer-domus-1999-allemagne\\\/\"]}]},{\"@type\":\"ImageObject\",\"inLanguage\":\"de\",\"@id\":\"https:\\\/\\\/lalmachine.com\\\/shop\\\/eclairer\\\/lampe-de-table-bureau\\\/lampes-plan-b-par-iris-kremer-domus-1999-allemagne\\\/#primaryimage\",\"url\":\"https:\\\/\\\/lalmachine.com\\\/wp-content\\\/uploads\\\/2023\\\/05\\\/29CB4635-4790-4EC7-9F92-B38EAF83FAF8_1_201_a-scaled_clipped_rev_2.jpeg\",\"contentUrl\":\"https:\\\/\\\/lalmachine.com\\\/wp-content\\\/uploads\\\/2023\\\/05\\\/29CB4635-4790-4EC7-9F92-B38EAF83FAF8_1_201_a-scaled_clipped_rev_2.jpeg\",\"width\":2093,\"height\":2093,\"caption\":\"Lampes Plan B par Iris Kremer Domus\"},{\"@type\":\"BreadcrumbList\",\"@id\":\"https:\\\/\\\/lalmachine.com\\\/shop\\\/eclairer\\\/lampe-de-table-bureau\\\/lampes-plan-b-par-iris-kremer-domus-1999-allemagne\\\/#breadcrumb\",\"itemListElement\":[{\"@type\":\"ListItem\",\"position\":1,\"name\":\"Accueil\",\"item\":\"https:\\\/\\\/lalmachine.com\\\/\"},{\"@type\":\"ListItem\",\"position\":2,\"name\":\"Shop\",\"item\":\"https:\\\/\\\/lalmachine.com\\\/shop\\\/\"},{\"@type\":\"ListItem\",\"position\":3,\"name\":\"Lampes Plan B par Iris Kremer, Domus, 1999, Allemagne\"}]},{\"@type\":\"WebSite\",\"@id\":\"https:\\\/\\\/lalmachine.com\\\/#website\",\"url\":\"https:\\\/\\\/lalmachine.com\\\/\",\"name\":\"lalmachine.com\",\"description\":\"Brocante en ligne Suisse | Mobilier et objets d\u00e9co vintage et design\",\"potentialAction\":[{\"@type\":\"SearchAction\",\"target\":{\"@type\":\"EntryPoint\",\"urlTemplate\":\"https:\\\/\\\/lalmachine.com\\\/?s={search_term_string}\"},\"query-input\":{\"@type\":\"PropertyValueSpecification\",\"valueRequired\":true,\"valueName\":\"search_term_string\"}}],\"inLanguage\":\"de\"}]}<\/script>\n<!-- \/ Yoast SEO plugin. -->","yoast_head_json":{"title":"Lampes Plan B par Iris Kremer, Domus, 1999, Allemagne | lalmachine.com","description":"Lampes Plan B par Iris Kremer, Domus, 1999, Allemagne. Mat\u00e9riaux bruts, tons naturels et minimalisme sont les ingr\u00e9dients de cette paire de jolies lampes.","robots":{"index":"index","follow":"follow","max-snippet":"max-snippet:-1","max-image-preview":"max-image-preview:large","max-video-preview":"max-video-preview:-1"},"canonical":"https:\/\/lalmachine.com\/de\/shop\/eclairer\/lampe-de-table-bureau\/lampes-plan-b-par-iris-kremer-domus-1999-allemagne\/","og_locale":"de_DE","og_type":"article","og_title":"Lampes Plan B par Iris Kremer, Domus, 1999, Allemagne | lalmachine.com","og_description":"Lampes Plan B par Iris Kremer, Domus, 1999, Allemagne. Mat\u00e9riaux bruts, tons naturels et minimalisme sont les ingr\u00e9dients de cette paire de jolies lampes.","og_url":"https:\/\/lalmachine.com\/de\/shop\/eclairer\/lampe-de-table-bureau\/lampes-plan-b-par-iris-kremer-domus-1999-allemagne\/","og_site_name":"lalmachine.com","article_publisher":"https:\/\/facebook.com\/lalmachine","article_modified_time":"2024-12-05T21:01:25+00:00","og_image":[{"width":2093,"height":2093,"url":"https:\/\/lalmachine.com\/wp-content\/uploads\/2023\/05\/29CB4635-4790-4EC7-9F92-B38EAF83FAF8_1_201_a-scaled_clipped_rev_2.jpeg","type":"image\/jpeg"}],"twitter_card":"summary_large_image","schema":{"@context":"https:\/\/schema.org","@graph":[{"@type":"WebPage","@id":"https:\/\/lalmachine.com\/shop\/eclairer\/lampe-de-table-bureau\/lampes-plan-b-par-iris-kremer-domus-1999-allemagne\/","url":"https:\/\/lalmachine.com\/shop\/eclairer\/lampe-de-table-bureau\/lampes-plan-b-par-iris-kremer-domus-1999-allemagne\/","name":"Lampes Plan B par Iris Kremer, Domus, 1999, Allemagne | lalmachine.com","isPartOf":{"@id":"https:\/\/lalmachine.com\/#website"},"primaryImageOfPage":{"@id":"https:\/\/lalmachine.com\/shop\/eclairer\/lampe-de-table-bureau\/lampes-plan-b-par-iris-kremer-domus-1999-allemagne\/#primaryimage"},"image":{"@id":"https:\/\/lalmachine.com\/shop\/eclairer\/lampe-de-table-bureau\/lampes-plan-b-par-iris-kremer-domus-1999-allemagne\/#primaryimage"},"thumbnailUrl":"https:\/\/lalmachine.com\/wp-content\/uploads\/2023\/05\/29CB4635-4790-4EC7-9F92-B38EAF83FAF8_1_201_a-scaled_clipped_rev_2.jpeg","datePublished":"2023-05-25T11:55:14+00:00","dateModified":"2024-12-05T21:01:25+00:00","description":"Lampes Plan B par Iris Kremer, Domus, 1999, Allemagne. Mat\u00e9riaux bruts, tons naturels et minimalisme sont les ingr\u00e9dients de cette paire de jolies lampes.","breadcrumb":{"@id":"https:\/\/lalmachine.com\/shop\/eclairer\/lampe-de-table-bureau\/lampes-plan-b-par-iris-kremer-domus-1999-allemagne\/#breadcrumb"},"inLanguage":"de","potentialAction":[{"@type":"ReadAction","target":["https:\/\/lalmachine.com\/shop\/eclairer\/lampe-de-table-bureau\/lampes-plan-b-par-iris-kremer-domus-1999-allemagne\/"]}]},{"@type":"ImageObject","inLanguage":"de","@id":"https:\/\/lalmachine.com\/shop\/eclairer\/lampe-de-table-bureau\/lampes-plan-b-par-iris-kremer-domus-1999-allemagne\/#primaryimage","url":"https:\/\/lalmachine.com\/wp-content\/uploads\/2023\/05\/29CB4635-4790-4EC7-9F92-B38EAF83FAF8_1_201_a-scaled_clipped_rev_2.jpeg","contentUrl":"https:\/\/lalmachine.com\/wp-content\/uploads\/2023\/05\/29CB4635-4790-4EC7-9F92-B38EAF83FAF8_1_201_a-scaled_clipped_rev_2.jpeg","width":2093,"height":2093,"caption":"Lampes Plan B par Iris Kremer Domus"},{"@type":"BreadcrumbList","@id":"https:\/\/lalmachine.com\/shop\/eclairer\/lampe-de-table-bureau\/lampes-plan-b-par-iris-kremer-domus-1999-allemagne\/#breadcrumb","itemListElement":[{"@type":"ListItem","position":1,"name":"Accueil","item":"https:\/\/lalmachine.com\/"},{"@type":"ListItem","position":2,"name":"Shop","item":"https:\/\/lalmachine.com\/shop\/"},{"@type":"ListItem","position":3,"name":"Lampes Plan B par Iris Kremer, Domus, 1999, Allemagne"}]},{"@type":"WebSite","@id":"https:\/\/lalmachine.com\/#website","url":"https:\/\/lalmachine.com\/","name":"lalmachine.com","description":"Brocante en ligne Suisse | Mobilier et objets d\u00e9co vintage et design","potentialAction":[{"@type":"SearchAction","target":{"@type":"EntryPoint","urlTemplate":"https:\/\/lalmachine.com\/?s={search_term_string}"},"query-input":{"@type":"PropertyValueSpecification","valueRequired":true,"valueName":"search_term_string"}}],"inLanguage":"de"}]}},"_links":{"self":[{"href":"https:\/\/lalmachine.com\/de\/wp-json\/wp\/v2\/product\/307160","targetHints":{"allow":["GET"]}}],"collection":[{"href":"https:\/\/lalmachine.com\/de\/wp-json\/wp\/v2\/product"}],"about":[{"href":"https:\/\/lalmachine.com\/de\/wp-json\/wp\/v2\/types\/product"}],"wp:featuredmedia":[{"embeddable":true,"href":"https:\/\/lalmachine.com\/de\/wp-json\/wp\/v2\/media\/319888"}],"wp:attachment":[{"href":"https:\/\/lalmachine.com\/de\/wp-json\/wp\/v2\/media?parent=307160"}],"wp:term":[{"taxonomy":"product_brand","embeddable":true,"href":"https:\/\/lalmachine.com\/de\/wp-json\/wp\/v2\/product_brand?post=307160"},{"taxonomy":"product_cat","embeddable":true,"href":"https:\/\/lalmachine.com\/de\/wp-json\/wp\/v2\/product_cat?post=307160"},{"taxonomy":"product_tag","embeddable":true,"href":"https:\/\/lalmachine.com\/de\/wp-json\/wp\/v2\/product_tag?post=307160"},{"taxonomy":"proximite","embeddable":true,"href":"https:\/\/lalmachine.com\/de\/wp-json\/wp\/v2\/proximite?post=307160"}],"curies":[{"name":"wp","href":"https:\/\/api.w.org\/{rel}","templated":true}]}}