{"id":307406,"date":"2023-05-29T18:54:05","date_gmt":"2023-05-29T16:54:05","guid":{"rendered":"https:\/\/lalmachine.com\/?post_type=product&#038;p=307406"},"modified":"2024-12-05T22:01:26","modified_gmt":"2024-12-05T21:01:26","slug":"plafonnier-candela-en-teck-domus-allemagne-1970s","status":"publish","type":"product","link":"https:\/\/lalmachine.com\/de\/shop\/eclairer\/suspension-plafonnier\/plafonnier-candela-en-teck-domus-allemagne-1970s\/","title":{"rendered":"Plafonnier Candela en teck, Domus, Allemagne, 1970&rsquo;s"},"content":{"rendered":"<ul class=\"wpuf_customs\"><li style=\"list-style-type:none;\"><label>Autres photos:<\/label> <a href=\"https:\/\/lalmachine.com\/wp-content\/uploads\/2023\/05\/E4823850-B06D-454A-9846-FB2A774B9BBC_1_201_a-scaled.jpeg\"><img loading=\"lazy\" decoding=\"async\" width=\"96\" height=\"96\" src=\"https:\/\/lalmachine.com\/wp-content\/uploads\/2023\/05\/E4823850-B06D-454A-9846-FB2A774B9BBC_1_201_a-scaled.jpeg\" class=\"attachment-thumbnail size-thumbnail\" alt=\"\" \/><\/a> <a href=\"https:\/\/lalmachine.com\/wp-content\/uploads\/2023\/05\/176F789C-919E-4407-9E53-FB8F1F68D785_1_201_a-scaled.jpeg\"><img loading=\"lazy\" decoding=\"async\" width=\"96\" height=\"96\" src=\"https:\/\/lalmachine.com\/wp-content\/uploads\/2023\/05\/176F789C-919E-4407-9E53-FB8F1F68D785_1_201_a-scaled.jpeg\" class=\"attachment-thumbnail size-thumbnail\" alt=\"\" \/><\/a> <a href=\"https:\/\/lalmachine.com\/wp-content\/uploads\/2023\/05\/109F5A3A-883F-49D5-A96E-7BF9C60F8FE5_1_201_a-scaled.jpeg\"><img loading=\"lazy\" decoding=\"async\" width=\"96\" height=\"96\" src=\"https:\/\/lalmachine.com\/wp-content\/uploads\/2023\/05\/109F5A3A-883F-49D5-A96E-7BF9C60F8FE5_1_201_a-scaled.jpeg\" class=\"attachment-thumbnail size-thumbnail\" alt=\"\" \/><\/a> <\/li>        <li class=\"wpuf-field-data wpuf-field-data-numeric_text_field\">\n                            <label>Prix:<\/label>\n                        550        <\/li>\n                <li class=\"wpuf-field-data wpuf-field-data-numeric_text_field\">\n                            <label>Hauteur (cm):<\/label>\n                        40        <\/li>\n                <li class=\"wpuf-field-data wpuf-field-data-numeric_text_field\">\n                            <label>Largeur (cm):<\/label>\n                        50        <\/li>\n                <li class=\"wpuf-field-data wpuf-field-data-numeric_text_field\">\n                            <label>Profondeur (cm):<\/label>\n                        50        <\/li>\n        <\/ul>","protected":false},"excerpt":{"rendered":"<p>Ce chandelier invers\u00e9 \u00e9dit\u00e9 par Domus dans les ann\u00e9es 70 accueille cinq ampoules pour illuminer agr\u00e9ablement votre int\u00e9rieur.<\/p>\n<p>Tr\u00e8s pris\u00e9e au Japon, les luminaires Domus incarnent la philosophie traditionelle nipponne avec une touche de modernit\u00e9. Les ingr\u00e9dients, une ligne simple et sophistiqu\u00e9e aux tons naturels.<\/p>\n<p>Ne vous y trompez pas la marque n&rsquo;est ni scandinave, ni japonaise mais bien allemande, elle fut fond\u00e9e en 1966 avec comme devise d&rsquo;\u00e9laborer \u00ab\u00a0la lumi\u00e8re pour la vie\u00a0\u00bb.<\/p>","protected":false},"featured_media":307503,"template":"","meta":{"_et_pb_use_builder":"","_et_pb_old_content":"","_et_gb_content_width":""},"product_brand":[],"product_cat":[49,91],"product_tag":[],"proximite":[278],"class_list":{"0":"post-307406","1":"product","2":"type-product","3":"status-publish","4":"has-post-thumbnail","6":"product_cat-eclairer","7":"product_cat-suspension-plafonnier","8":"pa_couleur-bois","9":"pa_etat-tres-bon-etat","10":"pa_materiau-bois","11":"pa_style-design","12":"proximite-lausanne","14":"first","15":"outofstock","16":"sale","17":"shipping-taxable","18":"purchasable","19":"product-type-simple"},"yoast_head":"<!-- This site is optimized with the Yoast SEO plugin v27.4 - https:\/\/yoast.com\/product\/yoast-seo-wordpress\/ -->\n<title>Plafonnier Candela en teck, Domus, Allemagne, 1970&#039;s | lalmachine.com<\/title>\n<meta name=\"description\" content=\"Ce chandelier invers\u00e9 \u00e9dit\u00e9 par Domus dans les ann\u00e9es 70 accueille cinq ampoules pour illuminer agr\u00e9ablement votre int\u00e9rieur.\" \/>\n<meta name=\"robots\" content=\"index, follow, max-snippet:-1, max-image-preview:large, max-video-preview:-1\" \/>\n<link rel=\"canonical\" href=\"https:\/\/lalmachine.com\/de\/shop\/eclairer\/suspension-plafonnier\/plafonnier-candela-en-teck-domus-allemagne-1970s\/\" \/>\n<meta property=\"og:locale\" content=\"de_DE\" \/>\n<meta property=\"og:type\" content=\"article\" \/>\n<meta property=\"og:title\" content=\"Plafonnier Candela en teck, Domus, Allemagne, 1970&#039;s | lalmachine.com\" \/>\n<meta property=\"og:description\" content=\"Ce chandelier invers\u00e9 \u00e9dit\u00e9 par Domus dans les ann\u00e9es 70 accueille cinq ampoules pour illuminer agr\u00e9ablement votre int\u00e9rieur.\" \/>\n<meta property=\"og:url\" content=\"https:\/\/lalmachine.com\/de\/shop\/eclairer\/suspension-plafonnier\/plafonnier-candela-en-teck-domus-allemagne-1970s\/\" \/>\n<meta property=\"og:site_name\" content=\"lalmachine.com\" \/>\n<meta property=\"article:publisher\" content=\"https:\/\/facebook.com\/lalmachine\" \/>\n<meta property=\"article:modified_time\" content=\"2024-12-05T21:01:26+00:00\" \/>\n<meta property=\"og:image\" content=\"https:\/\/lalmachine.com\/wp-content\/uploads\/2023\/05\/F7A6EAC3-050D-4F4A-AE7E-26CE043707DB_1_201_a-scaled_clipped_rev_1.jpeg\" \/>\n\t<meta property=\"og:image:width\" content=\"2411\" \/>\n\t<meta property=\"og:image:height\" content=\"2411\" \/>\n\t<meta property=\"og:image:type\" content=\"image\/jpeg\" \/>\n<meta name=\"twitter:card\" content=\"summary_large_image\" \/>\n<script type=\"application\/ld+json\" class=\"yoast-schema-graph\">{\"@context\":\"https:\\\/\\\/schema.org\",\"@graph\":[{\"@type\":\"WebPage\",\"@id\":\"https:\\\/\\\/lalmachine.com\\\/shop\\\/eclairer\\\/suspension-plafonnier\\\/plafonnier-candela-en-teck-domus-allemagne-1970s\\\/\",\"url\":\"https:\\\/\\\/lalmachine.com\\\/shop\\\/eclairer\\\/suspension-plafonnier\\\/plafonnier-candela-en-teck-domus-allemagne-1970s\\\/\",\"name\":\"Plafonnier Candela en teck, Domus, Allemagne, 1970's | lalmachine.com\",\"isPartOf\":{\"@id\":\"https:\\\/\\\/lalmachine.com\\\/#website\"},\"primaryImageOfPage\":{\"@id\":\"https:\\\/\\\/lalmachine.com\\\/shop\\\/eclairer\\\/suspension-plafonnier\\\/plafonnier-candela-en-teck-domus-allemagne-1970s\\\/#primaryimage\"},\"image\":{\"@id\":\"https:\\\/\\\/lalmachine.com\\\/shop\\\/eclairer\\\/suspension-plafonnier\\\/plafonnier-candela-en-teck-domus-allemagne-1970s\\\/#primaryimage\"},\"thumbnailUrl\":\"https:\\\/\\\/lalmachine.com\\\/wp-content\\\/uploads\\\/2023\\\/05\\\/F7A6EAC3-050D-4F4A-AE7E-26CE043707DB_1_201_a-scaled_clipped_rev_1.jpeg\",\"datePublished\":\"2023-05-29T16:54:05+00:00\",\"dateModified\":\"2024-12-05T21:01:26+00:00\",\"description\":\"Ce chandelier invers\u00e9 \u00e9dit\u00e9 par Domus dans les ann\u00e9es 70 accueille cinq ampoules pour illuminer agr\u00e9ablement votre int\u00e9rieur.\",\"breadcrumb\":{\"@id\":\"https:\\\/\\\/lalmachine.com\\\/shop\\\/eclairer\\\/suspension-plafonnier\\\/plafonnier-candela-en-teck-domus-allemagne-1970s\\\/#breadcrumb\"},\"inLanguage\":\"de\",\"potentialAction\":[{\"@type\":\"ReadAction\",\"target\":[\"https:\\\/\\\/lalmachine.com\\\/shop\\\/eclairer\\\/suspension-plafonnier\\\/plafonnier-candela-en-teck-domus-allemagne-1970s\\\/\"]}]},{\"@type\":\"ImageObject\",\"inLanguage\":\"de\",\"@id\":\"https:\\\/\\\/lalmachine.com\\\/shop\\\/eclairer\\\/suspension-plafonnier\\\/plafonnier-candela-en-teck-domus-allemagne-1970s\\\/#primaryimage\",\"url\":\"https:\\\/\\\/lalmachine.com\\\/wp-content\\\/uploads\\\/2023\\\/05\\\/F7A6EAC3-050D-4F4A-AE7E-26CE043707DB_1_201_a-scaled_clipped_rev_1.jpeg\",\"contentUrl\":\"https:\\\/\\\/lalmachine.com\\\/wp-content\\\/uploads\\\/2023\\\/05\\\/F7A6EAC3-050D-4F4A-AE7E-26CE043707DB_1_201_a-scaled_clipped_rev_1.jpeg\",\"width\":2411,\"height\":2411,\"caption\":\"Plafonnier Domus\"},{\"@type\":\"BreadcrumbList\",\"@id\":\"https:\\\/\\\/lalmachine.com\\\/shop\\\/eclairer\\\/suspension-plafonnier\\\/plafonnier-candela-en-teck-domus-allemagne-1970s\\\/#breadcrumb\",\"itemListElement\":[{\"@type\":\"ListItem\",\"position\":1,\"name\":\"Accueil\",\"item\":\"https:\\\/\\\/lalmachine.com\\\/\"},{\"@type\":\"ListItem\",\"position\":2,\"name\":\"Shop\",\"item\":\"https:\\\/\\\/lalmachine.com\\\/shop\\\/\"},{\"@type\":\"ListItem\",\"position\":3,\"name\":\"Plafonnier Candela en teck, Domus, Allemagne, 1970&#8217;s\"}]},{\"@type\":\"WebSite\",\"@id\":\"https:\\\/\\\/lalmachine.com\\\/#website\",\"url\":\"https:\\\/\\\/lalmachine.com\\\/\",\"name\":\"lalmachine.com\",\"description\":\"Brocante en ligne Suisse | Mobilier et objets d\u00e9co vintage et design\",\"potentialAction\":[{\"@type\":\"SearchAction\",\"target\":{\"@type\":\"EntryPoint\",\"urlTemplate\":\"https:\\\/\\\/lalmachine.com\\\/?s={search_term_string}\"},\"query-input\":{\"@type\":\"PropertyValueSpecification\",\"valueRequired\":true,\"valueName\":\"search_term_string\"}}],\"inLanguage\":\"de\"}]}<\/script>\n<!-- \/ Yoast SEO plugin. -->","yoast_head_json":{"title":"Plafonnier Candela en teck, Domus, Allemagne, 1970's | lalmachine.com","description":"Ce chandelier invers\u00e9 \u00e9dit\u00e9 par Domus dans les ann\u00e9es 70 accueille cinq ampoules pour illuminer agr\u00e9ablement votre int\u00e9rieur.","robots":{"index":"index","follow":"follow","max-snippet":"max-snippet:-1","max-image-preview":"max-image-preview:large","max-video-preview":"max-video-preview:-1"},"canonical":"https:\/\/lalmachine.com\/de\/shop\/eclairer\/suspension-plafonnier\/plafonnier-candela-en-teck-domus-allemagne-1970s\/","og_locale":"de_DE","og_type":"article","og_title":"Plafonnier Candela en teck, Domus, Allemagne, 1970's | lalmachine.com","og_description":"Ce chandelier invers\u00e9 \u00e9dit\u00e9 par Domus dans les ann\u00e9es 70 accueille cinq ampoules pour illuminer agr\u00e9ablement votre int\u00e9rieur.","og_url":"https:\/\/lalmachine.com\/de\/shop\/eclairer\/suspension-plafonnier\/plafonnier-candela-en-teck-domus-allemagne-1970s\/","og_site_name":"lalmachine.com","article_publisher":"https:\/\/facebook.com\/lalmachine","article_modified_time":"2024-12-05T21:01:26+00:00","og_image":[{"width":2411,"height":2411,"url":"https:\/\/lalmachine.com\/wp-content\/uploads\/2023\/05\/F7A6EAC3-050D-4F4A-AE7E-26CE043707DB_1_201_a-scaled_clipped_rev_1.jpeg","type":"image\/jpeg"}],"twitter_card":"summary_large_image","schema":{"@context":"https:\/\/schema.org","@graph":[{"@type":"WebPage","@id":"https:\/\/lalmachine.com\/shop\/eclairer\/suspension-plafonnier\/plafonnier-candela-en-teck-domus-allemagne-1970s\/","url":"https:\/\/lalmachine.com\/shop\/eclairer\/suspension-plafonnier\/plafonnier-candela-en-teck-domus-allemagne-1970s\/","name":"Plafonnier Candela en teck, Domus, Allemagne, 1970's | lalmachine.com","isPartOf":{"@id":"https:\/\/lalmachine.com\/#website"},"primaryImageOfPage":{"@id":"https:\/\/lalmachine.com\/shop\/eclairer\/suspension-plafonnier\/plafonnier-candela-en-teck-domus-allemagne-1970s\/#primaryimage"},"image":{"@id":"https:\/\/lalmachine.com\/shop\/eclairer\/suspension-plafonnier\/plafonnier-candela-en-teck-domus-allemagne-1970s\/#primaryimage"},"thumbnailUrl":"https:\/\/lalmachine.com\/wp-content\/uploads\/2023\/05\/F7A6EAC3-050D-4F4A-AE7E-26CE043707DB_1_201_a-scaled_clipped_rev_1.jpeg","datePublished":"2023-05-29T16:54:05+00:00","dateModified":"2024-12-05T21:01:26+00:00","description":"Ce chandelier invers\u00e9 \u00e9dit\u00e9 par Domus dans les ann\u00e9es 70 accueille cinq ampoules pour illuminer agr\u00e9ablement votre int\u00e9rieur.","breadcrumb":{"@id":"https:\/\/lalmachine.com\/shop\/eclairer\/suspension-plafonnier\/plafonnier-candela-en-teck-domus-allemagne-1970s\/#breadcrumb"},"inLanguage":"de","potentialAction":[{"@type":"ReadAction","target":["https:\/\/lalmachine.com\/shop\/eclairer\/suspension-plafonnier\/plafonnier-candela-en-teck-domus-allemagne-1970s\/"]}]},{"@type":"ImageObject","inLanguage":"de","@id":"https:\/\/lalmachine.com\/shop\/eclairer\/suspension-plafonnier\/plafonnier-candela-en-teck-domus-allemagne-1970s\/#primaryimage","url":"https:\/\/lalmachine.com\/wp-content\/uploads\/2023\/05\/F7A6EAC3-050D-4F4A-AE7E-26CE043707DB_1_201_a-scaled_clipped_rev_1.jpeg","contentUrl":"https:\/\/lalmachine.com\/wp-content\/uploads\/2023\/05\/F7A6EAC3-050D-4F4A-AE7E-26CE043707DB_1_201_a-scaled_clipped_rev_1.jpeg","width":2411,"height":2411,"caption":"Plafonnier Domus"},{"@type":"BreadcrumbList","@id":"https:\/\/lalmachine.com\/shop\/eclairer\/suspension-plafonnier\/plafonnier-candela-en-teck-domus-allemagne-1970s\/#breadcrumb","itemListElement":[{"@type":"ListItem","position":1,"name":"Accueil","item":"https:\/\/lalmachine.com\/"},{"@type":"ListItem","position":2,"name":"Shop","item":"https:\/\/lalmachine.com\/shop\/"},{"@type":"ListItem","position":3,"name":"Plafonnier Candela en teck, Domus, Allemagne, 1970&#8217;s"}]},{"@type":"WebSite","@id":"https:\/\/lalmachine.com\/#website","url":"https:\/\/lalmachine.com\/","name":"lalmachine.com","description":"Brocante en ligne Suisse | Mobilier et objets d\u00e9co vintage et design","potentialAction":[{"@type":"SearchAction","target":{"@type":"EntryPoint","urlTemplate":"https:\/\/lalmachine.com\/?s={search_term_string}"},"query-input":{"@type":"PropertyValueSpecification","valueRequired":true,"valueName":"search_term_string"}}],"inLanguage":"de"}]}},"_links":{"self":[{"href":"https:\/\/lalmachine.com\/de\/wp-json\/wp\/v2\/product\/307406","targetHints":{"allow":["GET"]}}],"collection":[{"href":"https:\/\/lalmachine.com\/de\/wp-json\/wp\/v2\/product"}],"about":[{"href":"https:\/\/lalmachine.com\/de\/wp-json\/wp\/v2\/types\/product"}],"wp:featuredmedia":[{"embeddable":true,"href":"https:\/\/lalmachine.com\/de\/wp-json\/wp\/v2\/media\/307503"}],"wp:attachment":[{"href":"https:\/\/lalmachine.com\/de\/wp-json\/wp\/v2\/media?parent=307406"}],"wp:term":[{"taxonomy":"product_brand","embeddable":true,"href":"https:\/\/lalmachine.com\/de\/wp-json\/wp\/v2\/product_brand?post=307406"},{"taxonomy":"product_cat","embeddable":true,"href":"https:\/\/lalmachine.com\/de\/wp-json\/wp\/v2\/product_cat?post=307406"},{"taxonomy":"product_tag","embeddable":true,"href":"https:\/\/lalmachine.com\/de\/wp-json\/wp\/v2\/product_tag?post=307406"},{"taxonomy":"proximite","embeddable":true,"href":"https:\/\/lalmachine.com\/de\/wp-json\/wp\/v2\/proximite?post=307406"}],"curies":[{"name":"wp","href":"https:\/\/api.w.org\/{rel}","templated":true}]}}