{"id":307425,"date":"2023-05-30T09:33:17","date_gmt":"2023-05-30T07:33:17","guid":{"rendered":"https:\/\/lalmachine.com\/?post_type=product&#038;p=307425"},"modified":"2025-01-13T10:48:11","modified_gmt":"2025-01-13T09:48:11","slug":"table-paracarro-giovanni-offredi-saporiti-italie-1970","status":"publish","type":"product","link":"https:\/\/lalmachine.com\/de\/shop\/meubler\/table\/table-paracarro-giovanni-offredi-saporiti-italie-1970\/","title":{"rendered":"Table Paracarro, Giovanni Offredi, Saporiti, Italie, 1970"},"content":{"rendered":"<ul class=\"wpuf_customs\"><li style=\"list-style-type:none;\"><label>Autres photos:<\/label> <a href=\"https:\/\/lalmachine.com\/wp-content\/uploads\/2023\/05\/727F3983-3831-414E-A872-180D84B6CF65_1_201_a.jpeg\"><img loading=\"lazy\" decoding=\"async\" width=\"96\" height=\"96\" src=\"https:\/\/lalmachine.com\/wp-content\/uploads\/2023\/05\/727F3983-3831-414E-A872-180D84B6CF65_1_201_a.jpeg\" class=\"attachment-thumbnail size-thumbnail\" alt=\"\" \/><\/a> <a href=\"https:\/\/lalmachine.com\/wp-content\/uploads\/2023\/03\/EC526D1C-E1B6-463E-9612-A5DD5A660B56_1_201_a-scaled.jpeg\"><img loading=\"lazy\" decoding=\"async\" width=\"96\" height=\"96\" src=\"https:\/\/lalmachine.com\/wp-content\/uploads\/2023\/03\/EC526D1C-E1B6-463E-9612-A5DD5A660B56_1_201_a-scaled.jpeg\" class=\"attachment-thumbnail size-thumbnail\" alt=\"\" \/><\/a> <a href=\"https:\/\/lalmachine.com\/wp-content\/uploads\/2023\/03\/D5EB1A48-795A-4867-836D-297814C9D3E1_1_201_a-scaled.jpeg\"><img loading=\"lazy\" decoding=\"async\" width=\"96\" height=\"96\" src=\"https:\/\/lalmachine.com\/wp-content\/uploads\/2023\/03\/D5EB1A48-795A-4867-836D-297814C9D3E1_1_201_a-scaled.jpeg\" class=\"attachment-thumbnail size-thumbnail\" alt=\"\" \/><\/a> <a href=\"https:\/\/lalmachine.com\/wp-content\/uploads\/2023\/03\/D8364313-F172-47D1-9A36-12B2385B7C16_1_201_a.jpeg\"><img loading=\"lazy\" decoding=\"async\" width=\"96\" height=\"96\" src=\"https:\/\/lalmachine.com\/wp-content\/uploads\/2023\/03\/D8364313-F172-47D1-9A36-12B2385B7C16_1_201_a.jpeg\" class=\"attachment-thumbnail size-thumbnail\" alt=\"\" \/><\/a> <a href=\"https:\/\/lalmachine.com\/wp-content\/uploads\/2023\/03\/3B87F8A7-B326-4CBC-B448-D7D2A8E4C2C7_1_201_a-scaled.jpeg\"><img loading=\"lazy\" decoding=\"async\" width=\"96\" height=\"96\" src=\"https:\/\/lalmachine.com\/wp-content\/uploads\/2023\/03\/3B87F8A7-B326-4CBC-B448-D7D2A8E4C2C7_1_201_a-scaled.jpeg\" class=\"attachment-thumbnail size-thumbnail\" alt=\"\" \/><\/a> <a href=\"https:\/\/lalmachine.com\/wp-content\/uploads\/2023\/03\/F082D02E-65F6-4EA8-81C6-05A9ECAEAE9B_1_201_a-scaled.jpeg\"><img loading=\"lazy\" decoding=\"async\" width=\"96\" height=\"96\" src=\"https:\/\/lalmachine.com\/wp-content\/uploads\/2023\/03\/F082D02E-65F6-4EA8-81C6-05A9ECAEAE9B_1_201_a-scaled.jpeg\" class=\"attachment-thumbnail size-thumbnail\" alt=\"\" \/><\/a> <a href=\"https:\/\/lalmachine.com\/wp-content\/uploads\/2023\/03\/3A07E58A-CEF7-441F-BF56-7856D0AB4D80_1_201_a-scaled.jpeg\"><img loading=\"lazy\" decoding=\"async\" width=\"62\" height=\"96\" src=\"https:\/\/lalmachine.com\/wp-content\/uploads\/2023\/03\/3A07E58A-CEF7-441F-BF56-7856D0AB4D80_1_201_a-scaled.jpeg\" class=\"attachment-thumbnail size-thumbnail\" alt=\"\" \/><\/a> <a href=\"https:\/\/lalmachine.com\/wp-content\/uploads\/2023\/05\/0B72A469-F7D5-4007-A236-E26C16D9731F_1_201_a-scaled.jpeg\"><img loading=\"lazy\" decoding=\"async\" width=\"96\" height=\"96\" src=\"https:\/\/lalmachine.com\/wp-content\/uploads\/2023\/05\/0B72A469-F7D5-4007-A236-E26C16D9731F_1_201_a-scaled.jpeg\" class=\"attachment-thumbnail size-thumbnail\" alt=\"\" \/><\/a> <a href=\"https:\/\/lalmachine.com\/wp-content\/uploads\/2023\/03\/2AE00A31-CE8F-40A1-A038-2200BAE4EF4A_1_201_a.jpeg\"><img loading=\"lazy\" decoding=\"async\" width=\"96\" height=\"96\" src=\"https:\/\/lalmachine.com\/wp-content\/uploads\/2023\/03\/2AE00A31-CE8F-40A1-A038-2200BAE4EF4A_1_201_a.jpeg\" class=\"attachment-thumbnail size-thumbnail\" alt=\"\" \/><\/a> <a href=\"https:\/\/lalmachine.com\/wp-content\/uploads\/2023\/03\/F75A12A1-7268-44B7-91EA-D1B4DDB86FF6_1_201_a.jpeg\"><img loading=\"lazy\" decoding=\"async\" width=\"96\" height=\"96\" src=\"https:\/\/lalmachine.com\/wp-content\/uploads\/2023\/03\/F75A12A1-7268-44B7-91EA-D1B4DDB86FF6_1_201_a.jpeg\" class=\"attachment-thumbnail size-thumbnail\" alt=\"\" \/><\/a> <\/li>        <li class=\"wpuf-field-data wpuf-field-data-numeric_text_field\">\n                            <label>Prix:<\/label>\n                        2300        <\/li>\n                <li class=\"wpuf-field-data wpuf-field-data-numeric_text_field\">\n                            <label>Quantit\u00e9:<\/label>\n                        0        <\/li>\n                <li class=\"wpuf-field-data wpuf-field-data-numeric_text_field\">\n                            <label>Hauteur (cm):<\/label>\n                        73        <\/li>\n                <li class=\"wpuf-field-data wpuf-field-data-numeric_text_field\">\n                            <label>Largeur (cm):<\/label>\n                        130        <\/li>\n                <li class=\"wpuf-field-data wpuf-field-data-numeric_text_field\">\n                            <label>Profondeur (cm):<\/label>\n                        130        <\/li>\n        <\/ul>","protected":false},"excerpt":{"rendered":"<p>Issue de la fructueuse et longue collaboration entre le talentueux designer italien Giovanni Offredi et le fabricant de mobilier Sergio Saporiti, cette table Paracarro, r\u00e9alis\u00e9e en 1970, est l&rsquo;exemple m\u00eame de l&rsquo;harmonie entre rationalit\u00e9 et fantaisie, syst\u00e9matiquement recherch\u00e9e par son cr\u00e9ateur.<\/p>\n<p>Comprenez litt\u00e9ralement table \u00ab\u00a0Borne\u00a0\u00bb comme celles que l&rsquo;on peut voir le long des routes de campagne o\u00f9 sont inscrites les distances vous s\u00e9parant de la prochaine ville.<\/p>\n<p>L&rsquo;objet est ainsi d\u00e9tourn\u00e9 et l&rsquo;exercice r\u00e9ussi ! Le socle en b\u00e9ton accueille deux traverses en acier chrom\u00e9 pour soutenir un \u00e9pais plateau en verre crystal. Une ligne \u00e9pur\u00e9e et g\u00e9ometrique avec une pointe d&rsquo;humour pour celles et ceux qui s&rsquo;attarderont \u00e0 reconnaitre ces fameuses anciennes bornes kilom\u00e9triques.<\/p>\n<p>Une pi\u00e8ce du design Italien des ann\u00e9es 70 devenue une icone pour la marque Saporiti.<\/p>\n<p>Elle accueillera sans sourciller 6 \u00e0 8 personnes.<\/p>\n<p>Zustand<br \/>\nPlateau en verre crystal montre quelques rayures superficielles, un petit \u00e9clat est pr\u00e9sent sous le plateau (voir photo).<\/p>\n<p>Chromes en superbe \u00e9tat ainsi que le socle.<\/p>","protected":false},"featured_media":319957,"template":"","meta":{"_et_pb_use_builder":"","_et_pb_old_content":"","_et_gb_content_width":""},"product_brand":[],"product_cat":[47,82],"product_tag":[],"proximite":[283,179],"class_list":{"0":"post-307425","1":"product","2":"type-product","3":"status-publish","4":"has-post-thumbnail","6":"product_cat-meubler","7":"product_cat-table","8":"pa_couleur-gris","9":"pa_etat-bon-etat","10":"pa_materiau-verre","11":"pa_style-design","12":"proximite-riviera-pays-denhaut","13":"proximite-vaud","15":"first","16":"outofstock","17":"sale","18":"shipping-taxable","19":"purchasable","20":"product-type-simple"},"yoast_head":"<!-- This site is optimized with the Yoast SEO plugin v27.4 - https:\/\/yoast.com\/product\/yoast-seo-wordpress\/ -->\n<title>Table Paracarro, Giovanni Offredi, Saporiti, Italie, 1970 | lalmachine.com<\/title>\n<meta name=\"description\" content=\"Table Paracarro, Giovanni Offredi, Saporiti, Italie, 1970\" \/>\n<meta name=\"robots\" content=\"index, follow, max-snippet:-1, max-image-preview:large, max-video-preview:-1\" \/>\n<link rel=\"canonical\" href=\"https:\/\/lalmachine.com\/de\/shop\/meubler\/table\/table-paracarro-giovanni-offredi-saporiti-italie-1970\/\" \/>\n<meta property=\"og:locale\" content=\"de_DE\" \/>\n<meta property=\"og:type\" content=\"article\" \/>\n<meta property=\"og:title\" content=\"Table Paracarro, Giovanni Offredi, Saporiti, Italie, 1970 | lalmachine.com\" \/>\n<meta property=\"og:description\" content=\"Table Paracarro, Giovanni Offredi, Saporiti, Italie, 1970\" \/>\n<meta property=\"og:url\" content=\"https:\/\/lalmachine.com\/de\/shop\/meubler\/table\/table-paracarro-giovanni-offredi-saporiti-italie-1970\/\" \/>\n<meta property=\"og:site_name\" content=\"lalmachine.com\" \/>\n<meta property=\"article:publisher\" content=\"https:\/\/facebook.com\/lalmachine\" \/>\n<meta property=\"article:modified_time\" content=\"2025-01-13T09:48:11+00:00\" \/>\n<meta property=\"og:image\" content=\"https:\/\/lalmachine.com\/wp-content\/uploads\/2023\/05\/3D89D87B-8685-43AD-AB48-56E2AFFDAC96_1_201_a_clipped_rev_3.jpeg\" \/>\n\t<meta property=\"og:image:width\" content=\"2018\" \/>\n\t<meta property=\"og:image:height\" content=\"2017\" \/>\n\t<meta property=\"og:image:type\" content=\"image\/jpeg\" \/>\n<meta name=\"twitter:card\" content=\"summary_large_image\" \/>\n<script type=\"application\/ld+json\" class=\"yoast-schema-graph\">{\"@context\":\"https:\\\/\\\/schema.org\",\"@graph\":[{\"@type\":\"WebPage\",\"@id\":\"https:\\\/\\\/lalmachine.com\\\/shop\\\/meubler\\\/table\\\/table-paracarro-giovanni-offredi-saporiti-italie-1970\\\/\",\"url\":\"https:\\\/\\\/lalmachine.com\\\/shop\\\/meubler\\\/table\\\/table-paracarro-giovanni-offredi-saporiti-italie-1970\\\/\",\"name\":\"Table Paracarro, Giovanni Offredi, Saporiti, Italie, 1970 | lalmachine.com\",\"isPartOf\":{\"@id\":\"https:\\\/\\\/lalmachine.com\\\/#website\"},\"primaryImageOfPage\":{\"@id\":\"https:\\\/\\\/lalmachine.com\\\/shop\\\/meubler\\\/table\\\/table-paracarro-giovanni-offredi-saporiti-italie-1970\\\/#primaryimage\"},\"image\":{\"@id\":\"https:\\\/\\\/lalmachine.com\\\/shop\\\/meubler\\\/table\\\/table-paracarro-giovanni-offredi-saporiti-italie-1970\\\/#primaryimage\"},\"thumbnailUrl\":\"https:\\\/\\\/lalmachine.com\\\/wp-content\\\/uploads\\\/2023\\\/05\\\/3D89D87B-8685-43AD-AB48-56E2AFFDAC96_1_201_a_clipped_rev_3.jpeg\",\"datePublished\":\"2023-05-30T07:33:17+00:00\",\"dateModified\":\"2025-01-13T09:48:11+00:00\",\"description\":\"Table Paracarro, Giovanni Offredi, Saporiti, Italie, 1970\",\"breadcrumb\":{\"@id\":\"https:\\\/\\\/lalmachine.com\\\/shop\\\/meubler\\\/table\\\/table-paracarro-giovanni-offredi-saporiti-italie-1970\\\/#breadcrumb\"},\"inLanguage\":\"de\",\"potentialAction\":[{\"@type\":\"ReadAction\",\"target\":[\"https:\\\/\\\/lalmachine.com\\\/shop\\\/meubler\\\/table\\\/table-paracarro-giovanni-offredi-saporiti-italie-1970\\\/\"]}]},{\"@type\":\"ImageObject\",\"inLanguage\":\"de\",\"@id\":\"https:\\\/\\\/lalmachine.com\\\/shop\\\/meubler\\\/table\\\/table-paracarro-giovanni-offredi-saporiti-italie-1970\\\/#primaryimage\",\"url\":\"https:\\\/\\\/lalmachine.com\\\/wp-content\\\/uploads\\\/2023\\\/05\\\/3D89D87B-8685-43AD-AB48-56E2AFFDAC96_1_201_a_clipped_rev_3.jpeg\",\"contentUrl\":\"https:\\\/\\\/lalmachine.com\\\/wp-content\\\/uploads\\\/2023\\\/05\\\/3D89D87B-8685-43AD-AB48-56E2AFFDAC96_1_201_a_clipped_rev_3.jpeg\",\"width\":2018,\"height\":2017,\"caption\":\"Table Paracarro Giovanni Offredi Saporiti\"},{\"@type\":\"BreadcrumbList\",\"@id\":\"https:\\\/\\\/lalmachine.com\\\/shop\\\/meubler\\\/table\\\/table-paracarro-giovanni-offredi-saporiti-italie-1970\\\/#breadcrumb\",\"itemListElement\":[{\"@type\":\"ListItem\",\"position\":1,\"name\":\"Accueil\",\"item\":\"https:\\\/\\\/lalmachine.com\\\/\"},{\"@type\":\"ListItem\",\"position\":2,\"name\":\"Shop\",\"item\":\"https:\\\/\\\/lalmachine.com\\\/shop\\\/\"},{\"@type\":\"ListItem\",\"position\":3,\"name\":\"Table Paracarro, Giovanni Offredi, Saporiti, Italie, 1970\"}]},{\"@type\":\"WebSite\",\"@id\":\"https:\\\/\\\/lalmachine.com\\\/#website\",\"url\":\"https:\\\/\\\/lalmachine.com\\\/\",\"name\":\"lalmachine.com\",\"description\":\"Brocante en ligne Suisse | Mobilier et objets d\u00e9co vintage et design\",\"potentialAction\":[{\"@type\":\"SearchAction\",\"target\":{\"@type\":\"EntryPoint\",\"urlTemplate\":\"https:\\\/\\\/lalmachine.com\\\/?s={search_term_string}\"},\"query-input\":{\"@type\":\"PropertyValueSpecification\",\"valueRequired\":true,\"valueName\":\"search_term_string\"}}],\"inLanguage\":\"de\"}]}<\/script>\n<!-- \/ Yoast SEO plugin. -->","yoast_head_json":{"title":"Table Paracarro, Giovanni Offredi, Saporiti, Italie, 1970 | lalmachine.com","description":"Table Paracarro, Giovanni Offredi, Saporiti, Italie, 1970","robots":{"index":"index","follow":"follow","max-snippet":"max-snippet:-1","max-image-preview":"max-image-preview:large","max-video-preview":"max-video-preview:-1"},"canonical":"https:\/\/lalmachine.com\/de\/shop\/meubler\/table\/table-paracarro-giovanni-offredi-saporiti-italie-1970\/","og_locale":"de_DE","og_type":"article","og_title":"Table Paracarro, Giovanni Offredi, Saporiti, Italie, 1970 | lalmachine.com","og_description":"Table Paracarro, Giovanni Offredi, Saporiti, Italie, 1970","og_url":"https:\/\/lalmachine.com\/de\/shop\/meubler\/table\/table-paracarro-giovanni-offredi-saporiti-italie-1970\/","og_site_name":"lalmachine.com","article_publisher":"https:\/\/facebook.com\/lalmachine","article_modified_time":"2025-01-13T09:48:11+00:00","og_image":[{"width":2018,"height":2017,"url":"https:\/\/lalmachine.com\/wp-content\/uploads\/2023\/05\/3D89D87B-8685-43AD-AB48-56E2AFFDAC96_1_201_a_clipped_rev_3.jpeg","type":"image\/jpeg"}],"twitter_card":"summary_large_image","schema":{"@context":"https:\/\/schema.org","@graph":[{"@type":"WebPage","@id":"https:\/\/lalmachine.com\/shop\/meubler\/table\/table-paracarro-giovanni-offredi-saporiti-italie-1970\/","url":"https:\/\/lalmachine.com\/shop\/meubler\/table\/table-paracarro-giovanni-offredi-saporiti-italie-1970\/","name":"Table Paracarro, Giovanni Offredi, Saporiti, Italie, 1970 | lalmachine.com","isPartOf":{"@id":"https:\/\/lalmachine.com\/#website"},"primaryImageOfPage":{"@id":"https:\/\/lalmachine.com\/shop\/meubler\/table\/table-paracarro-giovanni-offredi-saporiti-italie-1970\/#primaryimage"},"image":{"@id":"https:\/\/lalmachine.com\/shop\/meubler\/table\/table-paracarro-giovanni-offredi-saporiti-italie-1970\/#primaryimage"},"thumbnailUrl":"https:\/\/lalmachine.com\/wp-content\/uploads\/2023\/05\/3D89D87B-8685-43AD-AB48-56E2AFFDAC96_1_201_a_clipped_rev_3.jpeg","datePublished":"2023-05-30T07:33:17+00:00","dateModified":"2025-01-13T09:48:11+00:00","description":"Table Paracarro, Giovanni Offredi, Saporiti, Italie, 1970","breadcrumb":{"@id":"https:\/\/lalmachine.com\/shop\/meubler\/table\/table-paracarro-giovanni-offredi-saporiti-italie-1970\/#breadcrumb"},"inLanguage":"de","potentialAction":[{"@type":"ReadAction","target":["https:\/\/lalmachine.com\/shop\/meubler\/table\/table-paracarro-giovanni-offredi-saporiti-italie-1970\/"]}]},{"@type":"ImageObject","inLanguage":"de","@id":"https:\/\/lalmachine.com\/shop\/meubler\/table\/table-paracarro-giovanni-offredi-saporiti-italie-1970\/#primaryimage","url":"https:\/\/lalmachine.com\/wp-content\/uploads\/2023\/05\/3D89D87B-8685-43AD-AB48-56E2AFFDAC96_1_201_a_clipped_rev_3.jpeg","contentUrl":"https:\/\/lalmachine.com\/wp-content\/uploads\/2023\/05\/3D89D87B-8685-43AD-AB48-56E2AFFDAC96_1_201_a_clipped_rev_3.jpeg","width":2018,"height":2017,"caption":"Table Paracarro Giovanni Offredi Saporiti"},{"@type":"BreadcrumbList","@id":"https:\/\/lalmachine.com\/shop\/meubler\/table\/table-paracarro-giovanni-offredi-saporiti-italie-1970\/#breadcrumb","itemListElement":[{"@type":"ListItem","position":1,"name":"Accueil","item":"https:\/\/lalmachine.com\/"},{"@type":"ListItem","position":2,"name":"Shop","item":"https:\/\/lalmachine.com\/shop\/"},{"@type":"ListItem","position":3,"name":"Table Paracarro, Giovanni Offredi, Saporiti, Italie, 1970"}]},{"@type":"WebSite","@id":"https:\/\/lalmachine.com\/#website","url":"https:\/\/lalmachine.com\/","name":"lalmachine.com","description":"Brocante en ligne Suisse | Mobilier et objets d\u00e9co vintage et design","potentialAction":[{"@type":"SearchAction","target":{"@type":"EntryPoint","urlTemplate":"https:\/\/lalmachine.com\/?s={search_term_string}"},"query-input":{"@type":"PropertyValueSpecification","valueRequired":true,"valueName":"search_term_string"}}],"inLanguage":"de"}]}},"_links":{"self":[{"href":"https:\/\/lalmachine.com\/de\/wp-json\/wp\/v2\/product\/307425","targetHints":{"allow":["GET"]}}],"collection":[{"href":"https:\/\/lalmachine.com\/de\/wp-json\/wp\/v2\/product"}],"about":[{"href":"https:\/\/lalmachine.com\/de\/wp-json\/wp\/v2\/types\/product"}],"wp:featuredmedia":[{"embeddable":true,"href":"https:\/\/lalmachine.com\/de\/wp-json\/wp\/v2\/media\/319957"}],"wp:attachment":[{"href":"https:\/\/lalmachine.com\/de\/wp-json\/wp\/v2\/media?parent=307425"}],"wp:term":[{"taxonomy":"product_brand","embeddable":true,"href":"https:\/\/lalmachine.com\/de\/wp-json\/wp\/v2\/product_brand?post=307425"},{"taxonomy":"product_cat","embeddable":true,"href":"https:\/\/lalmachine.com\/de\/wp-json\/wp\/v2\/product_cat?post=307425"},{"taxonomy":"product_tag","embeddable":true,"href":"https:\/\/lalmachine.com\/de\/wp-json\/wp\/v2\/product_tag?post=307425"},{"taxonomy":"proximite","embeddable":true,"href":"https:\/\/lalmachine.com\/de\/wp-json\/wp\/v2\/proximite?post=307425"}],"curies":[{"name":"wp","href":"https:\/\/api.w.org\/{rel}","templated":true}]}}