{"id":307653,"date":"2023-06-02T07:56:32","date_gmt":"2023-06-02T05:56:32","guid":{"rendered":"https:\/\/lalmachine.com\/?post_type=product&#038;p=307653"},"modified":"2024-12-05T22:01:29","modified_gmt":"2024-12-05T21:01:29","slug":"canape-3-places-major-aj5-arne-jacobsen","status":"publish","type":"product","link":"https:\/\/lalmachine.com\/de\/shop\/sasseoir\/canape-fauteuil-pouf\/canape-3-places-major-aj5-arne-jacobsen\/","title":{"rendered":"Canap\u00e9 3 places Major AJ5 Arne Jacobsen"},"content":{"rendered":"<ul class=\"wpuf_customs\"><li style=\"list-style-type:none;\"><label>Autres photos:<\/label> <a href=\"https:\/\/lalmachine.com\/wp-content\/uploads\/2023\/05\/Capture-decran-2023-05-30-a-22.36.16.png\"><img loading=\"lazy\" decoding=\"async\" width=\"99\" height=\"96\" src=\"https:\/\/lalmachine.com\/wp-content\/uploads\/2023\/05\/Capture-decran-2023-05-30-a-22.36.16.png\" class=\"attachment-thumbnail size-thumbnail\" alt=\"\" \/><\/a> <a href=\"https:\/\/lalmachine.com\/wp-content\/uploads\/2023\/05\/Capture-decran-2023-05-30-a-22.36.25.png\"><img loading=\"lazy\" decoding=\"async\" width=\"106\" height=\"96\" src=\"https:\/\/lalmachine.com\/wp-content\/uploads\/2023\/05\/Capture-decran-2023-05-30-a-22.36.25.png\" class=\"attachment-thumbnail size-thumbnail\" alt=\"\" \/><\/a> <a href=\"https:\/\/lalmachine.com\/wp-content\/uploads\/2023\/05\/Capture-decran-2023-05-30-a-22.36.38.png\"><img loading=\"lazy\" decoding=\"async\" width=\"113\" height=\"96\" src=\"https:\/\/lalmachine.com\/wp-content\/uploads\/2023\/05\/Capture-decran-2023-05-30-a-22.36.38.png\" class=\"attachment-thumbnail size-thumbnail\" alt=\"\" \/><\/a> <a href=\"https:\/\/lalmachine.com\/wp-content\/uploads\/2023\/05\/Capture-decran-2023-05-30-a-22.36.54.png\"><img loading=\"lazy\" decoding=\"async\" width=\"78\" height=\"96\" src=\"https:\/\/lalmachine.com\/wp-content\/uploads\/2023\/05\/Capture-decran-2023-05-30-a-22.36.54.png\" class=\"attachment-thumbnail size-thumbnail\" alt=\"\" \/><\/a> <a href=\"https:\/\/lalmachine.com\/wp-content\/uploads\/2023\/05\/Capture-decran-2023-05-30-a-22.37.01.png\"><img loading=\"lazy\" decoding=\"async\" width=\"128\" height=\"96\" src=\"https:\/\/lalmachine.com\/wp-content\/uploads\/2023\/05\/Capture-decran-2023-05-30-a-22.37.01.png\" class=\"attachment-thumbnail size-thumbnail\" alt=\"\" \/><\/a> <a href=\"https:\/\/lalmachine.com\/wp-content\/uploads\/2023\/05\/Capture-decran-2023-05-30-a-22.37.08.png\"><img loading=\"lazy\" decoding=\"async\" width=\"128\" height=\"94\" src=\"https:\/\/lalmachine.com\/wp-content\/uploads\/2023\/05\/Capture-decran-2023-05-30-a-22.37.08.png\" class=\"attachment-thumbnail size-thumbnail\" alt=\"\" \/><\/a> <a href=\"https:\/\/lalmachine.com\/wp-content\/uploads\/2023\/05\/Capture-decran-2023-05-30-a-22.37.16.png\"><img loading=\"lazy\" decoding=\"async\" width=\"74\" height=\"96\" src=\"https:\/\/lalmachine.com\/wp-content\/uploads\/2023\/05\/Capture-decran-2023-05-30-a-22.37.16.png\" class=\"attachment-thumbnail size-thumbnail\" alt=\"\" \/><\/a> <a href=\"https:\/\/lalmachine.com\/wp-content\/uploads\/2023\/05\/Capture-decran-2023-05-30-a-22.37.22.png\"><img loading=\"lazy\" decoding=\"async\" width=\"80\" height=\"96\" src=\"https:\/\/lalmachine.com\/wp-content\/uploads\/2023\/05\/Capture-decran-2023-05-30-a-22.37.22.png\" class=\"attachment-thumbnail size-thumbnail\" alt=\"\" \/><\/a> <\/li>        <li class=\"wpuf-field-data wpuf-field-data-numeric_text_field\">\n                            <label>Prix:<\/label>\n                        2800        <\/li>\n                <li class=\"wpuf-field-data wpuf-field-data-numeric_text_field\">\n                            <label>Hauteur (cm):<\/label>\n                        70        <\/li>\n                <li class=\"wpuf-field-data wpuf-field-data-numeric_text_field\">\n                            <label>Largeur (cm):<\/label>\n                        202        <\/li>\n                <li class=\"wpuf-field-data wpuf-field-data-numeric_text_field\">\n                            <label>Profondeur (cm):<\/label>\n                        63        <\/li>\n        <\/ul>","protected":false},"excerpt":{"rendered":"<p>Canap\u00e9 3 places Mayor AJ5, con\u00e7u par Arne Jacobsen et Flemming Lassen.<\/p>\n<p>R\u00e9\u00e9dition d\u2019une v\u00e9ritable l\u00e9gende du design scandinave, le mythique sofa Mayor AJ5 imagin\u00e9 en 1939 par Arne Jacobsen pour l\u2019h\u00f4tel de ville de S\u00f8ller\u00f8d au Danemark. Exemple parfait de la tradition danoise et du travail artisanal du bois. Il se compose d\u2019un pi\u00e9tement en ch\u00eane massif et d\u2019une armature en bois formant l\u2019assise et le dossier. L\u2019habillage de la structure et les 3 coussins avec mousse sont recouverts d\u2019un tissu gris en parfait \u00e9tat. La forme et les lignes simples de ce sofa lui conf\u00e8rent une ergonomie parfaite.<\/p>","protected":false},"featured_media":307662,"template":"","meta":{"_et_pb_use_builder":"","_et_pb_old_content":"","_et_gb_content_width":""},"product_brand":[],"product_cat":[99,48],"product_tag":[],"proximite":[281,179],"class_list":{"0":"post-307653","1":"product","2":"type-product","3":"status-publish","4":"has-post-thumbnail","6":"product_cat-canape-fauteuil-pouf","7":"product_cat-sasseoir","8":"pa_couleur-gris","9":"pa_designer-jacobsen-arne","10":"pa_etat-tres-bon-etat","11":"pa_materiau-bois","12":"pa_style-design","13":"proximite-nyon","14":"proximite-vaud","16":"first","17":"outofstock","18":"shipping-taxable","19":"purchasable","20":"product-type-simple"},"yoast_head":"<!-- This site is optimized with the Yoast SEO plugin v27.4 - https:\/\/yoast.com\/product\/yoast-seo-wordpress\/ -->\n<title>Canap\u00e9 3 places Major AJ5 Arne Jacobsen | lalmachine.com<\/title>\n<meta name=\"description\" content=\"Canap\u00e9 3 places Mayor AJ5, con\u00e7u par Arne Jacobsen et Flemming Lassen.\" \/>\n<meta name=\"robots\" content=\"index, follow, max-snippet:-1, max-image-preview:large, max-video-preview:-1\" \/>\n<link rel=\"canonical\" href=\"https:\/\/lalmachine.com\/de\/shop\/sasseoir\/canape-fauteuil-pouf\/canape-3-places-major-aj5-arne-jacobsen\/\" \/>\n<meta property=\"og:locale\" content=\"de_DE\" \/>\n<meta property=\"og:type\" content=\"article\" \/>\n<meta property=\"og:title\" content=\"Canap\u00e9 3 places Major AJ5 Arne Jacobsen | lalmachine.com\" \/>\n<meta property=\"og:description\" content=\"Canap\u00e9 3 places Mayor AJ5, con\u00e7u par Arne Jacobsen et Flemming Lassen.\" \/>\n<meta property=\"og:url\" content=\"https:\/\/lalmachine.com\/de\/shop\/sasseoir\/canape-fauteuil-pouf\/canape-3-places-major-aj5-arne-jacobsen\/\" \/>\n<meta property=\"og:site_name\" content=\"lalmachine.com\" \/>\n<meta property=\"article:publisher\" content=\"https:\/\/facebook.com\/lalmachine\" \/>\n<meta property=\"article:modified_time\" content=\"2024-12-05T21:01:29+00:00\" \/>\n<meta property=\"og:image\" content=\"https:\/\/lalmachine.com\/wp-content\/uploads\/2023\/05\/Capture-decran-2023-05-30-a-22.36.25_clipped_rev_1.jpeg\" \/>\n\t<meta property=\"og:image:width\" content=\"1141\" \/>\n\t<meta property=\"og:image:height\" content=\"1142\" \/>\n\t<meta property=\"og:image:type\" content=\"image\/jpeg\" \/>\n<meta name=\"twitter:card\" content=\"summary_large_image\" \/>\n<script type=\"application\/ld+json\" class=\"yoast-schema-graph\">{\"@context\":\"https:\\\/\\\/schema.org\",\"@graph\":[{\"@type\":\"WebPage\",\"@id\":\"https:\\\/\\\/lalmachine.com\\\/shop\\\/sasseoir\\\/canape-fauteuil-pouf\\\/canape-3-places-major-aj5-arne-jacobsen\\\/\",\"url\":\"https:\\\/\\\/lalmachine.com\\\/shop\\\/sasseoir\\\/canape-fauteuil-pouf\\\/canape-3-places-major-aj5-arne-jacobsen\\\/\",\"name\":\"Canap\u00e9 3 places Major AJ5 Arne Jacobsen | lalmachine.com\",\"isPartOf\":{\"@id\":\"https:\\\/\\\/lalmachine.com\\\/#website\"},\"primaryImageOfPage\":{\"@id\":\"https:\\\/\\\/lalmachine.com\\\/shop\\\/sasseoir\\\/canape-fauteuil-pouf\\\/canape-3-places-major-aj5-arne-jacobsen\\\/#primaryimage\"},\"image\":{\"@id\":\"https:\\\/\\\/lalmachine.com\\\/shop\\\/sasseoir\\\/canape-fauteuil-pouf\\\/canape-3-places-major-aj5-arne-jacobsen\\\/#primaryimage\"},\"thumbnailUrl\":\"https:\\\/\\\/lalmachine.com\\\/wp-content\\\/uploads\\\/2023\\\/05\\\/Capture-decran-2023-05-30-a-22.36.25_clipped_rev_1.jpeg\",\"datePublished\":\"2023-06-02T05:56:32+00:00\",\"dateModified\":\"2024-12-05T21:01:29+00:00\",\"description\":\"Canap\u00e9 3 places Mayor AJ5, con\u00e7u par Arne Jacobsen et Flemming Lassen.\",\"breadcrumb\":{\"@id\":\"https:\\\/\\\/lalmachine.com\\\/shop\\\/sasseoir\\\/canape-fauteuil-pouf\\\/canape-3-places-major-aj5-arne-jacobsen\\\/#breadcrumb\"},\"inLanguage\":\"de\",\"potentialAction\":[{\"@type\":\"ReadAction\",\"target\":[\"https:\\\/\\\/lalmachine.com\\\/shop\\\/sasseoir\\\/canape-fauteuil-pouf\\\/canape-3-places-major-aj5-arne-jacobsen\\\/\"]}]},{\"@type\":\"ImageObject\",\"inLanguage\":\"de\",\"@id\":\"https:\\\/\\\/lalmachine.com\\\/shop\\\/sasseoir\\\/canape-fauteuil-pouf\\\/canape-3-places-major-aj5-arne-jacobsen\\\/#primaryimage\",\"url\":\"https:\\\/\\\/lalmachine.com\\\/wp-content\\\/uploads\\\/2023\\\/05\\\/Capture-decran-2023-05-30-a-22.36.25_clipped_rev_1.jpeg\",\"contentUrl\":\"https:\\\/\\\/lalmachine.com\\\/wp-content\\\/uploads\\\/2023\\\/05\\\/Capture-decran-2023-05-30-a-22.36.25_clipped_rev_1.jpeg\",\"width\":1141,\"height\":1142},{\"@type\":\"BreadcrumbList\",\"@id\":\"https:\\\/\\\/lalmachine.com\\\/shop\\\/sasseoir\\\/canape-fauteuil-pouf\\\/canape-3-places-major-aj5-arne-jacobsen\\\/#breadcrumb\",\"itemListElement\":[{\"@type\":\"ListItem\",\"position\":1,\"name\":\"Accueil\",\"item\":\"https:\\\/\\\/lalmachine.com\\\/\"},{\"@type\":\"ListItem\",\"position\":2,\"name\":\"Shop\",\"item\":\"https:\\\/\\\/lalmachine.com\\\/shop\\\/\"},{\"@type\":\"ListItem\",\"position\":3,\"name\":\"Canap\u00e9 3 places Major AJ5 Arne Jacobsen\"}]},{\"@type\":\"WebSite\",\"@id\":\"https:\\\/\\\/lalmachine.com\\\/#website\",\"url\":\"https:\\\/\\\/lalmachine.com\\\/\",\"name\":\"lalmachine.com\",\"description\":\"Brocante en ligne Suisse | Mobilier et objets d\u00e9co vintage et design\",\"potentialAction\":[{\"@type\":\"SearchAction\",\"target\":{\"@type\":\"EntryPoint\",\"urlTemplate\":\"https:\\\/\\\/lalmachine.com\\\/?s={search_term_string}\"},\"query-input\":{\"@type\":\"PropertyValueSpecification\",\"valueRequired\":true,\"valueName\":\"search_term_string\"}}],\"inLanguage\":\"de\"}]}<\/script>\n<!-- \/ Yoast SEO plugin. -->","yoast_head_json":{"title":"Canap\u00e9 3 places Major AJ5 Arne Jacobsen | lalmachine.com","description":"Canap\u00e9 3 places Mayor AJ5, con\u00e7u par Arne Jacobsen et Flemming Lassen.","robots":{"index":"index","follow":"follow","max-snippet":"max-snippet:-1","max-image-preview":"max-image-preview:large","max-video-preview":"max-video-preview:-1"},"canonical":"https:\/\/lalmachine.com\/de\/shop\/sasseoir\/canape-fauteuil-pouf\/canape-3-places-major-aj5-arne-jacobsen\/","og_locale":"de_DE","og_type":"article","og_title":"Canap\u00e9 3 places Major AJ5 Arne Jacobsen | lalmachine.com","og_description":"Canap\u00e9 3 places Mayor AJ5, con\u00e7u par Arne Jacobsen et Flemming Lassen.","og_url":"https:\/\/lalmachine.com\/de\/shop\/sasseoir\/canape-fauteuil-pouf\/canape-3-places-major-aj5-arne-jacobsen\/","og_site_name":"lalmachine.com","article_publisher":"https:\/\/facebook.com\/lalmachine","article_modified_time":"2024-12-05T21:01:29+00:00","og_image":[{"width":1141,"height":1142,"url":"https:\/\/lalmachine.com\/wp-content\/uploads\/2023\/05\/Capture-decran-2023-05-30-a-22.36.25_clipped_rev_1.jpeg","type":"image\/jpeg"}],"twitter_card":"summary_large_image","schema":{"@context":"https:\/\/schema.org","@graph":[{"@type":"WebPage","@id":"https:\/\/lalmachine.com\/shop\/sasseoir\/canape-fauteuil-pouf\/canape-3-places-major-aj5-arne-jacobsen\/","url":"https:\/\/lalmachine.com\/shop\/sasseoir\/canape-fauteuil-pouf\/canape-3-places-major-aj5-arne-jacobsen\/","name":"Canap\u00e9 3 places Major AJ5 Arne Jacobsen | lalmachine.com","isPartOf":{"@id":"https:\/\/lalmachine.com\/#website"},"primaryImageOfPage":{"@id":"https:\/\/lalmachine.com\/shop\/sasseoir\/canape-fauteuil-pouf\/canape-3-places-major-aj5-arne-jacobsen\/#primaryimage"},"image":{"@id":"https:\/\/lalmachine.com\/shop\/sasseoir\/canape-fauteuil-pouf\/canape-3-places-major-aj5-arne-jacobsen\/#primaryimage"},"thumbnailUrl":"https:\/\/lalmachine.com\/wp-content\/uploads\/2023\/05\/Capture-decran-2023-05-30-a-22.36.25_clipped_rev_1.jpeg","datePublished":"2023-06-02T05:56:32+00:00","dateModified":"2024-12-05T21:01:29+00:00","description":"Canap\u00e9 3 places Mayor AJ5, con\u00e7u par Arne Jacobsen et Flemming Lassen.","breadcrumb":{"@id":"https:\/\/lalmachine.com\/shop\/sasseoir\/canape-fauteuil-pouf\/canape-3-places-major-aj5-arne-jacobsen\/#breadcrumb"},"inLanguage":"de","potentialAction":[{"@type":"ReadAction","target":["https:\/\/lalmachine.com\/shop\/sasseoir\/canape-fauteuil-pouf\/canape-3-places-major-aj5-arne-jacobsen\/"]}]},{"@type":"ImageObject","inLanguage":"de","@id":"https:\/\/lalmachine.com\/shop\/sasseoir\/canape-fauteuil-pouf\/canape-3-places-major-aj5-arne-jacobsen\/#primaryimage","url":"https:\/\/lalmachine.com\/wp-content\/uploads\/2023\/05\/Capture-decran-2023-05-30-a-22.36.25_clipped_rev_1.jpeg","contentUrl":"https:\/\/lalmachine.com\/wp-content\/uploads\/2023\/05\/Capture-decran-2023-05-30-a-22.36.25_clipped_rev_1.jpeg","width":1141,"height":1142},{"@type":"BreadcrumbList","@id":"https:\/\/lalmachine.com\/shop\/sasseoir\/canape-fauteuil-pouf\/canape-3-places-major-aj5-arne-jacobsen\/#breadcrumb","itemListElement":[{"@type":"ListItem","position":1,"name":"Accueil","item":"https:\/\/lalmachine.com\/"},{"@type":"ListItem","position":2,"name":"Shop","item":"https:\/\/lalmachine.com\/shop\/"},{"@type":"ListItem","position":3,"name":"Canap\u00e9 3 places Major AJ5 Arne Jacobsen"}]},{"@type":"WebSite","@id":"https:\/\/lalmachine.com\/#website","url":"https:\/\/lalmachine.com\/","name":"lalmachine.com","description":"Brocante en ligne Suisse | Mobilier et objets d\u00e9co vintage et design","potentialAction":[{"@type":"SearchAction","target":{"@type":"EntryPoint","urlTemplate":"https:\/\/lalmachine.com\/?s={search_term_string}"},"query-input":{"@type":"PropertyValueSpecification","valueRequired":true,"valueName":"search_term_string"}}],"inLanguage":"de"}]}},"_links":{"self":[{"href":"https:\/\/lalmachine.com\/de\/wp-json\/wp\/v2\/product\/307653","targetHints":{"allow":["GET"]}}],"collection":[{"href":"https:\/\/lalmachine.com\/de\/wp-json\/wp\/v2\/product"}],"about":[{"href":"https:\/\/lalmachine.com\/de\/wp-json\/wp\/v2\/types\/product"}],"wp:featuredmedia":[{"embeddable":true,"href":"https:\/\/lalmachine.com\/de\/wp-json\/wp\/v2\/media\/307662"}],"wp:attachment":[{"href":"https:\/\/lalmachine.com\/de\/wp-json\/wp\/v2\/media?parent=307653"}],"wp:term":[{"taxonomy":"product_brand","embeddable":true,"href":"https:\/\/lalmachine.com\/de\/wp-json\/wp\/v2\/product_brand?post=307653"},{"taxonomy":"product_cat","embeddable":true,"href":"https:\/\/lalmachine.com\/de\/wp-json\/wp\/v2\/product_cat?post=307653"},{"taxonomy":"product_tag","embeddable":true,"href":"https:\/\/lalmachine.com\/de\/wp-json\/wp\/v2\/product_tag?post=307653"},{"taxonomy":"proximite","embeddable":true,"href":"https:\/\/lalmachine.com\/de\/wp-json\/wp\/v2\/proximite?post=307653"}],"curies":[{"name":"wp","href":"https:\/\/api.w.org\/{rel}","templated":true}]}}