{"id":307753,"date":"2023-06-04T09:30:58","date_gmt":"2023-06-04T07:30:58","guid":{"rendered":"https:\/\/lalmachine.com\/?post_type=product&#038;p=307753"},"modified":"2024-12-05T22:01:30","modified_gmt":"2024-12-05T21:01:30","slug":"joli-vase-atelier-menelika-vers-1950","status":"publish","type":"product","link":"https:\/\/lalmachine.com\/de\/shop\/decorer\/vase-ceramique\/joli-vase-atelier-menelika-vers-1950\/","title":{"rendered":"Vase \u00abAtelier Menelika\u00bb vers 1950"},"content":{"rendered":"<ul class=\"wpuf_customs\"><li style=\"list-style-type:none;\"><label>Autres photos:<\/label> <a href=\"https:\/\/lalmachine.com\/wp-content\/uploads\/2023\/06\/atelier-menelika-vase-ceramique-vente-boutique-du-mail-geneve.jpg\"><img loading=\"lazy\" decoding=\"async\" width=\"76\" height=\"96\" src=\"https:\/\/lalmachine.com\/wp-content\/uploads\/2023\/06\/atelier-menelika-vase-ceramique-vente-boutique-du-mail-geneve.jpg\" class=\"attachment-thumbnail size-thumbnail\" alt=\"\" \/><\/a> <a href=\"https:\/\/lalmachine.com\/wp-content\/uploads\/2023\/06\/ceramique-atelier-menelika-vente-en-ligne-boutique-du-mail-geneve.jpg\"><img loading=\"lazy\" decoding=\"async\" width=\"76\" height=\"96\" src=\"https:\/\/lalmachine.com\/wp-content\/uploads\/2023\/06\/ceramique-atelier-menelika-vente-en-ligne-boutique-du-mail-geneve.jpg\" class=\"attachment-thumbnail size-thumbnail\" alt=\"\" \/><\/a> <a href=\"https:\/\/lalmachine.com\/wp-content\/uploads\/2023\/06\/atelier-menelika-vente-en-ligne-boutique-du-mail-geneve.jpg\"><img loading=\"lazy\" decoding=\"async\" width=\"76\" height=\"96\" src=\"https:\/\/lalmachine.com\/wp-content\/uploads\/2023\/06\/atelier-menelika-vente-en-ligne-boutique-du-mail-geneve.jpg\" class=\"attachment-thumbnail size-thumbnail\" alt=\"\" \/><\/a> <a href=\"https:\/\/lalmachine.com\/wp-content\/uploads\/2023\/06\/ceramique-menelika-vente-boutique-du-mail-geneve.jpg\"><img loading=\"lazy\" decoding=\"async\" width=\"76\" height=\"96\" src=\"https:\/\/lalmachine.com\/wp-content\/uploads\/2023\/06\/ceramique-menelika-vente-boutique-du-mail-geneve.jpg\" class=\"attachment-thumbnail size-thumbnail\" alt=\"\" \/><\/a> <\/li>        <li class=\"wpuf-field-data wpuf-field-data-numeric_text_field\">\n                            <label>Prix:<\/label>\n                        90        <\/li>\n                <li class=\"wpuf-field-data wpuf-field-data-numeric_text_field\">\n                            <label>Quantit\u00e9:<\/label>\n                        0        <\/li>\n                <li class=\"wpuf-field-data wpuf-field-data-numeric_text_field\">\n                            <label>Hauteur (cm):<\/label>\n                        19        <\/li>\n                <li class=\"wpuf-field-data wpuf-field-data-numeric_text_field\">\n                            <label>Largeur (cm):<\/label>\n                        12        <\/li>\n        <\/ul>","protected":false},"excerpt":{"rendered":"<p>Vase en c\u00e9ramique \u00e9maill\u00e9e beige \u00e0 la forme \u00e9pur\u00e9e, d\u00e9cor\u00e9 de signes abstraits.<\/p>\n<p>Sign\u00e9e : 7251 mk<\/p>\n<p>Atelier c\u00e9ramique \u00abPoterie d&rsquo;art Menelika\u00bb (1924 &#8211; 1960), Gen\u00e8ve<br \/>\nEn 1924, H\u00e9l\u00e8ne Imbert-Amoudruz et son \u00e9poux Charles lmbert ouvrent l\u2019atelier de c\u00e9ramique<br \/>\n\u00abPoterie d&rsquo;art Menelika\u00bb, ce couple de passionn\u00e9es participent surtout dans la p\u00e9riode de l&rsquo;entre-deux-guerres, \u00e0 faire de la r\u00e9gion genevoise un foyer c\u00e9ramique extr\u00eamement vivant. Des c\u00e9ramiques font parties de la collection du Mus\u00e9e de l\u2019Ariana, Gen\u00e8ve<\/p>","protected":false},"featured_media":307770,"template":"","meta":{"_et_pb_use_builder":"","_et_pb_old_content":"","_et_gb_content_width":""},"product_brand":[],"product_cat":[50,400],"product_tag":[],"proximite":[180],"class_list":{"0":"post-307753","1":"product","2":"type-product","3":"status-publish","4":"has-post-thumbnail","6":"product_cat-decorer","7":"product_cat-vase-ceramique","8":"product_shipping_class-2-10-kg","9":"pa_couleur-beige","10":"pa_etat-tres-bon-etat","11":"pa_materiau-ceramique","12":"pa_style-vintage","13":"proximite-geneve","15":"first","16":"outofstock","17":"shipping-taxable","18":"purchasable","19":"product-type-simple"},"yoast_head":"<!-- This site is optimized with the Yoast SEO plugin v27.4 - https:\/\/yoast.com\/product\/yoast-seo-wordpress\/ -->\n<title>Vase \u00abAtelier Menelika\u00bb vers 1950 | lalmachine.com<\/title>\n<meta name=\"description\" content=\"Vase en c\u00e9ramique \u00e9maill\u00e9e beige \u00e0 la forme \u00e9pur\u00e9e, d\u00e9cor\u00e9 de signes abstraits. Sa facture un peu rugueuse pourrait \u00eatre d\u00fb \u00e0 une imperfection de cuisson.\" \/>\n<meta name=\"robots\" content=\"index, follow, max-snippet:-1, max-image-preview:large, max-video-preview:-1\" \/>\n<link rel=\"canonical\" href=\"https:\/\/lalmachine.com\/de\/shop\/decorer\/vase-ceramique\/joli-vase-atelier-menelika-vers-1950\/\" \/>\n<meta property=\"og:locale\" content=\"de_DE\" \/>\n<meta property=\"og:type\" content=\"article\" \/>\n<meta property=\"og:title\" content=\"Vase \u00abAtelier Menelika\u00bb vers 1950 | lalmachine.com\" \/>\n<meta property=\"og:description\" content=\"Vase en c\u00e9ramique \u00e9maill\u00e9e beige \u00e0 la forme \u00e9pur\u00e9e, d\u00e9cor\u00e9 de signes abstraits. Sa facture un peu rugueuse pourrait \u00eatre d\u00fb \u00e0 une imperfection de cuisson.\" \/>\n<meta property=\"og:url\" content=\"https:\/\/lalmachine.com\/de\/shop\/decorer\/vase-ceramique\/joli-vase-atelier-menelika-vers-1950\/\" \/>\n<meta property=\"og:site_name\" content=\"lalmachine.com\" \/>\n<meta property=\"article:publisher\" content=\"https:\/\/facebook.com\/lalmachine\" \/>\n<meta property=\"article:modified_time\" content=\"2024-12-05T21:01:30+00:00\" \/>\n<meta property=\"og:image\" content=\"https:\/\/lalmachine.com\/wp-content\/uploads\/2023\/06\/Pasted-20230604-091227_clipped_rev_1.jpeg\" \/>\n\t<meta property=\"og:image:width\" content=\"1529\" \/>\n\t<meta property=\"og:image:height\" content=\"1529\" \/>\n\t<meta property=\"og:image:type\" content=\"image\/jpeg\" \/>\n<meta name=\"twitter:card\" content=\"summary_large_image\" \/>\n<script type=\"application\/ld+json\" class=\"yoast-schema-graph\">{\"@context\":\"https:\\\/\\\/schema.org\",\"@graph\":[{\"@type\":\"WebPage\",\"@id\":\"https:\\\/\\\/lalmachine.com\\\/shop\\\/decorer\\\/vase-ceramique\\\/joli-vase-atelier-menelika-vers-1950\\\/\",\"url\":\"https:\\\/\\\/lalmachine.com\\\/shop\\\/decorer\\\/vase-ceramique\\\/joli-vase-atelier-menelika-vers-1950\\\/\",\"name\":\"Vase \u00abAtelier Menelika\u00bb vers 1950 | lalmachine.com\",\"isPartOf\":{\"@id\":\"https:\\\/\\\/lalmachine.com\\\/#website\"},\"primaryImageOfPage\":{\"@id\":\"https:\\\/\\\/lalmachine.com\\\/shop\\\/decorer\\\/vase-ceramique\\\/joli-vase-atelier-menelika-vers-1950\\\/#primaryimage\"},\"image\":{\"@id\":\"https:\\\/\\\/lalmachine.com\\\/shop\\\/decorer\\\/vase-ceramique\\\/joli-vase-atelier-menelika-vers-1950\\\/#primaryimage\"},\"thumbnailUrl\":\"https:\\\/\\\/lalmachine.com\\\/wp-content\\\/uploads\\\/2023\\\/06\\\/Pasted-20230604-091227_clipped_rev_1.jpeg\",\"datePublished\":\"2023-06-04T07:30:58+00:00\",\"dateModified\":\"2024-12-05T21:01:30+00:00\",\"description\":\"Vase en c\u00e9ramique \u00e9maill\u00e9e beige \u00e0 la forme \u00e9pur\u00e9e, d\u00e9cor\u00e9 de signes abstraits. Sa facture un peu rugueuse pourrait \u00eatre d\u00fb \u00e0 une imperfection de cuisson.\",\"breadcrumb\":{\"@id\":\"https:\\\/\\\/lalmachine.com\\\/shop\\\/decorer\\\/vase-ceramique\\\/joli-vase-atelier-menelika-vers-1950\\\/#breadcrumb\"},\"inLanguage\":\"de\",\"potentialAction\":[{\"@type\":\"ReadAction\",\"target\":[\"https:\\\/\\\/lalmachine.com\\\/shop\\\/decorer\\\/vase-ceramique\\\/joli-vase-atelier-menelika-vers-1950\\\/\"]}]},{\"@type\":\"ImageObject\",\"inLanguage\":\"de\",\"@id\":\"https:\\\/\\\/lalmachine.com\\\/shop\\\/decorer\\\/vase-ceramique\\\/joli-vase-atelier-menelika-vers-1950\\\/#primaryimage\",\"url\":\"https:\\\/\\\/lalmachine.com\\\/wp-content\\\/uploads\\\/2023\\\/06\\\/Pasted-20230604-091227_clipped_rev_1.jpeg\",\"contentUrl\":\"https:\\\/\\\/lalmachine.com\\\/wp-content\\\/uploads\\\/2023\\\/06\\\/Pasted-20230604-091227_clipped_rev_1.jpeg\",\"width\":1529,\"height\":1529,\"caption\":\"Joli vase \u00abAtelier Menelika\u00bb vers 1950\"},{\"@type\":\"BreadcrumbList\",\"@id\":\"https:\\\/\\\/lalmachine.com\\\/shop\\\/decorer\\\/vase-ceramique\\\/joli-vase-atelier-menelika-vers-1950\\\/#breadcrumb\",\"itemListElement\":[{\"@type\":\"ListItem\",\"position\":1,\"name\":\"Accueil\",\"item\":\"https:\\\/\\\/lalmachine.com\\\/\"},{\"@type\":\"ListItem\",\"position\":2,\"name\":\"Shop\",\"item\":\"https:\\\/\\\/lalmachine.com\\\/shop\\\/\"},{\"@type\":\"ListItem\",\"position\":3,\"name\":\"Vase \u00abAtelier Menelika\u00bb vers 1950\"}]},{\"@type\":\"WebSite\",\"@id\":\"https:\\\/\\\/lalmachine.com\\\/#website\",\"url\":\"https:\\\/\\\/lalmachine.com\\\/\",\"name\":\"lalmachine.com\",\"description\":\"Brocante en ligne Suisse | Mobilier et objets d\u00e9co vintage et design\",\"potentialAction\":[{\"@type\":\"SearchAction\",\"target\":{\"@type\":\"EntryPoint\",\"urlTemplate\":\"https:\\\/\\\/lalmachine.com\\\/?s={search_term_string}\"},\"query-input\":{\"@type\":\"PropertyValueSpecification\",\"valueRequired\":true,\"valueName\":\"search_term_string\"}}],\"inLanguage\":\"de\"}]}<\/script>\n<!-- \/ Yoast SEO plugin. -->","yoast_head_json":{"title":"Vase \u00abAtelier Menelika\u00bb vers 1950 | lalmachine.com","description":"Vase en c\u00e9ramique \u00e9maill\u00e9e beige \u00e0 la forme \u00e9pur\u00e9e, d\u00e9cor\u00e9 de signes abstraits. Sa facture un peu rugueuse pourrait \u00eatre d\u00fb \u00e0 une imperfection de cuisson.","robots":{"index":"index","follow":"follow","max-snippet":"max-snippet:-1","max-image-preview":"max-image-preview:large","max-video-preview":"max-video-preview:-1"},"canonical":"https:\/\/lalmachine.com\/de\/shop\/decorer\/vase-ceramique\/joli-vase-atelier-menelika-vers-1950\/","og_locale":"de_DE","og_type":"article","og_title":"Vase \u00abAtelier Menelika\u00bb vers 1950 | lalmachine.com","og_description":"Vase en c\u00e9ramique \u00e9maill\u00e9e beige \u00e0 la forme \u00e9pur\u00e9e, d\u00e9cor\u00e9 de signes abstraits. Sa facture un peu rugueuse pourrait \u00eatre d\u00fb \u00e0 une imperfection de cuisson.","og_url":"https:\/\/lalmachine.com\/de\/shop\/decorer\/vase-ceramique\/joli-vase-atelier-menelika-vers-1950\/","og_site_name":"lalmachine.com","article_publisher":"https:\/\/facebook.com\/lalmachine","article_modified_time":"2024-12-05T21:01:30+00:00","og_image":[{"width":1529,"height":1529,"url":"https:\/\/lalmachine.com\/wp-content\/uploads\/2023\/06\/Pasted-20230604-091227_clipped_rev_1.jpeg","type":"image\/jpeg"}],"twitter_card":"summary_large_image","schema":{"@context":"https:\/\/schema.org","@graph":[{"@type":"WebPage","@id":"https:\/\/lalmachine.com\/shop\/decorer\/vase-ceramique\/joli-vase-atelier-menelika-vers-1950\/","url":"https:\/\/lalmachine.com\/shop\/decorer\/vase-ceramique\/joli-vase-atelier-menelika-vers-1950\/","name":"Vase \u00abAtelier Menelika\u00bb vers 1950 | lalmachine.com","isPartOf":{"@id":"https:\/\/lalmachine.com\/#website"},"primaryImageOfPage":{"@id":"https:\/\/lalmachine.com\/shop\/decorer\/vase-ceramique\/joli-vase-atelier-menelika-vers-1950\/#primaryimage"},"image":{"@id":"https:\/\/lalmachine.com\/shop\/decorer\/vase-ceramique\/joli-vase-atelier-menelika-vers-1950\/#primaryimage"},"thumbnailUrl":"https:\/\/lalmachine.com\/wp-content\/uploads\/2023\/06\/Pasted-20230604-091227_clipped_rev_1.jpeg","datePublished":"2023-06-04T07:30:58+00:00","dateModified":"2024-12-05T21:01:30+00:00","description":"Vase en c\u00e9ramique \u00e9maill\u00e9e beige \u00e0 la forme \u00e9pur\u00e9e, d\u00e9cor\u00e9 de signes abstraits. Sa facture un peu rugueuse pourrait \u00eatre d\u00fb \u00e0 une imperfection de cuisson.","breadcrumb":{"@id":"https:\/\/lalmachine.com\/shop\/decorer\/vase-ceramique\/joli-vase-atelier-menelika-vers-1950\/#breadcrumb"},"inLanguage":"de","potentialAction":[{"@type":"ReadAction","target":["https:\/\/lalmachine.com\/shop\/decorer\/vase-ceramique\/joli-vase-atelier-menelika-vers-1950\/"]}]},{"@type":"ImageObject","inLanguage":"de","@id":"https:\/\/lalmachine.com\/shop\/decorer\/vase-ceramique\/joli-vase-atelier-menelika-vers-1950\/#primaryimage","url":"https:\/\/lalmachine.com\/wp-content\/uploads\/2023\/06\/Pasted-20230604-091227_clipped_rev_1.jpeg","contentUrl":"https:\/\/lalmachine.com\/wp-content\/uploads\/2023\/06\/Pasted-20230604-091227_clipped_rev_1.jpeg","width":1529,"height":1529,"caption":"Joli vase \u00abAtelier Menelika\u00bb vers 1950"},{"@type":"BreadcrumbList","@id":"https:\/\/lalmachine.com\/shop\/decorer\/vase-ceramique\/joli-vase-atelier-menelika-vers-1950\/#breadcrumb","itemListElement":[{"@type":"ListItem","position":1,"name":"Accueil","item":"https:\/\/lalmachine.com\/"},{"@type":"ListItem","position":2,"name":"Shop","item":"https:\/\/lalmachine.com\/shop\/"},{"@type":"ListItem","position":3,"name":"Vase \u00abAtelier Menelika\u00bb vers 1950"}]},{"@type":"WebSite","@id":"https:\/\/lalmachine.com\/#website","url":"https:\/\/lalmachine.com\/","name":"lalmachine.com","description":"Brocante en ligne Suisse | Mobilier et objets d\u00e9co vintage et design","potentialAction":[{"@type":"SearchAction","target":{"@type":"EntryPoint","urlTemplate":"https:\/\/lalmachine.com\/?s={search_term_string}"},"query-input":{"@type":"PropertyValueSpecification","valueRequired":true,"valueName":"search_term_string"}}],"inLanguage":"de"}]}},"_links":{"self":[{"href":"https:\/\/lalmachine.com\/de\/wp-json\/wp\/v2\/product\/307753","targetHints":{"allow":["GET"]}}],"collection":[{"href":"https:\/\/lalmachine.com\/de\/wp-json\/wp\/v2\/product"}],"about":[{"href":"https:\/\/lalmachine.com\/de\/wp-json\/wp\/v2\/types\/product"}],"wp:featuredmedia":[{"embeddable":true,"href":"https:\/\/lalmachine.com\/de\/wp-json\/wp\/v2\/media\/307770"}],"wp:attachment":[{"href":"https:\/\/lalmachine.com\/de\/wp-json\/wp\/v2\/media?parent=307753"}],"wp:term":[{"taxonomy":"product_brand","embeddable":true,"href":"https:\/\/lalmachine.com\/de\/wp-json\/wp\/v2\/product_brand?post=307753"},{"taxonomy":"product_cat","embeddable":true,"href":"https:\/\/lalmachine.com\/de\/wp-json\/wp\/v2\/product_cat?post=307753"},{"taxonomy":"product_tag","embeddable":true,"href":"https:\/\/lalmachine.com\/de\/wp-json\/wp\/v2\/product_tag?post=307753"},{"taxonomy":"proximite","embeddable":true,"href":"https:\/\/lalmachine.com\/de\/wp-json\/wp\/v2\/proximite?post=307753"}],"curies":[{"name":"wp","href":"https:\/\/api.w.org\/{rel}","templated":true}]}}