{"id":307897,"date":"2023-06-06T11:09:02","date_gmt":"2023-06-06T09:09:02","guid":{"rendered":"https:\/\/lalmachine.com\/?post_type=product&#038;p=307897"},"modified":"2024-12-05T22:01:31","modified_gmt":"2024-12-05T21:01:31","slug":"secretaire-bureau-vintage-en-teck-suisse-1970s","status":"publish","type":"product","link":"https:\/\/lalmachine.com\/de\/shop\/meubler\/bureau\/secretaire-bureau-vintage-en-teck-suisse-1970s\/","title":{"rendered":"Secr\u00e9taire bureau vintage en teck, Suisse, 1970&rsquo;s"},"content":{"rendered":"<ul class=\"wpuf_customs\"><li style=\"list-style-type:none;\"><label>Autres photos:<\/label> <a href=\"https:\/\/lalmachine.com\/wp-content\/uploads\/2023\/06\/5DA6B68E-71C7-48A8-B515-BCF47FE341B0.png\"><img loading=\"lazy\" decoding=\"async\" width=\"96\" height=\"96\" src=\"https:\/\/lalmachine.com\/wp-content\/uploads\/2023\/06\/5DA6B68E-71C7-48A8-B515-BCF47FE341B0.png\" class=\"attachment-thumbnail size-thumbnail\" alt=\"\" \/><\/a> <a href=\"https:\/\/lalmachine.com\/wp-content\/uploads\/2023\/06\/00D20896-9EAA-48CD-B2B6-0553C014D6FD_1_201_a-scaled.jpeg\"><img loading=\"lazy\" decoding=\"async\" width=\"96\" height=\"96\" src=\"https:\/\/lalmachine.com\/wp-content\/uploads\/2023\/06\/00D20896-9EAA-48CD-B2B6-0553C014D6FD_1_201_a-scaled.jpeg\" class=\"attachment-thumbnail size-thumbnail\" alt=\"\" \/><\/a> <a href=\"https:\/\/lalmachine.com\/wp-content\/uploads\/2023\/06\/F6C281F6-5F90-4989-AB20-76EE9787F8D9_1_201_a-scaled.jpeg\"><img loading=\"lazy\" decoding=\"async\" width=\"96\" height=\"96\" src=\"https:\/\/lalmachine.com\/wp-content\/uploads\/2023\/06\/F6C281F6-5F90-4989-AB20-76EE9787F8D9_1_201_a-scaled.jpeg\" class=\"attachment-thumbnail size-thumbnail\" alt=\"\" \/><\/a> <a href=\"https:\/\/lalmachine.com\/wp-content\/uploads\/2023\/06\/4011816B-50FF-4EF9-8690-D4CBAABEF387_1_201_a-scaled.jpeg\"><img loading=\"lazy\" decoding=\"async\" width=\"96\" height=\"96\" src=\"https:\/\/lalmachine.com\/wp-content\/uploads\/2023\/06\/4011816B-50FF-4EF9-8690-D4CBAABEF387_1_201_a-scaled.jpeg\" class=\"attachment-thumbnail size-thumbnail\" alt=\"\" \/><\/a> <a href=\"https:\/\/lalmachine.com\/wp-content\/uploads\/2023\/06\/D2D996F4-EE62-4148-B9E0-A5D01455A644_1_201_a-scaled.jpeg\"><img loading=\"lazy\" decoding=\"async\" width=\"96\" height=\"96\" src=\"https:\/\/lalmachine.com\/wp-content\/uploads\/2023\/06\/D2D996F4-EE62-4148-B9E0-A5D01455A644_1_201_a-scaled.jpeg\" class=\"attachment-thumbnail size-thumbnail\" alt=\"\" \/><\/a> <a href=\"https:\/\/lalmachine.com\/wp-content\/uploads\/2023\/06\/51557C77-631B-45A8-9A4C-9908EC3F1820_1_201_a-scaled.jpeg\"><img loading=\"lazy\" decoding=\"async\" width=\"96\" height=\"96\" src=\"https:\/\/lalmachine.com\/wp-content\/uploads\/2023\/06\/51557C77-631B-45A8-9A4C-9908EC3F1820_1_201_a-scaled.jpeg\" class=\"attachment-thumbnail size-thumbnail\" alt=\"\" \/><\/a> <a href=\"https:\/\/lalmachine.com\/wp-content\/uploads\/2023\/06\/4742D1BF-F81E-4311-B387-6A7727E8D340_1_201_a-scaled.jpeg\"><img loading=\"lazy\" decoding=\"async\" width=\"96\" height=\"96\" src=\"https:\/\/lalmachine.com\/wp-content\/uploads\/2023\/06\/4742D1BF-F81E-4311-B387-6A7727E8D340_1_201_a-scaled.jpeg\" class=\"attachment-thumbnail size-thumbnail\" alt=\"\" \/><\/a> <a href=\"https:\/\/lalmachine.com\/wp-content\/uploads\/2023\/06\/4CE5F7DE-010C-4589-91EF-A70437DD1664_1_201_a-scaled.jpeg\"><img loading=\"lazy\" decoding=\"async\" width=\"96\" height=\"96\" src=\"https:\/\/lalmachine.com\/wp-content\/uploads\/2023\/06\/4CE5F7DE-010C-4589-91EF-A70437DD1664_1_201_a-scaled.jpeg\" class=\"attachment-thumbnail size-thumbnail\" alt=\"\" \/><\/a> <a href=\"https:\/\/lalmachine.com\/wp-content\/uploads\/2023\/06\/6ED53DAE-A326-40E6-9349-8FFCB6BB1EB6_1_201_a-scaled.jpeg\"><img loading=\"lazy\" decoding=\"async\" width=\"96\" height=\"96\" src=\"https:\/\/lalmachine.com\/wp-content\/uploads\/2023\/06\/6ED53DAE-A326-40E6-9349-8FFCB6BB1EB6_1_201_a-scaled.jpeg\" class=\"attachment-thumbnail size-thumbnail\" alt=\"\" \/><\/a> <\/li>        <li class=\"wpuf-field-data wpuf-field-data-numeric_text_field\">\n                            <label>Prix:<\/label>\n                        580        <\/li>\n                <li class=\"wpuf-field-data wpuf-field-data-numeric_text_field\">\n                            <label>Hauteur (cm):<\/label>\n                        148        <\/li>\n                <li class=\"wpuf-field-data wpuf-field-data-numeric_text_field\">\n                            <label>Largeur (cm):<\/label>\n                        110        <\/li>\n                <li class=\"wpuf-field-data wpuf-field-data-numeric_text_field\">\n                            <label>Profondeur (cm):<\/label>\n                        50        <\/li>\n        <\/ul>","protected":false},"excerpt":{"rendered":"<p>Grand secr\u00e9taire en teck comportant une foule de rangements dont un grand tiroir au sol.<\/p>\n<p>Tr\u00e8s grand plateau de travail ainsi qu&rsquo;une belle profondeur pour y int\u00e9grer un grand ordinateur sans probl\u00e8me.<\/p>\n<p>Une fois ferm\u00e9 \u00e0 clef, le secr\u00e9taire montre une belle ligne sobre et cubique dans une jolie robe teck satin\u00e9e.<\/p>\n<p>Zustand<br \/>\nBon \u00e9tat global<\/p>\n<p>Dimensions<br \/>\nHauteur 148cm \/ Largeur 110cm \/ Profondeur 50cm \/ Espace de travail 98cm x 110cm<\/p>","protected":false},"featured_media":307925,"template":"","meta":{"_et_pb_use_builder":"","_et_pb_old_content":"","_et_gb_content_width":""},"product_brand":[],"product_cat":[85,47],"product_tag":[],"proximite":[278,179],"class_list":{"0":"post-307897","1":"product","2":"type-product","3":"status-publish","4":"has-post-thumbnail","6":"product_cat-bureau","7":"product_cat-meubler","8":"pa_couleur-bois","9":"pa_etat-bon-etat","10":"pa_materiau-bois","11":"pa_style-vintage","12":"proximite-lausanne","13":"proximite-vaud","15":"first","16":"outofstock","17":"shipping-taxable","18":"purchasable","19":"product-type-simple"},"yoast_head":"<!-- This site is optimized with the Yoast SEO plugin v27.3 - https:\/\/yoast.com\/product\/yoast-seo-wordpress\/ -->\n<title>Secr\u00e9taire bureau vintage en teck, Suisse, 1970&#039;s | lalmachine.com, mobilier et objets d\u00e9co vintage et design<\/title>\n<meta name=\"description\" content=\"Grand secr\u00e9taire en teck comportant une foule de rangements dont un grand tiroir au sol.\" \/>\n<meta name=\"robots\" content=\"index, follow, max-snippet:-1, max-image-preview:large, max-video-preview:-1\" \/>\n<link rel=\"canonical\" href=\"https:\/\/lalmachine.com\/de\/shop\/meubler\/bureau\/secretaire-bureau-vintage-en-teck-suisse-1970s\/\" \/>\n<meta property=\"og:locale\" content=\"de_DE\" \/>\n<meta property=\"og:type\" content=\"article\" \/>\n<meta property=\"og:title\" content=\"Secr\u00e9taire bureau vintage en teck, Suisse, 1970&#039;s | lalmachine.com, mobilier et objets d\u00e9co vintage et design\" \/>\n<meta property=\"og:description\" content=\"Grand secr\u00e9taire en teck comportant une foule de rangements dont un grand tiroir au sol.\" \/>\n<meta property=\"og:url\" content=\"https:\/\/lalmachine.com\/de\/shop\/meubler\/bureau\/secretaire-bureau-vintage-en-teck-suisse-1970s\/\" \/>\n<meta property=\"og:site_name\" content=\"lalmachine.com\" \/>\n<meta property=\"article:publisher\" content=\"https:\/\/facebook.com\/lalmachine\" \/>\n<meta property=\"article:modified_time\" content=\"2024-12-05T21:01:31+00:00\" \/>\n<meta property=\"og:image\" content=\"https:\/\/lalmachine.com\/wp-content\/uploads\/2023\/06\/8F192767-1D05-4E4D-BFA7-BEC4EFDF3BB6_clipped_rev_1.jpeg\" \/>\n\t<meta property=\"og:image:width\" content=\"1960\" \/>\n\t<meta property=\"og:image:height\" content=\"1960\" \/>\n\t<meta property=\"og:image:type\" content=\"image\/jpeg\" \/>\n<meta name=\"twitter:card\" content=\"summary_large_image\" \/>\n<script type=\"application\/ld+json\" class=\"yoast-schema-graph\">{\"@context\":\"https:\\\/\\\/schema.org\",\"@graph\":[{\"@type\":\"WebPage\",\"@id\":\"https:\\\/\\\/lalmachine.com\\\/shop\\\/meubler\\\/bureau\\\/secretaire-bureau-vintage-en-teck-suisse-1970s\\\/\",\"url\":\"https:\\\/\\\/lalmachine.com\\\/shop\\\/meubler\\\/bureau\\\/secretaire-bureau-vintage-en-teck-suisse-1970s\\\/\",\"name\":\"Secr\u00e9taire bureau vintage en teck, Suisse, 1970's | lalmachine.com, mobilier et objets d\u00e9co vintage et design\",\"isPartOf\":{\"@id\":\"https:\\\/\\\/lalmachine.com\\\/#website\"},\"primaryImageOfPage\":{\"@id\":\"https:\\\/\\\/lalmachine.com\\\/shop\\\/meubler\\\/bureau\\\/secretaire-bureau-vintage-en-teck-suisse-1970s\\\/#primaryimage\"},\"image\":{\"@id\":\"https:\\\/\\\/lalmachine.com\\\/shop\\\/meubler\\\/bureau\\\/secretaire-bureau-vintage-en-teck-suisse-1970s\\\/#primaryimage\"},\"thumbnailUrl\":\"https:\\\/\\\/lalmachine.com\\\/wp-content\\\/uploads\\\/2023\\\/06\\\/8F192767-1D05-4E4D-BFA7-BEC4EFDF3BB6_clipped_rev_1.jpeg\",\"datePublished\":\"2023-06-06T09:09:02+00:00\",\"dateModified\":\"2024-12-05T21:01:31+00:00\",\"description\":\"Grand secr\u00e9taire en teck comportant une foule de rangements dont un grand tiroir au sol.\",\"breadcrumb\":{\"@id\":\"https:\\\/\\\/lalmachine.com\\\/shop\\\/meubler\\\/bureau\\\/secretaire-bureau-vintage-en-teck-suisse-1970s\\\/#breadcrumb\"},\"inLanguage\":\"de\",\"potentialAction\":[{\"@type\":\"ReadAction\",\"target\":[\"https:\\\/\\\/lalmachine.com\\\/shop\\\/meubler\\\/bureau\\\/secretaire-bureau-vintage-en-teck-suisse-1970s\\\/\"]}]},{\"@type\":\"ImageObject\",\"inLanguage\":\"de\",\"@id\":\"https:\\\/\\\/lalmachine.com\\\/shop\\\/meubler\\\/bureau\\\/secretaire-bureau-vintage-en-teck-suisse-1970s\\\/#primaryimage\",\"url\":\"https:\\\/\\\/lalmachine.com\\\/wp-content\\\/uploads\\\/2023\\\/06\\\/8F192767-1D05-4E4D-BFA7-BEC4EFDF3BB6_clipped_rev_1.jpeg\",\"contentUrl\":\"https:\\\/\\\/lalmachine.com\\\/wp-content\\\/uploads\\\/2023\\\/06\\\/8F192767-1D05-4E4D-BFA7-BEC4EFDF3BB6_clipped_rev_1.jpeg\",\"width\":1960,\"height\":1960,\"caption\":\"Secr\u00e9taire bureau vintage en teck\"},{\"@type\":\"BreadcrumbList\",\"@id\":\"https:\\\/\\\/lalmachine.com\\\/shop\\\/meubler\\\/bureau\\\/secretaire-bureau-vintage-en-teck-suisse-1970s\\\/#breadcrumb\",\"itemListElement\":[{\"@type\":\"ListItem\",\"position\":1,\"name\":\"Accueil\",\"item\":\"https:\\\/\\\/lalmachine.com\\\/\"},{\"@type\":\"ListItem\",\"position\":2,\"name\":\"Shop\",\"item\":\"https:\\\/\\\/lalmachine.com\\\/shop\\\/\"},{\"@type\":\"ListItem\",\"position\":3,\"name\":\"Secr\u00e9taire bureau vintage en teck, Suisse, 1970&#8217;s\"}]},{\"@type\":\"WebSite\",\"@id\":\"https:\\\/\\\/lalmachine.com\\\/#website\",\"url\":\"https:\\\/\\\/lalmachine.com\\\/\",\"name\":\"lalmachine.com\",\"description\":\"Brocante en ligne Suisse | Mobilier et objets d\u00e9co vintage et design\",\"potentialAction\":[{\"@type\":\"SearchAction\",\"target\":{\"@type\":\"EntryPoint\",\"urlTemplate\":\"https:\\\/\\\/lalmachine.com\\\/?s={search_term_string}\"},\"query-input\":{\"@type\":\"PropertyValueSpecification\",\"valueRequired\":true,\"valueName\":\"search_term_string\"}}],\"inLanguage\":\"de\"}]}<\/script>\n<!-- \/ Yoast SEO plugin. -->","yoast_head_json":{"title":"Secr\u00e9taire bureau vintage en teck, Suisse, 1970's | lalmachine.com, mobilier et objets d\u00e9co vintage et design","description":"Grand secr\u00e9taire en teck comportant une foule de rangements dont un grand tiroir au sol.","robots":{"index":"index","follow":"follow","max-snippet":"max-snippet:-1","max-image-preview":"max-image-preview:large","max-video-preview":"max-video-preview:-1"},"canonical":"https:\/\/lalmachine.com\/de\/shop\/meubler\/bureau\/secretaire-bureau-vintage-en-teck-suisse-1970s\/","og_locale":"de_DE","og_type":"article","og_title":"Secr\u00e9taire bureau vintage en teck, Suisse, 1970's | lalmachine.com, mobilier et objets d\u00e9co vintage et design","og_description":"Grand secr\u00e9taire en teck comportant une foule de rangements dont un grand tiroir au sol.","og_url":"https:\/\/lalmachine.com\/de\/shop\/meubler\/bureau\/secretaire-bureau-vintage-en-teck-suisse-1970s\/","og_site_name":"lalmachine.com","article_publisher":"https:\/\/facebook.com\/lalmachine","article_modified_time":"2024-12-05T21:01:31+00:00","og_image":[{"width":1960,"height":1960,"url":"https:\/\/lalmachine.com\/wp-content\/uploads\/2023\/06\/8F192767-1D05-4E4D-BFA7-BEC4EFDF3BB6_clipped_rev_1.jpeg","type":"image\/jpeg"}],"twitter_card":"summary_large_image","schema":{"@context":"https:\/\/schema.org","@graph":[{"@type":"WebPage","@id":"https:\/\/lalmachine.com\/shop\/meubler\/bureau\/secretaire-bureau-vintage-en-teck-suisse-1970s\/","url":"https:\/\/lalmachine.com\/shop\/meubler\/bureau\/secretaire-bureau-vintage-en-teck-suisse-1970s\/","name":"Secr\u00e9taire bureau vintage en teck, Suisse, 1970's | lalmachine.com, mobilier et objets d\u00e9co vintage et design","isPartOf":{"@id":"https:\/\/lalmachine.com\/#website"},"primaryImageOfPage":{"@id":"https:\/\/lalmachine.com\/shop\/meubler\/bureau\/secretaire-bureau-vintage-en-teck-suisse-1970s\/#primaryimage"},"image":{"@id":"https:\/\/lalmachine.com\/shop\/meubler\/bureau\/secretaire-bureau-vintage-en-teck-suisse-1970s\/#primaryimage"},"thumbnailUrl":"https:\/\/lalmachine.com\/wp-content\/uploads\/2023\/06\/8F192767-1D05-4E4D-BFA7-BEC4EFDF3BB6_clipped_rev_1.jpeg","datePublished":"2023-06-06T09:09:02+00:00","dateModified":"2024-12-05T21:01:31+00:00","description":"Grand secr\u00e9taire en teck comportant une foule de rangements dont un grand tiroir au sol.","breadcrumb":{"@id":"https:\/\/lalmachine.com\/shop\/meubler\/bureau\/secretaire-bureau-vintage-en-teck-suisse-1970s\/#breadcrumb"},"inLanguage":"de","potentialAction":[{"@type":"ReadAction","target":["https:\/\/lalmachine.com\/shop\/meubler\/bureau\/secretaire-bureau-vintage-en-teck-suisse-1970s\/"]}]},{"@type":"ImageObject","inLanguage":"de","@id":"https:\/\/lalmachine.com\/shop\/meubler\/bureau\/secretaire-bureau-vintage-en-teck-suisse-1970s\/#primaryimage","url":"https:\/\/lalmachine.com\/wp-content\/uploads\/2023\/06\/8F192767-1D05-4E4D-BFA7-BEC4EFDF3BB6_clipped_rev_1.jpeg","contentUrl":"https:\/\/lalmachine.com\/wp-content\/uploads\/2023\/06\/8F192767-1D05-4E4D-BFA7-BEC4EFDF3BB6_clipped_rev_1.jpeg","width":1960,"height":1960,"caption":"Secr\u00e9taire bureau vintage en teck"},{"@type":"BreadcrumbList","@id":"https:\/\/lalmachine.com\/shop\/meubler\/bureau\/secretaire-bureau-vintage-en-teck-suisse-1970s\/#breadcrumb","itemListElement":[{"@type":"ListItem","position":1,"name":"Accueil","item":"https:\/\/lalmachine.com\/"},{"@type":"ListItem","position":2,"name":"Shop","item":"https:\/\/lalmachine.com\/shop\/"},{"@type":"ListItem","position":3,"name":"Secr\u00e9taire bureau vintage en teck, Suisse, 1970&#8217;s"}]},{"@type":"WebSite","@id":"https:\/\/lalmachine.com\/#website","url":"https:\/\/lalmachine.com\/","name":"lalmachine.com","description":"Brocante en ligne Suisse | Mobilier et objets d\u00e9co vintage et design","potentialAction":[{"@type":"SearchAction","target":{"@type":"EntryPoint","urlTemplate":"https:\/\/lalmachine.com\/?s={search_term_string}"},"query-input":{"@type":"PropertyValueSpecification","valueRequired":true,"valueName":"search_term_string"}}],"inLanguage":"de"}]}},"_links":{"self":[{"href":"https:\/\/lalmachine.com\/de\/wp-json\/wp\/v2\/product\/307897","targetHints":{"allow":["GET"]}}],"collection":[{"href":"https:\/\/lalmachine.com\/de\/wp-json\/wp\/v2\/product"}],"about":[{"href":"https:\/\/lalmachine.com\/de\/wp-json\/wp\/v2\/types\/product"}],"wp:featuredmedia":[{"embeddable":true,"href":"https:\/\/lalmachine.com\/de\/wp-json\/wp\/v2\/media\/307925"}],"wp:attachment":[{"href":"https:\/\/lalmachine.com\/de\/wp-json\/wp\/v2\/media?parent=307897"}],"wp:term":[{"taxonomy":"product_brand","embeddable":true,"href":"https:\/\/lalmachine.com\/de\/wp-json\/wp\/v2\/product_brand?post=307897"},{"taxonomy":"product_cat","embeddable":true,"href":"https:\/\/lalmachine.com\/de\/wp-json\/wp\/v2\/product_cat?post=307897"},{"taxonomy":"product_tag","embeddable":true,"href":"https:\/\/lalmachine.com\/de\/wp-json\/wp\/v2\/product_tag?post=307897"},{"taxonomy":"proximite","embeddable":true,"href":"https:\/\/lalmachine.com\/de\/wp-json\/wp\/v2\/proximite?post=307897"}],"curies":[{"name":"wp","href":"https:\/\/api.w.org\/{rel}","templated":true}]}}