{"id":308388,"date":"2023-06-20T11:15:45","date_gmt":"2023-06-20T09:15:45","guid":{"rendered":"https:\/\/lalmachine.com\/?post_type=product&#038;p=308388"},"modified":"2024-12-05T22:01:34","modified_gmt":"2024-12-05T21:01:34","slug":"secretaire-a-rideau-consul-buro-suisse-1950s","status":"publish","type":"product","link":"https:\/\/lalmachine.com\/de\/shop\/meubler\/bureau\/secretaire-a-rideau-consul-buro-suisse-1950s\/","title":{"rendered":"Secr\u00e9taire \u00e0 rideau, Consul-B\u00fcro, Suisse, 1950&rsquo;s"},"content":{"rendered":"<ul class=\"wpuf_customs\"><li style=\"list-style-type:none;\"><label>Autres photos:<\/label> <a href=\"https:\/\/lalmachine.com\/wp-content\/uploads\/2023\/06\/61EC608E-9B7C-49CE-8C59-B43B944D2A92_1_201_a-scaled.jpeg\"><img loading=\"lazy\" decoding=\"async\" width=\"96\" height=\"96\" src=\"https:\/\/lalmachine.com\/wp-content\/uploads\/2023\/06\/61EC608E-9B7C-49CE-8C59-B43B944D2A92_1_201_a-scaled.jpeg\" class=\"attachment-thumbnail size-thumbnail\" alt=\"\" \/><\/a> <a href=\"https:\/\/lalmachine.com\/wp-content\/uploads\/2023\/06\/CE03340A-C9F3-446D-BC67-1726056A2430_1_201_a.jpeg\"><img loading=\"lazy\" decoding=\"async\" width=\"96\" height=\"96\" src=\"https:\/\/lalmachine.com\/wp-content\/uploads\/2023\/06\/CE03340A-C9F3-446D-BC67-1726056A2430_1_201_a.jpeg\" class=\"attachment-thumbnail size-thumbnail\" alt=\"\" \/><\/a> <a href=\"https:\/\/lalmachine.com\/wp-content\/uploads\/2023\/06\/06401E43-E252-4160-8067-C2CB76B42D8F_1_201_a.jpeg\"><img loading=\"lazy\" decoding=\"async\" width=\"96\" height=\"96\" src=\"https:\/\/lalmachine.com\/wp-content\/uploads\/2023\/06\/06401E43-E252-4160-8067-C2CB76B42D8F_1_201_a.jpeg\" class=\"attachment-thumbnail size-thumbnail\" alt=\"\" \/><\/a> <a href=\"https:\/\/lalmachine.com\/wp-content\/uploads\/2023\/06\/C3922164-E8F5-4BE9-A123-58C11A4AA390_1_201_a.jpeg\"><img loading=\"lazy\" decoding=\"async\" width=\"96\" height=\"96\" src=\"https:\/\/lalmachine.com\/wp-content\/uploads\/2023\/06\/C3922164-E8F5-4BE9-A123-58C11A4AA390_1_201_a.jpeg\" class=\"attachment-thumbnail size-thumbnail\" alt=\"\" \/><\/a> <a href=\"https:\/\/lalmachine.com\/wp-content\/uploads\/2023\/06\/D597B413-B2C3-4F7D-9E48-82C854D61B83_1_201_a.jpeg\"><img loading=\"lazy\" decoding=\"async\" width=\"96\" height=\"96\" src=\"https:\/\/lalmachine.com\/wp-content\/uploads\/2023\/06\/D597B413-B2C3-4F7D-9E48-82C854D61B83_1_201_a.jpeg\" class=\"attachment-thumbnail size-thumbnail\" alt=\"\" \/><\/a> <a href=\"https:\/\/lalmachine.com\/wp-content\/uploads\/2023\/06\/D2A7B3E5-0217-4059-85C4-A66D426C7561_1_201_a.jpeg\"><img loading=\"lazy\" decoding=\"async\" width=\"96\" height=\"96\" src=\"https:\/\/lalmachine.com\/wp-content\/uploads\/2023\/06\/D2A7B3E5-0217-4059-85C4-A66D426C7561_1_201_a.jpeg\" class=\"attachment-thumbnail size-thumbnail\" alt=\"\" \/><\/a> <a href=\"https:\/\/lalmachine.com\/wp-content\/uploads\/2023\/06\/AA56AB22-C247-4AA7-85DE-C58B509F19CA-scaled.jpeg\"><img loading=\"lazy\" decoding=\"async\" width=\"128\" height=\"85\" src=\"https:\/\/lalmachine.com\/wp-content\/uploads\/2023\/06\/AA56AB22-C247-4AA7-85DE-C58B509F19CA-scaled.jpeg\" class=\"attachment-thumbnail size-thumbnail\" alt=\"\" \/><\/a> <a href=\"https:\/\/lalmachine.com\/wp-content\/uploads\/2023\/06\/F319F285-8F3A-4C45-A1C2-A3D00D29745C-scaled.jpeg\"><img loading=\"lazy\" decoding=\"async\" width=\"128\" height=\"85\" src=\"https:\/\/lalmachine.com\/wp-content\/uploads\/2023\/06\/F319F285-8F3A-4C45-A1C2-A3D00D29745C-scaled.jpeg\" class=\"attachment-thumbnail size-thumbnail\" alt=\"\" \/><\/a> <a href=\"https:\/\/lalmachine.com\/wp-content\/uploads\/2023\/06\/771479AB-4AE3-4BDC-A4FE-8BB5B309888A_1_201_a-scaled.jpeg\"><img loading=\"lazy\" decoding=\"async\" width=\"96\" height=\"96\" src=\"https:\/\/lalmachine.com\/wp-content\/uploads\/2023\/06\/771479AB-4AE3-4BDC-A4FE-8BB5B309888A_1_201_a-scaled.jpeg\" class=\"attachment-thumbnail size-thumbnail\" alt=\"\" \/><\/a> <a href=\"https:\/\/lalmachine.com\/wp-content\/uploads\/2023\/06\/23CDC4E0-4317-44D6-87DF-FBC9EA562627_1_201_a-scaled.jpeg\"><img loading=\"lazy\" decoding=\"async\" width=\"96\" height=\"96\" src=\"https:\/\/lalmachine.com\/wp-content\/uploads\/2023\/06\/23CDC4E0-4317-44D6-87DF-FBC9EA562627_1_201_a-scaled.jpeg\" class=\"attachment-thumbnail size-thumbnail\" alt=\"\" \/><\/a> <a href=\"https:\/\/lalmachine.com\/wp-content\/uploads\/2023\/06\/53704F43-828D-4414-A16D-94E1560939D4_1_201_a-scaled.jpeg\"><img loading=\"lazy\" decoding=\"async\" width=\"96\" height=\"96\" src=\"https:\/\/lalmachine.com\/wp-content\/uploads\/2023\/06\/53704F43-828D-4414-A16D-94E1560939D4_1_201_a-scaled.jpeg\" class=\"attachment-thumbnail size-thumbnail\" alt=\"\" \/><\/a> <\/li>        <li class=\"wpuf-field-data wpuf-field-data-numeric_text_field\">\n                            <label>Prix:<\/label>\n                        1800        <\/li>\n                <li class=\"wpuf-field-data wpuf-field-data-numeric_text_field\">\n                            <label>Hauteur (cm):<\/label>\n                        103        <\/li>\n                <li class=\"wpuf-field-data wpuf-field-data-numeric_text_field\">\n                            <label>Largeur (cm):<\/label>\n                        87        <\/li>\n                <li class=\"wpuf-field-data wpuf-field-data-numeric_text_field\">\n                            <label>Profondeur (cm):<\/label>\n                        49        <\/li>\n        <\/ul>","protected":false},"excerpt":{"rendered":"<p>Chaque chose a sa place, une place pour chaque chose !<\/p>\n<p>Ce beau secr\u00e9taire suroptmis\u00e9 montre d\u00e9licatement toute l&rsquo;attention port\u00e9e \u00e0 chaque d\u00e9tail sur l&rsquo;ensemble des \u00e9l\u00e9ments qui le compose.<\/p>\n<p>Des petites coulisses en aluminium, des tiroirs assembl\u00e9s \u00e0 queue droite, une multitude d&rsquo;intercalaire en contreplaqu\u00e9 aviation, un petit compartiment \u00e0 stylos en bak\u00e9lite ainsi qu&rsquo;une tablette dissimul\u00e9e \u00e0 accrocher sur sa charni\u00e8re sp\u00e9cifique en aluminium, le tout enrob\u00e9 d&rsquo;un \u00e9pais manteau de noyer ferm\u00e9 par un rideau coulissant !<\/p>\n<p>La liste est longue, il faut prendre le temps de l&rsquo;observer pour l&rsquo;appr\u00e9cier. 70 ans de bons et loyaux services, et encore de longues ann\u00e9es devant lui.<\/p>\n<p>Zustand<br \/>\nTr\u00e8s bon, belle patine, l\u00e9ger \u00e9claircissement du rideau coulissant.<\/p>","protected":false},"featured_media":308447,"template":"","meta":{"_et_pb_use_builder":"","_et_pb_old_content":"","_et_gb_content_width":""},"product_brand":[],"product_cat":[85,47],"product_tag":[],"proximite":[278,179],"class_list":{"0":"post-308388","1":"product","2":"type-product","3":"status-publish","4":"has-post-thumbnail","6":"product_cat-bureau","7":"product_cat-meubler","8":"pa_couleur-bois","9":"pa_etat-bon-etat","10":"pa_materiau-bois","11":"pa_style-vintage","12":"proximite-lausanne","13":"proximite-vaud","15":"first","16":"outofstock","17":"sale","18":"shipping-taxable","19":"purchasable","20":"product-type-simple"},"yoast_head":"<!-- This site is optimized with the Yoast SEO plugin v27.4 - https:\/\/yoast.com\/product\/yoast-seo-wordpress\/ -->\n<title>Secr\u00e9taire \u00e0 rideau, Consul-B\u00fcro, Suisse, 1950&#039;s | lalmachine.com<\/title>\n<meta name=\"description\" content=\"Secr\u00e9taire \u00e0 rideau, Consul-B\u00fcro, Suisse, 1950&#039;s\" \/>\n<meta name=\"robots\" content=\"index, follow, max-snippet:-1, max-image-preview:large, max-video-preview:-1\" \/>\n<link rel=\"canonical\" href=\"https:\/\/lalmachine.com\/de\/shop\/meubler\/bureau\/secretaire-a-rideau-consul-buro-suisse-1950s\/\" \/>\n<meta property=\"og:locale\" content=\"de_DE\" \/>\n<meta property=\"og:type\" content=\"article\" \/>\n<meta property=\"og:title\" content=\"Secr\u00e9taire \u00e0 rideau, Consul-B\u00fcro, Suisse, 1950&#039;s | lalmachine.com\" \/>\n<meta property=\"og:description\" content=\"Secr\u00e9taire \u00e0 rideau, Consul-B\u00fcro, Suisse, 1950&#039;s\" \/>\n<meta property=\"og:url\" content=\"https:\/\/lalmachine.com\/de\/shop\/meubler\/bureau\/secretaire-a-rideau-consul-buro-suisse-1950s\/\" \/>\n<meta property=\"og:site_name\" content=\"lalmachine.com\" \/>\n<meta property=\"article:publisher\" content=\"https:\/\/facebook.com\/lalmachine\" \/>\n<meta property=\"article:modified_time\" content=\"2024-12-05T21:01:34+00:00\" \/>\n<meta property=\"og:image\" content=\"https:\/\/lalmachine.com\/wp-content\/uploads\/2023\/06\/743301C1-86F5-4107-B61B-29E03F7C3F32_1_201_a_clipped_rev_1.jpeg\" \/>\n\t<meta property=\"og:image:width\" content=\"1696\" \/>\n\t<meta property=\"og:image:height\" content=\"1697\" \/>\n\t<meta property=\"og:image:type\" content=\"image\/jpeg\" \/>\n<meta name=\"twitter:card\" content=\"summary_large_image\" \/>\n<script type=\"application\/ld+json\" class=\"yoast-schema-graph\">{\"@context\":\"https:\\\/\\\/schema.org\",\"@graph\":[{\"@type\":\"WebPage\",\"@id\":\"https:\\\/\\\/lalmachine.com\\\/de\\\/shop\\\/meubler\\\/bureau\\\/secretaire-a-rideau-consul-buro-suisse-1950s\\\/\",\"url\":\"https:\\\/\\\/lalmachine.com\\\/de\\\/shop\\\/meubler\\\/bureau\\\/secretaire-a-rideau-consul-buro-suisse-1950s\\\/\",\"name\":\"Secr\u00e9taire \u00e0 rideau, Consul-B\u00fcro, Suisse, 1950's | lalmachine.com\",\"isPartOf\":{\"@id\":\"https:\\\/\\\/lalmachine.com\\\/#website\"},\"primaryImageOfPage\":{\"@id\":\"https:\\\/\\\/lalmachine.com\\\/de\\\/shop\\\/meubler\\\/bureau\\\/secretaire-a-rideau-consul-buro-suisse-1950s\\\/#primaryimage\"},\"image\":{\"@id\":\"https:\\\/\\\/lalmachine.com\\\/de\\\/shop\\\/meubler\\\/bureau\\\/secretaire-a-rideau-consul-buro-suisse-1950s\\\/#primaryimage\"},\"thumbnailUrl\":\"https:\\\/\\\/lalmachine.com\\\/wp-content\\\/uploads\\\/2023\\\/06\\\/743301C1-86F5-4107-B61B-29E03F7C3F32_1_201_a_clipped_rev_1.jpeg\",\"datePublished\":\"2023-06-20T09:15:45+00:00\",\"dateModified\":\"2024-12-05T21:01:34+00:00\",\"description\":\"Secr\u00e9taire \u00e0 rideau, Consul-B\u00fcro, Suisse, 1950's\",\"breadcrumb\":{\"@id\":\"https:\\\/\\\/lalmachine.com\\\/de\\\/shop\\\/meubler\\\/bureau\\\/secretaire-a-rideau-consul-buro-suisse-1950s\\\/#breadcrumb\"},\"inLanguage\":\"de\",\"potentialAction\":[{\"@type\":\"ReadAction\",\"target\":[\"https:\\\/\\\/lalmachine.com\\\/de\\\/shop\\\/meubler\\\/bureau\\\/secretaire-a-rideau-consul-buro-suisse-1950s\\\/\"]}]},{\"@type\":\"ImageObject\",\"inLanguage\":\"de\",\"@id\":\"https:\\\/\\\/lalmachine.com\\\/de\\\/shop\\\/meubler\\\/bureau\\\/secretaire-a-rideau-consul-buro-suisse-1950s\\\/#primaryimage\",\"url\":\"https:\\\/\\\/lalmachine.com\\\/wp-content\\\/uploads\\\/2023\\\/06\\\/743301C1-86F5-4107-B61B-29E03F7C3F32_1_201_a_clipped_rev_1.jpeg\",\"contentUrl\":\"https:\\\/\\\/lalmachine.com\\\/wp-content\\\/uploads\\\/2023\\\/06\\\/743301C1-86F5-4107-B61B-29E03F7C3F32_1_201_a_clipped_rev_1.jpeg\",\"width\":1696,\"height\":1697,\"caption\":\"Secr\u00e9taire \u00e0 rideau\"},{\"@type\":\"BreadcrumbList\",\"@id\":\"https:\\\/\\\/lalmachine.com\\\/de\\\/shop\\\/meubler\\\/bureau\\\/secretaire-a-rideau-consul-buro-suisse-1950s\\\/#breadcrumb\",\"itemListElement\":[{\"@type\":\"ListItem\",\"position\":1,\"name\":\"Accueil\",\"item\":\"https:\\\/\\\/lalmachine.com\\\/\"},{\"@type\":\"ListItem\",\"position\":2,\"name\":\"Shop\",\"item\":\"https:\\\/\\\/lalmachine.com\\\/shop\\\/\"},{\"@type\":\"ListItem\",\"position\":3,\"name\":\"Secr\u00e9taire \u00e0 rideau, Consul-B\u00fcro, Suisse, 1950&rsquo;s\"}]},{\"@type\":\"WebSite\",\"@id\":\"https:\\\/\\\/lalmachine.com\\\/#website\",\"url\":\"https:\\\/\\\/lalmachine.com\\\/\",\"name\":\"lalmachine.com\",\"description\":\"Brocante en ligne Suisse | Mobilier et objets d\u00e9co vintage et design\",\"potentialAction\":[{\"@type\":\"SearchAction\",\"target\":{\"@type\":\"EntryPoint\",\"urlTemplate\":\"https:\\\/\\\/lalmachine.com\\\/?s={search_term_string}\"},\"query-input\":{\"@type\":\"PropertyValueSpecification\",\"valueRequired\":true,\"valueName\":\"search_term_string\"}}],\"inLanguage\":\"de\"}]}<\/script>\n<!-- \/ Yoast SEO plugin. -->","yoast_head_json":{"title":"Secr\u00e9taire \u00e0 rideau, Consul-B\u00fcro, Suisse, 1950's | lalmachine.com","description":"Secr\u00e9taire \u00e0 rideau, Consul-B\u00fcro, Suisse, 1950's","robots":{"index":"index","follow":"follow","max-snippet":"max-snippet:-1","max-image-preview":"max-image-preview:large","max-video-preview":"max-video-preview:-1"},"canonical":"https:\/\/lalmachine.com\/de\/shop\/meubler\/bureau\/secretaire-a-rideau-consul-buro-suisse-1950s\/","og_locale":"de_DE","og_type":"article","og_title":"Secr\u00e9taire \u00e0 rideau, Consul-B\u00fcro, Suisse, 1950's | lalmachine.com","og_description":"Secr\u00e9taire \u00e0 rideau, Consul-B\u00fcro, Suisse, 1950's","og_url":"https:\/\/lalmachine.com\/de\/shop\/meubler\/bureau\/secretaire-a-rideau-consul-buro-suisse-1950s\/","og_site_name":"lalmachine.com","article_publisher":"https:\/\/facebook.com\/lalmachine","article_modified_time":"2024-12-05T21:01:34+00:00","og_image":[{"width":1696,"height":1697,"url":"https:\/\/lalmachine.com\/wp-content\/uploads\/2023\/06\/743301C1-86F5-4107-B61B-29E03F7C3F32_1_201_a_clipped_rev_1.jpeg","type":"image\/jpeg"}],"twitter_card":"summary_large_image","schema":{"@context":"https:\/\/schema.org","@graph":[{"@type":"WebPage","@id":"https:\/\/lalmachine.com\/de\/shop\/meubler\/bureau\/secretaire-a-rideau-consul-buro-suisse-1950s\/","url":"https:\/\/lalmachine.com\/de\/shop\/meubler\/bureau\/secretaire-a-rideau-consul-buro-suisse-1950s\/","name":"Secr\u00e9taire \u00e0 rideau, Consul-B\u00fcro, Suisse, 1950's | lalmachine.com","isPartOf":{"@id":"https:\/\/lalmachine.com\/#website"},"primaryImageOfPage":{"@id":"https:\/\/lalmachine.com\/de\/shop\/meubler\/bureau\/secretaire-a-rideau-consul-buro-suisse-1950s\/#primaryimage"},"image":{"@id":"https:\/\/lalmachine.com\/de\/shop\/meubler\/bureau\/secretaire-a-rideau-consul-buro-suisse-1950s\/#primaryimage"},"thumbnailUrl":"https:\/\/lalmachine.com\/wp-content\/uploads\/2023\/06\/743301C1-86F5-4107-B61B-29E03F7C3F32_1_201_a_clipped_rev_1.jpeg","datePublished":"2023-06-20T09:15:45+00:00","dateModified":"2024-12-05T21:01:34+00:00","description":"Secr\u00e9taire \u00e0 rideau, Consul-B\u00fcro, Suisse, 1950's","breadcrumb":{"@id":"https:\/\/lalmachine.com\/de\/shop\/meubler\/bureau\/secretaire-a-rideau-consul-buro-suisse-1950s\/#breadcrumb"},"inLanguage":"de","potentialAction":[{"@type":"ReadAction","target":["https:\/\/lalmachine.com\/de\/shop\/meubler\/bureau\/secretaire-a-rideau-consul-buro-suisse-1950s\/"]}]},{"@type":"ImageObject","inLanguage":"de","@id":"https:\/\/lalmachine.com\/de\/shop\/meubler\/bureau\/secretaire-a-rideau-consul-buro-suisse-1950s\/#primaryimage","url":"https:\/\/lalmachine.com\/wp-content\/uploads\/2023\/06\/743301C1-86F5-4107-B61B-29E03F7C3F32_1_201_a_clipped_rev_1.jpeg","contentUrl":"https:\/\/lalmachine.com\/wp-content\/uploads\/2023\/06\/743301C1-86F5-4107-B61B-29E03F7C3F32_1_201_a_clipped_rev_1.jpeg","width":1696,"height":1697,"caption":"Secr\u00e9taire \u00e0 rideau"},{"@type":"BreadcrumbList","@id":"https:\/\/lalmachine.com\/de\/shop\/meubler\/bureau\/secretaire-a-rideau-consul-buro-suisse-1950s\/#breadcrumb","itemListElement":[{"@type":"ListItem","position":1,"name":"Accueil","item":"https:\/\/lalmachine.com\/"},{"@type":"ListItem","position":2,"name":"Shop","item":"https:\/\/lalmachine.com\/shop\/"},{"@type":"ListItem","position":3,"name":"Secr\u00e9taire \u00e0 rideau, Consul-B\u00fcro, Suisse, 1950&rsquo;s"}]},{"@type":"WebSite","@id":"https:\/\/lalmachine.com\/#website","url":"https:\/\/lalmachine.com\/","name":"lalmachine.com","description":"Brocante en ligne Suisse | Mobilier et objets d\u00e9co vintage et design","potentialAction":[{"@type":"SearchAction","target":{"@type":"EntryPoint","urlTemplate":"https:\/\/lalmachine.com\/?s={search_term_string}"},"query-input":{"@type":"PropertyValueSpecification","valueRequired":true,"valueName":"search_term_string"}}],"inLanguage":"de"}]}},"_links":{"self":[{"href":"https:\/\/lalmachine.com\/de\/wp-json\/wp\/v2\/product\/308388","targetHints":{"allow":["GET"]}}],"collection":[{"href":"https:\/\/lalmachine.com\/de\/wp-json\/wp\/v2\/product"}],"about":[{"href":"https:\/\/lalmachine.com\/de\/wp-json\/wp\/v2\/types\/product"}],"wp:featuredmedia":[{"embeddable":true,"href":"https:\/\/lalmachine.com\/de\/wp-json\/wp\/v2\/media\/308447"}],"wp:attachment":[{"href":"https:\/\/lalmachine.com\/de\/wp-json\/wp\/v2\/media?parent=308388"}],"wp:term":[{"taxonomy":"product_brand","embeddable":true,"href":"https:\/\/lalmachine.com\/de\/wp-json\/wp\/v2\/product_brand?post=308388"},{"taxonomy":"product_cat","embeddable":true,"href":"https:\/\/lalmachine.com\/de\/wp-json\/wp\/v2\/product_cat?post=308388"},{"taxonomy":"product_tag","embeddable":true,"href":"https:\/\/lalmachine.com\/de\/wp-json\/wp\/v2\/product_tag?post=308388"},{"taxonomy":"proximite","embeddable":true,"href":"https:\/\/lalmachine.com\/de\/wp-json\/wp\/v2\/proximite?post=308388"}],"curies":[{"name":"wp","href":"https:\/\/api.w.org\/{rel}","templated":true}]}}