{"id":308410,"date":"2023-06-20T11:19:40","date_gmt":"2023-06-20T09:19:40","guid":{"rendered":"https:\/\/lalmachine.com\/?post_type=product&#038;p=308410"},"modified":"2024-12-05T22:01:34","modified_gmt":"2024-12-05T21:01:34","slug":"suspension-danoise-vintage","status":"publish","type":"product","link":"https:\/\/lalmachine.com\/de\/shop\/eclairer\/suspension-plafonnier\/suspension-danoise-vintage\/","title":{"rendered":"Suspension danoise vintage"},"content":{"rendered":"<ul class=\"wpuf_customs\"><li style=\"list-style-type:none;\"><label>Autres photos:<\/label> <a href=\"https:\/\/lalmachine.com\/wp-content\/uploads\/2023\/06\/A7212E20-B546-4AE1-B302-87B159224C01.jpeg\"><img loading=\"lazy\" decoding=\"async\" width=\"96\" height=\"96\" src=\"https:\/\/lalmachine.com\/wp-content\/uploads\/2023\/06\/A7212E20-B546-4AE1-B302-87B159224C01.jpeg\" class=\"attachment-thumbnail size-thumbnail\" alt=\"\" \/><\/a> <a href=\"https:\/\/lalmachine.com\/wp-content\/uploads\/2023\/06\/98C6D39F-FC14-4E58-B76B-1B52DB629BD5.jpeg\"><img loading=\"lazy\" decoding=\"async\" width=\"96\" height=\"96\" src=\"https:\/\/lalmachine.com\/wp-content\/uploads\/2023\/06\/98C6D39F-FC14-4E58-B76B-1B52DB629BD5.jpeg\" class=\"attachment-thumbnail size-thumbnail\" alt=\"\" \/><\/a> <a href=\"https:\/\/lalmachine.com\/wp-content\/uploads\/2023\/06\/A418F3AC-2A81-4E40-AEE4-90971A77C7EC.jpeg\"><img loading=\"lazy\" decoding=\"async\" width=\"96\" height=\"96\" src=\"https:\/\/lalmachine.com\/wp-content\/uploads\/2023\/06\/A418F3AC-2A81-4E40-AEE4-90971A77C7EC.jpeg\" class=\"attachment-thumbnail size-thumbnail\" alt=\"\" \/><\/a> <a href=\"https:\/\/lalmachine.com\/wp-content\/uploads\/2023\/06\/22655727-88E2-4133-9772-D7C7D873E8BC.jpeg\"><img loading=\"lazy\" decoding=\"async\" width=\"96\" height=\"96\" src=\"https:\/\/lalmachine.com\/wp-content\/uploads\/2023\/06\/22655727-88E2-4133-9772-D7C7D873E8BC.jpeg\" class=\"attachment-thumbnail size-thumbnail\" alt=\"\" \/><\/a> <a href=\"https:\/\/lalmachine.com\/wp-content\/uploads\/2023\/06\/BCFA7EF5-6B6A-4DA7-98DB-07DB8D619A89.jpeg\"><img loading=\"lazy\" decoding=\"async\" width=\"96\" height=\"96\" src=\"https:\/\/lalmachine.com\/wp-content\/uploads\/2023\/06\/BCFA7EF5-6B6A-4DA7-98DB-07DB8D619A89.jpeg\" class=\"attachment-thumbnail size-thumbnail\" alt=\"\" \/><\/a> <a href=\"https:\/\/lalmachine.com\/wp-content\/uploads\/2023\/06\/FBE5212E-7000-444C-991A-43BE3E5A0CC5.jpeg\"><img loading=\"lazy\" decoding=\"async\" width=\"96\" height=\"96\" src=\"https:\/\/lalmachine.com\/wp-content\/uploads\/2023\/06\/FBE5212E-7000-444C-991A-43BE3E5A0CC5.jpeg\" class=\"attachment-thumbnail size-thumbnail\" alt=\"\" \/><\/a> <a href=\"https:\/\/lalmachine.com\/wp-content\/uploads\/2023\/06\/53AA67BF-5D24-4FE1-A55F-DFA0F76EB8DB.jpeg\"><img loading=\"lazy\" decoding=\"async\" width=\"96\" height=\"96\" src=\"https:\/\/lalmachine.com\/wp-content\/uploads\/2023\/06\/53AA67BF-5D24-4FE1-A55F-DFA0F76EB8DB.jpeg\" class=\"attachment-thumbnail size-thumbnail\" alt=\"\" \/><\/a> <a href=\"https:\/\/lalmachine.com\/wp-content\/uploads\/2023\/06\/663AE96B-8E19-4E42-90FA-0BB6170659BB.jpeg\"><img loading=\"lazy\" decoding=\"async\" width=\"96\" height=\"96\" src=\"https:\/\/lalmachine.com\/wp-content\/uploads\/2023\/06\/663AE96B-8E19-4E42-90FA-0BB6170659BB.jpeg\" class=\"attachment-thumbnail size-thumbnail\" alt=\"\" \/><\/a> <\/li>        <li class=\"wpuf-field-data wpuf-field-data-numeric_text_field\">\n                            <label>Prix:<\/label>\n                        280        <\/li>\n                <li class=\"wpuf-field-data wpuf-field-data-numeric_text_field\">\n                            <label>Quantit\u00e9:<\/label>\n                        0        <\/li>\n                <li class=\"wpuf-field-data wpuf-field-data-numeric_text_field\">\n                            <label>Hauteur (cm):<\/label>\n                        17        <\/li>\n                <li class=\"wpuf-field-data wpuf-field-data-numeric_text_field\">\n                            <label>Largeur (cm):<\/label>\n                        33        <\/li>\n                <li class=\"wpuf-field-data wpuf-field-data-numeric_text_field\">\n                            <label>Profondeur (cm):<\/label>\n                        33        <\/li>\n        <\/ul>","protected":false},"excerpt":{"rendered":"<p>Suspension danoise vintage de la marque Jeka, blanc cr\u00e8me.<br \/>\nLe cordon \u00e9lectrique a \u00e9t\u00e9 chang\u00e9, il est neuf et a une longueur de 230 cm<br \/>\nLa lampe est en bon \u00e9tat.<\/p>","protected":false},"featured_media":308448,"template":"","meta":{"_et_pb_use_builder":"","_et_pb_old_content":"","_et_gb_content_width":""},"product_brand":[],"product_cat":[49,91],"product_tag":[],"proximite":[180],"class_list":{"0":"post-308410","1":"product","2":"type-product","3":"status-publish","4":"has-post-thumbnail","6":"product_cat-eclairer","7":"product_cat-suspension-plafonnier","8":"product_shipping_class-2-10-kg","9":"pa_couleur-blanc","10":"pa_designer-autres-designers","11":"pa_etat-bon-etat","12":"pa_materiau-metal","13":"pa_style-scandinave","14":"proximite-geneve","16":"first","17":"outofstock","18":"sale","19":"shipping-taxable","20":"purchasable","21":"product-type-simple"},"yoast_head":"<!-- This site is optimized with the Yoast SEO plugin v27.4 - https:\/\/yoast.com\/product\/yoast-seo-wordpress\/ -->\n<title>Suspension danoise vintage | lalmachine.com<\/title>\n<meta name=\"description\" content=\"Suspension danoise vintage de la marque Jeka, blanc cr\u00e8me.\" \/>\n<meta name=\"robots\" content=\"index, follow, max-snippet:-1, max-image-preview:large, max-video-preview:-1\" \/>\n<link rel=\"canonical\" href=\"https:\/\/lalmachine.com\/de\/shop\/eclairer\/suspension-plafonnier\/suspension-danoise-vintage\/\" \/>\n<meta property=\"og:locale\" content=\"de_DE\" \/>\n<meta property=\"og:type\" content=\"article\" \/>\n<meta property=\"og:title\" content=\"Suspension danoise vintage | lalmachine.com\" \/>\n<meta property=\"og:description\" content=\"Suspension danoise vintage de la marque Jeka, blanc cr\u00e8me.\" \/>\n<meta property=\"og:url\" content=\"https:\/\/lalmachine.com\/de\/shop\/eclairer\/suspension-plafonnier\/suspension-danoise-vintage\/\" \/>\n<meta property=\"og:site_name\" content=\"lalmachine.com\" \/>\n<meta property=\"article:publisher\" content=\"https:\/\/facebook.com\/lalmachine\" \/>\n<meta property=\"article:modified_time\" content=\"2024-12-05T21:01:34+00:00\" \/>\n<meta property=\"og:image\" content=\"https:\/\/lalmachine.com\/wp-content\/uploads\/2023\/06\/304743B7-ED23-4387-8B6D-E0DC0387CFC2_clipped_rev_1.jpeg\" \/>\n\t<meta property=\"og:image:width\" content=\"1988\" \/>\n\t<meta property=\"og:image:height\" content=\"1988\" \/>\n\t<meta property=\"og:image:type\" content=\"image\/jpeg\" \/>\n<meta name=\"twitter:card\" content=\"summary_large_image\" \/>\n<script type=\"application\/ld+json\" class=\"yoast-schema-graph\">{\"@context\":\"https:\\\/\\\/schema.org\",\"@graph\":[{\"@type\":\"WebPage\",\"@id\":\"https:\\\/\\\/lalmachine.com\\\/shop\\\/eclairer\\\/suspension-plafonnier\\\/suspension-danoise-vintage\\\/\",\"url\":\"https:\\\/\\\/lalmachine.com\\\/shop\\\/eclairer\\\/suspension-plafonnier\\\/suspension-danoise-vintage\\\/\",\"name\":\"Suspension danoise vintage | lalmachine.com\",\"isPartOf\":{\"@id\":\"https:\\\/\\\/lalmachine.com\\\/#website\"},\"primaryImageOfPage\":{\"@id\":\"https:\\\/\\\/lalmachine.com\\\/shop\\\/eclairer\\\/suspension-plafonnier\\\/suspension-danoise-vintage\\\/#primaryimage\"},\"image\":{\"@id\":\"https:\\\/\\\/lalmachine.com\\\/shop\\\/eclairer\\\/suspension-plafonnier\\\/suspension-danoise-vintage\\\/#primaryimage\"},\"thumbnailUrl\":\"https:\\\/\\\/lalmachine.com\\\/wp-content\\\/uploads\\\/2023\\\/06\\\/304743B7-ED23-4387-8B6D-E0DC0387CFC2_clipped_rev_1.jpeg\",\"datePublished\":\"2023-06-20T09:19:40+00:00\",\"dateModified\":\"2024-12-05T21:01:34+00:00\",\"description\":\"Suspension danoise vintage de la marque Jeka, blanc cr\u00e8me.\",\"breadcrumb\":{\"@id\":\"https:\\\/\\\/lalmachine.com\\\/shop\\\/eclairer\\\/suspension-plafonnier\\\/suspension-danoise-vintage\\\/#breadcrumb\"},\"inLanguage\":\"de\",\"potentialAction\":[{\"@type\":\"ReadAction\",\"target\":[\"https:\\\/\\\/lalmachine.com\\\/shop\\\/eclairer\\\/suspension-plafonnier\\\/suspension-danoise-vintage\\\/\"]}]},{\"@type\":\"ImageObject\",\"inLanguage\":\"de\",\"@id\":\"https:\\\/\\\/lalmachine.com\\\/shop\\\/eclairer\\\/suspension-plafonnier\\\/suspension-danoise-vintage\\\/#primaryimage\",\"url\":\"https:\\\/\\\/lalmachine.com\\\/wp-content\\\/uploads\\\/2023\\\/06\\\/304743B7-ED23-4387-8B6D-E0DC0387CFC2_clipped_rev_1.jpeg\",\"contentUrl\":\"https:\\\/\\\/lalmachine.com\\\/wp-content\\\/uploads\\\/2023\\\/06\\\/304743B7-ED23-4387-8B6D-E0DC0387CFC2_clipped_rev_1.jpeg\",\"width\":1988,\"height\":1988},{\"@type\":\"BreadcrumbList\",\"@id\":\"https:\\\/\\\/lalmachine.com\\\/shop\\\/eclairer\\\/suspension-plafonnier\\\/suspension-danoise-vintage\\\/#breadcrumb\",\"itemListElement\":[{\"@type\":\"ListItem\",\"position\":1,\"name\":\"Accueil\",\"item\":\"https:\\\/\\\/lalmachine.com\\\/\"},{\"@type\":\"ListItem\",\"position\":2,\"name\":\"Shop\",\"item\":\"https:\\\/\\\/lalmachine.com\\\/shop\\\/\"},{\"@type\":\"ListItem\",\"position\":3,\"name\":\"Suspension danoise vintage\"}]},{\"@type\":\"WebSite\",\"@id\":\"https:\\\/\\\/lalmachine.com\\\/#website\",\"url\":\"https:\\\/\\\/lalmachine.com\\\/\",\"name\":\"lalmachine.com\",\"description\":\"Brocante en ligne Suisse | Mobilier et objets d\u00e9co vintage et design\",\"potentialAction\":[{\"@type\":\"SearchAction\",\"target\":{\"@type\":\"EntryPoint\",\"urlTemplate\":\"https:\\\/\\\/lalmachine.com\\\/?s={search_term_string}\"},\"query-input\":{\"@type\":\"PropertyValueSpecification\",\"valueRequired\":true,\"valueName\":\"search_term_string\"}}],\"inLanguage\":\"de\"}]}<\/script>\n<!-- \/ Yoast SEO plugin. -->","yoast_head_json":{"title":"Suspension danoise vintage | lalmachine.com","description":"Suspension danoise vintage de la marque Jeka, blanc cr\u00e8me.","robots":{"index":"index","follow":"follow","max-snippet":"max-snippet:-1","max-image-preview":"max-image-preview:large","max-video-preview":"max-video-preview:-1"},"canonical":"https:\/\/lalmachine.com\/de\/shop\/eclairer\/suspension-plafonnier\/suspension-danoise-vintage\/","og_locale":"de_DE","og_type":"article","og_title":"Suspension danoise vintage | lalmachine.com","og_description":"Suspension danoise vintage de la marque Jeka, blanc cr\u00e8me.","og_url":"https:\/\/lalmachine.com\/de\/shop\/eclairer\/suspension-plafonnier\/suspension-danoise-vintage\/","og_site_name":"lalmachine.com","article_publisher":"https:\/\/facebook.com\/lalmachine","article_modified_time":"2024-12-05T21:01:34+00:00","og_image":[{"width":1988,"height":1988,"url":"https:\/\/lalmachine.com\/wp-content\/uploads\/2023\/06\/304743B7-ED23-4387-8B6D-E0DC0387CFC2_clipped_rev_1.jpeg","type":"image\/jpeg"}],"twitter_card":"summary_large_image","schema":{"@context":"https:\/\/schema.org","@graph":[{"@type":"WebPage","@id":"https:\/\/lalmachine.com\/shop\/eclairer\/suspension-plafonnier\/suspension-danoise-vintage\/","url":"https:\/\/lalmachine.com\/shop\/eclairer\/suspension-plafonnier\/suspension-danoise-vintage\/","name":"Suspension danoise vintage | lalmachine.com","isPartOf":{"@id":"https:\/\/lalmachine.com\/#website"},"primaryImageOfPage":{"@id":"https:\/\/lalmachine.com\/shop\/eclairer\/suspension-plafonnier\/suspension-danoise-vintage\/#primaryimage"},"image":{"@id":"https:\/\/lalmachine.com\/shop\/eclairer\/suspension-plafonnier\/suspension-danoise-vintage\/#primaryimage"},"thumbnailUrl":"https:\/\/lalmachine.com\/wp-content\/uploads\/2023\/06\/304743B7-ED23-4387-8B6D-E0DC0387CFC2_clipped_rev_1.jpeg","datePublished":"2023-06-20T09:19:40+00:00","dateModified":"2024-12-05T21:01:34+00:00","description":"Suspension danoise vintage de la marque Jeka, blanc cr\u00e8me.","breadcrumb":{"@id":"https:\/\/lalmachine.com\/shop\/eclairer\/suspension-plafonnier\/suspension-danoise-vintage\/#breadcrumb"},"inLanguage":"de","potentialAction":[{"@type":"ReadAction","target":["https:\/\/lalmachine.com\/shop\/eclairer\/suspension-plafonnier\/suspension-danoise-vintage\/"]}]},{"@type":"ImageObject","inLanguage":"de","@id":"https:\/\/lalmachine.com\/shop\/eclairer\/suspension-plafonnier\/suspension-danoise-vintage\/#primaryimage","url":"https:\/\/lalmachine.com\/wp-content\/uploads\/2023\/06\/304743B7-ED23-4387-8B6D-E0DC0387CFC2_clipped_rev_1.jpeg","contentUrl":"https:\/\/lalmachine.com\/wp-content\/uploads\/2023\/06\/304743B7-ED23-4387-8B6D-E0DC0387CFC2_clipped_rev_1.jpeg","width":1988,"height":1988},{"@type":"BreadcrumbList","@id":"https:\/\/lalmachine.com\/shop\/eclairer\/suspension-plafonnier\/suspension-danoise-vintage\/#breadcrumb","itemListElement":[{"@type":"ListItem","position":1,"name":"Accueil","item":"https:\/\/lalmachine.com\/"},{"@type":"ListItem","position":2,"name":"Shop","item":"https:\/\/lalmachine.com\/shop\/"},{"@type":"ListItem","position":3,"name":"Suspension danoise vintage"}]},{"@type":"WebSite","@id":"https:\/\/lalmachine.com\/#website","url":"https:\/\/lalmachine.com\/","name":"lalmachine.com","description":"Brocante en ligne Suisse | Mobilier et objets d\u00e9co vintage et design","potentialAction":[{"@type":"SearchAction","target":{"@type":"EntryPoint","urlTemplate":"https:\/\/lalmachine.com\/?s={search_term_string}"},"query-input":{"@type":"PropertyValueSpecification","valueRequired":true,"valueName":"search_term_string"}}],"inLanguage":"de"}]}},"_links":{"self":[{"href":"https:\/\/lalmachine.com\/de\/wp-json\/wp\/v2\/product\/308410","targetHints":{"allow":["GET"]}}],"collection":[{"href":"https:\/\/lalmachine.com\/de\/wp-json\/wp\/v2\/product"}],"about":[{"href":"https:\/\/lalmachine.com\/de\/wp-json\/wp\/v2\/types\/product"}],"wp:featuredmedia":[{"embeddable":true,"href":"https:\/\/lalmachine.com\/de\/wp-json\/wp\/v2\/media\/308448"}],"wp:attachment":[{"href":"https:\/\/lalmachine.com\/de\/wp-json\/wp\/v2\/media?parent=308410"}],"wp:term":[{"taxonomy":"product_brand","embeddable":true,"href":"https:\/\/lalmachine.com\/de\/wp-json\/wp\/v2\/product_brand?post=308410"},{"taxonomy":"product_cat","embeddable":true,"href":"https:\/\/lalmachine.com\/de\/wp-json\/wp\/v2\/product_cat?post=308410"},{"taxonomy":"product_tag","embeddable":true,"href":"https:\/\/lalmachine.com\/de\/wp-json\/wp\/v2\/product_tag?post=308410"},{"taxonomy":"proximite","embeddable":true,"href":"https:\/\/lalmachine.com\/de\/wp-json\/wp\/v2\/proximite?post=308410"}],"curies":[{"name":"wp","href":"https:\/\/api.w.org\/{rel}","templated":true}]}}