{"id":308621,"date":"2023-06-23T14:07:12","date_gmt":"2023-06-23T12:07:12","guid":{"rendered":"https:\/\/lalmachine.com\/?post_type=product&#038;p=308621"},"modified":"2026-01-16T00:13:50","modified_gmt":"2026-01-15T23:13:50","slug":"kasamatsu-shiro-nikko-lac-chuzenji-estampe-japonaise-shin-hanga","status":"publish","type":"product","link":"https:\/\/lalmachine.com\/de\/shop\/decorer\/art-and-co\/kasamatsu-shiro-nikko-lac-chuzenji-estampe-japonaise-shin-hanga\/","title":{"rendered":"Kasamatsu Shiro, Nikko Lac Chuzenji, estampe japonaise Shin-hanga"},"content":{"rendered":"<ul class=\"wpuf_customs\"><li style=\"list-style-type:none;\"><label>Autres photos:<\/label> <a href=\"https:\/\/lalmachine.com\/wp-content\/uploads\/2023\/06\/2-scaled.jpg\"><img loading=\"lazy\" decoding=\"async\" width=\"65\" height=\"96\" src=\"https:\/\/lalmachine.com\/wp-content\/uploads\/2023\/06\/2-scaled.jpg\" class=\"attachment-thumbnail size-thumbnail\" alt=\"\" \/><\/a> <a href=\"https:\/\/lalmachine.com\/wp-content\/uploads\/2023\/06\/3-scaled.jpg\"><img loading=\"lazy\" decoding=\"async\" width=\"70\" height=\"96\" src=\"https:\/\/lalmachine.com\/wp-content\/uploads\/2023\/06\/3-scaled.jpg\" class=\"attachment-thumbnail size-thumbnail\" alt=\"\" \/><\/a> <a href=\"https:\/\/lalmachine.com\/wp-content\/uploads\/2023\/06\/4-scaled.jpg\"><img loading=\"lazy\" decoding=\"async\" width=\"72\" height=\"96\" src=\"https:\/\/lalmachine.com\/wp-content\/uploads\/2023\/06\/4-scaled.jpg\" class=\"attachment-thumbnail size-thumbnail\" alt=\"\" \/><\/a> <a href=\"https:\/\/lalmachine.com\/wp-content\/uploads\/2023\/06\/5-scaled.jpg\"><img loading=\"lazy\" decoding=\"async\" width=\"108\" height=\"96\" src=\"https:\/\/lalmachine.com\/wp-content\/uploads\/2023\/06\/5-scaled.jpg\" class=\"attachment-thumbnail size-thumbnail\" alt=\"\" \/><\/a> <a href=\"https:\/\/lalmachine.com\/wp-content\/uploads\/2023\/06\/6-scaled.jpg\"><img loading=\"lazy\" decoding=\"async\" width=\"74\" height=\"96\" src=\"https:\/\/lalmachine.com\/wp-content\/uploads\/2023\/06\/6-scaled.jpg\" class=\"attachment-thumbnail size-thumbnail\" alt=\"\" \/><\/a> <a href=\"https:\/\/lalmachine.com\/wp-content\/uploads\/2023\/06\/8-scaled.jpg\"><img loading=\"lazy\" decoding=\"async\" width=\"63\" height=\"96\" src=\"https:\/\/lalmachine.com\/wp-content\/uploads\/2023\/06\/8-scaled.jpg\" class=\"attachment-thumbnail size-thumbnail\" alt=\"\" \/><\/a> <a href=\"https:\/\/lalmachine.com\/wp-content\/uploads\/2023\/06\/20230621_105051-scaled.jpg\"><img loading=\"lazy\" decoding=\"async\" width=\"128\" height=\"96\" src=\"https:\/\/lalmachine.com\/wp-content\/uploads\/2023\/06\/20230621_105051-scaled.jpg\" class=\"attachment-thumbnail size-thumbnail\" alt=\"\" \/><\/a> <\/li>        <li class=\"wpuf-field-data wpuf-field-data-numeric_text_field\">\n                            <label>Prix:<\/label>\n                        369        <\/li>\n                <li class=\"wpuf-field-data wpuf-field-data-numeric_text_field\">\n                            <label>Quantit\u00e9:<\/label>\n                        1        <\/li>\n                <li class=\"wpuf-field-data wpuf-field-data-numeric_text_field\">\n                            <label>Hauteur (cm):<\/label>\n                        42        <\/li>\n                <li class=\"wpuf-field-data wpuf-field-data-numeric_text_field\">\n                            <label>Largeur (cm):<\/label>\n                        30        <\/li>\n                <li class=\"wpuf-field-data wpuf-field-data-numeric_text_field\">\n                            <label>Profondeur (cm):<\/label>\n                        0        <\/li>\n        <\/ul>","protected":false},"excerpt":{"rendered":"<p>Kasamatsu Shiro (1898-1991) gravure sur bois intitul\u00e9e : &#8220;Nikk\u014d Ch\u016bzenji-ko&#8217; \u65e5\u5149\u4e2d\u7985\u5bfa\u6e56 (Lake Chuzenji in Nikko)&#8221;, Japon.<br \/>\nIl s&#8217;agit d&#8217;une \u00e9dition ult\u00e9rieure imprim\u00e9e \u00e0 l&#8217;aide des gravures sur bois originales. La premi\u00e8re \u00e9dition date de 1952.<br \/>\nLes mesures de l&#8217;image (hors sceau) sont de 36,5 x 24 cm et env. 42&#215;30 cm au total.<br \/>\nL&#8217;oeuvre peut \u00eatre envoy\u00e9e selon votre pr\u00e9f\u00e9rence dans un cadre en bois noir (offert) ou seulement dans son passe-partout.<\/p>\n<p>Kasamatsu Shiro a \u00e9tudi\u00e9 les arts \u00e0 Kaburagi Kiyokata. Il a con\u00e7u ses premi\u00e8res gravures sur bois pour Watanabe Shozaburo en 1919, apr\u00e8s que l&#8217;\u00e9diteur eut vu son travail lors d&#8217;une exposition. Shiro a longtemps con\u00e7u des imprim\u00e9s shin-hanga pour Watanabe et s&#8217;est fait conna\u00eetre avec ses paysages romantiques et ses repr\u00e9sentations de la vie japonaise traditionnelle. Entre 1952 et 1960, il a \u00e9galement cr\u00e9\u00e9 plus de 100 motifs d&#8217;estampes sur bois pour l&#8217;\u00e9diteur de Kyoto Unsodo. Shiro est g\u00e9n\u00e9ralement consid\u00e9r\u00e9 comme l&#8217;un des meilleurs artistes de gravure sur bois shin-hanga au Japon.<\/p>\n<p>L&#8217;oeuvre sera exp\u00e9di\u00e9e en recommand\u00e9 dans un emballage avec des protections sous 1-2 jours ouvrables.<\/p>","protected":false},"featured_media":329280,"template":"","meta":{"_et_pb_use_builder":"","_et_pb_old_content":"","_et_gb_content_width":""},"product_brand":[],"product_cat":[365,50],"product_tag":[],"proximite":[177,235],"class_list":{"0":"post-308621","1":"product","2":"type-product","3":"status-publish","4":"has-post-thumbnail","6":"product_cat-art-and-co","7":"product_cat-decorer","8":"product_shipping_class-2-10-kg","9":"pa_couleur-multicolore","10":"pa_etat-tres-bon-etat","11":"pa_materiau-papier-carton","12":"pa_style-art-contemporain","13":"proximite-fribourg","14":"proximite-sarine","16":"first","17":"instock","18":"shipping-taxable","19":"purchasable","20":"product-type-simple"},"yoast_head":"<!-- This site is optimized with the Yoast SEO plugin v27.4 - https:\/\/yoast.com\/product\/yoast-seo-wordpress\/ -->\n<title>Kasamatsu Shiro, Nikko Lac Chuzenji, estampe japonaise Shin-hanga | lalmachine.com<\/title>\n<meta name=\"description\" content=\"Kasamatsu Shiro (1898-1991) gravure sur bois intitul\u00e9e : &quot;Nikk\u014d Ch\u016bzenji-ko&#039; \u65e5\u5149\u4e2d\u7985\u5bfa\u6e56 (Lake Chuzenji in Nikko)&quot;, Japon.\" \/>\n<meta name=\"robots\" content=\"index, follow, max-snippet:-1, max-image-preview:large, max-video-preview:-1\" \/>\n<link rel=\"canonical\" href=\"http:\/\/lalmachine.com\/de\/shop\/decorer\/art-and-co\/kasamatsu-shiro-nikko-lac-chuzenji-estampe-japonaise-shin-hanga\/\" \/>\n<meta property=\"og:locale\" content=\"de_DE\" \/>\n<meta property=\"og:type\" content=\"article\" \/>\n<meta property=\"og:title\" content=\"Kasamatsu Shiro, Nikko Lac Chuzenji, estampe japonaise Shin-hanga | lalmachine.com\" \/>\n<meta property=\"og:description\" content=\"Kasamatsu Shiro (1898-1991) gravure sur bois intitul\u00e9e : &quot;Nikk\u014d Ch\u016bzenji-ko&#039; \u65e5\u5149\u4e2d\u7985\u5bfa\u6e56 (Lake Chuzenji in Nikko)&quot;, Japon.\" \/>\n<meta property=\"og:url\" content=\"http:\/\/lalmachine.com\/de\/shop\/decorer\/art-and-co\/kasamatsu-shiro-nikko-lac-chuzenji-estampe-japonaise-shin-hanga\/\" \/>\n<meta property=\"og:site_name\" content=\"lalmachine.com\" \/>\n<meta property=\"article:publisher\" content=\"https:\/\/facebook.com\/lalmachine\" \/>\n<meta property=\"article:modified_time\" content=\"2026-01-15T23:13:50+00:00\" \/>\n<meta property=\"og:image\" content=\"https:\/\/lalmachine.com\/wp-content\/uploads\/2023\/06\/2-3-scaled_clipped_rev_1-scaled.jpeg\" \/>\n\t<meta property=\"og:image:width\" content=\"2560\" \/>\n\t<meta property=\"og:image:height\" content=\"2560\" \/>\n\t<meta property=\"og:image:type\" content=\"image\/jpeg\" \/>\n<meta name=\"twitter:card\" content=\"summary_large_image\" \/>\n<script type=\"application\/ld+json\" class=\"yoast-schema-graph\">{\"@context\":\"https:\\\/\\\/schema.org\",\"@graph\":[{\"@type\":\"WebPage\",\"@id\":\"http:\\\/\\\/lalmachine.com\\\/de\\\/shop\\\/decorer\\\/art-and-co\\\/kasamatsu-shiro-nikko-lac-chuzenji-estampe-japonaise-shin-hanga\\\/\",\"url\":\"http:\\\/\\\/lalmachine.com\\\/de\\\/shop\\\/decorer\\\/art-and-co\\\/kasamatsu-shiro-nikko-lac-chuzenji-estampe-japonaise-shin-hanga\\\/\",\"name\":\"Kasamatsu Shiro, Nikko Lac Chuzenji, estampe japonaise Shin-hanga | lalmachine.com\",\"isPartOf\":{\"@id\":\"https:\\\/\\\/lalmachine.com\\\/#website\"},\"primaryImageOfPage\":{\"@id\":\"http:\\\/\\\/lalmachine.com\\\/de\\\/shop\\\/decorer\\\/art-and-co\\\/kasamatsu-shiro-nikko-lac-chuzenji-estampe-japonaise-shin-hanga\\\/#primaryimage\"},\"image\":{\"@id\":\"http:\\\/\\\/lalmachine.com\\\/de\\\/shop\\\/decorer\\\/art-and-co\\\/kasamatsu-shiro-nikko-lac-chuzenji-estampe-japonaise-shin-hanga\\\/#primaryimage\"},\"thumbnailUrl\":\"https:\\\/\\\/lalmachine.com\\\/wp-content\\\/uploads\\\/2023\\\/06\\\/2-3-scaled_clipped_rev_1-scaled.jpeg\",\"datePublished\":\"2023-06-23T12:07:12+00:00\",\"dateModified\":\"2026-01-15T23:13:50+00:00\",\"description\":\"Kasamatsu Shiro (1898-1991) gravure sur bois intitul\u00e9e : \\\"Nikk\u014d Ch\u016bzenji-ko' \u65e5\u5149\u4e2d\u7985\u5bfa\u6e56 (Lake Chuzenji in Nikko)\\\", Japon.\",\"breadcrumb\":{\"@id\":\"http:\\\/\\\/lalmachine.com\\\/de\\\/shop\\\/decorer\\\/art-and-co\\\/kasamatsu-shiro-nikko-lac-chuzenji-estampe-japonaise-shin-hanga\\\/#breadcrumb\"},\"inLanguage\":\"de\",\"potentialAction\":[{\"@type\":\"ReadAction\",\"target\":[\"http:\\\/\\\/lalmachine.com\\\/de\\\/shop\\\/decorer\\\/art-and-co\\\/kasamatsu-shiro-nikko-lac-chuzenji-estampe-japonaise-shin-hanga\\\/\"]}]},{\"@type\":\"ImageObject\",\"inLanguage\":\"de\",\"@id\":\"http:\\\/\\\/lalmachine.com\\\/de\\\/shop\\\/decorer\\\/art-and-co\\\/kasamatsu-shiro-nikko-lac-chuzenji-estampe-japonaise-shin-hanga\\\/#primaryimage\",\"url\":\"https:\\\/\\\/lalmachine.com\\\/wp-content\\\/uploads\\\/2023\\\/06\\\/2-3-scaled_clipped_rev_1-scaled.jpeg\",\"contentUrl\":\"https:\\\/\\\/lalmachine.com\\\/wp-content\\\/uploads\\\/2023\\\/06\\\/2-3-scaled_clipped_rev_1-scaled.jpeg\",\"width\":2560,\"height\":2560,\"caption\":\"Kasamatsu Shiro\"},{\"@type\":\"BreadcrumbList\",\"@id\":\"http:\\\/\\\/lalmachine.com\\\/de\\\/shop\\\/decorer\\\/art-and-co\\\/kasamatsu-shiro-nikko-lac-chuzenji-estampe-japonaise-shin-hanga\\\/#breadcrumb\",\"itemListElement\":[{\"@type\":\"ListItem\",\"position\":1,\"name\":\"Accueil\",\"item\":\"https:\\\/\\\/lalmachine.com\\\/\"},{\"@type\":\"ListItem\",\"position\":2,\"name\":\"Shop\",\"item\":\"https:\\\/\\\/lalmachine.com\\\/shop\\\/\"},{\"@type\":\"ListItem\",\"position\":3,\"name\":\"Kasamatsu Shiro, Nikko Lac Chuzenji, estampe japonaise Shin-hanga\"}]},{\"@type\":\"WebSite\",\"@id\":\"https:\\\/\\\/lalmachine.com\\\/#website\",\"url\":\"https:\\\/\\\/lalmachine.com\\\/\",\"name\":\"lalmachine.com\",\"description\":\"Brocante en ligne Suisse | Mobilier et objets d\u00e9co vintage et design\",\"potentialAction\":[{\"@type\":\"SearchAction\",\"target\":{\"@type\":\"EntryPoint\",\"urlTemplate\":\"https:\\\/\\\/lalmachine.com\\\/?s={search_term_string}\"},\"query-input\":{\"@type\":\"PropertyValueSpecification\",\"valueRequired\":true,\"valueName\":\"search_term_string\"}}],\"inLanguage\":\"de\"}]}<\/script>\n<!-- \/ Yoast SEO plugin. -->","yoast_head_json":{"title":"Kasamatsu Shiro, Nikko Lac Chuzenji, estampe japonaise Shin-hanga | lalmachine.com","description":"Kasamatsu Shiro (1898-1991) gravure sur bois intitul\u00e9e : \"Nikk\u014d Ch\u016bzenji-ko' \u65e5\u5149\u4e2d\u7985\u5bfa\u6e56 (Lake Chuzenji in Nikko)\", Japon.","robots":{"index":"index","follow":"follow","max-snippet":"max-snippet:-1","max-image-preview":"max-image-preview:large","max-video-preview":"max-video-preview:-1"},"canonical":"http:\/\/lalmachine.com\/de\/shop\/decorer\/art-and-co\/kasamatsu-shiro-nikko-lac-chuzenji-estampe-japonaise-shin-hanga\/","og_locale":"de_DE","og_type":"article","og_title":"Kasamatsu Shiro, Nikko Lac Chuzenji, estampe japonaise Shin-hanga | lalmachine.com","og_description":"Kasamatsu Shiro (1898-1991) gravure sur bois intitul\u00e9e : \"Nikk\u014d Ch\u016bzenji-ko' \u65e5\u5149\u4e2d\u7985\u5bfa\u6e56 (Lake Chuzenji in Nikko)\", Japon.","og_url":"http:\/\/lalmachine.com\/de\/shop\/decorer\/art-and-co\/kasamatsu-shiro-nikko-lac-chuzenji-estampe-japonaise-shin-hanga\/","og_site_name":"lalmachine.com","article_publisher":"https:\/\/facebook.com\/lalmachine","article_modified_time":"2026-01-15T23:13:50+00:00","og_image":[{"width":2560,"height":2560,"url":"https:\/\/lalmachine.com\/wp-content\/uploads\/2023\/06\/2-3-scaled_clipped_rev_1-scaled.jpeg","type":"image\/jpeg"}],"twitter_card":"summary_large_image","schema":{"@context":"https:\/\/schema.org","@graph":[{"@type":"WebPage","@id":"http:\/\/lalmachine.com\/de\/shop\/decorer\/art-and-co\/kasamatsu-shiro-nikko-lac-chuzenji-estampe-japonaise-shin-hanga\/","url":"http:\/\/lalmachine.com\/de\/shop\/decorer\/art-and-co\/kasamatsu-shiro-nikko-lac-chuzenji-estampe-japonaise-shin-hanga\/","name":"Kasamatsu Shiro, Nikko Lac Chuzenji, estampe japonaise Shin-hanga | lalmachine.com","isPartOf":{"@id":"https:\/\/lalmachine.com\/#website"},"primaryImageOfPage":{"@id":"http:\/\/lalmachine.com\/de\/shop\/decorer\/art-and-co\/kasamatsu-shiro-nikko-lac-chuzenji-estampe-japonaise-shin-hanga\/#primaryimage"},"image":{"@id":"http:\/\/lalmachine.com\/de\/shop\/decorer\/art-and-co\/kasamatsu-shiro-nikko-lac-chuzenji-estampe-japonaise-shin-hanga\/#primaryimage"},"thumbnailUrl":"https:\/\/lalmachine.com\/wp-content\/uploads\/2023\/06\/2-3-scaled_clipped_rev_1-scaled.jpeg","datePublished":"2023-06-23T12:07:12+00:00","dateModified":"2026-01-15T23:13:50+00:00","description":"Kasamatsu Shiro (1898-1991) gravure sur bois intitul\u00e9e : \"Nikk\u014d Ch\u016bzenji-ko' \u65e5\u5149\u4e2d\u7985\u5bfa\u6e56 (Lake Chuzenji in Nikko)\", Japon.","breadcrumb":{"@id":"http:\/\/lalmachine.com\/de\/shop\/decorer\/art-and-co\/kasamatsu-shiro-nikko-lac-chuzenji-estampe-japonaise-shin-hanga\/#breadcrumb"},"inLanguage":"de","potentialAction":[{"@type":"ReadAction","target":["http:\/\/lalmachine.com\/de\/shop\/decorer\/art-and-co\/kasamatsu-shiro-nikko-lac-chuzenji-estampe-japonaise-shin-hanga\/"]}]},{"@type":"ImageObject","inLanguage":"de","@id":"http:\/\/lalmachine.com\/de\/shop\/decorer\/art-and-co\/kasamatsu-shiro-nikko-lac-chuzenji-estampe-japonaise-shin-hanga\/#primaryimage","url":"https:\/\/lalmachine.com\/wp-content\/uploads\/2023\/06\/2-3-scaled_clipped_rev_1-scaled.jpeg","contentUrl":"https:\/\/lalmachine.com\/wp-content\/uploads\/2023\/06\/2-3-scaled_clipped_rev_1-scaled.jpeg","width":2560,"height":2560,"caption":"Kasamatsu Shiro"},{"@type":"BreadcrumbList","@id":"http:\/\/lalmachine.com\/de\/shop\/decorer\/art-and-co\/kasamatsu-shiro-nikko-lac-chuzenji-estampe-japonaise-shin-hanga\/#breadcrumb","itemListElement":[{"@type":"ListItem","position":1,"name":"Accueil","item":"https:\/\/lalmachine.com\/"},{"@type":"ListItem","position":2,"name":"Shop","item":"https:\/\/lalmachine.com\/shop\/"},{"@type":"ListItem","position":3,"name":"Kasamatsu Shiro, Nikko Lac Chuzenji, estampe japonaise Shin-hanga"}]},{"@type":"WebSite","@id":"https:\/\/lalmachine.com\/#website","url":"https:\/\/lalmachine.com\/","name":"lalmachine.com","description":"Brocante en ligne Suisse | Mobilier et objets d\u00e9co vintage et design","potentialAction":[{"@type":"SearchAction","target":{"@type":"EntryPoint","urlTemplate":"https:\/\/lalmachine.com\/?s={search_term_string}"},"query-input":{"@type":"PropertyValueSpecification","valueRequired":true,"valueName":"search_term_string"}}],"inLanguage":"de"}]}},"_links":{"self":[{"href":"https:\/\/lalmachine.com\/de\/wp-json\/wp\/v2\/product\/308621","targetHints":{"allow":["GET"]}}],"collection":[{"href":"https:\/\/lalmachine.com\/de\/wp-json\/wp\/v2\/product"}],"about":[{"href":"https:\/\/lalmachine.com\/de\/wp-json\/wp\/v2\/types\/product"}],"wp:featuredmedia":[{"embeddable":true,"href":"https:\/\/lalmachine.com\/de\/wp-json\/wp\/v2\/media\/329280"}],"wp:attachment":[{"href":"https:\/\/lalmachine.com\/de\/wp-json\/wp\/v2\/media?parent=308621"}],"wp:term":[{"taxonomy":"product_brand","embeddable":true,"href":"https:\/\/lalmachine.com\/de\/wp-json\/wp\/v2\/product_brand?post=308621"},{"taxonomy":"product_cat","embeddable":true,"href":"https:\/\/lalmachine.com\/de\/wp-json\/wp\/v2\/product_cat?post=308621"},{"taxonomy":"product_tag","embeddable":true,"href":"https:\/\/lalmachine.com\/de\/wp-json\/wp\/v2\/product_tag?post=308621"},{"taxonomy":"proximite","embeddable":true,"href":"https:\/\/lalmachine.com\/de\/wp-json\/wp\/v2\/proximite?post=308621"}],"curies":[{"name":"wp","href":"https:\/\/api.w.org\/{rel}","templated":true}]}}