{"id":309464,"date":"2023-07-17T10:38:38","date_gmt":"2023-07-17T08:38:38","guid":{"rendered":"https:\/\/lalmachine.com\/?post_type=product&#038;p=309464"},"modified":"2024-12-05T22:01:39","modified_gmt":"2024-12-05T21:01:39","slug":"lot-de-4-affiches-le-corbusier-projets-realises-1905-1968","status":"publish","type":"product","link":"https:\/\/lalmachine.com\/de\/shop\/decorer\/affiche-carte\/lot-de-4-affiches-le-corbusier-projets-realises-1905-1968\/","title":{"rendered":"Lot de 4 affiches \u00ab\u00a0Le Corbusier, projets r\u00e9alis\u00e9s 1905-1968\u00a0\u00bb"},"content":{"rendered":"<ul class=\"wpuf_customs\"><li style=\"list-style-type:none;\"><label>Autres photos:<\/label> <a href=\"https:\/\/lalmachine.com\/wp-content\/uploads\/2023\/07\/IMG20230710141540-scaled.jpg\"><img loading=\"lazy\" decoding=\"async\" width=\"72\" height=\"96\" src=\"https:\/\/lalmachine.com\/wp-content\/uploads\/2023\/07\/IMG20230710141540-scaled.jpg\" class=\"attachment-thumbnail size-thumbnail\" alt=\"\" \/><\/a> <a href=\"https:\/\/lalmachine.com\/wp-content\/uploads\/2023\/07\/IMG20230710141421-scaled.jpg\"><img loading=\"lazy\" decoding=\"async\" width=\"72\" height=\"96\" src=\"https:\/\/lalmachine.com\/wp-content\/uploads\/2023\/07\/IMG20230710141421-scaled.jpg\" class=\"attachment-thumbnail size-thumbnail\" alt=\"\" \/><\/a> <a href=\"https:\/\/lalmachine.com\/wp-content\/uploads\/2023\/07\/IMG20230710141554-scaled.jpg\"><img loading=\"lazy\" decoding=\"async\" width=\"72\" height=\"96\" src=\"https:\/\/lalmachine.com\/wp-content\/uploads\/2023\/07\/IMG20230710141554-scaled.jpg\" class=\"attachment-thumbnail size-thumbnail\" alt=\"\" \/><\/a> <a href=\"https:\/\/lalmachine.com\/wp-content\/uploads\/2023\/07\/IMG20230710141605-scaled.jpg\"><img loading=\"lazy\" decoding=\"async\" width=\"72\" height=\"96\" src=\"https:\/\/lalmachine.com\/wp-content\/uploads\/2023\/07\/IMG20230710141605-scaled.jpg\" class=\"attachment-thumbnail size-thumbnail\" alt=\"\" \/><\/a> <a href=\"https:\/\/lalmachine.com\/wp-content\/uploads\/2023\/07\/IMG20230710141625-scaled.jpg\"><img loading=\"lazy\" decoding=\"async\" width=\"72\" height=\"96\" src=\"https:\/\/lalmachine.com\/wp-content\/uploads\/2023\/07\/IMG20230710141625-scaled.jpg\" class=\"attachment-thumbnail size-thumbnail\" alt=\"\" \/><\/a> <a href=\"https:\/\/lalmachine.com\/wp-content\/uploads\/2023\/07\/IMG20230710141629-scaled.jpg\"><img loading=\"lazy\" decoding=\"async\" width=\"72\" height=\"96\" src=\"https:\/\/lalmachine.com\/wp-content\/uploads\/2023\/07\/IMG20230710141629-scaled.jpg\" class=\"attachment-thumbnail size-thumbnail\" alt=\"\" \/><\/a> <a href=\"https:\/\/lalmachine.com\/wp-content\/uploads\/2023\/07\/IMG20230710141632-scaled.jpg\"><img loading=\"lazy\" decoding=\"async\" width=\"72\" height=\"96\" src=\"https:\/\/lalmachine.com\/wp-content\/uploads\/2023\/07\/IMG20230710141632-scaled.jpg\" class=\"attachment-thumbnail size-thumbnail\" alt=\"\" \/><\/a> <a href=\"https:\/\/lalmachine.com\/wp-content\/uploads\/2023\/07\/IMG20230710141641-scaled.jpg\"><img loading=\"lazy\" decoding=\"async\" width=\"72\" height=\"96\" src=\"https:\/\/lalmachine.com\/wp-content\/uploads\/2023\/07\/IMG20230710141641-scaled.jpg\" class=\"attachment-thumbnail size-thumbnail\" alt=\"\" \/><\/a> <a href=\"https:\/\/lalmachine.com\/wp-content\/uploads\/2023\/07\/IMG20230710141650-scaled.jpg\"><img loading=\"lazy\" decoding=\"async\" width=\"72\" height=\"96\" src=\"https:\/\/lalmachine.com\/wp-content\/uploads\/2023\/07\/IMG20230710141650-scaled.jpg\" class=\"attachment-thumbnail size-thumbnail\" alt=\"\" \/><\/a> <a href=\"https:\/\/lalmachine.com\/wp-content\/uploads\/2023\/07\/IMG20230710141703-scaled.jpg\"><img loading=\"lazy\" decoding=\"async\" width=\"72\" height=\"96\" src=\"https:\/\/lalmachine.com\/wp-content\/uploads\/2023\/07\/IMG20230710141703-scaled.jpg\" class=\"attachment-thumbnail size-thumbnail\" alt=\"\" \/><\/a> <a href=\"https:\/\/lalmachine.com\/wp-content\/uploads\/2023\/07\/IMG20230710141712-scaled.jpg\"><img loading=\"lazy\" decoding=\"async\" width=\"72\" height=\"96\" src=\"https:\/\/lalmachine.com\/wp-content\/uploads\/2023\/07\/IMG20230710141712-scaled.jpg\" class=\"attachment-thumbnail size-thumbnail\" alt=\"\" \/><\/a> <a href=\"https:\/\/lalmachine.com\/wp-content\/uploads\/2023\/07\/IMG20230710141715-scaled.jpg\"><img loading=\"lazy\" decoding=\"async\" width=\"72\" height=\"96\" src=\"https:\/\/lalmachine.com\/wp-content\/uploads\/2023\/07\/IMG20230710141715-scaled.jpg\" class=\"attachment-thumbnail size-thumbnail\" alt=\"\" \/><\/a> <a href=\"https:\/\/lalmachine.com\/wp-content\/uploads\/2023\/07\/IMG20230710141734-scaled.jpg\"><img loading=\"lazy\" decoding=\"async\" width=\"72\" height=\"96\" src=\"https:\/\/lalmachine.com\/wp-content\/uploads\/2023\/07\/IMG20230710141734-scaled.jpg\" class=\"attachment-thumbnail size-thumbnail\" alt=\"\" \/><\/a> <\/li>        <li class=\"wpuf-field-data wpuf-field-data-numeric_text_field\">\n                            <label>Prix:<\/label>\n                        350        <\/li>\n                <li class=\"wpuf-field-data wpuf-field-data-numeric_text_field\">\n                            <label>Hauteur (cm):<\/label>\n                        87        <\/li>\n                <li class=\"wpuf-field-data wpuf-field-data-numeric_text_field\">\n                            <label>Largeur (cm):<\/label>\n                        61        <\/li>\n                <li class=\"wpuf-field-data wpuf-field-data-numeric_text_field\">\n                            <label>Profondeur (cm):<\/label>\n                        2        <\/li>\n        <\/ul>","protected":false},"excerpt":{"rendered":"<p>Lot de 4 affiches \u00ab\u00a0Le Corbusier, projets r\u00e9alis\u00e9s 1905-1968\u00a0\u00bb encadr\u00e9es. Elles ont imprim\u00e9es en 1987 pour l&rsquo;exposition \u00e0 Z\u00fcrich \u00ab\u00a0Le Corbusier and Switzerland\u00a0\u00bb. Cette s\u00e9rie a \u00e9t\u00e9 cr\u00e9\u00e9e par Thomas Boga &amp; Philippe Carrard en 1979 pour une pr\u00e9c\u00e9dente exposition.<\/p>\n<p>Les dimensions ci-dessous correspondent \u00e0 un cadre.<\/p>","protected":false},"featured_media":309450,"template":"","meta":{"_et_pb_use_builder":"","_et_pb_old_content":"","_et_gb_content_width":""},"product_brand":[],"product_cat":[95,50],"product_tag":[],"proximite":[177,235],"class_list":{"0":"post-309464","1":"product","2":"type-product","3":"status-publish","4":"has-post-thumbnail","6":"product_cat-affiche-carte","7":"product_cat-decorer","8":"product_shipping_class-50-chf","9":"pa_couleur-multicolore","10":"pa_designer-le-corbusier","11":"pa_etat-bon-etat","12":"pa_materiau-verre","13":"pa_style-vintage","14":"proximite-fribourg","15":"proximite-sarine","17":"first","18":"outofstock","19":"shipping-taxable","20":"purchasable","21":"product-type-simple"},"yoast_head":"<!-- This site is optimized with the Yoast SEO plugin v27.3 - https:\/\/yoast.com\/product\/yoast-seo-wordpress\/ -->\n<title>Lot de 4 affiches &quot;Le Corbusier, projets r\u00e9alis\u00e9s 1905-1968&quot; | lalmachine.com, mobilier et objets d\u00e9co vintage et design<\/title>\n<meta name=\"robots\" content=\"index, follow, max-snippet:-1, max-image-preview:large, max-video-preview:-1\" \/>\n<link rel=\"canonical\" href=\"https:\/\/lalmachine.com\/de\/shop\/decorer\/affiche-carte\/lot-de-4-affiches-le-corbusier-projets-realises-1905-1968\/\" \/>\n<meta property=\"og:locale\" content=\"de_DE\" \/>\n<meta property=\"og:type\" content=\"article\" \/>\n<meta property=\"og:title\" content=\"Lot de 4 affiches &quot;Le Corbusier, projets r\u00e9alis\u00e9s 1905-1968&quot; | lalmachine.com, mobilier et objets d\u00e9co vintage et design\" \/>\n<meta property=\"og:description\" content=\"Lot de 4 affiches &quot;Le Corbusier, projets r\u00e9alis\u00e9s 1905-1968&quot; encadr\u00e9es. Elles ont imprim\u00e9es en 1987 pour l&#039;exposition \u00e0 Z\u00fcrich &quot;Le Corbusier and Switzerland&quot;. Cette s\u00e9rie a \u00e9t\u00e9 cr\u00e9\u00e9e par Thomas Boga &amp; Philippe Carrard en 1979 pour une pr\u00e9c\u00e9dente exposition.  Les dimensions ci-dessous correspondent \u00e0 un cadre.\" \/>\n<meta property=\"og:url\" content=\"https:\/\/lalmachine.com\/de\/shop\/decorer\/affiche-carte\/lot-de-4-affiches-le-corbusier-projets-realises-1905-1968\/\" \/>\n<meta property=\"og:site_name\" content=\"lalmachine.com\" \/>\n<meta property=\"article:publisher\" content=\"https:\/\/facebook.com\/lalmachine\" \/>\n<meta property=\"article:modified_time\" content=\"2024-12-05T21:01:39+00:00\" \/>\n<meta property=\"og:image\" content=\"https:\/\/lalmachine.com\/wp-content\/uploads\/2023\/07\/IMG20230710141540_clipped_rev_1-scaled.jpeg\" \/>\n\t<meta property=\"og:image:width\" content=\"2560\" \/>\n\t<meta property=\"og:image:height\" content=\"2560\" \/>\n\t<meta property=\"og:image:type\" content=\"image\/jpeg\" \/>\n<meta name=\"twitter:card\" content=\"summary_large_image\" \/>\n<script type=\"application\/ld+json\" class=\"yoast-schema-graph\">{\"@context\":\"https:\\\/\\\/schema.org\",\"@graph\":[{\"@type\":\"WebPage\",\"@id\":\"https:\\\/\\\/lalmachine.com\\\/shop\\\/decorer\\\/affiche-carte\\\/lot-de-4-affiches-le-corbusier-projets-realises-1905-1968\\\/\",\"url\":\"https:\\\/\\\/lalmachine.com\\\/shop\\\/decorer\\\/affiche-carte\\\/lot-de-4-affiches-le-corbusier-projets-realises-1905-1968\\\/\",\"name\":\"Lot de 4 affiches \\\"Le Corbusier, projets r\u00e9alis\u00e9s 1905-1968\\\" | lalmachine.com, mobilier et objets d\u00e9co vintage et design\",\"isPartOf\":{\"@id\":\"https:\\\/\\\/lalmachine.com\\\/#website\"},\"primaryImageOfPage\":{\"@id\":\"https:\\\/\\\/lalmachine.com\\\/shop\\\/decorer\\\/affiche-carte\\\/lot-de-4-affiches-le-corbusier-projets-realises-1905-1968\\\/#primaryimage\"},\"image\":{\"@id\":\"https:\\\/\\\/lalmachine.com\\\/shop\\\/decorer\\\/affiche-carte\\\/lot-de-4-affiches-le-corbusier-projets-realises-1905-1968\\\/#primaryimage\"},\"thumbnailUrl\":\"https:\\\/\\\/lalmachine.com\\\/wp-content\\\/uploads\\\/2023\\\/07\\\/IMG20230710141540_clipped_rev_1-scaled.jpeg\",\"datePublished\":\"2023-07-17T08:38:38+00:00\",\"dateModified\":\"2024-12-05T21:01:39+00:00\",\"breadcrumb\":{\"@id\":\"https:\\\/\\\/lalmachine.com\\\/shop\\\/decorer\\\/affiche-carte\\\/lot-de-4-affiches-le-corbusier-projets-realises-1905-1968\\\/#breadcrumb\"},\"inLanguage\":\"de\",\"potentialAction\":[{\"@type\":\"ReadAction\",\"target\":[\"https:\\\/\\\/lalmachine.com\\\/shop\\\/decorer\\\/affiche-carte\\\/lot-de-4-affiches-le-corbusier-projets-realises-1905-1968\\\/\"]}]},{\"@type\":\"ImageObject\",\"inLanguage\":\"de\",\"@id\":\"https:\\\/\\\/lalmachine.com\\\/shop\\\/decorer\\\/affiche-carte\\\/lot-de-4-affiches-le-corbusier-projets-realises-1905-1968\\\/#primaryimage\",\"url\":\"https:\\\/\\\/lalmachine.com\\\/wp-content\\\/uploads\\\/2023\\\/07\\\/IMG20230710141540_clipped_rev_1-scaled.jpeg\",\"contentUrl\":\"https:\\\/\\\/lalmachine.com\\\/wp-content\\\/uploads\\\/2023\\\/07\\\/IMG20230710141540_clipped_rev_1-scaled.jpeg\",\"width\":2560,\"height\":2560,\"caption\":\"Lot de 4 affiches \\\"Le Corbusier projets r\u00e9alis\u00e9s 1905-1968\\\"\"},{\"@type\":\"BreadcrumbList\",\"@id\":\"https:\\\/\\\/lalmachine.com\\\/shop\\\/decorer\\\/affiche-carte\\\/lot-de-4-affiches-le-corbusier-projets-realises-1905-1968\\\/#breadcrumb\",\"itemListElement\":[{\"@type\":\"ListItem\",\"position\":1,\"name\":\"Accueil\",\"item\":\"https:\\\/\\\/lalmachine.com\\\/\"},{\"@type\":\"ListItem\",\"position\":2,\"name\":\"Shop\",\"item\":\"https:\\\/\\\/lalmachine.com\\\/shop\\\/\"},{\"@type\":\"ListItem\",\"position\":3,\"name\":\"Lot de 4 affiches &#8220;Le Corbusier, projets r\u00e9alis\u00e9s 1905-1968&#8221;\"}]},{\"@type\":\"WebSite\",\"@id\":\"https:\\\/\\\/lalmachine.com\\\/#website\",\"url\":\"https:\\\/\\\/lalmachine.com\\\/\",\"name\":\"lalmachine.com\",\"description\":\"Brocante en ligne Suisse | Mobilier et objets d\u00e9co vintage et design\",\"potentialAction\":[{\"@type\":\"SearchAction\",\"target\":{\"@type\":\"EntryPoint\",\"urlTemplate\":\"https:\\\/\\\/lalmachine.com\\\/?s={search_term_string}\"},\"query-input\":{\"@type\":\"PropertyValueSpecification\",\"valueRequired\":true,\"valueName\":\"search_term_string\"}}],\"inLanguage\":\"de\"}]}<\/script>\n<!-- \/ Yoast SEO plugin. -->","yoast_head_json":{"title":"Lot de 4 affiches \"Le Corbusier, projets r\u00e9alis\u00e9s 1905-1968\" | lalmachine.com, mobilier et objets d\u00e9co vintage et design","robots":{"index":"index","follow":"follow","max-snippet":"max-snippet:-1","max-image-preview":"max-image-preview:large","max-video-preview":"max-video-preview:-1"},"canonical":"https:\/\/lalmachine.com\/de\/shop\/decorer\/affiche-carte\/lot-de-4-affiches-le-corbusier-projets-realises-1905-1968\/","og_locale":"de_DE","og_type":"article","og_title":"Lot de 4 affiches \"Le Corbusier, projets r\u00e9alis\u00e9s 1905-1968\" | lalmachine.com, mobilier et objets d\u00e9co vintage et design","og_description":"Lot de 4 affiches \"Le Corbusier, projets r\u00e9alis\u00e9s 1905-1968\" encadr\u00e9es. Elles ont imprim\u00e9es en 1987 pour l'exposition \u00e0 Z\u00fcrich \"Le Corbusier and Switzerland\". Cette s\u00e9rie a \u00e9t\u00e9 cr\u00e9\u00e9e par Thomas Boga &amp; Philippe Carrard en 1979 pour une pr\u00e9c\u00e9dente exposition.  Les dimensions ci-dessous correspondent \u00e0 un cadre.","og_url":"https:\/\/lalmachine.com\/de\/shop\/decorer\/affiche-carte\/lot-de-4-affiches-le-corbusier-projets-realises-1905-1968\/","og_site_name":"lalmachine.com","article_publisher":"https:\/\/facebook.com\/lalmachine","article_modified_time":"2024-12-05T21:01:39+00:00","og_image":[{"width":2560,"height":2560,"url":"https:\/\/lalmachine.com\/wp-content\/uploads\/2023\/07\/IMG20230710141540_clipped_rev_1-scaled.jpeg","type":"image\/jpeg"}],"twitter_card":"summary_large_image","schema":{"@context":"https:\/\/schema.org","@graph":[{"@type":"WebPage","@id":"https:\/\/lalmachine.com\/shop\/decorer\/affiche-carte\/lot-de-4-affiches-le-corbusier-projets-realises-1905-1968\/","url":"https:\/\/lalmachine.com\/shop\/decorer\/affiche-carte\/lot-de-4-affiches-le-corbusier-projets-realises-1905-1968\/","name":"Lot de 4 affiches \"Le Corbusier, projets r\u00e9alis\u00e9s 1905-1968\" | lalmachine.com, mobilier et objets d\u00e9co vintage et design","isPartOf":{"@id":"https:\/\/lalmachine.com\/#website"},"primaryImageOfPage":{"@id":"https:\/\/lalmachine.com\/shop\/decorer\/affiche-carte\/lot-de-4-affiches-le-corbusier-projets-realises-1905-1968\/#primaryimage"},"image":{"@id":"https:\/\/lalmachine.com\/shop\/decorer\/affiche-carte\/lot-de-4-affiches-le-corbusier-projets-realises-1905-1968\/#primaryimage"},"thumbnailUrl":"https:\/\/lalmachine.com\/wp-content\/uploads\/2023\/07\/IMG20230710141540_clipped_rev_1-scaled.jpeg","datePublished":"2023-07-17T08:38:38+00:00","dateModified":"2024-12-05T21:01:39+00:00","breadcrumb":{"@id":"https:\/\/lalmachine.com\/shop\/decorer\/affiche-carte\/lot-de-4-affiches-le-corbusier-projets-realises-1905-1968\/#breadcrumb"},"inLanguage":"de","potentialAction":[{"@type":"ReadAction","target":["https:\/\/lalmachine.com\/shop\/decorer\/affiche-carte\/lot-de-4-affiches-le-corbusier-projets-realises-1905-1968\/"]}]},{"@type":"ImageObject","inLanguage":"de","@id":"https:\/\/lalmachine.com\/shop\/decorer\/affiche-carte\/lot-de-4-affiches-le-corbusier-projets-realises-1905-1968\/#primaryimage","url":"https:\/\/lalmachine.com\/wp-content\/uploads\/2023\/07\/IMG20230710141540_clipped_rev_1-scaled.jpeg","contentUrl":"https:\/\/lalmachine.com\/wp-content\/uploads\/2023\/07\/IMG20230710141540_clipped_rev_1-scaled.jpeg","width":2560,"height":2560,"caption":"Lot de 4 affiches \"Le Corbusier projets r\u00e9alis\u00e9s 1905-1968\""},{"@type":"BreadcrumbList","@id":"https:\/\/lalmachine.com\/shop\/decorer\/affiche-carte\/lot-de-4-affiches-le-corbusier-projets-realises-1905-1968\/#breadcrumb","itemListElement":[{"@type":"ListItem","position":1,"name":"Accueil","item":"https:\/\/lalmachine.com\/"},{"@type":"ListItem","position":2,"name":"Shop","item":"https:\/\/lalmachine.com\/shop\/"},{"@type":"ListItem","position":3,"name":"Lot de 4 affiches &#8220;Le Corbusier, projets r\u00e9alis\u00e9s 1905-1968&#8221;"}]},{"@type":"WebSite","@id":"https:\/\/lalmachine.com\/#website","url":"https:\/\/lalmachine.com\/","name":"lalmachine.com","description":"Brocante en ligne Suisse | Mobilier et objets d\u00e9co vintage et design","potentialAction":[{"@type":"SearchAction","target":{"@type":"EntryPoint","urlTemplate":"https:\/\/lalmachine.com\/?s={search_term_string}"},"query-input":{"@type":"PropertyValueSpecification","valueRequired":true,"valueName":"search_term_string"}}],"inLanguage":"de"}]}},"_links":{"self":[{"href":"https:\/\/lalmachine.com\/de\/wp-json\/wp\/v2\/product\/309464","targetHints":{"allow":["GET"]}}],"collection":[{"href":"https:\/\/lalmachine.com\/de\/wp-json\/wp\/v2\/product"}],"about":[{"href":"https:\/\/lalmachine.com\/de\/wp-json\/wp\/v2\/types\/product"}],"wp:featuredmedia":[{"embeddable":true,"href":"https:\/\/lalmachine.com\/de\/wp-json\/wp\/v2\/media\/309450"}],"wp:attachment":[{"href":"https:\/\/lalmachine.com\/de\/wp-json\/wp\/v2\/media?parent=309464"}],"wp:term":[{"taxonomy":"product_brand","embeddable":true,"href":"https:\/\/lalmachine.com\/de\/wp-json\/wp\/v2\/product_brand?post=309464"},{"taxonomy":"product_cat","embeddable":true,"href":"https:\/\/lalmachine.com\/de\/wp-json\/wp\/v2\/product_cat?post=309464"},{"taxonomy":"product_tag","embeddable":true,"href":"https:\/\/lalmachine.com\/de\/wp-json\/wp\/v2\/product_tag?post=309464"},{"taxonomy":"proximite","embeddable":true,"href":"https:\/\/lalmachine.com\/de\/wp-json\/wp\/v2\/proximite?post=309464"}],"curies":[{"name":"wp","href":"https:\/\/api.w.org\/{rel}","templated":true}]}}