{"id":309877,"date":"2023-07-29T17:31:04","date_gmt":"2023-07-29T15:31:04","guid":{"rendered":"https:\/\/lalmachine.com\/?post_type=product&#038;p=309877"},"modified":"2024-12-05T22:01:41","modified_gmt":"2024-12-05T21:01:41","slug":"meuble-de-metier-a-casiers-vintage-1950-1960","status":"publish","type":"product","link":"https:\/\/lalmachine.com\/de\/shop\/meubler\/meuble-de-rangement\/meuble-de-metier-a-casiers-vintage-1950-1960\/","title":{"rendered":"Meuble de m\u00e9tier \u00e0 casiers vintage 1950-1960"},"content":{"rendered":"<ul class=\"wpuf_customs\"><li style=\"list-style-type:none;\"><label>Autres photos:<\/label> <a href=\"https:\/\/lalmachine.com\/wp-content\/uploads\/2023\/07\/tempImageKNnr4R-scaled.jpg\"><img loading=\"lazy\" decoding=\"async\" width=\"72\" height=\"96\" src=\"https:\/\/lalmachine.com\/wp-content\/uploads\/2023\/07\/tempImageKNnr4R-scaled.jpg\" class=\"attachment-thumbnail size-thumbnail\" alt=\"\" \/><\/a> <a href=\"https:\/\/lalmachine.com\/wp-content\/uploads\/2023\/07\/tempImageggHCC2-scaled.jpg\"><img loading=\"lazy\" decoding=\"async\" width=\"72\" height=\"96\" src=\"https:\/\/lalmachine.com\/wp-content\/uploads\/2023\/07\/tempImageggHCC2-scaled.jpg\" class=\"attachment-thumbnail size-thumbnail\" alt=\"\" \/><\/a> <a href=\"https:\/\/lalmachine.com\/wp-content\/uploads\/2023\/07\/tempImagenNKhNK-scaled.jpg\"><img loading=\"lazy\" decoding=\"async\" width=\"72\" height=\"96\" src=\"https:\/\/lalmachine.com\/wp-content\/uploads\/2023\/07\/tempImagenNKhNK-scaled.jpg\" class=\"attachment-thumbnail size-thumbnail\" alt=\"\" \/><\/a> <a href=\"https:\/\/lalmachine.com\/wp-content\/uploads\/2023\/07\/tempImage3gsh8Q-scaled.jpg\"><img loading=\"lazy\" decoding=\"async\" width=\"72\" height=\"96\" src=\"https:\/\/lalmachine.com\/wp-content\/uploads\/2023\/07\/tempImage3gsh8Q-scaled.jpg\" class=\"attachment-thumbnail size-thumbnail\" alt=\"\" \/><\/a> <a href=\"https:\/\/lalmachine.com\/wp-content\/uploads\/2023\/07\/tempImageXuGgXj-scaled.jpg\"><img loading=\"lazy\" decoding=\"async\" width=\"72\" height=\"96\" src=\"https:\/\/lalmachine.com\/wp-content\/uploads\/2023\/07\/tempImageXuGgXj-scaled.jpg\" class=\"attachment-thumbnail size-thumbnail\" alt=\"\" \/><\/a> <a href=\"https:\/\/lalmachine.com\/wp-content\/uploads\/2023\/07\/tempImageuznMgJ-scaled.jpg\"><img loading=\"lazy\" decoding=\"async\" width=\"128\" height=\"96\" src=\"https:\/\/lalmachine.com\/wp-content\/uploads\/2023\/07\/tempImageuznMgJ-scaled.jpg\" class=\"attachment-thumbnail size-thumbnail\" alt=\"\" \/><\/a> <\/li>        <li class=\"wpuf-field-data wpuf-field-data-numeric_text_field\">\n                            <label>Prix:<\/label>\n                        350        <\/li>\n                <li class=\"wpuf-field-data wpuf-field-data-numeric_text_field\">\n                            <label>Hauteur (cm):<\/label>\n                        115        <\/li>\n                <li class=\"wpuf-field-data wpuf-field-data-numeric_text_field\">\n                            <label>Largeur (cm):<\/label>\n                        110        <\/li>\n                <li class=\"wpuf-field-data wpuf-field-data-numeric_text_field\">\n                            <label>Profondeur (cm):<\/label>\n                        37        <\/li>\n        <\/ul>","protected":false},"excerpt":{"rendered":"<p>Meuble de m\u00e9tier \u00e0 casiers vintage 1950-1960, en bon \u00e9tat, traces d&rsquo;usures sur le dessus et l\u00e9g\u00e8res t\u00e2ches de peinture rouge sur le c\u00f4t\u00e9 (voir photos). Dimensions: 12 Casiers h15cm x 25cm, 3 casiers h15 cm x 34cm, compartiment coulissant h39 cm.<\/p>","protected":false},"featured_media":309894,"template":"","meta":{"_et_pb_use_builder":"","_et_pb_old_content":"","_et_gb_content_width":""},"product_brand":[],"product_cat":[83,47],"product_tag":[],"proximite":[278,179],"class_list":{"0":"post-309877","1":"product","2":"type-product","3":"status-publish","4":"has-post-thumbnail","6":"product_cat-meuble-de-rangement","7":"product_cat-meubler","8":"pa_couleur-bois","9":"pa_etat-bon-etat","10":"pa_materiau-bois","11":"pa_style-vintage","12":"proximite-lausanne","13":"proximite-vaud","15":"first","16":"outofstock","17":"shipping-taxable","18":"purchasable","19":"product-type-simple"},"yoast_head":"<!-- This site is optimized with the Yoast SEO plugin v27.4 - https:\/\/yoast.com\/product\/yoast-seo-wordpress\/ -->\n<title>Meuble de m\u00e9tier \u00e0 casiers vintage 1950-1960 | lalmachine.com, mobilier et objets d\u00e9co vintage et design<\/title>\n<meta name=\"description\" content=\"Meuble de m\u00e9tier \u00e0 casiers vintage 1950-1960, en bon \u00e9tat, traces d&#039;usures sur le dessus et l\u00e9g\u00e8res t\u00e2ches de peinture rouge sur le c\u00f4t\u00e9\" \/>\n<meta name=\"robots\" content=\"index, follow, max-snippet:-1, max-image-preview:large, max-video-preview:-1\" \/>\n<link rel=\"canonical\" href=\"https:\/\/lalmachine.com\/de\/shop\/meubler\/meuble-de-rangement\/meuble-de-metier-a-casiers-vintage-1950-1960\/\" \/>\n<meta property=\"og:locale\" content=\"de_DE\" \/>\n<meta property=\"og:type\" content=\"article\" \/>\n<meta property=\"og:title\" content=\"Meuble de m\u00e9tier \u00e0 casiers vintage 1950-1960 | lalmachine.com, mobilier et objets d\u00e9co vintage et design\" \/>\n<meta property=\"og:description\" content=\"Meuble de m\u00e9tier \u00e0 casiers vintage 1950-1960, en bon \u00e9tat, traces d&#039;usures sur le dessus et l\u00e9g\u00e8res t\u00e2ches de peinture rouge sur le c\u00f4t\u00e9\" \/>\n<meta property=\"og:url\" content=\"https:\/\/lalmachine.com\/de\/shop\/meubler\/meuble-de-rangement\/meuble-de-metier-a-casiers-vintage-1950-1960\/\" \/>\n<meta property=\"og:site_name\" content=\"lalmachine.com\" \/>\n<meta property=\"article:publisher\" content=\"https:\/\/facebook.com\/lalmachine\" \/>\n<meta property=\"article:modified_time\" content=\"2024-12-05T21:01:41+00:00\" \/>\n<meta property=\"og:image\" content=\"https:\/\/lalmachine.com\/wp-content\/uploads\/2023\/07\/tempImageKNnr4R-scaled_clipped_rev_1.jpeg\" \/>\n\t<meta property=\"og:image:width\" content=\"2011\" \/>\n\t<meta property=\"og:image:height\" content=\"2011\" \/>\n\t<meta property=\"og:image:type\" content=\"image\/jpeg\" \/>\n<meta name=\"twitter:card\" content=\"summary_large_image\" \/>\n<script type=\"application\/ld+json\" class=\"yoast-schema-graph\">{\"@context\":\"https:\\\/\\\/schema.org\",\"@graph\":[{\"@type\":\"WebPage\",\"@id\":\"https:\\\/\\\/lalmachine.com\\\/shop\\\/meubler\\\/meuble-de-rangement\\\/meuble-de-metier-a-casiers-vintage-1950-1960\\\/\",\"url\":\"https:\\\/\\\/lalmachine.com\\\/shop\\\/meubler\\\/meuble-de-rangement\\\/meuble-de-metier-a-casiers-vintage-1950-1960\\\/\",\"name\":\"Meuble de m\u00e9tier \u00e0 casiers vintage 1950-1960 | lalmachine.com, mobilier et objets d\u00e9co vintage et design\",\"isPartOf\":{\"@id\":\"https:\\\/\\\/lalmachine.com\\\/#website\"},\"primaryImageOfPage\":{\"@id\":\"https:\\\/\\\/lalmachine.com\\\/shop\\\/meubler\\\/meuble-de-rangement\\\/meuble-de-metier-a-casiers-vintage-1950-1960\\\/#primaryimage\"},\"image\":{\"@id\":\"https:\\\/\\\/lalmachine.com\\\/shop\\\/meubler\\\/meuble-de-rangement\\\/meuble-de-metier-a-casiers-vintage-1950-1960\\\/#primaryimage\"},\"thumbnailUrl\":\"https:\\\/\\\/lalmachine.com\\\/wp-content\\\/uploads\\\/2023\\\/07\\\/tempImageKNnr4R-scaled_clipped_rev_1.jpeg\",\"datePublished\":\"2023-07-29T15:31:04+00:00\",\"dateModified\":\"2024-12-05T21:01:41+00:00\",\"description\":\"Meuble de m\u00e9tier \u00e0 casiers vintage 1950-1960, en bon \u00e9tat, traces d'usures sur le dessus et l\u00e9g\u00e8res t\u00e2ches de peinture rouge sur le c\u00f4t\u00e9\",\"breadcrumb\":{\"@id\":\"https:\\\/\\\/lalmachine.com\\\/shop\\\/meubler\\\/meuble-de-rangement\\\/meuble-de-metier-a-casiers-vintage-1950-1960\\\/#breadcrumb\"},\"inLanguage\":\"de\",\"potentialAction\":[{\"@type\":\"ReadAction\",\"target\":[\"https:\\\/\\\/lalmachine.com\\\/shop\\\/meubler\\\/meuble-de-rangement\\\/meuble-de-metier-a-casiers-vintage-1950-1960\\\/\"]}]},{\"@type\":\"ImageObject\",\"inLanguage\":\"de\",\"@id\":\"https:\\\/\\\/lalmachine.com\\\/shop\\\/meubler\\\/meuble-de-rangement\\\/meuble-de-metier-a-casiers-vintage-1950-1960\\\/#primaryimage\",\"url\":\"https:\\\/\\\/lalmachine.com\\\/wp-content\\\/uploads\\\/2023\\\/07\\\/tempImageKNnr4R-scaled_clipped_rev_1.jpeg\",\"contentUrl\":\"https:\\\/\\\/lalmachine.com\\\/wp-content\\\/uploads\\\/2023\\\/07\\\/tempImageKNnr4R-scaled_clipped_rev_1.jpeg\",\"width\":2011,\"height\":2011,\"caption\":\"Meuble de m\u00e9tier \u00e0 casiers vintage\"},{\"@type\":\"BreadcrumbList\",\"@id\":\"https:\\\/\\\/lalmachine.com\\\/shop\\\/meubler\\\/meuble-de-rangement\\\/meuble-de-metier-a-casiers-vintage-1950-1960\\\/#breadcrumb\",\"itemListElement\":[{\"@type\":\"ListItem\",\"position\":1,\"name\":\"Accueil\",\"item\":\"https:\\\/\\\/lalmachine.com\\\/\"},{\"@type\":\"ListItem\",\"position\":2,\"name\":\"Shop\",\"item\":\"https:\\\/\\\/lalmachine.com\\\/shop\\\/\"},{\"@type\":\"ListItem\",\"position\":3,\"name\":\"Meuble de m\u00e9tier \u00e0 casiers vintage 1950-1960\"}]},{\"@type\":\"WebSite\",\"@id\":\"https:\\\/\\\/lalmachine.com\\\/#website\",\"url\":\"https:\\\/\\\/lalmachine.com\\\/\",\"name\":\"lalmachine.com\",\"description\":\"Brocante en ligne Suisse | Mobilier et objets d\u00e9co vintage et design\",\"potentialAction\":[{\"@type\":\"SearchAction\",\"target\":{\"@type\":\"EntryPoint\",\"urlTemplate\":\"https:\\\/\\\/lalmachine.com\\\/?s={search_term_string}\"},\"query-input\":{\"@type\":\"PropertyValueSpecification\",\"valueRequired\":true,\"valueName\":\"search_term_string\"}}],\"inLanguage\":\"de\"}]}<\/script>\n<!-- \/ Yoast SEO plugin. -->","yoast_head_json":{"title":"Meuble de m\u00e9tier \u00e0 casiers vintage 1950-1960 | lalmachine.com, mobilier et objets d\u00e9co vintage et design","description":"Meuble de m\u00e9tier \u00e0 casiers vintage 1950-1960, en bon \u00e9tat, traces d'usures sur le dessus et l\u00e9g\u00e8res t\u00e2ches de peinture rouge sur le c\u00f4t\u00e9","robots":{"index":"index","follow":"follow","max-snippet":"max-snippet:-1","max-image-preview":"max-image-preview:large","max-video-preview":"max-video-preview:-1"},"canonical":"https:\/\/lalmachine.com\/de\/shop\/meubler\/meuble-de-rangement\/meuble-de-metier-a-casiers-vintage-1950-1960\/","og_locale":"de_DE","og_type":"article","og_title":"Meuble de m\u00e9tier \u00e0 casiers vintage 1950-1960 | lalmachine.com, mobilier et objets d\u00e9co vintage et design","og_description":"Meuble de m\u00e9tier \u00e0 casiers vintage 1950-1960, en bon \u00e9tat, traces d'usures sur le dessus et l\u00e9g\u00e8res t\u00e2ches de peinture rouge sur le c\u00f4t\u00e9","og_url":"https:\/\/lalmachine.com\/de\/shop\/meubler\/meuble-de-rangement\/meuble-de-metier-a-casiers-vintage-1950-1960\/","og_site_name":"lalmachine.com","article_publisher":"https:\/\/facebook.com\/lalmachine","article_modified_time":"2024-12-05T21:01:41+00:00","og_image":[{"width":2011,"height":2011,"url":"https:\/\/lalmachine.com\/wp-content\/uploads\/2023\/07\/tempImageKNnr4R-scaled_clipped_rev_1.jpeg","type":"image\/jpeg"}],"twitter_card":"summary_large_image","schema":{"@context":"https:\/\/schema.org","@graph":[{"@type":"WebPage","@id":"https:\/\/lalmachine.com\/shop\/meubler\/meuble-de-rangement\/meuble-de-metier-a-casiers-vintage-1950-1960\/","url":"https:\/\/lalmachine.com\/shop\/meubler\/meuble-de-rangement\/meuble-de-metier-a-casiers-vintage-1950-1960\/","name":"Meuble de m\u00e9tier \u00e0 casiers vintage 1950-1960 | lalmachine.com, mobilier et objets d\u00e9co vintage et design","isPartOf":{"@id":"https:\/\/lalmachine.com\/#website"},"primaryImageOfPage":{"@id":"https:\/\/lalmachine.com\/shop\/meubler\/meuble-de-rangement\/meuble-de-metier-a-casiers-vintage-1950-1960\/#primaryimage"},"image":{"@id":"https:\/\/lalmachine.com\/shop\/meubler\/meuble-de-rangement\/meuble-de-metier-a-casiers-vintage-1950-1960\/#primaryimage"},"thumbnailUrl":"https:\/\/lalmachine.com\/wp-content\/uploads\/2023\/07\/tempImageKNnr4R-scaled_clipped_rev_1.jpeg","datePublished":"2023-07-29T15:31:04+00:00","dateModified":"2024-12-05T21:01:41+00:00","description":"Meuble de m\u00e9tier \u00e0 casiers vintage 1950-1960, en bon \u00e9tat, traces d'usures sur le dessus et l\u00e9g\u00e8res t\u00e2ches de peinture rouge sur le c\u00f4t\u00e9","breadcrumb":{"@id":"https:\/\/lalmachine.com\/shop\/meubler\/meuble-de-rangement\/meuble-de-metier-a-casiers-vintage-1950-1960\/#breadcrumb"},"inLanguage":"de","potentialAction":[{"@type":"ReadAction","target":["https:\/\/lalmachine.com\/shop\/meubler\/meuble-de-rangement\/meuble-de-metier-a-casiers-vintage-1950-1960\/"]}]},{"@type":"ImageObject","inLanguage":"de","@id":"https:\/\/lalmachine.com\/shop\/meubler\/meuble-de-rangement\/meuble-de-metier-a-casiers-vintage-1950-1960\/#primaryimage","url":"https:\/\/lalmachine.com\/wp-content\/uploads\/2023\/07\/tempImageKNnr4R-scaled_clipped_rev_1.jpeg","contentUrl":"https:\/\/lalmachine.com\/wp-content\/uploads\/2023\/07\/tempImageKNnr4R-scaled_clipped_rev_1.jpeg","width":2011,"height":2011,"caption":"Meuble de m\u00e9tier \u00e0 casiers vintage"},{"@type":"BreadcrumbList","@id":"https:\/\/lalmachine.com\/shop\/meubler\/meuble-de-rangement\/meuble-de-metier-a-casiers-vintage-1950-1960\/#breadcrumb","itemListElement":[{"@type":"ListItem","position":1,"name":"Accueil","item":"https:\/\/lalmachine.com\/"},{"@type":"ListItem","position":2,"name":"Shop","item":"https:\/\/lalmachine.com\/shop\/"},{"@type":"ListItem","position":3,"name":"Meuble de m\u00e9tier \u00e0 casiers vintage 1950-1960"}]},{"@type":"WebSite","@id":"https:\/\/lalmachine.com\/#website","url":"https:\/\/lalmachine.com\/","name":"lalmachine.com","description":"Brocante en ligne Suisse | Mobilier et objets d\u00e9co vintage et design","potentialAction":[{"@type":"SearchAction","target":{"@type":"EntryPoint","urlTemplate":"https:\/\/lalmachine.com\/?s={search_term_string}"},"query-input":{"@type":"PropertyValueSpecification","valueRequired":true,"valueName":"search_term_string"}}],"inLanguage":"de"}]}},"_links":{"self":[{"href":"https:\/\/lalmachine.com\/de\/wp-json\/wp\/v2\/product\/309877","targetHints":{"allow":["GET"]}}],"collection":[{"href":"https:\/\/lalmachine.com\/de\/wp-json\/wp\/v2\/product"}],"about":[{"href":"https:\/\/lalmachine.com\/de\/wp-json\/wp\/v2\/types\/product"}],"wp:featuredmedia":[{"embeddable":true,"href":"https:\/\/lalmachine.com\/de\/wp-json\/wp\/v2\/media\/309894"}],"wp:attachment":[{"href":"https:\/\/lalmachine.com\/de\/wp-json\/wp\/v2\/media?parent=309877"}],"wp:term":[{"taxonomy":"product_brand","embeddable":true,"href":"https:\/\/lalmachine.com\/de\/wp-json\/wp\/v2\/product_brand?post=309877"},{"taxonomy":"product_cat","embeddable":true,"href":"https:\/\/lalmachine.com\/de\/wp-json\/wp\/v2\/product_cat?post=309877"},{"taxonomy":"product_tag","embeddable":true,"href":"https:\/\/lalmachine.com\/de\/wp-json\/wp\/v2\/product_tag?post=309877"},{"taxonomy":"proximite","embeddable":true,"href":"https:\/\/lalmachine.com\/de\/wp-json\/wp\/v2\/proximite?post=309877"}],"curies":[{"name":"wp","href":"https:\/\/api.w.org\/{rel}","templated":true}]}}