{"id":31033,"date":"2020-11-24T15:10:48","date_gmt":"2020-11-24T14:10:48","guid":{"rendered":"https:\/\/lalmachine.com\/?post_type=product&#038;p=31033"},"modified":"2024-12-05T21:50:40","modified_gmt":"2024-12-05T20:50:40","slug":"5-chaises-60s-skai-rose","status":"publish","type":"product","link":"https:\/\/lalmachine.com\/de\/shop\/sasseoir\/chaise\/5-chaises-60s-skai-rose\/","title":{"rendered":"5 chaises 60&rsquo;s skai rose"},"content":{"rendered":"<ul class=\"wpuf_customs\"><li style=\"list-style-type:none;\"><label>Autres photos:<\/label> <a href=\"https:\/\/lalmachine.com\/wp-content\/uploads\/2020\/11\/20201122_105628-127d7897-scaled.jpg\"><img loading=\"lazy\" decoding=\"async\" width=\"96\" height=\"96\" src=\"https:\/\/lalmachine.com\/wp-content\/uploads\/2020\/11\/20201122_105628-127d7897-150x150.jpg\" class=\"attachment-thumbnail size-thumbnail\" alt=\"\" srcset=\"https:\/\/lalmachine.com\/wp-content\/uploads\/2020\/11\/20201122_105628-127d7897-150x150.jpg 150w, https:\/\/lalmachine.com\/wp-content\/uploads\/2020\/11\/20201122_105628-127d7897-scaled-300x300.jpg 300w, https:\/\/lalmachine.com\/wp-content\/uploads\/2020\/11\/20201122_105628-127d7897-scaled-100x100.jpg 100w\" sizes=\"(max-width: 96px) 100vw, 96px\" \/><\/a> <a href=\"https:\/\/lalmachine.com\/wp-content\/uploads\/2020\/11\/20201122_105706-26a25dd6-scaled.jpg\"><img loading=\"lazy\" decoding=\"async\" width=\"96\" height=\"96\" src=\"https:\/\/lalmachine.com\/wp-content\/uploads\/2020\/11\/20201122_105706-26a25dd6-150x150.jpg\" class=\"attachment-thumbnail size-thumbnail\" alt=\"\" srcset=\"https:\/\/lalmachine.com\/wp-content\/uploads\/2020\/11\/20201122_105706-26a25dd6-150x150.jpg 150w, https:\/\/lalmachine.com\/wp-content\/uploads\/2020\/11\/20201122_105706-26a25dd6-scaled-300x300.jpg 300w, https:\/\/lalmachine.com\/wp-content\/uploads\/2020\/11\/20201122_105706-26a25dd6-scaled-100x100.jpg 100w\" sizes=\"(max-width: 96px) 100vw, 96px\" \/><\/a> <a href=\"https:\/\/lalmachine.com\/wp-content\/uploads\/2020\/11\/20201122_105737-e7084555-scaled.jpg\"><img loading=\"lazy\" decoding=\"async\" width=\"96\" height=\"96\" src=\"https:\/\/lalmachine.com\/wp-content\/uploads\/2020\/11\/20201122_105737-e7084555-150x150.jpg\" class=\"attachment-thumbnail size-thumbnail\" alt=\"\" srcset=\"https:\/\/lalmachine.com\/wp-content\/uploads\/2020\/11\/20201122_105737-e7084555-150x150.jpg 150w, https:\/\/lalmachine.com\/wp-content\/uploads\/2020\/11\/20201122_105737-e7084555-scaled-300x300.jpg 300w, https:\/\/lalmachine.com\/wp-content\/uploads\/2020\/11\/20201122_105737-e7084555-scaled-100x100.jpg 100w\" sizes=\"(max-width: 96px) 100vw, 96px\" \/><\/a> <a href=\"https:\/\/lalmachine.com\/wp-content\/uploads\/2020\/11\/20201122_105813-e4fe6413-scaled.jpg\"><img loading=\"lazy\" decoding=\"async\" width=\"96\" height=\"96\" src=\"https:\/\/lalmachine.com\/wp-content\/uploads\/2020\/11\/20201122_105813-e4fe6413-150x150.jpg\" class=\"attachment-thumbnail size-thumbnail\" alt=\"\" srcset=\"https:\/\/lalmachine.com\/wp-content\/uploads\/2020\/11\/20201122_105813-e4fe6413-150x150.jpg 150w, https:\/\/lalmachine.com\/wp-content\/uploads\/2020\/11\/20201122_105813-e4fe6413-scaled-300x300.jpg 300w, https:\/\/lalmachine.com\/wp-content\/uploads\/2020\/11\/20201122_105813-e4fe6413-scaled-100x100.jpg 100w\" sizes=\"(max-width: 96px) 100vw, 96px\" \/><\/a> <a href=\"https:\/\/lalmachine.com\/wp-content\/uploads\/2020\/11\/20201122_105821-6caf4197-scaled.jpg\"><img loading=\"lazy\" decoding=\"async\" width=\"96\" height=\"96\" src=\"https:\/\/lalmachine.com\/wp-content\/uploads\/2020\/11\/20201122_105821-6caf4197-150x150.jpg\" class=\"attachment-thumbnail size-thumbnail\" alt=\"\" srcset=\"https:\/\/lalmachine.com\/wp-content\/uploads\/2020\/11\/20201122_105821-6caf4197-150x150.jpg 150w, https:\/\/lalmachine.com\/wp-content\/uploads\/2020\/11\/20201122_105821-6caf4197-scaled-300x300.jpg 300w, https:\/\/lalmachine.com\/wp-content\/uploads\/2020\/11\/20201122_105821-6caf4197-scaled-100x100.jpg 100w\" sizes=\"(max-width: 96px) 100vw, 96px\" \/><\/a> <a href=\"https:\/\/lalmachine.com\/wp-content\/uploads\/2020\/11\/20201122_105857-ee7c45ba-scaled.jpg\"><img loading=\"lazy\" decoding=\"async\" width=\"96\" height=\"96\" src=\"https:\/\/lalmachine.com\/wp-content\/uploads\/2020\/11\/20201122_105857-ee7c45ba-150x150.jpg\" class=\"attachment-thumbnail size-thumbnail\" alt=\"\" srcset=\"https:\/\/lalmachine.com\/wp-content\/uploads\/2020\/11\/20201122_105857-ee7c45ba-150x150.jpg 150w, https:\/\/lalmachine.com\/wp-content\/uploads\/2020\/11\/20201122_105857-ee7c45ba-scaled-300x300.jpg 300w, https:\/\/lalmachine.com\/wp-content\/uploads\/2020\/11\/20201122_105857-ee7c45ba-scaled-100x100.jpg 100w\" sizes=\"(max-width: 96px) 100vw, 96px\" \/><\/a> <\/li>        <li class=\"wpuf-field-data wpuf-field-data-numeric_text_field\">\n                            <label>Prix:<\/label>\n                        250        <\/li>\n                <li class=\"wpuf-field-data wpuf-field-data-numeric_text_field\">\n                            <label>Quantit\u00e9:<\/label>\n                        0        <\/li>\n                <li class=\"wpuf-field-data wpuf-field-data-numeric_text_field\">\n                            <label>Hauteur (cm):<\/label>\n                        44        <\/li>\n                <li class=\"wpuf-field-data wpuf-field-data-numeric_text_field\">\n                            <label>Largeur (cm):<\/label>\n                        42        <\/li>\n                <li class=\"wpuf-field-data wpuf-field-data-numeric_text_field\">\n                            <label>Profondeur (cm):<\/label>\n                        43        <\/li>\n        <\/ul>","protected":false},"excerpt":{"rendered":"<p>5 Chaises en skai rose, ann\u00e9es 60, qui se trouvaient dans un bistrot de la r\u00e9gion nyonnaise. Skai rose, dessous en tissus, pieds compas en bois, quelques marques de leur vie dans un lieu public. Bon \u00e9tat g\u00e9n\u00e9ral.<\/p>\n<p>Achat \u00e0 la pi\u00e8ce possible. Nous demander.<\/p>","protected":false},"featured_media":31175,"template":"","meta":{"_et_pb_use_builder":"","_et_pb_old_content":"","_et_gb_content_width":""},"product_brand":[],"product_cat":[100,48],"product_tag":[],"proximite":[278,179],"class_list":{"0":"post-31033","1":"product","2":"type-product","3":"status-publish","4":"has-post-thumbnail","6":"product_cat-chaise","7":"product_cat-sasseoir","8":"pa_couleur-rose","9":"pa_etat-bon-etat","10":"pa_materiau-skai","11":"pa_style-vintage","12":"proximite-lausanne","13":"proximite-vaud","15":"first","16":"outofstock","17":"shipping-taxable","18":"purchasable","19":"product-type-simple"},"yoast_head":"<!-- This site is optimized with the Yoast SEO plugin v27.4 - https:\/\/yoast.com\/product\/yoast-seo-wordpress\/ -->\n<title>5 chaises 60&#039;s skai rose | lalmachine.com<\/title>\n<meta name=\"description\" content=\"5 Chaises en skai rose, ann\u00e9es 60, qui se trouvaient dans un bistrot de la r\u00e9gion nyonnaise. Skai rose, dessous en tissus, pieds compas en bois, quelques marques de leur vie dans un lieu public. Bon \u00e9tat g\u00e9n\u00e9ral.\" \/>\n<meta name=\"robots\" content=\"index, follow, max-snippet:-1, max-image-preview:large, max-video-preview:-1\" \/>\n<link rel=\"canonical\" href=\"https:\/\/lalmachine.com\/de\/shop\/sasseoir\/chaise\/5-chaises-60s-skai-rose\/\" \/>\n<meta property=\"og:locale\" content=\"de_DE\" \/>\n<meta property=\"og:type\" content=\"article\" \/>\n<meta property=\"og:title\" content=\"5 chaises 60&#039;s skai rose | lalmachine.com\" \/>\n<meta property=\"og:description\" content=\"5 Chaises en skai rose, ann\u00e9es 60, qui se trouvaient dans un bistrot de la r\u00e9gion nyonnaise. Skai rose, dessous en tissus, pieds compas en bois, quelques marques de leur vie dans un lieu public. Bon \u00e9tat g\u00e9n\u00e9ral.\" \/>\n<meta property=\"og:url\" content=\"https:\/\/lalmachine.com\/de\/shop\/sasseoir\/chaise\/5-chaises-60s-skai-rose\/\" \/>\n<meta property=\"og:site_name\" content=\"lalmachine.com\" \/>\n<meta property=\"article:publisher\" content=\"https:\/\/facebook.com\/lalmachine\" \/>\n<meta property=\"article:modified_time\" content=\"2024-12-05T20:50:40+00:00\" \/>\n<meta property=\"og:image\" content=\"https:\/\/lalmachine.com\/wp-content\/uploads\/2020\/11\/20201122_105609-50dd0319-scaled_clipped_rev_1.jpg\" \/>\n\t<meta property=\"og:image:width\" content=\"2142\" \/>\n\t<meta property=\"og:image:height\" content=\"2143\" \/>\n\t<meta property=\"og:image:type\" content=\"image\/jpeg\" \/>\n<meta name=\"twitter:card\" content=\"summary_large_image\" \/>\n<script type=\"application\/ld+json\" class=\"yoast-schema-graph\">{\"@context\":\"https:\\\/\\\/schema.org\",\"@graph\":[{\"@type\":\"WebPage\",\"@id\":\"https:\\\/\\\/lalmachine.com\\\/shop\\\/sasseoir\\\/chaise\\\/5-chaises-60s-skai-rose\\\/\",\"url\":\"https:\\\/\\\/lalmachine.com\\\/shop\\\/sasseoir\\\/chaise\\\/5-chaises-60s-skai-rose\\\/\",\"name\":\"5 chaises 60's skai rose | lalmachine.com\",\"isPartOf\":{\"@id\":\"https:\\\/\\\/lalmachine.com\\\/#website\"},\"primaryImageOfPage\":{\"@id\":\"https:\\\/\\\/lalmachine.com\\\/shop\\\/sasseoir\\\/chaise\\\/5-chaises-60s-skai-rose\\\/#primaryimage\"},\"image\":{\"@id\":\"https:\\\/\\\/lalmachine.com\\\/shop\\\/sasseoir\\\/chaise\\\/5-chaises-60s-skai-rose\\\/#primaryimage\"},\"thumbnailUrl\":\"https:\\\/\\\/lalmachine.com\\\/wp-content\\\/uploads\\\/2020\\\/11\\\/20201122_105609-50dd0319-scaled_clipped_rev_1.jpg\",\"datePublished\":\"2020-11-24T14:10:48+00:00\",\"dateModified\":\"2024-12-05T20:50:40+00:00\",\"description\":\"5 Chaises en skai rose, ann\u00e9es 60, qui se trouvaient dans un bistrot de la r\u00e9gion nyonnaise. Skai rose, dessous en tissus, pieds compas en bois, quelques marques de leur vie dans un lieu public. Bon \u00e9tat g\u00e9n\u00e9ral.\",\"breadcrumb\":{\"@id\":\"https:\\\/\\\/lalmachine.com\\\/shop\\\/sasseoir\\\/chaise\\\/5-chaises-60s-skai-rose\\\/#breadcrumb\"},\"inLanguage\":\"de\",\"potentialAction\":[{\"@type\":\"ReadAction\",\"target\":[\"https:\\\/\\\/lalmachine.com\\\/shop\\\/sasseoir\\\/chaise\\\/5-chaises-60s-skai-rose\\\/\"]}]},{\"@type\":\"ImageObject\",\"inLanguage\":\"de\",\"@id\":\"https:\\\/\\\/lalmachine.com\\\/shop\\\/sasseoir\\\/chaise\\\/5-chaises-60s-skai-rose\\\/#primaryimage\",\"url\":\"https:\\\/\\\/lalmachine.com\\\/wp-content\\\/uploads\\\/2020\\\/11\\\/20201122_105609-50dd0319-scaled_clipped_rev_1.jpg\",\"contentUrl\":\"https:\\\/\\\/lalmachine.com\\\/wp-content\\\/uploads\\\/2020\\\/11\\\/20201122_105609-50dd0319-scaled_clipped_rev_1.jpg\",\"width\":2142,\"height\":2143},{\"@type\":\"BreadcrumbList\",\"@id\":\"https:\\\/\\\/lalmachine.com\\\/shop\\\/sasseoir\\\/chaise\\\/5-chaises-60s-skai-rose\\\/#breadcrumb\",\"itemListElement\":[{\"@type\":\"ListItem\",\"position\":1,\"name\":\"Accueil\",\"item\":\"https:\\\/\\\/lalmachine.com\\\/\"},{\"@type\":\"ListItem\",\"position\":2,\"name\":\"Shop\",\"item\":\"https:\\\/\\\/lalmachine.com\\\/shop\\\/\"},{\"@type\":\"ListItem\",\"position\":3,\"name\":\"5 chaises 60&#8217;s skai rose\"}]},{\"@type\":\"WebSite\",\"@id\":\"https:\\\/\\\/lalmachine.com\\\/#website\",\"url\":\"https:\\\/\\\/lalmachine.com\\\/\",\"name\":\"lalmachine.com\",\"description\":\"Brocante en ligne Suisse | Mobilier et objets d\u00e9co vintage et design\",\"potentialAction\":[{\"@type\":\"SearchAction\",\"target\":{\"@type\":\"EntryPoint\",\"urlTemplate\":\"https:\\\/\\\/lalmachine.com\\\/?s={search_term_string}\"},\"query-input\":{\"@type\":\"PropertyValueSpecification\",\"valueRequired\":true,\"valueName\":\"search_term_string\"}}],\"inLanguage\":\"de\"}]}<\/script>\n<!-- \/ Yoast SEO plugin. -->","yoast_head_json":{"title":"5 chaises 60's skai rose | lalmachine.com","description":"5 Chaises en skai rose, ann\u00e9es 60, qui se trouvaient dans un bistrot de la r\u00e9gion nyonnaise. Skai rose, dessous en tissus, pieds compas en bois, quelques marques de leur vie dans un lieu public. Bon \u00e9tat g\u00e9n\u00e9ral.","robots":{"index":"index","follow":"follow","max-snippet":"max-snippet:-1","max-image-preview":"max-image-preview:large","max-video-preview":"max-video-preview:-1"},"canonical":"https:\/\/lalmachine.com\/de\/shop\/sasseoir\/chaise\/5-chaises-60s-skai-rose\/","og_locale":"de_DE","og_type":"article","og_title":"5 chaises 60's skai rose | lalmachine.com","og_description":"5 Chaises en skai rose, ann\u00e9es 60, qui se trouvaient dans un bistrot de la r\u00e9gion nyonnaise. Skai rose, dessous en tissus, pieds compas en bois, quelques marques de leur vie dans un lieu public. Bon \u00e9tat g\u00e9n\u00e9ral.","og_url":"https:\/\/lalmachine.com\/de\/shop\/sasseoir\/chaise\/5-chaises-60s-skai-rose\/","og_site_name":"lalmachine.com","article_publisher":"https:\/\/facebook.com\/lalmachine","article_modified_time":"2024-12-05T20:50:40+00:00","og_image":[{"width":2142,"height":2143,"url":"https:\/\/lalmachine.com\/wp-content\/uploads\/2020\/11\/20201122_105609-50dd0319-scaled_clipped_rev_1.jpg","type":"image\/jpeg"}],"twitter_card":"summary_large_image","schema":{"@context":"https:\/\/schema.org","@graph":[{"@type":"WebPage","@id":"https:\/\/lalmachine.com\/shop\/sasseoir\/chaise\/5-chaises-60s-skai-rose\/","url":"https:\/\/lalmachine.com\/shop\/sasseoir\/chaise\/5-chaises-60s-skai-rose\/","name":"5 chaises 60's skai rose | lalmachine.com","isPartOf":{"@id":"https:\/\/lalmachine.com\/#website"},"primaryImageOfPage":{"@id":"https:\/\/lalmachine.com\/shop\/sasseoir\/chaise\/5-chaises-60s-skai-rose\/#primaryimage"},"image":{"@id":"https:\/\/lalmachine.com\/shop\/sasseoir\/chaise\/5-chaises-60s-skai-rose\/#primaryimage"},"thumbnailUrl":"https:\/\/lalmachine.com\/wp-content\/uploads\/2020\/11\/20201122_105609-50dd0319-scaled_clipped_rev_1.jpg","datePublished":"2020-11-24T14:10:48+00:00","dateModified":"2024-12-05T20:50:40+00:00","description":"5 Chaises en skai rose, ann\u00e9es 60, qui se trouvaient dans un bistrot de la r\u00e9gion nyonnaise. Skai rose, dessous en tissus, pieds compas en bois, quelques marques de leur vie dans un lieu public. Bon \u00e9tat g\u00e9n\u00e9ral.","breadcrumb":{"@id":"https:\/\/lalmachine.com\/shop\/sasseoir\/chaise\/5-chaises-60s-skai-rose\/#breadcrumb"},"inLanguage":"de","potentialAction":[{"@type":"ReadAction","target":["https:\/\/lalmachine.com\/shop\/sasseoir\/chaise\/5-chaises-60s-skai-rose\/"]}]},{"@type":"ImageObject","inLanguage":"de","@id":"https:\/\/lalmachine.com\/shop\/sasseoir\/chaise\/5-chaises-60s-skai-rose\/#primaryimage","url":"https:\/\/lalmachine.com\/wp-content\/uploads\/2020\/11\/20201122_105609-50dd0319-scaled_clipped_rev_1.jpg","contentUrl":"https:\/\/lalmachine.com\/wp-content\/uploads\/2020\/11\/20201122_105609-50dd0319-scaled_clipped_rev_1.jpg","width":2142,"height":2143},{"@type":"BreadcrumbList","@id":"https:\/\/lalmachine.com\/shop\/sasseoir\/chaise\/5-chaises-60s-skai-rose\/#breadcrumb","itemListElement":[{"@type":"ListItem","position":1,"name":"Accueil","item":"https:\/\/lalmachine.com\/"},{"@type":"ListItem","position":2,"name":"Shop","item":"https:\/\/lalmachine.com\/shop\/"},{"@type":"ListItem","position":3,"name":"5 chaises 60&#8217;s skai rose"}]},{"@type":"WebSite","@id":"https:\/\/lalmachine.com\/#website","url":"https:\/\/lalmachine.com\/","name":"lalmachine.com","description":"Brocante en ligne Suisse | Mobilier et objets d\u00e9co vintage et design","potentialAction":[{"@type":"SearchAction","target":{"@type":"EntryPoint","urlTemplate":"https:\/\/lalmachine.com\/?s={search_term_string}"},"query-input":{"@type":"PropertyValueSpecification","valueRequired":true,"valueName":"search_term_string"}}],"inLanguage":"de"}]}},"_links":{"self":[{"href":"https:\/\/lalmachine.com\/de\/wp-json\/wp\/v2\/product\/31033","targetHints":{"allow":["GET"]}}],"collection":[{"href":"https:\/\/lalmachine.com\/de\/wp-json\/wp\/v2\/product"}],"about":[{"href":"https:\/\/lalmachine.com\/de\/wp-json\/wp\/v2\/types\/product"}],"wp:featuredmedia":[{"embeddable":true,"href":"https:\/\/lalmachine.com\/de\/wp-json\/wp\/v2\/media\/31175"}],"wp:attachment":[{"href":"https:\/\/lalmachine.com\/de\/wp-json\/wp\/v2\/media?parent=31033"}],"wp:term":[{"taxonomy":"product_brand","embeddable":true,"href":"https:\/\/lalmachine.com\/de\/wp-json\/wp\/v2\/product_brand?post=31033"},{"taxonomy":"product_cat","embeddable":true,"href":"https:\/\/lalmachine.com\/de\/wp-json\/wp\/v2\/product_cat?post=31033"},{"taxonomy":"product_tag","embeddable":true,"href":"https:\/\/lalmachine.com\/de\/wp-json\/wp\/v2\/product_tag?post=31033"},{"taxonomy":"proximite","embeddable":true,"href":"https:\/\/lalmachine.com\/de\/wp-json\/wp\/v2\/proximite?post=31033"}],"curies":[{"name":"wp","href":"https:\/\/api.w.org\/{rel}","templated":true}]}}