{"id":310563,"date":"2023-08-11T11:44:20","date_gmt":"2023-08-11T09:44:20","guid":{"rendered":"https:\/\/lalmachine.com\/?post_type=product&#038;p=310563"},"modified":"2024-12-05T22:02:17","modified_gmt":"2024-12-05T21:02:17","slug":"lampe-de-table-spot-7","status":"publish","type":"product","link":"https:\/\/lalmachine.com\/de\/shop\/eclairer\/lampe-de-table-bureau\/lampe-de-table-spot-7\/","title":{"rendered":"Lampe de table spot"},"content":{"rendered":"<ul class=\"wpuf_customs\"><li style=\"list-style-type:none;\"><label>Autres photos:<\/label> <a href=\"https:\/\/lalmachine.com\/wp-content\/uploads\/2023\/08\/IMG20230810161849-scaled.jpg\"><img loading=\"lazy\" decoding=\"async\" width=\"72\" height=\"96\" src=\"https:\/\/lalmachine.com\/wp-content\/uploads\/2023\/08\/IMG20230810161849-scaled.jpg\" class=\"attachment-thumbnail size-thumbnail\" alt=\"\" \/><\/a> <a href=\"https:\/\/lalmachine.com\/wp-content\/uploads\/2023\/08\/IMG20230810161904-scaled.jpg\"><img loading=\"lazy\" decoding=\"async\" width=\"72\" height=\"96\" src=\"https:\/\/lalmachine.com\/wp-content\/uploads\/2023\/08\/IMG20230810161904-scaled.jpg\" class=\"attachment-thumbnail size-thumbnail\" alt=\"\" \/><\/a> <a href=\"https:\/\/lalmachine.com\/wp-content\/uploads\/2023\/08\/IMG20230810161929-scaled.jpg\"><img loading=\"lazy\" decoding=\"async\" width=\"72\" height=\"96\" src=\"https:\/\/lalmachine.com\/wp-content\/uploads\/2023\/08\/IMG20230810161929-scaled.jpg\" class=\"attachment-thumbnail size-thumbnail\" alt=\"\" \/><\/a> <a href=\"https:\/\/lalmachine.com\/wp-content\/uploads\/2023\/08\/IMG20230810161938-scaled.jpg\"><img loading=\"lazy\" decoding=\"async\" width=\"72\" height=\"96\" src=\"https:\/\/lalmachine.com\/wp-content\/uploads\/2023\/08\/IMG20230810161938-scaled.jpg\" class=\"attachment-thumbnail size-thumbnail\" alt=\"\" \/><\/a> <a href=\"https:\/\/lalmachine.com\/wp-content\/uploads\/2023\/08\/IMG20230810161956-scaled.jpg\"><img loading=\"lazy\" decoding=\"async\" width=\"72\" height=\"96\" src=\"https:\/\/lalmachine.com\/wp-content\/uploads\/2023\/08\/IMG20230810161956-scaled.jpg\" class=\"attachment-thumbnail size-thumbnail\" alt=\"\" \/><\/a> <a href=\"https:\/\/lalmachine.com\/wp-content\/uploads\/2023\/08\/IMG20230810162006-scaled.jpg\"><img loading=\"lazy\" decoding=\"async\" width=\"72\" height=\"96\" src=\"https:\/\/lalmachine.com\/wp-content\/uploads\/2023\/08\/IMG20230810162006-scaled.jpg\" class=\"attachment-thumbnail size-thumbnail\" alt=\"\" \/><\/a> <a href=\"https:\/\/lalmachine.com\/wp-content\/uploads\/2023\/08\/IMG20230810162027-scaled.jpg\"><img loading=\"lazy\" decoding=\"async\" width=\"72\" height=\"96\" src=\"https:\/\/lalmachine.com\/wp-content\/uploads\/2023\/08\/IMG20230810162027-scaled.jpg\" class=\"attachment-thumbnail size-thumbnail\" alt=\"\" \/><\/a> <a href=\"https:\/\/lalmachine.com\/wp-content\/uploads\/2023\/08\/IMG20230810162104-scaled.jpg\"><img loading=\"lazy\" decoding=\"async\" width=\"72\" height=\"96\" src=\"https:\/\/lalmachine.com\/wp-content\/uploads\/2023\/08\/IMG20230810162104-scaled.jpg\" class=\"attachment-thumbnail size-thumbnail\" alt=\"\" \/><\/a> <a href=\"https:\/\/lalmachine.com\/wp-content\/uploads\/2023\/08\/IMG20230810162120-scaled.jpg\"><img loading=\"lazy\" decoding=\"async\" width=\"72\" height=\"96\" src=\"https:\/\/lalmachine.com\/wp-content\/uploads\/2023\/08\/IMG20230810162120-scaled.jpg\" class=\"attachment-thumbnail size-thumbnail\" alt=\"\" \/><\/a> <a href=\"https:\/\/lalmachine.com\/wp-content\/uploads\/2023\/08\/IMG20230810162146-scaled.jpg\"><img loading=\"lazy\" decoding=\"async\" width=\"72\" height=\"96\" src=\"https:\/\/lalmachine.com\/wp-content\/uploads\/2023\/08\/IMG20230810162146-scaled.jpg\" class=\"attachment-thumbnail size-thumbnail\" alt=\"\" \/><\/a> <a href=\"https:\/\/lalmachine.com\/wp-content\/uploads\/2023\/08\/IMG20230810162237-scaled.jpg\"><img loading=\"lazy\" decoding=\"async\" width=\"128\" height=\"96\" src=\"https:\/\/lalmachine.com\/wp-content\/uploads\/2023\/08\/IMG20230810162237-scaled.jpg\" class=\"attachment-thumbnail size-thumbnail\" alt=\"\" \/><\/a> <a href=\"https:\/\/lalmachine.com\/wp-content\/uploads\/2023\/08\/IMG20230810162246-scaled.jpg\"><img loading=\"lazy\" decoding=\"async\" width=\"72\" height=\"96\" src=\"https:\/\/lalmachine.com\/wp-content\/uploads\/2023\/08\/IMG20230810162246-scaled.jpg\" class=\"attachment-thumbnail size-thumbnail\" alt=\"\" \/><\/a> <\/li>        <li class=\"wpuf-field-data wpuf-field-data-numeric_text_field\">\n                            <label>Prix:<\/label>\n                        45        <\/li>\n                <li class=\"wpuf-field-data wpuf-field-data-numeric_text_field\">\n                            <label>Hauteur (cm):<\/label>\n                        34        <\/li>\n                <li class=\"wpuf-field-data wpuf-field-data-numeric_text_field\">\n                            <label>Largeur (cm):<\/label>\n                        18        <\/li>\n                <li class=\"wpuf-field-data wpuf-field-data-numeric_text_field\">\n                            <label>Profondeur (cm):<\/label>\n                        16        <\/li>\n        <\/ul>","protected":false},"excerpt":{"rendered":"<p>Lampe de table vintage avec socle et spot en m\u00e9tal noir et tige en m\u00e9tal chrom\u00e9. Le spot est orientable dans toutes les directions. Quelques tr\u00e8s l\u00e9g\u00e8res traces d\u2019usure sur le m\u00e9tal (voir photos). Elle fonctionne avec des ampoules standard E27.<\/p>","protected":false},"featured_media":310550,"template":"","meta":{"_et_pb_use_builder":"","_et_pb_old_content":"","_et_gb_content_width":""},"product_brand":[],"product_cat":[49,90],"product_tag":[],"proximite":[177,235],"class_list":{"0":"post-310563","1":"product","2":"type-product","3":"status-publish","4":"has-post-thumbnail","6":"product_cat-eclairer","7":"product_cat-lampe-de-table-bureau","8":"product_shipping_class-2-10-kg","9":"pa_couleur-noir","10":"pa_etat-bon-etat","11":"pa_materiau-metal","12":"pa_style-vintage","13":"proximite-fribourg","14":"proximite-sarine","16":"first","17":"outofstock","18":"shipping-taxable","19":"purchasable","20":"product-type-simple"},"yoast_head":"<!-- This site is optimized with the Yoast SEO plugin v27.4 - https:\/\/yoast.com\/product\/yoast-seo-wordpress\/ -->\n<title>Lampe de table spot | lalmachine.com, mobilier et objets d\u00e9co vintage et design<\/title>\n<meta name=\"description\" content=\"Lampe de table vintage avec socle et spot en m\u00e9tal noir et tige en m\u00e9tal chrom\u00e9.\" \/>\n<meta name=\"robots\" content=\"index, follow, max-snippet:-1, max-image-preview:large, max-video-preview:-1\" \/>\n<link rel=\"canonical\" href=\"https:\/\/lalmachine.com\/de\/shop\/eclairer\/lampe-de-table-bureau\/lampe-de-table-spot-7\/\" \/>\n<meta property=\"og:locale\" content=\"de_DE\" \/>\n<meta property=\"og:type\" content=\"article\" \/>\n<meta property=\"og:title\" content=\"Lampe de table spot | lalmachine.com, mobilier et objets d\u00e9co vintage et design\" \/>\n<meta property=\"og:description\" content=\"Lampe de table vintage avec socle et spot en m\u00e9tal noir et tige en m\u00e9tal chrom\u00e9.\" \/>\n<meta property=\"og:url\" content=\"https:\/\/lalmachine.com\/de\/shop\/eclairer\/lampe-de-table-bureau\/lampe-de-table-spot-7\/\" \/>\n<meta property=\"og:site_name\" content=\"lalmachine.com\" \/>\n<meta property=\"article:publisher\" content=\"https:\/\/facebook.com\/lalmachine\" \/>\n<meta property=\"article:modified_time\" content=\"2024-12-05T21:02:17+00:00\" \/>\n<meta property=\"og:image\" content=\"https:\/\/lalmachine.com\/wp-content\/uploads\/2023\/08\/IMG20230810161849_clipped_rev_1-scaled.jpeg\" \/>\n\t<meta property=\"og:image:width\" content=\"2560\" \/>\n\t<meta property=\"og:image:height\" content=\"2560\" \/>\n\t<meta property=\"og:image:type\" content=\"image\/jpeg\" \/>\n<meta name=\"twitter:card\" content=\"summary_large_image\" \/>\n<script type=\"application\/ld+json\" class=\"yoast-schema-graph\">{\"@context\":\"https:\\\/\\\/schema.org\",\"@graph\":[{\"@type\":\"WebPage\",\"@id\":\"https:\\\/\\\/lalmachine.com\\\/shop\\\/eclairer\\\/lampe-de-table-bureau\\\/lampe-de-table-spot-7\\\/\",\"url\":\"https:\\\/\\\/lalmachine.com\\\/shop\\\/eclairer\\\/lampe-de-table-bureau\\\/lampe-de-table-spot-7\\\/\",\"name\":\"Lampe de table spot | lalmachine.com, mobilier et objets d\u00e9co vintage et design\",\"isPartOf\":{\"@id\":\"https:\\\/\\\/lalmachine.com\\\/#website\"},\"primaryImageOfPage\":{\"@id\":\"https:\\\/\\\/lalmachine.com\\\/shop\\\/eclairer\\\/lampe-de-table-bureau\\\/lampe-de-table-spot-7\\\/#primaryimage\"},\"image\":{\"@id\":\"https:\\\/\\\/lalmachine.com\\\/shop\\\/eclairer\\\/lampe-de-table-bureau\\\/lampe-de-table-spot-7\\\/#primaryimage\"},\"thumbnailUrl\":\"https:\\\/\\\/lalmachine.com\\\/wp-content\\\/uploads\\\/2023\\\/08\\\/IMG20230810161849_clipped_rev_1-scaled.jpeg\",\"datePublished\":\"2023-08-11T09:44:20+00:00\",\"dateModified\":\"2024-12-05T21:02:17+00:00\",\"description\":\"Lampe de table vintage avec socle et spot en m\u00e9tal noir et tige en m\u00e9tal chrom\u00e9.\",\"breadcrumb\":{\"@id\":\"https:\\\/\\\/lalmachine.com\\\/shop\\\/eclairer\\\/lampe-de-table-bureau\\\/lampe-de-table-spot-7\\\/#breadcrumb\"},\"inLanguage\":\"de\",\"potentialAction\":[{\"@type\":\"ReadAction\",\"target\":[\"https:\\\/\\\/lalmachine.com\\\/shop\\\/eclairer\\\/lampe-de-table-bureau\\\/lampe-de-table-spot-7\\\/\"]}]},{\"@type\":\"ImageObject\",\"inLanguage\":\"de\",\"@id\":\"https:\\\/\\\/lalmachine.com\\\/shop\\\/eclairer\\\/lampe-de-table-bureau\\\/lampe-de-table-spot-7\\\/#primaryimage\",\"url\":\"https:\\\/\\\/lalmachine.com\\\/wp-content\\\/uploads\\\/2023\\\/08\\\/IMG20230810161849_clipped_rev_1-scaled.jpeg\",\"contentUrl\":\"https:\\\/\\\/lalmachine.com\\\/wp-content\\\/uploads\\\/2023\\\/08\\\/IMG20230810161849_clipped_rev_1-scaled.jpeg\",\"width\":2560,\"height\":2560,\"caption\":\"Lampe de table spot\"},{\"@type\":\"BreadcrumbList\",\"@id\":\"https:\\\/\\\/lalmachine.com\\\/shop\\\/eclairer\\\/lampe-de-table-bureau\\\/lampe-de-table-spot-7\\\/#breadcrumb\",\"itemListElement\":[{\"@type\":\"ListItem\",\"position\":1,\"name\":\"Accueil\",\"item\":\"https:\\\/\\\/lalmachine.com\\\/\"},{\"@type\":\"ListItem\",\"position\":2,\"name\":\"Shop\",\"item\":\"https:\\\/\\\/lalmachine.com\\\/shop\\\/\"},{\"@type\":\"ListItem\",\"position\":3,\"name\":\"Lampe de table spot\"}]},{\"@type\":\"WebSite\",\"@id\":\"https:\\\/\\\/lalmachine.com\\\/#website\",\"url\":\"https:\\\/\\\/lalmachine.com\\\/\",\"name\":\"lalmachine.com\",\"description\":\"Brocante en ligne Suisse | Mobilier et objets d\u00e9co vintage et design\",\"potentialAction\":[{\"@type\":\"SearchAction\",\"target\":{\"@type\":\"EntryPoint\",\"urlTemplate\":\"https:\\\/\\\/lalmachine.com\\\/?s={search_term_string}\"},\"query-input\":{\"@type\":\"PropertyValueSpecification\",\"valueRequired\":true,\"valueName\":\"search_term_string\"}}],\"inLanguage\":\"de\"}]}<\/script>\n<!-- \/ Yoast SEO plugin. -->","yoast_head_json":{"title":"Lampe de table spot | lalmachine.com, mobilier et objets d\u00e9co vintage et design","description":"Lampe de table vintage avec socle et spot en m\u00e9tal noir et tige en m\u00e9tal chrom\u00e9.","robots":{"index":"index","follow":"follow","max-snippet":"max-snippet:-1","max-image-preview":"max-image-preview:large","max-video-preview":"max-video-preview:-1"},"canonical":"https:\/\/lalmachine.com\/de\/shop\/eclairer\/lampe-de-table-bureau\/lampe-de-table-spot-7\/","og_locale":"de_DE","og_type":"article","og_title":"Lampe de table spot | lalmachine.com, mobilier et objets d\u00e9co vintage et design","og_description":"Lampe de table vintage avec socle et spot en m\u00e9tal noir et tige en m\u00e9tal chrom\u00e9.","og_url":"https:\/\/lalmachine.com\/de\/shop\/eclairer\/lampe-de-table-bureau\/lampe-de-table-spot-7\/","og_site_name":"lalmachine.com","article_publisher":"https:\/\/facebook.com\/lalmachine","article_modified_time":"2024-12-05T21:02:17+00:00","og_image":[{"width":2560,"height":2560,"url":"https:\/\/lalmachine.com\/wp-content\/uploads\/2023\/08\/IMG20230810161849_clipped_rev_1-scaled.jpeg","type":"image\/jpeg"}],"twitter_card":"summary_large_image","schema":{"@context":"https:\/\/schema.org","@graph":[{"@type":"WebPage","@id":"https:\/\/lalmachine.com\/shop\/eclairer\/lampe-de-table-bureau\/lampe-de-table-spot-7\/","url":"https:\/\/lalmachine.com\/shop\/eclairer\/lampe-de-table-bureau\/lampe-de-table-spot-7\/","name":"Lampe de table spot | lalmachine.com, mobilier et objets d\u00e9co vintage et design","isPartOf":{"@id":"https:\/\/lalmachine.com\/#website"},"primaryImageOfPage":{"@id":"https:\/\/lalmachine.com\/shop\/eclairer\/lampe-de-table-bureau\/lampe-de-table-spot-7\/#primaryimage"},"image":{"@id":"https:\/\/lalmachine.com\/shop\/eclairer\/lampe-de-table-bureau\/lampe-de-table-spot-7\/#primaryimage"},"thumbnailUrl":"https:\/\/lalmachine.com\/wp-content\/uploads\/2023\/08\/IMG20230810161849_clipped_rev_1-scaled.jpeg","datePublished":"2023-08-11T09:44:20+00:00","dateModified":"2024-12-05T21:02:17+00:00","description":"Lampe de table vintage avec socle et spot en m\u00e9tal noir et tige en m\u00e9tal chrom\u00e9.","breadcrumb":{"@id":"https:\/\/lalmachine.com\/shop\/eclairer\/lampe-de-table-bureau\/lampe-de-table-spot-7\/#breadcrumb"},"inLanguage":"de","potentialAction":[{"@type":"ReadAction","target":["https:\/\/lalmachine.com\/shop\/eclairer\/lampe-de-table-bureau\/lampe-de-table-spot-7\/"]}]},{"@type":"ImageObject","inLanguage":"de","@id":"https:\/\/lalmachine.com\/shop\/eclairer\/lampe-de-table-bureau\/lampe-de-table-spot-7\/#primaryimage","url":"https:\/\/lalmachine.com\/wp-content\/uploads\/2023\/08\/IMG20230810161849_clipped_rev_1-scaled.jpeg","contentUrl":"https:\/\/lalmachine.com\/wp-content\/uploads\/2023\/08\/IMG20230810161849_clipped_rev_1-scaled.jpeg","width":2560,"height":2560,"caption":"Lampe de table spot"},{"@type":"BreadcrumbList","@id":"https:\/\/lalmachine.com\/shop\/eclairer\/lampe-de-table-bureau\/lampe-de-table-spot-7\/#breadcrumb","itemListElement":[{"@type":"ListItem","position":1,"name":"Accueil","item":"https:\/\/lalmachine.com\/"},{"@type":"ListItem","position":2,"name":"Shop","item":"https:\/\/lalmachine.com\/shop\/"},{"@type":"ListItem","position":3,"name":"Lampe de table spot"}]},{"@type":"WebSite","@id":"https:\/\/lalmachine.com\/#website","url":"https:\/\/lalmachine.com\/","name":"lalmachine.com","description":"Brocante en ligne Suisse | Mobilier et objets d\u00e9co vintage et design","potentialAction":[{"@type":"SearchAction","target":{"@type":"EntryPoint","urlTemplate":"https:\/\/lalmachine.com\/?s={search_term_string}"},"query-input":{"@type":"PropertyValueSpecification","valueRequired":true,"valueName":"search_term_string"}}],"inLanguage":"de"}]}},"_links":{"self":[{"href":"https:\/\/lalmachine.com\/de\/wp-json\/wp\/v2\/product\/310563","targetHints":{"allow":["GET"]}}],"collection":[{"href":"https:\/\/lalmachine.com\/de\/wp-json\/wp\/v2\/product"}],"about":[{"href":"https:\/\/lalmachine.com\/de\/wp-json\/wp\/v2\/types\/product"}],"wp:featuredmedia":[{"embeddable":true,"href":"https:\/\/lalmachine.com\/de\/wp-json\/wp\/v2\/media\/310550"}],"wp:attachment":[{"href":"https:\/\/lalmachine.com\/de\/wp-json\/wp\/v2\/media?parent=310563"}],"wp:term":[{"taxonomy":"product_brand","embeddable":true,"href":"https:\/\/lalmachine.com\/de\/wp-json\/wp\/v2\/product_brand?post=310563"},{"taxonomy":"product_cat","embeddable":true,"href":"https:\/\/lalmachine.com\/de\/wp-json\/wp\/v2\/product_cat?post=310563"},{"taxonomy":"product_tag","embeddable":true,"href":"https:\/\/lalmachine.com\/de\/wp-json\/wp\/v2\/product_tag?post=310563"},{"taxonomy":"proximite","embeddable":true,"href":"https:\/\/lalmachine.com\/de\/wp-json\/wp\/v2\/proximite?post=310563"}],"curies":[{"name":"wp","href":"https:\/\/api.w.org\/{rel}","templated":true}]}}