{"id":311479,"date":"2023-08-24T18:07:23","date_gmt":"2023-08-24T16:07:23","guid":{"rendered":"https:\/\/lalmachine.com\/?post_type=product&#038;p=311479"},"modified":"2024-12-05T22:02:20","modified_gmt":"2024-12-05T21:02:20","slug":"supension-fucsia-8-par-achille-castiglioni","status":"publish","type":"product","link":"https:\/\/lalmachine.com\/de\/shop\/eclairer\/suspension-plafonnier\/supension-fucsia-8-par-achille-castiglioni\/","title":{"rendered":"Supension Fucsia 8 par Achille Castiglioni"},"content":{"rendered":"<ul class=\"wpuf_customs\"><li style=\"list-style-type:none;\"><label>Autres photos:<\/label> <a href=\"https:\/\/lalmachine.com\/wp-content\/uploads\/2023\/08\/IMG20230817164947-scaled.jpg\"><img loading=\"lazy\" decoding=\"async\" width=\"72\" height=\"96\" src=\"https:\/\/lalmachine.com\/wp-content\/uploads\/2023\/08\/IMG20230817164947-scaled.jpg\" class=\"attachment-thumbnail size-thumbnail\" alt=\"\" \/><\/a> <a href=\"https:\/\/lalmachine.com\/wp-content\/uploads\/2023\/08\/IMG20230817164952-scaled.jpg\"><img loading=\"lazy\" decoding=\"async\" width=\"72\" height=\"96\" src=\"https:\/\/lalmachine.com\/wp-content\/uploads\/2023\/08\/IMG20230817164952-scaled.jpg\" class=\"attachment-thumbnail size-thumbnail\" alt=\"\" \/><\/a> <a href=\"https:\/\/lalmachine.com\/wp-content\/uploads\/2023\/08\/IMG20230817165000-scaled.jpg\"><img loading=\"lazy\" decoding=\"async\" width=\"72\" height=\"96\" src=\"https:\/\/lalmachine.com\/wp-content\/uploads\/2023\/08\/IMG20230817165000-scaled.jpg\" class=\"attachment-thumbnail size-thumbnail\" alt=\"\" \/><\/a> <a href=\"https:\/\/lalmachine.com\/wp-content\/uploads\/2023\/08\/IMG20230817165005-scaled.jpg\"><img loading=\"lazy\" decoding=\"async\" width=\"72\" height=\"96\" src=\"https:\/\/lalmachine.com\/wp-content\/uploads\/2023\/08\/IMG20230817165005-scaled.jpg\" class=\"attachment-thumbnail size-thumbnail\" alt=\"\" \/><\/a> <a href=\"https:\/\/lalmachine.com\/wp-content\/uploads\/2023\/08\/IMG20230817165007-scaled.jpg\"><img loading=\"lazy\" decoding=\"async\" width=\"72\" height=\"96\" src=\"https:\/\/lalmachine.com\/wp-content\/uploads\/2023\/08\/IMG20230817165007-scaled.jpg\" class=\"attachment-thumbnail size-thumbnail\" alt=\"\" \/><\/a> <a href=\"https:\/\/lalmachine.com\/wp-content\/uploads\/2023\/08\/IMG20230817165027-scaled.jpg\"><img loading=\"lazy\" decoding=\"async\" width=\"72\" height=\"96\" src=\"https:\/\/lalmachine.com\/wp-content\/uploads\/2023\/08\/IMG20230817165027-scaled.jpg\" class=\"attachment-thumbnail size-thumbnail\" alt=\"\" \/><\/a> <a href=\"https:\/\/lalmachine.com\/wp-content\/uploads\/2023\/08\/IMG20230817165035-scaled.jpg\"><img loading=\"lazy\" decoding=\"async\" width=\"72\" height=\"96\" src=\"https:\/\/lalmachine.com\/wp-content\/uploads\/2023\/08\/IMG20230817165035-scaled.jpg\" class=\"attachment-thumbnail size-thumbnail\" alt=\"\" \/><\/a> <a href=\"https:\/\/lalmachine.com\/wp-content\/uploads\/2023\/08\/IMG20230817165230-scaled.jpg\"><img loading=\"lazy\" decoding=\"async\" width=\"72\" height=\"96\" src=\"https:\/\/lalmachine.com\/wp-content\/uploads\/2023\/08\/IMG20230817165230-scaled.jpg\" class=\"attachment-thumbnail size-thumbnail\" alt=\"\" \/><\/a> <a href=\"https:\/\/lalmachine.com\/wp-content\/uploads\/2023\/08\/IMG20230817165307-scaled.jpg\"><img loading=\"lazy\" decoding=\"async\" width=\"72\" height=\"96\" src=\"https:\/\/lalmachine.com\/wp-content\/uploads\/2023\/08\/IMG20230817165307-scaled.jpg\" class=\"attachment-thumbnail size-thumbnail\" alt=\"\" \/><\/a> <a href=\"https:\/\/lalmachine.com\/wp-content\/uploads\/2023\/08\/IMG20230817165328-scaled.jpg\"><img loading=\"lazy\" decoding=\"async\" width=\"72\" height=\"96\" src=\"https:\/\/lalmachine.com\/wp-content\/uploads\/2023\/08\/IMG20230817165328-scaled.jpg\" class=\"attachment-thumbnail size-thumbnail\" alt=\"\" \/><\/a> <a href=\"https:\/\/lalmachine.com\/wp-content\/uploads\/2023\/08\/IMG20230817165338-scaled.jpg\"><img loading=\"lazy\" decoding=\"async\" width=\"72\" height=\"96\" src=\"https:\/\/lalmachine.com\/wp-content\/uploads\/2023\/08\/IMG20230817165338-scaled.jpg\" class=\"attachment-thumbnail size-thumbnail\" alt=\"\" \/><\/a> <a href=\"https:\/\/lalmachine.com\/wp-content\/uploads\/2023\/08\/IMG20230817165417-scaled.jpg\"><img loading=\"lazy\" decoding=\"async\" width=\"72\" height=\"96\" src=\"https:\/\/lalmachine.com\/wp-content\/uploads\/2023\/08\/IMG20230817165417-scaled.jpg\" class=\"attachment-thumbnail size-thumbnail\" alt=\"\" \/><\/a> <a href=\"https:\/\/lalmachine.com\/wp-content\/uploads\/2023\/08\/IMG20230817165421-scaled.jpg\"><img loading=\"lazy\" decoding=\"async\" width=\"72\" height=\"96\" src=\"https:\/\/lalmachine.com\/wp-content\/uploads\/2023\/08\/IMG20230817165421-scaled.jpg\" class=\"attachment-thumbnail size-thumbnail\" alt=\"\" \/><\/a> <\/li>        <li class=\"wpuf-field-data wpuf-field-data-numeric_text_field\">\n                            <label>Prix:<\/label>\n                        550        <\/li>\n                <li class=\"wpuf-field-data wpuf-field-data-numeric_text_field\">\n                            <label>Hauteur (cm):<\/label>\n                        36        <\/li>\n                <li class=\"wpuf-field-data wpuf-field-data-numeric_text_field\">\n                            <label>Largeur (cm):<\/label>\n                        63        <\/li>\n                <li class=\"wpuf-field-data wpuf-field-data-numeric_text_field\">\n                            <label>Profondeur (cm):<\/label>\n                        48        <\/li>\n        <\/ul>","protected":false},"excerpt":{"rendered":"<p>Suspension Fucsia 8 dessin\u00e9e par le designer Italien Achille Castiglioni pour le fabricant Flos. Compos\u00e9e de 8 diffuseurs coniques en verre transparent souffl\u00e9s et sabl\u00e9s sur les bords. Diam\u00e8tre diffuseur 16 cm, hauteur diffuseur 35 cm. Les diffuseurs sotn en parfait \u00e9tat, les \u00e9l\u00e9ments \u00e0 droite et \u00e0 gauche de la cache sont manquants (voir photos).<\/p>\n<p>Livraison possible dans un rayon de 75 Km autour de Fribourg (sous 2-3 semaines, en bas de l\u2019immeuble, \u00e0 r\u00e9gler le jour de la livraison) :<br \/>\n\u2013 Berne : 30 CHF<br \/>\n\u2013 Lausanne : 75 CHF<br \/>\n\u2013 Autres villes sur demande<\/p>","protected":false},"featured_media":311464,"template":"","meta":{"_et_pb_use_builder":"","_et_pb_old_content":"","_et_gb_content_width":""},"product_brand":[],"product_cat":[49,91],"product_tag":[],"proximite":[177,235],"class_list":{"0":"post-311479","1":"product","2":"type-product","3":"status-publish","4":"has-post-thumbnail","6":"product_cat-eclairer","7":"product_cat-suspension-plafonnier","8":"pa_couleur-transparent","9":"pa_designer-castiglioni-achille","10":"pa_etat-bon-etat","11":"pa_materiau-verre","12":"pa_style-design","13":"proximite-fribourg","14":"proximite-sarine","16":"first","17":"outofstock","18":"sale","19":"shipping-taxable","20":"purchasable","21":"product-type-simple"},"yoast_head":"<!-- This site is optimized with the Yoast SEO plugin v27.4 - https:\/\/yoast.com\/product\/yoast-seo-wordpress\/ -->\n<title>Supension Fucsia 8 par Achille Castiglioni | lalmachine.com, mobilier et objets d\u00e9co vintage et design<\/title>\n<meta name=\"description\" content=\"Suspension Fucsia 8 dessin\u00e9e par le designer Italien Achille Castiglioni pour le fabricant Flos.\" \/>\n<meta name=\"robots\" content=\"index, follow, max-snippet:-1, max-image-preview:large, max-video-preview:-1\" \/>\n<link rel=\"canonical\" href=\"https:\/\/lalmachine.com\/de\/shop\/eclairer\/suspension-plafonnier\/supension-fucsia-8-par-achille-castiglioni\/\" \/>\n<meta property=\"og:locale\" content=\"de_DE\" \/>\n<meta property=\"og:type\" content=\"article\" \/>\n<meta property=\"og:title\" content=\"Supension Fucsia 8 par Achille Castiglioni | lalmachine.com, mobilier et objets d\u00e9co vintage et design\" \/>\n<meta property=\"og:description\" content=\"Suspension Fucsia 8 dessin\u00e9e par le designer Italien Achille Castiglioni pour le fabricant Flos.\" \/>\n<meta property=\"og:url\" content=\"https:\/\/lalmachine.com\/de\/shop\/eclairer\/suspension-plafonnier\/supension-fucsia-8-par-achille-castiglioni\/\" \/>\n<meta property=\"og:site_name\" content=\"lalmachine.com\" \/>\n<meta property=\"article:publisher\" content=\"https:\/\/facebook.com\/lalmachine\" \/>\n<meta property=\"article:modified_time\" content=\"2024-12-05T21:02:20+00:00\" \/>\n<meta property=\"og:image\" content=\"https:\/\/lalmachine.com\/wp-content\/uploads\/2023\/08\/21975b15-6a4d-4f2f-a109-7f4e57469d37_clipped_rev_1.jpeg\" \/>\n\t<meta property=\"og:image:width\" content=\"1080\" \/>\n\t<meta property=\"og:image:height\" content=\"1080\" \/>\n\t<meta property=\"og:image:type\" content=\"image\/jpeg\" \/>\n<meta name=\"twitter:card\" content=\"summary_large_image\" \/>\n<script type=\"application\/ld+json\" class=\"yoast-schema-graph\">{\"@context\":\"https:\\\/\\\/schema.org\",\"@graph\":[{\"@type\":\"WebPage\",\"@id\":\"https:\\\/\\\/lalmachine.com\\\/shop\\\/eclairer\\\/suspension-plafonnier\\\/supension-fucsia-8-par-achille-castiglioni\\\/\",\"url\":\"https:\\\/\\\/lalmachine.com\\\/shop\\\/eclairer\\\/suspension-plafonnier\\\/supension-fucsia-8-par-achille-castiglioni\\\/\",\"name\":\"Supension Fucsia 8 par Achille Castiglioni | lalmachine.com, mobilier et objets d\u00e9co vintage et design\",\"isPartOf\":{\"@id\":\"https:\\\/\\\/lalmachine.com\\\/#website\"},\"primaryImageOfPage\":{\"@id\":\"https:\\\/\\\/lalmachine.com\\\/shop\\\/eclairer\\\/suspension-plafonnier\\\/supension-fucsia-8-par-achille-castiglioni\\\/#primaryimage\"},\"image\":{\"@id\":\"https:\\\/\\\/lalmachine.com\\\/shop\\\/eclairer\\\/suspension-plafonnier\\\/supension-fucsia-8-par-achille-castiglioni\\\/#primaryimage\"},\"thumbnailUrl\":\"https:\\\/\\\/lalmachine.com\\\/wp-content\\\/uploads\\\/2023\\\/08\\\/21975b15-6a4d-4f2f-a109-7f4e57469d37_clipped_rev_1.jpeg\",\"datePublished\":\"2023-08-24T16:07:23+00:00\",\"dateModified\":\"2024-12-05T21:02:20+00:00\",\"description\":\"Suspension Fucsia 8 dessin\u00e9e par le designer Italien Achille Castiglioni pour le fabricant Flos.\",\"breadcrumb\":{\"@id\":\"https:\\\/\\\/lalmachine.com\\\/shop\\\/eclairer\\\/suspension-plafonnier\\\/supension-fucsia-8-par-achille-castiglioni\\\/#breadcrumb\"},\"inLanguage\":\"de\",\"potentialAction\":[{\"@type\":\"ReadAction\",\"target\":[\"https:\\\/\\\/lalmachine.com\\\/shop\\\/eclairer\\\/suspension-plafonnier\\\/supension-fucsia-8-par-achille-castiglioni\\\/\"]}]},{\"@type\":\"ImageObject\",\"inLanguage\":\"de\",\"@id\":\"https:\\\/\\\/lalmachine.com\\\/shop\\\/eclairer\\\/suspension-plafonnier\\\/supension-fucsia-8-par-achille-castiglioni\\\/#primaryimage\",\"url\":\"https:\\\/\\\/lalmachine.com\\\/wp-content\\\/uploads\\\/2023\\\/08\\\/21975b15-6a4d-4f2f-a109-7f4e57469d37_clipped_rev_1.jpeg\",\"contentUrl\":\"https:\\\/\\\/lalmachine.com\\\/wp-content\\\/uploads\\\/2023\\\/08\\\/21975b15-6a4d-4f2f-a109-7f4e57469d37_clipped_rev_1.jpeg\",\"width\":1080,\"height\":1080,\"caption\":\"Supension Fucsia 8 par Achille Castiglioni\"},{\"@type\":\"BreadcrumbList\",\"@id\":\"https:\\\/\\\/lalmachine.com\\\/shop\\\/eclairer\\\/suspension-plafonnier\\\/supension-fucsia-8-par-achille-castiglioni\\\/#breadcrumb\",\"itemListElement\":[{\"@type\":\"ListItem\",\"position\":1,\"name\":\"Accueil\",\"item\":\"https:\\\/\\\/lalmachine.com\\\/\"},{\"@type\":\"ListItem\",\"position\":2,\"name\":\"Shop\",\"item\":\"https:\\\/\\\/lalmachine.com\\\/shop\\\/\"},{\"@type\":\"ListItem\",\"position\":3,\"name\":\"Supension Fucsia 8 par Achille Castiglioni\"}]},{\"@type\":\"WebSite\",\"@id\":\"https:\\\/\\\/lalmachine.com\\\/#website\",\"url\":\"https:\\\/\\\/lalmachine.com\\\/\",\"name\":\"lalmachine.com\",\"description\":\"Brocante en ligne Suisse | Mobilier et objets d\u00e9co vintage et design\",\"potentialAction\":[{\"@type\":\"SearchAction\",\"target\":{\"@type\":\"EntryPoint\",\"urlTemplate\":\"https:\\\/\\\/lalmachine.com\\\/?s={search_term_string}\"},\"query-input\":{\"@type\":\"PropertyValueSpecification\",\"valueRequired\":true,\"valueName\":\"search_term_string\"}}],\"inLanguage\":\"de\"}]}<\/script>\n<!-- \/ Yoast SEO plugin. -->","yoast_head_json":{"title":"Supension Fucsia 8 par Achille Castiglioni | lalmachine.com, mobilier et objets d\u00e9co vintage et design","description":"Suspension Fucsia 8 dessin\u00e9e par le designer Italien Achille Castiglioni pour le fabricant Flos.","robots":{"index":"index","follow":"follow","max-snippet":"max-snippet:-1","max-image-preview":"max-image-preview:large","max-video-preview":"max-video-preview:-1"},"canonical":"https:\/\/lalmachine.com\/de\/shop\/eclairer\/suspension-plafonnier\/supension-fucsia-8-par-achille-castiglioni\/","og_locale":"de_DE","og_type":"article","og_title":"Supension Fucsia 8 par Achille Castiglioni | lalmachine.com, mobilier et objets d\u00e9co vintage et design","og_description":"Suspension Fucsia 8 dessin\u00e9e par le designer Italien Achille Castiglioni pour le fabricant Flos.","og_url":"https:\/\/lalmachine.com\/de\/shop\/eclairer\/suspension-plafonnier\/supension-fucsia-8-par-achille-castiglioni\/","og_site_name":"lalmachine.com","article_publisher":"https:\/\/facebook.com\/lalmachine","article_modified_time":"2024-12-05T21:02:20+00:00","og_image":[{"width":1080,"height":1080,"url":"https:\/\/lalmachine.com\/wp-content\/uploads\/2023\/08\/21975b15-6a4d-4f2f-a109-7f4e57469d37_clipped_rev_1.jpeg","type":"image\/jpeg"}],"twitter_card":"summary_large_image","schema":{"@context":"https:\/\/schema.org","@graph":[{"@type":"WebPage","@id":"https:\/\/lalmachine.com\/shop\/eclairer\/suspension-plafonnier\/supension-fucsia-8-par-achille-castiglioni\/","url":"https:\/\/lalmachine.com\/shop\/eclairer\/suspension-plafonnier\/supension-fucsia-8-par-achille-castiglioni\/","name":"Supension Fucsia 8 par Achille Castiglioni | lalmachine.com, mobilier et objets d\u00e9co vintage et design","isPartOf":{"@id":"https:\/\/lalmachine.com\/#website"},"primaryImageOfPage":{"@id":"https:\/\/lalmachine.com\/shop\/eclairer\/suspension-plafonnier\/supension-fucsia-8-par-achille-castiglioni\/#primaryimage"},"image":{"@id":"https:\/\/lalmachine.com\/shop\/eclairer\/suspension-plafonnier\/supension-fucsia-8-par-achille-castiglioni\/#primaryimage"},"thumbnailUrl":"https:\/\/lalmachine.com\/wp-content\/uploads\/2023\/08\/21975b15-6a4d-4f2f-a109-7f4e57469d37_clipped_rev_1.jpeg","datePublished":"2023-08-24T16:07:23+00:00","dateModified":"2024-12-05T21:02:20+00:00","description":"Suspension Fucsia 8 dessin\u00e9e par le designer Italien Achille Castiglioni pour le fabricant Flos.","breadcrumb":{"@id":"https:\/\/lalmachine.com\/shop\/eclairer\/suspension-plafonnier\/supension-fucsia-8-par-achille-castiglioni\/#breadcrumb"},"inLanguage":"de","potentialAction":[{"@type":"ReadAction","target":["https:\/\/lalmachine.com\/shop\/eclairer\/suspension-plafonnier\/supension-fucsia-8-par-achille-castiglioni\/"]}]},{"@type":"ImageObject","inLanguage":"de","@id":"https:\/\/lalmachine.com\/shop\/eclairer\/suspension-plafonnier\/supension-fucsia-8-par-achille-castiglioni\/#primaryimage","url":"https:\/\/lalmachine.com\/wp-content\/uploads\/2023\/08\/21975b15-6a4d-4f2f-a109-7f4e57469d37_clipped_rev_1.jpeg","contentUrl":"https:\/\/lalmachine.com\/wp-content\/uploads\/2023\/08\/21975b15-6a4d-4f2f-a109-7f4e57469d37_clipped_rev_1.jpeg","width":1080,"height":1080,"caption":"Supension Fucsia 8 par Achille Castiglioni"},{"@type":"BreadcrumbList","@id":"https:\/\/lalmachine.com\/shop\/eclairer\/suspension-plafonnier\/supension-fucsia-8-par-achille-castiglioni\/#breadcrumb","itemListElement":[{"@type":"ListItem","position":1,"name":"Accueil","item":"https:\/\/lalmachine.com\/"},{"@type":"ListItem","position":2,"name":"Shop","item":"https:\/\/lalmachine.com\/shop\/"},{"@type":"ListItem","position":3,"name":"Supension Fucsia 8 par Achille Castiglioni"}]},{"@type":"WebSite","@id":"https:\/\/lalmachine.com\/#website","url":"https:\/\/lalmachine.com\/","name":"lalmachine.com","description":"Brocante en ligne Suisse | Mobilier et objets d\u00e9co vintage et design","potentialAction":[{"@type":"SearchAction","target":{"@type":"EntryPoint","urlTemplate":"https:\/\/lalmachine.com\/?s={search_term_string}"},"query-input":{"@type":"PropertyValueSpecification","valueRequired":true,"valueName":"search_term_string"}}],"inLanguage":"de"}]}},"_links":{"self":[{"href":"https:\/\/lalmachine.com\/de\/wp-json\/wp\/v2\/product\/311479","targetHints":{"allow":["GET"]}}],"collection":[{"href":"https:\/\/lalmachine.com\/de\/wp-json\/wp\/v2\/product"}],"about":[{"href":"https:\/\/lalmachine.com\/de\/wp-json\/wp\/v2\/types\/product"}],"wp:featuredmedia":[{"embeddable":true,"href":"https:\/\/lalmachine.com\/de\/wp-json\/wp\/v2\/media\/311464"}],"wp:attachment":[{"href":"https:\/\/lalmachine.com\/de\/wp-json\/wp\/v2\/media?parent=311479"}],"wp:term":[{"taxonomy":"product_brand","embeddable":true,"href":"https:\/\/lalmachine.com\/de\/wp-json\/wp\/v2\/product_brand?post=311479"},{"taxonomy":"product_cat","embeddable":true,"href":"https:\/\/lalmachine.com\/de\/wp-json\/wp\/v2\/product_cat?post=311479"},{"taxonomy":"product_tag","embeddable":true,"href":"https:\/\/lalmachine.com\/de\/wp-json\/wp\/v2\/product_tag?post=311479"},{"taxonomy":"proximite","embeddable":true,"href":"https:\/\/lalmachine.com\/de\/wp-json\/wp\/v2\/proximite?post=311479"}],"curies":[{"name":"wp","href":"https:\/\/api.w.org\/{rel}","templated":true}]}}