{"id":312190,"date":"2023-09-08T08:09:47","date_gmt":"2023-09-08T06:09:47","guid":{"rendered":"https:\/\/lalmachine.com\/?post_type=product&#038;p=312190"},"modified":"2025-02-13T16:43:46","modified_gmt":"2025-02-13T15:43:46","slug":"bibliotheque-sol-plafond","status":"publish","type":"product","link":"https:\/\/lalmachine.com\/de\/shop\/meubler\/meuble-de-rangement\/bibliotheque-sol-plafond\/","title":{"rendered":"Biblioth\u00e8que sol-plafond"},"content":{"rendered":"<ul class=\"wpuf_customs\"><li style=\"list-style-type:none;\"><label>Autres photos:<\/label> <a href=\"https:\/\/lalmachine.com\/wp-content\/uploads\/2023\/09\/316-1.jpg\"><img loading=\"lazy\" decoding=\"async\" width=\"96\" height=\"96\" src=\"https:\/\/lalmachine.com\/wp-content\/uploads\/2023\/09\/316-1.jpg\" class=\"attachment-thumbnail size-thumbnail\" alt=\"\" \/><\/a> <a href=\"https:\/\/lalmachine.com\/wp-content\/uploads\/2023\/09\/316a.jpg\"><img loading=\"lazy\" decoding=\"async\" width=\"96\" height=\"96\" src=\"https:\/\/lalmachine.com\/wp-content\/uploads\/2023\/09\/316a.jpg\" class=\"attachment-thumbnail size-thumbnail\" alt=\"\" \/><\/a> <a href=\"https:\/\/lalmachine.com\/wp-content\/uploads\/2023\/09\/316b-scaled.jpg\"><img loading=\"lazy\" decoding=\"async\" width=\"96\" height=\"96\" src=\"https:\/\/lalmachine.com\/wp-content\/uploads\/2023\/09\/316b-scaled.jpg\" class=\"attachment-thumbnail size-thumbnail\" alt=\"\" \/><\/a> <a href=\"https:\/\/lalmachine.com\/wp-content\/uploads\/2023\/09\/316-scaled.jpg\"><img loading=\"lazy\" decoding=\"async\" width=\"100\" height=\"96\" src=\"https:\/\/lalmachine.com\/wp-content\/uploads\/2023\/09\/316-scaled.jpg\" class=\"attachment-thumbnail size-thumbnail\" alt=\"\" \/><\/a> <\/li>        <li class=\"wpuf-field-data wpuf-field-data-numeric_text_field\">\n                            <label>Prix:<\/label>\n                        430        <\/li>\n                <li class=\"wpuf-field-data wpuf-field-data-numeric_text_field\">\n                            <label>Hauteur (cm):<\/label>\n                        88        <\/li>\n                <li class=\"wpuf-field-data wpuf-field-data-numeric_text_field\">\n                            <label>Largeur (cm):<\/label>\n                        24        <\/li>\n                <li class=\"wpuf-field-data wpuf-field-data-numeric_text_field\">\n                            <label>Profondeur (cm):<\/label>\n                        2        <\/li>\n        <\/ul>","protected":false},"excerpt":{"rendered":"<p>\u00c9l\u00e9ments pour une biblioth\u00e8que sol-plafond \u00e9dit\u00e9e dans les ann\u00e9es 60 dans le style de Frank Bolliger pour Globus,. Il y a deux montants m\u00e9talliques carr\u00e9s peints en noir avec 6 supports m\u00e9talliques pour trois planches en placage de h\u00eatre.<\/p>\n<p>Dimensions :<br \/>\nLargeur de la biblioth\u00e8que 94 cm, hauteur 2, 5 \u00e0 3,2 m,<\/p>\n<p>Planches :<br \/>\nLargeur 88 cm, profondeur 24 cm, \u00e9paisseur 2 cm<\/p>\n<p><em><strong>D\u00e9couvrez nos autres articles design vintage en cliquant ci-dessous sur kus.design<\/strong><\/em><\/p>\n<p>n\u00b0 article SKU 316<\/p>","protected":false},"featured_media":312249,"template":"","meta":{"_et_pb_use_builder":"","_et_pb_old_content":"","_et_gb_content_width":""},"product_brand":[],"product_cat":[83,47],"product_tag":[],"proximite":[280,179],"class_list":{"0":"post-312190","1":"product","2":"type-product","3":"status-publish","4":"has-post-thumbnail","6":"product_cat-meuble-de-rangement","7":"product_cat-meubler","8":"pa_couleur-bois","9":"pa_etat-bon-etat","10":"pa_materiau-bois","11":"pa_style-vintage","12":"proximite-morges","13":"proximite-vaud","15":"first","16":"outofstock","17":"shipping-taxable","18":"purchasable","19":"product-type-simple"},"yoast_head":"<!-- This site is optimized with the Yoast SEO plugin v27.4 - https:\/\/yoast.com\/product\/yoast-seo-wordpress\/ -->\n<title>Biblioth\u00e8que sol-plafond | lalmachine.com<\/title>\n<meta name=\"description\" content=\"\u00c9l\u00e9ments pour une biblioth\u00e8que sol-plafond \/ \u00e9tag\u00e8re t\u00e9lescopique \u00e9dit\u00e9e dans les ann\u00e9es 60 dans le style de Frank Bolliger pour Globus\" \/>\n<meta name=\"robots\" content=\"index, follow, max-snippet:-1, max-image-preview:large, max-video-preview:-1\" \/>\n<link rel=\"canonical\" href=\"https:\/\/lalmachine.com\/de\/shop\/meubler\/meuble-de-rangement\/bibliotheque-sol-plafond\/\" \/>\n<meta property=\"og:locale\" content=\"de_DE\" \/>\n<meta property=\"og:type\" content=\"article\" \/>\n<meta property=\"og:title\" content=\"Biblioth\u00e8que sol-plafond | lalmachine.com\" \/>\n<meta property=\"og:description\" content=\"\u00c9l\u00e9ments pour une biblioth\u00e8que sol-plafond \/ \u00e9tag\u00e8re t\u00e9lescopique \u00e9dit\u00e9e dans les ann\u00e9es 60 dans le style de Frank Bolliger pour Globus\" \/>\n<meta property=\"og:url\" content=\"https:\/\/lalmachine.com\/de\/shop\/meubler\/meuble-de-rangement\/bibliotheque-sol-plafond\/\" \/>\n<meta property=\"og:site_name\" content=\"lalmachine.com\" \/>\n<meta property=\"article:publisher\" content=\"https:\/\/facebook.com\/lalmachine\" \/>\n<meta property=\"article:modified_time\" content=\"2025-02-13T15:43:46+00:00\" \/>\n<meta property=\"og:image\" content=\"https:\/\/lalmachine.com\/wp-content\/uploads\/2023\/09\/316-1_clipped_rev_1.jpeg\" \/>\n\t<meta property=\"og:image:width\" content=\"2333\" \/>\n\t<meta property=\"og:image:height\" content=\"2333\" \/>\n\t<meta property=\"og:image:type\" content=\"image\/jpeg\" \/>\n<meta name=\"twitter:card\" content=\"summary_large_image\" \/>\n<script type=\"application\/ld+json\" class=\"yoast-schema-graph\">{\"@context\":\"https:\\\/\\\/schema.org\",\"@graph\":[{\"@type\":\"WebPage\",\"@id\":\"https:\\\/\\\/lalmachine.com\\\/shop\\\/meubler\\\/meuble-de-rangement\\\/bibliotheque-sol-plafond\\\/\",\"url\":\"https:\\\/\\\/lalmachine.com\\\/shop\\\/meubler\\\/meuble-de-rangement\\\/bibliotheque-sol-plafond\\\/\",\"name\":\"Biblioth\u00e8que sol-plafond | lalmachine.com\",\"isPartOf\":{\"@id\":\"https:\\\/\\\/lalmachine.com\\\/#website\"},\"primaryImageOfPage\":{\"@id\":\"https:\\\/\\\/lalmachine.com\\\/shop\\\/meubler\\\/meuble-de-rangement\\\/bibliotheque-sol-plafond\\\/#primaryimage\"},\"image\":{\"@id\":\"https:\\\/\\\/lalmachine.com\\\/shop\\\/meubler\\\/meuble-de-rangement\\\/bibliotheque-sol-plafond\\\/#primaryimage\"},\"thumbnailUrl\":\"https:\\\/\\\/lalmachine.com\\\/wp-content\\\/uploads\\\/2023\\\/09\\\/316-1_clipped_rev_1.jpeg\",\"datePublished\":\"2023-09-08T06:09:47+00:00\",\"dateModified\":\"2025-02-13T15:43:46+00:00\",\"description\":\"\u00c9l\u00e9ments pour une biblioth\u00e8que sol-plafond \\\/ \u00e9tag\u00e8re t\u00e9lescopique \u00e9dit\u00e9e dans les ann\u00e9es 60 dans le style de Frank Bolliger pour Globus\",\"breadcrumb\":{\"@id\":\"https:\\\/\\\/lalmachine.com\\\/shop\\\/meubler\\\/meuble-de-rangement\\\/bibliotheque-sol-plafond\\\/#breadcrumb\"},\"inLanguage\":\"de\",\"potentialAction\":[{\"@type\":\"ReadAction\",\"target\":[\"https:\\\/\\\/lalmachine.com\\\/shop\\\/meubler\\\/meuble-de-rangement\\\/bibliotheque-sol-plafond\\\/\"]}]},{\"@type\":\"ImageObject\",\"inLanguage\":\"de\",\"@id\":\"https:\\\/\\\/lalmachine.com\\\/shop\\\/meubler\\\/meuble-de-rangement\\\/bibliotheque-sol-plafond\\\/#primaryimage\",\"url\":\"https:\\\/\\\/lalmachine.com\\\/wp-content\\\/uploads\\\/2023\\\/09\\\/316-1_clipped_rev_1.jpeg\",\"contentUrl\":\"https:\\\/\\\/lalmachine.com\\\/wp-content\\\/uploads\\\/2023\\\/09\\\/316-1_clipped_rev_1.jpeg\",\"width\":2333,\"height\":2333,\"caption\":\"Biblioth\u00e8que sol-plafond\"},{\"@type\":\"BreadcrumbList\",\"@id\":\"https:\\\/\\\/lalmachine.com\\\/shop\\\/meubler\\\/meuble-de-rangement\\\/bibliotheque-sol-plafond\\\/#breadcrumb\",\"itemListElement\":[{\"@type\":\"ListItem\",\"position\":1,\"name\":\"Accueil\",\"item\":\"https:\\\/\\\/lalmachine.com\\\/\"},{\"@type\":\"ListItem\",\"position\":2,\"name\":\"Shop\",\"item\":\"https:\\\/\\\/lalmachine.com\\\/shop\\\/\"},{\"@type\":\"ListItem\",\"position\":3,\"name\":\"Biblioth\u00e8que sol-plafond\"}]},{\"@type\":\"WebSite\",\"@id\":\"https:\\\/\\\/lalmachine.com\\\/#website\",\"url\":\"https:\\\/\\\/lalmachine.com\\\/\",\"name\":\"lalmachine.com\",\"description\":\"Brocante en ligne Suisse | Mobilier et objets d\u00e9co vintage et design\",\"potentialAction\":[{\"@type\":\"SearchAction\",\"target\":{\"@type\":\"EntryPoint\",\"urlTemplate\":\"https:\\\/\\\/lalmachine.com\\\/?s={search_term_string}\"},\"query-input\":{\"@type\":\"PropertyValueSpecification\",\"valueRequired\":true,\"valueName\":\"search_term_string\"}}],\"inLanguage\":\"de\"}]}<\/script>\n<!-- \/ Yoast SEO plugin. -->","yoast_head_json":{"title":"Biblioth\u00e8que sol-plafond | lalmachine.com","description":"\u00c9l\u00e9ments pour une biblioth\u00e8que sol-plafond \/ \u00e9tag\u00e8re t\u00e9lescopique \u00e9dit\u00e9e dans les ann\u00e9es 60 dans le style de Frank Bolliger pour Globus","robots":{"index":"index","follow":"follow","max-snippet":"max-snippet:-1","max-image-preview":"max-image-preview:large","max-video-preview":"max-video-preview:-1"},"canonical":"https:\/\/lalmachine.com\/de\/shop\/meubler\/meuble-de-rangement\/bibliotheque-sol-plafond\/","og_locale":"de_DE","og_type":"article","og_title":"Biblioth\u00e8que sol-plafond | lalmachine.com","og_description":"\u00c9l\u00e9ments pour une biblioth\u00e8que sol-plafond \/ \u00e9tag\u00e8re t\u00e9lescopique \u00e9dit\u00e9e dans les ann\u00e9es 60 dans le style de Frank Bolliger pour Globus","og_url":"https:\/\/lalmachine.com\/de\/shop\/meubler\/meuble-de-rangement\/bibliotheque-sol-plafond\/","og_site_name":"lalmachine.com","article_publisher":"https:\/\/facebook.com\/lalmachine","article_modified_time":"2025-02-13T15:43:46+00:00","og_image":[{"width":2333,"height":2333,"url":"https:\/\/lalmachine.com\/wp-content\/uploads\/2023\/09\/316-1_clipped_rev_1.jpeg","type":"image\/jpeg"}],"twitter_card":"summary_large_image","schema":{"@context":"https:\/\/schema.org","@graph":[{"@type":"WebPage","@id":"https:\/\/lalmachine.com\/shop\/meubler\/meuble-de-rangement\/bibliotheque-sol-plafond\/","url":"https:\/\/lalmachine.com\/shop\/meubler\/meuble-de-rangement\/bibliotheque-sol-plafond\/","name":"Biblioth\u00e8que sol-plafond | lalmachine.com","isPartOf":{"@id":"https:\/\/lalmachine.com\/#website"},"primaryImageOfPage":{"@id":"https:\/\/lalmachine.com\/shop\/meubler\/meuble-de-rangement\/bibliotheque-sol-plafond\/#primaryimage"},"image":{"@id":"https:\/\/lalmachine.com\/shop\/meubler\/meuble-de-rangement\/bibliotheque-sol-plafond\/#primaryimage"},"thumbnailUrl":"https:\/\/lalmachine.com\/wp-content\/uploads\/2023\/09\/316-1_clipped_rev_1.jpeg","datePublished":"2023-09-08T06:09:47+00:00","dateModified":"2025-02-13T15:43:46+00:00","description":"\u00c9l\u00e9ments pour une biblioth\u00e8que sol-plafond \/ \u00e9tag\u00e8re t\u00e9lescopique \u00e9dit\u00e9e dans les ann\u00e9es 60 dans le style de Frank Bolliger pour Globus","breadcrumb":{"@id":"https:\/\/lalmachine.com\/shop\/meubler\/meuble-de-rangement\/bibliotheque-sol-plafond\/#breadcrumb"},"inLanguage":"de","potentialAction":[{"@type":"ReadAction","target":["https:\/\/lalmachine.com\/shop\/meubler\/meuble-de-rangement\/bibliotheque-sol-plafond\/"]}]},{"@type":"ImageObject","inLanguage":"de","@id":"https:\/\/lalmachine.com\/shop\/meubler\/meuble-de-rangement\/bibliotheque-sol-plafond\/#primaryimage","url":"https:\/\/lalmachine.com\/wp-content\/uploads\/2023\/09\/316-1_clipped_rev_1.jpeg","contentUrl":"https:\/\/lalmachine.com\/wp-content\/uploads\/2023\/09\/316-1_clipped_rev_1.jpeg","width":2333,"height":2333,"caption":"Biblioth\u00e8que sol-plafond"},{"@type":"BreadcrumbList","@id":"https:\/\/lalmachine.com\/shop\/meubler\/meuble-de-rangement\/bibliotheque-sol-plafond\/#breadcrumb","itemListElement":[{"@type":"ListItem","position":1,"name":"Accueil","item":"https:\/\/lalmachine.com\/"},{"@type":"ListItem","position":2,"name":"Shop","item":"https:\/\/lalmachine.com\/shop\/"},{"@type":"ListItem","position":3,"name":"Biblioth\u00e8que sol-plafond"}]},{"@type":"WebSite","@id":"https:\/\/lalmachine.com\/#website","url":"https:\/\/lalmachine.com\/","name":"lalmachine.com","description":"Brocante en ligne Suisse | Mobilier et objets d\u00e9co vintage et design","potentialAction":[{"@type":"SearchAction","target":{"@type":"EntryPoint","urlTemplate":"https:\/\/lalmachine.com\/?s={search_term_string}"},"query-input":{"@type":"PropertyValueSpecification","valueRequired":true,"valueName":"search_term_string"}}],"inLanguage":"de"}]}},"_links":{"self":[{"href":"https:\/\/lalmachine.com\/de\/wp-json\/wp\/v2\/product\/312190","targetHints":{"allow":["GET"]}}],"collection":[{"href":"https:\/\/lalmachine.com\/de\/wp-json\/wp\/v2\/product"}],"about":[{"href":"https:\/\/lalmachine.com\/de\/wp-json\/wp\/v2\/types\/product"}],"wp:featuredmedia":[{"embeddable":true,"href":"https:\/\/lalmachine.com\/de\/wp-json\/wp\/v2\/media\/312249"}],"wp:attachment":[{"href":"https:\/\/lalmachine.com\/de\/wp-json\/wp\/v2\/media?parent=312190"}],"wp:term":[{"taxonomy":"product_brand","embeddable":true,"href":"https:\/\/lalmachine.com\/de\/wp-json\/wp\/v2\/product_brand?post=312190"},{"taxonomy":"product_cat","embeddable":true,"href":"https:\/\/lalmachine.com\/de\/wp-json\/wp\/v2\/product_cat?post=312190"},{"taxonomy":"product_tag","embeddable":true,"href":"https:\/\/lalmachine.com\/de\/wp-json\/wp\/v2\/product_tag?post=312190"},{"taxonomy":"proximite","embeddable":true,"href":"https:\/\/lalmachine.com\/de\/wp-json\/wp\/v2\/proximite?post=312190"}],"curies":[{"name":"wp","href":"https:\/\/api.w.org\/{rel}","templated":true}]}}