{"id":312196,"date":"2023-09-08T08:13:38","date_gmt":"2023-09-08T06:13:38","guid":{"rendered":"https:\/\/lalmachine.com\/?post_type=product&#038;p=312196"},"modified":"2025-02-17T11:16:57","modified_gmt":"2025-02-17T10:16:57","slug":"elephant-en-porcelaine-krafty-kreetures","status":"publish","type":"product","link":"https:\/\/lalmachine.com\/de\/shop\/decorer\/decoration\/elephant-en-porcelaine-krafty-kreetures\/","title":{"rendered":"\u00c9l\u00e9phant en porcelaine Krafty Kreetures"},"content":{"rendered":"<ul class=\"wpuf_customs\"><li style=\"list-style-type:none;\"><label>Autres photos:<\/label> <a href=\"https:\/\/lalmachine.com\/wp-content\/uploads\/2023\/09\/574.jpg\"><img loading=\"lazy\" decoding=\"async\" width=\"96\" height=\"96\" src=\"https:\/\/lalmachine.com\/wp-content\/uploads\/2023\/09\/574.jpg\" class=\"attachment-thumbnail size-thumbnail\" alt=\"\" \/><\/a> <a href=\"https:\/\/lalmachine.com\/wp-content\/uploads\/2023\/09\/574a.jpg\"><img loading=\"lazy\" decoding=\"async\" width=\"96\" height=\"96\" src=\"https:\/\/lalmachine.com\/wp-content\/uploads\/2023\/09\/574a.jpg\" class=\"attachment-thumbnail size-thumbnail\" alt=\"\" \/><\/a> <a href=\"https:\/\/lalmachine.com\/wp-content\/uploads\/2023\/09\/574b.jpg\"><img loading=\"lazy\" decoding=\"async\" width=\"96\" height=\"96\" src=\"https:\/\/lalmachine.com\/wp-content\/uploads\/2023\/09\/574b.jpg\" class=\"attachment-thumbnail size-thumbnail\" alt=\"\" \/><\/a> <a href=\"https:\/\/lalmachine.com\/wp-content\/uploads\/2023\/09\/574c.jpg\"><img loading=\"lazy\" decoding=\"async\" width=\"96\" height=\"96\" src=\"https:\/\/lalmachine.com\/wp-content\/uploads\/2023\/09\/574c.jpg\" class=\"attachment-thumbnail size-thumbnail\" alt=\"\" \/><\/a> <a href=\"https:\/\/lalmachine.com\/wp-content\/uploads\/2023\/09\/574d.jpg\"><img loading=\"lazy\" decoding=\"async\" width=\"96\" height=\"96\" src=\"https:\/\/lalmachine.com\/wp-content\/uploads\/2023\/09\/574d.jpg\" class=\"attachment-thumbnail size-thumbnail\" alt=\"\" \/><\/a> <\/li>        <li class=\"wpuf-field-data wpuf-field-data-numeric_text_field\">\n                            <label>Prix:<\/label>\n                        65        <\/li>\n                <li class=\"wpuf-field-data wpuf-field-data-numeric_text_field\">\n                            <label>Quantit\u00e9:<\/label>\n                        1        <\/li>\n                <li class=\"wpuf-field-data wpuf-field-data-numeric_text_field\">\n                            <label>Hauteur (cm):<\/label>\n                        13        <\/li>\n                <li class=\"wpuf-field-data wpuf-field-data-numeric_text_field\">\n                            <label>Largeur (cm):<\/label>\n                        12        <\/li>\n                <li class=\"wpuf-field-data wpuf-field-data-numeric_text_field\">\n                            <label>Profondeur (cm):<\/label>\n                        5        <\/li>\n        <\/ul>","protected":false},"excerpt":{"rendered":"<p>Cette figurine en porcelaine coul\u00e9e repr\u00e9sente un magnifique \u00e9l\u00e9phant stylis\u00e9 \u00e9dit\u00e9 par l&#8217;atelier KK Krafty Kreetures dans les ann\u00e9es 60. Elle fait partie d&#8217;une s\u00e9rie de production d&#8217;animaux par th\u00e8me.<\/p>\n<p>L&#8217;effet de d\u00e9grad\u00e9 donn\u00e9 est d\u00fb au trempage du biscuit dans une triple couche d&#8217;\u00e9mail superpos\u00e9.<\/p>\n<p>L&#8217;objet est en parfait \u00e9tat.<\/p>\n<p><em><strong>D\u00e9couvrez nos autres articles design vintage en cliquant ci-dessous sur kus.design<\/strong><\/em><\/p>\n<p>n\u00b0 article SKU 574<\/p>","protected":false},"featured_media":312248,"template":"","meta":{"_et_pb_use_builder":"","_et_pb_old_content":"","_et_gb_content_width":""},"product_brand":[],"product_cat":[94,50],"product_tag":[],"proximite":[280,179],"class_list":{"0":"post-312196","1":"product","2":"type-product","3":"status-publish","4":"has-post-thumbnail","6":"product_cat-decoration","7":"product_cat-decorer","8":"product_shipping_class-fragile-11-5","9":"pa_couleur-multicolore","10":"pa_etat-tres-bon-etat","11":"pa_materiau-ceramique","12":"pa_style-vintage","13":"proximite-morges","14":"proximite-vaud","16":"first","17":"instock","18":"shipping-taxable","19":"purchasable","20":"product-type-simple"},"yoast_head":"<!-- This site is optimized with the Yoast SEO plugin v27.4 - https:\/\/yoast.com\/product\/yoast-seo-wordpress\/ -->\n<title>\u00c9l\u00e9phant en porcelaine Krafty Kreetures | lalmachine.com<\/title>\n<meta name=\"description\" content=\"Cette figurine en porcelaine coul\u00e9e repr\u00e9sente un magnifique \u00e9l\u00e9phant stylis\u00e9 \u00e9dit\u00e9 par l&#039;atelier KK Krafty Kreetures dans les ann\u00e9es 60.\" \/>\n<meta name=\"robots\" content=\"index, follow, max-snippet:-1, max-image-preview:large, max-video-preview:-1\" \/>\n<link rel=\"canonical\" href=\"https:\/\/lalmachine.com\/de\/shop\/decorer\/decoration\/elephant-en-porcelaine-krafty-kreetures\/\" \/>\n<meta property=\"og:locale\" content=\"de_DE\" \/>\n<meta property=\"og:type\" content=\"article\" \/>\n<meta property=\"og:title\" content=\"\u00c9l\u00e9phant en porcelaine Krafty Kreetures | lalmachine.com\" \/>\n<meta property=\"og:description\" content=\"Cette figurine en porcelaine coul\u00e9e repr\u00e9sente un magnifique \u00e9l\u00e9phant stylis\u00e9 \u00e9dit\u00e9 par l&#039;atelier KK Krafty Kreetures dans les ann\u00e9es 60.\" \/>\n<meta property=\"og:url\" content=\"https:\/\/lalmachine.com\/de\/shop\/decorer\/decoration\/elephant-en-porcelaine-krafty-kreetures\/\" \/>\n<meta property=\"og:site_name\" content=\"lalmachine.com\" \/>\n<meta property=\"article:publisher\" content=\"https:\/\/facebook.com\/lalmachine\" \/>\n<meta property=\"article:modified_time\" content=\"2025-02-17T10:16:57+00:00\" \/>\n<meta property=\"og:image\" content=\"https:\/\/lalmachine.com\/wp-content\/uploads\/2023\/09\/574_clipped_rev_1.jpeg\" \/>\n\t<meta property=\"og:image:width\" content=\"1530\" \/>\n\t<meta property=\"og:image:height\" content=\"1530\" \/>\n\t<meta property=\"og:image:type\" content=\"image\/jpeg\" \/>\n<meta name=\"twitter:card\" content=\"summary_large_image\" \/>\n<script type=\"application\/ld+json\" class=\"yoast-schema-graph\">{\"@context\":\"https:\\\/\\\/schema.org\",\"@graph\":[{\"@type\":\"WebPage\",\"@id\":\"https:\\\/\\\/lalmachine.com\\\/shop\\\/decorer\\\/decoration\\\/elephant-en-porcelaine-krafty-kreetures\\\/\",\"url\":\"https:\\\/\\\/lalmachine.com\\\/shop\\\/decorer\\\/decoration\\\/elephant-en-porcelaine-krafty-kreetures\\\/\",\"name\":\"\u00c9l\u00e9phant en porcelaine Krafty Kreetures | lalmachine.com\",\"isPartOf\":{\"@id\":\"https:\\\/\\\/lalmachine.com\\\/#website\"},\"primaryImageOfPage\":{\"@id\":\"https:\\\/\\\/lalmachine.com\\\/shop\\\/decorer\\\/decoration\\\/elephant-en-porcelaine-krafty-kreetures\\\/#primaryimage\"},\"image\":{\"@id\":\"https:\\\/\\\/lalmachine.com\\\/shop\\\/decorer\\\/decoration\\\/elephant-en-porcelaine-krafty-kreetures\\\/#primaryimage\"},\"thumbnailUrl\":\"https:\\\/\\\/lalmachine.com\\\/wp-content\\\/uploads\\\/2023\\\/09\\\/574_clipped_rev_1.jpeg\",\"datePublished\":\"2023-09-08T06:13:38+00:00\",\"dateModified\":\"2025-02-17T10:16:57+00:00\",\"description\":\"Cette figurine en porcelaine coul\u00e9e repr\u00e9sente un magnifique \u00e9l\u00e9phant stylis\u00e9 \u00e9dit\u00e9 par l'atelier KK Krafty Kreetures dans les ann\u00e9es 60.\",\"breadcrumb\":{\"@id\":\"https:\\\/\\\/lalmachine.com\\\/shop\\\/decorer\\\/decoration\\\/elephant-en-porcelaine-krafty-kreetures\\\/#breadcrumb\"},\"inLanguage\":\"de\",\"potentialAction\":[{\"@type\":\"ReadAction\",\"target\":[\"https:\\\/\\\/lalmachine.com\\\/shop\\\/decorer\\\/decoration\\\/elephant-en-porcelaine-krafty-kreetures\\\/\"]}]},{\"@type\":\"ImageObject\",\"inLanguage\":\"de\",\"@id\":\"https:\\\/\\\/lalmachine.com\\\/shop\\\/decorer\\\/decoration\\\/elephant-en-porcelaine-krafty-kreetures\\\/#primaryimage\",\"url\":\"https:\\\/\\\/lalmachine.com\\\/wp-content\\\/uploads\\\/2023\\\/09\\\/574_clipped_rev_1.jpeg\",\"contentUrl\":\"https:\\\/\\\/lalmachine.com\\\/wp-content\\\/uploads\\\/2023\\\/09\\\/574_clipped_rev_1.jpeg\",\"width\":1530,\"height\":1530,\"caption\":\"\u00c9l\u00e9phant en porcelaine Krafty Kreetures\"},{\"@type\":\"BreadcrumbList\",\"@id\":\"https:\\\/\\\/lalmachine.com\\\/shop\\\/decorer\\\/decoration\\\/elephant-en-porcelaine-krafty-kreetures\\\/#breadcrumb\",\"itemListElement\":[{\"@type\":\"ListItem\",\"position\":1,\"name\":\"Accueil\",\"item\":\"https:\\\/\\\/lalmachine.com\\\/\"},{\"@type\":\"ListItem\",\"position\":2,\"name\":\"Shop\",\"item\":\"https:\\\/\\\/lalmachine.com\\\/shop\\\/\"},{\"@type\":\"ListItem\",\"position\":3,\"name\":\"\u00c9l\u00e9phant en porcelaine Krafty Kreetures\"}]},{\"@type\":\"WebSite\",\"@id\":\"https:\\\/\\\/lalmachine.com\\\/#website\",\"url\":\"https:\\\/\\\/lalmachine.com\\\/\",\"name\":\"lalmachine.com\",\"description\":\"Brocante en ligne Suisse | Mobilier et objets d\u00e9co vintage et design\",\"potentialAction\":[{\"@type\":\"SearchAction\",\"target\":{\"@type\":\"EntryPoint\",\"urlTemplate\":\"https:\\\/\\\/lalmachine.com\\\/?s={search_term_string}\"},\"query-input\":{\"@type\":\"PropertyValueSpecification\",\"valueRequired\":true,\"valueName\":\"search_term_string\"}}],\"inLanguage\":\"de\"}]}<\/script>\n<!-- \/ Yoast SEO plugin. -->","yoast_head_json":{"title":"\u00c9l\u00e9phant en porcelaine Krafty Kreetures | lalmachine.com","description":"Cette figurine en porcelaine coul\u00e9e repr\u00e9sente un magnifique \u00e9l\u00e9phant stylis\u00e9 \u00e9dit\u00e9 par l'atelier KK Krafty Kreetures dans les ann\u00e9es 60.","robots":{"index":"index","follow":"follow","max-snippet":"max-snippet:-1","max-image-preview":"max-image-preview:large","max-video-preview":"max-video-preview:-1"},"canonical":"https:\/\/lalmachine.com\/de\/shop\/decorer\/decoration\/elephant-en-porcelaine-krafty-kreetures\/","og_locale":"de_DE","og_type":"article","og_title":"\u00c9l\u00e9phant en porcelaine Krafty Kreetures | lalmachine.com","og_description":"Cette figurine en porcelaine coul\u00e9e repr\u00e9sente un magnifique \u00e9l\u00e9phant stylis\u00e9 \u00e9dit\u00e9 par l'atelier KK Krafty Kreetures dans les ann\u00e9es 60.","og_url":"https:\/\/lalmachine.com\/de\/shop\/decorer\/decoration\/elephant-en-porcelaine-krafty-kreetures\/","og_site_name":"lalmachine.com","article_publisher":"https:\/\/facebook.com\/lalmachine","article_modified_time":"2025-02-17T10:16:57+00:00","og_image":[{"width":1530,"height":1530,"url":"https:\/\/lalmachine.com\/wp-content\/uploads\/2023\/09\/574_clipped_rev_1.jpeg","type":"image\/jpeg"}],"twitter_card":"summary_large_image","schema":{"@context":"https:\/\/schema.org","@graph":[{"@type":"WebPage","@id":"https:\/\/lalmachine.com\/shop\/decorer\/decoration\/elephant-en-porcelaine-krafty-kreetures\/","url":"https:\/\/lalmachine.com\/shop\/decorer\/decoration\/elephant-en-porcelaine-krafty-kreetures\/","name":"\u00c9l\u00e9phant en porcelaine Krafty Kreetures | lalmachine.com","isPartOf":{"@id":"https:\/\/lalmachine.com\/#website"},"primaryImageOfPage":{"@id":"https:\/\/lalmachine.com\/shop\/decorer\/decoration\/elephant-en-porcelaine-krafty-kreetures\/#primaryimage"},"image":{"@id":"https:\/\/lalmachine.com\/shop\/decorer\/decoration\/elephant-en-porcelaine-krafty-kreetures\/#primaryimage"},"thumbnailUrl":"https:\/\/lalmachine.com\/wp-content\/uploads\/2023\/09\/574_clipped_rev_1.jpeg","datePublished":"2023-09-08T06:13:38+00:00","dateModified":"2025-02-17T10:16:57+00:00","description":"Cette figurine en porcelaine coul\u00e9e repr\u00e9sente un magnifique \u00e9l\u00e9phant stylis\u00e9 \u00e9dit\u00e9 par l'atelier KK Krafty Kreetures dans les ann\u00e9es 60.","breadcrumb":{"@id":"https:\/\/lalmachine.com\/shop\/decorer\/decoration\/elephant-en-porcelaine-krafty-kreetures\/#breadcrumb"},"inLanguage":"de","potentialAction":[{"@type":"ReadAction","target":["https:\/\/lalmachine.com\/shop\/decorer\/decoration\/elephant-en-porcelaine-krafty-kreetures\/"]}]},{"@type":"ImageObject","inLanguage":"de","@id":"https:\/\/lalmachine.com\/shop\/decorer\/decoration\/elephant-en-porcelaine-krafty-kreetures\/#primaryimage","url":"https:\/\/lalmachine.com\/wp-content\/uploads\/2023\/09\/574_clipped_rev_1.jpeg","contentUrl":"https:\/\/lalmachine.com\/wp-content\/uploads\/2023\/09\/574_clipped_rev_1.jpeg","width":1530,"height":1530,"caption":"\u00c9l\u00e9phant en porcelaine Krafty Kreetures"},{"@type":"BreadcrumbList","@id":"https:\/\/lalmachine.com\/shop\/decorer\/decoration\/elephant-en-porcelaine-krafty-kreetures\/#breadcrumb","itemListElement":[{"@type":"ListItem","position":1,"name":"Accueil","item":"https:\/\/lalmachine.com\/"},{"@type":"ListItem","position":2,"name":"Shop","item":"https:\/\/lalmachine.com\/shop\/"},{"@type":"ListItem","position":3,"name":"\u00c9l\u00e9phant en porcelaine Krafty Kreetures"}]},{"@type":"WebSite","@id":"https:\/\/lalmachine.com\/#website","url":"https:\/\/lalmachine.com\/","name":"lalmachine.com","description":"Brocante en ligne Suisse | Mobilier et objets d\u00e9co vintage et design","potentialAction":[{"@type":"SearchAction","target":{"@type":"EntryPoint","urlTemplate":"https:\/\/lalmachine.com\/?s={search_term_string}"},"query-input":{"@type":"PropertyValueSpecification","valueRequired":true,"valueName":"search_term_string"}}],"inLanguage":"de"}]}},"_links":{"self":[{"href":"https:\/\/lalmachine.com\/de\/wp-json\/wp\/v2\/product\/312196","targetHints":{"allow":["GET"]}}],"collection":[{"href":"https:\/\/lalmachine.com\/de\/wp-json\/wp\/v2\/product"}],"about":[{"href":"https:\/\/lalmachine.com\/de\/wp-json\/wp\/v2\/types\/product"}],"wp:featuredmedia":[{"embeddable":true,"href":"https:\/\/lalmachine.com\/de\/wp-json\/wp\/v2\/media\/312248"}],"wp:attachment":[{"href":"https:\/\/lalmachine.com\/de\/wp-json\/wp\/v2\/media?parent=312196"}],"wp:term":[{"taxonomy":"product_brand","embeddable":true,"href":"https:\/\/lalmachine.com\/de\/wp-json\/wp\/v2\/product_brand?post=312196"},{"taxonomy":"product_cat","embeddable":true,"href":"https:\/\/lalmachine.com\/de\/wp-json\/wp\/v2\/product_cat?post=312196"},{"taxonomy":"product_tag","embeddable":true,"href":"https:\/\/lalmachine.com\/de\/wp-json\/wp\/v2\/product_tag?post=312196"},{"taxonomy":"proximite","embeddable":true,"href":"https:\/\/lalmachine.com\/de\/wp-json\/wp\/v2\/proximite?post=312196"}],"curies":[{"name":"wp","href":"https:\/\/api.w.org\/{rel}","templated":true}]}}