{"id":313224,"date":"2023-09-18T17:58:33","date_gmt":"2023-09-18T15:58:33","guid":{"rendered":"https:\/\/lalmachine.com\/?post_type=product&#038;p=313224"},"modified":"2024-12-05T22:02:29","modified_gmt":"2024-12-05T21:02:29","slug":"secretaire-en-noyer-sproll-suisse-1980s","status":"publish","type":"product","link":"https:\/\/lalmachine.com\/de\/shop\/meubler\/bureau\/secretaire-en-noyer-sproll-suisse-1980s\/","title":{"rendered":"Secr\u00e9taire en noyer, Sproll, Suisse, 1980&#8217;s"},"content":{"rendered":"<ul class=\"wpuf_customs\"><li style=\"list-style-type:none;\"><label>Autres photos:<\/label> <a href=\"https:\/\/lalmachine.com\/wp-content\/uploads\/2023\/09\/59AAA4D3-E68E-4502-B0DC-FACA0780A7AC.png\"><img loading=\"lazy\" decoding=\"async\" width=\"96\" height=\"96\" src=\"https:\/\/lalmachine.com\/wp-content\/uploads\/2023\/09\/59AAA4D3-E68E-4502-B0DC-FACA0780A7AC.png\" class=\"attachment-thumbnail size-thumbnail\" alt=\"\" \/><\/a> <a href=\"https:\/\/lalmachine.com\/wp-content\/uploads\/2023\/09\/9D3F11A5-8ADA-4E43-97B1-FBEEA93265A2.png\"><img loading=\"lazy\" decoding=\"async\" width=\"96\" height=\"96\" src=\"https:\/\/lalmachine.com\/wp-content\/uploads\/2023\/09\/9D3F11A5-8ADA-4E43-97B1-FBEEA93265A2.png\" class=\"attachment-thumbnail size-thumbnail\" alt=\"\" \/><\/a> <a href=\"https:\/\/lalmachine.com\/wp-content\/uploads\/2023\/09\/C91FA917-C945-4F07-9094-67876B0E5766_1_201_a.jpeg\"><img loading=\"lazy\" decoding=\"async\" width=\"96\" height=\"96\" src=\"https:\/\/lalmachine.com\/wp-content\/uploads\/2023\/09\/C91FA917-C945-4F07-9094-67876B0E5766_1_201_a.jpeg\" class=\"attachment-thumbnail size-thumbnail\" alt=\"\" \/><\/a> <a href=\"https:\/\/lalmachine.com\/wp-content\/uploads\/2023\/09\/6E47ED8A-1E51-4418-AA9C-CB47B3F21604_1_201_a.jpeg\"><img loading=\"lazy\" decoding=\"async\" width=\"96\" height=\"96\" src=\"https:\/\/lalmachine.com\/wp-content\/uploads\/2023\/09\/6E47ED8A-1E51-4418-AA9C-CB47B3F21604_1_201_a.jpeg\" class=\"attachment-thumbnail size-thumbnail\" alt=\"\" \/><\/a> <a href=\"https:\/\/lalmachine.com\/wp-content\/uploads\/2023\/09\/6938E689-2DA7-44AF-9B79-3C28C4C5F1E4_1_201_a.jpeg\"><img loading=\"lazy\" decoding=\"async\" width=\"96\" height=\"96\" src=\"https:\/\/lalmachine.com\/wp-content\/uploads\/2023\/09\/6938E689-2DA7-44AF-9B79-3C28C4C5F1E4_1_201_a.jpeg\" class=\"attachment-thumbnail size-thumbnail\" alt=\"\" \/><\/a> <a href=\"https:\/\/lalmachine.com\/wp-content\/uploads\/2023\/09\/9BC0C3A6-16A5-4711-B54B-07279B95A78C_1_201_a.jpeg\"><img loading=\"lazy\" decoding=\"async\" width=\"96\" height=\"96\" src=\"https:\/\/lalmachine.com\/wp-content\/uploads\/2023\/09\/9BC0C3A6-16A5-4711-B54B-07279B95A78C_1_201_a.jpeg\" class=\"attachment-thumbnail size-thumbnail\" alt=\"\" \/><\/a> <a href=\"https:\/\/lalmachine.com\/wp-content\/uploads\/2023\/09\/9D3F11A5-8ADA-4E43-97B1-FBEEA93265A2.png\"><img loading=\"lazy\" decoding=\"async\" width=\"96\" height=\"96\" src=\"https:\/\/lalmachine.com\/wp-content\/uploads\/2023\/09\/9D3F11A5-8ADA-4E43-97B1-FBEEA93265A2.png\" class=\"attachment-thumbnail size-thumbnail\" alt=\"\" \/><\/a> <a href=\"https:\/\/lalmachine.com\/wp-content\/uploads\/2023\/09\/7A3E6230-B897-48A6-AC27-DC9441BF3CEB_1_201_a-scaled.jpeg\"><img loading=\"lazy\" decoding=\"async\" width=\"96\" height=\"96\" src=\"https:\/\/lalmachine.com\/wp-content\/uploads\/2023\/09\/7A3E6230-B897-48A6-AC27-DC9441BF3CEB_1_201_a-scaled.jpeg\" class=\"attachment-thumbnail size-thumbnail\" alt=\"\" \/><\/a> <a href=\"https:\/\/lalmachine.com\/wp-content\/uploads\/2023\/09\/D3F9651A-5E22-49C1-B9AC-9986C9CB471D_1_201_a-scaled.jpeg\"><img loading=\"lazy\" decoding=\"async\" width=\"96\" height=\"96\" src=\"https:\/\/lalmachine.com\/wp-content\/uploads\/2023\/09\/D3F9651A-5E22-49C1-B9AC-9986C9CB471D_1_201_a-scaled.jpeg\" class=\"attachment-thumbnail size-thumbnail\" alt=\"\" \/><\/a> <a href=\"https:\/\/lalmachine.com\/wp-content\/uploads\/2023\/09\/C05380D1-D339-4C8D-921D-4D5A86C1E2BD_1_201_a-scaled.jpeg\"><img loading=\"lazy\" decoding=\"async\" width=\"96\" height=\"96\" src=\"https:\/\/lalmachine.com\/wp-content\/uploads\/2023\/09\/C05380D1-D339-4C8D-921D-4D5A86C1E2BD_1_201_a-scaled.jpeg\" class=\"attachment-thumbnail size-thumbnail\" alt=\"\" \/><\/a> <a href=\"https:\/\/lalmachine.com\/wp-content\/uploads\/2023\/09\/E24B3C10-A71C-4351-8FBF-CB0BADA80027_1_201_a-scaled.jpeg\"><img loading=\"lazy\" decoding=\"async\" width=\"96\" height=\"96\" src=\"https:\/\/lalmachine.com\/wp-content\/uploads\/2023\/09\/E24B3C10-A71C-4351-8FBF-CB0BADA80027_1_201_a-scaled.jpeg\" class=\"attachment-thumbnail size-thumbnail\" alt=\"\" \/><\/a> <a href=\"https:\/\/lalmachine.com\/wp-content\/uploads\/2023\/09\/B4B7DB5E-8B42-42D1-9945-AD6F875B26B2_1_201_a-scaled.jpeg\"><img loading=\"lazy\" decoding=\"async\" width=\"96\" height=\"96\" src=\"https:\/\/lalmachine.com\/wp-content\/uploads\/2023\/09\/B4B7DB5E-8B42-42D1-9945-AD6F875B26B2_1_201_a-scaled.jpeg\" class=\"attachment-thumbnail size-thumbnail\" alt=\"\" \/><\/a> <a href=\"https:\/\/lalmachine.com\/wp-content\/uploads\/2023\/09\/AA8D1DC7-581B-4D7D-BDEE-750AA8C8D649.png\"><img loading=\"lazy\" decoding=\"async\" width=\"96\" height=\"96\" src=\"https:\/\/lalmachine.com\/wp-content\/uploads\/2023\/09\/AA8D1DC7-581B-4D7D-BDEE-750AA8C8D649.png\" class=\"attachment-thumbnail size-thumbnail\" alt=\"\" \/><\/a> <a href=\"https:\/\/lalmachine.com\/wp-content\/uploads\/2023\/09\/92AA7C4B-DEDB-487C-981B-10E5020AD51B_1_201_a-scaled.jpeg\"><img loading=\"lazy\" decoding=\"async\" width=\"96\" height=\"96\" src=\"https:\/\/lalmachine.com\/wp-content\/uploads\/2023\/09\/92AA7C4B-DEDB-487C-981B-10E5020AD51B_1_201_a-scaled.jpeg\" class=\"attachment-thumbnail size-thumbnail\" alt=\"\" \/><\/a> <\/li>        <li class=\"wpuf-field-data wpuf-field-data-numeric_text_field\">\n                            <label>Prix:<\/label>\n                        1800        <\/li>\n                <li class=\"wpuf-field-data wpuf-field-data-numeric_text_field\">\n                            <label>Hauteur (cm):<\/label>\n                        120        <\/li>\n                <li class=\"wpuf-field-data wpuf-field-data-numeric_text_field\">\n                            <label>Largeur (cm):<\/label>\n                        95        <\/li>\n                <li class=\"wpuf-field-data wpuf-field-data-numeric_text_field\">\n                            <label>Profondeur (cm):<\/label>\n                        45        <\/li>\n        <\/ul>","protected":false},"excerpt":{"rendered":"<p>Le dandy des salons !<\/p>\n<p>Son raffinement n&#8217;a d&#8217;\u00e9gal que sa qualit\u00e9 de fabrication. \u00c0 ce stade les photos parlent d&#8217;elles-m\u00eames, il serait superflu de le d\u00e9peindre, mais pour le sport, d\u00e9chiffrons-le quand m\u00eame !<\/p>\n<p>Globalement sobre avec presque aucune fioriture mais c&#8217;est lorsqu&#8217;on s&#8217;approche que l&#8217;on remarque l&#8217;ampleur du travail. Chanfreins, coupes d&#8217;onglets, joints n\u00e9gatifs, portes rideau coulissantes avec poign\u00e9es en laiton, int\u00e9rieur en \u00e9rable clair, intercalaires sp\u00e9cifiques en bois massif et la liste est encore longue&#8230;<\/p>\n<p>La marque Sproll r\u00e9sume ici le savoir-faire helv\u00e8te attach\u00e9 \u00e0 la pr\u00e9cision, la qualit\u00e9 et les beaux mat\u00e9riaux sans s&#8217;attarder sur d&#8217;extravagantes courbes pour privil\u00e9gier la simplicit\u00e9 de la bonne forme.<\/p>\n<p>En somme, un petit bijou d&#8217;\u00e9b\u00e9nisterie n&#8217;ayant nul besoin d&#8217;artifices pour justifier sa finesse !<\/p>\n<p>Zustand<br \/>\nTr\u00e8s bon<\/p>\n<p>Dimensions<br \/>\nHauteur 120cm \/ Largeur 95cm \/ Profondeur 45cm \/ Place de travail 78x46cm<\/p>","protected":false},"featured_media":313230,"template":"","meta":{"_et_pb_use_builder":"","_et_pb_old_content":"","_et_gb_content_width":""},"product_brand":[],"product_cat":[85,47],"product_tag":[],"proximite":[283,179],"class_list":{"0":"post-313224","1":"product","2":"type-product","3":"status-publish","4":"has-post-thumbnail","6":"product_cat-bureau","7":"product_cat-meubler","8":"pa_couleur-bois","9":"pa_designer-autres-designers","10":"pa_etat-tres-bon-etat","11":"pa_materiau-bois","12":"pa_style-vintage","13":"proximite-riviera-pays-denhaut","14":"proximite-vaud","16":"first","17":"outofstock","18":"sale","19":"shipping-taxable","20":"purchasable","21":"product-type-simple"},"yoast_head":"<!-- This site is optimized with the Yoast SEO plugin v27.4 - https:\/\/yoast.com\/product\/yoast-seo-wordpress\/ -->\n<title>Secr\u00e9taire en noyer, Sproll, Suisse, 1980&#039;s | lalmachine.com<\/title>\n<meta name=\"description\" content=\"Secr\u00e9taire en noyer, Sproll, Suisse, 1980&#039;s\" \/>\n<meta name=\"robots\" content=\"index, follow, max-snippet:-1, max-image-preview:large, max-video-preview:-1\" \/>\n<link rel=\"canonical\" href=\"https:\/\/lalmachine.com\/de\/shop\/meubler\/bureau\/secretaire-en-noyer-sproll-suisse-1980s\/\" \/>\n<meta property=\"og:locale\" content=\"de_DE\" \/>\n<meta property=\"og:type\" content=\"article\" \/>\n<meta property=\"og:title\" content=\"Secr\u00e9taire en noyer, Sproll, Suisse, 1980&#039;s | lalmachine.com\" \/>\n<meta property=\"og:description\" content=\"Secr\u00e9taire en noyer, Sproll, Suisse, 1980&#039;s\" \/>\n<meta property=\"og:url\" content=\"https:\/\/lalmachine.com\/de\/shop\/meubler\/bureau\/secretaire-en-noyer-sproll-suisse-1980s\/\" \/>\n<meta property=\"og:site_name\" content=\"lalmachine.com\" \/>\n<meta property=\"article:publisher\" content=\"https:\/\/facebook.com\/lalmachine\" \/>\n<meta property=\"article:modified_time\" content=\"2024-12-05T21:02:29+00:00\" \/>\n<meta property=\"og:image\" content=\"https:\/\/lalmachine.com\/wp-content\/uploads\/2023\/09\/B5B2CA48-C010-4F72-88AA-7A9F8207142B_clipped_rev_1-scaled.jpeg\" \/>\n\t<meta property=\"og:image:width\" content=\"2560\" \/>\n\t<meta property=\"og:image:height\" content=\"2560\" \/>\n\t<meta property=\"og:image:type\" content=\"image\/jpeg\" \/>\n<meta name=\"twitter:card\" content=\"summary_large_image\" \/>\n<script type=\"application\/ld+json\" class=\"yoast-schema-graph\">{\"@context\":\"https:\\\/\\\/schema.org\",\"@graph\":[{\"@type\":\"WebPage\",\"@id\":\"https:\\\/\\\/lalmachine.com\\\/shop\\\/meubler\\\/bureau\\\/secretaire-en-noyer-sproll-suisse-1980s\\\/\",\"url\":\"https:\\\/\\\/lalmachine.com\\\/shop\\\/meubler\\\/bureau\\\/secretaire-en-noyer-sproll-suisse-1980s\\\/\",\"name\":\"Secr\u00e9taire en noyer, Sproll, Suisse, 1980's | lalmachine.com\",\"isPartOf\":{\"@id\":\"https:\\\/\\\/lalmachine.com\\\/#website\"},\"primaryImageOfPage\":{\"@id\":\"https:\\\/\\\/lalmachine.com\\\/shop\\\/meubler\\\/bureau\\\/secretaire-en-noyer-sproll-suisse-1980s\\\/#primaryimage\"},\"image\":{\"@id\":\"https:\\\/\\\/lalmachine.com\\\/shop\\\/meubler\\\/bureau\\\/secretaire-en-noyer-sproll-suisse-1980s\\\/#primaryimage\"},\"thumbnailUrl\":\"https:\\\/\\\/lalmachine.com\\\/wp-content\\\/uploads\\\/2023\\\/09\\\/B5B2CA48-C010-4F72-88AA-7A9F8207142B_clipped_rev_1-scaled.jpeg\",\"datePublished\":\"2023-09-18T15:58:33+00:00\",\"dateModified\":\"2024-12-05T21:02:29+00:00\",\"description\":\"Secr\u00e9taire en noyer, Sproll, Suisse, 1980's\",\"breadcrumb\":{\"@id\":\"https:\\\/\\\/lalmachine.com\\\/shop\\\/meubler\\\/bureau\\\/secretaire-en-noyer-sproll-suisse-1980s\\\/#breadcrumb\"},\"inLanguage\":\"de\",\"potentialAction\":[{\"@type\":\"ReadAction\",\"target\":[\"https:\\\/\\\/lalmachine.com\\\/shop\\\/meubler\\\/bureau\\\/secretaire-en-noyer-sproll-suisse-1980s\\\/\"]}]},{\"@type\":\"ImageObject\",\"inLanguage\":\"de\",\"@id\":\"https:\\\/\\\/lalmachine.com\\\/shop\\\/meubler\\\/bureau\\\/secretaire-en-noyer-sproll-suisse-1980s\\\/#primaryimage\",\"url\":\"https:\\\/\\\/lalmachine.com\\\/wp-content\\\/uploads\\\/2023\\\/09\\\/B5B2CA48-C010-4F72-88AA-7A9F8207142B_clipped_rev_1-scaled.jpeg\",\"contentUrl\":\"https:\\\/\\\/lalmachine.com\\\/wp-content\\\/uploads\\\/2023\\\/09\\\/B5B2CA48-C010-4F72-88AA-7A9F8207142B_clipped_rev_1-scaled.jpeg\",\"width\":2560,\"height\":2560,\"caption\":\"Secr\u00e9taire Sproll\"},{\"@type\":\"BreadcrumbList\",\"@id\":\"https:\\\/\\\/lalmachine.com\\\/shop\\\/meubler\\\/bureau\\\/secretaire-en-noyer-sproll-suisse-1980s\\\/#breadcrumb\",\"itemListElement\":[{\"@type\":\"ListItem\",\"position\":1,\"name\":\"Accueil\",\"item\":\"https:\\\/\\\/lalmachine.com\\\/\"},{\"@type\":\"ListItem\",\"position\":2,\"name\":\"Shop\",\"item\":\"https:\\\/\\\/lalmachine.com\\\/shop\\\/\"},{\"@type\":\"ListItem\",\"position\":3,\"name\":\"Secr\u00e9taire en noyer, Sproll, Suisse, 1980&#8217;s\"}]},{\"@type\":\"WebSite\",\"@id\":\"https:\\\/\\\/lalmachine.com\\\/#website\",\"url\":\"https:\\\/\\\/lalmachine.com\\\/\",\"name\":\"lalmachine.com\",\"description\":\"Brocante en ligne Suisse | Mobilier et objets d\u00e9co vintage et design\",\"potentialAction\":[{\"@type\":\"SearchAction\",\"target\":{\"@type\":\"EntryPoint\",\"urlTemplate\":\"https:\\\/\\\/lalmachine.com\\\/?s={search_term_string}\"},\"query-input\":{\"@type\":\"PropertyValueSpecification\",\"valueRequired\":true,\"valueName\":\"search_term_string\"}}],\"inLanguage\":\"de\"}]}<\/script>\n<!-- \/ Yoast SEO plugin. -->","yoast_head_json":{"title":"Secr\u00e9taire en noyer, Sproll, Suisse, 1980's | lalmachine.com","description":"Secr\u00e9taire en noyer, Sproll, Suisse, 1980's","robots":{"index":"index","follow":"follow","max-snippet":"max-snippet:-1","max-image-preview":"max-image-preview:large","max-video-preview":"max-video-preview:-1"},"canonical":"https:\/\/lalmachine.com\/de\/shop\/meubler\/bureau\/secretaire-en-noyer-sproll-suisse-1980s\/","og_locale":"de_DE","og_type":"article","og_title":"Secr\u00e9taire en noyer, Sproll, Suisse, 1980's | lalmachine.com","og_description":"Secr\u00e9taire en noyer, Sproll, Suisse, 1980's","og_url":"https:\/\/lalmachine.com\/de\/shop\/meubler\/bureau\/secretaire-en-noyer-sproll-suisse-1980s\/","og_site_name":"lalmachine.com","article_publisher":"https:\/\/facebook.com\/lalmachine","article_modified_time":"2024-12-05T21:02:29+00:00","og_image":[{"width":2560,"height":2560,"url":"https:\/\/lalmachine.com\/wp-content\/uploads\/2023\/09\/B5B2CA48-C010-4F72-88AA-7A9F8207142B_clipped_rev_1-scaled.jpeg","type":"image\/jpeg"}],"twitter_card":"summary_large_image","schema":{"@context":"https:\/\/schema.org","@graph":[{"@type":"WebPage","@id":"https:\/\/lalmachine.com\/shop\/meubler\/bureau\/secretaire-en-noyer-sproll-suisse-1980s\/","url":"https:\/\/lalmachine.com\/shop\/meubler\/bureau\/secretaire-en-noyer-sproll-suisse-1980s\/","name":"Secr\u00e9taire en noyer, Sproll, Suisse, 1980's | lalmachine.com","isPartOf":{"@id":"https:\/\/lalmachine.com\/#website"},"primaryImageOfPage":{"@id":"https:\/\/lalmachine.com\/shop\/meubler\/bureau\/secretaire-en-noyer-sproll-suisse-1980s\/#primaryimage"},"image":{"@id":"https:\/\/lalmachine.com\/shop\/meubler\/bureau\/secretaire-en-noyer-sproll-suisse-1980s\/#primaryimage"},"thumbnailUrl":"https:\/\/lalmachine.com\/wp-content\/uploads\/2023\/09\/B5B2CA48-C010-4F72-88AA-7A9F8207142B_clipped_rev_1-scaled.jpeg","datePublished":"2023-09-18T15:58:33+00:00","dateModified":"2024-12-05T21:02:29+00:00","description":"Secr\u00e9taire en noyer, Sproll, Suisse, 1980's","breadcrumb":{"@id":"https:\/\/lalmachine.com\/shop\/meubler\/bureau\/secretaire-en-noyer-sproll-suisse-1980s\/#breadcrumb"},"inLanguage":"de","potentialAction":[{"@type":"ReadAction","target":["https:\/\/lalmachine.com\/shop\/meubler\/bureau\/secretaire-en-noyer-sproll-suisse-1980s\/"]}]},{"@type":"ImageObject","inLanguage":"de","@id":"https:\/\/lalmachine.com\/shop\/meubler\/bureau\/secretaire-en-noyer-sproll-suisse-1980s\/#primaryimage","url":"https:\/\/lalmachine.com\/wp-content\/uploads\/2023\/09\/B5B2CA48-C010-4F72-88AA-7A9F8207142B_clipped_rev_1-scaled.jpeg","contentUrl":"https:\/\/lalmachine.com\/wp-content\/uploads\/2023\/09\/B5B2CA48-C010-4F72-88AA-7A9F8207142B_clipped_rev_1-scaled.jpeg","width":2560,"height":2560,"caption":"Secr\u00e9taire Sproll"},{"@type":"BreadcrumbList","@id":"https:\/\/lalmachine.com\/shop\/meubler\/bureau\/secretaire-en-noyer-sproll-suisse-1980s\/#breadcrumb","itemListElement":[{"@type":"ListItem","position":1,"name":"Accueil","item":"https:\/\/lalmachine.com\/"},{"@type":"ListItem","position":2,"name":"Shop","item":"https:\/\/lalmachine.com\/shop\/"},{"@type":"ListItem","position":3,"name":"Secr\u00e9taire en noyer, Sproll, Suisse, 1980&#8217;s"}]},{"@type":"WebSite","@id":"https:\/\/lalmachine.com\/#website","url":"https:\/\/lalmachine.com\/","name":"lalmachine.com","description":"Brocante en ligne Suisse | Mobilier et objets d\u00e9co vintage et design","potentialAction":[{"@type":"SearchAction","target":{"@type":"EntryPoint","urlTemplate":"https:\/\/lalmachine.com\/?s={search_term_string}"},"query-input":{"@type":"PropertyValueSpecification","valueRequired":true,"valueName":"search_term_string"}}],"inLanguage":"de"}]}},"_links":{"self":[{"href":"https:\/\/lalmachine.com\/de\/wp-json\/wp\/v2\/product\/313224","targetHints":{"allow":["GET"]}}],"collection":[{"href":"https:\/\/lalmachine.com\/de\/wp-json\/wp\/v2\/product"}],"about":[{"href":"https:\/\/lalmachine.com\/de\/wp-json\/wp\/v2\/types\/product"}],"wp:featuredmedia":[{"embeddable":true,"href":"https:\/\/lalmachine.com\/de\/wp-json\/wp\/v2\/media\/313230"}],"wp:attachment":[{"href":"https:\/\/lalmachine.com\/de\/wp-json\/wp\/v2\/media?parent=313224"}],"wp:term":[{"taxonomy":"product_brand","embeddable":true,"href":"https:\/\/lalmachine.com\/de\/wp-json\/wp\/v2\/product_brand?post=313224"},{"taxonomy":"product_cat","embeddable":true,"href":"https:\/\/lalmachine.com\/de\/wp-json\/wp\/v2\/product_cat?post=313224"},{"taxonomy":"product_tag","embeddable":true,"href":"https:\/\/lalmachine.com\/de\/wp-json\/wp\/v2\/product_tag?post=313224"},{"taxonomy":"proximite","embeddable":true,"href":"https:\/\/lalmachine.com\/de\/wp-json\/wp\/v2\/proximite?post=313224"}],"curies":[{"name":"wp","href":"https:\/\/api.w.org\/{rel}","templated":true}]}}