{"id":313876,"date":"2023-09-29T07:59:29","date_gmt":"2023-09-29T05:59:29","guid":{"rendered":"https:\/\/lalmachine.com\/?post_type=product&#038;p=313876"},"modified":"2025-12-15T17:08:02","modified_gmt":"2025-12-15T16:08:02","slug":"vase-bombe-brun","status":"publish","type":"product","link":"https:\/\/lalmachine.com\/de\/shop\/non-classe\/vase-bombe-brun\/","title":{"rendered":"Vase, Bomb\u00e9 | brun"},"content":{"rendered":"<ul class=\"wpuf_customs\"><li style=\"list-style-type:none;\"><label>Autres photos:<\/label> <a href=\"https:\/\/lalmachine.com\/wp-content\/uploads\/2023\/09\/vase_bombe_brown_1.jpg\"><img loading=\"lazy\" decoding=\"async\" width=\"72\" height=\"96\" src=\"https:\/\/lalmachine.com\/wp-content\/uploads\/2023\/09\/vase_bombe_brown_1.jpg\" class=\"attachment-thumbnail size-thumbnail\" alt=\"\" \/><\/a> <a href=\"https:\/\/lalmachine.com\/wp-content\/uploads\/2023\/09\/packaging_bombe.jpg\"><img loading=\"lazy\" decoding=\"async\" width=\"72\" height=\"96\" src=\"https:\/\/lalmachine.com\/wp-content\/uploads\/2023\/09\/packaging_bombe.jpg\" class=\"attachment-thumbnail size-thumbnail\" alt=\"\" \/><\/a> <\/li>        <li class=\"wpuf-field-data wpuf-field-data-numeric_text_field\">\n                            <label>Prix:<\/label>\n                        30        <\/li>\n                <li class=\"wpuf-field-data wpuf-field-data-numeric_text_field\">\n                            <label>Hauteur (cm):<\/label>\n                        21        <\/li>\n                <li class=\"wpuf-field-data wpuf-field-data-numeric_text_field\">\n                            <label>Largeur (cm):<\/label>\n                        7        <\/li>\n                <li class=\"wpuf-field-data wpuf-field-data-numeric_text_field\">\n                            <label>Profondeur (cm):<\/label>\n                        7        <\/li>\n        <\/ul>","protected":false},"excerpt":{"rendered":"<p>Petit vase upcycl\u00e9 r\u00e9alis\u00e9 \u00e0 partir d\u2019une bouteille de vin de type bordelaise. Sobre, minimaliste et \u00e9l\u00e9gant, ce vase se pr\u00eate \u00e0 tous les espaces. Il ne reste plus qu\u2019\u00e0 le sublimer avec 2-3 fleurs pas plus ou un arrangement de fleurs s\u00e9ch\u00e9s.<\/p>\n<p>Ce produit est travaill\u00e9 \u00e0 la main dans notre atelier \u00e0 Fribourg. Chaque pi\u00e8ce est unique, arborant des teintes, formes ou hauteurs l\u00e9g\u00e8rement variables par rapport aux photos pr\u00e9sent\u00e9es.<\/p>","protected":false},"featured_media":313927,"template":"","meta":{"_et_pb_use_builder":"","_et_pb_old_content":"","_et_gb_content_width":""},"product_brand":[],"product_cat":[45],"product_tag":[],"proximite":[177,235],"class_list":{"0":"post-313876","1":"product","2":"type-product","3":"status-publish","4":"has-post-thumbnail","6":"product_cat-non-classe","7":"product_shipping_class-2-10-kg","8":"pa_couleur-marron","9":"pa_etat-tres-bon-etat","10":"pa_materiau-verre","11":"pa_style-design","12":"proximite-fribourg","13":"proximite-sarine","15":"first","16":"outofstock","17":"sold-individually","18":"shipping-taxable","19":"purchasable","20":"product-type-simple"},"yoast_head":"<!-- This site is optimized with the Yoast SEO plugin v27.3 - https:\/\/yoast.com\/product\/yoast-seo-wordpress\/ -->\n<title>Vase, Bomb\u00e9 | brun | lalmachine.com<\/title>\n<meta name=\"description\" content=\"Petit vase upcycl\u00e9 r\u00e9alis\u00e9 \u00e0 partir d\u2019une bouteille de vin de type bordelaise. Sobre, minimaliste et \u00e9l\u00e9gant. R\u00e9alisation Kul\u00f4\" \/>\n<meta name=\"robots\" content=\"index, follow, max-snippet:-1, max-image-preview:large, max-video-preview:-1\" \/>\n<link rel=\"canonical\" href=\"https:\/\/lalmachine.com\/de\/shop\/les-copines\/kulo\/vase-bombe-brun\/\" \/>\n<meta property=\"og:locale\" content=\"de_DE\" \/>\n<meta property=\"og:type\" content=\"article\" \/>\n<meta property=\"og:title\" content=\"Vase, Bomb\u00e9 | brun | lalmachine.com\" \/>\n<meta property=\"og:description\" content=\"Petit vase upcycl\u00e9 r\u00e9alis\u00e9 \u00e0 partir d\u2019une bouteille de vin de type bordelaise. Sobre, minimaliste et \u00e9l\u00e9gant. R\u00e9alisation Kul\u00f4\" \/>\n<meta property=\"og:url\" content=\"https:\/\/lalmachine.com\/de\/shop\/les-copines\/kulo\/vase-bombe-brun\/\" \/>\n<meta property=\"og:site_name\" content=\"lalmachine.com\" \/>\n<meta property=\"article:publisher\" content=\"https:\/\/facebook.com\/lalmachine\" \/>\n<meta property=\"article:modified_time\" content=\"2025-12-15T16:08:02+00:00\" \/>\n<meta property=\"og:image\" content=\"https:\/\/lalmachine.com\/wp-content\/uploads\/2023\/09\/vase_bombe_brown_2_clipped_rev_1.jpeg\" \/>\n\t<meta property=\"og:image:width\" content=\"922\" \/>\n\t<meta property=\"og:image:height\" content=\"921\" \/>\n\t<meta property=\"og:image:type\" content=\"image\/jpeg\" \/>\n<meta name=\"twitter:card\" content=\"summary_large_image\" \/>\n<script type=\"application\/ld+json\" class=\"yoast-schema-graph\">{\"@context\":\"https:\\\/\\\/schema.org\",\"@graph\":[{\"@type\":\"WebPage\",\"@id\":\"https:\\\/\\\/lalmachine.com\\\/shop\\\/les-copines\\\/kulo\\\/vase-bombe-brun\\\/\",\"url\":\"https:\\\/\\\/lalmachine.com\\\/shop\\\/les-copines\\\/kulo\\\/vase-bombe-brun\\\/\",\"name\":\"Vase, Bomb\u00e9 | brun | lalmachine.com\",\"isPartOf\":{\"@id\":\"https:\\\/\\\/lalmachine.com\\\/#website\"},\"primaryImageOfPage\":{\"@id\":\"https:\\\/\\\/lalmachine.com\\\/shop\\\/les-copines\\\/kulo\\\/vase-bombe-brun\\\/#primaryimage\"},\"image\":{\"@id\":\"https:\\\/\\\/lalmachine.com\\\/shop\\\/les-copines\\\/kulo\\\/vase-bombe-brun\\\/#primaryimage\"},\"thumbnailUrl\":\"https:\\\/\\\/lalmachine.com\\\/wp-content\\\/uploads\\\/2023\\\/09\\\/vase_bombe_brown_2_clipped_rev_1.jpeg\",\"datePublished\":\"2023-09-29T05:59:29+00:00\",\"dateModified\":\"2025-12-15T16:08:02+00:00\",\"description\":\"Petit vase upcycl\u00e9 r\u00e9alis\u00e9 \u00e0 partir d\u2019une bouteille de vin de type bordelaise. Sobre, minimaliste et \u00e9l\u00e9gant. R\u00e9alisation Kul\u00f4\",\"breadcrumb\":{\"@id\":\"https:\\\/\\\/lalmachine.com\\\/shop\\\/les-copines\\\/kulo\\\/vase-bombe-brun\\\/#breadcrumb\"},\"inLanguage\":\"de\",\"potentialAction\":[{\"@type\":\"ReadAction\",\"target\":[\"https:\\\/\\\/lalmachine.com\\\/shop\\\/les-copines\\\/kulo\\\/vase-bombe-brun\\\/\"]}]},{\"@type\":\"ImageObject\",\"inLanguage\":\"de\",\"@id\":\"https:\\\/\\\/lalmachine.com\\\/shop\\\/les-copines\\\/kulo\\\/vase-bombe-brun\\\/#primaryimage\",\"url\":\"https:\\\/\\\/lalmachine.com\\\/wp-content\\\/uploads\\\/2023\\\/09\\\/vase_bombe_brown_2_clipped_rev_1.jpeg\",\"contentUrl\":\"https:\\\/\\\/lalmachine.com\\\/wp-content\\\/uploads\\\/2023\\\/09\\\/vase_bombe_brown_2_clipped_rev_1.jpeg\",\"width\":922,\"height\":921,\"caption\":\"Vase Bomb\u00e9 brun\"},{\"@type\":\"BreadcrumbList\",\"@id\":\"https:\\\/\\\/lalmachine.com\\\/shop\\\/les-copines\\\/kulo\\\/vase-bombe-brun\\\/#breadcrumb\",\"itemListElement\":[{\"@type\":\"ListItem\",\"position\":1,\"name\":\"Accueil\",\"item\":\"https:\\\/\\\/lalmachine.com\\\/\"},{\"@type\":\"ListItem\",\"position\":2,\"name\":\"Shop\",\"item\":\"https:\\\/\\\/lalmachine.com\\\/shop\\\/\"},{\"@type\":\"ListItem\",\"position\":3,\"name\":\"Vase, Bomb\u00e9 | brun\"}]},{\"@type\":\"WebSite\",\"@id\":\"https:\\\/\\\/lalmachine.com\\\/#website\",\"url\":\"https:\\\/\\\/lalmachine.com\\\/\",\"name\":\"lalmachine.com\",\"description\":\"Brocante en ligne Suisse | Mobilier et objets d\u00e9co vintage et design\",\"potentialAction\":[{\"@type\":\"SearchAction\",\"target\":{\"@type\":\"EntryPoint\",\"urlTemplate\":\"https:\\\/\\\/lalmachine.com\\\/?s={search_term_string}\"},\"query-input\":{\"@type\":\"PropertyValueSpecification\",\"valueRequired\":true,\"valueName\":\"search_term_string\"}}],\"inLanguage\":\"de\"}]}<\/script>\n<!-- \/ Yoast SEO plugin. -->","yoast_head_json":{"title":"Vase, Bomb\u00e9 | brun | lalmachine.com","description":"Petit vase upcycl\u00e9 r\u00e9alis\u00e9 \u00e0 partir d\u2019une bouteille de vin de type bordelaise. Sobre, minimaliste et \u00e9l\u00e9gant. R\u00e9alisation Kul\u00f4","robots":{"index":"index","follow":"follow","max-snippet":"max-snippet:-1","max-image-preview":"max-image-preview:large","max-video-preview":"max-video-preview:-1"},"canonical":"https:\/\/lalmachine.com\/de\/shop\/les-copines\/kulo\/vase-bombe-brun\/","og_locale":"de_DE","og_type":"article","og_title":"Vase, Bomb\u00e9 | brun | lalmachine.com","og_description":"Petit vase upcycl\u00e9 r\u00e9alis\u00e9 \u00e0 partir d\u2019une bouteille de vin de type bordelaise. Sobre, minimaliste et \u00e9l\u00e9gant. R\u00e9alisation Kul\u00f4","og_url":"https:\/\/lalmachine.com\/de\/shop\/les-copines\/kulo\/vase-bombe-brun\/","og_site_name":"lalmachine.com","article_publisher":"https:\/\/facebook.com\/lalmachine","article_modified_time":"2025-12-15T16:08:02+00:00","og_image":[{"width":922,"height":921,"url":"https:\/\/lalmachine.com\/wp-content\/uploads\/2023\/09\/vase_bombe_brown_2_clipped_rev_1.jpeg","type":"image\/jpeg"}],"twitter_card":"summary_large_image","schema":{"@context":"https:\/\/schema.org","@graph":[{"@type":"WebPage","@id":"https:\/\/lalmachine.com\/shop\/les-copines\/kulo\/vase-bombe-brun\/","url":"https:\/\/lalmachine.com\/shop\/les-copines\/kulo\/vase-bombe-brun\/","name":"Vase, Bomb\u00e9 | brun | lalmachine.com","isPartOf":{"@id":"https:\/\/lalmachine.com\/#website"},"primaryImageOfPage":{"@id":"https:\/\/lalmachine.com\/shop\/les-copines\/kulo\/vase-bombe-brun\/#primaryimage"},"image":{"@id":"https:\/\/lalmachine.com\/shop\/les-copines\/kulo\/vase-bombe-brun\/#primaryimage"},"thumbnailUrl":"https:\/\/lalmachine.com\/wp-content\/uploads\/2023\/09\/vase_bombe_brown_2_clipped_rev_1.jpeg","datePublished":"2023-09-29T05:59:29+00:00","dateModified":"2025-12-15T16:08:02+00:00","description":"Petit vase upcycl\u00e9 r\u00e9alis\u00e9 \u00e0 partir d\u2019une bouteille de vin de type bordelaise. Sobre, minimaliste et \u00e9l\u00e9gant. R\u00e9alisation Kul\u00f4","breadcrumb":{"@id":"https:\/\/lalmachine.com\/shop\/les-copines\/kulo\/vase-bombe-brun\/#breadcrumb"},"inLanguage":"de","potentialAction":[{"@type":"ReadAction","target":["https:\/\/lalmachine.com\/shop\/les-copines\/kulo\/vase-bombe-brun\/"]}]},{"@type":"ImageObject","inLanguage":"de","@id":"https:\/\/lalmachine.com\/shop\/les-copines\/kulo\/vase-bombe-brun\/#primaryimage","url":"https:\/\/lalmachine.com\/wp-content\/uploads\/2023\/09\/vase_bombe_brown_2_clipped_rev_1.jpeg","contentUrl":"https:\/\/lalmachine.com\/wp-content\/uploads\/2023\/09\/vase_bombe_brown_2_clipped_rev_1.jpeg","width":922,"height":921,"caption":"Vase Bomb\u00e9 brun"},{"@type":"BreadcrumbList","@id":"https:\/\/lalmachine.com\/shop\/les-copines\/kulo\/vase-bombe-brun\/#breadcrumb","itemListElement":[{"@type":"ListItem","position":1,"name":"Accueil","item":"https:\/\/lalmachine.com\/"},{"@type":"ListItem","position":2,"name":"Shop","item":"https:\/\/lalmachine.com\/shop\/"},{"@type":"ListItem","position":3,"name":"Vase, Bomb\u00e9 | brun"}]},{"@type":"WebSite","@id":"https:\/\/lalmachine.com\/#website","url":"https:\/\/lalmachine.com\/","name":"lalmachine.com","description":"Brocante en ligne Suisse | Mobilier et objets d\u00e9co vintage et design","potentialAction":[{"@type":"SearchAction","target":{"@type":"EntryPoint","urlTemplate":"https:\/\/lalmachine.com\/?s={search_term_string}"},"query-input":{"@type":"PropertyValueSpecification","valueRequired":true,"valueName":"search_term_string"}}],"inLanguage":"de"}]}},"_links":{"self":[{"href":"https:\/\/lalmachine.com\/de\/wp-json\/wp\/v2\/product\/313876","targetHints":{"allow":["GET"]}}],"collection":[{"href":"https:\/\/lalmachine.com\/de\/wp-json\/wp\/v2\/product"}],"about":[{"href":"https:\/\/lalmachine.com\/de\/wp-json\/wp\/v2\/types\/product"}],"wp:featuredmedia":[{"embeddable":true,"href":"https:\/\/lalmachine.com\/de\/wp-json\/wp\/v2\/media\/313927"}],"wp:attachment":[{"href":"https:\/\/lalmachine.com\/de\/wp-json\/wp\/v2\/media?parent=313876"}],"wp:term":[{"taxonomy":"product_brand","embeddable":true,"href":"https:\/\/lalmachine.com\/de\/wp-json\/wp\/v2\/product_brand?post=313876"},{"taxonomy":"product_cat","embeddable":true,"href":"https:\/\/lalmachine.com\/de\/wp-json\/wp\/v2\/product_cat?post=313876"},{"taxonomy":"product_tag","embeddable":true,"href":"https:\/\/lalmachine.com\/de\/wp-json\/wp\/v2\/product_tag?post=313876"},{"taxonomy":"proximite","embeddable":true,"href":"https:\/\/lalmachine.com\/de\/wp-json\/wp\/v2\/proximite?post=313876"}],"curies":[{"name":"wp","href":"https:\/\/api.w.org\/{rel}","templated":true}]}}