{"id":313902,"date":"2023-09-29T08:35:00","date_gmt":"2023-09-29T06:35:00","guid":{"rendered":"https:\/\/lalmachine.com\/?post_type=product&#038;p=313902"},"modified":"2025-12-15T17:08:49","modified_gmt":"2025-12-15T16:08:49","slug":"bougie-jasmin","status":"publish","type":"product","link":"https:\/\/lalmachine.com\/de\/shop\/non-classe\/bougie-jasmin\/","title":{"rendered":"Bougie, fleurs de jasmin | 200gr"},"content":{"rendered":"<ul class=\"wpuf_customs\"><li style=\"list-style-type:none;\"><label>Autres photos:<\/label> <a href=\"https:\/\/lalmachine.com\/wp-content\/uploads\/2023\/09\/candle_scented.jpg\"><img loading=\"lazy\" decoding=\"async\" width=\"72\" height=\"96\" src=\"https:\/\/lalmachine.com\/wp-content\/uploads\/2023\/09\/candle_scented.jpg\" class=\"attachment-thumbnail size-thumbnail\" alt=\"\" \/><\/a> <a href=\"https:\/\/lalmachine.com\/wp-content\/uploads\/2023\/09\/packaging_candle_jasmine-blossom.jpg\"><img loading=\"lazy\" decoding=\"async\" width=\"72\" height=\"96\" src=\"https:\/\/lalmachine.com\/wp-content\/uploads\/2023\/09\/packaging_candle_jasmine-blossom.jpg\" class=\"attachment-thumbnail size-thumbnail\" alt=\"\" \/><\/a> <\/li>        <li class=\"wpuf-field-data wpuf-field-data-numeric_text_field\">\n                            <label>Prix:<\/label>\n                        39        <\/li>\n                <li class=\"wpuf-field-data wpuf-field-data-numeric_text_field\">\n                            <label>Hauteur (cm):<\/label>\n                        10        <\/li>\n                <li class=\"wpuf-field-data wpuf-field-data-numeric_text_field\">\n                            <label>Largeur (cm):<\/label>\n                        8        <\/li>\n                <li class=\"wpuf-field-data wpuf-field-data-numeric_text_field\">\n                            <label>Profondeur (cm):<\/label>\n                        8        <\/li>\n        <\/ul>","protected":false},"excerpt":{"rendered":"<p>Bougie au parfum de jasmin, sans phtalate et sans CMR, coul\u00e9e \u00e0 la main, dans un verre upcycl\u00e9 r\u00e9alis\u00e9 \u00e0 partir d\u2019une bouteille de vin. Produite \u00e0 partir de cire de colza naturelle europ\u00e9enne et sans OGM, elle apporte une lueur douce et apaisante, parfaite pour vos moments de d\u00e9tente en solo ou entre amis. Une fois la bougie enti\u00e8rement consum\u00e9e, elle se transforme en un verre pratique de 2.5 dl, offrant une utilisation durable et \u00e9co-responsable.<\/p>\n<p>Ce produit est travaill\u00e9 \u00e0 la main dans notre atelier \u00e0 Fribourg. Chaque pi\u00e8ce est unique, arborant des teintes, formes ou hauteurs l\u00e9g\u00e8rement variables par rapport aux photos pr\u00e9sent\u00e9es.<\/p>\n<p>Conseils d\u2019utilisation :<\/p>\n<p>Faire br\u00fbler la bougie par p\u00e9riode de 2 \u00e0 3 heures (minimum 1 heure pour faire fondre le bord) mais pas plus de 4 heures.<br \/>\nRallumer la bougie une fois que la cire est froide, couper la m\u00e8che \u00e0 5 mm<br \/>\nNe jamais laisser br\u00fbler une bougie sans surveillance ni proche ou sur un objet susceptible de prendre feu<\/p>","protected":false},"featured_media":313939,"template":"","meta":{"_et_pb_use_builder":"","_et_pb_old_content":"","_et_gb_content_width":""},"product_brand":[],"product_cat":[45],"product_tag":[],"proximite":[177,235],"class_list":{"0":"post-313902","1":"product","2":"type-product","3":"status-publish","4":"has-post-thumbnail","6":"product_cat-non-classe","7":"product_shipping_class-2-10-kg","8":"pa_couleur-marron","9":"pa_etat-tres-bon-etat","10":"pa_materiau-verre","11":"pa_style-design","12":"proximite-fribourg","13":"proximite-sarine","15":"first","16":"outofstock","17":"sold-individually","18":"shipping-taxable","19":"purchasable","20":"product-type-simple"},"yoast_head":"<!-- This site is optimized with the Yoast SEO plugin v27.4 - https:\/\/yoast.com\/product\/yoast-seo-wordpress\/ -->\n<title>Bougie, fleurs de jasmin | 200gr | lalmachine.com<\/title>\n<meta name=\"description\" content=\"Bougie au parfum de jasmin, sans phtalate et sans CMR, coul\u00e9e \u00e0 la main, dans un verre upcycl\u00e9 r\u00e9alis\u00e9 \u00e0 partir d\u2019une bouteille de vin.\" \/>\n<meta name=\"robots\" content=\"index, follow, max-snippet:-1, max-image-preview:large, max-video-preview:-1\" \/>\n<link rel=\"canonical\" href=\"https:\/\/lalmachine.com\/de\/shop\/les-copines\/kulo\/bougie-jasmin\/\" \/>\n<meta property=\"og:locale\" content=\"de_DE\" \/>\n<meta property=\"og:type\" content=\"article\" \/>\n<meta property=\"og:title\" content=\"Bougie, fleurs de jasmin | 200gr | lalmachine.com\" \/>\n<meta property=\"og:description\" content=\"Bougie au parfum de jasmin, sans phtalate et sans CMR, coul\u00e9e \u00e0 la main, dans un verre upcycl\u00e9 r\u00e9alis\u00e9 \u00e0 partir d\u2019une bouteille de vin.\" \/>\n<meta property=\"og:url\" content=\"https:\/\/lalmachine.com\/de\/shop\/les-copines\/kulo\/bougie-jasmin\/\" \/>\n<meta property=\"og:site_name\" content=\"lalmachine.com\" \/>\n<meta property=\"article:publisher\" content=\"https:\/\/facebook.com\/lalmachine\" \/>\n<meta property=\"article:modified_time\" content=\"2025-12-15T16:08:49+00:00\" \/>\n<meta property=\"og:image\" content=\"https:\/\/lalmachine.com\/wp-content\/uploads\/2023\/09\/candle_jasmine-blossom_clipped_rev_1.jpeg\" \/>\n\t<meta property=\"og:image:width\" content=\"820\" \/>\n\t<meta property=\"og:image:height\" content=\"820\" \/>\n\t<meta property=\"og:image:type\" content=\"image\/jpeg\" \/>\n<meta name=\"twitter:card\" content=\"summary_large_image\" \/>\n<script type=\"application\/ld+json\" class=\"yoast-schema-graph\">{\"@context\":\"https:\\\/\\\/schema.org\",\"@graph\":[{\"@type\":\"WebPage\",\"@id\":\"https:\\\/\\\/lalmachine.com\\\/de\\\/shop\\\/les-copines\\\/kulo\\\/bougie-jasmin\\\/\",\"url\":\"https:\\\/\\\/lalmachine.com\\\/de\\\/shop\\\/les-copines\\\/kulo\\\/bougie-jasmin\\\/\",\"name\":\"Bougie, fleurs de jasmin | 200gr | lalmachine.com\",\"isPartOf\":{\"@id\":\"https:\\\/\\\/lalmachine.com\\\/#website\"},\"primaryImageOfPage\":{\"@id\":\"https:\\\/\\\/lalmachine.com\\\/de\\\/shop\\\/les-copines\\\/kulo\\\/bougie-jasmin\\\/#primaryimage\"},\"image\":{\"@id\":\"https:\\\/\\\/lalmachine.com\\\/de\\\/shop\\\/les-copines\\\/kulo\\\/bougie-jasmin\\\/#primaryimage\"},\"thumbnailUrl\":\"https:\\\/\\\/lalmachine.com\\\/wp-content\\\/uploads\\\/2023\\\/09\\\/candle_jasmine-blossom_clipped_rev_1.jpeg\",\"datePublished\":\"2023-09-29T06:35:00+00:00\",\"dateModified\":\"2025-12-15T16:08:49+00:00\",\"description\":\"Bougie au parfum de jasmin, sans phtalate et sans CMR, coul\u00e9e \u00e0 la main, dans un verre upcycl\u00e9 r\u00e9alis\u00e9 \u00e0 partir d\u2019une bouteille de vin.\",\"breadcrumb\":{\"@id\":\"https:\\\/\\\/lalmachine.com\\\/de\\\/shop\\\/les-copines\\\/kulo\\\/bougie-jasmin\\\/#breadcrumb\"},\"inLanguage\":\"de\",\"potentialAction\":[{\"@type\":\"ReadAction\",\"target\":[\"https:\\\/\\\/lalmachine.com\\\/de\\\/shop\\\/les-copines\\\/kulo\\\/bougie-jasmin\\\/\"]}]},{\"@type\":\"ImageObject\",\"inLanguage\":\"de\",\"@id\":\"https:\\\/\\\/lalmachine.com\\\/de\\\/shop\\\/les-copines\\\/kulo\\\/bougie-jasmin\\\/#primaryimage\",\"url\":\"https:\\\/\\\/lalmachine.com\\\/wp-content\\\/uploads\\\/2023\\\/09\\\/candle_jasmine-blossom_clipped_rev_1.jpeg\",\"contentUrl\":\"https:\\\/\\\/lalmachine.com\\\/wp-content\\\/uploads\\\/2023\\\/09\\\/candle_jasmine-blossom_clipped_rev_1.jpeg\",\"width\":820,\"height\":820,\"caption\":\"Bougie fleurs de jasmin 200gr\"},{\"@type\":\"BreadcrumbList\",\"@id\":\"https:\\\/\\\/lalmachine.com\\\/de\\\/shop\\\/les-copines\\\/kulo\\\/bougie-jasmin\\\/#breadcrumb\",\"itemListElement\":[{\"@type\":\"ListItem\",\"position\":1,\"name\":\"Accueil\",\"item\":\"https:\\\/\\\/lalmachine.com\\\/\"},{\"@type\":\"ListItem\",\"position\":2,\"name\":\"Shop\",\"item\":\"https:\\\/\\\/lalmachine.com\\\/shop\\\/\"},{\"@type\":\"ListItem\",\"position\":3,\"name\":\"Bougie, fleurs de jasmin | 200gr\"}]},{\"@type\":\"WebSite\",\"@id\":\"https:\\\/\\\/lalmachine.com\\\/#website\",\"url\":\"https:\\\/\\\/lalmachine.com\\\/\",\"name\":\"lalmachine.com\",\"description\":\"Brocante en ligne Suisse | Mobilier et objets d\u00e9co vintage et design\",\"potentialAction\":[{\"@type\":\"SearchAction\",\"target\":{\"@type\":\"EntryPoint\",\"urlTemplate\":\"https:\\\/\\\/lalmachine.com\\\/?s={search_term_string}\"},\"query-input\":{\"@type\":\"PropertyValueSpecification\",\"valueRequired\":true,\"valueName\":\"search_term_string\"}}],\"inLanguage\":\"de\"}]}<\/script>\n<!-- \/ Yoast SEO plugin. -->","yoast_head_json":{"title":"Bougie, fleurs de jasmin | 200gr | lalmachine.com","description":"Bougie au parfum de jasmin, sans phtalate et sans CMR, coul\u00e9e \u00e0 la main, dans un verre upcycl\u00e9 r\u00e9alis\u00e9 \u00e0 partir d\u2019une bouteille de vin.","robots":{"index":"index","follow":"follow","max-snippet":"max-snippet:-1","max-image-preview":"max-image-preview:large","max-video-preview":"max-video-preview:-1"},"canonical":"https:\/\/lalmachine.com\/de\/shop\/les-copines\/kulo\/bougie-jasmin\/","og_locale":"de_DE","og_type":"article","og_title":"Bougie, fleurs de jasmin | 200gr | lalmachine.com","og_description":"Bougie au parfum de jasmin, sans phtalate et sans CMR, coul\u00e9e \u00e0 la main, dans un verre upcycl\u00e9 r\u00e9alis\u00e9 \u00e0 partir d\u2019une bouteille de vin.","og_url":"https:\/\/lalmachine.com\/de\/shop\/les-copines\/kulo\/bougie-jasmin\/","og_site_name":"lalmachine.com","article_publisher":"https:\/\/facebook.com\/lalmachine","article_modified_time":"2025-12-15T16:08:49+00:00","og_image":[{"width":820,"height":820,"url":"https:\/\/lalmachine.com\/wp-content\/uploads\/2023\/09\/candle_jasmine-blossom_clipped_rev_1.jpeg","type":"image\/jpeg"}],"twitter_card":"summary_large_image","schema":{"@context":"https:\/\/schema.org","@graph":[{"@type":"WebPage","@id":"https:\/\/lalmachine.com\/de\/shop\/les-copines\/kulo\/bougie-jasmin\/","url":"https:\/\/lalmachine.com\/de\/shop\/les-copines\/kulo\/bougie-jasmin\/","name":"Bougie, fleurs de jasmin | 200gr | lalmachine.com","isPartOf":{"@id":"https:\/\/lalmachine.com\/#website"},"primaryImageOfPage":{"@id":"https:\/\/lalmachine.com\/de\/shop\/les-copines\/kulo\/bougie-jasmin\/#primaryimage"},"image":{"@id":"https:\/\/lalmachine.com\/de\/shop\/les-copines\/kulo\/bougie-jasmin\/#primaryimage"},"thumbnailUrl":"https:\/\/lalmachine.com\/wp-content\/uploads\/2023\/09\/candle_jasmine-blossom_clipped_rev_1.jpeg","datePublished":"2023-09-29T06:35:00+00:00","dateModified":"2025-12-15T16:08:49+00:00","description":"Bougie au parfum de jasmin, sans phtalate et sans CMR, coul\u00e9e \u00e0 la main, dans un verre upcycl\u00e9 r\u00e9alis\u00e9 \u00e0 partir d\u2019une bouteille de vin.","breadcrumb":{"@id":"https:\/\/lalmachine.com\/de\/shop\/les-copines\/kulo\/bougie-jasmin\/#breadcrumb"},"inLanguage":"de","potentialAction":[{"@type":"ReadAction","target":["https:\/\/lalmachine.com\/de\/shop\/les-copines\/kulo\/bougie-jasmin\/"]}]},{"@type":"ImageObject","inLanguage":"de","@id":"https:\/\/lalmachine.com\/de\/shop\/les-copines\/kulo\/bougie-jasmin\/#primaryimage","url":"https:\/\/lalmachine.com\/wp-content\/uploads\/2023\/09\/candle_jasmine-blossom_clipped_rev_1.jpeg","contentUrl":"https:\/\/lalmachine.com\/wp-content\/uploads\/2023\/09\/candle_jasmine-blossom_clipped_rev_1.jpeg","width":820,"height":820,"caption":"Bougie fleurs de jasmin 200gr"},{"@type":"BreadcrumbList","@id":"https:\/\/lalmachine.com\/de\/shop\/les-copines\/kulo\/bougie-jasmin\/#breadcrumb","itemListElement":[{"@type":"ListItem","position":1,"name":"Accueil","item":"https:\/\/lalmachine.com\/"},{"@type":"ListItem","position":2,"name":"Shop","item":"https:\/\/lalmachine.com\/shop\/"},{"@type":"ListItem","position":3,"name":"Bougie, fleurs de jasmin | 200gr"}]},{"@type":"WebSite","@id":"https:\/\/lalmachine.com\/#website","url":"https:\/\/lalmachine.com\/","name":"lalmachine.com","description":"Brocante en ligne Suisse | Mobilier et objets d\u00e9co vintage et design","potentialAction":[{"@type":"SearchAction","target":{"@type":"EntryPoint","urlTemplate":"https:\/\/lalmachine.com\/?s={search_term_string}"},"query-input":{"@type":"PropertyValueSpecification","valueRequired":true,"valueName":"search_term_string"}}],"inLanguage":"de"}]}},"_links":{"self":[{"href":"https:\/\/lalmachine.com\/de\/wp-json\/wp\/v2\/product\/313902","targetHints":{"allow":["GET"]}}],"collection":[{"href":"https:\/\/lalmachine.com\/de\/wp-json\/wp\/v2\/product"}],"about":[{"href":"https:\/\/lalmachine.com\/de\/wp-json\/wp\/v2\/types\/product"}],"wp:featuredmedia":[{"embeddable":true,"href":"https:\/\/lalmachine.com\/de\/wp-json\/wp\/v2\/media\/313939"}],"wp:attachment":[{"href":"https:\/\/lalmachine.com\/de\/wp-json\/wp\/v2\/media?parent=313902"}],"wp:term":[{"taxonomy":"product_brand","embeddable":true,"href":"https:\/\/lalmachine.com\/de\/wp-json\/wp\/v2\/product_brand?post=313902"},{"taxonomy":"product_cat","embeddable":true,"href":"https:\/\/lalmachine.com\/de\/wp-json\/wp\/v2\/product_cat?post=313902"},{"taxonomy":"product_tag","embeddable":true,"href":"https:\/\/lalmachine.com\/de\/wp-json\/wp\/v2\/product_tag?post=313902"},{"taxonomy":"proximite","embeddable":true,"href":"https:\/\/lalmachine.com\/de\/wp-json\/wp\/v2\/proximite?post=313902"}],"curies":[{"name":"wp","href":"https:\/\/api.w.org\/{rel}","templated":true}]}}