{"id":314282,"date":"2023-10-07T09:23:43","date_gmt":"2023-10-07T07:23:43","guid":{"rendered":"https:\/\/lalmachine.com\/?post_type=product&#038;p=314282"},"modified":"2024-12-05T22:02:36","modified_gmt":"2024-12-05T21:02:36","slug":"meuble-de-rangement-victoria-mobel","status":"publish","type":"product","link":"https:\/\/lalmachine.com\/de\/shop\/meubler\/meuble-de-rangement\/meuble-de-rangement-victoria-mobel\/","title":{"rendered":"VENTE FLASH &#8211; Meuble de rangement Victoria M\u00f6bel"},"content":{"rendered":"<ul class=\"wpuf_customs\"><li style=\"list-style-type:none;\"><label>Autres photos:<\/label> <a href=\"https:\/\/lalmachine.com\/wp-content\/uploads\/2023\/10\/IMG20231004134731-scaled.jpg\"><img loading=\"lazy\" decoding=\"async\" width=\"72\" height=\"96\" src=\"https:\/\/lalmachine.com\/wp-content\/uploads\/2023\/10\/IMG20231004134731-scaled.jpg\" class=\"attachment-thumbnail size-thumbnail\" alt=\"\" \/><\/a> <a href=\"https:\/\/lalmachine.com\/wp-content\/uploads\/2023\/10\/IMG20231004135048-scaled.jpg\"><img loading=\"lazy\" decoding=\"async\" width=\"72\" height=\"96\" src=\"https:\/\/lalmachine.com\/wp-content\/uploads\/2023\/10\/IMG20231004135048-scaled.jpg\" class=\"attachment-thumbnail size-thumbnail\" alt=\"\" \/><\/a> <a href=\"https:\/\/lalmachine.com\/wp-content\/uploads\/2023\/10\/IMG20231004134802-scaled.jpg\"><img loading=\"lazy\" decoding=\"async\" width=\"72\" height=\"96\" src=\"https:\/\/lalmachine.com\/wp-content\/uploads\/2023\/10\/IMG20231004134802-scaled.jpg\" class=\"attachment-thumbnail size-thumbnail\" alt=\"\" \/><\/a> <a href=\"https:\/\/lalmachine.com\/wp-content\/uploads\/2023\/10\/IMG20231004134810-scaled.jpg\"><img loading=\"lazy\" decoding=\"async\" width=\"72\" height=\"96\" src=\"https:\/\/lalmachine.com\/wp-content\/uploads\/2023\/10\/IMG20231004134810-scaled.jpg\" class=\"attachment-thumbnail size-thumbnail\" alt=\"\" \/><\/a> <a href=\"https:\/\/lalmachine.com\/wp-content\/uploads\/2023\/10\/IMG20231004135138-scaled.jpg\"><img loading=\"lazy\" decoding=\"async\" width=\"72\" height=\"96\" src=\"https:\/\/lalmachine.com\/wp-content\/uploads\/2023\/10\/IMG20231004135138-scaled.jpg\" class=\"attachment-thumbnail size-thumbnail\" alt=\"\" \/><\/a> <a href=\"https:\/\/lalmachine.com\/wp-content\/uploads\/2023\/10\/IMG20231004134832-scaled.jpg\"><img loading=\"lazy\" decoding=\"async\" width=\"72\" height=\"96\" src=\"https:\/\/lalmachine.com\/wp-content\/uploads\/2023\/10\/IMG20231004134832-scaled.jpg\" class=\"attachment-thumbnail size-thumbnail\" alt=\"\" \/><\/a> <a href=\"https:\/\/lalmachine.com\/wp-content\/uploads\/2023\/10\/IMG20231004134839-scaled.jpg\"><img loading=\"lazy\" decoding=\"async\" width=\"72\" height=\"96\" src=\"https:\/\/lalmachine.com\/wp-content\/uploads\/2023\/10\/IMG20231004134839-scaled.jpg\" class=\"attachment-thumbnail size-thumbnail\" alt=\"\" \/><\/a> <a href=\"https:\/\/lalmachine.com\/wp-content\/uploads\/2023\/10\/IMG20231004134939-scaled.jpg\"><img loading=\"lazy\" decoding=\"async\" width=\"72\" height=\"96\" src=\"https:\/\/lalmachine.com\/wp-content\/uploads\/2023\/10\/IMG20231004134939-scaled.jpg\" class=\"attachment-thumbnail size-thumbnail\" alt=\"\" \/><\/a> <a href=\"https:\/\/lalmachine.com\/wp-content\/uploads\/2023\/10\/IMG20231004134910-scaled.jpg\"><img loading=\"lazy\" decoding=\"async\" width=\"72\" height=\"96\" src=\"https:\/\/lalmachine.com\/wp-content\/uploads\/2023\/10\/IMG20231004134910-scaled.jpg\" class=\"attachment-thumbnail size-thumbnail\" alt=\"\" \/><\/a> <a href=\"https:\/\/lalmachine.com\/wp-content\/uploads\/2023\/10\/IMG20231004135010-scaled.jpg\"><img loading=\"lazy\" decoding=\"async\" width=\"72\" height=\"96\" src=\"https:\/\/lalmachine.com\/wp-content\/uploads\/2023\/10\/IMG20231004135010-scaled.jpg\" class=\"attachment-thumbnail size-thumbnail\" alt=\"\" \/><\/a> <a href=\"https:\/\/lalmachine.com\/wp-content\/uploads\/2023\/10\/IMG20231004135021-scaled.jpg\"><img loading=\"lazy\" decoding=\"async\" width=\"72\" height=\"96\" src=\"https:\/\/lalmachine.com\/wp-content\/uploads\/2023\/10\/IMG20231004135021-scaled.jpg\" class=\"attachment-thumbnail size-thumbnail\" alt=\"\" \/><\/a> <a href=\"https:\/\/lalmachine.com\/wp-content\/uploads\/2023\/10\/IMG20231004135025-scaled.jpg\"><img loading=\"lazy\" decoding=\"async\" width=\"72\" height=\"96\" src=\"https:\/\/lalmachine.com\/wp-content\/uploads\/2023\/10\/IMG20231004135025-scaled.jpg\" class=\"attachment-thumbnail size-thumbnail\" alt=\"\" \/><\/a> <a href=\"https:\/\/lalmachine.com\/wp-content\/uploads\/2023\/10\/IMG20231004135404-scaled.jpg\"><img loading=\"lazy\" decoding=\"async\" width=\"72\" height=\"96\" src=\"https:\/\/lalmachine.com\/wp-content\/uploads\/2023\/10\/IMG20231004135404-scaled.jpg\" class=\"attachment-thumbnail size-thumbnail\" alt=\"\" \/><\/a> <\/li>        <li class=\"wpuf-field-data wpuf-field-data-numeric_text_field\">\n                            <label>Prix:<\/label>\n                        320        <\/li>\n                <li class=\"wpuf-field-data wpuf-field-data-numeric_text_field\">\n                            <label>Hauteur (cm):<\/label>\n                        63        <\/li>\n                <li class=\"wpuf-field-data wpuf-field-data-numeric_text_field\">\n                            <label>Largeur (cm):<\/label>\n                        110        <\/li>\n                <li class=\"wpuf-field-data wpuf-field-data-numeric_text_field\">\n                            <label>Profondeur (cm):<\/label>\n                        44        <\/li>\n        <\/ul>","protected":false},"excerpt":{"rendered":"<p>Meuble de rangement en bois produit par Victoria M\u00f6bel \u00e0 Baar, en Suisse. Dot\u00e9 de 6 tiroirs et d&#8217;un pi\u00e9tement en m\u00e9tal noir. Quelques traces d&#8217;usure sur le bois (voir photos). Le meuble est stable et solide et tr\u00e8s \u00e9l\u00e9gant avec ses lignes minimalistes.<\/p>\n<p>Livraison possible (sous 2-3 semaines, \u00e0 r\u00e9gler le jour de la livraison) :<br \/>\n\u2013 Berne : 30 CHF<br \/>\n\u2013 Lausanne : 75 CHF<br \/>\n\u2013 Z\u00fcrich : 100 CHF<br \/>\n\u2013 Gen\u00e8ve: 150 CHF<br \/>\n\u2013 Autres villes sur demande<\/p>","protected":false},"featured_media":314268,"template":"","meta":{"_et_pb_use_builder":"","_et_pb_old_content":"","_et_gb_content_width":""},"product_brand":[],"product_cat":[83,47],"product_tag":[],"proximite":[177,235],"class_list":{"0":"post-314282","1":"product","2":"type-product","3":"status-publish","4":"has-post-thumbnail","6":"product_cat-meuble-de-rangement","7":"product_cat-meubler","8":"pa_couleur-bois","9":"pa_etat-bon-etat","10":"pa_materiau-bois","11":"pa_style-vintage","12":"proximite-fribourg","13":"proximite-sarine","15":"first","16":"outofstock","17":"sale","18":"shipping-taxable","19":"purchasable","20":"product-type-simple"},"yoast_head":"<!-- This site is optimized with the Yoast SEO plugin v27.4 - https:\/\/yoast.com\/product\/yoast-seo-wordpress\/ -->\n<title>VENTE FLASH - Meuble de rangement Victoria M\u00f6bel | lalmachine.com, mobilier et objets d\u00e9co vintage et design<\/title>\n<meta name=\"description\" content=\"Meuble de rangement en bois produit par Victoria M\u00f6bel \u00e0 Baar, en Suisse. Le meuble est stable et solide et tr\u00e8s \u00e9l\u00e9gant avec ses lignes minimalistes.\" \/>\n<meta name=\"robots\" content=\"index, follow, max-snippet:-1, max-image-preview:large, max-video-preview:-1\" \/>\n<link rel=\"canonical\" href=\"https:\/\/lalmachine.com\/de\/shop\/meubler\/meuble-de-rangement\/meuble-de-rangement-victoria-mobel\/\" \/>\n<meta property=\"og:locale\" content=\"de_DE\" \/>\n<meta property=\"og:type\" content=\"article\" \/>\n<meta property=\"og:title\" content=\"VENTE FLASH - Meuble de rangement Victoria M\u00f6bel | lalmachine.com, mobilier et objets d\u00e9co vintage et design\" \/>\n<meta property=\"og:description\" content=\"Meuble de rangement en bois produit par Victoria M\u00f6bel \u00e0 Baar, en Suisse. Le meuble est stable et solide et tr\u00e8s \u00e9l\u00e9gant avec ses lignes minimalistes.\" \/>\n<meta property=\"og:url\" content=\"https:\/\/lalmachine.com\/de\/shop\/meubler\/meuble-de-rangement\/meuble-de-rangement-victoria-mobel\/\" \/>\n<meta property=\"og:site_name\" content=\"lalmachine.com\" \/>\n<meta property=\"article:publisher\" content=\"https:\/\/facebook.com\/lalmachine\" \/>\n<meta property=\"article:modified_time\" content=\"2024-12-05T21:02:36+00:00\" \/>\n<meta property=\"og:image\" content=\"https:\/\/lalmachine.com\/wp-content\/uploads\/2023\/10\/IMG20231004134731_clipped_rev_1.jpeg\" \/>\n\t<meta property=\"og:image:width\" content=\"2261\" \/>\n\t<meta property=\"og:image:height\" content=\"2262\" \/>\n\t<meta property=\"og:image:type\" content=\"image\/jpeg\" \/>\n<meta name=\"twitter:card\" content=\"summary_large_image\" \/>\n<script type=\"application\/ld+json\" class=\"yoast-schema-graph\">{\"@context\":\"https:\\\/\\\/schema.org\",\"@graph\":[{\"@type\":\"WebPage\",\"@id\":\"https:\\\/\\\/lalmachine.com\\\/shop\\\/meubler\\\/meuble-de-rangement\\\/meuble-de-rangement-victoria-mobel\\\/\",\"url\":\"https:\\\/\\\/lalmachine.com\\\/shop\\\/meubler\\\/meuble-de-rangement\\\/meuble-de-rangement-victoria-mobel\\\/\",\"name\":\"VENTE FLASH - Meuble de rangement Victoria M\u00f6bel | lalmachine.com, mobilier et objets d\u00e9co vintage et design\",\"isPartOf\":{\"@id\":\"https:\\\/\\\/lalmachine.com\\\/#website\"},\"primaryImageOfPage\":{\"@id\":\"https:\\\/\\\/lalmachine.com\\\/shop\\\/meubler\\\/meuble-de-rangement\\\/meuble-de-rangement-victoria-mobel\\\/#primaryimage\"},\"image\":{\"@id\":\"https:\\\/\\\/lalmachine.com\\\/shop\\\/meubler\\\/meuble-de-rangement\\\/meuble-de-rangement-victoria-mobel\\\/#primaryimage\"},\"thumbnailUrl\":\"https:\\\/\\\/lalmachine.com\\\/wp-content\\\/uploads\\\/2023\\\/10\\\/IMG20231004134731_clipped_rev_1.jpeg\",\"datePublished\":\"2023-10-07T07:23:43+00:00\",\"dateModified\":\"2024-12-05T21:02:36+00:00\",\"description\":\"Meuble de rangement en bois produit par Victoria M\u00f6bel \u00e0 Baar, en Suisse. Le meuble est stable et solide et tr\u00e8s \u00e9l\u00e9gant avec ses lignes minimalistes.\",\"breadcrumb\":{\"@id\":\"https:\\\/\\\/lalmachine.com\\\/shop\\\/meubler\\\/meuble-de-rangement\\\/meuble-de-rangement-victoria-mobel\\\/#breadcrumb\"},\"inLanguage\":\"de\",\"potentialAction\":[{\"@type\":\"ReadAction\",\"target\":[\"https:\\\/\\\/lalmachine.com\\\/shop\\\/meubler\\\/meuble-de-rangement\\\/meuble-de-rangement-victoria-mobel\\\/\"]}]},{\"@type\":\"ImageObject\",\"inLanguage\":\"de\",\"@id\":\"https:\\\/\\\/lalmachine.com\\\/shop\\\/meubler\\\/meuble-de-rangement\\\/meuble-de-rangement-victoria-mobel\\\/#primaryimage\",\"url\":\"https:\\\/\\\/lalmachine.com\\\/wp-content\\\/uploads\\\/2023\\\/10\\\/IMG20231004134731_clipped_rev_1.jpeg\",\"contentUrl\":\"https:\\\/\\\/lalmachine.com\\\/wp-content\\\/uploads\\\/2023\\\/10\\\/IMG20231004134731_clipped_rev_1.jpeg\",\"width\":2261,\"height\":2262,\"caption\":\"Meuble de rangement Victoria M\u00f6bel\"},{\"@type\":\"BreadcrumbList\",\"@id\":\"https:\\\/\\\/lalmachine.com\\\/shop\\\/meubler\\\/meuble-de-rangement\\\/meuble-de-rangement-victoria-mobel\\\/#breadcrumb\",\"itemListElement\":[{\"@type\":\"ListItem\",\"position\":1,\"name\":\"Accueil\",\"item\":\"https:\\\/\\\/lalmachine.com\\\/\"},{\"@type\":\"ListItem\",\"position\":2,\"name\":\"Shop\",\"item\":\"https:\\\/\\\/lalmachine.com\\\/shop\\\/\"},{\"@type\":\"ListItem\",\"position\":3,\"name\":\"VENTE FLASH &#8211; Meuble de rangement Victoria M\u00f6bel\"}]},{\"@type\":\"WebSite\",\"@id\":\"https:\\\/\\\/lalmachine.com\\\/#website\",\"url\":\"https:\\\/\\\/lalmachine.com\\\/\",\"name\":\"lalmachine.com\",\"description\":\"Brocante en ligne Suisse | Mobilier et objets d\u00e9co vintage et design\",\"potentialAction\":[{\"@type\":\"SearchAction\",\"target\":{\"@type\":\"EntryPoint\",\"urlTemplate\":\"https:\\\/\\\/lalmachine.com\\\/?s={search_term_string}\"},\"query-input\":{\"@type\":\"PropertyValueSpecification\",\"valueRequired\":true,\"valueName\":\"search_term_string\"}}],\"inLanguage\":\"de\"}]}<\/script>\n<!-- \/ Yoast SEO plugin. -->","yoast_head_json":{"title":"VENTE FLASH - Meuble de rangement Victoria M\u00f6bel | lalmachine.com, mobilier et objets d\u00e9co vintage et design","description":"Meuble de rangement en bois produit par Victoria M\u00f6bel \u00e0 Baar, en Suisse. Le meuble est stable et solide et tr\u00e8s \u00e9l\u00e9gant avec ses lignes minimalistes.","robots":{"index":"index","follow":"follow","max-snippet":"max-snippet:-1","max-image-preview":"max-image-preview:large","max-video-preview":"max-video-preview:-1"},"canonical":"https:\/\/lalmachine.com\/de\/shop\/meubler\/meuble-de-rangement\/meuble-de-rangement-victoria-mobel\/","og_locale":"de_DE","og_type":"article","og_title":"VENTE FLASH - Meuble de rangement Victoria M\u00f6bel | lalmachine.com, mobilier et objets d\u00e9co vintage et design","og_description":"Meuble de rangement en bois produit par Victoria M\u00f6bel \u00e0 Baar, en Suisse. Le meuble est stable et solide et tr\u00e8s \u00e9l\u00e9gant avec ses lignes minimalistes.","og_url":"https:\/\/lalmachine.com\/de\/shop\/meubler\/meuble-de-rangement\/meuble-de-rangement-victoria-mobel\/","og_site_name":"lalmachine.com","article_publisher":"https:\/\/facebook.com\/lalmachine","article_modified_time":"2024-12-05T21:02:36+00:00","og_image":[{"width":2261,"height":2262,"url":"https:\/\/lalmachine.com\/wp-content\/uploads\/2023\/10\/IMG20231004134731_clipped_rev_1.jpeg","type":"image\/jpeg"}],"twitter_card":"summary_large_image","schema":{"@context":"https:\/\/schema.org","@graph":[{"@type":"WebPage","@id":"https:\/\/lalmachine.com\/shop\/meubler\/meuble-de-rangement\/meuble-de-rangement-victoria-mobel\/","url":"https:\/\/lalmachine.com\/shop\/meubler\/meuble-de-rangement\/meuble-de-rangement-victoria-mobel\/","name":"VENTE FLASH - Meuble de rangement Victoria M\u00f6bel | lalmachine.com, mobilier et objets d\u00e9co vintage et design","isPartOf":{"@id":"https:\/\/lalmachine.com\/#website"},"primaryImageOfPage":{"@id":"https:\/\/lalmachine.com\/shop\/meubler\/meuble-de-rangement\/meuble-de-rangement-victoria-mobel\/#primaryimage"},"image":{"@id":"https:\/\/lalmachine.com\/shop\/meubler\/meuble-de-rangement\/meuble-de-rangement-victoria-mobel\/#primaryimage"},"thumbnailUrl":"https:\/\/lalmachine.com\/wp-content\/uploads\/2023\/10\/IMG20231004134731_clipped_rev_1.jpeg","datePublished":"2023-10-07T07:23:43+00:00","dateModified":"2024-12-05T21:02:36+00:00","description":"Meuble de rangement en bois produit par Victoria M\u00f6bel \u00e0 Baar, en Suisse. Le meuble est stable et solide et tr\u00e8s \u00e9l\u00e9gant avec ses lignes minimalistes.","breadcrumb":{"@id":"https:\/\/lalmachine.com\/shop\/meubler\/meuble-de-rangement\/meuble-de-rangement-victoria-mobel\/#breadcrumb"},"inLanguage":"de","potentialAction":[{"@type":"ReadAction","target":["https:\/\/lalmachine.com\/shop\/meubler\/meuble-de-rangement\/meuble-de-rangement-victoria-mobel\/"]}]},{"@type":"ImageObject","inLanguage":"de","@id":"https:\/\/lalmachine.com\/shop\/meubler\/meuble-de-rangement\/meuble-de-rangement-victoria-mobel\/#primaryimage","url":"https:\/\/lalmachine.com\/wp-content\/uploads\/2023\/10\/IMG20231004134731_clipped_rev_1.jpeg","contentUrl":"https:\/\/lalmachine.com\/wp-content\/uploads\/2023\/10\/IMG20231004134731_clipped_rev_1.jpeg","width":2261,"height":2262,"caption":"Meuble de rangement Victoria M\u00f6bel"},{"@type":"BreadcrumbList","@id":"https:\/\/lalmachine.com\/shop\/meubler\/meuble-de-rangement\/meuble-de-rangement-victoria-mobel\/#breadcrumb","itemListElement":[{"@type":"ListItem","position":1,"name":"Accueil","item":"https:\/\/lalmachine.com\/"},{"@type":"ListItem","position":2,"name":"Shop","item":"https:\/\/lalmachine.com\/shop\/"},{"@type":"ListItem","position":3,"name":"VENTE FLASH &#8211; Meuble de rangement Victoria M\u00f6bel"}]},{"@type":"WebSite","@id":"https:\/\/lalmachine.com\/#website","url":"https:\/\/lalmachine.com\/","name":"lalmachine.com","description":"Brocante en ligne Suisse | Mobilier et objets d\u00e9co vintage et design","potentialAction":[{"@type":"SearchAction","target":{"@type":"EntryPoint","urlTemplate":"https:\/\/lalmachine.com\/?s={search_term_string}"},"query-input":{"@type":"PropertyValueSpecification","valueRequired":true,"valueName":"search_term_string"}}],"inLanguage":"de"}]}},"_links":{"self":[{"href":"https:\/\/lalmachine.com\/de\/wp-json\/wp\/v2\/product\/314282","targetHints":{"allow":["GET"]}}],"collection":[{"href":"https:\/\/lalmachine.com\/de\/wp-json\/wp\/v2\/product"}],"about":[{"href":"https:\/\/lalmachine.com\/de\/wp-json\/wp\/v2\/types\/product"}],"wp:featuredmedia":[{"embeddable":true,"href":"https:\/\/lalmachine.com\/de\/wp-json\/wp\/v2\/media\/314268"}],"wp:attachment":[{"href":"https:\/\/lalmachine.com\/de\/wp-json\/wp\/v2\/media?parent=314282"}],"wp:term":[{"taxonomy":"product_brand","embeddable":true,"href":"https:\/\/lalmachine.com\/de\/wp-json\/wp\/v2\/product_brand?post=314282"},{"taxonomy":"product_cat","embeddable":true,"href":"https:\/\/lalmachine.com\/de\/wp-json\/wp\/v2\/product_cat?post=314282"},{"taxonomy":"product_tag","embeddable":true,"href":"https:\/\/lalmachine.com\/de\/wp-json\/wp\/v2\/product_tag?post=314282"},{"taxonomy":"proximite","embeddable":true,"href":"https:\/\/lalmachine.com\/de\/wp-json\/wp\/v2\/proximite?post=314282"}],"curies":[{"name":"wp","href":"https:\/\/api.w.org\/{rel}","templated":true}]}}