{"id":315100,"date":"2023-10-16T12:07:24","date_gmt":"2023-10-16T10:07:24","guid":{"rendered":"https:\/\/lalmachine.com\/?post_type=product&#038;p=315100"},"modified":"2026-02-13T15:45:54","modified_gmt":"2026-02-13T14:45:54","slug":"paire-de-fauteuils-hongrois-de-julii-gaubek-60s","status":"publish","type":"product","link":"https:\/\/lalmachine.com\/de\/shop\/sasseoir\/canape-fauteuil-pouf\/paire-de-fauteuils-hongrois-de-julii-gaubek-60s\/","title":{"rendered":"Paire de fauteuils hongrois de Julii Gaubek 60&#8217;s"},"content":{"rendered":"<ul class=\"wpuf_customs\"><li style=\"list-style-type:none;\"><label>Autres photos:<\/label> <a href=\"https:\/\/lalmachine.com\/wp-content\/uploads\/2023\/10\/410-scaled.jpg\"><img loading=\"lazy\" decoding=\"async\" width=\"96\" height=\"96\" src=\"https:\/\/lalmachine.com\/wp-content\/uploads\/2023\/10\/410-scaled.jpg\" class=\"attachment-thumbnail size-thumbnail\" alt=\"\" \/><\/a> <a href=\"https:\/\/lalmachine.com\/wp-content\/uploads\/2023\/10\/410a-scaled.jpg\"><img loading=\"lazy\" decoding=\"async\" width=\"128\" height=\"85\" src=\"https:\/\/lalmachine.com\/wp-content\/uploads\/2023\/10\/410a-scaled.jpg\" class=\"attachment-thumbnail size-thumbnail\" alt=\"\" \/><\/a> <a href=\"https:\/\/lalmachine.com\/wp-content\/uploads\/2023\/10\/410aa-scaled.jpg\"><img loading=\"lazy\" decoding=\"async\" width=\"96\" height=\"96\" src=\"https:\/\/lalmachine.com\/wp-content\/uploads\/2023\/10\/410aa-scaled.jpg\" class=\"attachment-thumbnail size-thumbnail\" alt=\"\" \/><\/a> <a href=\"https:\/\/lalmachine.com\/wp-content\/uploads\/2023\/10\/410b-scaled.jpg\"><img loading=\"lazy\" decoding=\"async\" width=\"128\" height=\"85\" src=\"https:\/\/lalmachine.com\/wp-content\/uploads\/2023\/10\/410b-scaled.jpg\" class=\"attachment-thumbnail size-thumbnail\" alt=\"\" \/><\/a> <a href=\"https:\/\/lalmachine.com\/wp-content\/uploads\/2023\/10\/410c-scaled.jpg\"><img loading=\"lazy\" decoding=\"async\" width=\"96\" height=\"96\" src=\"https:\/\/lalmachine.com\/wp-content\/uploads\/2023\/10\/410c-scaled.jpg\" class=\"attachment-thumbnail size-thumbnail\" alt=\"\" \/><\/a> <a href=\"https:\/\/lalmachine.com\/wp-content\/uploads\/2023\/10\/410d-scaled.jpg\"><img loading=\"lazy\" decoding=\"async\" width=\"96\" height=\"96\" src=\"https:\/\/lalmachine.com\/wp-content\/uploads\/2023\/10\/410d-scaled.jpg\" class=\"attachment-thumbnail size-thumbnail\" alt=\"\" \/><\/a> <a href=\"https:\/\/lalmachine.com\/wp-content\/uploads\/2023\/10\/410f-scaled.jpg\"><img loading=\"lazy\" decoding=\"async\" width=\"96\" height=\"96\" src=\"https:\/\/lalmachine.com\/wp-content\/uploads\/2023\/10\/410f-scaled.jpg\" class=\"attachment-thumbnail size-thumbnail\" alt=\"\" \/><\/a> <a href=\"https:\/\/lalmachine.com\/wp-content\/uploads\/2023\/10\/410g-scaled.jpg\"><img loading=\"lazy\" decoding=\"async\" width=\"96\" height=\"96\" src=\"https:\/\/lalmachine.com\/wp-content\/uploads\/2023\/10\/410g-scaled.jpg\" class=\"attachment-thumbnail size-thumbnail\" alt=\"\" \/><\/a> <a href=\"https:\/\/lalmachine.com\/wp-content\/uploads\/2023\/10\/410h-scaled.jpg\"><img loading=\"lazy\" decoding=\"async\" width=\"96\" height=\"96\" src=\"https:\/\/lalmachine.com\/wp-content\/uploads\/2023\/10\/410h-scaled.jpg\" class=\"attachment-thumbnail size-thumbnail\" alt=\"\" \/><\/a> <a href=\"https:\/\/lalmachine.com\/wp-content\/uploads\/2023\/10\/410i-scaled.jpg\"><img loading=\"lazy\" decoding=\"async\" width=\"96\" height=\"96\" src=\"https:\/\/lalmachine.com\/wp-content\/uploads\/2023\/10\/410i-scaled.jpg\" class=\"attachment-thumbnail size-thumbnail\" alt=\"\" \/><\/a> <\/li>        <li class=\"wpuf-field-data wpuf-field-data-numeric_text_field\">\n                            <label>Prix:<\/label>\n                        2820        <\/li>\n                <li class=\"wpuf-field-data wpuf-field-data-numeric_text_field\">\n                            <label>Quantit\u00e9:<\/label>\n                        1        <\/li>\n                <li class=\"wpuf-field-data wpuf-field-data-numeric_text_field\">\n                            <label>Hauteur (cm):<\/label>\n                        80        <\/li>\n                <li class=\"wpuf-field-data wpuf-field-data-numeric_text_field\">\n                            <label>Largeur (cm):<\/label>\n                        68        <\/li>\n                <li class=\"wpuf-field-data wpuf-field-data-numeric_text_field\">\n                            <label>Profondeur (cm):<\/label>\n                        56        <\/li>\n        <\/ul>","protected":false},"excerpt":{"rendered":"<p>Belle paire de fauteuils, mod\u00e8le Hirondelle, con\u00e7us par la designer d&#8217;origine hongroise Julii Gaubek. Les fauteuils ont \u00e9t\u00e9 fabriqu\u00e9s dans les ann\u00e9es 1960 dans l&#8217;usine de meubles Gosciecinska.<\/p>\n<p>Le dossier est enti\u00e8rement fabriqu\u00e9 en contreplaqu\u00e9 courb\u00e9, le pi\u00e9tement et les accoudoirs en bois de h\u00eatre massif. Ce mod\u00e8le est rare \u00e0 la vente. Enti\u00e8rement restaur\u00e9s et retapiss\u00e9s avec un tissu vert 80 % laine.<\/p>\n<p>Hauteur de l&#8217;assise : 42 cm<\/p>\n<p>D\u00e9couvrez nos autres articles design vintage en cliquant ci-dessous sur kus.design<\/p>\n<p>Architecte, designer industriel et architecture d&#8217;int\u00e9rieur, Julii Gaubek \u00e9tait \u00e9galement professeur \u00e0 l&#8217;Acad\u00e9mie des beaux-arts de Gdansk. Ses objets uniques et ses meubles de petite s\u00e9rie, qui \u00e9taient pour la plupart fabriqu\u00e9s dans les ateliers de la Soci\u00e9t\u00e9 des arts industriels, \u00e9taient vendus dans les magasins de la Soci\u00e9t\u00e9. Dans la salle d&#8217;exposition appel\u00e9e Lak\u00e1skult\u00fara, qui \u00e9tait \u00e9galement une boutique, elle donnait \u00e9galement des consultations hebdomadaires en mati\u00e8re de d\u00e9coration int\u00e9rieure. Ses \u0153uvres reposent sur l&#8217;artisanat de la menuiserie qui existait encore \u00e0 l&#8217;\u00e9poque. Vers les ann\u00e9es 1950, elle a d\u00e9velopp\u00e9 le style sp\u00e9cifique de ses petits meubles, en mettant l&#8217;accent sur la plasticit\u00e9, en maintenant la polyvalence et la variabilit\u00e9. C&#8217;est ainsi qu&#8217;un des mod\u00e8les de ses autres fauteuils a \u00e9t\u00e9 s\u00e9lectionn\u00e9 pour l&#8217;exposition universelle de Bruxelles. Il est n\u00e9 \u00e0 la suite d&#8217;un processus au d\u00e9but des ann\u00e9es 60 sur le design &#8220;furry&#8221; (Budapest, Mus\u00e9e des arts appliqu\u00e9s), qui a \u00e9t\u00e9 produit avec succ\u00e8s pendant une d\u00e9cennie et demie, et est apparu dans de nombreux films comme un objet caract\u00e9ristique de l&#8217;\u00e9poque.<\/p>\n<p>n\u00b0 article SKU 417<\/p>\n<p>&nbsp;<\/p>","protected":false},"featured_media":315116,"template":"","meta":{"_et_pb_use_builder":"","_et_pb_old_content":"","_et_gb_content_width":""},"product_brand":[],"product_cat":[99,48],"product_tag":[],"proximite":[280,179],"class_list":{"0":"post-315100","1":"product","2":"type-product","3":"status-publish","4":"has-post-thumbnail","6":"product_cat-canape-fauteuil-pouf","7":"product_cat-sasseoir","8":"pa_couleur-vert","9":"pa_etat-tres-bon-etat","10":"pa_materiau-bois","11":"pa_style-vintage","12":"proximite-morges","13":"proximite-vaud","15":"first","16":"instock","17":"sale","18":"shipping-taxable","19":"purchasable","20":"product-type-simple"},"yoast_head":"<!-- This site is optimized with the Yoast SEO plugin v27.4 - https:\/\/yoast.com\/product\/yoast-seo-wordpress\/ -->\n<title>Paire de fauteuils hongrois de Julii Gaubek 60&#039;s | lalmachine.com<\/title>\n<meta name=\"description\" content=\"Paire de fauteuils, mod\u00e8le Hirondelle, con\u00e7us par Julii Gaubek. Fabriqu\u00e9s dans les ann\u00e9es 1960 dans l&#039;usine de meubles Gosciecinska.\" \/>\n<meta name=\"robots\" content=\"index, follow, max-snippet:-1, max-image-preview:large, max-video-preview:-1\" \/>\n<link rel=\"canonical\" href=\"https:\/\/lalmachine.com\/de\/shop\/sasseoir\/canape-fauteuil-pouf\/paire-de-fauteuils-hongrois-de-julii-gaubek-60s\/\" \/>\n<meta property=\"og:locale\" content=\"de_DE\" \/>\n<meta property=\"og:type\" content=\"article\" \/>\n<meta property=\"og:title\" content=\"Paire de fauteuils hongrois de Julii Gaubek 60&#039;s | lalmachine.com\" \/>\n<meta property=\"og:description\" content=\"Paire de fauteuils, mod\u00e8le Hirondelle, con\u00e7us par Julii Gaubek. Fabriqu\u00e9s dans les ann\u00e9es 1960 dans l&#039;usine de meubles Gosciecinska.\" \/>\n<meta property=\"og:url\" content=\"https:\/\/lalmachine.com\/de\/shop\/sasseoir\/canape-fauteuil-pouf\/paire-de-fauteuils-hongrois-de-julii-gaubek-60s\/\" \/>\n<meta property=\"og:site_name\" content=\"lalmachine.com\" \/>\n<meta property=\"article:publisher\" content=\"https:\/\/facebook.com\/lalmachine\" \/>\n<meta property=\"article:modified_time\" content=\"2026-02-13T14:45:54+00:00\" \/>\n<meta property=\"og:image\" content=\"https:\/\/lalmachine.com\/wp-content\/uploads\/2023\/10\/410-scaled_clipped_rev_1.jpeg\" \/>\n\t<meta property=\"og:image:width\" content=\"2554\" \/>\n\t<meta property=\"og:image:height\" content=\"2555\" \/>\n\t<meta property=\"og:image:type\" content=\"image\/jpeg\" \/>\n<meta name=\"twitter:card\" content=\"summary_large_image\" \/>\n<script type=\"application\/ld+json\" class=\"yoast-schema-graph\">{\"@context\":\"https:\\\/\\\/schema.org\",\"@graph\":[{\"@type\":\"WebPage\",\"@id\":\"https:\\\/\\\/lalmachine.com\\\/shop\\\/sasseoir\\\/canape-fauteuil-pouf\\\/paire-de-fauteuils-hongrois-de-julii-gaubek-60s\\\/\",\"url\":\"https:\\\/\\\/lalmachine.com\\\/shop\\\/sasseoir\\\/canape-fauteuil-pouf\\\/paire-de-fauteuils-hongrois-de-julii-gaubek-60s\\\/\",\"name\":\"Paire de fauteuils hongrois de Julii Gaubek 60's | lalmachine.com\",\"isPartOf\":{\"@id\":\"https:\\\/\\\/lalmachine.com\\\/#website\"},\"primaryImageOfPage\":{\"@id\":\"https:\\\/\\\/lalmachine.com\\\/shop\\\/sasseoir\\\/canape-fauteuil-pouf\\\/paire-de-fauteuils-hongrois-de-julii-gaubek-60s\\\/#primaryimage\"},\"image\":{\"@id\":\"https:\\\/\\\/lalmachine.com\\\/shop\\\/sasseoir\\\/canape-fauteuil-pouf\\\/paire-de-fauteuils-hongrois-de-julii-gaubek-60s\\\/#primaryimage\"},\"thumbnailUrl\":\"https:\\\/\\\/lalmachine.com\\\/wp-content\\\/uploads\\\/2023\\\/10\\\/410-scaled_clipped_rev_1.jpeg\",\"datePublished\":\"2023-10-16T10:07:24+00:00\",\"dateModified\":\"2026-02-13T14:45:54+00:00\",\"description\":\"Paire de fauteuils, mod\u00e8le Hirondelle, con\u00e7us par Julii Gaubek. Fabriqu\u00e9s dans les ann\u00e9es 1960 dans l'usine de meubles Gosciecinska.\",\"breadcrumb\":{\"@id\":\"https:\\\/\\\/lalmachine.com\\\/shop\\\/sasseoir\\\/canape-fauteuil-pouf\\\/paire-de-fauteuils-hongrois-de-julii-gaubek-60s\\\/#breadcrumb\"},\"inLanguage\":\"de\",\"potentialAction\":[{\"@type\":\"ReadAction\",\"target\":[\"https:\\\/\\\/lalmachine.com\\\/shop\\\/sasseoir\\\/canape-fauteuil-pouf\\\/paire-de-fauteuils-hongrois-de-julii-gaubek-60s\\\/\"]}]},{\"@type\":\"ImageObject\",\"inLanguage\":\"de\",\"@id\":\"https:\\\/\\\/lalmachine.com\\\/shop\\\/sasseoir\\\/canape-fauteuil-pouf\\\/paire-de-fauteuils-hongrois-de-julii-gaubek-60s\\\/#primaryimage\",\"url\":\"https:\\\/\\\/lalmachine.com\\\/wp-content\\\/uploads\\\/2023\\\/10\\\/410-scaled_clipped_rev_1.jpeg\",\"contentUrl\":\"https:\\\/\\\/lalmachine.com\\\/wp-content\\\/uploads\\\/2023\\\/10\\\/410-scaled_clipped_rev_1.jpeg\",\"width\":2554,\"height\":2555,\"caption\":\"Paire de fauteuils hongrois de Julii Gaubek 60's\"},{\"@type\":\"BreadcrumbList\",\"@id\":\"https:\\\/\\\/lalmachine.com\\\/shop\\\/sasseoir\\\/canape-fauteuil-pouf\\\/paire-de-fauteuils-hongrois-de-julii-gaubek-60s\\\/#breadcrumb\",\"itemListElement\":[{\"@type\":\"ListItem\",\"position\":1,\"name\":\"Accueil\",\"item\":\"https:\\\/\\\/lalmachine.com\\\/\"},{\"@type\":\"ListItem\",\"position\":2,\"name\":\"Shop\",\"item\":\"https:\\\/\\\/lalmachine.com\\\/shop\\\/\"},{\"@type\":\"ListItem\",\"position\":3,\"name\":\"Paire de fauteuils hongrois de Julii Gaubek 60&#8217;s\"}]},{\"@type\":\"WebSite\",\"@id\":\"https:\\\/\\\/lalmachine.com\\\/#website\",\"url\":\"https:\\\/\\\/lalmachine.com\\\/\",\"name\":\"lalmachine.com\",\"description\":\"Brocante en ligne Suisse | Mobilier et objets d\u00e9co vintage et design\",\"potentialAction\":[{\"@type\":\"SearchAction\",\"target\":{\"@type\":\"EntryPoint\",\"urlTemplate\":\"https:\\\/\\\/lalmachine.com\\\/?s={search_term_string}\"},\"query-input\":{\"@type\":\"PropertyValueSpecification\",\"valueRequired\":true,\"valueName\":\"search_term_string\"}}],\"inLanguage\":\"de\"}]}<\/script>\n<!-- \/ Yoast SEO plugin. -->","yoast_head_json":{"title":"Paire de fauteuils hongrois de Julii Gaubek 60's | lalmachine.com","description":"Paire de fauteuils, mod\u00e8le Hirondelle, con\u00e7us par Julii Gaubek. Fabriqu\u00e9s dans les ann\u00e9es 1960 dans l'usine de meubles Gosciecinska.","robots":{"index":"index","follow":"follow","max-snippet":"max-snippet:-1","max-image-preview":"max-image-preview:large","max-video-preview":"max-video-preview:-1"},"canonical":"https:\/\/lalmachine.com\/de\/shop\/sasseoir\/canape-fauteuil-pouf\/paire-de-fauteuils-hongrois-de-julii-gaubek-60s\/","og_locale":"de_DE","og_type":"article","og_title":"Paire de fauteuils hongrois de Julii Gaubek 60's | lalmachine.com","og_description":"Paire de fauteuils, mod\u00e8le Hirondelle, con\u00e7us par Julii Gaubek. Fabriqu\u00e9s dans les ann\u00e9es 1960 dans l'usine de meubles Gosciecinska.","og_url":"https:\/\/lalmachine.com\/de\/shop\/sasseoir\/canape-fauteuil-pouf\/paire-de-fauteuils-hongrois-de-julii-gaubek-60s\/","og_site_name":"lalmachine.com","article_publisher":"https:\/\/facebook.com\/lalmachine","article_modified_time":"2026-02-13T14:45:54+00:00","og_image":[{"width":2554,"height":2555,"url":"https:\/\/lalmachine.com\/wp-content\/uploads\/2023\/10\/410-scaled_clipped_rev_1.jpeg","type":"image\/jpeg"}],"twitter_card":"summary_large_image","schema":{"@context":"https:\/\/schema.org","@graph":[{"@type":"WebPage","@id":"https:\/\/lalmachine.com\/shop\/sasseoir\/canape-fauteuil-pouf\/paire-de-fauteuils-hongrois-de-julii-gaubek-60s\/","url":"https:\/\/lalmachine.com\/shop\/sasseoir\/canape-fauteuil-pouf\/paire-de-fauteuils-hongrois-de-julii-gaubek-60s\/","name":"Paire de fauteuils hongrois de Julii Gaubek 60's | lalmachine.com","isPartOf":{"@id":"https:\/\/lalmachine.com\/#website"},"primaryImageOfPage":{"@id":"https:\/\/lalmachine.com\/shop\/sasseoir\/canape-fauteuil-pouf\/paire-de-fauteuils-hongrois-de-julii-gaubek-60s\/#primaryimage"},"image":{"@id":"https:\/\/lalmachine.com\/shop\/sasseoir\/canape-fauteuil-pouf\/paire-de-fauteuils-hongrois-de-julii-gaubek-60s\/#primaryimage"},"thumbnailUrl":"https:\/\/lalmachine.com\/wp-content\/uploads\/2023\/10\/410-scaled_clipped_rev_1.jpeg","datePublished":"2023-10-16T10:07:24+00:00","dateModified":"2026-02-13T14:45:54+00:00","description":"Paire de fauteuils, mod\u00e8le Hirondelle, con\u00e7us par Julii Gaubek. Fabriqu\u00e9s dans les ann\u00e9es 1960 dans l'usine de meubles Gosciecinska.","breadcrumb":{"@id":"https:\/\/lalmachine.com\/shop\/sasseoir\/canape-fauteuil-pouf\/paire-de-fauteuils-hongrois-de-julii-gaubek-60s\/#breadcrumb"},"inLanguage":"de","potentialAction":[{"@type":"ReadAction","target":["https:\/\/lalmachine.com\/shop\/sasseoir\/canape-fauteuil-pouf\/paire-de-fauteuils-hongrois-de-julii-gaubek-60s\/"]}]},{"@type":"ImageObject","inLanguage":"de","@id":"https:\/\/lalmachine.com\/shop\/sasseoir\/canape-fauteuil-pouf\/paire-de-fauteuils-hongrois-de-julii-gaubek-60s\/#primaryimage","url":"https:\/\/lalmachine.com\/wp-content\/uploads\/2023\/10\/410-scaled_clipped_rev_1.jpeg","contentUrl":"https:\/\/lalmachine.com\/wp-content\/uploads\/2023\/10\/410-scaled_clipped_rev_1.jpeg","width":2554,"height":2555,"caption":"Paire de fauteuils hongrois de Julii Gaubek 60's"},{"@type":"BreadcrumbList","@id":"https:\/\/lalmachine.com\/shop\/sasseoir\/canape-fauteuil-pouf\/paire-de-fauteuils-hongrois-de-julii-gaubek-60s\/#breadcrumb","itemListElement":[{"@type":"ListItem","position":1,"name":"Accueil","item":"https:\/\/lalmachine.com\/"},{"@type":"ListItem","position":2,"name":"Shop","item":"https:\/\/lalmachine.com\/shop\/"},{"@type":"ListItem","position":3,"name":"Paire de fauteuils hongrois de Julii Gaubek 60&#8217;s"}]},{"@type":"WebSite","@id":"https:\/\/lalmachine.com\/#website","url":"https:\/\/lalmachine.com\/","name":"lalmachine.com","description":"Brocante en ligne Suisse | Mobilier et objets d\u00e9co vintage et design","potentialAction":[{"@type":"SearchAction","target":{"@type":"EntryPoint","urlTemplate":"https:\/\/lalmachine.com\/?s={search_term_string}"},"query-input":{"@type":"PropertyValueSpecification","valueRequired":true,"valueName":"search_term_string"}}],"inLanguage":"de"}]}},"_links":{"self":[{"href":"https:\/\/lalmachine.com\/de\/wp-json\/wp\/v2\/product\/315100","targetHints":{"allow":["GET"]}}],"collection":[{"href":"https:\/\/lalmachine.com\/de\/wp-json\/wp\/v2\/product"}],"about":[{"href":"https:\/\/lalmachine.com\/de\/wp-json\/wp\/v2\/types\/product"}],"wp:featuredmedia":[{"embeddable":true,"href":"https:\/\/lalmachine.com\/de\/wp-json\/wp\/v2\/media\/315116"}],"wp:attachment":[{"href":"https:\/\/lalmachine.com\/de\/wp-json\/wp\/v2\/media?parent=315100"}],"wp:term":[{"taxonomy":"product_brand","embeddable":true,"href":"https:\/\/lalmachine.com\/de\/wp-json\/wp\/v2\/product_brand?post=315100"},{"taxonomy":"product_cat","embeddable":true,"href":"https:\/\/lalmachine.com\/de\/wp-json\/wp\/v2\/product_cat?post=315100"},{"taxonomy":"product_tag","embeddable":true,"href":"https:\/\/lalmachine.com\/de\/wp-json\/wp\/v2\/product_tag?post=315100"},{"taxonomy":"proximite","embeddable":true,"href":"https:\/\/lalmachine.com\/de\/wp-json\/wp\/v2\/proximite?post=315100"}],"curies":[{"name":"wp","href":"https:\/\/api.w.org\/{rel}","templated":true}]}}