{"id":317978,"date":"2023-11-22T08:55:15","date_gmt":"2023-11-22T07:55:15","guid":{"rendered":"https:\/\/lalmachine.com\/?post_type=product&#038;p=317978"},"modified":"2025-09-25T11:36:46","modified_gmt":"2025-09-25T09:36:46","slug":"pharmacie-meuble-dentree","status":"publish","type":"product","link":"https:\/\/lalmachine.com\/de\/shop\/decorer\/petit-rangement\/pharmacie-meuble-dentree\/","title":{"rendered":"Pharmacie \/ meuble d&#8217;entr\u00e9e"},"content":{"rendered":"<ul class=\"wpuf_customs\"><li style=\"list-style-type:none;\"><label>Autres photos:<\/label> <a href=\"https:\/\/lalmachine.com\/wp-content\/uploads\/2023\/11\/photo_2023-11-20-15.46.39.jpeg\"><img loading=\"lazy\" decoding=\"async\" width=\"72\" height=\"96\" src=\"https:\/\/lalmachine.com\/wp-content\/uploads\/2023\/11\/photo_2023-11-20-15.46.39.jpeg\" class=\"attachment-thumbnail size-thumbnail\" alt=\"\" \/><\/a> <a href=\"https:\/\/lalmachine.com\/wp-content\/uploads\/2023\/11\/photo_2023-11-20-15.46.41.jpeg\"><img loading=\"lazy\" decoding=\"async\" width=\"72\" height=\"96\" src=\"https:\/\/lalmachine.com\/wp-content\/uploads\/2023\/11\/photo_2023-11-20-15.46.41.jpeg\" class=\"attachment-thumbnail size-thumbnail\" alt=\"\" \/><\/a> <a href=\"https:\/\/lalmachine.com\/wp-content\/uploads\/2023\/11\/photo_2023-11-20-15.46.48.jpeg\"><img loading=\"lazy\" decoding=\"async\" width=\"72\" height=\"96\" src=\"https:\/\/lalmachine.com\/wp-content\/uploads\/2023\/11\/photo_2023-11-20-15.46.48.jpeg\" class=\"attachment-thumbnail size-thumbnail\" alt=\"\" \/><\/a> <a href=\"https:\/\/lalmachine.com\/wp-content\/uploads\/2023\/11\/photo_2023-11-20-15.46.51.jpeg\"><img loading=\"lazy\" decoding=\"async\" width=\"72\" height=\"96\" src=\"https:\/\/lalmachine.com\/wp-content\/uploads\/2023\/11\/photo_2023-11-20-15.46.51.jpeg\" class=\"attachment-thumbnail size-thumbnail\" alt=\"\" \/><\/a> <a href=\"https:\/\/lalmachine.com\/wp-content\/uploads\/2023\/11\/photo_2023-11-20-15.46.54.jpeg\"><img loading=\"lazy\" decoding=\"async\" width=\"72\" height=\"96\" src=\"https:\/\/lalmachine.com\/wp-content\/uploads\/2023\/11\/photo_2023-11-20-15.46.54.jpeg\" class=\"attachment-thumbnail size-thumbnail\" alt=\"\" \/><\/a> <a href=\"https:\/\/lalmachine.com\/wp-content\/uploads\/2023\/11\/photo_2023-11-20-15.46.57.jpeg\"><img loading=\"lazy\" decoding=\"async\" width=\"72\" height=\"96\" src=\"https:\/\/lalmachine.com\/wp-content\/uploads\/2023\/11\/photo_2023-11-20-15.46.57.jpeg\" class=\"attachment-thumbnail size-thumbnail\" alt=\"\" \/><\/a> <\/li>        <li class=\"wpuf-field-data wpuf-field-data-numeric_text_field\">\n                            <label>Prix:<\/label>\n                        40        <\/li>\n                <li class=\"wpuf-field-data wpuf-field-data-numeric_text_field\">\n                            <label>Quantit\u00e9:<\/label>\n                        1        <\/li>\n                <li class=\"wpuf-field-data wpuf-field-data-numeric_text_field\">\n                            <label>Hauteur (cm):<\/label>\n                        43        <\/li>\n                <li class=\"wpuf-field-data wpuf-field-data-numeric_text_field\">\n                            <label>Largeur (cm):<\/label>\n                        31        <\/li>\n                <li class=\"wpuf-field-data wpuf-field-data-numeric_text_field\">\n                            <label>Profondeur (cm):<\/label>\n                        11        <\/li>\n        <\/ul>","protected":false},"excerpt":{"rendered":"<p>Pour cl\u00e9s ou produits.<br \/>\nAvec \u00e9l\u00e9ments coll\u00e9s \u00e0 la colle, probablement d\u00e9montables selon envie.<\/p>","protected":false},"featured_media":318029,"template":"","meta":{"_et_pb_use_builder":"","_et_pb_old_content":"","_et_gb_content_width":""},"product_brand":[],"product_cat":[50,92],"product_tag":[],"proximite":[181],"class_list":{"0":"post-317978","1":"product","2":"type-product","3":"status-publish","4":"has-post-thumbnail","6":"product_cat-decorer","7":"product_cat-petit-rangement","8":"product_shipping_class-2-10-kg","9":"pa_couleur-bois","10":"pa_etat-dans-son-jus","11":"pa_materiau-bois","12":"pa_style-vintage","13":"proximite-berne","15":"first","16":"instock","17":"sale","18":"shipping-taxable","19":"purchasable","20":"product-type-simple"},"yoast_head":"<!-- This site is optimized with the Yoast SEO plugin v27.4 - https:\/\/yoast.com\/product\/yoast-seo-wordpress\/ -->\n<title>Pharmacie \/ meuble d&#039;entr\u00e9e | lalmachine.com<\/title>\n<meta name=\"description\" content=\"Pour cl\u00e9s ou produits. Avec \u00e9l\u00e9ments coll\u00e9s \u00e0 la colle, probablement d\u00e9montables selon envie.\" \/>\n<meta name=\"robots\" content=\"index, follow, max-snippet:-1, max-image-preview:large, max-video-preview:-1\" \/>\n<link rel=\"canonical\" href=\"https:\/\/lalmachine.com\/de\/shop\/decorer\/petit-rangement\/pharmacie-meuble-dentree\/\" \/>\n<meta property=\"og:locale\" content=\"de_DE\" \/>\n<meta property=\"og:type\" content=\"article\" \/>\n<meta property=\"og:title\" content=\"Pharmacie \/ meuble d&#039;entr\u00e9e | lalmachine.com\" \/>\n<meta property=\"og:description\" content=\"Pour cl\u00e9s ou produits. Avec \u00e9l\u00e9ments coll\u00e9s \u00e0 la colle, probablement d\u00e9montables selon envie.\" \/>\n<meta property=\"og:url\" content=\"https:\/\/lalmachine.com\/de\/shop\/decorer\/petit-rangement\/pharmacie-meuble-dentree\/\" \/>\n<meta property=\"og:site_name\" content=\"lalmachine.com\" \/>\n<meta property=\"article:publisher\" content=\"https:\/\/facebook.com\/lalmachine\" \/>\n<meta property=\"article:modified_time\" content=\"2025-09-25T09:36:46+00:00\" \/>\n<meta property=\"og:image\" content=\"https:\/\/lalmachine.com\/wp-content\/uploads\/2023\/11\/photo_2023-11-20-15.46.45_clipped_rev_1.jpeg\" \/>\n\t<meta property=\"og:image:width\" content=\"1630\" \/>\n\t<meta property=\"og:image:height\" content=\"1630\" \/>\n\t<meta property=\"og:image:type\" content=\"image\/jpeg\" \/>\n<meta name=\"twitter:card\" content=\"summary_large_image\" \/>\n<script type=\"application\/ld+json\" class=\"yoast-schema-graph\">{\"@context\":\"https:\\\/\\\/schema.org\",\"@graph\":[{\"@type\":\"WebPage\",\"@id\":\"https:\\\/\\\/lalmachine.com\\\/shop\\\/decorer\\\/petit-rangement\\\/pharmacie-meuble-dentree\\\/\",\"url\":\"https:\\\/\\\/lalmachine.com\\\/shop\\\/decorer\\\/petit-rangement\\\/pharmacie-meuble-dentree\\\/\",\"name\":\"Pharmacie \\\/ meuble d'entr\u00e9e | lalmachine.com\",\"isPartOf\":{\"@id\":\"https:\\\/\\\/lalmachine.com\\\/#website\"},\"primaryImageOfPage\":{\"@id\":\"https:\\\/\\\/lalmachine.com\\\/shop\\\/decorer\\\/petit-rangement\\\/pharmacie-meuble-dentree\\\/#primaryimage\"},\"image\":{\"@id\":\"https:\\\/\\\/lalmachine.com\\\/shop\\\/decorer\\\/petit-rangement\\\/pharmacie-meuble-dentree\\\/#primaryimage\"},\"thumbnailUrl\":\"https:\\\/\\\/lalmachine.com\\\/wp-content\\\/uploads\\\/2023\\\/11\\\/photo_2023-11-20-15.46.45_clipped_rev_1.jpeg\",\"datePublished\":\"2023-11-22T07:55:15+00:00\",\"dateModified\":\"2025-09-25T09:36:46+00:00\",\"description\":\"Pour cl\u00e9s ou produits. Avec \u00e9l\u00e9ments coll\u00e9s \u00e0 la colle, probablement d\u00e9montables selon envie.\",\"breadcrumb\":{\"@id\":\"https:\\\/\\\/lalmachine.com\\\/shop\\\/decorer\\\/petit-rangement\\\/pharmacie-meuble-dentree\\\/#breadcrumb\"},\"inLanguage\":\"de\",\"potentialAction\":[{\"@type\":\"ReadAction\",\"target\":[\"https:\\\/\\\/lalmachine.com\\\/shop\\\/decorer\\\/petit-rangement\\\/pharmacie-meuble-dentree\\\/\"]}]},{\"@type\":\"ImageObject\",\"inLanguage\":\"de\",\"@id\":\"https:\\\/\\\/lalmachine.com\\\/shop\\\/decorer\\\/petit-rangement\\\/pharmacie-meuble-dentree\\\/#primaryimage\",\"url\":\"https:\\\/\\\/lalmachine.com\\\/wp-content\\\/uploads\\\/2023\\\/11\\\/photo_2023-11-20-15.46.45_clipped_rev_1.jpeg\",\"contentUrl\":\"https:\\\/\\\/lalmachine.com\\\/wp-content\\\/uploads\\\/2023\\\/11\\\/photo_2023-11-20-15.46.45_clipped_rev_1.jpeg\",\"width\":1630,\"height\":1630},{\"@type\":\"BreadcrumbList\",\"@id\":\"https:\\\/\\\/lalmachine.com\\\/shop\\\/decorer\\\/petit-rangement\\\/pharmacie-meuble-dentree\\\/#breadcrumb\",\"itemListElement\":[{\"@type\":\"ListItem\",\"position\":1,\"name\":\"Accueil\",\"item\":\"https:\\\/\\\/lalmachine.com\\\/\"},{\"@type\":\"ListItem\",\"position\":2,\"name\":\"Shop\",\"item\":\"https:\\\/\\\/lalmachine.com\\\/shop\\\/\"},{\"@type\":\"ListItem\",\"position\":3,\"name\":\"Pharmacie \\\/ meuble d&#8217;entr\u00e9e\"}]},{\"@type\":\"WebSite\",\"@id\":\"https:\\\/\\\/lalmachine.com\\\/#website\",\"url\":\"https:\\\/\\\/lalmachine.com\\\/\",\"name\":\"lalmachine.com\",\"description\":\"Brocante en ligne Suisse | Mobilier et objets d\u00e9co vintage et design\",\"potentialAction\":[{\"@type\":\"SearchAction\",\"target\":{\"@type\":\"EntryPoint\",\"urlTemplate\":\"https:\\\/\\\/lalmachine.com\\\/?s={search_term_string}\"},\"query-input\":{\"@type\":\"PropertyValueSpecification\",\"valueRequired\":true,\"valueName\":\"search_term_string\"}}],\"inLanguage\":\"de\"}]}<\/script>\n<!-- \/ Yoast SEO plugin. -->","yoast_head_json":{"title":"Pharmacie \/ meuble d'entr\u00e9e | lalmachine.com","description":"Pour cl\u00e9s ou produits. Avec \u00e9l\u00e9ments coll\u00e9s \u00e0 la colle, probablement d\u00e9montables selon envie.","robots":{"index":"index","follow":"follow","max-snippet":"max-snippet:-1","max-image-preview":"max-image-preview:large","max-video-preview":"max-video-preview:-1"},"canonical":"https:\/\/lalmachine.com\/de\/shop\/decorer\/petit-rangement\/pharmacie-meuble-dentree\/","og_locale":"de_DE","og_type":"article","og_title":"Pharmacie \/ meuble d'entr\u00e9e | lalmachine.com","og_description":"Pour cl\u00e9s ou produits. Avec \u00e9l\u00e9ments coll\u00e9s \u00e0 la colle, probablement d\u00e9montables selon envie.","og_url":"https:\/\/lalmachine.com\/de\/shop\/decorer\/petit-rangement\/pharmacie-meuble-dentree\/","og_site_name":"lalmachine.com","article_publisher":"https:\/\/facebook.com\/lalmachine","article_modified_time":"2025-09-25T09:36:46+00:00","og_image":[{"width":1630,"height":1630,"url":"https:\/\/lalmachine.com\/wp-content\/uploads\/2023\/11\/photo_2023-11-20-15.46.45_clipped_rev_1.jpeg","type":"image\/jpeg"}],"twitter_card":"summary_large_image","schema":{"@context":"https:\/\/schema.org","@graph":[{"@type":"WebPage","@id":"https:\/\/lalmachine.com\/shop\/decorer\/petit-rangement\/pharmacie-meuble-dentree\/","url":"https:\/\/lalmachine.com\/shop\/decorer\/petit-rangement\/pharmacie-meuble-dentree\/","name":"Pharmacie \/ meuble d'entr\u00e9e | lalmachine.com","isPartOf":{"@id":"https:\/\/lalmachine.com\/#website"},"primaryImageOfPage":{"@id":"https:\/\/lalmachine.com\/shop\/decorer\/petit-rangement\/pharmacie-meuble-dentree\/#primaryimage"},"image":{"@id":"https:\/\/lalmachine.com\/shop\/decorer\/petit-rangement\/pharmacie-meuble-dentree\/#primaryimage"},"thumbnailUrl":"https:\/\/lalmachine.com\/wp-content\/uploads\/2023\/11\/photo_2023-11-20-15.46.45_clipped_rev_1.jpeg","datePublished":"2023-11-22T07:55:15+00:00","dateModified":"2025-09-25T09:36:46+00:00","description":"Pour cl\u00e9s ou produits. Avec \u00e9l\u00e9ments coll\u00e9s \u00e0 la colle, probablement d\u00e9montables selon envie.","breadcrumb":{"@id":"https:\/\/lalmachine.com\/shop\/decorer\/petit-rangement\/pharmacie-meuble-dentree\/#breadcrumb"},"inLanguage":"de","potentialAction":[{"@type":"ReadAction","target":["https:\/\/lalmachine.com\/shop\/decorer\/petit-rangement\/pharmacie-meuble-dentree\/"]}]},{"@type":"ImageObject","inLanguage":"de","@id":"https:\/\/lalmachine.com\/shop\/decorer\/petit-rangement\/pharmacie-meuble-dentree\/#primaryimage","url":"https:\/\/lalmachine.com\/wp-content\/uploads\/2023\/11\/photo_2023-11-20-15.46.45_clipped_rev_1.jpeg","contentUrl":"https:\/\/lalmachine.com\/wp-content\/uploads\/2023\/11\/photo_2023-11-20-15.46.45_clipped_rev_1.jpeg","width":1630,"height":1630},{"@type":"BreadcrumbList","@id":"https:\/\/lalmachine.com\/shop\/decorer\/petit-rangement\/pharmacie-meuble-dentree\/#breadcrumb","itemListElement":[{"@type":"ListItem","position":1,"name":"Accueil","item":"https:\/\/lalmachine.com\/"},{"@type":"ListItem","position":2,"name":"Shop","item":"https:\/\/lalmachine.com\/shop\/"},{"@type":"ListItem","position":3,"name":"Pharmacie \/ meuble d&#8217;entr\u00e9e"}]},{"@type":"WebSite","@id":"https:\/\/lalmachine.com\/#website","url":"https:\/\/lalmachine.com\/","name":"lalmachine.com","description":"Brocante en ligne Suisse | Mobilier et objets d\u00e9co vintage et design","potentialAction":[{"@type":"SearchAction","target":{"@type":"EntryPoint","urlTemplate":"https:\/\/lalmachine.com\/?s={search_term_string}"},"query-input":{"@type":"PropertyValueSpecification","valueRequired":true,"valueName":"search_term_string"}}],"inLanguage":"de"}]}},"_links":{"self":[{"href":"https:\/\/lalmachine.com\/de\/wp-json\/wp\/v2\/product\/317978","targetHints":{"allow":["GET"]}}],"collection":[{"href":"https:\/\/lalmachine.com\/de\/wp-json\/wp\/v2\/product"}],"about":[{"href":"https:\/\/lalmachine.com\/de\/wp-json\/wp\/v2\/types\/product"}],"wp:featuredmedia":[{"embeddable":true,"href":"https:\/\/lalmachine.com\/de\/wp-json\/wp\/v2\/media\/318029"}],"wp:attachment":[{"href":"https:\/\/lalmachine.com\/de\/wp-json\/wp\/v2\/media?parent=317978"}],"wp:term":[{"taxonomy":"product_brand","embeddable":true,"href":"https:\/\/lalmachine.com\/de\/wp-json\/wp\/v2\/product_brand?post=317978"},{"taxonomy":"product_cat","embeddable":true,"href":"https:\/\/lalmachine.com\/de\/wp-json\/wp\/v2\/product_cat?post=317978"},{"taxonomy":"product_tag","embeddable":true,"href":"https:\/\/lalmachine.com\/de\/wp-json\/wp\/v2\/product_tag?post=317978"},{"taxonomy":"proximite","embeddable":true,"href":"https:\/\/lalmachine.com\/de\/wp-json\/wp\/v2\/proximite?post=317978"}],"curies":[{"name":"wp","href":"https:\/\/api.w.org\/{rel}","templated":true}]}}