{"id":318156,"date":"2023-11-23T15:08:10","date_gmt":"2023-11-23T14:08:10","guid":{"rendered":"https:\/\/lalmachine.com\/?post_type=product&#038;p=318156"},"modified":"2024-12-05T22:03:26","modified_gmt":"2024-12-05T21:03:26","slug":"fauteuil-en-daim-de-lush-co-germany-1960s","status":"publish","type":"product","link":"https:\/\/lalmachine.com\/de\/shop\/sasseoir\/canape-fauteuil-pouf\/fauteuil-en-daim-de-lush-co-germany-1960s\/","title":{"rendered":"Fauteuil en daim de Lush &amp;Co &#8211; Germany 1960&rsquo;s"},"content":{"rendered":"<ul class=\"wpuf_customs\"><li style=\"list-style-type:none;\"><label>Autres photos:<\/label> <a href=\"https:\/\/lalmachine.com\/wp-content\/uploads\/2023\/11\/C1955EE2-1F45-4B63-922F-3D6132D8A694_1_201_a-scaled.jpeg\"><img loading=\"lazy\" decoding=\"async\" width=\"96\" height=\"96\" src=\"https:\/\/lalmachine.com\/wp-content\/uploads\/2023\/11\/C1955EE2-1F45-4B63-922F-3D6132D8A694_1_201_a-scaled.jpeg\" class=\"attachment-thumbnail size-thumbnail\" alt=\"\" \/><\/a> <a href=\"https:\/\/lalmachine.com\/wp-content\/uploads\/2023\/11\/04B27269-AF9B-4B7A-B4CD-C25953AF5C34_1_201_a-scaled.jpeg\"><img loading=\"lazy\" decoding=\"async\" width=\"96\" height=\"96\" src=\"https:\/\/lalmachine.com\/wp-content\/uploads\/2023\/11\/04B27269-AF9B-4B7A-B4CD-C25953AF5C34_1_201_a-scaled.jpeg\" class=\"attachment-thumbnail size-thumbnail\" alt=\"\" \/><\/a> <a href=\"https:\/\/lalmachine.com\/wp-content\/uploads\/2023\/11\/FACC4013-1285-4C32-BE02-F4A3C4428E00_1_201_a-scaled.jpeg\"><img loading=\"lazy\" decoding=\"async\" width=\"96\" height=\"96\" src=\"https:\/\/lalmachine.com\/wp-content\/uploads\/2023\/11\/FACC4013-1285-4C32-BE02-F4A3C4428E00_1_201_a-scaled.jpeg\" class=\"attachment-thumbnail size-thumbnail\" alt=\"\" \/><\/a> <a href=\"https:\/\/lalmachine.com\/wp-content\/uploads\/2023\/11\/51AD0F84-D7BD-4052-B935-5BBAF14A9E88_1_201_a-scaled.jpeg\"><img loading=\"lazy\" decoding=\"async\" width=\"96\" height=\"96\" src=\"https:\/\/lalmachine.com\/wp-content\/uploads\/2023\/11\/51AD0F84-D7BD-4052-B935-5BBAF14A9E88_1_201_a-scaled.jpeg\" class=\"attachment-thumbnail size-thumbnail\" alt=\"\" \/><\/a> <a href=\"https:\/\/lalmachine.com\/wp-content\/uploads\/2023\/11\/F1110EC3-50F6-4519-B1D5-6CF917F93D4E-scaled.jpeg\"><img loading=\"lazy\" decoding=\"async\" width=\"96\" height=\"96\" src=\"https:\/\/lalmachine.com\/wp-content\/uploads\/2023\/11\/F1110EC3-50F6-4519-B1D5-6CF917F93D4E-scaled.jpeg\" class=\"attachment-thumbnail size-thumbnail\" alt=\"\" \/><\/a> <a href=\"https:\/\/lalmachine.com\/wp-content\/uploads\/2023\/11\/B502ACEE-BBD0-4452-AEBC-582D837D0BFE_1_201_a-scaled.jpeg\"><img loading=\"lazy\" decoding=\"async\" width=\"96\" height=\"96\" src=\"https:\/\/lalmachine.com\/wp-content\/uploads\/2023\/11\/B502ACEE-BBD0-4452-AEBC-582D837D0BFE_1_201_a-scaled.jpeg\" class=\"attachment-thumbnail size-thumbnail\" alt=\"\" \/><\/a> <a href=\"https:\/\/lalmachine.com\/wp-content\/uploads\/2023\/11\/4CB77706-3BBA-4AB4-9CF9-55C3C029B3B8_1_201_a-scaled.jpeg\"><img loading=\"lazy\" decoding=\"async\" width=\"96\" height=\"96\" src=\"https:\/\/lalmachine.com\/wp-content\/uploads\/2023\/11\/4CB77706-3BBA-4AB4-9CF9-55C3C029B3B8_1_201_a-scaled.jpeg\" class=\"attachment-thumbnail size-thumbnail\" alt=\"\" \/><\/a> <\/li>        <li class=\"wpuf-field-data wpuf-field-data-numeric_text_field\">\n                            <label>Prix:<\/label>\n                        460        <\/li>\n                <li class=\"wpuf-field-data wpuf-field-data-numeric_text_field\">\n                            <label>Quantit\u00e9:<\/label>\n                        0        <\/li>\n                <li class=\"wpuf-field-data wpuf-field-data-numeric_text_field\">\n                            <label>Hauteur (cm):<\/label>\n                        70        <\/li>\n                <li class=\"wpuf-field-data wpuf-field-data-numeric_text_field\">\n                            <label>Largeur (cm):<\/label>\n                        67        <\/li>\n                <li class=\"wpuf-field-data wpuf-field-data-numeric_text_field\">\n                            <label>Profondeur (cm):<\/label>\n                        70        <\/li>\n        <\/ul>","protected":false},"excerpt":{"rendered":"<p>Fauteuil ballon de Lusch Erzeugnis, \u00e9dit\u00e9 en Allemagne dans les ann\u00e9es 60, par Lusch &amp; Co.<br \/>\nAssise avec rev\u00eatement en daim mont\u00e9e sur un cadre en acier, joliment entrelac\u00e9e \u00e0 l&rsquo;arri\u00e8re.<br \/>\nTr\u00e8s confortable et enveloppant, ce fauteuil lounge vintage apporte une jolie d\u00e9coration organique et chaleureuse.<\/p>\n<p>Quelques traces du temps sur l&rsquo;assise conforme aux photos.<\/p>","protected":false},"featured_media":318183,"template":"","meta":{"_et_pb_use_builder":"","_et_pb_old_content":"","_et_gb_content_width":""},"product_brand":[],"product_cat":[99,48],"product_tag":[],"proximite":[283,179],"class_list":{"0":"post-318156","1":"product","2":"type-product","3":"status-publish","4":"has-post-thumbnail","6":"product_cat-canape-fauteuil-pouf","7":"product_cat-sasseoir","8":"pa_couleur-marron","9":"pa_etat-bon-etat","10":"pa_materiau-cuir","11":"pa_style-vintage","12":"proximite-riviera-pays-denhaut","13":"proximite-vaud","15":"first","16":"outofstock","17":"sale","18":"shipping-taxable","19":"purchasable","20":"product-type-simple"},"yoast_head":"<!-- This site is optimized with the Yoast SEO plugin v27.4 - https:\/\/yoast.com\/product\/yoast-seo-wordpress\/ -->\n<title>Fauteuil en daim de Lush &amp;Co - Germany 1960&#039;s | lalmachine.com<\/title>\n<meta name=\"description\" content=\"Fauteuil ballon de Lusch Erzeugnis, \u00e9dit\u00e9 en Allemagne dans les ann\u00e9es 60, par Lusch &amp; Co. Assise avec rev\u00eatement en daim.\" \/>\n<meta name=\"robots\" content=\"index, follow, max-snippet:-1, max-image-preview:large, max-video-preview:-1\" \/>\n<link rel=\"canonical\" href=\"https:\/\/lalmachine.com\/de\/shop\/sasseoir\/canape-fauteuil-pouf\/fauteuil-en-daim-de-lush-co-germany-1960s\/\" \/>\n<meta property=\"og:locale\" content=\"de_DE\" \/>\n<meta property=\"og:type\" content=\"article\" \/>\n<meta property=\"og:title\" content=\"Fauteuil en daim de Lush &amp;Co - Germany 1960&#039;s | lalmachine.com\" \/>\n<meta property=\"og:description\" content=\"Fauteuil ballon de Lusch Erzeugnis, \u00e9dit\u00e9 en Allemagne dans les ann\u00e9es 60, par Lusch &amp; Co. Assise avec rev\u00eatement en daim.\" \/>\n<meta property=\"og:url\" content=\"https:\/\/lalmachine.com\/de\/shop\/sasseoir\/canape-fauteuil-pouf\/fauteuil-en-daim-de-lush-co-germany-1960s\/\" \/>\n<meta property=\"og:site_name\" content=\"lalmachine.com\" \/>\n<meta property=\"article:publisher\" content=\"https:\/\/facebook.com\/lalmachine\" \/>\n<meta property=\"article:modified_time\" content=\"2024-12-05T21:03:26+00:00\" \/>\n<meta property=\"og:image\" content=\"https:\/\/lalmachine.com\/wp-content\/uploads\/2023\/11\/5147CF62-09C7-4565-8A42-59A02DFFB344_1_201_a-scaled_clipped_rev_1.jpeg\" \/>\n\t<meta property=\"og:image:width\" content=\"2356\" \/>\n\t<meta property=\"og:image:height\" content=\"2357\" \/>\n\t<meta property=\"og:image:type\" content=\"image\/jpeg\" \/>\n<meta name=\"twitter:card\" content=\"summary_large_image\" \/>\n<script type=\"application\/ld+json\" class=\"yoast-schema-graph\">{\"@context\":\"https:\\\/\\\/schema.org\",\"@graph\":[{\"@type\":\"WebPage\",\"@id\":\"https:\\\/\\\/lalmachine.com\\\/shop\\\/sasseoir\\\/canape-fauteuil-pouf\\\/fauteuil-en-daim-de-lush-co-germany-1960s\\\/\",\"url\":\"https:\\\/\\\/lalmachine.com\\\/shop\\\/sasseoir\\\/canape-fauteuil-pouf\\\/fauteuil-en-daim-de-lush-co-germany-1960s\\\/\",\"name\":\"Fauteuil en daim de Lush &amp;Co - Germany 1960's | lalmachine.com\",\"isPartOf\":{\"@id\":\"https:\\\/\\\/lalmachine.com\\\/#website\"},\"primaryImageOfPage\":{\"@id\":\"https:\\\/\\\/lalmachine.com\\\/shop\\\/sasseoir\\\/canape-fauteuil-pouf\\\/fauteuil-en-daim-de-lush-co-germany-1960s\\\/#primaryimage\"},\"image\":{\"@id\":\"https:\\\/\\\/lalmachine.com\\\/shop\\\/sasseoir\\\/canape-fauteuil-pouf\\\/fauteuil-en-daim-de-lush-co-germany-1960s\\\/#primaryimage\"},\"thumbnailUrl\":\"https:\\\/\\\/lalmachine.com\\\/wp-content\\\/uploads\\\/2023\\\/11\\\/5147CF62-09C7-4565-8A42-59A02DFFB344_1_201_a-scaled_clipped_rev_1.jpeg\",\"datePublished\":\"2023-11-23T14:08:10+00:00\",\"dateModified\":\"2024-12-05T21:03:26+00:00\",\"description\":\"Fauteuil ballon de Lusch Erzeugnis, \u00e9dit\u00e9 en Allemagne dans les ann\u00e9es 60, par Lusch & Co. Assise avec rev\u00eatement en daim.\",\"breadcrumb\":{\"@id\":\"https:\\\/\\\/lalmachine.com\\\/shop\\\/sasseoir\\\/canape-fauteuil-pouf\\\/fauteuil-en-daim-de-lush-co-germany-1960s\\\/#breadcrumb\"},\"inLanguage\":\"de\",\"potentialAction\":[{\"@type\":\"ReadAction\",\"target\":[\"https:\\\/\\\/lalmachine.com\\\/shop\\\/sasseoir\\\/canape-fauteuil-pouf\\\/fauteuil-en-daim-de-lush-co-germany-1960s\\\/\"]}]},{\"@type\":\"ImageObject\",\"inLanguage\":\"de\",\"@id\":\"https:\\\/\\\/lalmachine.com\\\/shop\\\/sasseoir\\\/canape-fauteuil-pouf\\\/fauteuil-en-daim-de-lush-co-germany-1960s\\\/#primaryimage\",\"url\":\"https:\\\/\\\/lalmachine.com\\\/wp-content\\\/uploads\\\/2023\\\/11\\\/5147CF62-09C7-4565-8A42-59A02DFFB344_1_201_a-scaled_clipped_rev_1.jpeg\",\"contentUrl\":\"https:\\\/\\\/lalmachine.com\\\/wp-content\\\/uploads\\\/2023\\\/11\\\/5147CF62-09C7-4565-8A42-59A02DFFB344_1_201_a-scaled_clipped_rev_1.jpeg\",\"width\":2356,\"height\":2357,\"caption\":\"Fauteuil en daim de Lush &Co - Germany 1960's\"},{\"@type\":\"BreadcrumbList\",\"@id\":\"https:\\\/\\\/lalmachine.com\\\/shop\\\/sasseoir\\\/canape-fauteuil-pouf\\\/fauteuil-en-daim-de-lush-co-germany-1960s\\\/#breadcrumb\",\"itemListElement\":[{\"@type\":\"ListItem\",\"position\":1,\"name\":\"Accueil\",\"item\":\"https:\\\/\\\/lalmachine.com\\\/\"},{\"@type\":\"ListItem\",\"position\":2,\"name\":\"Shop\",\"item\":\"https:\\\/\\\/lalmachine.com\\\/shop\\\/\"},{\"@type\":\"ListItem\",\"position\":3,\"name\":\"Fauteuil en daim de Lush &amp;Co &#8211; Germany 1960&#8217;s\"}]},{\"@type\":\"WebSite\",\"@id\":\"https:\\\/\\\/lalmachine.com\\\/#website\",\"url\":\"https:\\\/\\\/lalmachine.com\\\/\",\"name\":\"lalmachine.com\",\"description\":\"Brocante en ligne Suisse | Mobilier et objets d\u00e9co vintage et design\",\"potentialAction\":[{\"@type\":\"SearchAction\",\"target\":{\"@type\":\"EntryPoint\",\"urlTemplate\":\"https:\\\/\\\/lalmachine.com\\\/?s={search_term_string}\"},\"query-input\":{\"@type\":\"PropertyValueSpecification\",\"valueRequired\":true,\"valueName\":\"search_term_string\"}}],\"inLanguage\":\"de\"}]}<\/script>\n<!-- \/ Yoast SEO plugin. -->","yoast_head_json":{"title":"Fauteuil en daim de Lush &amp;Co - Germany 1960's | lalmachine.com","description":"Fauteuil ballon de Lusch Erzeugnis, \u00e9dit\u00e9 en Allemagne dans les ann\u00e9es 60, par Lusch & Co. Assise avec rev\u00eatement en daim.","robots":{"index":"index","follow":"follow","max-snippet":"max-snippet:-1","max-image-preview":"max-image-preview:large","max-video-preview":"max-video-preview:-1"},"canonical":"https:\/\/lalmachine.com\/de\/shop\/sasseoir\/canape-fauteuil-pouf\/fauteuil-en-daim-de-lush-co-germany-1960s\/","og_locale":"de_DE","og_type":"article","og_title":"Fauteuil en daim de Lush &amp;Co - Germany 1960's | lalmachine.com","og_description":"Fauteuil ballon de Lusch Erzeugnis, \u00e9dit\u00e9 en Allemagne dans les ann\u00e9es 60, par Lusch & Co. Assise avec rev\u00eatement en daim.","og_url":"https:\/\/lalmachine.com\/de\/shop\/sasseoir\/canape-fauteuil-pouf\/fauteuil-en-daim-de-lush-co-germany-1960s\/","og_site_name":"lalmachine.com","article_publisher":"https:\/\/facebook.com\/lalmachine","article_modified_time":"2024-12-05T21:03:26+00:00","og_image":[{"width":2356,"height":2357,"url":"https:\/\/lalmachine.com\/wp-content\/uploads\/2023\/11\/5147CF62-09C7-4565-8A42-59A02DFFB344_1_201_a-scaled_clipped_rev_1.jpeg","type":"image\/jpeg"}],"twitter_card":"summary_large_image","schema":{"@context":"https:\/\/schema.org","@graph":[{"@type":"WebPage","@id":"https:\/\/lalmachine.com\/shop\/sasseoir\/canape-fauteuil-pouf\/fauteuil-en-daim-de-lush-co-germany-1960s\/","url":"https:\/\/lalmachine.com\/shop\/sasseoir\/canape-fauteuil-pouf\/fauteuil-en-daim-de-lush-co-germany-1960s\/","name":"Fauteuil en daim de Lush &amp;Co - Germany 1960's | lalmachine.com","isPartOf":{"@id":"https:\/\/lalmachine.com\/#website"},"primaryImageOfPage":{"@id":"https:\/\/lalmachine.com\/shop\/sasseoir\/canape-fauteuil-pouf\/fauteuil-en-daim-de-lush-co-germany-1960s\/#primaryimage"},"image":{"@id":"https:\/\/lalmachine.com\/shop\/sasseoir\/canape-fauteuil-pouf\/fauteuil-en-daim-de-lush-co-germany-1960s\/#primaryimage"},"thumbnailUrl":"https:\/\/lalmachine.com\/wp-content\/uploads\/2023\/11\/5147CF62-09C7-4565-8A42-59A02DFFB344_1_201_a-scaled_clipped_rev_1.jpeg","datePublished":"2023-11-23T14:08:10+00:00","dateModified":"2024-12-05T21:03:26+00:00","description":"Fauteuil ballon de Lusch Erzeugnis, \u00e9dit\u00e9 en Allemagne dans les ann\u00e9es 60, par Lusch & Co. Assise avec rev\u00eatement en daim.","breadcrumb":{"@id":"https:\/\/lalmachine.com\/shop\/sasseoir\/canape-fauteuil-pouf\/fauteuil-en-daim-de-lush-co-germany-1960s\/#breadcrumb"},"inLanguage":"de","potentialAction":[{"@type":"ReadAction","target":["https:\/\/lalmachine.com\/shop\/sasseoir\/canape-fauteuil-pouf\/fauteuil-en-daim-de-lush-co-germany-1960s\/"]}]},{"@type":"ImageObject","inLanguage":"de","@id":"https:\/\/lalmachine.com\/shop\/sasseoir\/canape-fauteuil-pouf\/fauteuil-en-daim-de-lush-co-germany-1960s\/#primaryimage","url":"https:\/\/lalmachine.com\/wp-content\/uploads\/2023\/11\/5147CF62-09C7-4565-8A42-59A02DFFB344_1_201_a-scaled_clipped_rev_1.jpeg","contentUrl":"https:\/\/lalmachine.com\/wp-content\/uploads\/2023\/11\/5147CF62-09C7-4565-8A42-59A02DFFB344_1_201_a-scaled_clipped_rev_1.jpeg","width":2356,"height":2357,"caption":"Fauteuil en daim de Lush &Co - Germany 1960's"},{"@type":"BreadcrumbList","@id":"https:\/\/lalmachine.com\/shop\/sasseoir\/canape-fauteuil-pouf\/fauteuil-en-daim-de-lush-co-germany-1960s\/#breadcrumb","itemListElement":[{"@type":"ListItem","position":1,"name":"Accueil","item":"https:\/\/lalmachine.com\/"},{"@type":"ListItem","position":2,"name":"Shop","item":"https:\/\/lalmachine.com\/shop\/"},{"@type":"ListItem","position":3,"name":"Fauteuil en daim de Lush &amp;Co &#8211; Germany 1960&#8217;s"}]},{"@type":"WebSite","@id":"https:\/\/lalmachine.com\/#website","url":"https:\/\/lalmachine.com\/","name":"lalmachine.com","description":"Brocante en ligne Suisse | Mobilier et objets d\u00e9co vintage et design","potentialAction":[{"@type":"SearchAction","target":{"@type":"EntryPoint","urlTemplate":"https:\/\/lalmachine.com\/?s={search_term_string}"},"query-input":{"@type":"PropertyValueSpecification","valueRequired":true,"valueName":"search_term_string"}}],"inLanguage":"de"}]}},"_links":{"self":[{"href":"https:\/\/lalmachine.com\/de\/wp-json\/wp\/v2\/product\/318156","targetHints":{"allow":["GET"]}}],"collection":[{"href":"https:\/\/lalmachine.com\/de\/wp-json\/wp\/v2\/product"}],"about":[{"href":"https:\/\/lalmachine.com\/de\/wp-json\/wp\/v2\/types\/product"}],"wp:featuredmedia":[{"embeddable":true,"href":"https:\/\/lalmachine.com\/de\/wp-json\/wp\/v2\/media\/318183"}],"wp:attachment":[{"href":"https:\/\/lalmachine.com\/de\/wp-json\/wp\/v2\/media?parent=318156"}],"wp:term":[{"taxonomy":"product_brand","embeddable":true,"href":"https:\/\/lalmachine.com\/de\/wp-json\/wp\/v2\/product_brand?post=318156"},{"taxonomy":"product_cat","embeddable":true,"href":"https:\/\/lalmachine.com\/de\/wp-json\/wp\/v2\/product_cat?post=318156"},{"taxonomy":"product_tag","embeddable":true,"href":"https:\/\/lalmachine.com\/de\/wp-json\/wp\/v2\/product_tag?post=318156"},{"taxonomy":"proximite","embeddable":true,"href":"https:\/\/lalmachine.com\/de\/wp-json\/wp\/v2\/proximite?post=318156"}],"curies":[{"name":"wp","href":"https:\/\/api.w.org\/{rel}","templated":true}]}}