{"id":318166,"date":"2023-11-23T15:16:26","date_gmt":"2023-11-23T14:16:26","guid":{"rendered":"https:\/\/lalmachine.com\/?post_type=product&#038;p=318166"},"modified":"2024-12-05T22:03:26","modified_gmt":"2024-12-05T21:03:26","slug":"fauteuil-lounge-oti-de-niels-gammelgaard-pour-ikea-1986","status":"publish","type":"product","link":"https:\/\/lalmachine.com\/de\/shop\/sasseoir\/canape-fauteuil-pouf\/fauteuil-lounge-oti-de-niels-gammelgaard-pour-ikea-1986\/","title":{"rendered":"Fauteuil lounge OTI de Niels Gammelgaard pour IKEA 1986"},"content":{"rendered":"<ul class=\"wpuf_customs\"><li style=\"list-style-type:none;\"><label>Autres photos:<\/label> <a href=\"https:\/\/lalmachine.com\/wp-content\/uploads\/2023\/11\/DC43F094-6B13-447A-A834-76D216254E69.jpeg\"><img loading=\"lazy\" decoding=\"async\" width=\"96\" height=\"96\" src=\"https:\/\/lalmachine.com\/wp-content\/uploads\/2023\/11\/DC43F094-6B13-447A-A834-76D216254E69.jpeg\" class=\"attachment-thumbnail size-thumbnail\" alt=\"\" \/><\/a> <a href=\"https:\/\/lalmachine.com\/wp-content\/uploads\/2023\/11\/4C312671-3B43-4795-B011-91658A6B779B.jpeg\"><img loading=\"lazy\" decoding=\"async\" width=\"96\" height=\"96\" src=\"https:\/\/lalmachine.com\/wp-content\/uploads\/2023\/11\/4C312671-3B43-4795-B011-91658A6B779B.jpeg\" class=\"attachment-thumbnail size-thumbnail\" alt=\"\" \/><\/a> <a href=\"https:\/\/lalmachine.com\/wp-content\/uploads\/2023\/11\/EC4B861C-0CD3-4D6B-832D-831AD97F7468.jpeg\"><img loading=\"lazy\" decoding=\"async\" width=\"96\" height=\"96\" src=\"https:\/\/lalmachine.com\/wp-content\/uploads\/2023\/11\/EC4B861C-0CD3-4D6B-832D-831AD97F7468.jpeg\" class=\"attachment-thumbnail size-thumbnail\" alt=\"\" \/><\/a> <a href=\"https:\/\/lalmachine.com\/wp-content\/uploads\/2023\/11\/2FF3F936-BBD8-444E-937C-9E3427F49967.jpeg\"><img loading=\"lazy\" decoding=\"async\" width=\"96\" height=\"96\" src=\"https:\/\/lalmachine.com\/wp-content\/uploads\/2023\/11\/2FF3F936-BBD8-444E-937C-9E3427F49967.jpeg\" class=\"attachment-thumbnail size-thumbnail\" alt=\"\" \/><\/a> <a href=\"https:\/\/lalmachine.com\/wp-content\/uploads\/2023\/11\/B2CED9E3-C37B-4AF2-86B2-F47EC2C7CF74.jpeg\"><img loading=\"lazy\" decoding=\"async\" width=\"96\" height=\"96\" src=\"https:\/\/lalmachine.com\/wp-content\/uploads\/2023\/11\/B2CED9E3-C37B-4AF2-86B2-F47EC2C7CF74.jpeg\" class=\"attachment-thumbnail size-thumbnail\" alt=\"\" \/><\/a> <a href=\"https:\/\/lalmachine.com\/wp-content\/uploads\/2023\/11\/E515BD1B-C38D-42EB-A766-ED6D2920D505.jpeg\"><img loading=\"lazy\" decoding=\"async\" width=\"96\" height=\"96\" src=\"https:\/\/lalmachine.com\/wp-content\/uploads\/2023\/11\/E515BD1B-C38D-42EB-A766-ED6D2920D505.jpeg\" class=\"attachment-thumbnail size-thumbnail\" alt=\"\" \/><\/a> <a href=\"https:\/\/lalmachine.com\/wp-content\/uploads\/2023\/11\/D976A4A7-D674-482C-8DDA-E3CFBE16E31F.jpeg\"><img loading=\"lazy\" decoding=\"async\" width=\"96\" height=\"96\" src=\"https:\/\/lalmachine.com\/wp-content\/uploads\/2023\/11\/D976A4A7-D674-482C-8DDA-E3CFBE16E31F.jpeg\" class=\"attachment-thumbnail size-thumbnail\" alt=\"\" \/><\/a> <a href=\"https:\/\/lalmachine.com\/wp-content\/uploads\/2023\/11\/6250833C-1EE8-4B23-AFBF-964B1AD12624.jpeg\"><img loading=\"lazy\" decoding=\"async\" width=\"96\" height=\"96\" src=\"https:\/\/lalmachine.com\/wp-content\/uploads\/2023\/11\/6250833C-1EE8-4B23-AFBF-964B1AD12624.jpeg\" class=\"attachment-thumbnail size-thumbnail\" alt=\"\" \/><\/a> <\/li>        <li class=\"wpuf-field-data wpuf-field-data-numeric_text_field\">\n                            <label>Prix:<\/label>\n                        480        <\/li>\n                <li class=\"wpuf-field-data wpuf-field-data-numeric_text_field\">\n                            <label>Quantit\u00e9:<\/label>\n                        0        <\/li>\n                <li class=\"wpuf-field-data wpuf-field-data-numeric_text_field\">\n                            <label>Hauteur (cm):<\/label>\n                        80        <\/li>\n                <li class=\"wpuf-field-data wpuf-field-data-numeric_text_field\">\n                            <label>Largeur (cm):<\/label>\n                        94        <\/li>\n                <li class=\"wpuf-field-data wpuf-field-data-numeric_text_field\">\n                            <label>Profondeur (cm):<\/label>\n                        96        <\/li>\n        <\/ul>","protected":false},"excerpt":{"rendered":"<p>Moins c&rsquo;est mieux ! Mais beaucoup moins est-ce beaucoup mieux !?<br \/>\nC&rsquo;est \u00e0 peu pr\u00e8s ce que s&rsquo;est pos\u00e9 comme question le designer f\u00e9tiche d&rsquo;IKEA en 1986.<\/p>\n<p>Venu bouleverser les codes \u00e0 son arriv\u00e9e, il marquera d\u00e9finitivement la d\u00e9cennie 1980 en proposant des projets aujourd&rsquo;hui tous plus embl\u00e9matiques les uns que les autres.<\/p>\n<p>Cette \u00e9poque de carambolages de formes et de couleurs encadre parfaitement les id\u00e9es du designer. Le d\u00e9fi, faire un fauteuil confortable avec quelques tiges m\u00e9talliques cintr\u00e9es en forme de losange et y apposer un treillis donnant l&rsquo;impression de voir une parabolo\u00efde hyperbolique&#8230; \u00ab\u00a0pourquoi pas, j&rsquo;ai bien fait fabriquer des sofas dans une usine de caddies (canap\u00e9 Moment 1985) ?\u00a0\u00bb<\/p>\n<p>Et puis c&rsquo;est quoi une parabolo\u00efde hyperbolique ? Oubliez \u00e7a, il vous faut ce fauteuil !<\/p>\n<p>Dimensions<br \/>\nAssise : Hauteur 33 cm \/ Profondeur 58 cm<\/p>\n<p>Zustand<br \/>\nTr\u00e8s bon \u00e9tat g\u00e9n\u00e9ral conforme aux photos.\u00a0Il manque un patin petit patin de pied<\/p>","protected":false},"featured_media":318188,"template":"","meta":{"_et_pb_use_builder":"","_et_pb_old_content":"","_et_gb_content_width":""},"product_brand":[],"product_cat":[99,48],"product_tag":[],"proximite":[283,179],"class_list":{"0":"post-318166","1":"product","2":"type-product","3":"status-publish","4":"has-post-thumbnail","6":"product_cat-canape-fauteuil-pouf","7":"product_cat-sasseoir","8":"pa_couleur-noir","9":"pa_etat-bon-etat","10":"pa_materiau-metal","11":"pa_style-vintage","12":"proximite-riviera-pays-denhaut","13":"proximite-vaud","15":"first","16":"outofstock","17":"sale","18":"shipping-taxable","19":"purchasable","20":"product-type-simple"},"yoast_head":"<!-- This site is optimized with the Yoast SEO plugin v27.4 - https:\/\/yoast.com\/product\/yoast-seo-wordpress\/ -->\n<title>Fauteuil lounge OTI de Niels Gammelgaard pour IKEA 1986 | lalmachine.com<\/title>\n<meta name=\"description\" content=\"Fauteuil lounge OTI de Niels Gammelgaard pour IKEA 1986 avec quelques tiges m\u00e9talliques cintr\u00e9es en forme de losange\" \/>\n<meta name=\"robots\" content=\"index, follow, max-snippet:-1, max-image-preview:large, max-video-preview:-1\" \/>\n<link rel=\"canonical\" href=\"https:\/\/lalmachine.com\/de\/shop\/sasseoir\/canape-fauteuil-pouf\/fauteuil-lounge-oti-de-niels-gammelgaard-pour-ikea-1986\/\" \/>\n<meta property=\"og:locale\" content=\"de_DE\" \/>\n<meta property=\"og:type\" content=\"article\" \/>\n<meta property=\"og:title\" content=\"Fauteuil lounge OTI de Niels Gammelgaard pour IKEA 1986 | lalmachine.com\" \/>\n<meta property=\"og:description\" content=\"Fauteuil lounge OTI de Niels Gammelgaard pour IKEA 1986 avec quelques tiges m\u00e9talliques cintr\u00e9es en forme de losange\" \/>\n<meta property=\"og:url\" content=\"https:\/\/lalmachine.com\/de\/shop\/sasseoir\/canape-fauteuil-pouf\/fauteuil-lounge-oti-de-niels-gammelgaard-pour-ikea-1986\/\" \/>\n<meta property=\"og:site_name\" content=\"lalmachine.com\" \/>\n<meta property=\"article:publisher\" content=\"https:\/\/facebook.com\/lalmachine\" \/>\n<meta property=\"article:modified_time\" content=\"2024-12-05T21:03:26+00:00\" \/>\n<meta property=\"og:image\" content=\"https:\/\/lalmachine.com\/wp-content\/uploads\/2023\/11\/6A1C3FD3-6EB6-4FEC-BED8-4E072423E1A7_clipped_rev_1.jpeg\" \/>\n\t<meta property=\"og:image:width\" content=\"1901\" \/>\n\t<meta property=\"og:image:height\" content=\"1901\" \/>\n\t<meta property=\"og:image:type\" content=\"image\/jpeg\" \/>\n<meta name=\"twitter:card\" content=\"summary_large_image\" \/>\n<script type=\"application\/ld+json\" class=\"yoast-schema-graph\">{\"@context\":\"https:\\\/\\\/schema.org\",\"@graph\":[{\"@type\":\"WebPage\",\"@id\":\"https:\\\/\\\/lalmachine.com\\\/shop\\\/sasseoir\\\/canape-fauteuil-pouf\\\/fauteuil-lounge-oti-de-niels-gammelgaard-pour-ikea-1986\\\/\",\"url\":\"https:\\\/\\\/lalmachine.com\\\/shop\\\/sasseoir\\\/canape-fauteuil-pouf\\\/fauteuil-lounge-oti-de-niels-gammelgaard-pour-ikea-1986\\\/\",\"name\":\"Fauteuil lounge OTI de Niels Gammelgaard pour IKEA 1986 | lalmachine.com\",\"isPartOf\":{\"@id\":\"https:\\\/\\\/lalmachine.com\\\/#website\"},\"primaryImageOfPage\":{\"@id\":\"https:\\\/\\\/lalmachine.com\\\/shop\\\/sasseoir\\\/canape-fauteuil-pouf\\\/fauteuil-lounge-oti-de-niels-gammelgaard-pour-ikea-1986\\\/#primaryimage\"},\"image\":{\"@id\":\"https:\\\/\\\/lalmachine.com\\\/shop\\\/sasseoir\\\/canape-fauteuil-pouf\\\/fauteuil-lounge-oti-de-niels-gammelgaard-pour-ikea-1986\\\/#primaryimage\"},\"thumbnailUrl\":\"https:\\\/\\\/lalmachine.com\\\/wp-content\\\/uploads\\\/2023\\\/11\\\/6A1C3FD3-6EB6-4FEC-BED8-4E072423E1A7_clipped_rev_1.jpeg\",\"datePublished\":\"2023-11-23T14:16:26+00:00\",\"dateModified\":\"2024-12-05T21:03:26+00:00\",\"description\":\"Fauteuil lounge OTI de Niels Gammelgaard pour IKEA 1986 avec quelques tiges m\u00e9talliques cintr\u00e9es en forme de losange\",\"breadcrumb\":{\"@id\":\"https:\\\/\\\/lalmachine.com\\\/shop\\\/sasseoir\\\/canape-fauteuil-pouf\\\/fauteuil-lounge-oti-de-niels-gammelgaard-pour-ikea-1986\\\/#breadcrumb\"},\"inLanguage\":\"de\",\"potentialAction\":[{\"@type\":\"ReadAction\",\"target\":[\"https:\\\/\\\/lalmachine.com\\\/shop\\\/sasseoir\\\/canape-fauteuil-pouf\\\/fauteuil-lounge-oti-de-niels-gammelgaard-pour-ikea-1986\\\/\"]}]},{\"@type\":\"ImageObject\",\"inLanguage\":\"de\",\"@id\":\"https:\\\/\\\/lalmachine.com\\\/shop\\\/sasseoir\\\/canape-fauteuil-pouf\\\/fauteuil-lounge-oti-de-niels-gammelgaard-pour-ikea-1986\\\/#primaryimage\",\"url\":\"https:\\\/\\\/lalmachine.com\\\/wp-content\\\/uploads\\\/2023\\\/11\\\/6A1C3FD3-6EB6-4FEC-BED8-4E072423E1A7_clipped_rev_1.jpeg\",\"contentUrl\":\"https:\\\/\\\/lalmachine.com\\\/wp-content\\\/uploads\\\/2023\\\/11\\\/6A1C3FD3-6EB6-4FEC-BED8-4E072423E1A7_clipped_rev_1.jpeg\",\"width\":1901,\"height\":1901,\"caption\":\"Fauteuil lounge OTI de Niels Gammelgaard pour IKEA 1986\"},{\"@type\":\"BreadcrumbList\",\"@id\":\"https:\\\/\\\/lalmachine.com\\\/shop\\\/sasseoir\\\/canape-fauteuil-pouf\\\/fauteuil-lounge-oti-de-niels-gammelgaard-pour-ikea-1986\\\/#breadcrumb\",\"itemListElement\":[{\"@type\":\"ListItem\",\"position\":1,\"name\":\"Accueil\",\"item\":\"https:\\\/\\\/lalmachine.com\\\/\"},{\"@type\":\"ListItem\",\"position\":2,\"name\":\"Shop\",\"item\":\"https:\\\/\\\/lalmachine.com\\\/shop\\\/\"},{\"@type\":\"ListItem\",\"position\":3,\"name\":\"Fauteuil lounge OTI de Niels Gammelgaard pour IKEA 1986\"}]},{\"@type\":\"WebSite\",\"@id\":\"https:\\\/\\\/lalmachine.com\\\/#website\",\"url\":\"https:\\\/\\\/lalmachine.com\\\/\",\"name\":\"lalmachine.com\",\"description\":\"Brocante en ligne Suisse | Mobilier et objets d\u00e9co vintage et design\",\"potentialAction\":[{\"@type\":\"SearchAction\",\"target\":{\"@type\":\"EntryPoint\",\"urlTemplate\":\"https:\\\/\\\/lalmachine.com\\\/?s={search_term_string}\"},\"query-input\":{\"@type\":\"PropertyValueSpecification\",\"valueRequired\":true,\"valueName\":\"search_term_string\"}}],\"inLanguage\":\"de\"}]}<\/script>\n<!-- \/ Yoast SEO plugin. -->","yoast_head_json":{"title":"Fauteuil lounge OTI de Niels Gammelgaard pour IKEA 1986 | lalmachine.com","description":"Fauteuil lounge OTI de Niels Gammelgaard pour IKEA 1986 avec quelques tiges m\u00e9talliques cintr\u00e9es en forme de losange","robots":{"index":"index","follow":"follow","max-snippet":"max-snippet:-1","max-image-preview":"max-image-preview:large","max-video-preview":"max-video-preview:-1"},"canonical":"https:\/\/lalmachine.com\/de\/shop\/sasseoir\/canape-fauteuil-pouf\/fauteuil-lounge-oti-de-niels-gammelgaard-pour-ikea-1986\/","og_locale":"de_DE","og_type":"article","og_title":"Fauteuil lounge OTI de Niels Gammelgaard pour IKEA 1986 | lalmachine.com","og_description":"Fauteuil lounge OTI de Niels Gammelgaard pour IKEA 1986 avec quelques tiges m\u00e9talliques cintr\u00e9es en forme de losange","og_url":"https:\/\/lalmachine.com\/de\/shop\/sasseoir\/canape-fauteuil-pouf\/fauteuil-lounge-oti-de-niels-gammelgaard-pour-ikea-1986\/","og_site_name":"lalmachine.com","article_publisher":"https:\/\/facebook.com\/lalmachine","article_modified_time":"2024-12-05T21:03:26+00:00","og_image":[{"width":1901,"height":1901,"url":"https:\/\/lalmachine.com\/wp-content\/uploads\/2023\/11\/6A1C3FD3-6EB6-4FEC-BED8-4E072423E1A7_clipped_rev_1.jpeg","type":"image\/jpeg"}],"twitter_card":"summary_large_image","schema":{"@context":"https:\/\/schema.org","@graph":[{"@type":"WebPage","@id":"https:\/\/lalmachine.com\/shop\/sasseoir\/canape-fauteuil-pouf\/fauteuil-lounge-oti-de-niels-gammelgaard-pour-ikea-1986\/","url":"https:\/\/lalmachine.com\/shop\/sasseoir\/canape-fauteuil-pouf\/fauteuil-lounge-oti-de-niels-gammelgaard-pour-ikea-1986\/","name":"Fauteuil lounge OTI de Niels Gammelgaard pour IKEA 1986 | lalmachine.com","isPartOf":{"@id":"https:\/\/lalmachine.com\/#website"},"primaryImageOfPage":{"@id":"https:\/\/lalmachine.com\/shop\/sasseoir\/canape-fauteuil-pouf\/fauteuil-lounge-oti-de-niels-gammelgaard-pour-ikea-1986\/#primaryimage"},"image":{"@id":"https:\/\/lalmachine.com\/shop\/sasseoir\/canape-fauteuil-pouf\/fauteuil-lounge-oti-de-niels-gammelgaard-pour-ikea-1986\/#primaryimage"},"thumbnailUrl":"https:\/\/lalmachine.com\/wp-content\/uploads\/2023\/11\/6A1C3FD3-6EB6-4FEC-BED8-4E072423E1A7_clipped_rev_1.jpeg","datePublished":"2023-11-23T14:16:26+00:00","dateModified":"2024-12-05T21:03:26+00:00","description":"Fauteuil lounge OTI de Niels Gammelgaard pour IKEA 1986 avec quelques tiges m\u00e9talliques cintr\u00e9es en forme de losange","breadcrumb":{"@id":"https:\/\/lalmachine.com\/shop\/sasseoir\/canape-fauteuil-pouf\/fauteuil-lounge-oti-de-niels-gammelgaard-pour-ikea-1986\/#breadcrumb"},"inLanguage":"de","potentialAction":[{"@type":"ReadAction","target":["https:\/\/lalmachine.com\/shop\/sasseoir\/canape-fauteuil-pouf\/fauteuil-lounge-oti-de-niels-gammelgaard-pour-ikea-1986\/"]}]},{"@type":"ImageObject","inLanguage":"de","@id":"https:\/\/lalmachine.com\/shop\/sasseoir\/canape-fauteuil-pouf\/fauteuil-lounge-oti-de-niels-gammelgaard-pour-ikea-1986\/#primaryimage","url":"https:\/\/lalmachine.com\/wp-content\/uploads\/2023\/11\/6A1C3FD3-6EB6-4FEC-BED8-4E072423E1A7_clipped_rev_1.jpeg","contentUrl":"https:\/\/lalmachine.com\/wp-content\/uploads\/2023\/11\/6A1C3FD3-6EB6-4FEC-BED8-4E072423E1A7_clipped_rev_1.jpeg","width":1901,"height":1901,"caption":"Fauteuil lounge OTI de Niels Gammelgaard pour IKEA 1986"},{"@type":"BreadcrumbList","@id":"https:\/\/lalmachine.com\/shop\/sasseoir\/canape-fauteuil-pouf\/fauteuil-lounge-oti-de-niels-gammelgaard-pour-ikea-1986\/#breadcrumb","itemListElement":[{"@type":"ListItem","position":1,"name":"Accueil","item":"https:\/\/lalmachine.com\/"},{"@type":"ListItem","position":2,"name":"Shop","item":"https:\/\/lalmachine.com\/shop\/"},{"@type":"ListItem","position":3,"name":"Fauteuil lounge OTI de Niels Gammelgaard pour IKEA 1986"}]},{"@type":"WebSite","@id":"https:\/\/lalmachine.com\/#website","url":"https:\/\/lalmachine.com\/","name":"lalmachine.com","description":"Brocante en ligne Suisse | Mobilier et objets d\u00e9co vintage et design","potentialAction":[{"@type":"SearchAction","target":{"@type":"EntryPoint","urlTemplate":"https:\/\/lalmachine.com\/?s={search_term_string}"},"query-input":{"@type":"PropertyValueSpecification","valueRequired":true,"valueName":"search_term_string"}}],"inLanguage":"de"}]}},"_links":{"self":[{"href":"https:\/\/lalmachine.com\/de\/wp-json\/wp\/v2\/product\/318166","targetHints":{"allow":["GET"]}}],"collection":[{"href":"https:\/\/lalmachine.com\/de\/wp-json\/wp\/v2\/product"}],"about":[{"href":"https:\/\/lalmachine.com\/de\/wp-json\/wp\/v2\/types\/product"}],"wp:featuredmedia":[{"embeddable":true,"href":"https:\/\/lalmachine.com\/de\/wp-json\/wp\/v2\/media\/318188"}],"wp:attachment":[{"href":"https:\/\/lalmachine.com\/de\/wp-json\/wp\/v2\/media?parent=318166"}],"wp:term":[{"taxonomy":"product_brand","embeddable":true,"href":"https:\/\/lalmachine.com\/de\/wp-json\/wp\/v2\/product_brand?post=318166"},{"taxonomy":"product_cat","embeddable":true,"href":"https:\/\/lalmachine.com\/de\/wp-json\/wp\/v2\/product_cat?post=318166"},{"taxonomy":"product_tag","embeddable":true,"href":"https:\/\/lalmachine.com\/de\/wp-json\/wp\/v2\/product_tag?post=318166"},{"taxonomy":"proximite","embeddable":true,"href":"https:\/\/lalmachine.com\/de\/wp-json\/wp\/v2\/proximite?post=318166"}],"curies":[{"name":"wp","href":"https:\/\/api.w.org\/{rel}","templated":true}]}}