{"id":318238,"date":"2023-11-24T08:40:10","date_gmt":"2023-11-24T07:40:10","guid":{"rendered":"https:\/\/lalmachine.com\/?post_type=product&#038;p=318238"},"modified":"2024-12-05T22:03:26","modified_gmt":"2024-12-05T21:03:26","slug":"banc-en-hetre-par-la-maison-seltz-france-1980s","status":"publish","type":"product","link":"https:\/\/lalmachine.com\/de\/shop\/sasseoir\/chaise\/banc-en-hetre-par-la-maison-seltz-france-1980s\/","title":{"rendered":"Banc en h\u00eatre par la maison Seltz &#8211; France 1980&rsquo;s"},"content":{"rendered":"<ul class=\"wpuf_customs\"><li style=\"list-style-type:none;\"><label>Autres photos:<\/label> <a href=\"https:\/\/lalmachine.com\/wp-content\/uploads\/2023\/11\/78363590-D5C7-425D-BF6A-74B95300F748.png\"><img loading=\"lazy\" decoding=\"async\" width=\"96\" height=\"96\" src=\"https:\/\/lalmachine.com\/wp-content\/uploads\/2023\/11\/78363590-D5C7-425D-BF6A-74B95300F748.png\" class=\"attachment-thumbnail size-thumbnail\" alt=\"\" \/><\/a> <a href=\"https:\/\/lalmachine.com\/wp-content\/uploads\/2023\/11\/1FC9D5FA-67A5-4612-885C-8CA5739688A2.png\"><img loading=\"lazy\" decoding=\"async\" width=\"96\" height=\"96\" src=\"https:\/\/lalmachine.com\/wp-content\/uploads\/2023\/11\/1FC9D5FA-67A5-4612-885C-8CA5739688A2.png\" class=\"attachment-thumbnail size-thumbnail\" alt=\"\" \/><\/a> <a href=\"https:\/\/lalmachine.com\/wp-content\/uploads\/2023\/11\/8106C0A4-F7FA-487D-A10D-F1491DE7F4E9.png\"><img loading=\"lazy\" decoding=\"async\" width=\"96\" height=\"96\" src=\"https:\/\/lalmachine.com\/wp-content\/uploads\/2023\/11\/8106C0A4-F7FA-487D-A10D-F1491DE7F4E9.png\" class=\"attachment-thumbnail size-thumbnail\" alt=\"\" \/><\/a> <a href=\"https:\/\/lalmachine.com\/wp-content\/uploads\/2023\/11\/BFE5F555-DC51-48B2-AE49-488540EFF9B5.png\"><img loading=\"lazy\" decoding=\"async\" width=\"96\" height=\"96\" src=\"https:\/\/lalmachine.com\/wp-content\/uploads\/2023\/11\/BFE5F555-DC51-48B2-AE49-488540EFF9B5.png\" class=\"attachment-thumbnail size-thumbnail\" alt=\"\" \/><\/a> <a href=\"https:\/\/lalmachine.com\/wp-content\/uploads\/2023\/11\/FAD8BA20-5C3A-4CA8-A5B4-B1D95B5EC689_1_201_a.jpeg\"><img loading=\"lazy\" decoding=\"async\" width=\"96\" height=\"96\" src=\"https:\/\/lalmachine.com\/wp-content\/uploads\/2023\/11\/FAD8BA20-5C3A-4CA8-A5B4-B1D95B5EC689_1_201_a.jpeg\" class=\"attachment-thumbnail size-thumbnail\" alt=\"\" \/><\/a> <a href=\"https:\/\/lalmachine.com\/wp-content\/uploads\/2023\/11\/25749F21-6597-4DBE-AFDC-C1E2255F8B30.png\"><img loading=\"lazy\" decoding=\"async\" width=\"96\" height=\"96\" src=\"https:\/\/lalmachine.com\/wp-content\/uploads\/2023\/11\/25749F21-6597-4DBE-AFDC-C1E2255F8B30.png\" class=\"attachment-thumbnail size-thumbnail\" alt=\"\" \/><\/a> <a href=\"https:\/\/lalmachine.com\/wp-content\/uploads\/2023\/11\/31BA0C54-1AED-48B7-B3EA-4CFD2A1838AD.png\"><img loading=\"lazy\" decoding=\"async\" width=\"96\" height=\"96\" src=\"https:\/\/lalmachine.com\/wp-content\/uploads\/2023\/11\/31BA0C54-1AED-48B7-B3EA-4CFD2A1838AD.png\" class=\"attachment-thumbnail size-thumbnail\" alt=\"\" \/><\/a> <a href=\"https:\/\/lalmachine.com\/wp-content\/uploads\/2023\/11\/16C06670-9614-4E0E-ACA1-4DC7C47F1989.png\"><img loading=\"lazy\" decoding=\"async\" width=\"96\" height=\"96\" src=\"https:\/\/lalmachine.com\/wp-content\/uploads\/2023\/11\/16C06670-9614-4E0E-ACA1-4DC7C47F1989.png\" class=\"attachment-thumbnail size-thumbnail\" alt=\"\" \/><\/a> <a href=\"https:\/\/lalmachine.com\/wp-content\/uploads\/2023\/11\/CF11D935-CF8C-4C7F-9EB7-DA1C76661CEE.png\"><img loading=\"lazy\" decoding=\"async\" width=\"96\" height=\"96\" src=\"https:\/\/lalmachine.com\/wp-content\/uploads\/2023\/11\/CF11D935-CF8C-4C7F-9EB7-DA1C76661CEE.png\" class=\"attachment-thumbnail size-thumbnail\" alt=\"\" \/><\/a> <a href=\"https:\/\/lalmachine.com\/wp-content\/uploads\/2023\/11\/D1030758-140C-4072-8F06-1AD10DD28A5F.png\"><img loading=\"lazy\" decoding=\"async\" width=\"96\" height=\"96\" src=\"https:\/\/lalmachine.com\/wp-content\/uploads\/2023\/11\/D1030758-140C-4072-8F06-1AD10DD28A5F.png\" class=\"attachment-thumbnail size-thumbnail\" alt=\"\" \/><\/a> <a href=\"https:\/\/lalmachine.com\/wp-content\/uploads\/2023\/11\/57B9DD0E-BAC5-44AD-BBC3-3CFA7681F674.png\"><img loading=\"lazy\" decoding=\"async\" width=\"96\" height=\"96\" src=\"https:\/\/lalmachine.com\/wp-content\/uploads\/2023\/11\/57B9DD0E-BAC5-44AD-BBC3-3CFA7681F674.png\" class=\"attachment-thumbnail size-thumbnail\" alt=\"\" \/><\/a> <a href=\"https:\/\/lalmachine.com\/wp-content\/uploads\/2023\/11\/0BF03DB7-A711-4ECB-89FB-C3D85B445078.png\"><img loading=\"lazy\" decoding=\"async\" width=\"96\" height=\"96\" src=\"https:\/\/lalmachine.com\/wp-content\/uploads\/2023\/11\/0BF03DB7-A711-4ECB-89FB-C3D85B445078.png\" class=\"attachment-thumbnail size-thumbnail\" alt=\"\" \/><\/a> <\/li>        <li class=\"wpuf-field-data wpuf-field-data-numeric_text_field\">\n                            <label>Prix:<\/label>\n                        520        <\/li>\n                <li class=\"wpuf-field-data wpuf-field-data-numeric_text_field\">\n                            <label>Quantit\u00e9:<\/label>\n                        0        <\/li>\n                <li class=\"wpuf-field-data wpuf-field-data-numeric_text_field\">\n                            <label>Hauteur (cm):<\/label>\n                        44        <\/li>\n                <li class=\"wpuf-field-data wpuf-field-data-numeric_text_field\">\n                            <label>Largeur (cm):<\/label>\n                        140        <\/li>\n                <li class=\"wpuf-field-data wpuf-field-data-numeric_text_field\">\n                            <label>Profondeur (cm):<\/label>\n                        31        <\/li>\n        <\/ul>","protected":false},"excerpt":{"rendered":"<p>Dans la lign\u00e9e du mod\u00e8le S38 de Pierre Chapo \u00e9dit\u00e9 par la m\u00eame maison Seltz, ce banc est en grande partie un h\u00e9ritage du passage du designer dans les ateliers de l&rsquo;entreprise Alsacienne.<\/p>\n<p>Il garde les m\u00eames proportions, mais se diff\u00e9rencie par l&rsquo;ouverture de chaque pied ainsi que par l&rsquo;all\u00e8gement de la traverse du bas.<\/p>\n<p>Massif, brute mais tout en courbes, le travail du bois r\u00e9alis\u00e9 sur cette pi\u00e8ce est superbe, il s&rsquo;int\u00e9grera facilement autour d&rsquo;une table ronde, ou en guise de table basse arrondie !<\/p>","protected":false},"featured_media":318320,"template":"","meta":{"_et_pb_use_builder":"","_et_pb_old_content":"","_et_gb_content_width":""},"product_brand":[],"product_cat":[100,48],"product_tag":[],"proximite":[283,179],"class_list":{"0":"post-318238","1":"product","2":"type-product","3":"status-publish","4":"has-post-thumbnail","6":"product_cat-chaise","7":"product_cat-sasseoir","8":"pa_couleur-bois","9":"pa_etat-bon-etat","10":"pa_materiau-bois","11":"pa_style-vintage","12":"proximite-riviera-pays-denhaut","13":"proximite-vaud","15":"first","16":"outofstock","17":"shipping-taxable","18":"purchasable","19":"product-type-simple"},"yoast_head":"<!-- This site is optimized with the Yoast SEO plugin v27.4 - https:\/\/yoast.com\/product\/yoast-seo-wordpress\/ -->\n<title>Banc en h\u00eatre par la maison Seltz - France 1980&#039;s | lalmachine.com<\/title>\n<meta name=\"description\" content=\"Dans la lign\u00e9e du mod\u00e8le S38 de Pierre Chapo \u00e9dit\u00e9 par la m\u00eame maison Seltz, ce banc est en grande partie un h\u00e9ritage du passage du designer.\" \/>\n<meta name=\"robots\" content=\"index, follow, max-snippet:-1, max-image-preview:large, max-video-preview:-1\" \/>\n<link rel=\"canonical\" href=\"https:\/\/lalmachine.com\/de\/shop\/sasseoir\/chaise\/banc-en-hetre-par-la-maison-seltz-france-1980s\/\" \/>\n<meta property=\"og:locale\" content=\"de_DE\" \/>\n<meta property=\"og:type\" content=\"article\" \/>\n<meta property=\"og:title\" content=\"Banc en h\u00eatre par la maison Seltz - France 1980&#039;s | lalmachine.com\" \/>\n<meta property=\"og:description\" content=\"Dans la lign\u00e9e du mod\u00e8le S38 de Pierre Chapo \u00e9dit\u00e9 par la m\u00eame maison Seltz, ce banc est en grande partie un h\u00e9ritage du passage du designer.\" \/>\n<meta property=\"og:url\" content=\"https:\/\/lalmachine.com\/de\/shop\/sasseoir\/chaise\/banc-en-hetre-par-la-maison-seltz-france-1980s\/\" \/>\n<meta property=\"og:site_name\" content=\"lalmachine.com\" \/>\n<meta property=\"article:publisher\" content=\"https:\/\/facebook.com\/lalmachine\" \/>\n<meta property=\"article:modified_time\" content=\"2024-12-05T21:03:26+00:00\" \/>\n<meta property=\"og:image\" content=\"https:\/\/lalmachine.com\/wp-content\/uploads\/2023\/11\/404A9F92-2468-4DE6-A011-554FED087D92_clipped_rev_1.jpeg\" \/>\n\t<meta property=\"og:image:width\" content=\"2199\" \/>\n\t<meta property=\"og:image:height\" content=\"2199\" \/>\n\t<meta property=\"og:image:type\" content=\"image\/jpeg\" \/>\n<meta name=\"twitter:card\" content=\"summary_large_image\" \/>\n<script type=\"application\/ld+json\" class=\"yoast-schema-graph\">{\"@context\":\"https:\\\/\\\/schema.org\",\"@graph\":[{\"@type\":\"WebPage\",\"@id\":\"https:\\\/\\\/lalmachine.com\\\/shop\\\/sasseoir\\\/chaise\\\/banc-en-hetre-par-la-maison-seltz-france-1980s\\\/\",\"url\":\"https:\\\/\\\/lalmachine.com\\\/shop\\\/sasseoir\\\/chaise\\\/banc-en-hetre-par-la-maison-seltz-france-1980s\\\/\",\"name\":\"Banc en h\u00eatre par la maison Seltz - France 1980's | lalmachine.com\",\"isPartOf\":{\"@id\":\"https:\\\/\\\/lalmachine.com\\\/#website\"},\"primaryImageOfPage\":{\"@id\":\"https:\\\/\\\/lalmachine.com\\\/shop\\\/sasseoir\\\/chaise\\\/banc-en-hetre-par-la-maison-seltz-france-1980s\\\/#primaryimage\"},\"image\":{\"@id\":\"https:\\\/\\\/lalmachine.com\\\/shop\\\/sasseoir\\\/chaise\\\/banc-en-hetre-par-la-maison-seltz-france-1980s\\\/#primaryimage\"},\"thumbnailUrl\":\"https:\\\/\\\/lalmachine.com\\\/wp-content\\\/uploads\\\/2023\\\/11\\\/404A9F92-2468-4DE6-A011-554FED087D92_clipped_rev_1.jpeg\",\"datePublished\":\"2023-11-24T07:40:10+00:00\",\"dateModified\":\"2024-12-05T21:03:26+00:00\",\"description\":\"Dans la lign\u00e9e du mod\u00e8le S38 de Pierre Chapo \u00e9dit\u00e9 par la m\u00eame maison Seltz, ce banc est en grande partie un h\u00e9ritage du passage du designer.\",\"breadcrumb\":{\"@id\":\"https:\\\/\\\/lalmachine.com\\\/shop\\\/sasseoir\\\/chaise\\\/banc-en-hetre-par-la-maison-seltz-france-1980s\\\/#breadcrumb\"},\"inLanguage\":\"de\",\"potentialAction\":[{\"@type\":\"ReadAction\",\"target\":[\"https:\\\/\\\/lalmachine.com\\\/shop\\\/sasseoir\\\/chaise\\\/banc-en-hetre-par-la-maison-seltz-france-1980s\\\/\"]}]},{\"@type\":\"ImageObject\",\"inLanguage\":\"de\",\"@id\":\"https:\\\/\\\/lalmachine.com\\\/shop\\\/sasseoir\\\/chaise\\\/banc-en-hetre-par-la-maison-seltz-france-1980s\\\/#primaryimage\",\"url\":\"https:\\\/\\\/lalmachine.com\\\/wp-content\\\/uploads\\\/2023\\\/11\\\/404A9F92-2468-4DE6-A011-554FED087D92_clipped_rev_1.jpeg\",\"contentUrl\":\"https:\\\/\\\/lalmachine.com\\\/wp-content\\\/uploads\\\/2023\\\/11\\\/404A9F92-2468-4DE6-A011-554FED087D92_clipped_rev_1.jpeg\",\"width\":2199,\"height\":2199,\"caption\":\"Banc en h\u00eatre par la maison Seltz - France 1980's\"},{\"@type\":\"BreadcrumbList\",\"@id\":\"https:\\\/\\\/lalmachine.com\\\/shop\\\/sasseoir\\\/chaise\\\/banc-en-hetre-par-la-maison-seltz-france-1980s\\\/#breadcrumb\",\"itemListElement\":[{\"@type\":\"ListItem\",\"position\":1,\"name\":\"Accueil\",\"item\":\"https:\\\/\\\/lalmachine.com\\\/\"},{\"@type\":\"ListItem\",\"position\":2,\"name\":\"Shop\",\"item\":\"https:\\\/\\\/lalmachine.com\\\/shop\\\/\"},{\"@type\":\"ListItem\",\"position\":3,\"name\":\"Banc en h\u00eatre par la maison Seltz &#8211; France 1980&#8217;s\"}]},{\"@type\":\"WebSite\",\"@id\":\"https:\\\/\\\/lalmachine.com\\\/#website\",\"url\":\"https:\\\/\\\/lalmachine.com\\\/\",\"name\":\"lalmachine.com\",\"description\":\"Brocante en ligne Suisse | Mobilier et objets d\u00e9co vintage et design\",\"potentialAction\":[{\"@type\":\"SearchAction\",\"target\":{\"@type\":\"EntryPoint\",\"urlTemplate\":\"https:\\\/\\\/lalmachine.com\\\/?s={search_term_string}\"},\"query-input\":{\"@type\":\"PropertyValueSpecification\",\"valueRequired\":true,\"valueName\":\"search_term_string\"}}],\"inLanguage\":\"de\"}]}<\/script>\n<!-- \/ Yoast SEO plugin. -->","yoast_head_json":{"title":"Banc en h\u00eatre par la maison Seltz - France 1980's | lalmachine.com","description":"Dans la lign\u00e9e du mod\u00e8le S38 de Pierre Chapo \u00e9dit\u00e9 par la m\u00eame maison Seltz, ce banc est en grande partie un h\u00e9ritage du passage du designer.","robots":{"index":"index","follow":"follow","max-snippet":"max-snippet:-1","max-image-preview":"max-image-preview:large","max-video-preview":"max-video-preview:-1"},"canonical":"https:\/\/lalmachine.com\/de\/shop\/sasseoir\/chaise\/banc-en-hetre-par-la-maison-seltz-france-1980s\/","og_locale":"de_DE","og_type":"article","og_title":"Banc en h\u00eatre par la maison Seltz - France 1980's | lalmachine.com","og_description":"Dans la lign\u00e9e du mod\u00e8le S38 de Pierre Chapo \u00e9dit\u00e9 par la m\u00eame maison Seltz, ce banc est en grande partie un h\u00e9ritage du passage du designer.","og_url":"https:\/\/lalmachine.com\/de\/shop\/sasseoir\/chaise\/banc-en-hetre-par-la-maison-seltz-france-1980s\/","og_site_name":"lalmachine.com","article_publisher":"https:\/\/facebook.com\/lalmachine","article_modified_time":"2024-12-05T21:03:26+00:00","og_image":[{"width":2199,"height":2199,"url":"https:\/\/lalmachine.com\/wp-content\/uploads\/2023\/11\/404A9F92-2468-4DE6-A011-554FED087D92_clipped_rev_1.jpeg","type":"image\/jpeg"}],"twitter_card":"summary_large_image","schema":{"@context":"https:\/\/schema.org","@graph":[{"@type":"WebPage","@id":"https:\/\/lalmachine.com\/shop\/sasseoir\/chaise\/banc-en-hetre-par-la-maison-seltz-france-1980s\/","url":"https:\/\/lalmachine.com\/shop\/sasseoir\/chaise\/banc-en-hetre-par-la-maison-seltz-france-1980s\/","name":"Banc en h\u00eatre par la maison Seltz - France 1980's | lalmachine.com","isPartOf":{"@id":"https:\/\/lalmachine.com\/#website"},"primaryImageOfPage":{"@id":"https:\/\/lalmachine.com\/shop\/sasseoir\/chaise\/banc-en-hetre-par-la-maison-seltz-france-1980s\/#primaryimage"},"image":{"@id":"https:\/\/lalmachine.com\/shop\/sasseoir\/chaise\/banc-en-hetre-par-la-maison-seltz-france-1980s\/#primaryimage"},"thumbnailUrl":"https:\/\/lalmachine.com\/wp-content\/uploads\/2023\/11\/404A9F92-2468-4DE6-A011-554FED087D92_clipped_rev_1.jpeg","datePublished":"2023-11-24T07:40:10+00:00","dateModified":"2024-12-05T21:03:26+00:00","description":"Dans la lign\u00e9e du mod\u00e8le S38 de Pierre Chapo \u00e9dit\u00e9 par la m\u00eame maison Seltz, ce banc est en grande partie un h\u00e9ritage du passage du designer.","breadcrumb":{"@id":"https:\/\/lalmachine.com\/shop\/sasseoir\/chaise\/banc-en-hetre-par-la-maison-seltz-france-1980s\/#breadcrumb"},"inLanguage":"de","potentialAction":[{"@type":"ReadAction","target":["https:\/\/lalmachine.com\/shop\/sasseoir\/chaise\/banc-en-hetre-par-la-maison-seltz-france-1980s\/"]}]},{"@type":"ImageObject","inLanguage":"de","@id":"https:\/\/lalmachine.com\/shop\/sasseoir\/chaise\/banc-en-hetre-par-la-maison-seltz-france-1980s\/#primaryimage","url":"https:\/\/lalmachine.com\/wp-content\/uploads\/2023\/11\/404A9F92-2468-4DE6-A011-554FED087D92_clipped_rev_1.jpeg","contentUrl":"https:\/\/lalmachine.com\/wp-content\/uploads\/2023\/11\/404A9F92-2468-4DE6-A011-554FED087D92_clipped_rev_1.jpeg","width":2199,"height":2199,"caption":"Banc en h\u00eatre par la maison Seltz - France 1980's"},{"@type":"BreadcrumbList","@id":"https:\/\/lalmachine.com\/shop\/sasseoir\/chaise\/banc-en-hetre-par-la-maison-seltz-france-1980s\/#breadcrumb","itemListElement":[{"@type":"ListItem","position":1,"name":"Accueil","item":"https:\/\/lalmachine.com\/"},{"@type":"ListItem","position":2,"name":"Shop","item":"https:\/\/lalmachine.com\/shop\/"},{"@type":"ListItem","position":3,"name":"Banc en h\u00eatre par la maison Seltz &#8211; France 1980&#8217;s"}]},{"@type":"WebSite","@id":"https:\/\/lalmachine.com\/#website","url":"https:\/\/lalmachine.com\/","name":"lalmachine.com","description":"Brocante en ligne Suisse | Mobilier et objets d\u00e9co vintage et design","potentialAction":[{"@type":"SearchAction","target":{"@type":"EntryPoint","urlTemplate":"https:\/\/lalmachine.com\/?s={search_term_string}"},"query-input":{"@type":"PropertyValueSpecification","valueRequired":true,"valueName":"search_term_string"}}],"inLanguage":"de"}]}},"_links":{"self":[{"href":"https:\/\/lalmachine.com\/de\/wp-json\/wp\/v2\/product\/318238","targetHints":{"allow":["GET"]}}],"collection":[{"href":"https:\/\/lalmachine.com\/de\/wp-json\/wp\/v2\/product"}],"about":[{"href":"https:\/\/lalmachine.com\/de\/wp-json\/wp\/v2\/types\/product"}],"wp:featuredmedia":[{"embeddable":true,"href":"https:\/\/lalmachine.com\/de\/wp-json\/wp\/v2\/media\/318320"}],"wp:attachment":[{"href":"https:\/\/lalmachine.com\/de\/wp-json\/wp\/v2\/media?parent=318238"}],"wp:term":[{"taxonomy":"product_brand","embeddable":true,"href":"https:\/\/lalmachine.com\/de\/wp-json\/wp\/v2\/product_brand?post=318238"},{"taxonomy":"product_cat","embeddable":true,"href":"https:\/\/lalmachine.com\/de\/wp-json\/wp\/v2\/product_cat?post=318238"},{"taxonomy":"product_tag","embeddable":true,"href":"https:\/\/lalmachine.com\/de\/wp-json\/wp\/v2\/product_tag?post=318238"},{"taxonomy":"proximite","embeddable":true,"href":"https:\/\/lalmachine.com\/de\/wp-json\/wp\/v2\/proximite?post=318238"}],"curies":[{"name":"wp","href":"https:\/\/api.w.org\/{rel}","templated":true}]}}