{"id":318248,"date":"2023-11-24T08:42:17","date_gmt":"2023-11-24T07:42:17","guid":{"rendered":"https:\/\/lalmachine.com\/?post_type=product&#038;p=318248"},"modified":"2024-12-05T22:03:26","modified_gmt":"2024-12-05T21:03:26","slug":"table-basse-porte-revues-de-la-maison-seltz-france-1997","status":"publish","type":"product","link":"https:\/\/lalmachine.com\/de\/shop\/decorer\/porte-plantes-revues-etc\/table-basse-porte-revues-de-la-maison-seltz-france-1997\/","title":{"rendered":"Table basse porte-revues de la maison Seltz &#8211; France 1997"},"content":{"rendered":"<ul class=\"wpuf_customs\"><li style=\"list-style-type:none;\"><label>Autres photos:<\/label> <a href=\"https:\/\/lalmachine.com\/wp-content\/uploads\/2023\/11\/9102E950-7041-4193-8C28-28EF3FB38EC5.png\"><img loading=\"lazy\" decoding=\"async\" width=\"96\" height=\"96\" src=\"https:\/\/lalmachine.com\/wp-content\/uploads\/2023\/11\/9102E950-7041-4193-8C28-28EF3FB38EC5.png\" class=\"attachment-thumbnail size-thumbnail\" alt=\"\" \/><\/a> <a href=\"https:\/\/lalmachine.com\/wp-content\/uploads\/2023\/11\/9AB83B3D-9B34-4AA1-B387-AF5D245BB180.png\"><img loading=\"lazy\" decoding=\"async\" width=\"96\" height=\"96\" src=\"https:\/\/lalmachine.com\/wp-content\/uploads\/2023\/11\/9AB83B3D-9B34-4AA1-B387-AF5D245BB180.png\" class=\"attachment-thumbnail size-thumbnail\" alt=\"\" \/><\/a> <a href=\"https:\/\/lalmachine.com\/wp-content\/uploads\/2023\/11\/D119C906-2A05-417F-9B4B-412029C5AAD4.png\"><img loading=\"lazy\" decoding=\"async\" width=\"96\" height=\"96\" src=\"https:\/\/lalmachine.com\/wp-content\/uploads\/2023\/11\/D119C906-2A05-417F-9B4B-412029C5AAD4.png\" class=\"attachment-thumbnail size-thumbnail\" alt=\"\" \/><\/a> <a href=\"https:\/\/lalmachine.com\/wp-content\/uploads\/2023\/11\/B7802AA7-A880-4DE9-BC11-3FF9374C6630.png\"><img loading=\"lazy\" decoding=\"async\" width=\"96\" height=\"96\" src=\"https:\/\/lalmachine.com\/wp-content\/uploads\/2023\/11\/B7802AA7-A880-4DE9-BC11-3FF9374C6630.png\" class=\"attachment-thumbnail size-thumbnail\" alt=\"\" \/><\/a> <a href=\"https:\/\/lalmachine.com\/wp-content\/uploads\/2023\/11\/493910E0-EDA1-49B7-B60D-4E2FF8E370B5.png\"><img loading=\"lazy\" decoding=\"async\" width=\"96\" height=\"96\" src=\"https:\/\/lalmachine.com\/wp-content\/uploads\/2023\/11\/493910E0-EDA1-49B7-B60D-4E2FF8E370B5.png\" class=\"attachment-thumbnail size-thumbnail\" alt=\"\" \/><\/a> <a href=\"https:\/\/lalmachine.com\/wp-content\/uploads\/2023\/11\/99A011B3-75BC-42AF-B017-95B98C87FD51.png\"><img loading=\"lazy\" decoding=\"async\" width=\"96\" height=\"96\" src=\"https:\/\/lalmachine.com\/wp-content\/uploads\/2023\/11\/99A011B3-75BC-42AF-B017-95B98C87FD51.png\" class=\"attachment-thumbnail size-thumbnail\" alt=\"\" \/><\/a> <a href=\"https:\/\/lalmachine.com\/wp-content\/uploads\/2023\/11\/7A77E5F0-0E58-4198-941F-50A58A7F2A14.png\"><img loading=\"lazy\" decoding=\"async\" width=\"96\" height=\"96\" src=\"https:\/\/lalmachine.com\/wp-content\/uploads\/2023\/11\/7A77E5F0-0E58-4198-941F-50A58A7F2A14.png\" class=\"attachment-thumbnail size-thumbnail\" alt=\"\" \/><\/a> <a href=\"https:\/\/lalmachine.com\/wp-content\/uploads\/2023\/11\/15746989-1B24-47D5-BC87-4ABD7BAE81D6.png\"><img loading=\"lazy\" decoding=\"async\" width=\"96\" height=\"96\" src=\"https:\/\/lalmachine.com\/wp-content\/uploads\/2023\/11\/15746989-1B24-47D5-BC87-4ABD7BAE81D6.png\" class=\"attachment-thumbnail size-thumbnail\" alt=\"\" \/><\/a> <\/li>        <li class=\"wpuf-field-data wpuf-field-data-numeric_text_field\">\n                            <label>Prix:<\/label>\n                        720        <\/li>\n                <li class=\"wpuf-field-data wpuf-field-data-numeric_text_field\">\n                            <label>Quantit\u00e9:<\/label>\n                        0        <\/li>\n                <li class=\"wpuf-field-data wpuf-field-data-numeric_text_field\">\n                            <label>Hauteur (cm):<\/label>\n                        39        <\/li>\n                <li class=\"wpuf-field-data wpuf-field-data-numeric_text_field\">\n                            <label>Largeur (cm):<\/label>\n                        74        <\/li>\n                <li class=\"wpuf-field-data wpuf-field-data-numeric_text_field\">\n                            <label>Profondeur (cm):<\/label>\n                        40        <\/li>\n        <\/ul>","protected":false},"excerpt":{"rendered":"<p>Toute en orme massif, cette table basse solide comme un bouclier montre tout le savoir faire de la maison fran\u00e7aise Seltz.<\/p>\n<p>Active dans l&rsquo;univers de l&rsquo;\u00e9b\u00e9nisterie \u00e9litiste depuis 1930, elle fermera malheureusement ses portes en 2016, laissant derri\u00e8re elle une histoire notamment marqu\u00e9e par une collaboration, celle de l&rsquo;architecte, \u00e9b\u00e9niste et designer Pierre Chapo. Ce dernier impr\u00e9gnera sa philosophie dans plusieurs des cr\u00e9ations Seltz apr\u00e8s son passage.<\/p>\n<p>Zustand<br \/>\nParfait \u00e9tat de conservation<\/p>","protected":false},"featured_media":318319,"template":"","meta":{"_et_pb_use_builder":"","_et_pb_old_content":"","_et_gb_content_width":""},"product_brand":[],"product_cat":[50,47,105,459],"product_tag":[],"proximite":[283],"class_list":{"0":"post-318248","1":"product","2":"type-product","3":"status-publish","4":"has-post-thumbnail","6":"product_cat-decorer","7":"product_cat-meubler","8":"product_cat-porte-plantes-revues-etc","9":"product_cat-table-basse-dappoint","10":"pa_couleur-bois","11":"pa_etat-bon-etat","12":"pa_materiau-bois","13":"pa_style-vintage","14":"proximite-riviera-pays-denhaut","16":"first","17":"outofstock","18":"shipping-taxable","19":"purchasable","20":"product-type-simple"},"yoast_head":"<!-- This site is optimized with the Yoast SEO plugin v27.4 - https:\/\/yoast.com\/product\/yoast-seo-wordpress\/ -->\n<title>Table basse porte-revues de la maison Seltz - France 1997 | lalmachine.com<\/title>\n<meta name=\"description\" content=\"Toute en orme massif, cette table basse solide comme un bouclier montre tout le savoir faire de la maison fran\u00e7aise Seltz.\" \/>\n<meta name=\"robots\" content=\"index, follow, max-snippet:-1, max-image-preview:large, max-video-preview:-1\" \/>\n<link rel=\"canonical\" href=\"https:\/\/lalmachine.com\/de\/shop\/decorer\/porte-plantes-revues-etc\/table-basse-porte-revues-de-la-maison-seltz-france-1997\/\" \/>\n<meta property=\"og:locale\" content=\"de_DE\" \/>\n<meta property=\"og:type\" content=\"article\" \/>\n<meta property=\"og:title\" content=\"Table basse porte-revues de la maison Seltz - France 1997 | lalmachine.com\" \/>\n<meta property=\"og:description\" content=\"Toute en orme massif, cette table basse solide comme un bouclier montre tout le savoir faire de la maison fran\u00e7aise Seltz.\" \/>\n<meta property=\"og:url\" content=\"https:\/\/lalmachine.com\/de\/shop\/decorer\/porte-plantes-revues-etc\/table-basse-porte-revues-de-la-maison-seltz-france-1997\/\" \/>\n<meta property=\"og:site_name\" content=\"lalmachine.com\" \/>\n<meta property=\"article:publisher\" content=\"https:\/\/facebook.com\/lalmachine\" \/>\n<meta property=\"article:modified_time\" content=\"2024-12-05T21:03:26+00:00\" \/>\n<meta property=\"og:image\" content=\"https:\/\/lalmachine.com\/wp-content\/uploads\/2023\/11\/A7EC75F9-93F1-4B2F-B232-8A25A1687A92_clipped_rev_1.jpeg\" \/>\n\t<meta property=\"og:image:width\" content=\"2273\" \/>\n\t<meta property=\"og:image:height\" content=\"2272\" \/>\n\t<meta property=\"og:image:type\" content=\"image\/jpeg\" \/>\n<meta name=\"twitter:card\" content=\"summary_large_image\" \/>\n<script type=\"application\/ld+json\" class=\"yoast-schema-graph\">{\"@context\":\"https:\\\/\\\/schema.org\",\"@graph\":[{\"@type\":\"WebPage\",\"@id\":\"https:\\\/\\\/lalmachine.com\\\/shop\\\/decorer\\\/porte-plantes-revues-etc\\\/table-basse-porte-revues-de-la-maison-seltz-france-1997\\\/\",\"url\":\"https:\\\/\\\/lalmachine.com\\\/shop\\\/decorer\\\/porte-plantes-revues-etc\\\/table-basse-porte-revues-de-la-maison-seltz-france-1997\\\/\",\"name\":\"Table basse porte-revues de la maison Seltz - France 1997 | lalmachine.com\",\"isPartOf\":{\"@id\":\"https:\\\/\\\/lalmachine.com\\\/#website\"},\"primaryImageOfPage\":{\"@id\":\"https:\\\/\\\/lalmachine.com\\\/shop\\\/decorer\\\/porte-plantes-revues-etc\\\/table-basse-porte-revues-de-la-maison-seltz-france-1997\\\/#primaryimage\"},\"image\":{\"@id\":\"https:\\\/\\\/lalmachine.com\\\/shop\\\/decorer\\\/porte-plantes-revues-etc\\\/table-basse-porte-revues-de-la-maison-seltz-france-1997\\\/#primaryimage\"},\"thumbnailUrl\":\"https:\\\/\\\/lalmachine.com\\\/wp-content\\\/uploads\\\/2023\\\/11\\\/A7EC75F9-93F1-4B2F-B232-8A25A1687A92_clipped_rev_1.jpeg\",\"datePublished\":\"2023-11-24T07:42:17+00:00\",\"dateModified\":\"2024-12-05T21:03:26+00:00\",\"description\":\"Toute en orme massif, cette table basse solide comme un bouclier montre tout le savoir faire de la maison fran\u00e7aise Seltz.\",\"breadcrumb\":{\"@id\":\"https:\\\/\\\/lalmachine.com\\\/shop\\\/decorer\\\/porte-plantes-revues-etc\\\/table-basse-porte-revues-de-la-maison-seltz-france-1997\\\/#breadcrumb\"},\"inLanguage\":\"de\",\"potentialAction\":[{\"@type\":\"ReadAction\",\"target\":[\"https:\\\/\\\/lalmachine.com\\\/shop\\\/decorer\\\/porte-plantes-revues-etc\\\/table-basse-porte-revues-de-la-maison-seltz-france-1997\\\/\"]}]},{\"@type\":\"ImageObject\",\"inLanguage\":\"de\",\"@id\":\"https:\\\/\\\/lalmachine.com\\\/shop\\\/decorer\\\/porte-plantes-revues-etc\\\/table-basse-porte-revues-de-la-maison-seltz-france-1997\\\/#primaryimage\",\"url\":\"https:\\\/\\\/lalmachine.com\\\/wp-content\\\/uploads\\\/2023\\\/11\\\/A7EC75F9-93F1-4B2F-B232-8A25A1687A92_clipped_rev_1.jpeg\",\"contentUrl\":\"https:\\\/\\\/lalmachine.com\\\/wp-content\\\/uploads\\\/2023\\\/11\\\/A7EC75F9-93F1-4B2F-B232-8A25A1687A92_clipped_rev_1.jpeg\",\"width\":2273,\"height\":2272,\"caption\":\"Table basse porte-revues de la maison Seltz - France 1997\"},{\"@type\":\"BreadcrumbList\",\"@id\":\"https:\\\/\\\/lalmachine.com\\\/shop\\\/decorer\\\/porte-plantes-revues-etc\\\/table-basse-porte-revues-de-la-maison-seltz-france-1997\\\/#breadcrumb\",\"itemListElement\":[{\"@type\":\"ListItem\",\"position\":1,\"name\":\"Accueil\",\"item\":\"https:\\\/\\\/lalmachine.com\\\/\"},{\"@type\":\"ListItem\",\"position\":2,\"name\":\"Shop\",\"item\":\"https:\\\/\\\/lalmachine.com\\\/shop\\\/\"},{\"@type\":\"ListItem\",\"position\":3,\"name\":\"Table basse porte-revues de la maison Seltz &#8211; France 1997\"}]},{\"@type\":\"WebSite\",\"@id\":\"https:\\\/\\\/lalmachine.com\\\/#website\",\"url\":\"https:\\\/\\\/lalmachine.com\\\/\",\"name\":\"lalmachine.com\",\"description\":\"Brocante en ligne Suisse | Mobilier et objets d\u00e9co vintage et design\",\"potentialAction\":[{\"@type\":\"SearchAction\",\"target\":{\"@type\":\"EntryPoint\",\"urlTemplate\":\"https:\\\/\\\/lalmachine.com\\\/?s={search_term_string}\"},\"query-input\":{\"@type\":\"PropertyValueSpecification\",\"valueRequired\":true,\"valueName\":\"search_term_string\"}}],\"inLanguage\":\"de\"}]}<\/script>\n<!-- \/ Yoast SEO plugin. -->","yoast_head_json":{"title":"Table basse porte-revues de la maison Seltz - France 1997 | lalmachine.com","description":"Toute en orme massif, cette table basse solide comme un bouclier montre tout le savoir faire de la maison fran\u00e7aise Seltz.","robots":{"index":"index","follow":"follow","max-snippet":"max-snippet:-1","max-image-preview":"max-image-preview:large","max-video-preview":"max-video-preview:-1"},"canonical":"https:\/\/lalmachine.com\/de\/shop\/decorer\/porte-plantes-revues-etc\/table-basse-porte-revues-de-la-maison-seltz-france-1997\/","og_locale":"de_DE","og_type":"article","og_title":"Table basse porte-revues de la maison Seltz - France 1997 | lalmachine.com","og_description":"Toute en orme massif, cette table basse solide comme un bouclier montre tout le savoir faire de la maison fran\u00e7aise Seltz.","og_url":"https:\/\/lalmachine.com\/de\/shop\/decorer\/porte-plantes-revues-etc\/table-basse-porte-revues-de-la-maison-seltz-france-1997\/","og_site_name":"lalmachine.com","article_publisher":"https:\/\/facebook.com\/lalmachine","article_modified_time":"2024-12-05T21:03:26+00:00","og_image":[{"width":2273,"height":2272,"url":"https:\/\/lalmachine.com\/wp-content\/uploads\/2023\/11\/A7EC75F9-93F1-4B2F-B232-8A25A1687A92_clipped_rev_1.jpeg","type":"image\/jpeg"}],"twitter_card":"summary_large_image","schema":{"@context":"https:\/\/schema.org","@graph":[{"@type":"WebPage","@id":"https:\/\/lalmachine.com\/shop\/decorer\/porte-plantes-revues-etc\/table-basse-porte-revues-de-la-maison-seltz-france-1997\/","url":"https:\/\/lalmachine.com\/shop\/decorer\/porte-plantes-revues-etc\/table-basse-porte-revues-de-la-maison-seltz-france-1997\/","name":"Table basse porte-revues de la maison Seltz - France 1997 | lalmachine.com","isPartOf":{"@id":"https:\/\/lalmachine.com\/#website"},"primaryImageOfPage":{"@id":"https:\/\/lalmachine.com\/shop\/decorer\/porte-plantes-revues-etc\/table-basse-porte-revues-de-la-maison-seltz-france-1997\/#primaryimage"},"image":{"@id":"https:\/\/lalmachine.com\/shop\/decorer\/porte-plantes-revues-etc\/table-basse-porte-revues-de-la-maison-seltz-france-1997\/#primaryimage"},"thumbnailUrl":"https:\/\/lalmachine.com\/wp-content\/uploads\/2023\/11\/A7EC75F9-93F1-4B2F-B232-8A25A1687A92_clipped_rev_1.jpeg","datePublished":"2023-11-24T07:42:17+00:00","dateModified":"2024-12-05T21:03:26+00:00","description":"Toute en orme massif, cette table basse solide comme un bouclier montre tout le savoir faire de la maison fran\u00e7aise Seltz.","breadcrumb":{"@id":"https:\/\/lalmachine.com\/shop\/decorer\/porte-plantes-revues-etc\/table-basse-porte-revues-de-la-maison-seltz-france-1997\/#breadcrumb"},"inLanguage":"de","potentialAction":[{"@type":"ReadAction","target":["https:\/\/lalmachine.com\/shop\/decorer\/porte-plantes-revues-etc\/table-basse-porte-revues-de-la-maison-seltz-france-1997\/"]}]},{"@type":"ImageObject","inLanguage":"de","@id":"https:\/\/lalmachine.com\/shop\/decorer\/porte-plantes-revues-etc\/table-basse-porte-revues-de-la-maison-seltz-france-1997\/#primaryimage","url":"https:\/\/lalmachine.com\/wp-content\/uploads\/2023\/11\/A7EC75F9-93F1-4B2F-B232-8A25A1687A92_clipped_rev_1.jpeg","contentUrl":"https:\/\/lalmachine.com\/wp-content\/uploads\/2023\/11\/A7EC75F9-93F1-4B2F-B232-8A25A1687A92_clipped_rev_1.jpeg","width":2273,"height":2272,"caption":"Table basse porte-revues de la maison Seltz - France 1997"},{"@type":"BreadcrumbList","@id":"https:\/\/lalmachine.com\/shop\/decorer\/porte-plantes-revues-etc\/table-basse-porte-revues-de-la-maison-seltz-france-1997\/#breadcrumb","itemListElement":[{"@type":"ListItem","position":1,"name":"Accueil","item":"https:\/\/lalmachine.com\/"},{"@type":"ListItem","position":2,"name":"Shop","item":"https:\/\/lalmachine.com\/shop\/"},{"@type":"ListItem","position":3,"name":"Table basse porte-revues de la maison Seltz &#8211; France 1997"}]},{"@type":"WebSite","@id":"https:\/\/lalmachine.com\/#website","url":"https:\/\/lalmachine.com\/","name":"lalmachine.com","description":"Brocante en ligne Suisse | Mobilier et objets d\u00e9co vintage et design","potentialAction":[{"@type":"SearchAction","target":{"@type":"EntryPoint","urlTemplate":"https:\/\/lalmachine.com\/?s={search_term_string}"},"query-input":{"@type":"PropertyValueSpecification","valueRequired":true,"valueName":"search_term_string"}}],"inLanguage":"de"}]}},"_links":{"self":[{"href":"https:\/\/lalmachine.com\/de\/wp-json\/wp\/v2\/product\/318248","targetHints":{"allow":["GET"]}}],"collection":[{"href":"https:\/\/lalmachine.com\/de\/wp-json\/wp\/v2\/product"}],"about":[{"href":"https:\/\/lalmachine.com\/de\/wp-json\/wp\/v2\/types\/product"}],"wp:featuredmedia":[{"embeddable":true,"href":"https:\/\/lalmachine.com\/de\/wp-json\/wp\/v2\/media\/318319"}],"wp:attachment":[{"href":"https:\/\/lalmachine.com\/de\/wp-json\/wp\/v2\/media?parent=318248"}],"wp:term":[{"taxonomy":"product_brand","embeddable":true,"href":"https:\/\/lalmachine.com\/de\/wp-json\/wp\/v2\/product_brand?post=318248"},{"taxonomy":"product_cat","embeddable":true,"href":"https:\/\/lalmachine.com\/de\/wp-json\/wp\/v2\/product_cat?post=318248"},{"taxonomy":"product_tag","embeddable":true,"href":"https:\/\/lalmachine.com\/de\/wp-json\/wp\/v2\/product_tag?post=318248"},{"taxonomy":"proximite","embeddable":true,"href":"https:\/\/lalmachine.com\/de\/wp-json\/wp\/v2\/proximite?post=318248"}],"curies":[{"name":"wp","href":"https:\/\/api.w.org\/{rel}","templated":true}]}}