{"id":318376,"date":"2023-11-26T09:13:06","date_gmt":"2023-11-26T08:13:06","guid":{"rendered":"https:\/\/lalmachine.com\/?post_type=product&#038;p=318376"},"modified":"2025-07-05T13:16:29","modified_gmt":"2025-07-05T11:16:29","slug":"grand-lustre-orbit-de-gaetano-sciolari","status":"publish","type":"product","link":"https:\/\/lalmachine.com\/de\/shop\/eclairer\/suspension-plafonnier\/grand-lustre-orbit-de-gaetano-sciolari\/","title":{"rendered":"Grand lustre Orbit de Gaetano Sciolari"},"content":{"rendered":"<ul class=\"wpuf_customs\"><li style=\"list-style-type:none;\"><label>Autres photos:<\/label> <a href=\"https:\/\/lalmachine.com\/wp-content\/uploads\/2023\/11\/510fa.jpg\"><img loading=\"lazy\" decoding=\"async\" width=\"96\" height=\"96\" src=\"https:\/\/lalmachine.com\/wp-content\/uploads\/2023\/11\/510fa.jpg\" class=\"attachment-thumbnail size-thumbnail\" alt=\"\" \/><\/a> <a href=\"https:\/\/lalmachine.com\/wp-content\/uploads\/2023\/11\/510-scaled.jpg\"><img loading=\"lazy\" decoding=\"async\" width=\"96\" height=\"96\" src=\"https:\/\/lalmachine.com\/wp-content\/uploads\/2023\/11\/510-scaled.jpg\" class=\"attachment-thumbnail size-thumbnail\" alt=\"\" \/><\/a> <a href=\"https:\/\/lalmachine.com\/wp-content\/uploads\/2023\/11\/510a-scaled.jpg\"><img loading=\"lazy\" decoding=\"async\" width=\"96\" height=\"96\" src=\"https:\/\/lalmachine.com\/wp-content\/uploads\/2023\/11\/510a-scaled.jpg\" class=\"attachment-thumbnail size-thumbnail\" alt=\"\" \/><\/a> <a href=\"https:\/\/lalmachine.com\/wp-content\/uploads\/2023\/11\/510b-scaled.jpg\"><img loading=\"lazy\" decoding=\"async\" width=\"96\" height=\"96\" src=\"https:\/\/lalmachine.com\/wp-content\/uploads\/2023\/11\/510b-scaled.jpg\" class=\"attachment-thumbnail size-thumbnail\" alt=\"\" \/><\/a> <a href=\"https:\/\/lalmachine.com\/wp-content\/uploads\/2023\/11\/510c-scaled.jpg\"><img loading=\"lazy\" decoding=\"async\" width=\"96\" height=\"96\" src=\"https:\/\/lalmachine.com\/wp-content\/uploads\/2023\/11\/510c-scaled.jpg\" class=\"attachment-thumbnail size-thumbnail\" alt=\"\" \/><\/a> <a href=\"https:\/\/lalmachine.com\/wp-content\/uploads\/2023\/11\/510d-scaled.jpg\"><img loading=\"lazy\" decoding=\"async\" width=\"96\" height=\"96\" src=\"https:\/\/lalmachine.com\/wp-content\/uploads\/2023\/11\/510d-scaled.jpg\" class=\"attachment-thumbnail size-thumbnail\" alt=\"\" \/><\/a> <a href=\"https:\/\/lalmachine.com\/wp-content\/uploads\/2023\/11\/510g-scaled.jpg\"><img loading=\"lazy\" decoding=\"async\" width=\"96\" height=\"96\" src=\"https:\/\/lalmachine.com\/wp-content\/uploads\/2023\/11\/510g-scaled.jpg\" class=\"attachment-thumbnail size-thumbnail\" alt=\"\" \/><\/a> <a href=\"https:\/\/lalmachine.com\/wp-content\/uploads\/2023\/11\/510j-scaled.jpg\"><img loading=\"lazy\" decoding=\"async\" width=\"96\" height=\"96\" src=\"https:\/\/lalmachine.com\/wp-content\/uploads\/2023\/11\/510j-scaled.jpg\" class=\"attachment-thumbnail size-thumbnail\" alt=\"\" \/><\/a> <a href=\"https:\/\/lalmachine.com\/wp-content\/uploads\/2023\/11\/510k-scaled.jpg\"><img loading=\"lazy\" decoding=\"async\" width=\"96\" height=\"96\" src=\"https:\/\/lalmachine.com\/wp-content\/uploads\/2023\/11\/510k-scaled.jpg\" class=\"attachment-thumbnail size-thumbnail\" alt=\"\" \/><\/a> <a href=\"https:\/\/lalmachine.com\/wp-content\/uploads\/2023\/11\/510l-scaled.jpg\"><img loading=\"lazy\" decoding=\"async\" width=\"96\" height=\"96\" src=\"https:\/\/lalmachine.com\/wp-content\/uploads\/2023\/11\/510l-scaled.jpg\" class=\"attachment-thumbnail size-thumbnail\" alt=\"\" \/><\/a> <\/li>        <li class=\"wpuf-field-data wpuf-field-data-numeric_text_field\">\n                            <label>Prix:<\/label>\n                        3680        <\/li>\n                <li class=\"wpuf-field-data wpuf-field-data-numeric_text_field\">\n                            <label>Hauteur (cm):<\/label>\n                        75        <\/li>\n                <li class=\"wpuf-field-data wpuf-field-data-numeric_text_field\">\n                            <label>Largeur (cm):<\/label>\n                        77        <\/li>\n                <li class=\"wpuf-field-data wpuf-field-data-numeric_text_field\">\n                            <label>Profondeur (cm):<\/label>\n                        77        <\/li>\n        <\/ul>","protected":false},"excerpt":{"rendered":"<p>Magnifique lustre de Gaetano Sciolari (1927\u20131994), mod\u00e8le \u2018Orbit\u2018 \u00e9dit\u00e9 dans les ann\u00e9es 1969 par Sciolari, Milan et Rome, Italy pour Lightolier. En m\u00e9tal argent\u00e9, le lustre poss\u00e8de 5 bras de trois feux, soit au total 15 feux.<\/p>\n<p>Les plaquettes d\u00e9coratives en m\u00e9tal laqu\u00e9 blanc tiennent par un ing\u00e9nieux syst\u00e8me d&rsquo;aimants qui facilitent l&rsquo;acc\u00e8s au syst\u00e8me \u00e9lectrique pour d&rsquo;\u00e9ventuelles r\u00e9parations. Toutes les ampoules ont \u00e9t\u00e9 chang\u00e9es et respectent l&rsquo;esprit des ann\u00e9es 60-70 avec leur globe \u00e0 demi chrom\u00e9. Le tout est en superbe \u00e9tat et fonctionne parfaitement.<\/p>\n<p>Gaetano Sciolari (1927-1994) est un designer italien dipl\u00f4m\u00e9 en Architecture et r\u00e9alisateur de films. Suite \u00e0 la mort de son p\u00e8re, il a relev\u00e9 et agrand\u00ec l\u2019entreprise familiale en devenant le premier fabricant italien de lampes aux \u00c9tats-Unis et le premier importateur \u00e0 l\u2019\u00e9tranger.<\/p>\n<p>Sciolari a cass\u00e9 les r\u00e8gles traditionnelles du design avec ses combinaisons de mat\u00e9riaux comme le laiton et Chrome.<\/p>\n<p>D\u00e9couvrez nos autres articles design vintage en allant ci-dessous sur kus.design<\/p>\n<p>n\u00b0 article SKU 510<\/p>","protected":false},"featured_media":318384,"template":"","meta":{"_et_pb_use_builder":"","_et_pb_old_content":"","_et_gb_content_width":""},"product_brand":[],"product_cat":[49,91],"product_tag":[],"proximite":[280,179],"class_list":{"0":"post-318376","1":"product","2":"type-product","3":"status-publish","4":"has-post-thumbnail","6":"product_cat-eclairer","7":"product_cat-suspension-plafonnier","8":"pa_couleur-argent","9":"pa_designer-sciolari-gaetano","10":"pa_etat-tres-bon-etat","11":"pa_materiau-metal","12":"pa_style-vintage","13":"proximite-morges","14":"proximite-vaud","16":"first","17":"outofstock","18":"sale","19":"shipping-taxable","20":"purchasable","21":"product-type-simple"},"yoast_head":"<!-- This site is optimized with the Yoast SEO plugin v27.4 - https:\/\/yoast.com\/product\/yoast-seo-wordpress\/ -->\n<title>Grand lustre Orbit de Gaetano Sciolari | lalmachine.com<\/title>\n<meta name=\"description\" content=\"Magnifique lustre de Gaetano Sciolari (1927\u20131994), mod\u00e8le \u2018Orbit\u2018 \u00e9dit\u00e9 dans les ann\u00e9es 1969 par Sciolari, Milan et Rome, Italy pour Lightolier.\" \/>\n<meta name=\"robots\" content=\"index, follow, max-snippet:-1, max-image-preview:large, max-video-preview:-1\" \/>\n<link rel=\"canonical\" href=\"https:\/\/lalmachine.com\/de\/shop\/eclairer\/suspension-plafonnier\/grand-lustre-orbit-de-gaetano-sciolari\/\" \/>\n<meta property=\"og:locale\" content=\"de_DE\" \/>\n<meta property=\"og:type\" content=\"article\" \/>\n<meta property=\"og:title\" content=\"Grand lustre Orbit de Gaetano Sciolari | lalmachine.com\" \/>\n<meta property=\"og:description\" content=\"Magnifique lustre de Gaetano Sciolari (1927\u20131994), mod\u00e8le \u2018Orbit\u2018 \u00e9dit\u00e9 dans les ann\u00e9es 1969 par Sciolari, Milan et Rome, Italy pour Lightolier.\" \/>\n<meta property=\"og:url\" content=\"https:\/\/lalmachine.com\/de\/shop\/eclairer\/suspension-plafonnier\/grand-lustre-orbit-de-gaetano-sciolari\/\" \/>\n<meta property=\"og:site_name\" content=\"lalmachine.com\" \/>\n<meta property=\"article:publisher\" content=\"https:\/\/facebook.com\/lalmachine\" \/>\n<meta property=\"article:modified_time\" content=\"2025-07-05T11:16:29+00:00\" \/>\n<meta property=\"og:image\" content=\"https:\/\/lalmachine.com\/wp-content\/uploads\/2023\/11\/510fa_clipped_rev_1-scaled.jpeg\" \/>\n\t<meta property=\"og:image:width\" content=\"2560\" \/>\n\t<meta property=\"og:image:height\" content=\"2560\" \/>\n\t<meta property=\"og:image:type\" content=\"image\/jpeg\" \/>\n<meta name=\"twitter:card\" content=\"summary_large_image\" \/>\n<script type=\"application\/ld+json\" class=\"yoast-schema-graph\">{\"@context\":\"https:\\\/\\\/schema.org\",\"@graph\":[{\"@type\":\"WebPage\",\"@id\":\"https:\\\/\\\/lalmachine.com\\\/shop\\\/eclairer\\\/suspension-plafonnier\\\/grand-lustre-orbit-de-gaetano-sciolari\\\/\",\"url\":\"https:\\\/\\\/lalmachine.com\\\/shop\\\/eclairer\\\/suspension-plafonnier\\\/grand-lustre-orbit-de-gaetano-sciolari\\\/\",\"name\":\"Grand lustre Orbit de Gaetano Sciolari | lalmachine.com\",\"isPartOf\":{\"@id\":\"https:\\\/\\\/lalmachine.com\\\/#website\"},\"primaryImageOfPage\":{\"@id\":\"https:\\\/\\\/lalmachine.com\\\/shop\\\/eclairer\\\/suspension-plafonnier\\\/grand-lustre-orbit-de-gaetano-sciolari\\\/#primaryimage\"},\"image\":{\"@id\":\"https:\\\/\\\/lalmachine.com\\\/shop\\\/eclairer\\\/suspension-plafonnier\\\/grand-lustre-orbit-de-gaetano-sciolari\\\/#primaryimage\"},\"thumbnailUrl\":\"https:\\\/\\\/lalmachine.com\\\/wp-content\\\/uploads\\\/2023\\\/11\\\/510fa_clipped_rev_1-scaled.jpeg\",\"datePublished\":\"2023-11-26T08:13:06+00:00\",\"dateModified\":\"2025-07-05T11:16:29+00:00\",\"description\":\"Magnifique lustre de Gaetano Sciolari (1927\u20131994), mod\u00e8le \u2018Orbit\u2018 \u00e9dit\u00e9 dans les ann\u00e9es 1969 par Sciolari, Milan et Rome, Italy pour Lightolier.\",\"breadcrumb\":{\"@id\":\"https:\\\/\\\/lalmachine.com\\\/shop\\\/eclairer\\\/suspension-plafonnier\\\/grand-lustre-orbit-de-gaetano-sciolari\\\/#breadcrumb\"},\"inLanguage\":\"de\",\"potentialAction\":[{\"@type\":\"ReadAction\",\"target\":[\"https:\\\/\\\/lalmachine.com\\\/shop\\\/eclairer\\\/suspension-plafonnier\\\/grand-lustre-orbit-de-gaetano-sciolari\\\/\"]}]},{\"@type\":\"ImageObject\",\"inLanguage\":\"de\",\"@id\":\"https:\\\/\\\/lalmachine.com\\\/shop\\\/eclairer\\\/suspension-plafonnier\\\/grand-lustre-orbit-de-gaetano-sciolari\\\/#primaryimage\",\"url\":\"https:\\\/\\\/lalmachine.com\\\/wp-content\\\/uploads\\\/2023\\\/11\\\/510fa_clipped_rev_1-scaled.jpeg\",\"contentUrl\":\"https:\\\/\\\/lalmachine.com\\\/wp-content\\\/uploads\\\/2023\\\/11\\\/510fa_clipped_rev_1-scaled.jpeg\",\"width\":2560,\"height\":2560,\"caption\":\"Grand lustre Orbit de Gaetano Sciolari\"},{\"@type\":\"BreadcrumbList\",\"@id\":\"https:\\\/\\\/lalmachine.com\\\/shop\\\/eclairer\\\/suspension-plafonnier\\\/grand-lustre-orbit-de-gaetano-sciolari\\\/#breadcrumb\",\"itemListElement\":[{\"@type\":\"ListItem\",\"position\":1,\"name\":\"Accueil\",\"item\":\"https:\\\/\\\/lalmachine.com\\\/\"},{\"@type\":\"ListItem\",\"position\":2,\"name\":\"Shop\",\"item\":\"https:\\\/\\\/lalmachine.com\\\/shop\\\/\"},{\"@type\":\"ListItem\",\"position\":3,\"name\":\"Grand lustre Orbit de Gaetano Sciolari\"}]},{\"@type\":\"WebSite\",\"@id\":\"https:\\\/\\\/lalmachine.com\\\/#website\",\"url\":\"https:\\\/\\\/lalmachine.com\\\/\",\"name\":\"lalmachine.com\",\"description\":\"Brocante en ligne Suisse | Mobilier et objets d\u00e9co vintage et design\",\"potentialAction\":[{\"@type\":\"SearchAction\",\"target\":{\"@type\":\"EntryPoint\",\"urlTemplate\":\"https:\\\/\\\/lalmachine.com\\\/?s={search_term_string}\"},\"query-input\":{\"@type\":\"PropertyValueSpecification\",\"valueRequired\":true,\"valueName\":\"search_term_string\"}}],\"inLanguage\":\"de\"}]}<\/script>\n<!-- \/ Yoast SEO plugin. -->","yoast_head_json":{"title":"Grand lustre Orbit de Gaetano Sciolari | lalmachine.com","description":"Magnifique lustre de Gaetano Sciolari (1927\u20131994), mod\u00e8le \u2018Orbit\u2018 \u00e9dit\u00e9 dans les ann\u00e9es 1969 par Sciolari, Milan et Rome, Italy pour Lightolier.","robots":{"index":"index","follow":"follow","max-snippet":"max-snippet:-1","max-image-preview":"max-image-preview:large","max-video-preview":"max-video-preview:-1"},"canonical":"https:\/\/lalmachine.com\/de\/shop\/eclairer\/suspension-plafonnier\/grand-lustre-orbit-de-gaetano-sciolari\/","og_locale":"de_DE","og_type":"article","og_title":"Grand lustre Orbit de Gaetano Sciolari | lalmachine.com","og_description":"Magnifique lustre de Gaetano Sciolari (1927\u20131994), mod\u00e8le \u2018Orbit\u2018 \u00e9dit\u00e9 dans les ann\u00e9es 1969 par Sciolari, Milan et Rome, Italy pour Lightolier.","og_url":"https:\/\/lalmachine.com\/de\/shop\/eclairer\/suspension-plafonnier\/grand-lustre-orbit-de-gaetano-sciolari\/","og_site_name":"lalmachine.com","article_publisher":"https:\/\/facebook.com\/lalmachine","article_modified_time":"2025-07-05T11:16:29+00:00","og_image":[{"width":2560,"height":2560,"url":"https:\/\/lalmachine.com\/wp-content\/uploads\/2023\/11\/510fa_clipped_rev_1-scaled.jpeg","type":"image\/jpeg"}],"twitter_card":"summary_large_image","schema":{"@context":"https:\/\/schema.org","@graph":[{"@type":"WebPage","@id":"https:\/\/lalmachine.com\/shop\/eclairer\/suspension-plafonnier\/grand-lustre-orbit-de-gaetano-sciolari\/","url":"https:\/\/lalmachine.com\/shop\/eclairer\/suspension-plafonnier\/grand-lustre-orbit-de-gaetano-sciolari\/","name":"Grand lustre Orbit de Gaetano Sciolari | lalmachine.com","isPartOf":{"@id":"https:\/\/lalmachine.com\/#website"},"primaryImageOfPage":{"@id":"https:\/\/lalmachine.com\/shop\/eclairer\/suspension-plafonnier\/grand-lustre-orbit-de-gaetano-sciolari\/#primaryimage"},"image":{"@id":"https:\/\/lalmachine.com\/shop\/eclairer\/suspension-plafonnier\/grand-lustre-orbit-de-gaetano-sciolari\/#primaryimage"},"thumbnailUrl":"https:\/\/lalmachine.com\/wp-content\/uploads\/2023\/11\/510fa_clipped_rev_1-scaled.jpeg","datePublished":"2023-11-26T08:13:06+00:00","dateModified":"2025-07-05T11:16:29+00:00","description":"Magnifique lustre de Gaetano Sciolari (1927\u20131994), mod\u00e8le \u2018Orbit\u2018 \u00e9dit\u00e9 dans les ann\u00e9es 1969 par Sciolari, Milan et Rome, Italy pour Lightolier.","breadcrumb":{"@id":"https:\/\/lalmachine.com\/shop\/eclairer\/suspension-plafonnier\/grand-lustre-orbit-de-gaetano-sciolari\/#breadcrumb"},"inLanguage":"de","potentialAction":[{"@type":"ReadAction","target":["https:\/\/lalmachine.com\/shop\/eclairer\/suspension-plafonnier\/grand-lustre-orbit-de-gaetano-sciolari\/"]}]},{"@type":"ImageObject","inLanguage":"de","@id":"https:\/\/lalmachine.com\/shop\/eclairer\/suspension-plafonnier\/grand-lustre-orbit-de-gaetano-sciolari\/#primaryimage","url":"https:\/\/lalmachine.com\/wp-content\/uploads\/2023\/11\/510fa_clipped_rev_1-scaled.jpeg","contentUrl":"https:\/\/lalmachine.com\/wp-content\/uploads\/2023\/11\/510fa_clipped_rev_1-scaled.jpeg","width":2560,"height":2560,"caption":"Grand lustre Orbit de Gaetano Sciolari"},{"@type":"BreadcrumbList","@id":"https:\/\/lalmachine.com\/shop\/eclairer\/suspension-plafonnier\/grand-lustre-orbit-de-gaetano-sciolari\/#breadcrumb","itemListElement":[{"@type":"ListItem","position":1,"name":"Accueil","item":"https:\/\/lalmachine.com\/"},{"@type":"ListItem","position":2,"name":"Shop","item":"https:\/\/lalmachine.com\/shop\/"},{"@type":"ListItem","position":3,"name":"Grand lustre Orbit de Gaetano Sciolari"}]},{"@type":"WebSite","@id":"https:\/\/lalmachine.com\/#website","url":"https:\/\/lalmachine.com\/","name":"lalmachine.com","description":"Brocante en ligne Suisse | Mobilier et objets d\u00e9co vintage et design","potentialAction":[{"@type":"SearchAction","target":{"@type":"EntryPoint","urlTemplate":"https:\/\/lalmachine.com\/?s={search_term_string}"},"query-input":{"@type":"PropertyValueSpecification","valueRequired":true,"valueName":"search_term_string"}}],"inLanguage":"de"}]}},"_links":{"self":[{"href":"https:\/\/lalmachine.com\/de\/wp-json\/wp\/v2\/product\/318376","targetHints":{"allow":["GET"]}}],"collection":[{"href":"https:\/\/lalmachine.com\/de\/wp-json\/wp\/v2\/product"}],"about":[{"href":"https:\/\/lalmachine.com\/de\/wp-json\/wp\/v2\/types\/product"}],"wp:featuredmedia":[{"embeddable":true,"href":"https:\/\/lalmachine.com\/de\/wp-json\/wp\/v2\/media\/318384"}],"wp:attachment":[{"href":"https:\/\/lalmachine.com\/de\/wp-json\/wp\/v2\/media?parent=318376"}],"wp:term":[{"taxonomy":"product_brand","embeddable":true,"href":"https:\/\/lalmachine.com\/de\/wp-json\/wp\/v2\/product_brand?post=318376"},{"taxonomy":"product_cat","embeddable":true,"href":"https:\/\/lalmachine.com\/de\/wp-json\/wp\/v2\/product_cat?post=318376"},{"taxonomy":"product_tag","embeddable":true,"href":"https:\/\/lalmachine.com\/de\/wp-json\/wp\/v2\/product_tag?post=318376"},{"taxonomy":"proximite","embeddable":true,"href":"https:\/\/lalmachine.com\/de\/wp-json\/wp\/v2\/proximite?post=318376"}],"curies":[{"name":"wp","href":"https:\/\/api.w.org\/{rel}","templated":true}]}}