{"id":318750,"date":"2023-12-01T17:17:13","date_gmt":"2023-12-01T16:17:13","guid":{"rendered":"https:\/\/lalmachine.com\/?post_type=product&#038;p=318750"},"modified":"2024-12-05T22:03:29","modified_gmt":"2024-12-05T21:03:29","slug":"canape-ploum-2-places-bleu","status":"publish","type":"product","link":"https:\/\/lalmachine.com\/de\/shop\/sasseoir\/canape-fauteuil-pouf\/canape-ploum-2-places-bleu\/","title":{"rendered":"Canap\u00e9 Ploum 2 places &#8211; Bleu"},"content":{"rendered":"<ul class=\"wpuf_customs\"><li style=\"list-style-type:none;\"><label>Autres photos:<\/label> <a href=\"https:\/\/lalmachine.com\/wp-content\/uploads\/2023\/12\/WhatsApp-Image-2023-10-13-at-15.12.11-1.jpeg\"><img loading=\"lazy\" decoding=\"async\" width=\"72\" height=\"96\" src=\"https:\/\/lalmachine.com\/wp-content\/uploads\/2023\/12\/WhatsApp-Image-2023-10-13-at-15.12.11-1.jpeg\" class=\"attachment-thumbnail size-thumbnail\" alt=\"\" \/><\/a> <a href=\"https:\/\/lalmachine.com\/wp-content\/uploads\/2023\/10\/WhatsApp-Image-2023-10-13-at-15.12.11.jpeg\"><img loading=\"lazy\" decoding=\"async\" width=\"72\" height=\"96\" src=\"https:\/\/lalmachine.com\/wp-content\/uploads\/2023\/10\/WhatsApp-Image-2023-10-13-at-15.12.11.jpeg\" class=\"attachment-thumbnail size-thumbnail\" alt=\"\" \/><\/a> <a href=\"https:\/\/lalmachine.com\/wp-content\/uploads\/2023\/10\/WhatsApp-Image-2023-10-10-at-09.55.32.jpeg\"><img loading=\"lazy\" decoding=\"async\" width=\"72\" height=\"96\" src=\"https:\/\/lalmachine.com\/wp-content\/uploads\/2023\/10\/WhatsApp-Image-2023-10-10-at-09.55.32.jpeg\" class=\"attachment-thumbnail size-thumbnail\" alt=\"\" \/><\/a> <a href=\"https:\/\/lalmachine.com\/wp-content\/uploads\/2023\/12\/Screenshot-2023-12-01-at-10.25.57.png\"><img loading=\"lazy\" decoding=\"async\" width=\"96\" height=\"96\" src=\"https:\/\/lalmachine.com\/wp-content\/uploads\/2023\/12\/Screenshot-2023-12-01-at-10.25.57.png\" class=\"attachment-thumbnail size-thumbnail\" alt=\"\" \/><\/a> <a href=\"https:\/\/lalmachine.com\/wp-content\/uploads\/2023\/12\/Screenshot-2023-12-01-at-10.26.12.png\"><img loading=\"lazy\" decoding=\"async\" width=\"128\" height=\"96\" src=\"https:\/\/lalmachine.com\/wp-content\/uploads\/2023\/12\/Screenshot-2023-12-01-at-10.26.12.png\" class=\"attachment-thumbnail size-thumbnail\" alt=\"\" \/><\/a> <a href=\"https:\/\/lalmachine.com\/wp-content\/uploads\/2023\/12\/Screenshot-2023-12-01-at-10.26.25.png\"><img loading=\"lazy\" decoding=\"async\" width=\"71\" height=\"96\" src=\"https:\/\/lalmachine.com\/wp-content\/uploads\/2023\/12\/Screenshot-2023-12-01-at-10.26.25.png\" class=\"attachment-thumbnail size-thumbnail\" alt=\"\" \/><\/a> <a href=\"https:\/\/lalmachine.com\/wp-content\/uploads\/2023\/12\/Screenshot-2023-12-01-at-10.28.34.png\"><img loading=\"lazy\" decoding=\"async\" width=\"75\" height=\"96\" src=\"https:\/\/lalmachine.com\/wp-content\/uploads\/2023\/12\/Screenshot-2023-12-01-at-10.28.34.png\" class=\"attachment-thumbnail size-thumbnail\" alt=\"\" \/><\/a> <\/li>        <li class=\"wpuf-field-data wpuf-field-data-numeric_text_field\">\n                            <label>Prix:<\/label>\n                        2990        <\/li>\n                <li class=\"wpuf-field-data wpuf-field-data-numeric_text_field\">\n                            <label>Quantit\u00e9:<\/label>\n                        1        <\/li>\n                <li class=\"wpuf-field-data wpuf-field-data-numeric_text_field\">\n                            <label>Hauteur (cm):<\/label>\n                        84        <\/li>\n                <li class=\"wpuf-field-data wpuf-field-data-numeric_text_field\">\n                            <label>Largeur (cm):<\/label>\n                        250        <\/li>\n                <li class=\"wpuf-field-data wpuf-field-data-numeric_text_field\">\n                            <label>Profondeur (cm):<\/label>\n                        110        <\/li>\n        <\/ul>","protected":false},"excerpt":{"rendered":"<p>Le fameux canap\u00e9 Ploum de ligne roset dessin\u00e9 par les fr\u00e8res Bouroullec.<br \/>\nTout frais tout neuf ! Une pi\u00e8ce rare \u00e0 trouver en seconde main puisque personne veut s&#8217;en s\u00e9parer. Structure tube, fil et grille d&#8217;acier. Pi\u00e9tement gain\u00e9. Confort est le mot !<\/p>\n<p>Le canap\u00e9 est fait d&#8217;un rev\u00eatement stretch et d&#8217;une mousse hyper-souple. La r\u00e9elle g\u00e9n\u00e9rosit\u00e9 des dimensions du Ploum offre un confort extr\u00eame et propose diff\u00e9rentes postures au corps. Selon la volont\u00e9 des designers, le grand canap\u00e9 pr\u00e9sente une construction asym\u00e9trique. Ce grand canap\u00e9, qui peut accueillir jusqu&#8217;\u00e0 4 personnes, il pr\u00e9sente une angulation l\u00e9g\u00e8rement referm\u00e9e de l&#8217;assise qui permet des postures rapproch\u00e9es favorisant les \u00e9changes entre les occupants du si\u00e8ge. \ud83d\ude42<\/p>","protected":false},"featured_media":318772,"template":"","meta":{"_et_pb_use_builder":"","_et_pb_old_content":"","_et_gb_content_width":""},"product_brand":[],"product_cat":[99,48],"product_tag":[],"proximite":[180],"class_list":{"0":"post-318750","1":"product","2":"type-product","3":"status-publish","4":"has-post-thumbnail","6":"product_cat-canape-fauteuil-pouf","7":"product_cat-sasseoir","8":"pa_couleur-bleu","9":"pa_etat-tres-bon-etat","10":"pa_materiau-tissu","11":"pa_style-art-contemporain","12":"proximite-geneve","14":"first","15":"instock","16":"shipping-taxable","17":"purchasable","18":"product-type-simple"},"yoast_head":"<!-- This site is optimized with the Yoast SEO plugin v27.4 - https:\/\/yoast.com\/product\/yoast-seo-wordpress\/ -->\n<title>Canap\u00e9 Ploum 2 places - Bleu | lalmachine.com, mobilier et objets d\u00e9co vintage et design<\/title>\n<meta name=\"description\" content=\"Le fameux canap\u00e9 Ploum de Ligne Roset dessin\u00e9 par les fr\u00e8res Bouroullec. Rare \u00e0 trouver en seconde main puisque personne veut s&#039;en s\u00e9parer.\" \/>\n<meta name=\"robots\" content=\"index, follow, max-snippet:-1, max-image-preview:large, max-video-preview:-1\" \/>\n<link rel=\"canonical\" href=\"https:\/\/lalmachine.com\/de\/shop\/sasseoir\/canape-fauteuil-pouf\/canape-ploum-2-places-bleu\/\" \/>\n<meta property=\"og:locale\" content=\"de_DE\" \/>\n<meta property=\"og:type\" content=\"article\" \/>\n<meta property=\"og:title\" content=\"Canap\u00e9 Ploum 2 places - Bleu | lalmachine.com, mobilier et objets d\u00e9co vintage et design\" \/>\n<meta property=\"og:description\" content=\"Le fameux canap\u00e9 Ploum de Ligne Roset dessin\u00e9 par les fr\u00e8res Bouroullec. Rare \u00e0 trouver en seconde main puisque personne veut s&#039;en s\u00e9parer.\" \/>\n<meta property=\"og:url\" content=\"https:\/\/lalmachine.com\/de\/shop\/sasseoir\/canape-fauteuil-pouf\/canape-ploum-2-places-bleu\/\" \/>\n<meta property=\"og:site_name\" content=\"lalmachine.com\" \/>\n<meta property=\"article:publisher\" content=\"https:\/\/facebook.com\/lalmachine\" \/>\n<meta property=\"article:modified_time\" content=\"2024-12-05T21:03:29+00:00\" \/>\n<meta property=\"og:image\" content=\"https:\/\/lalmachine.com\/wp-content\/uploads\/2023\/12\/Screenshot-2023-12-01-at-10.28.34_clipped_rev_1.jpeg\" \/>\n\t<meta property=\"og:image:width\" content=\"577\" \/>\n\t<meta property=\"og:image:height\" content=\"577\" \/>\n\t<meta property=\"og:image:type\" content=\"image\/jpeg\" \/>\n<meta name=\"twitter:card\" content=\"summary_large_image\" \/>\n<script type=\"application\/ld+json\" class=\"yoast-schema-graph\">{\"@context\":\"https:\\\/\\\/schema.org\",\"@graph\":[{\"@type\":\"WebPage\",\"@id\":\"https:\\\/\\\/lalmachine.com\\\/shop\\\/sasseoir\\\/canape-fauteuil-pouf\\\/canape-ploum-2-places-bleu\\\/\",\"url\":\"https:\\\/\\\/lalmachine.com\\\/shop\\\/sasseoir\\\/canape-fauteuil-pouf\\\/canape-ploum-2-places-bleu\\\/\",\"name\":\"Canap\u00e9 Ploum 2 places - Bleu | lalmachine.com, mobilier et objets d\u00e9co vintage et design\",\"isPartOf\":{\"@id\":\"https:\\\/\\\/lalmachine.com\\\/#website\"},\"primaryImageOfPage\":{\"@id\":\"https:\\\/\\\/lalmachine.com\\\/shop\\\/sasseoir\\\/canape-fauteuil-pouf\\\/canape-ploum-2-places-bleu\\\/#primaryimage\"},\"image\":{\"@id\":\"https:\\\/\\\/lalmachine.com\\\/shop\\\/sasseoir\\\/canape-fauteuil-pouf\\\/canape-ploum-2-places-bleu\\\/#primaryimage\"},\"thumbnailUrl\":\"https:\\\/\\\/lalmachine.com\\\/wp-content\\\/uploads\\\/2023\\\/12\\\/Screenshot-2023-12-01-at-10.28.34_clipped_rev_1.jpeg\",\"datePublished\":\"2023-12-01T16:17:13+00:00\",\"dateModified\":\"2024-12-05T21:03:29+00:00\",\"description\":\"Le fameux canap\u00e9 Ploum de Ligne Roset dessin\u00e9 par les fr\u00e8res Bouroullec. Rare \u00e0 trouver en seconde main puisque personne veut s'en s\u00e9parer.\",\"breadcrumb\":{\"@id\":\"https:\\\/\\\/lalmachine.com\\\/shop\\\/sasseoir\\\/canape-fauteuil-pouf\\\/canape-ploum-2-places-bleu\\\/#breadcrumb\"},\"inLanguage\":\"de\",\"potentialAction\":[{\"@type\":\"ReadAction\",\"target\":[\"https:\\\/\\\/lalmachine.com\\\/shop\\\/sasseoir\\\/canape-fauteuil-pouf\\\/canape-ploum-2-places-bleu\\\/\"]}]},{\"@type\":\"ImageObject\",\"inLanguage\":\"de\",\"@id\":\"https:\\\/\\\/lalmachine.com\\\/shop\\\/sasseoir\\\/canape-fauteuil-pouf\\\/canape-ploum-2-places-bleu\\\/#primaryimage\",\"url\":\"https:\\\/\\\/lalmachine.com\\\/wp-content\\\/uploads\\\/2023\\\/12\\\/Screenshot-2023-12-01-at-10.28.34_clipped_rev_1.jpeg\",\"contentUrl\":\"https:\\\/\\\/lalmachine.com\\\/wp-content\\\/uploads\\\/2023\\\/12\\\/Screenshot-2023-12-01-at-10.28.34_clipped_rev_1.jpeg\",\"width\":577,\"height\":577,\"caption\":\"Canap\u00e9 Ploum 2 places - Bleu\"},{\"@type\":\"BreadcrumbList\",\"@id\":\"https:\\\/\\\/lalmachine.com\\\/shop\\\/sasseoir\\\/canape-fauteuil-pouf\\\/canape-ploum-2-places-bleu\\\/#breadcrumb\",\"itemListElement\":[{\"@type\":\"ListItem\",\"position\":1,\"name\":\"Accueil\",\"item\":\"https:\\\/\\\/lalmachine.com\\\/\"},{\"@type\":\"ListItem\",\"position\":2,\"name\":\"Shop\",\"item\":\"https:\\\/\\\/lalmachine.com\\\/shop\\\/\"},{\"@type\":\"ListItem\",\"position\":3,\"name\":\"Canap\u00e9 Ploum 2 places &#8211; Bleu\"}]},{\"@type\":\"WebSite\",\"@id\":\"https:\\\/\\\/lalmachine.com\\\/#website\",\"url\":\"https:\\\/\\\/lalmachine.com\\\/\",\"name\":\"lalmachine.com\",\"description\":\"Brocante en ligne Suisse | Mobilier et objets d\u00e9co vintage et design\",\"potentialAction\":[{\"@type\":\"SearchAction\",\"target\":{\"@type\":\"EntryPoint\",\"urlTemplate\":\"https:\\\/\\\/lalmachine.com\\\/?s={search_term_string}\"},\"query-input\":{\"@type\":\"PropertyValueSpecification\",\"valueRequired\":true,\"valueName\":\"search_term_string\"}}],\"inLanguage\":\"de\"}]}<\/script>\n<!-- \/ Yoast SEO plugin. -->","yoast_head_json":{"title":"Canap\u00e9 Ploum 2 places - Bleu | lalmachine.com, mobilier et objets d\u00e9co vintage et design","description":"Le fameux canap\u00e9 Ploum de Ligne Roset dessin\u00e9 par les fr\u00e8res Bouroullec. Rare \u00e0 trouver en seconde main puisque personne veut s'en s\u00e9parer.","robots":{"index":"index","follow":"follow","max-snippet":"max-snippet:-1","max-image-preview":"max-image-preview:large","max-video-preview":"max-video-preview:-1"},"canonical":"https:\/\/lalmachine.com\/de\/shop\/sasseoir\/canape-fauteuil-pouf\/canape-ploum-2-places-bleu\/","og_locale":"de_DE","og_type":"article","og_title":"Canap\u00e9 Ploum 2 places - Bleu | lalmachine.com, mobilier et objets d\u00e9co vintage et design","og_description":"Le fameux canap\u00e9 Ploum de Ligne Roset dessin\u00e9 par les fr\u00e8res Bouroullec. Rare \u00e0 trouver en seconde main puisque personne veut s'en s\u00e9parer.","og_url":"https:\/\/lalmachine.com\/de\/shop\/sasseoir\/canape-fauteuil-pouf\/canape-ploum-2-places-bleu\/","og_site_name":"lalmachine.com","article_publisher":"https:\/\/facebook.com\/lalmachine","article_modified_time":"2024-12-05T21:03:29+00:00","og_image":[{"width":577,"height":577,"url":"https:\/\/lalmachine.com\/wp-content\/uploads\/2023\/12\/Screenshot-2023-12-01-at-10.28.34_clipped_rev_1.jpeg","type":"image\/jpeg"}],"twitter_card":"summary_large_image","schema":{"@context":"https:\/\/schema.org","@graph":[{"@type":"WebPage","@id":"https:\/\/lalmachine.com\/shop\/sasseoir\/canape-fauteuil-pouf\/canape-ploum-2-places-bleu\/","url":"https:\/\/lalmachine.com\/shop\/sasseoir\/canape-fauteuil-pouf\/canape-ploum-2-places-bleu\/","name":"Canap\u00e9 Ploum 2 places - Bleu | lalmachine.com, mobilier et objets d\u00e9co vintage et design","isPartOf":{"@id":"https:\/\/lalmachine.com\/#website"},"primaryImageOfPage":{"@id":"https:\/\/lalmachine.com\/shop\/sasseoir\/canape-fauteuil-pouf\/canape-ploum-2-places-bleu\/#primaryimage"},"image":{"@id":"https:\/\/lalmachine.com\/shop\/sasseoir\/canape-fauteuil-pouf\/canape-ploum-2-places-bleu\/#primaryimage"},"thumbnailUrl":"https:\/\/lalmachine.com\/wp-content\/uploads\/2023\/12\/Screenshot-2023-12-01-at-10.28.34_clipped_rev_1.jpeg","datePublished":"2023-12-01T16:17:13+00:00","dateModified":"2024-12-05T21:03:29+00:00","description":"Le fameux canap\u00e9 Ploum de Ligne Roset dessin\u00e9 par les fr\u00e8res Bouroullec. Rare \u00e0 trouver en seconde main puisque personne veut s'en s\u00e9parer.","breadcrumb":{"@id":"https:\/\/lalmachine.com\/shop\/sasseoir\/canape-fauteuil-pouf\/canape-ploum-2-places-bleu\/#breadcrumb"},"inLanguage":"de","potentialAction":[{"@type":"ReadAction","target":["https:\/\/lalmachine.com\/shop\/sasseoir\/canape-fauteuil-pouf\/canape-ploum-2-places-bleu\/"]}]},{"@type":"ImageObject","inLanguage":"de","@id":"https:\/\/lalmachine.com\/shop\/sasseoir\/canape-fauteuil-pouf\/canape-ploum-2-places-bleu\/#primaryimage","url":"https:\/\/lalmachine.com\/wp-content\/uploads\/2023\/12\/Screenshot-2023-12-01-at-10.28.34_clipped_rev_1.jpeg","contentUrl":"https:\/\/lalmachine.com\/wp-content\/uploads\/2023\/12\/Screenshot-2023-12-01-at-10.28.34_clipped_rev_1.jpeg","width":577,"height":577,"caption":"Canap\u00e9 Ploum 2 places - Bleu"},{"@type":"BreadcrumbList","@id":"https:\/\/lalmachine.com\/shop\/sasseoir\/canape-fauteuil-pouf\/canape-ploum-2-places-bleu\/#breadcrumb","itemListElement":[{"@type":"ListItem","position":1,"name":"Accueil","item":"https:\/\/lalmachine.com\/"},{"@type":"ListItem","position":2,"name":"Shop","item":"https:\/\/lalmachine.com\/shop\/"},{"@type":"ListItem","position":3,"name":"Canap\u00e9 Ploum 2 places &#8211; Bleu"}]},{"@type":"WebSite","@id":"https:\/\/lalmachine.com\/#website","url":"https:\/\/lalmachine.com\/","name":"lalmachine.com","description":"Brocante en ligne Suisse | Mobilier et objets d\u00e9co vintage et design","potentialAction":[{"@type":"SearchAction","target":{"@type":"EntryPoint","urlTemplate":"https:\/\/lalmachine.com\/?s={search_term_string}"},"query-input":{"@type":"PropertyValueSpecification","valueRequired":true,"valueName":"search_term_string"}}],"inLanguage":"de"}]}},"_links":{"self":[{"href":"https:\/\/lalmachine.com\/de\/wp-json\/wp\/v2\/product\/318750","targetHints":{"allow":["GET"]}}],"collection":[{"href":"https:\/\/lalmachine.com\/de\/wp-json\/wp\/v2\/product"}],"about":[{"href":"https:\/\/lalmachine.com\/de\/wp-json\/wp\/v2\/types\/product"}],"wp:featuredmedia":[{"embeddable":true,"href":"https:\/\/lalmachine.com\/de\/wp-json\/wp\/v2\/media\/318772"}],"wp:attachment":[{"href":"https:\/\/lalmachine.com\/de\/wp-json\/wp\/v2\/media?parent=318750"}],"wp:term":[{"taxonomy":"product_brand","embeddable":true,"href":"https:\/\/lalmachine.com\/de\/wp-json\/wp\/v2\/product_brand?post=318750"},{"taxonomy":"product_cat","embeddable":true,"href":"https:\/\/lalmachine.com\/de\/wp-json\/wp\/v2\/product_cat?post=318750"},{"taxonomy":"product_tag","embeddable":true,"href":"https:\/\/lalmachine.com\/de\/wp-json\/wp\/v2\/product_tag?post=318750"},{"taxonomy":"proximite","embeddable":true,"href":"https:\/\/lalmachine.com\/de\/wp-json\/wp\/v2\/proximite?post=318750"}],"curies":[{"name":"wp","href":"https:\/\/api.w.org\/{rel}","templated":true}]}}