{"id":318769,"date":"2023-12-03T14:52:41","date_gmt":"2023-12-03T13:52:41","guid":{"rendered":"https:\/\/lalmachine.com\/?post_type=product&#038;p=318769"},"modified":"2024-12-05T22:03:29","modified_gmt":"2024-12-05T21:03:29","slug":"lot-de-4-fauteuils-b34-et-2-chaises-b32-marcel-breuer-mart-stamm","status":"publish","type":"product","link":"https:\/\/lalmachine.com\/de\/shop\/sasseoir\/chaise\/lot-de-4-fauteuils-b34-et-2-chaises-b32-marcel-breuer-mart-stamm\/","title":{"rendered":"Lot de 4 fauteuils B34 et 2 chaises B32 Marcel Breuer \/ Mart Stamm"},"content":{"rendered":"<ul class=\"wpuf_customs\"><li style=\"list-style-type:none;\"><label>Autres photos:<\/label> <a href=\"https:\/\/lalmachine.com\/wp-content\/uploads\/2023\/12\/2023-12-01-13.14.46-scaled.jpg\"><img loading=\"lazy\" decoding=\"async\" width=\"72\" height=\"96\" src=\"https:\/\/lalmachine.com\/wp-content\/uploads\/2023\/12\/2023-12-01-13.14.46-scaled.jpg\" class=\"attachment-thumbnail size-thumbnail\" alt=\"\" \/><\/a> <a href=\"https:\/\/lalmachine.com\/wp-content\/uploads\/2023\/12\/2023-12-01-13.20.16-scaled.jpg\"><img loading=\"lazy\" decoding=\"async\" width=\"72\" height=\"96\" src=\"https:\/\/lalmachine.com\/wp-content\/uploads\/2023\/12\/2023-12-01-13.20.16-scaled.jpg\" class=\"attachment-thumbnail size-thumbnail\" alt=\"\" \/><\/a> <a href=\"https:\/\/lalmachine.com\/wp-content\/uploads\/2023\/12\/2023-12-01-13.20.06-scaled.jpg\"><img loading=\"lazy\" decoding=\"async\" width=\"72\" height=\"96\" src=\"https:\/\/lalmachine.com\/wp-content\/uploads\/2023\/12\/2023-12-01-13.20.06-scaled.jpg\" class=\"attachment-thumbnail size-thumbnail\" alt=\"\" \/><\/a> <a href=\"https:\/\/lalmachine.com\/wp-content\/uploads\/2023\/12\/2023-12-01-13.10.43-scaled.jpg\"><img loading=\"lazy\" decoding=\"async\" width=\"72\" height=\"96\" src=\"https:\/\/lalmachine.com\/wp-content\/uploads\/2023\/12\/2023-12-01-13.10.43-scaled.jpg\" class=\"attachment-thumbnail size-thumbnail\" alt=\"\" \/><\/a> <a href=\"https:\/\/lalmachine.com\/wp-content\/uploads\/2023\/12\/2023-12-01-13.14.30-scaled.jpg\"><img loading=\"lazy\" decoding=\"async\" width=\"72\" height=\"96\" src=\"https:\/\/lalmachine.com\/wp-content\/uploads\/2023\/12\/2023-12-01-13.14.30-scaled.jpg\" class=\"attachment-thumbnail size-thumbnail\" alt=\"\" \/><\/a> <a href=\"https:\/\/lalmachine.com\/wp-content\/uploads\/2023\/12\/2023-12-01-13.09.54-scaled.jpg\"><img loading=\"lazy\" decoding=\"async\" width=\"128\" height=\"96\" src=\"https:\/\/lalmachine.com\/wp-content\/uploads\/2023\/12\/2023-12-01-13.09.54-scaled.jpg\" class=\"attachment-thumbnail size-thumbnail\" alt=\"\" \/><\/a> <a href=\"https:\/\/lalmachine.com\/wp-content\/uploads\/2023\/12\/2023-12-01-13.13.21-scaled.jpg\"><img loading=\"lazy\" decoding=\"async\" width=\"72\" height=\"96\" src=\"https:\/\/lalmachine.com\/wp-content\/uploads\/2023\/12\/2023-12-01-13.13.21-scaled.jpg\" class=\"attachment-thumbnail size-thumbnail\" alt=\"\" \/><\/a> <\/li>        <li class=\"wpuf-field-data wpuf-field-data-numeric_text_field\">\n                            <label>Prix:<\/label>\n                        600        <\/li>\n                <li class=\"wpuf-field-data wpuf-field-data-numeric_text_field\">\n                            <label>Hauteur (cm):<\/label>\n                        85        <\/li>\n                <li class=\"wpuf-field-data wpuf-field-data-numeric_text_field\">\n                            <label>Largeur (cm):<\/label>\n                        59        <\/li>\n                <li class=\"wpuf-field-data wpuf-field-data-numeric_text_field\">\n                            <label>Profondeur (cm):<\/label>\n                        2        <\/li>\n        <\/ul>","protected":false},"excerpt":{"rendered":"<p>Lot de 4 fauteuils B34 et 2 chaises B32 Marcel Breuer \/ Mart Stamm en excellent \u00e9tat.<\/p>\n<p>Nettoy\u00e9s en profondeur (2h de travail par chaise !). Aucun d\u00e9faut notable \u00e0 mentionner. 100% cuir.<br \/>\nStock\u00e9es prot\u00e9g\u00e9s de la poussi\u00e8re.<\/p>\n<p><strong>Livraison gratuite \u00e0 180km autour de Martigny direction Gen\u00e8ve ou Sierre.<\/strong><\/p>\n<p><strong>Dimensions<\/strong><br \/>\nB34 (fauteuil avec accoudoir) : Largeur : 59 cm. Profondeur : 52 cm. Hauteur : 85 cm. Hauteur assise : 47 cm.<br \/>\nB32 (chaise sans accoudoir) : Largeur : 47 cm. Profondeur : 52 cm. Hauteur : 83 cm. Hauteur assise : 47 cm.<\/p>\n<p><strong>Possibilit\u00e9 d&rsquo;achat par paire. Pour cela, contactez hello@lalmachine.com<\/strong><\/p>","protected":false},"featured_media":318820,"template":"","meta":{"_et_pb_use_builder":"","_et_pb_old_content":"","_et_gb_content_width":""},"product_brand":[],"product_cat":[100,48],"product_tag":[],"proximite":[262,178],"class_list":{"0":"post-318769","1":"product","2":"type-product","3":"status-publish","4":"has-post-thumbnail","6":"product_cat-chaise","7":"product_cat-sasseoir","8":"pa_couleur-noir","9":"pa_designer-breuer-marcel","10":"pa_etat-tres-bon-etat","11":"pa_materiau-cuir","12":"pa_materiau-metal","13":"pa_style-industriel","14":"pa_style-vintage","15":"proximite-entremont","16":"proximite-valais","18":"first","19":"outofstock","20":"shipping-taxable","21":"purchasable","22":"product-type-simple"},"yoast_head":"<!-- This site is optimized with the Yoast SEO plugin v27.4 - https:\/\/yoast.com\/product\/yoast-seo-wordpress\/ -->\n<title>Lot de 4 fauteuils B34 et 2 chaises B32 Marcel Breuer \/ Mart Stamm | lalmachine.com<\/title>\n<meta name=\"description\" content=\"Lot de 4 fauteuils B34 et 2 chaises B32 Marcel Breuer \/ Mart Stamm en excellent \u00e9tat. Nettoy\u00e9s en profondeur (2h de travail par chaise !)\" \/>\n<meta name=\"robots\" content=\"index, follow, max-snippet:-1, max-image-preview:large, max-video-preview:-1\" \/>\n<link rel=\"canonical\" href=\"https:\/\/lalmachine.com\/de\/shop\/sasseoir\/chaise\/lot-de-4-fauteuils-b34-et-2-chaises-b32-marcel-breuer-mart-stamm\/\" \/>\n<meta property=\"og:locale\" content=\"de_DE\" \/>\n<meta property=\"og:type\" content=\"article\" \/>\n<meta property=\"og:title\" content=\"Lot de 4 fauteuils B34 et 2 chaises B32 Marcel Breuer \/ Mart Stamm | lalmachine.com\" \/>\n<meta property=\"og:description\" content=\"Lot de 4 fauteuils B34 et 2 chaises B32 Marcel Breuer \/ Mart Stamm en excellent \u00e9tat. Nettoy\u00e9s en profondeur (2h de travail par chaise !)\" \/>\n<meta property=\"og:url\" content=\"https:\/\/lalmachine.com\/de\/shop\/sasseoir\/chaise\/lot-de-4-fauteuils-b34-et-2-chaises-b32-marcel-breuer-mart-stamm\/\" \/>\n<meta property=\"og:site_name\" content=\"lalmachine.com\" \/>\n<meta property=\"article:publisher\" content=\"https:\/\/facebook.com\/lalmachine\" \/>\n<meta property=\"article:modified_time\" content=\"2024-12-05T21:03:29+00:00\" \/>\n<meta property=\"og:image\" content=\"https:\/\/lalmachine.com\/wp-content\/uploads\/2023\/12\/2023-12-01-13.09.54-scaled_clipped_rev_1-scaled.jpeg\" \/>\n\t<meta property=\"og:image:width\" content=\"2560\" \/>\n\t<meta property=\"og:image:height\" content=\"2560\" \/>\n\t<meta property=\"og:image:type\" content=\"image\/jpeg\" \/>\n<meta name=\"twitter:card\" content=\"summary_large_image\" \/>\n<script type=\"application\/ld+json\" class=\"yoast-schema-graph\">{\"@context\":\"https:\\\/\\\/schema.org\",\"@graph\":[{\"@type\":\"WebPage\",\"@id\":\"https:\\\/\\\/lalmachine.com\\\/shop\\\/sasseoir\\\/chaise\\\/lot-de-4-fauteuils-b34-et-2-chaises-b32-marcel-breuer-mart-stamm\\\/\",\"url\":\"https:\\\/\\\/lalmachine.com\\\/shop\\\/sasseoir\\\/chaise\\\/lot-de-4-fauteuils-b34-et-2-chaises-b32-marcel-breuer-mart-stamm\\\/\",\"name\":\"Lot de 4 fauteuils B34 et 2 chaises B32 Marcel Breuer \\\/ Mart Stamm | lalmachine.com\",\"isPartOf\":{\"@id\":\"https:\\\/\\\/lalmachine.com\\\/#website\"},\"primaryImageOfPage\":{\"@id\":\"https:\\\/\\\/lalmachine.com\\\/shop\\\/sasseoir\\\/chaise\\\/lot-de-4-fauteuils-b34-et-2-chaises-b32-marcel-breuer-mart-stamm\\\/#primaryimage\"},\"image\":{\"@id\":\"https:\\\/\\\/lalmachine.com\\\/shop\\\/sasseoir\\\/chaise\\\/lot-de-4-fauteuils-b34-et-2-chaises-b32-marcel-breuer-mart-stamm\\\/#primaryimage\"},\"thumbnailUrl\":\"https:\\\/\\\/lalmachine.com\\\/wp-content\\\/uploads\\\/2023\\\/12\\\/2023-12-01-13.09.54-scaled_clipped_rev_1-scaled.jpeg\",\"datePublished\":\"2023-12-03T13:52:41+00:00\",\"dateModified\":\"2024-12-05T21:03:29+00:00\",\"description\":\"Lot de 4 fauteuils B34 et 2 chaises B32 Marcel Breuer \\\/ Mart Stamm en excellent \u00e9tat. Nettoy\u00e9s en profondeur (2h de travail par chaise !)\",\"breadcrumb\":{\"@id\":\"https:\\\/\\\/lalmachine.com\\\/shop\\\/sasseoir\\\/chaise\\\/lot-de-4-fauteuils-b34-et-2-chaises-b32-marcel-breuer-mart-stamm\\\/#breadcrumb\"},\"inLanguage\":\"de\",\"potentialAction\":[{\"@type\":\"ReadAction\",\"target\":[\"https:\\\/\\\/lalmachine.com\\\/shop\\\/sasseoir\\\/chaise\\\/lot-de-4-fauteuils-b34-et-2-chaises-b32-marcel-breuer-mart-stamm\\\/\"]}]},{\"@type\":\"ImageObject\",\"inLanguage\":\"de\",\"@id\":\"https:\\\/\\\/lalmachine.com\\\/shop\\\/sasseoir\\\/chaise\\\/lot-de-4-fauteuils-b34-et-2-chaises-b32-marcel-breuer-mart-stamm\\\/#primaryimage\",\"url\":\"https:\\\/\\\/lalmachine.com\\\/wp-content\\\/uploads\\\/2023\\\/12\\\/2023-12-01-13.09.54-scaled_clipped_rev_1-scaled.jpeg\",\"contentUrl\":\"https:\\\/\\\/lalmachine.com\\\/wp-content\\\/uploads\\\/2023\\\/12\\\/2023-12-01-13.09.54-scaled_clipped_rev_1-scaled.jpeg\",\"width\":2560,\"height\":2560,\"caption\":\"Lot de 4 fauteuils B34 et 2 chaises B32 Marcel Breuer \\\/ Mart Stamm\"},{\"@type\":\"BreadcrumbList\",\"@id\":\"https:\\\/\\\/lalmachine.com\\\/shop\\\/sasseoir\\\/chaise\\\/lot-de-4-fauteuils-b34-et-2-chaises-b32-marcel-breuer-mart-stamm\\\/#breadcrumb\",\"itemListElement\":[{\"@type\":\"ListItem\",\"position\":1,\"name\":\"Accueil\",\"item\":\"https:\\\/\\\/lalmachine.com\\\/\"},{\"@type\":\"ListItem\",\"position\":2,\"name\":\"Shop\",\"item\":\"https:\\\/\\\/lalmachine.com\\\/shop\\\/\"},{\"@type\":\"ListItem\",\"position\":3,\"name\":\"Lot de 4 fauteuils B34 et 2 chaises B32 Marcel Breuer \\\/ Mart Stamm\"}]},{\"@type\":\"WebSite\",\"@id\":\"https:\\\/\\\/lalmachine.com\\\/#website\",\"url\":\"https:\\\/\\\/lalmachine.com\\\/\",\"name\":\"lalmachine.com\",\"description\":\"Brocante en ligne Suisse | Mobilier et objets d\u00e9co vintage et design\",\"potentialAction\":[{\"@type\":\"SearchAction\",\"target\":{\"@type\":\"EntryPoint\",\"urlTemplate\":\"https:\\\/\\\/lalmachine.com\\\/?s={search_term_string}\"},\"query-input\":{\"@type\":\"PropertyValueSpecification\",\"valueRequired\":true,\"valueName\":\"search_term_string\"}}],\"inLanguage\":\"de\"}]}<\/script>\n<!-- \/ Yoast SEO plugin. -->","yoast_head_json":{"title":"Lot de 4 fauteuils B34 et 2 chaises B32 Marcel Breuer \/ Mart Stamm | lalmachine.com","description":"Lot de 4 fauteuils B34 et 2 chaises B32 Marcel Breuer \/ Mart Stamm en excellent \u00e9tat. Nettoy\u00e9s en profondeur (2h de travail par chaise !)","robots":{"index":"index","follow":"follow","max-snippet":"max-snippet:-1","max-image-preview":"max-image-preview:large","max-video-preview":"max-video-preview:-1"},"canonical":"https:\/\/lalmachine.com\/de\/shop\/sasseoir\/chaise\/lot-de-4-fauteuils-b34-et-2-chaises-b32-marcel-breuer-mart-stamm\/","og_locale":"de_DE","og_type":"article","og_title":"Lot de 4 fauteuils B34 et 2 chaises B32 Marcel Breuer \/ Mart Stamm | lalmachine.com","og_description":"Lot de 4 fauteuils B34 et 2 chaises B32 Marcel Breuer \/ Mart Stamm en excellent \u00e9tat. Nettoy\u00e9s en profondeur (2h de travail par chaise !)","og_url":"https:\/\/lalmachine.com\/de\/shop\/sasseoir\/chaise\/lot-de-4-fauteuils-b34-et-2-chaises-b32-marcel-breuer-mart-stamm\/","og_site_name":"lalmachine.com","article_publisher":"https:\/\/facebook.com\/lalmachine","article_modified_time":"2024-12-05T21:03:29+00:00","og_image":[{"width":2560,"height":2560,"url":"https:\/\/lalmachine.com\/wp-content\/uploads\/2023\/12\/2023-12-01-13.09.54-scaled_clipped_rev_1-scaled.jpeg","type":"image\/jpeg"}],"twitter_card":"summary_large_image","schema":{"@context":"https:\/\/schema.org","@graph":[{"@type":"WebPage","@id":"https:\/\/lalmachine.com\/shop\/sasseoir\/chaise\/lot-de-4-fauteuils-b34-et-2-chaises-b32-marcel-breuer-mart-stamm\/","url":"https:\/\/lalmachine.com\/shop\/sasseoir\/chaise\/lot-de-4-fauteuils-b34-et-2-chaises-b32-marcel-breuer-mart-stamm\/","name":"Lot de 4 fauteuils B34 et 2 chaises B32 Marcel Breuer \/ Mart Stamm | lalmachine.com","isPartOf":{"@id":"https:\/\/lalmachine.com\/#website"},"primaryImageOfPage":{"@id":"https:\/\/lalmachine.com\/shop\/sasseoir\/chaise\/lot-de-4-fauteuils-b34-et-2-chaises-b32-marcel-breuer-mart-stamm\/#primaryimage"},"image":{"@id":"https:\/\/lalmachine.com\/shop\/sasseoir\/chaise\/lot-de-4-fauteuils-b34-et-2-chaises-b32-marcel-breuer-mart-stamm\/#primaryimage"},"thumbnailUrl":"https:\/\/lalmachine.com\/wp-content\/uploads\/2023\/12\/2023-12-01-13.09.54-scaled_clipped_rev_1-scaled.jpeg","datePublished":"2023-12-03T13:52:41+00:00","dateModified":"2024-12-05T21:03:29+00:00","description":"Lot de 4 fauteuils B34 et 2 chaises B32 Marcel Breuer \/ Mart Stamm en excellent \u00e9tat. Nettoy\u00e9s en profondeur (2h de travail par chaise !)","breadcrumb":{"@id":"https:\/\/lalmachine.com\/shop\/sasseoir\/chaise\/lot-de-4-fauteuils-b34-et-2-chaises-b32-marcel-breuer-mart-stamm\/#breadcrumb"},"inLanguage":"de","potentialAction":[{"@type":"ReadAction","target":["https:\/\/lalmachine.com\/shop\/sasseoir\/chaise\/lot-de-4-fauteuils-b34-et-2-chaises-b32-marcel-breuer-mart-stamm\/"]}]},{"@type":"ImageObject","inLanguage":"de","@id":"https:\/\/lalmachine.com\/shop\/sasseoir\/chaise\/lot-de-4-fauteuils-b34-et-2-chaises-b32-marcel-breuer-mart-stamm\/#primaryimage","url":"https:\/\/lalmachine.com\/wp-content\/uploads\/2023\/12\/2023-12-01-13.09.54-scaled_clipped_rev_1-scaled.jpeg","contentUrl":"https:\/\/lalmachine.com\/wp-content\/uploads\/2023\/12\/2023-12-01-13.09.54-scaled_clipped_rev_1-scaled.jpeg","width":2560,"height":2560,"caption":"Lot de 4 fauteuils B34 et 2 chaises B32 Marcel Breuer \/ Mart Stamm"},{"@type":"BreadcrumbList","@id":"https:\/\/lalmachine.com\/shop\/sasseoir\/chaise\/lot-de-4-fauteuils-b34-et-2-chaises-b32-marcel-breuer-mart-stamm\/#breadcrumb","itemListElement":[{"@type":"ListItem","position":1,"name":"Accueil","item":"https:\/\/lalmachine.com\/"},{"@type":"ListItem","position":2,"name":"Shop","item":"https:\/\/lalmachine.com\/shop\/"},{"@type":"ListItem","position":3,"name":"Lot de 4 fauteuils B34 et 2 chaises B32 Marcel Breuer \/ Mart Stamm"}]},{"@type":"WebSite","@id":"https:\/\/lalmachine.com\/#website","url":"https:\/\/lalmachine.com\/","name":"lalmachine.com","description":"Brocante en ligne Suisse | Mobilier et objets d\u00e9co vintage et design","potentialAction":[{"@type":"SearchAction","target":{"@type":"EntryPoint","urlTemplate":"https:\/\/lalmachine.com\/?s={search_term_string}"},"query-input":{"@type":"PropertyValueSpecification","valueRequired":true,"valueName":"search_term_string"}}],"inLanguage":"de"}]}},"_links":{"self":[{"href":"https:\/\/lalmachine.com\/de\/wp-json\/wp\/v2\/product\/318769","targetHints":{"allow":["GET"]}}],"collection":[{"href":"https:\/\/lalmachine.com\/de\/wp-json\/wp\/v2\/product"}],"about":[{"href":"https:\/\/lalmachine.com\/de\/wp-json\/wp\/v2\/types\/product"}],"wp:featuredmedia":[{"embeddable":true,"href":"https:\/\/lalmachine.com\/de\/wp-json\/wp\/v2\/media\/318820"}],"wp:attachment":[{"href":"https:\/\/lalmachine.com\/de\/wp-json\/wp\/v2\/media?parent=318769"}],"wp:term":[{"taxonomy":"product_brand","embeddable":true,"href":"https:\/\/lalmachine.com\/de\/wp-json\/wp\/v2\/product_brand?post=318769"},{"taxonomy":"product_cat","embeddable":true,"href":"https:\/\/lalmachine.com\/de\/wp-json\/wp\/v2\/product_cat?post=318769"},{"taxonomy":"product_tag","embeddable":true,"href":"https:\/\/lalmachine.com\/de\/wp-json\/wp\/v2\/product_tag?post=318769"},{"taxonomy":"proximite","embeddable":true,"href":"https:\/\/lalmachine.com\/de\/wp-json\/wp\/v2\/proximite?post=318769"}],"curies":[{"name":"wp","href":"https:\/\/api.w.org\/{rel}","templated":true}]}}