{"id":318836,"date":"2023-12-04T10:43:02","date_gmt":"2023-12-04T09:43:02","guid":{"rendered":"https:\/\/lalmachine.com\/?post_type=product&#038;p=318836"},"modified":"2024-12-05T22:03:30","modified_gmt":"2024-12-05T21:03:30","slug":"lampe-belmag-zurich-vintage","status":"publish","type":"product","link":"https:\/\/lalmachine.com\/de\/shop\/eclairer\/lampe-de-table-bureau\/lampe-belmag-zurich-vintage\/","title":{"rendered":"Lampe Belmag Zurich vintage"},"content":{"rendered":"<div class=\"wpuf-info wpuf-restrict-message\">You must be <a href=\"https:\/\/lalmachine.com\/wp-login.php?redirect_to=https%3A%2F%2Flalmachine.com%2Fde%2Fshop%2Feclairer%2Flampe-de-table-bureau%2Flampe-belmag-zurich-vintage%2F\">logged in<\/a> to view the content.<\/div>","protected":false},"excerpt":{"rendered":"<p>Lampe de table multiposition Quick 1500 con\u00e7ue par Alfred Mueller pour Belmag Zurich en Suisse en 1935. Elle est r\u00e9glable en hauteur et orientable.<\/p>","protected":false},"featured_media":318888,"template":"","meta":{"_et_pb_use_builder":"","_et_pb_old_content":"","_et_gb_content_width":""},"product_brand":[],"product_cat":[49,90],"product_tag":[],"proximite":[180],"class_list":{"0":"post-318836","1":"product","2":"type-product","3":"status-publish","4":"has-post-thumbnail","6":"product_cat-eclairer","7":"product_cat-lampe-de-table-bureau","8":"product_shipping_class-envoi-par-la-poste-en-suisse-40-chf","9":"pa_couleur-beige","10":"pa_etat-tres-bon-etat","11":"pa_materiau-metal","12":"pa_style-vintage","13":"proximite-geneve","15":"first","16":"outofstock","17":"shipping-taxable","18":"purchasable","19":"product-type-simple"},"yoast_head":"<!-- This site is optimized with the Yoast SEO plugin v27.4 - https:\/\/yoast.com\/product\/yoast-seo-wordpress\/ -->\n<title>Lampe Belmag Zurich vintage | lalmachine.com, mobilier et objets d\u00e9co vintage et design<\/title>\n<meta name=\"description\" content=\"Lampe de table multiposition Quick 1500 con\u00e7ue par Alfred Mueller pour Belmag Zurich en Suisse en 1935. Elle est r\u00e9glable en hauteur et orientable.\" \/>\n<meta name=\"robots\" content=\"index, follow, max-snippet:-1, max-image-preview:large, max-video-preview:-1\" \/>\n<link rel=\"canonical\" href=\"https:\/\/lalmachine.com\/de\/shop\/eclairer\/lampe-de-table-bureau\/lampe-belmag-zurich-vintage\/\" \/>\n<meta property=\"og:locale\" content=\"de_DE\" \/>\n<meta property=\"og:type\" content=\"article\" \/>\n<meta property=\"og:title\" content=\"Lampe Belmag Zurich vintage | lalmachine.com, mobilier et objets d\u00e9co vintage et design\" \/>\n<meta property=\"og:description\" content=\"Lampe de table multiposition Quick 1500 con\u00e7ue par Alfred Mueller pour Belmag Zurich en Suisse en 1935. Elle est r\u00e9glable en hauteur et orientable.\" \/>\n<meta property=\"og:url\" content=\"https:\/\/lalmachine.com\/de\/shop\/eclairer\/lampe-de-table-bureau\/lampe-belmag-zurich-vintage\/\" \/>\n<meta property=\"og:site_name\" content=\"lalmachine.com\" \/>\n<meta property=\"article:publisher\" content=\"https:\/\/facebook.com\/lalmachine\" \/>\n<meta property=\"article:modified_time\" content=\"2024-12-05T21:03:30+00:00\" \/>\n<meta property=\"og:image\" content=\"https:\/\/lalmachine.com\/wp-content\/uploads\/2023\/12\/IMG-20231128-WA0016_clipped_rev_1.jpeg\" \/>\n\t<meta property=\"og:image:width\" content=\"1681\" \/>\n\t<meta property=\"og:image:height\" content=\"1682\" \/>\n\t<meta property=\"og:image:type\" content=\"image\/jpeg\" \/>\n<meta name=\"twitter:card\" content=\"summary_large_image\" \/>\n<script type=\"application\/ld+json\" class=\"yoast-schema-graph\">{\"@context\":\"https:\\\/\\\/schema.org\",\"@graph\":[{\"@type\":\"WebPage\",\"@id\":\"https:\\\/\\\/lalmachine.com\\\/de\\\/shop\\\/eclairer\\\/lampe-de-table-bureau\\\/lampe-belmag-zurich-vintage\\\/\",\"url\":\"https:\\\/\\\/lalmachine.com\\\/de\\\/shop\\\/eclairer\\\/lampe-de-table-bureau\\\/lampe-belmag-zurich-vintage\\\/\",\"name\":\"Lampe Belmag Zurich vintage | lalmachine.com, mobilier et objets d\u00e9co vintage et design\",\"isPartOf\":{\"@id\":\"https:\\\/\\\/lalmachine.com\\\/#website\"},\"primaryImageOfPage\":{\"@id\":\"https:\\\/\\\/lalmachine.com\\\/de\\\/shop\\\/eclairer\\\/lampe-de-table-bureau\\\/lampe-belmag-zurich-vintage\\\/#primaryimage\"},\"image\":{\"@id\":\"https:\\\/\\\/lalmachine.com\\\/de\\\/shop\\\/eclairer\\\/lampe-de-table-bureau\\\/lampe-belmag-zurich-vintage\\\/#primaryimage\"},\"thumbnailUrl\":\"https:\\\/\\\/lalmachine.com\\\/wp-content\\\/uploads\\\/2023\\\/12\\\/IMG-20231128-WA0016_clipped_rev_1.jpeg\",\"datePublished\":\"2023-12-04T09:43:02+00:00\",\"dateModified\":\"2024-12-05T21:03:30+00:00\",\"description\":\"Lampe de table multiposition Quick 1500 con\u00e7ue par Alfred Mueller pour Belmag Zurich en Suisse en 1935. Elle est r\u00e9glable en hauteur et orientable.\",\"breadcrumb\":{\"@id\":\"https:\\\/\\\/lalmachine.com\\\/de\\\/shop\\\/eclairer\\\/lampe-de-table-bureau\\\/lampe-belmag-zurich-vintage\\\/#breadcrumb\"},\"inLanguage\":\"de\",\"potentialAction\":[{\"@type\":\"ReadAction\",\"target\":[\"https:\\\/\\\/lalmachine.com\\\/de\\\/shop\\\/eclairer\\\/lampe-de-table-bureau\\\/lampe-belmag-zurich-vintage\\\/\"]}]},{\"@type\":\"ImageObject\",\"inLanguage\":\"de\",\"@id\":\"https:\\\/\\\/lalmachine.com\\\/de\\\/shop\\\/eclairer\\\/lampe-de-table-bureau\\\/lampe-belmag-zurich-vintage\\\/#primaryimage\",\"url\":\"https:\\\/\\\/lalmachine.com\\\/wp-content\\\/uploads\\\/2023\\\/12\\\/IMG-20231128-WA0016_clipped_rev_1.jpeg\",\"contentUrl\":\"https:\\\/\\\/lalmachine.com\\\/wp-content\\\/uploads\\\/2023\\\/12\\\/IMG-20231128-WA0016_clipped_rev_1.jpeg\",\"width\":1681,\"height\":1682,\"caption\":\"Lampe Belmag Zurich vintage\"},{\"@type\":\"BreadcrumbList\",\"@id\":\"https:\\\/\\\/lalmachine.com\\\/de\\\/shop\\\/eclairer\\\/lampe-de-table-bureau\\\/lampe-belmag-zurich-vintage\\\/#breadcrumb\",\"itemListElement\":[{\"@type\":\"ListItem\",\"position\":1,\"name\":\"Accueil\",\"item\":\"https:\\\/\\\/lalmachine.com\\\/\"},{\"@type\":\"ListItem\",\"position\":2,\"name\":\"Shop\",\"item\":\"https:\\\/\\\/lalmachine.com\\\/shop\\\/\"},{\"@type\":\"ListItem\",\"position\":3,\"name\":\"Lampe Belmag Zurich vintage\"}]},{\"@type\":\"WebSite\",\"@id\":\"https:\\\/\\\/lalmachine.com\\\/#website\",\"url\":\"https:\\\/\\\/lalmachine.com\\\/\",\"name\":\"lalmachine.com\",\"description\":\"Brocante en ligne Suisse | Mobilier et objets d\u00e9co vintage et design\",\"potentialAction\":[{\"@type\":\"SearchAction\",\"target\":{\"@type\":\"EntryPoint\",\"urlTemplate\":\"https:\\\/\\\/lalmachine.com\\\/?s={search_term_string}\"},\"query-input\":{\"@type\":\"PropertyValueSpecification\",\"valueRequired\":true,\"valueName\":\"search_term_string\"}}],\"inLanguage\":\"de\"}]}<\/script>\n<!-- \/ Yoast SEO plugin. -->","yoast_head_json":{"title":"Lampe Belmag Zurich vintage | lalmachine.com, mobilier et objets d\u00e9co vintage et design","description":"Lampe de table multiposition Quick 1500 con\u00e7ue par Alfred Mueller pour Belmag Zurich en Suisse en 1935. Elle est r\u00e9glable en hauteur et orientable.","robots":{"index":"index","follow":"follow","max-snippet":"max-snippet:-1","max-image-preview":"max-image-preview:large","max-video-preview":"max-video-preview:-1"},"canonical":"https:\/\/lalmachine.com\/de\/shop\/eclairer\/lampe-de-table-bureau\/lampe-belmag-zurich-vintage\/","og_locale":"de_DE","og_type":"article","og_title":"Lampe Belmag Zurich vintage | lalmachine.com, mobilier et objets d\u00e9co vintage et design","og_description":"Lampe de table multiposition Quick 1500 con\u00e7ue par Alfred Mueller pour Belmag Zurich en Suisse en 1935. Elle est r\u00e9glable en hauteur et orientable.","og_url":"https:\/\/lalmachine.com\/de\/shop\/eclairer\/lampe-de-table-bureau\/lampe-belmag-zurich-vintage\/","og_site_name":"lalmachine.com","article_publisher":"https:\/\/facebook.com\/lalmachine","article_modified_time":"2024-12-05T21:03:30+00:00","og_image":[{"width":1681,"height":1682,"url":"https:\/\/lalmachine.com\/wp-content\/uploads\/2023\/12\/IMG-20231128-WA0016_clipped_rev_1.jpeg","type":"image\/jpeg"}],"twitter_card":"summary_large_image","schema":{"@context":"https:\/\/schema.org","@graph":[{"@type":"WebPage","@id":"https:\/\/lalmachine.com\/de\/shop\/eclairer\/lampe-de-table-bureau\/lampe-belmag-zurich-vintage\/","url":"https:\/\/lalmachine.com\/de\/shop\/eclairer\/lampe-de-table-bureau\/lampe-belmag-zurich-vintage\/","name":"Lampe Belmag Zurich vintage | lalmachine.com, mobilier et objets d\u00e9co vintage et design","isPartOf":{"@id":"https:\/\/lalmachine.com\/#website"},"primaryImageOfPage":{"@id":"https:\/\/lalmachine.com\/de\/shop\/eclairer\/lampe-de-table-bureau\/lampe-belmag-zurich-vintage\/#primaryimage"},"image":{"@id":"https:\/\/lalmachine.com\/de\/shop\/eclairer\/lampe-de-table-bureau\/lampe-belmag-zurich-vintage\/#primaryimage"},"thumbnailUrl":"https:\/\/lalmachine.com\/wp-content\/uploads\/2023\/12\/IMG-20231128-WA0016_clipped_rev_1.jpeg","datePublished":"2023-12-04T09:43:02+00:00","dateModified":"2024-12-05T21:03:30+00:00","description":"Lampe de table multiposition Quick 1500 con\u00e7ue par Alfred Mueller pour Belmag Zurich en Suisse en 1935. Elle est r\u00e9glable en hauteur et orientable.","breadcrumb":{"@id":"https:\/\/lalmachine.com\/de\/shop\/eclairer\/lampe-de-table-bureau\/lampe-belmag-zurich-vintage\/#breadcrumb"},"inLanguage":"de","potentialAction":[{"@type":"ReadAction","target":["https:\/\/lalmachine.com\/de\/shop\/eclairer\/lampe-de-table-bureau\/lampe-belmag-zurich-vintage\/"]}]},{"@type":"ImageObject","inLanguage":"de","@id":"https:\/\/lalmachine.com\/de\/shop\/eclairer\/lampe-de-table-bureau\/lampe-belmag-zurich-vintage\/#primaryimage","url":"https:\/\/lalmachine.com\/wp-content\/uploads\/2023\/12\/IMG-20231128-WA0016_clipped_rev_1.jpeg","contentUrl":"https:\/\/lalmachine.com\/wp-content\/uploads\/2023\/12\/IMG-20231128-WA0016_clipped_rev_1.jpeg","width":1681,"height":1682,"caption":"Lampe Belmag Zurich vintage"},{"@type":"BreadcrumbList","@id":"https:\/\/lalmachine.com\/de\/shop\/eclairer\/lampe-de-table-bureau\/lampe-belmag-zurich-vintage\/#breadcrumb","itemListElement":[{"@type":"ListItem","position":1,"name":"Accueil","item":"https:\/\/lalmachine.com\/"},{"@type":"ListItem","position":2,"name":"Shop","item":"https:\/\/lalmachine.com\/shop\/"},{"@type":"ListItem","position":3,"name":"Lampe Belmag Zurich vintage"}]},{"@type":"WebSite","@id":"https:\/\/lalmachine.com\/#website","url":"https:\/\/lalmachine.com\/","name":"lalmachine.com","description":"Brocante en ligne Suisse | Mobilier et objets d\u00e9co vintage et design","potentialAction":[{"@type":"SearchAction","target":{"@type":"EntryPoint","urlTemplate":"https:\/\/lalmachine.com\/?s={search_term_string}"},"query-input":{"@type":"PropertyValueSpecification","valueRequired":true,"valueName":"search_term_string"}}],"inLanguage":"de"}]}},"_links":{"self":[{"href":"https:\/\/lalmachine.com\/de\/wp-json\/wp\/v2\/product\/318836","targetHints":{"allow":["GET"]}}],"collection":[{"href":"https:\/\/lalmachine.com\/de\/wp-json\/wp\/v2\/product"}],"about":[{"href":"https:\/\/lalmachine.com\/de\/wp-json\/wp\/v2\/types\/product"}],"wp:featuredmedia":[{"embeddable":true,"href":"https:\/\/lalmachine.com\/de\/wp-json\/wp\/v2\/media\/318888"}],"wp:attachment":[{"href":"https:\/\/lalmachine.com\/de\/wp-json\/wp\/v2\/media?parent=318836"}],"wp:term":[{"taxonomy":"product_brand","embeddable":true,"href":"https:\/\/lalmachine.com\/de\/wp-json\/wp\/v2\/product_brand?post=318836"},{"taxonomy":"product_cat","embeddable":true,"href":"https:\/\/lalmachine.com\/de\/wp-json\/wp\/v2\/product_cat?post=318836"},{"taxonomy":"product_tag","embeddable":true,"href":"https:\/\/lalmachine.com\/de\/wp-json\/wp\/v2\/product_tag?post=318836"},{"taxonomy":"proximite","embeddable":true,"href":"https:\/\/lalmachine.com\/de\/wp-json\/wp\/v2\/proximite?post=318836"}],"curies":[{"name":"wp","href":"https:\/\/api.w.org\/{rel}","templated":true}]}}