{"id":321061,"date":"2023-12-20T13:34:53","date_gmt":"2023-12-20T12:34:53","guid":{"rendered":"https:\/\/lalmachine.com\/?post_type=product&#038;p=321061"},"modified":"2024-12-05T22:04:03","modified_gmt":"2024-12-05T21:04:03","slug":"enfilade-en-teck-de-dieter-waeckerlin-pour-idealheim-70s","status":"publish","type":"product","link":"https:\/\/lalmachine.com\/de\/shop\/meubler\/meuble-de-rangement\/enfilade-en-teck-de-dieter-waeckerlin-pour-idealheim-70s\/","title":{"rendered":"Enfilade en teck de Dieter Waeckerlin pour Idealheim 70s"},"content":{"rendered":"<ul class=\"wpuf_customs\"><li style=\"list-style-type:none;\"><label>Autres photos:<\/label> <a href=\"https:\/\/lalmachine.com\/wp-content\/uploads\/2023\/12\/enfilade_waeckerlin_02.jpg\"><img loading=\"lazy\" decoding=\"async\" width=\"96\" height=\"96\" src=\"https:\/\/lalmachine.com\/wp-content\/uploads\/2023\/12\/enfilade_waeckerlin_02.jpg\" class=\"attachment-thumbnail size-thumbnail\" alt=\"\" \/><\/a> <a href=\"https:\/\/lalmachine.com\/wp-content\/uploads\/2023\/12\/enfilade_waeckerlin_03.jpg\"><img loading=\"lazy\" decoding=\"async\" width=\"96\" height=\"96\" src=\"https:\/\/lalmachine.com\/wp-content\/uploads\/2023\/12\/enfilade_waeckerlin_03.jpg\" class=\"attachment-thumbnail size-thumbnail\" alt=\"\" \/><\/a> <a href=\"https:\/\/lalmachine.com\/wp-content\/uploads\/2023\/12\/enfilade_waeckerlin_04.jpg\"><img loading=\"lazy\" decoding=\"async\" width=\"96\" height=\"96\" src=\"https:\/\/lalmachine.com\/wp-content\/uploads\/2023\/12\/enfilade_waeckerlin_04.jpg\" class=\"attachment-thumbnail size-thumbnail\" alt=\"\" \/><\/a> <a href=\"https:\/\/lalmachine.com\/wp-content\/uploads\/2023\/12\/enfilade_waeckerlin_05.jpg\"><img loading=\"lazy\" decoding=\"async\" width=\"96\" height=\"96\" src=\"https:\/\/lalmachine.com\/wp-content\/uploads\/2023\/12\/enfilade_waeckerlin_05.jpg\" class=\"attachment-thumbnail size-thumbnail\" alt=\"\" \/><\/a> <a href=\"https:\/\/lalmachine.com\/wp-content\/uploads\/2023\/12\/enfilade_waeckerlin_06.jpg\"><img loading=\"lazy\" decoding=\"async\" width=\"96\" height=\"96\" src=\"https:\/\/lalmachine.com\/wp-content\/uploads\/2023\/12\/enfilade_waeckerlin_06.jpg\" class=\"attachment-thumbnail size-thumbnail\" alt=\"\" \/><\/a> <a href=\"https:\/\/lalmachine.com\/wp-content\/uploads\/2023\/12\/enfilade_waeckerlin_07.jpg\"><img loading=\"lazy\" decoding=\"async\" width=\"96\" height=\"96\" src=\"https:\/\/lalmachine.com\/wp-content\/uploads\/2023\/12\/enfilade_waeckerlin_07.jpg\" class=\"attachment-thumbnail size-thumbnail\" alt=\"\" \/><\/a> <a href=\"https:\/\/lalmachine.com\/wp-content\/uploads\/2023\/12\/enfilade_waeckerlin_08.jpg\"><img loading=\"lazy\" decoding=\"async\" width=\"96\" height=\"96\" src=\"https:\/\/lalmachine.com\/wp-content\/uploads\/2023\/12\/enfilade_waeckerlin_08.jpg\" class=\"attachment-thumbnail size-thumbnail\" alt=\"\" \/><\/a> <a href=\"https:\/\/lalmachine.com\/wp-content\/uploads\/2023\/12\/enfilade_waeckerlin_09.jpg\"><img loading=\"lazy\" decoding=\"async\" width=\"96\" height=\"96\" src=\"https:\/\/lalmachine.com\/wp-content\/uploads\/2023\/12\/enfilade_waeckerlin_09.jpg\" class=\"attachment-thumbnail size-thumbnail\" alt=\"\" \/><\/a> <a href=\"https:\/\/lalmachine.com\/wp-content\/uploads\/2023\/12\/enfilade_waeckerlin_10.jpg\"><img loading=\"lazy\" decoding=\"async\" width=\"96\" height=\"96\" src=\"https:\/\/lalmachine.com\/wp-content\/uploads\/2023\/12\/enfilade_waeckerlin_10.jpg\" class=\"attachment-thumbnail size-thumbnail\" alt=\"\" \/><\/a> <a href=\"https:\/\/lalmachine.com\/wp-content\/uploads\/2023\/12\/enfilade_waeckerlin_11.jpg\"><img loading=\"lazy\" decoding=\"async\" width=\"96\" height=\"96\" src=\"https:\/\/lalmachine.com\/wp-content\/uploads\/2023\/12\/enfilade_waeckerlin_11.jpg\" class=\"attachment-thumbnail size-thumbnail\" alt=\"\" \/><\/a> <a href=\"https:\/\/lalmachine.com\/wp-content\/uploads\/2023\/12\/enfilade_waeckerlin_12.jpg\"><img loading=\"lazy\" decoding=\"async\" width=\"96\" height=\"96\" src=\"https:\/\/lalmachine.com\/wp-content\/uploads\/2023\/12\/enfilade_waeckerlin_12.jpg\" class=\"attachment-thumbnail size-thumbnail\" alt=\"\" \/><\/a> <a href=\"https:\/\/lalmachine.com\/wp-content\/uploads\/2023\/12\/enfilade_waeckerlin_14.jpg\"><img loading=\"lazy\" decoding=\"async\" width=\"96\" height=\"96\" src=\"https:\/\/lalmachine.com\/wp-content\/uploads\/2023\/12\/enfilade_waeckerlin_14.jpg\" class=\"attachment-thumbnail size-thumbnail\" alt=\"\" \/><\/a> <\/li>        <li class=\"wpuf-field-data wpuf-field-data-numeric_text_field\">\n                            <label>Prix:<\/label>\n                        2500        <\/li>\n                <li class=\"wpuf-field-data wpuf-field-data-numeric_text_field\">\n                            <label>Quantit\u00e9:<\/label>\n                        1        <\/li>\n                <li class=\"wpuf-field-data wpuf-field-data-numeric_text_field\">\n                            <label>Hauteur (cm):<\/label>\n                        70        <\/li>\n                <li class=\"wpuf-field-data wpuf-field-data-numeric_text_field\">\n                            <label>Largeur (cm):<\/label>\n                        140        <\/li>\n                <li class=\"wpuf-field-data wpuf-field-data-numeric_text_field\">\n                            <label>Profondeur (cm):<\/label>\n                        53        <\/li>\n        <\/ul>","protected":false},"excerpt":{"rendered":"<p>Enfilade en teck \u00e0 deux portes et trois tiroirs de Dieter Waeckerlin pour Idealheim, B\u00e2le,<br \/>\nCirca 1970. Elle est en bon \u00e9tat avec quelques marques d&#8217;usure et d\u00e9coloration due au temps.<\/p>","protected":false},"featured_media":321062,"template":"","meta":{"_et_pb_use_builder":"","_et_pb_old_content":"","_et_gb_content_width":""},"product_brand":[],"product_cat":[83,47],"product_tag":[],"proximite":[198],"class_list":{"0":"post-321061","1":"product","2":"type-product","3":"status-publish","4":"has-post-thumbnail","6":"product_cat-meuble-de-rangement","7":"product_cat-meubler","8":"pa_couleur-marron","9":"pa_etat-bon-etat","10":"pa_materiau-bois","11":"pa_style-design","12":"proximite-bale-ville","14":"first","15":"instock","16":"shipping-taxable","17":"purchasable","18":"product-type-simple"},"yoast_head":"<!-- This site is optimized with the Yoast SEO plugin v27.4 - https:\/\/yoast.com\/product\/yoast-seo-wordpress\/ -->\n<title>Enfilade en teck de Dieter Waeckerlin pour Idealheim 70s | lalmachine.com, mobilier et objets d\u00e9co vintage et design<\/title>\n<meta name=\"description\" content=\"Enfilade en teck \u00e0 deux portes et trois tiroirs de Dieter Waeckerlin pour Idealheim, B\u00e2le,Circa 1970. Elle est en bon \u00e9tat avec quelques marques d&#039;usure\" \/>\n<meta name=\"robots\" content=\"index, follow, max-snippet:-1, max-image-preview:large, max-video-preview:-1\" \/>\n<link rel=\"canonical\" href=\"https:\/\/lalmachine.com\/de\/shop\/meubler\/meuble-de-rangement\/enfilade-en-teck-de-dieter-waeckerlin-pour-idealheim-70s\/\" \/>\n<meta property=\"og:locale\" content=\"de_DE\" \/>\n<meta property=\"og:type\" content=\"article\" \/>\n<meta property=\"og:title\" content=\"Enfilade en teck de Dieter Waeckerlin pour Idealheim 70s | lalmachine.com, mobilier et objets d\u00e9co vintage et design\" \/>\n<meta property=\"og:description\" content=\"Enfilade en teck \u00e0 deux portes et trois tiroirs de Dieter Waeckerlin pour Idealheim, B\u00e2le,Circa 1970. Elle est en bon \u00e9tat avec quelques marques d&#039;usure\" \/>\n<meta property=\"og:url\" content=\"https:\/\/lalmachine.com\/de\/shop\/meubler\/meuble-de-rangement\/enfilade-en-teck-de-dieter-waeckerlin-pour-idealheim-70s\/\" \/>\n<meta property=\"og:site_name\" content=\"lalmachine.com\" \/>\n<meta property=\"article:publisher\" content=\"https:\/\/facebook.com\/lalmachine\" \/>\n<meta property=\"article:modified_time\" content=\"2024-12-05T21:04:03+00:00\" \/>\n<meta property=\"og:image\" content=\"https:\/\/lalmachine.com\/wp-content\/uploads\/2023\/12\/enfilade_waeckerlin_02_clipped_rev_1.jpeg\" \/>\n\t<meta property=\"og:image:width\" content=\"1196\" \/>\n\t<meta property=\"og:image:height\" content=\"1195\" \/>\n\t<meta property=\"og:image:type\" content=\"image\/jpeg\" \/>\n<meta name=\"twitter:card\" content=\"summary_large_image\" \/>\n<script type=\"application\/ld+json\" class=\"yoast-schema-graph\">{\"@context\":\"https:\\\/\\\/schema.org\",\"@graph\":[{\"@type\":\"WebPage\",\"@id\":\"https:\\\/\\\/lalmachine.com\\\/shop\\\/meubler\\\/meuble-de-rangement\\\/enfilade-en-teck-de-dieter-waeckerlin-pour-idealheim-70s\\\/\",\"url\":\"https:\\\/\\\/lalmachine.com\\\/shop\\\/meubler\\\/meuble-de-rangement\\\/enfilade-en-teck-de-dieter-waeckerlin-pour-idealheim-70s\\\/\",\"name\":\"Enfilade en teck de Dieter Waeckerlin pour Idealheim 70s | lalmachine.com, mobilier et objets d\u00e9co vintage et design\",\"isPartOf\":{\"@id\":\"https:\\\/\\\/lalmachine.com\\\/#website\"},\"primaryImageOfPage\":{\"@id\":\"https:\\\/\\\/lalmachine.com\\\/shop\\\/meubler\\\/meuble-de-rangement\\\/enfilade-en-teck-de-dieter-waeckerlin-pour-idealheim-70s\\\/#primaryimage\"},\"image\":{\"@id\":\"https:\\\/\\\/lalmachine.com\\\/shop\\\/meubler\\\/meuble-de-rangement\\\/enfilade-en-teck-de-dieter-waeckerlin-pour-idealheim-70s\\\/#primaryimage\"},\"thumbnailUrl\":\"https:\\\/\\\/lalmachine.com\\\/wp-content\\\/uploads\\\/2023\\\/12\\\/enfilade_waeckerlin_02_clipped_rev_1.jpeg\",\"datePublished\":\"2023-12-20T12:34:53+00:00\",\"dateModified\":\"2024-12-05T21:04:03+00:00\",\"description\":\"Enfilade en teck \u00e0 deux portes et trois tiroirs de Dieter Waeckerlin pour Idealheim, B\u00e2le,Circa 1970. Elle est en bon \u00e9tat avec quelques marques d'usure\",\"breadcrumb\":{\"@id\":\"https:\\\/\\\/lalmachine.com\\\/shop\\\/meubler\\\/meuble-de-rangement\\\/enfilade-en-teck-de-dieter-waeckerlin-pour-idealheim-70s\\\/#breadcrumb\"},\"inLanguage\":\"de\",\"potentialAction\":[{\"@type\":\"ReadAction\",\"target\":[\"https:\\\/\\\/lalmachine.com\\\/shop\\\/meubler\\\/meuble-de-rangement\\\/enfilade-en-teck-de-dieter-waeckerlin-pour-idealheim-70s\\\/\"]}]},{\"@type\":\"ImageObject\",\"inLanguage\":\"de\",\"@id\":\"https:\\\/\\\/lalmachine.com\\\/shop\\\/meubler\\\/meuble-de-rangement\\\/enfilade-en-teck-de-dieter-waeckerlin-pour-idealheim-70s\\\/#primaryimage\",\"url\":\"https:\\\/\\\/lalmachine.com\\\/wp-content\\\/uploads\\\/2023\\\/12\\\/enfilade_waeckerlin_02_clipped_rev_1.jpeg\",\"contentUrl\":\"https:\\\/\\\/lalmachine.com\\\/wp-content\\\/uploads\\\/2023\\\/12\\\/enfilade_waeckerlin_02_clipped_rev_1.jpeg\",\"width\":1196,\"height\":1195,\"caption\":\"Enfilade en teck de Dieter Waeckerlin pour Idealheim 70s\"},{\"@type\":\"BreadcrumbList\",\"@id\":\"https:\\\/\\\/lalmachine.com\\\/shop\\\/meubler\\\/meuble-de-rangement\\\/enfilade-en-teck-de-dieter-waeckerlin-pour-idealheim-70s\\\/#breadcrumb\",\"itemListElement\":[{\"@type\":\"ListItem\",\"position\":1,\"name\":\"Accueil\",\"item\":\"https:\\\/\\\/lalmachine.com\\\/\"},{\"@type\":\"ListItem\",\"position\":2,\"name\":\"Shop\",\"item\":\"https:\\\/\\\/lalmachine.com\\\/shop\\\/\"},{\"@type\":\"ListItem\",\"position\":3,\"name\":\"Enfilade en teck de Dieter Waeckerlin pour Idealheim 70s\"}]},{\"@type\":\"WebSite\",\"@id\":\"https:\\\/\\\/lalmachine.com\\\/#website\",\"url\":\"https:\\\/\\\/lalmachine.com\\\/\",\"name\":\"lalmachine.com\",\"description\":\"Brocante en ligne Suisse | Mobilier et objets d\u00e9co vintage et design\",\"potentialAction\":[{\"@type\":\"SearchAction\",\"target\":{\"@type\":\"EntryPoint\",\"urlTemplate\":\"https:\\\/\\\/lalmachine.com\\\/?s={search_term_string}\"},\"query-input\":{\"@type\":\"PropertyValueSpecification\",\"valueRequired\":true,\"valueName\":\"search_term_string\"}}],\"inLanguage\":\"de\"}]}<\/script>\n<!-- \/ Yoast SEO plugin. -->","yoast_head_json":{"title":"Enfilade en teck de Dieter Waeckerlin pour Idealheim 70s | lalmachine.com, mobilier et objets d\u00e9co vintage et design","description":"Enfilade en teck \u00e0 deux portes et trois tiroirs de Dieter Waeckerlin pour Idealheim, B\u00e2le,Circa 1970. Elle est en bon \u00e9tat avec quelques marques d'usure","robots":{"index":"index","follow":"follow","max-snippet":"max-snippet:-1","max-image-preview":"max-image-preview:large","max-video-preview":"max-video-preview:-1"},"canonical":"https:\/\/lalmachine.com\/de\/shop\/meubler\/meuble-de-rangement\/enfilade-en-teck-de-dieter-waeckerlin-pour-idealheim-70s\/","og_locale":"de_DE","og_type":"article","og_title":"Enfilade en teck de Dieter Waeckerlin pour Idealheim 70s | lalmachine.com, mobilier et objets d\u00e9co vintage et design","og_description":"Enfilade en teck \u00e0 deux portes et trois tiroirs de Dieter Waeckerlin pour Idealheim, B\u00e2le,Circa 1970. Elle est en bon \u00e9tat avec quelques marques d'usure","og_url":"https:\/\/lalmachine.com\/de\/shop\/meubler\/meuble-de-rangement\/enfilade-en-teck-de-dieter-waeckerlin-pour-idealheim-70s\/","og_site_name":"lalmachine.com","article_publisher":"https:\/\/facebook.com\/lalmachine","article_modified_time":"2024-12-05T21:04:03+00:00","og_image":[{"width":1196,"height":1195,"url":"https:\/\/lalmachine.com\/wp-content\/uploads\/2023\/12\/enfilade_waeckerlin_02_clipped_rev_1.jpeg","type":"image\/jpeg"}],"twitter_card":"summary_large_image","schema":{"@context":"https:\/\/schema.org","@graph":[{"@type":"WebPage","@id":"https:\/\/lalmachine.com\/shop\/meubler\/meuble-de-rangement\/enfilade-en-teck-de-dieter-waeckerlin-pour-idealheim-70s\/","url":"https:\/\/lalmachine.com\/shop\/meubler\/meuble-de-rangement\/enfilade-en-teck-de-dieter-waeckerlin-pour-idealheim-70s\/","name":"Enfilade en teck de Dieter Waeckerlin pour Idealheim 70s | lalmachine.com, mobilier et objets d\u00e9co vintage et design","isPartOf":{"@id":"https:\/\/lalmachine.com\/#website"},"primaryImageOfPage":{"@id":"https:\/\/lalmachine.com\/shop\/meubler\/meuble-de-rangement\/enfilade-en-teck-de-dieter-waeckerlin-pour-idealheim-70s\/#primaryimage"},"image":{"@id":"https:\/\/lalmachine.com\/shop\/meubler\/meuble-de-rangement\/enfilade-en-teck-de-dieter-waeckerlin-pour-idealheim-70s\/#primaryimage"},"thumbnailUrl":"https:\/\/lalmachine.com\/wp-content\/uploads\/2023\/12\/enfilade_waeckerlin_02_clipped_rev_1.jpeg","datePublished":"2023-12-20T12:34:53+00:00","dateModified":"2024-12-05T21:04:03+00:00","description":"Enfilade en teck \u00e0 deux portes et trois tiroirs de Dieter Waeckerlin pour Idealheim, B\u00e2le,Circa 1970. Elle est en bon \u00e9tat avec quelques marques d'usure","breadcrumb":{"@id":"https:\/\/lalmachine.com\/shop\/meubler\/meuble-de-rangement\/enfilade-en-teck-de-dieter-waeckerlin-pour-idealheim-70s\/#breadcrumb"},"inLanguage":"de","potentialAction":[{"@type":"ReadAction","target":["https:\/\/lalmachine.com\/shop\/meubler\/meuble-de-rangement\/enfilade-en-teck-de-dieter-waeckerlin-pour-idealheim-70s\/"]}]},{"@type":"ImageObject","inLanguage":"de","@id":"https:\/\/lalmachine.com\/shop\/meubler\/meuble-de-rangement\/enfilade-en-teck-de-dieter-waeckerlin-pour-idealheim-70s\/#primaryimage","url":"https:\/\/lalmachine.com\/wp-content\/uploads\/2023\/12\/enfilade_waeckerlin_02_clipped_rev_1.jpeg","contentUrl":"https:\/\/lalmachine.com\/wp-content\/uploads\/2023\/12\/enfilade_waeckerlin_02_clipped_rev_1.jpeg","width":1196,"height":1195,"caption":"Enfilade en teck de Dieter Waeckerlin pour Idealheim 70s"},{"@type":"BreadcrumbList","@id":"https:\/\/lalmachine.com\/shop\/meubler\/meuble-de-rangement\/enfilade-en-teck-de-dieter-waeckerlin-pour-idealheim-70s\/#breadcrumb","itemListElement":[{"@type":"ListItem","position":1,"name":"Accueil","item":"https:\/\/lalmachine.com\/"},{"@type":"ListItem","position":2,"name":"Shop","item":"https:\/\/lalmachine.com\/shop\/"},{"@type":"ListItem","position":3,"name":"Enfilade en teck de Dieter Waeckerlin pour Idealheim 70s"}]},{"@type":"WebSite","@id":"https:\/\/lalmachine.com\/#website","url":"https:\/\/lalmachine.com\/","name":"lalmachine.com","description":"Brocante en ligne Suisse | Mobilier et objets d\u00e9co vintage et design","potentialAction":[{"@type":"SearchAction","target":{"@type":"EntryPoint","urlTemplate":"https:\/\/lalmachine.com\/?s={search_term_string}"},"query-input":{"@type":"PropertyValueSpecification","valueRequired":true,"valueName":"search_term_string"}}],"inLanguage":"de"}]}},"_links":{"self":[{"href":"https:\/\/lalmachine.com\/de\/wp-json\/wp\/v2\/product\/321061","targetHints":{"allow":["GET"]}}],"collection":[{"href":"https:\/\/lalmachine.com\/de\/wp-json\/wp\/v2\/product"}],"about":[{"href":"https:\/\/lalmachine.com\/de\/wp-json\/wp\/v2\/types\/product"}],"wp:featuredmedia":[{"embeddable":true,"href":"https:\/\/lalmachine.com\/de\/wp-json\/wp\/v2\/media\/321062"}],"wp:attachment":[{"href":"https:\/\/lalmachine.com\/de\/wp-json\/wp\/v2\/media?parent=321061"}],"wp:term":[{"taxonomy":"product_brand","embeddable":true,"href":"https:\/\/lalmachine.com\/de\/wp-json\/wp\/v2\/product_brand?post=321061"},{"taxonomy":"product_cat","embeddable":true,"href":"https:\/\/lalmachine.com\/de\/wp-json\/wp\/v2\/product_cat?post=321061"},{"taxonomy":"product_tag","embeddable":true,"href":"https:\/\/lalmachine.com\/de\/wp-json\/wp\/v2\/product_tag?post=321061"},{"taxonomy":"proximite","embeddable":true,"href":"https:\/\/lalmachine.com\/de\/wp-json\/wp\/v2\/proximite?post=321061"}],"curies":[{"name":"wp","href":"https:\/\/api.w.org\/{rel}","templated":true}]}}