{"id":321633,"date":"2024-01-04T18:58:14","date_gmt":"2024-01-04T17:58:14","guid":{"rendered":"https:\/\/lalmachine.com\/?post_type=product&#038;p=321633"},"modified":"2024-12-05T22:04:06","modified_gmt":"2024-12-05T21:04:06","slug":"peinture-de-jean-verdier-sans-titre","status":"publish","type":"product","link":"https:\/\/lalmachine.com\/de\/shop\/decorer\/art-and-co\/peinture-de-jean-verdier-sans-titre\/","title":{"rendered":"Peinture de Jean Verdier, sans titre"},"content":{"rendered":"<ul class=\"wpuf_customs\"><li style=\"list-style-type:none;\"><label>Autres photos:<\/label> <a href=\"https:\/\/lalmachine.com\/wp-content\/uploads\/2024\/01\/peinture-anemones-jean-verdier-boutique-du-mail-geneve.jpg\"><img loading=\"lazy\" decoding=\"async\" width=\"72\" height=\"96\" src=\"https:\/\/lalmachine.com\/wp-content\/uploads\/2024\/01\/peinture-anemones-jean-verdier-boutique-du-mail-geneve.jpg\" class=\"attachment-thumbnail size-thumbnail\" alt=\"\" \/><\/a> <a href=\"https:\/\/lalmachine.com\/wp-content\/uploads\/2024\/01\/nature-morte-peinture-jean-verdier-boutique-du-mail-geneve.jpg\"><img loading=\"lazy\" decoding=\"async\" width=\"72\" height=\"96\" src=\"https:\/\/lalmachine.com\/wp-content\/uploads\/2024\/01\/nature-morte-peinture-jean-verdier-boutique-du-mail-geneve.jpg\" class=\"attachment-thumbnail size-thumbnail\" alt=\"\" \/><\/a> <a href=\"https:\/\/lalmachine.com\/wp-content\/uploads\/2024\/01\/peinture-pot-aux-anemones-jean-verdier-boutique-du-mail-geneve.jpg\"><img loading=\"lazy\" decoding=\"async\" width=\"72\" height=\"96\" src=\"https:\/\/lalmachine.com\/wp-content\/uploads\/2024\/01\/peinture-pot-aux-anemones-jean-verdier-boutique-du-mail-geneve.jpg\" class=\"attachment-thumbnail size-thumbnail\" alt=\"\" \/><\/a> <\/li>        <li class=\"wpuf-field-data wpuf-field-data-numeric_text_field\">\n                            <label>Prix:<\/label>\n                        330        <\/li>\n                <li class=\"wpuf-field-data wpuf-field-data-numeric_text_field\">\n                            <label>Hauteur (cm):<\/label>\n                        33        <\/li>\n                <li class=\"wpuf-field-data wpuf-field-data-numeric_text_field\">\n                            <label>Largeur (cm):<\/label>\n                        25        <\/li>\n        <\/ul>","protected":false},"excerpt":{"rendered":"<p>Jolie peinture classique de Jean Verdier (1901-1969)<br \/>\nNature morte de trois pens\u00e9es<br \/>\nVendue encadr\u00e9e<\/p>\n<p>Jean Verdier est un peintre suisse n\u00e9 \u00e0 Gen\u00e8ve. Jusqu\u2019en 1920, il \u00e9tudie le dessin \u00e0 l&rsquo;\u00c9cole des Beaux-Arts de Gen\u00e8ve pour ensuite poursuivre ses \u00e9tudes \u00e0 Paris, o\u00f9 il d\u00e9couvre l&rsquo;art moderne.<br \/>\nDe retour en Suisse, il devient professeur de dessin et commence \u00e0 produire des \u0153uvres influenc\u00e9es par les mouvements artistiques de son \u00e9poque : le fauvisme, le cubisme et le dada\u00efsme. Au fil des ans, il participe \u00e0 de nombreuses expositions en Suisse et en France, et vend de nombreuses \u0153uvres \u00e0 des collectionneurs priv\u00e9s.<br \/>\nSes \u0153uvres, sont pour l\u2019essentiel des paysages, des portraits et des natures mortes. Sa peinture est caract\u00e9ris\u00e9e par l&rsquo;utilisation de couleurs primaires et de formes simplifi\u00e9es pour cr\u00e9er des images reconnaissables. Aujourd&rsquo;hui, ses \u0153uvres continuent d&rsquo;\u00eatre appr\u00e9ci\u00e9es par les amateurs d&rsquo;art, qui sont souvent pr\u00eats \u00e0 investir des sommes importantes pour acqu\u00e9rir l&rsquo;une de ses toiles.<\/p>","protected":false},"featured_media":321675,"template":"","meta":{"_et_pb_use_builder":"","_et_pb_old_content":"","_et_gb_content_width":""},"product_brand":[],"product_cat":[365,50],"product_tag":[],"proximite":[180],"class_list":{"0":"post-321633","1":"product","2":"type-product","3":"status-publish","4":"has-post-thumbnail","6":"product_cat-art-and-co","7":"product_cat-decorer","8":"product_shipping_class-fragile-8-5","9":"pa_couleur-multicolore","10":"pa_etat-tres-bon-etat","11":"pa_materiau-autre","12":"pa_style-art-contemporain","13":"proximite-geneve","15":"first","16":"outofstock","17":"shipping-taxable","18":"purchasable","19":"product-type-simple"},"yoast_head":"<!-- This site is optimized with the Yoast SEO plugin v27.4 - https:\/\/yoast.com\/product\/yoast-seo-wordpress\/ -->\n<title>Peinture de Jean Verdier, sans titre | lalmachine.com<\/title>\n<meta name=\"description\" content=\"Jolie peinture classique de Jean Verdier (1901-1969)Nature morte de trois pens\u00e9esVendue encadr\u00e9e\" \/>\n<meta name=\"robots\" content=\"index, follow, max-snippet:-1, max-image-preview:large, max-video-preview:-1\" \/>\n<link rel=\"canonical\" href=\"https:\/\/lalmachine.com\/de\/shop\/decorer\/art-and-co\/peinture-de-jean-verdier-sans-titre\/\" \/>\n<meta property=\"og:locale\" content=\"de_DE\" \/>\n<meta property=\"og:type\" content=\"article\" \/>\n<meta property=\"og:title\" content=\"Peinture de Jean Verdier, sans titre | lalmachine.com\" \/>\n<meta property=\"og:description\" content=\"Jolie peinture classique de Jean Verdier (1901-1969)Nature morte de trois pens\u00e9esVendue encadr\u00e9e\" \/>\n<meta property=\"og:url\" content=\"https:\/\/lalmachine.com\/de\/shop\/decorer\/art-and-co\/peinture-de-jean-verdier-sans-titre\/\" \/>\n<meta property=\"og:site_name\" content=\"lalmachine.com\" \/>\n<meta property=\"article:publisher\" content=\"https:\/\/facebook.com\/lalmachine\" \/>\n<meta property=\"article:modified_time\" content=\"2024-12-05T21:04:06+00:00\" \/>\n<meta property=\"og:image\" content=\"https:\/\/lalmachine.com\/wp-content\/uploads\/2024\/01\/tableaux-aux-anemones-jean-verdier-boutique-du-mail-geneve_clipped_rev_1.jpeg\" \/>\n\t<meta property=\"og:image:width\" content=\"1486\" \/>\n\t<meta property=\"og:image:height\" content=\"1485\" \/>\n\t<meta property=\"og:image:type\" content=\"image\/jpeg\" \/>\n<meta name=\"twitter:card\" content=\"summary_large_image\" \/>\n<script type=\"application\/ld+json\" class=\"yoast-schema-graph\">{\"@context\":\"https:\\\/\\\/schema.org\",\"@graph\":[{\"@type\":\"WebPage\",\"@id\":\"https:\\\/\\\/lalmachine.com\\\/shop\\\/decorer\\\/art-and-co\\\/peinture-de-jean-verdier-sans-titre\\\/\",\"url\":\"https:\\\/\\\/lalmachine.com\\\/shop\\\/decorer\\\/art-and-co\\\/peinture-de-jean-verdier-sans-titre\\\/\",\"name\":\"Peinture de Jean Verdier, sans titre | lalmachine.com\",\"isPartOf\":{\"@id\":\"https:\\\/\\\/lalmachine.com\\\/#website\"},\"primaryImageOfPage\":{\"@id\":\"https:\\\/\\\/lalmachine.com\\\/shop\\\/decorer\\\/art-and-co\\\/peinture-de-jean-verdier-sans-titre\\\/#primaryimage\"},\"image\":{\"@id\":\"https:\\\/\\\/lalmachine.com\\\/shop\\\/decorer\\\/art-and-co\\\/peinture-de-jean-verdier-sans-titre\\\/#primaryimage\"},\"thumbnailUrl\":\"https:\\\/\\\/lalmachine.com\\\/wp-content\\\/uploads\\\/2024\\\/01\\\/tableaux-aux-anemones-jean-verdier-boutique-du-mail-geneve_clipped_rev_1.jpeg\",\"datePublished\":\"2024-01-04T17:58:14+00:00\",\"dateModified\":\"2024-12-05T21:04:06+00:00\",\"description\":\"Jolie peinture classique de Jean Verdier (1901-1969)Nature morte de trois pens\u00e9esVendue encadr\u00e9e\",\"breadcrumb\":{\"@id\":\"https:\\\/\\\/lalmachine.com\\\/shop\\\/decorer\\\/art-and-co\\\/peinture-de-jean-verdier-sans-titre\\\/#breadcrumb\"},\"inLanguage\":\"de\",\"potentialAction\":[{\"@type\":\"ReadAction\",\"target\":[\"https:\\\/\\\/lalmachine.com\\\/shop\\\/decorer\\\/art-and-co\\\/peinture-de-jean-verdier-sans-titre\\\/\"]}]},{\"@type\":\"ImageObject\",\"inLanguage\":\"de\",\"@id\":\"https:\\\/\\\/lalmachine.com\\\/shop\\\/decorer\\\/art-and-co\\\/peinture-de-jean-verdier-sans-titre\\\/#primaryimage\",\"url\":\"https:\\\/\\\/lalmachine.com\\\/wp-content\\\/uploads\\\/2024\\\/01\\\/tableaux-aux-anemones-jean-verdier-boutique-du-mail-geneve_clipped_rev_1.jpeg\",\"contentUrl\":\"https:\\\/\\\/lalmachine.com\\\/wp-content\\\/uploads\\\/2024\\\/01\\\/tableaux-aux-anemones-jean-verdier-boutique-du-mail-geneve_clipped_rev_1.jpeg\",\"width\":1486,\"height\":1485},{\"@type\":\"BreadcrumbList\",\"@id\":\"https:\\\/\\\/lalmachine.com\\\/shop\\\/decorer\\\/art-and-co\\\/peinture-de-jean-verdier-sans-titre\\\/#breadcrumb\",\"itemListElement\":[{\"@type\":\"ListItem\",\"position\":1,\"name\":\"Accueil\",\"item\":\"https:\\\/\\\/lalmachine.com\\\/\"},{\"@type\":\"ListItem\",\"position\":2,\"name\":\"Shop\",\"item\":\"https:\\\/\\\/lalmachine.com\\\/shop\\\/\"},{\"@type\":\"ListItem\",\"position\":3,\"name\":\"Peinture de Jean Verdier, sans titre\"}]},{\"@type\":\"WebSite\",\"@id\":\"https:\\\/\\\/lalmachine.com\\\/#website\",\"url\":\"https:\\\/\\\/lalmachine.com\\\/\",\"name\":\"lalmachine.com\",\"description\":\"Brocante en ligne Suisse | Mobilier et objets d\u00e9co vintage et design\",\"potentialAction\":[{\"@type\":\"SearchAction\",\"target\":{\"@type\":\"EntryPoint\",\"urlTemplate\":\"https:\\\/\\\/lalmachine.com\\\/?s={search_term_string}\"},\"query-input\":{\"@type\":\"PropertyValueSpecification\",\"valueRequired\":true,\"valueName\":\"search_term_string\"}}],\"inLanguage\":\"de\"}]}<\/script>\n<!-- \/ Yoast SEO plugin. -->","yoast_head_json":{"title":"Peinture de Jean Verdier, sans titre | lalmachine.com","description":"Jolie peinture classique de Jean Verdier (1901-1969)Nature morte de trois pens\u00e9esVendue encadr\u00e9e","robots":{"index":"index","follow":"follow","max-snippet":"max-snippet:-1","max-image-preview":"max-image-preview:large","max-video-preview":"max-video-preview:-1"},"canonical":"https:\/\/lalmachine.com\/de\/shop\/decorer\/art-and-co\/peinture-de-jean-verdier-sans-titre\/","og_locale":"de_DE","og_type":"article","og_title":"Peinture de Jean Verdier, sans titre | lalmachine.com","og_description":"Jolie peinture classique de Jean Verdier (1901-1969)Nature morte de trois pens\u00e9esVendue encadr\u00e9e","og_url":"https:\/\/lalmachine.com\/de\/shop\/decorer\/art-and-co\/peinture-de-jean-verdier-sans-titre\/","og_site_name":"lalmachine.com","article_publisher":"https:\/\/facebook.com\/lalmachine","article_modified_time":"2024-12-05T21:04:06+00:00","og_image":[{"width":1486,"height":1485,"url":"https:\/\/lalmachine.com\/wp-content\/uploads\/2024\/01\/tableaux-aux-anemones-jean-verdier-boutique-du-mail-geneve_clipped_rev_1.jpeg","type":"image\/jpeg"}],"twitter_card":"summary_large_image","schema":{"@context":"https:\/\/schema.org","@graph":[{"@type":"WebPage","@id":"https:\/\/lalmachine.com\/shop\/decorer\/art-and-co\/peinture-de-jean-verdier-sans-titre\/","url":"https:\/\/lalmachine.com\/shop\/decorer\/art-and-co\/peinture-de-jean-verdier-sans-titre\/","name":"Peinture de Jean Verdier, sans titre | lalmachine.com","isPartOf":{"@id":"https:\/\/lalmachine.com\/#website"},"primaryImageOfPage":{"@id":"https:\/\/lalmachine.com\/shop\/decorer\/art-and-co\/peinture-de-jean-verdier-sans-titre\/#primaryimage"},"image":{"@id":"https:\/\/lalmachine.com\/shop\/decorer\/art-and-co\/peinture-de-jean-verdier-sans-titre\/#primaryimage"},"thumbnailUrl":"https:\/\/lalmachine.com\/wp-content\/uploads\/2024\/01\/tableaux-aux-anemones-jean-verdier-boutique-du-mail-geneve_clipped_rev_1.jpeg","datePublished":"2024-01-04T17:58:14+00:00","dateModified":"2024-12-05T21:04:06+00:00","description":"Jolie peinture classique de Jean Verdier (1901-1969)Nature morte de trois pens\u00e9esVendue encadr\u00e9e","breadcrumb":{"@id":"https:\/\/lalmachine.com\/shop\/decorer\/art-and-co\/peinture-de-jean-verdier-sans-titre\/#breadcrumb"},"inLanguage":"de","potentialAction":[{"@type":"ReadAction","target":["https:\/\/lalmachine.com\/shop\/decorer\/art-and-co\/peinture-de-jean-verdier-sans-titre\/"]}]},{"@type":"ImageObject","inLanguage":"de","@id":"https:\/\/lalmachine.com\/shop\/decorer\/art-and-co\/peinture-de-jean-verdier-sans-titre\/#primaryimage","url":"https:\/\/lalmachine.com\/wp-content\/uploads\/2024\/01\/tableaux-aux-anemones-jean-verdier-boutique-du-mail-geneve_clipped_rev_1.jpeg","contentUrl":"https:\/\/lalmachine.com\/wp-content\/uploads\/2024\/01\/tableaux-aux-anemones-jean-verdier-boutique-du-mail-geneve_clipped_rev_1.jpeg","width":1486,"height":1485},{"@type":"BreadcrumbList","@id":"https:\/\/lalmachine.com\/shop\/decorer\/art-and-co\/peinture-de-jean-verdier-sans-titre\/#breadcrumb","itemListElement":[{"@type":"ListItem","position":1,"name":"Accueil","item":"https:\/\/lalmachine.com\/"},{"@type":"ListItem","position":2,"name":"Shop","item":"https:\/\/lalmachine.com\/shop\/"},{"@type":"ListItem","position":3,"name":"Peinture de Jean Verdier, sans titre"}]},{"@type":"WebSite","@id":"https:\/\/lalmachine.com\/#website","url":"https:\/\/lalmachine.com\/","name":"lalmachine.com","description":"Brocante en ligne Suisse | Mobilier et objets d\u00e9co vintage et design","potentialAction":[{"@type":"SearchAction","target":{"@type":"EntryPoint","urlTemplate":"https:\/\/lalmachine.com\/?s={search_term_string}"},"query-input":{"@type":"PropertyValueSpecification","valueRequired":true,"valueName":"search_term_string"}}],"inLanguage":"de"}]}},"_links":{"self":[{"href":"https:\/\/lalmachine.com\/de\/wp-json\/wp\/v2\/product\/321633","targetHints":{"allow":["GET"]}}],"collection":[{"href":"https:\/\/lalmachine.com\/de\/wp-json\/wp\/v2\/product"}],"about":[{"href":"https:\/\/lalmachine.com\/de\/wp-json\/wp\/v2\/types\/product"}],"wp:featuredmedia":[{"embeddable":true,"href":"https:\/\/lalmachine.com\/de\/wp-json\/wp\/v2\/media\/321675"}],"wp:attachment":[{"href":"https:\/\/lalmachine.com\/de\/wp-json\/wp\/v2\/media?parent=321633"}],"wp:term":[{"taxonomy":"product_brand","embeddable":true,"href":"https:\/\/lalmachine.com\/de\/wp-json\/wp\/v2\/product_brand?post=321633"},{"taxonomy":"product_cat","embeddable":true,"href":"https:\/\/lalmachine.com\/de\/wp-json\/wp\/v2\/product_cat?post=321633"},{"taxonomy":"product_tag","embeddable":true,"href":"https:\/\/lalmachine.com\/de\/wp-json\/wp\/v2\/product_tag?post=321633"},{"taxonomy":"proximite","embeddable":true,"href":"https:\/\/lalmachine.com\/de\/wp-json\/wp\/v2\/proximite?post=321633"}],"curies":[{"name":"wp","href":"https:\/\/api.w.org\/{rel}","templated":true}]}}