{"id":322480,"date":"2024-01-17T16:40:20","date_gmt":"2024-01-17T15:40:20","guid":{"rendered":"https:\/\/lalmachine.com\/?post_type=product&#038;p=322480"},"modified":"2025-03-25T16:43:02","modified_gmt":"2025-03-25T15:43:02","slug":"commode-danoise-vintage-en-teck","status":"publish","type":"product","link":"https:\/\/lalmachine.com\/de\/shop\/meubler\/meuble-de-rangement\/commode-danoise-vintage-en-teck\/","title":{"rendered":"Commode danoise vintage en teck"},"content":{"rendered":"<ul class=\"wpuf_customs\"><li style=\"list-style-type:none;\"><label>Autres photos:<\/label> <a href=\"https:\/\/lalmachine.com\/wp-content\/uploads\/2024\/01\/IMG_2816-scaled.jpeg\"><img loading=\"lazy\" decoding=\"async\" width=\"72\" height=\"96\" src=\"https:\/\/lalmachine.com\/wp-content\/uploads\/2024\/01\/IMG_2816-scaled.jpeg\" class=\"attachment-thumbnail size-thumbnail\" alt=\"\" \/><\/a> <a href=\"https:\/\/lalmachine.com\/wp-content\/uploads\/2024\/01\/247C17A1-D366-4F1C-9BF6-FA8F416D6127.jpeg\"><img loading=\"lazy\" decoding=\"async\" width=\"79\" height=\"96\" src=\"https:\/\/lalmachine.com\/wp-content\/uploads\/2024\/01\/247C17A1-D366-4F1C-9BF6-FA8F416D6127.jpeg\" class=\"attachment-thumbnail size-thumbnail\" alt=\"\" \/><\/a> <a href=\"https:\/\/lalmachine.com\/wp-content\/uploads\/2024\/01\/705CC2D2-E65A-4CEF-9A6A-C896D8F12687.jpeg\"><img loading=\"lazy\" decoding=\"async\" width=\"79\" height=\"96\" src=\"https:\/\/lalmachine.com\/wp-content\/uploads\/2024\/01\/705CC2D2-E65A-4CEF-9A6A-C896D8F12687.jpeg\" class=\"attachment-thumbnail size-thumbnail\" alt=\"\" \/><\/a> <a href=\"https:\/\/lalmachine.com\/wp-content\/uploads\/2024\/01\/63B6A9B2-D6A2-46E6-80DC-8A6BB8E1FC2D.jpeg\"><img loading=\"lazy\" decoding=\"async\" width=\"79\" height=\"96\" src=\"https:\/\/lalmachine.com\/wp-content\/uploads\/2024\/01\/63B6A9B2-D6A2-46E6-80DC-8A6BB8E1FC2D.jpeg\" class=\"attachment-thumbnail size-thumbnail\" alt=\"\" \/><\/a> <a href=\"https:\/\/lalmachine.com\/wp-content\/uploads\/2024\/01\/E722034C-8B86-4106-9BAE-4674A214D151.jpeg\"><img loading=\"lazy\" decoding=\"async\" width=\"79\" height=\"96\" src=\"https:\/\/lalmachine.com\/wp-content\/uploads\/2024\/01\/E722034C-8B86-4106-9BAE-4674A214D151.jpeg\" class=\"attachment-thumbnail size-thumbnail\" alt=\"\" \/><\/a> <a href=\"https:\/\/lalmachine.com\/wp-content\/uploads\/2024\/01\/4997C781-1C74-4CA6-A5DE-BE8302393819.jpeg\"><img loading=\"lazy\" decoding=\"async\" width=\"79\" height=\"96\" src=\"https:\/\/lalmachine.com\/wp-content\/uploads\/2024\/01\/4997C781-1C74-4CA6-A5DE-BE8302393819.jpeg\" class=\"attachment-thumbnail size-thumbnail\" alt=\"\" \/><\/a> <a href=\"https:\/\/lalmachine.com\/wp-content\/uploads\/2024\/01\/B9798946-215C-4159-8912-C7A828E44BA4.jpeg\"><img loading=\"lazy\" decoding=\"async\" width=\"79\" height=\"96\" src=\"https:\/\/lalmachine.com\/wp-content\/uploads\/2024\/01\/B9798946-215C-4159-8912-C7A828E44BA4.jpeg\" class=\"attachment-thumbnail size-thumbnail\" alt=\"\" \/><\/a> <a href=\"https:\/\/lalmachine.com\/wp-content\/uploads\/2024\/01\/0F46CAB0-A50A-4A62-AD51-F7A862FCC7B3.jpeg\"><img loading=\"lazy\" decoding=\"async\" width=\"79\" height=\"96\" src=\"https:\/\/lalmachine.com\/wp-content\/uploads\/2024\/01\/0F46CAB0-A50A-4A62-AD51-F7A862FCC7B3.jpeg\" class=\"attachment-thumbnail size-thumbnail\" alt=\"\" \/><\/a> <a href=\"https:\/\/lalmachine.com\/wp-content\/uploads\/2024\/01\/IMG_2635-scaled.jpeg\"><img loading=\"lazy\" decoding=\"async\" width=\"72\" height=\"96\" src=\"https:\/\/lalmachine.com\/wp-content\/uploads\/2024\/01\/IMG_2635-scaled.jpeg\" class=\"attachment-thumbnail size-thumbnail\" alt=\"\" \/><\/a> <\/li>        <li class=\"wpuf-field-data wpuf-field-data-numeric_text_field\">\n                            <label>Prix:<\/label>\n                        390        <\/li>\n                <li class=\"wpuf-field-data wpuf-field-data-numeric_text_field\">\n                            <label>Quantit\u00e9:<\/label>\n                        0        <\/li>\n                <li class=\"wpuf-field-data wpuf-field-data-numeric_text_field\">\n                            <label>Hauteur (cm):<\/label>\n                        50        <\/li>\n                <li class=\"wpuf-field-data wpuf-field-data-numeric_text_field\">\n                            <label>Largeur (cm):<\/label>\n                        85        <\/li>\n                <li class=\"wpuf-field-data wpuf-field-data-numeric_text_field\">\n                            <label>Profondeur (cm):<\/label>\n                        31        <\/li>\n        <\/ul>","protected":false},"excerpt":{"rendered":"<blockquote><p>Jolie petite commode vintage en teck, compos\u00e9e de deux tiroirs.<br \/>\nMade in Danemark.<br \/>\nEn bon \u00e9tat, hormis des petits manques, peu visibles (cf photos).<br \/>\nA venir chercher au showroom \u00e0 Satigny ou livraison possible r\u00e9gion Gen\u00e8ve\/ Caud (devis sur demande).<\/p><\/blockquote>","protected":false},"featured_media":322510,"template":"","meta":{"_et_pb_use_builder":"","_et_pb_old_content":"","_et_gb_content_width":""},"product_brand":[],"product_cat":[83,47],"product_tag":[],"proximite":[180],"class_list":{"0":"post-322480","1":"product","2":"type-product","3":"status-publish","4":"has-post-thumbnail","6":"product_cat-meuble-de-rangement","7":"product_cat-meubler","8":"pa_couleur-bois","9":"pa_etat-bon-etat","10":"pa_materiau-bois","11":"pa_style-scandinave","12":"proximite-geneve","14":"first","15":"outofstock","16":"shipping-taxable","17":"purchasable","18":"product-type-simple"},"yoast_head":"<!-- This site is optimized with the Yoast SEO plugin v27.4 - https:\/\/yoast.com\/product\/yoast-seo-wordpress\/ -->\n<title>Commode danoise vintage en teck | lalmachine.com<\/title>\n<meta name=\"description\" content=\"Jolie petite commode vintage en teck, compos\u00e9e de deux tiroirs. Made in Danemark.\" \/>\n<meta name=\"robots\" content=\"index, follow, max-snippet:-1, max-image-preview:large, max-video-preview:-1\" \/>\n<link rel=\"canonical\" href=\"https:\/\/lalmachine.com\/de\/shop\/meubler\/meuble-de-rangement\/commode-danoise-vintage-en-teck\/\" \/>\n<meta property=\"og:locale\" content=\"de_DE\" \/>\n<meta property=\"og:type\" content=\"article\" \/>\n<meta property=\"og:title\" content=\"Commode danoise vintage en teck | lalmachine.com\" \/>\n<meta property=\"og:description\" content=\"Jolie petite commode vintage en teck, compos\u00e9e de deux tiroirs. Made in Danemark.\" \/>\n<meta property=\"og:url\" content=\"https:\/\/lalmachine.com\/de\/shop\/meubler\/meuble-de-rangement\/commode-danoise-vintage-en-teck\/\" \/>\n<meta property=\"og:site_name\" content=\"lalmachine.com\" \/>\n<meta property=\"article:publisher\" content=\"https:\/\/facebook.com\/lalmachine\" \/>\n<meta property=\"article:modified_time\" content=\"2025-03-25T15:43:02+00:00\" \/>\n<meta property=\"og:image\" content=\"https:\/\/lalmachine.com\/wp-content\/uploads\/2024\/01\/102BDC0D-EE95-45E1-A6FE-D510AA76BFBB_clipped_rev_1.jpeg\" \/>\n\t<meta property=\"og:image:width\" content=\"1555\" \/>\n\t<meta property=\"og:image:height\" content=\"1555\" \/>\n\t<meta property=\"og:image:type\" content=\"image\/jpeg\" \/>\n<meta name=\"twitter:card\" content=\"summary_large_image\" \/>\n<script type=\"application\/ld+json\" class=\"yoast-schema-graph\">{\"@context\":\"https:\\\/\\\/schema.org\",\"@graph\":[{\"@type\":\"WebPage\",\"@id\":\"https:\\\/\\\/lalmachine.com\\\/shop\\\/meubler\\\/meuble-de-rangement\\\/commode-danoise-vintage-en-teck\\\/\",\"url\":\"https:\\\/\\\/lalmachine.com\\\/shop\\\/meubler\\\/meuble-de-rangement\\\/commode-danoise-vintage-en-teck\\\/\",\"name\":\"Commode danoise vintage en teck | lalmachine.com\",\"isPartOf\":{\"@id\":\"https:\\\/\\\/lalmachine.com\\\/#website\"},\"primaryImageOfPage\":{\"@id\":\"https:\\\/\\\/lalmachine.com\\\/shop\\\/meubler\\\/meuble-de-rangement\\\/commode-danoise-vintage-en-teck\\\/#primaryimage\"},\"image\":{\"@id\":\"https:\\\/\\\/lalmachine.com\\\/shop\\\/meubler\\\/meuble-de-rangement\\\/commode-danoise-vintage-en-teck\\\/#primaryimage\"},\"thumbnailUrl\":\"https:\\\/\\\/lalmachine.com\\\/wp-content\\\/uploads\\\/2024\\\/01\\\/102BDC0D-EE95-45E1-A6FE-D510AA76BFBB_clipped_rev_1.jpeg\",\"datePublished\":\"2024-01-17T15:40:20+00:00\",\"dateModified\":\"2025-03-25T15:43:02+00:00\",\"description\":\"Jolie petite commode vintage en teck, compos\u00e9e de deux tiroirs. Made in Danemark.\",\"breadcrumb\":{\"@id\":\"https:\\\/\\\/lalmachine.com\\\/shop\\\/meubler\\\/meuble-de-rangement\\\/commode-danoise-vintage-en-teck\\\/#breadcrumb\"},\"inLanguage\":\"de\",\"potentialAction\":[{\"@type\":\"ReadAction\",\"target\":[\"https:\\\/\\\/lalmachine.com\\\/shop\\\/meubler\\\/meuble-de-rangement\\\/commode-danoise-vintage-en-teck\\\/\"]}]},{\"@type\":\"ImageObject\",\"inLanguage\":\"de\",\"@id\":\"https:\\\/\\\/lalmachine.com\\\/shop\\\/meubler\\\/meuble-de-rangement\\\/commode-danoise-vintage-en-teck\\\/#primaryimage\",\"url\":\"https:\\\/\\\/lalmachine.com\\\/wp-content\\\/uploads\\\/2024\\\/01\\\/102BDC0D-EE95-45E1-A6FE-D510AA76BFBB_clipped_rev_1.jpeg\",\"contentUrl\":\"https:\\\/\\\/lalmachine.com\\\/wp-content\\\/uploads\\\/2024\\\/01\\\/102BDC0D-EE95-45E1-A6FE-D510AA76BFBB_clipped_rev_1.jpeg\",\"width\":1555,\"height\":1555,\"caption\":\"Commode danoise vintage en teck\"},{\"@type\":\"BreadcrumbList\",\"@id\":\"https:\\\/\\\/lalmachine.com\\\/shop\\\/meubler\\\/meuble-de-rangement\\\/commode-danoise-vintage-en-teck\\\/#breadcrumb\",\"itemListElement\":[{\"@type\":\"ListItem\",\"position\":1,\"name\":\"Accueil\",\"item\":\"https:\\\/\\\/lalmachine.com\\\/\"},{\"@type\":\"ListItem\",\"position\":2,\"name\":\"Shop\",\"item\":\"https:\\\/\\\/lalmachine.com\\\/shop\\\/\"},{\"@type\":\"ListItem\",\"position\":3,\"name\":\"Commode danoise vintage en teck\"}]},{\"@type\":\"WebSite\",\"@id\":\"https:\\\/\\\/lalmachine.com\\\/#website\",\"url\":\"https:\\\/\\\/lalmachine.com\\\/\",\"name\":\"lalmachine.com\",\"description\":\"Brocante en ligne Suisse | Mobilier et objets d\u00e9co vintage et design\",\"potentialAction\":[{\"@type\":\"SearchAction\",\"target\":{\"@type\":\"EntryPoint\",\"urlTemplate\":\"https:\\\/\\\/lalmachine.com\\\/?s={search_term_string}\"},\"query-input\":{\"@type\":\"PropertyValueSpecification\",\"valueRequired\":true,\"valueName\":\"search_term_string\"}}],\"inLanguage\":\"de\"}]}<\/script>\n<!-- \/ Yoast SEO plugin. -->","yoast_head_json":{"title":"Commode danoise vintage en teck | lalmachine.com","description":"Jolie petite commode vintage en teck, compos\u00e9e de deux tiroirs. Made in Danemark.","robots":{"index":"index","follow":"follow","max-snippet":"max-snippet:-1","max-image-preview":"max-image-preview:large","max-video-preview":"max-video-preview:-1"},"canonical":"https:\/\/lalmachine.com\/de\/shop\/meubler\/meuble-de-rangement\/commode-danoise-vintage-en-teck\/","og_locale":"de_DE","og_type":"article","og_title":"Commode danoise vintage en teck | lalmachine.com","og_description":"Jolie petite commode vintage en teck, compos\u00e9e de deux tiroirs. Made in Danemark.","og_url":"https:\/\/lalmachine.com\/de\/shop\/meubler\/meuble-de-rangement\/commode-danoise-vintage-en-teck\/","og_site_name":"lalmachine.com","article_publisher":"https:\/\/facebook.com\/lalmachine","article_modified_time":"2025-03-25T15:43:02+00:00","og_image":[{"width":1555,"height":1555,"url":"https:\/\/lalmachine.com\/wp-content\/uploads\/2024\/01\/102BDC0D-EE95-45E1-A6FE-D510AA76BFBB_clipped_rev_1.jpeg","type":"image\/jpeg"}],"twitter_card":"summary_large_image","schema":{"@context":"https:\/\/schema.org","@graph":[{"@type":"WebPage","@id":"https:\/\/lalmachine.com\/shop\/meubler\/meuble-de-rangement\/commode-danoise-vintage-en-teck\/","url":"https:\/\/lalmachine.com\/shop\/meubler\/meuble-de-rangement\/commode-danoise-vintage-en-teck\/","name":"Commode danoise vintage en teck | lalmachine.com","isPartOf":{"@id":"https:\/\/lalmachine.com\/#website"},"primaryImageOfPage":{"@id":"https:\/\/lalmachine.com\/shop\/meubler\/meuble-de-rangement\/commode-danoise-vintage-en-teck\/#primaryimage"},"image":{"@id":"https:\/\/lalmachine.com\/shop\/meubler\/meuble-de-rangement\/commode-danoise-vintage-en-teck\/#primaryimage"},"thumbnailUrl":"https:\/\/lalmachine.com\/wp-content\/uploads\/2024\/01\/102BDC0D-EE95-45E1-A6FE-D510AA76BFBB_clipped_rev_1.jpeg","datePublished":"2024-01-17T15:40:20+00:00","dateModified":"2025-03-25T15:43:02+00:00","description":"Jolie petite commode vintage en teck, compos\u00e9e de deux tiroirs. Made in Danemark.","breadcrumb":{"@id":"https:\/\/lalmachine.com\/shop\/meubler\/meuble-de-rangement\/commode-danoise-vintage-en-teck\/#breadcrumb"},"inLanguage":"de","potentialAction":[{"@type":"ReadAction","target":["https:\/\/lalmachine.com\/shop\/meubler\/meuble-de-rangement\/commode-danoise-vintage-en-teck\/"]}]},{"@type":"ImageObject","inLanguage":"de","@id":"https:\/\/lalmachine.com\/shop\/meubler\/meuble-de-rangement\/commode-danoise-vintage-en-teck\/#primaryimage","url":"https:\/\/lalmachine.com\/wp-content\/uploads\/2024\/01\/102BDC0D-EE95-45E1-A6FE-D510AA76BFBB_clipped_rev_1.jpeg","contentUrl":"https:\/\/lalmachine.com\/wp-content\/uploads\/2024\/01\/102BDC0D-EE95-45E1-A6FE-D510AA76BFBB_clipped_rev_1.jpeg","width":1555,"height":1555,"caption":"Commode danoise vintage en teck"},{"@type":"BreadcrumbList","@id":"https:\/\/lalmachine.com\/shop\/meubler\/meuble-de-rangement\/commode-danoise-vintage-en-teck\/#breadcrumb","itemListElement":[{"@type":"ListItem","position":1,"name":"Accueil","item":"https:\/\/lalmachine.com\/"},{"@type":"ListItem","position":2,"name":"Shop","item":"https:\/\/lalmachine.com\/shop\/"},{"@type":"ListItem","position":3,"name":"Commode danoise vintage en teck"}]},{"@type":"WebSite","@id":"https:\/\/lalmachine.com\/#website","url":"https:\/\/lalmachine.com\/","name":"lalmachine.com","description":"Brocante en ligne Suisse | Mobilier et objets d\u00e9co vintage et design","potentialAction":[{"@type":"SearchAction","target":{"@type":"EntryPoint","urlTemplate":"https:\/\/lalmachine.com\/?s={search_term_string}"},"query-input":{"@type":"PropertyValueSpecification","valueRequired":true,"valueName":"search_term_string"}}],"inLanguage":"de"}]}},"_links":{"self":[{"href":"https:\/\/lalmachine.com\/de\/wp-json\/wp\/v2\/product\/322480","targetHints":{"allow":["GET"]}}],"collection":[{"href":"https:\/\/lalmachine.com\/de\/wp-json\/wp\/v2\/product"}],"about":[{"href":"https:\/\/lalmachine.com\/de\/wp-json\/wp\/v2\/types\/product"}],"wp:featuredmedia":[{"embeddable":true,"href":"https:\/\/lalmachine.com\/de\/wp-json\/wp\/v2\/media\/322510"}],"wp:attachment":[{"href":"https:\/\/lalmachine.com\/de\/wp-json\/wp\/v2\/media?parent=322480"}],"wp:term":[{"taxonomy":"product_brand","embeddable":true,"href":"https:\/\/lalmachine.com\/de\/wp-json\/wp\/v2\/product_brand?post=322480"},{"taxonomy":"product_cat","embeddable":true,"href":"https:\/\/lalmachine.com\/de\/wp-json\/wp\/v2\/product_cat?post=322480"},{"taxonomy":"product_tag","embeddable":true,"href":"https:\/\/lalmachine.com\/de\/wp-json\/wp\/v2\/product_tag?post=322480"},{"taxonomy":"proximite","embeddable":true,"href":"https:\/\/lalmachine.com\/de\/wp-json\/wp\/v2\/proximite?post=322480"}],"curies":[{"name":"wp","href":"https:\/\/api.w.org\/{rel}","templated":true}]}}