{"id":323054,"date":"2024-01-25T16:08:45","date_gmt":"2024-01-25T15:08:45","guid":{"rendered":"https:\/\/lalmachine.com\/?post_type=product&#038;p=323054"},"modified":"2025-10-05T18:09:48","modified_gmt":"2025-10-05T16:09:48","slug":"sac-banane-la-plume","status":"publish","type":"product","link":"https:\/\/lalmachine.com\/de\/shop\/non-classe\/sac-banane-la-plume\/","title":{"rendered":"Sac Banane &#8211; La Plume"},"content":{"rendered":"<ul class=\"wpuf_customs\"><li style=\"list-style-type:none;\"><label>Autres photos:<\/label> <a href=\"https:\/\/lalmachine.com\/wp-content\/uploads\/2024\/01\/IMG_20240124_145735_761-1.webp\"><img loading=\"lazy\" decoding=\"async\" width=\"96\" height=\"96\" src=\"https:\/\/lalmachine.com\/wp-content\/uploads\/2024\/01\/IMG_20240124_145735_761-1.webp\" class=\"attachment-thumbnail size-thumbnail\" alt=\"\" \/><\/a> <a href=\"https:\/\/lalmachine.com\/wp-content\/uploads\/2024\/01\/IMG_20240124_145735_830.webp\"><img loading=\"lazy\" decoding=\"async\" width=\"96\" height=\"96\" src=\"https:\/\/lalmachine.com\/wp-content\/uploads\/2024\/01\/IMG_20240124_145735_830.webp\" class=\"attachment-thumbnail size-thumbnail\" alt=\"\" \/><\/a> <a href=\"https:\/\/lalmachine.com\/wp-content\/uploads\/2024\/01\/IMG_20240124_145735_883.webp\"><img loading=\"lazy\" decoding=\"async\" width=\"96\" height=\"96\" src=\"https:\/\/lalmachine.com\/wp-content\/uploads\/2024\/01\/IMG_20240124_145735_883.webp\" class=\"attachment-thumbnail size-thumbnail\" alt=\"\" \/><\/a> <a href=\"https:\/\/lalmachine.com\/wp-content\/uploads\/2024\/01\/IMG_20240124_145735_946.webp\"><img loading=\"lazy\" decoding=\"async\" width=\"96\" height=\"96\" src=\"https:\/\/lalmachine.com\/wp-content\/uploads\/2024\/01\/IMG_20240124_145735_946.webp\" class=\"attachment-thumbnail size-thumbnail\" alt=\"\" \/><\/a> <a href=\"https:\/\/lalmachine.com\/wp-content\/uploads\/2024\/01\/IMG_20240124_145735_986.webp\"><img loading=\"lazy\" decoding=\"async\" width=\"96\" height=\"96\" src=\"https:\/\/lalmachine.com\/wp-content\/uploads\/2024\/01\/IMG_20240124_145735_986.webp\" class=\"attachment-thumbnail size-thumbnail\" alt=\"\" \/><\/a> <\/li>        <li class=\"wpuf-field-data wpuf-field-data-numeric_text_field\">\n                            <label>Prix:<\/label>\n                        45        <\/li>\n                <li class=\"wpuf-field-data wpuf-field-data-numeric_text_field\">\n                            <label>Quantit\u00e9:<\/label>\n                        0        <\/li>\n                <li class=\"wpuf-field-data wpuf-field-data-numeric_text_field\">\n                            <label>Hauteur (cm):<\/label>\n                        15        <\/li>\n                <li class=\"wpuf-field-data wpuf-field-data-numeric_text_field\">\n                            <label>Largeur (cm):<\/label>\n                        32        <\/li>\n                <li class=\"wpuf-field-data wpuf-field-data-numeric_text_field\">\n                            <label>Profondeur (cm):<\/label>\n                        5        <\/li>\n        <\/ul>","protected":false},"excerpt":{"rendered":"<p>Les dimensions correspondent \u00e0 la banane sans sangle.<br \/>\nH 15 cm x L 32 cm x P 5.5 cm<br \/>\n\u2014<br \/>\nLas Bananas de Popi, c\u2019est l\u2019accessoire qui te rendra fun dans n\u2019importe quelles situations. Elle peut \u00eatre discr\u00e8te ou pas, surtout unisexe et chic \u00e0 la fois.<\/p>\n<p>Son c\u00f4t\u00e9 pratique est sa sangle qui se r\u00e8gle et peut atteindre casi un m\u00e8tre de circonf\u00e9rence. Eh ouais m\u00eame apr\u00e8s un monstre gueuleton, tu pourras encore l\u2019accrocher \u00e0 ta taille ou simplement la porter en bandouli\u00e8re.<\/p>\n<p>Le petit plus est sa poche int\u00e9rieure pour ranger tes petites choses que tu ne trouves jamais au fond de ton sac.<br \/>\nTu te demandes s\u00fbrement comment tu as fait sans jusqu\u2019\u00e0 maintenant, alors fonce choisir celle qui te pla\u00eet parce que chaque cr\u00e9ation est unique.<\/p>\n<p>Quant aux tissus, c\u2019est de la r\u00e9cup d\u2019habits, d\u2019accessoires ou des \u00e9toffes choisies lors de mes voyages.<\/p>","protected":false},"featured_media":323109,"template":"","meta":{"_et_pb_use_builder":"","_et_pb_old_content":"","_et_gb_content_width":""},"product_brand":[],"product_cat":[45],"product_tag":[],"proximite":[177,235],"class_list":{"0":"post-323054","1":"product","2":"type-product","3":"status-publish","4":"has-post-thumbnail","6":"product_cat-non-classe","7":"product_shipping_class-0-2-kg","8":"pa_couleur-gris","9":"pa_etat-tres-bon-etat","10":"pa_materiau-tissu","11":"pa_style-vintage","12":"proximite-fribourg","13":"proximite-sarine","15":"first","16":"outofstock","17":"shipping-taxable","18":"purchasable","19":"product-type-simple"},"yoast_head":"<!-- This site is optimized with the Yoast SEO plugin v27.4 - https:\/\/yoast.com\/product\/yoast-seo-wordpress\/ -->\n<title>Sac Banane - La Plume | lalmachine.com<\/title>\n<meta name=\"description\" content=\"Las Bananas de Popi, c\u2019est l\u2019accessoire qui te rendra fun dans n\u2019importe quelles situations. Elle peut \u00eatre discr\u00e8te ou pas, surtout unisexe et chic \u00e0 la fois.\" \/>\n<meta name=\"robots\" content=\"index, follow, max-snippet:-1, max-image-preview:large, max-video-preview:-1\" \/>\n<link rel=\"canonical\" href=\"https:\/\/lalmachine.com\/de\/shop\/les-copines\/las-bananas-de-popi\/sac-banane-la-plume\/\" \/>\n<meta property=\"og:locale\" content=\"de_DE\" \/>\n<meta property=\"og:type\" content=\"article\" \/>\n<meta property=\"og:title\" content=\"Sac Banane - La Plume | lalmachine.com\" \/>\n<meta property=\"og:description\" content=\"Las Bananas de Popi, c\u2019est l\u2019accessoire qui te rendra fun dans n\u2019importe quelles situations. Elle peut \u00eatre discr\u00e8te ou pas, surtout unisexe et chic \u00e0 la fois.\" \/>\n<meta property=\"og:url\" content=\"https:\/\/lalmachine.com\/de\/shop\/les-copines\/las-bananas-de-popi\/sac-banane-la-plume\/\" \/>\n<meta property=\"og:site_name\" content=\"lalmachine.com\" \/>\n<meta property=\"article:publisher\" content=\"https:\/\/facebook.com\/lalmachine\" \/>\n<meta property=\"article:modified_time\" content=\"2025-10-05T16:09:48+00:00\" \/>\n<meta property=\"og:image\" content=\"https:\/\/lalmachine.com\/wp-content\/uploads\/2024\/01\/IMG_20240124_145735_761_clipped_rev_1.jpeg\" \/>\n\t<meta property=\"og:image:width\" content=\"1620\" \/>\n\t<meta property=\"og:image:height\" content=\"1621\" \/>\n\t<meta property=\"og:image:type\" content=\"image\/jpeg\" \/>\n<meta name=\"twitter:card\" content=\"summary_large_image\" \/>\n<script type=\"application\/ld+json\" class=\"yoast-schema-graph\">{\"@context\":\"https:\\\/\\\/schema.org\",\"@graph\":[{\"@type\":\"WebPage\",\"@id\":\"https:\\\/\\\/lalmachine.com\\\/shop\\\/les-copines\\\/las-bananas-de-popi\\\/sac-banane-la-plume\\\/\",\"url\":\"https:\\\/\\\/lalmachine.com\\\/shop\\\/les-copines\\\/las-bananas-de-popi\\\/sac-banane-la-plume\\\/\",\"name\":\"Sac Banane - La Plume | lalmachine.com\",\"isPartOf\":{\"@id\":\"https:\\\/\\\/lalmachine.com\\\/#website\"},\"primaryImageOfPage\":{\"@id\":\"https:\\\/\\\/lalmachine.com\\\/shop\\\/les-copines\\\/las-bananas-de-popi\\\/sac-banane-la-plume\\\/#primaryimage\"},\"image\":{\"@id\":\"https:\\\/\\\/lalmachine.com\\\/shop\\\/les-copines\\\/las-bananas-de-popi\\\/sac-banane-la-plume\\\/#primaryimage\"},\"thumbnailUrl\":\"https:\\\/\\\/lalmachine.com\\\/wp-content\\\/uploads\\\/2024\\\/01\\\/IMG_20240124_145735_761_clipped_rev_1.jpeg\",\"datePublished\":\"2024-01-25T15:08:45+00:00\",\"dateModified\":\"2025-10-05T16:09:48+00:00\",\"description\":\"Las Bananas de Popi, c\u2019est l\u2019accessoire qui te rendra fun dans n\u2019importe quelles situations. Elle peut \u00eatre discr\u00e8te ou pas, surtout unisexe et chic \u00e0 la fois.\",\"breadcrumb\":{\"@id\":\"https:\\\/\\\/lalmachine.com\\\/shop\\\/les-copines\\\/las-bananas-de-popi\\\/sac-banane-la-plume\\\/#breadcrumb\"},\"inLanguage\":\"de\",\"potentialAction\":[{\"@type\":\"ReadAction\",\"target\":[\"https:\\\/\\\/lalmachine.com\\\/shop\\\/les-copines\\\/las-bananas-de-popi\\\/sac-banane-la-plume\\\/\"]}]},{\"@type\":\"ImageObject\",\"inLanguage\":\"de\",\"@id\":\"https:\\\/\\\/lalmachine.com\\\/shop\\\/les-copines\\\/las-bananas-de-popi\\\/sac-banane-la-plume\\\/#primaryimage\",\"url\":\"https:\\\/\\\/lalmachine.com\\\/wp-content\\\/uploads\\\/2024\\\/01\\\/IMG_20240124_145735_761_clipped_rev_1.jpeg\",\"contentUrl\":\"https:\\\/\\\/lalmachine.com\\\/wp-content\\\/uploads\\\/2024\\\/01\\\/IMG_20240124_145735_761_clipped_rev_1.jpeg\",\"width\":1620,\"height\":1621,\"caption\":\"Sac Banane - La Plume\"},{\"@type\":\"BreadcrumbList\",\"@id\":\"https:\\\/\\\/lalmachine.com\\\/shop\\\/les-copines\\\/las-bananas-de-popi\\\/sac-banane-la-plume\\\/#breadcrumb\",\"itemListElement\":[{\"@type\":\"ListItem\",\"position\":1,\"name\":\"Accueil\",\"item\":\"https:\\\/\\\/lalmachine.com\\\/\"},{\"@type\":\"ListItem\",\"position\":2,\"name\":\"Shop\",\"item\":\"https:\\\/\\\/lalmachine.com\\\/shop\\\/\"},{\"@type\":\"ListItem\",\"position\":3,\"name\":\"Sac Banane &#8211; La Plume\"}]},{\"@type\":\"WebSite\",\"@id\":\"https:\\\/\\\/lalmachine.com\\\/#website\",\"url\":\"https:\\\/\\\/lalmachine.com\\\/\",\"name\":\"lalmachine.com\",\"description\":\"Brocante en ligne Suisse | Mobilier et objets d\u00e9co vintage et design\",\"potentialAction\":[{\"@type\":\"SearchAction\",\"target\":{\"@type\":\"EntryPoint\",\"urlTemplate\":\"https:\\\/\\\/lalmachine.com\\\/?s={search_term_string}\"},\"query-input\":{\"@type\":\"PropertyValueSpecification\",\"valueRequired\":true,\"valueName\":\"search_term_string\"}}],\"inLanguage\":\"de\"}]}<\/script>\n<!-- \/ Yoast SEO plugin. -->","yoast_head_json":{"title":"Sac Banane - La Plume | lalmachine.com","description":"Las Bananas de Popi, c\u2019est l\u2019accessoire qui te rendra fun dans n\u2019importe quelles situations. Elle peut \u00eatre discr\u00e8te ou pas, surtout unisexe et chic \u00e0 la fois.","robots":{"index":"index","follow":"follow","max-snippet":"max-snippet:-1","max-image-preview":"max-image-preview:large","max-video-preview":"max-video-preview:-1"},"canonical":"https:\/\/lalmachine.com\/de\/shop\/les-copines\/las-bananas-de-popi\/sac-banane-la-plume\/","og_locale":"de_DE","og_type":"article","og_title":"Sac Banane - La Plume | lalmachine.com","og_description":"Las Bananas de Popi, c\u2019est l\u2019accessoire qui te rendra fun dans n\u2019importe quelles situations. Elle peut \u00eatre discr\u00e8te ou pas, surtout unisexe et chic \u00e0 la fois.","og_url":"https:\/\/lalmachine.com\/de\/shop\/les-copines\/las-bananas-de-popi\/sac-banane-la-plume\/","og_site_name":"lalmachine.com","article_publisher":"https:\/\/facebook.com\/lalmachine","article_modified_time":"2025-10-05T16:09:48+00:00","og_image":[{"width":1620,"height":1621,"url":"https:\/\/lalmachine.com\/wp-content\/uploads\/2024\/01\/IMG_20240124_145735_761_clipped_rev_1.jpeg","type":"image\/jpeg"}],"twitter_card":"summary_large_image","schema":{"@context":"https:\/\/schema.org","@graph":[{"@type":"WebPage","@id":"https:\/\/lalmachine.com\/shop\/les-copines\/las-bananas-de-popi\/sac-banane-la-plume\/","url":"https:\/\/lalmachine.com\/shop\/les-copines\/las-bananas-de-popi\/sac-banane-la-plume\/","name":"Sac Banane - La Plume | lalmachine.com","isPartOf":{"@id":"https:\/\/lalmachine.com\/#website"},"primaryImageOfPage":{"@id":"https:\/\/lalmachine.com\/shop\/les-copines\/las-bananas-de-popi\/sac-banane-la-plume\/#primaryimage"},"image":{"@id":"https:\/\/lalmachine.com\/shop\/les-copines\/las-bananas-de-popi\/sac-banane-la-plume\/#primaryimage"},"thumbnailUrl":"https:\/\/lalmachine.com\/wp-content\/uploads\/2024\/01\/IMG_20240124_145735_761_clipped_rev_1.jpeg","datePublished":"2024-01-25T15:08:45+00:00","dateModified":"2025-10-05T16:09:48+00:00","description":"Las Bananas de Popi, c\u2019est l\u2019accessoire qui te rendra fun dans n\u2019importe quelles situations. Elle peut \u00eatre discr\u00e8te ou pas, surtout unisexe et chic \u00e0 la fois.","breadcrumb":{"@id":"https:\/\/lalmachine.com\/shop\/les-copines\/las-bananas-de-popi\/sac-banane-la-plume\/#breadcrumb"},"inLanguage":"de","potentialAction":[{"@type":"ReadAction","target":["https:\/\/lalmachine.com\/shop\/les-copines\/las-bananas-de-popi\/sac-banane-la-plume\/"]}]},{"@type":"ImageObject","inLanguage":"de","@id":"https:\/\/lalmachine.com\/shop\/les-copines\/las-bananas-de-popi\/sac-banane-la-plume\/#primaryimage","url":"https:\/\/lalmachine.com\/wp-content\/uploads\/2024\/01\/IMG_20240124_145735_761_clipped_rev_1.jpeg","contentUrl":"https:\/\/lalmachine.com\/wp-content\/uploads\/2024\/01\/IMG_20240124_145735_761_clipped_rev_1.jpeg","width":1620,"height":1621,"caption":"Sac Banane - La Plume"},{"@type":"BreadcrumbList","@id":"https:\/\/lalmachine.com\/shop\/les-copines\/las-bananas-de-popi\/sac-banane-la-plume\/#breadcrumb","itemListElement":[{"@type":"ListItem","position":1,"name":"Accueil","item":"https:\/\/lalmachine.com\/"},{"@type":"ListItem","position":2,"name":"Shop","item":"https:\/\/lalmachine.com\/shop\/"},{"@type":"ListItem","position":3,"name":"Sac Banane &#8211; La Plume"}]},{"@type":"WebSite","@id":"https:\/\/lalmachine.com\/#website","url":"https:\/\/lalmachine.com\/","name":"lalmachine.com","description":"Brocante en ligne Suisse | Mobilier et objets d\u00e9co vintage et design","potentialAction":[{"@type":"SearchAction","target":{"@type":"EntryPoint","urlTemplate":"https:\/\/lalmachine.com\/?s={search_term_string}"},"query-input":{"@type":"PropertyValueSpecification","valueRequired":true,"valueName":"search_term_string"}}],"inLanguage":"de"}]}},"_links":{"self":[{"href":"https:\/\/lalmachine.com\/de\/wp-json\/wp\/v2\/product\/323054","targetHints":{"allow":["GET"]}}],"collection":[{"href":"https:\/\/lalmachine.com\/de\/wp-json\/wp\/v2\/product"}],"about":[{"href":"https:\/\/lalmachine.com\/de\/wp-json\/wp\/v2\/types\/product"}],"wp:featuredmedia":[{"embeddable":true,"href":"https:\/\/lalmachine.com\/de\/wp-json\/wp\/v2\/media\/323109"}],"wp:attachment":[{"href":"https:\/\/lalmachine.com\/de\/wp-json\/wp\/v2\/media?parent=323054"}],"wp:term":[{"taxonomy":"product_brand","embeddable":true,"href":"https:\/\/lalmachine.com\/de\/wp-json\/wp\/v2\/product_brand?post=323054"},{"taxonomy":"product_cat","embeddable":true,"href":"https:\/\/lalmachine.com\/de\/wp-json\/wp\/v2\/product_cat?post=323054"},{"taxonomy":"product_tag","embeddable":true,"href":"https:\/\/lalmachine.com\/de\/wp-json\/wp\/v2\/product_tag?post=323054"},{"taxonomy":"proximite","embeddable":true,"href":"https:\/\/lalmachine.com\/de\/wp-json\/wp\/v2\/proximite?post=323054"}],"curies":[{"name":"wp","href":"https:\/\/api.w.org\/{rel}","templated":true}]}}