{"id":323136,"date":"2024-01-26T11:59:54","date_gmt":"2024-01-26T10:59:54","guid":{"rendered":"https:\/\/lalmachine.com\/?post_type=product&#038;p=323136"},"modified":"2024-12-05T22:04:16","modified_gmt":"2024-12-05T21:04:16","slug":"sideboard-en-noyer-a-volet-roulant-suisse-1970s","status":"publish","type":"product","link":"https:\/\/lalmachine.com\/de\/shop\/meubler\/meuble-de-rangement\/sideboard-en-noyer-a-volet-roulant-suisse-1970s\/","title":{"rendered":"Sideboard en noyer \u00e0 volet roulant, Suisse, 1970&rsquo;s"},"content":{"rendered":"<ul class=\"wpuf_customs\"><li style=\"list-style-type:none;\"><label>Autres photos:<\/label> <a href=\"https:\/\/lalmachine.com\/wp-content\/uploads\/2024\/01\/1E7E4031-04B1-40AF-8133-FC3421437750_1_201_a-scaled.jpeg\"><img loading=\"lazy\" decoding=\"async\" width=\"117\" height=\"96\" src=\"https:\/\/lalmachine.com\/wp-content\/uploads\/2024\/01\/1E7E4031-04B1-40AF-8133-FC3421437750_1_201_a-scaled.jpeg\" class=\"attachment-thumbnail size-thumbnail\" alt=\"\" \/><\/a> <a href=\"https:\/\/lalmachine.com\/wp-content\/uploads\/2024\/01\/C41EEA5A-5FDB-4ED0-A034-3BC3D6A36FC4.jpeg\"><img loading=\"lazy\" decoding=\"async\" width=\"96\" height=\"96\" src=\"https:\/\/lalmachine.com\/wp-content\/uploads\/2024\/01\/C41EEA5A-5FDB-4ED0-A034-3BC3D6A36FC4.jpeg\" class=\"attachment-thumbnail size-thumbnail\" alt=\"\" \/><\/a> <a href=\"https:\/\/lalmachine.com\/wp-content\/uploads\/2024\/01\/C9DD9FDB-F203-4C4E-B529-2D96AA5852A4_1_201_a-scaled.jpeg\"><img loading=\"lazy\" decoding=\"async\" width=\"64\" height=\"96\" src=\"https:\/\/lalmachine.com\/wp-content\/uploads\/2024\/01\/C9DD9FDB-F203-4C4E-B529-2D96AA5852A4_1_201_a-scaled.jpeg\" class=\"attachment-thumbnail size-thumbnail\" alt=\"\" \/><\/a> <a href=\"https:\/\/lalmachine.com\/wp-content\/uploads\/2024\/01\/10344DDF-102C-4AC5-8CC4-74E72193EB45_1_201_a.jpeg\"><img loading=\"lazy\" decoding=\"async\" width=\"96\" height=\"96\" src=\"https:\/\/lalmachine.com\/wp-content\/uploads\/2024\/01\/10344DDF-102C-4AC5-8CC4-74E72193EB45_1_201_a.jpeg\" class=\"attachment-thumbnail size-thumbnail\" alt=\"\" \/><\/a> <a href=\"https:\/\/lalmachine.com\/wp-content\/uploads\/2024\/01\/83280731-6452-4A34-9775-8693190D3C5D_1_201_a-scaled.jpeg\"><img loading=\"lazy\" decoding=\"async\" width=\"96\" height=\"96\" src=\"https:\/\/lalmachine.com\/wp-content\/uploads\/2024\/01\/83280731-6452-4A34-9775-8693190D3C5D_1_201_a-scaled.jpeg\" class=\"attachment-thumbnail size-thumbnail\" alt=\"\" \/><\/a> <a href=\"https:\/\/lalmachine.com\/wp-content\/uploads\/2024\/01\/E65B4D8B-71F7-44D4-A8F7-9A0820BCB839_1_201_a-scaled.jpeg\"><img loading=\"lazy\" decoding=\"async\" width=\"96\" height=\"96\" src=\"https:\/\/lalmachine.com\/wp-content\/uploads\/2024\/01\/E65B4D8B-71F7-44D4-A8F7-9A0820BCB839_1_201_a-scaled.jpeg\" class=\"attachment-thumbnail size-thumbnail\" alt=\"\" \/><\/a> <a href=\"https:\/\/lalmachine.com\/wp-content\/uploads\/2024\/01\/01F4CA39-C1F9-4C71-A1E5-1DACE76B612F_1_201_a-scaled.jpeg\"><img loading=\"lazy\" decoding=\"async\" width=\"96\" height=\"96\" src=\"https:\/\/lalmachine.com\/wp-content\/uploads\/2024\/01\/01F4CA39-C1F9-4C71-A1E5-1DACE76B612F_1_201_a-scaled.jpeg\" class=\"attachment-thumbnail size-thumbnail\" alt=\"\" \/><\/a> <a href=\"https:\/\/lalmachine.com\/wp-content\/uploads\/2024\/01\/90DABEF6-C287-439F-A07B-38ADBB995DFA_1_201_a-scaled.jpeg\"><img loading=\"lazy\" decoding=\"async\" width=\"120\" height=\"96\" src=\"https:\/\/lalmachine.com\/wp-content\/uploads\/2024\/01\/90DABEF6-C287-439F-A07B-38ADBB995DFA_1_201_a-scaled.jpeg\" class=\"attachment-thumbnail size-thumbnail\" alt=\"\" \/><\/a> <a href=\"https:\/\/lalmachine.com\/wp-content\/uploads\/2024\/01\/A6EFEF60-0098-4968-911D-176F5D9E109A_1_201_a-scaled.jpeg\"><img loading=\"lazy\" decoding=\"async\" width=\"96\" height=\"96\" src=\"https:\/\/lalmachine.com\/wp-content\/uploads\/2024\/01\/A6EFEF60-0098-4968-911D-176F5D9E109A_1_201_a-scaled.jpeg\" class=\"attachment-thumbnail size-thumbnail\" alt=\"\" \/><\/a> <a href=\"https:\/\/lalmachine.com\/wp-content\/uploads\/2024\/01\/84798AA6-E623-4B5B-946A-D1447F835303_1_201_a-scaled.jpeg\"><img loading=\"lazy\" decoding=\"async\" width=\"54\" height=\"96\" src=\"https:\/\/lalmachine.com\/wp-content\/uploads\/2024\/01\/84798AA6-E623-4B5B-946A-D1447F835303_1_201_a-scaled.jpeg\" class=\"attachment-thumbnail size-thumbnail\" alt=\"\" \/><\/a> <a href=\"https:\/\/lalmachine.com\/wp-content\/uploads\/2024\/01\/63EB888E-7E18-48D5-B7E5-D4BA1E765CD6_1_201_a-scaled.jpeg\"><img loading=\"lazy\" decoding=\"async\" width=\"96\" height=\"96\" src=\"https:\/\/lalmachine.com\/wp-content\/uploads\/2024\/01\/63EB888E-7E18-48D5-B7E5-D4BA1E765CD6_1_201_a-scaled.jpeg\" class=\"attachment-thumbnail size-thumbnail\" alt=\"\" \/><\/a> <a href=\"https:\/\/lalmachine.com\/wp-content\/uploads\/2024\/01\/D035BCF0-F4BC-465F-9E2B-041C7C6E1472_1_201_a-scaled.jpeg\"><img loading=\"lazy\" decoding=\"async\" width=\"96\" height=\"96\" src=\"https:\/\/lalmachine.com\/wp-content\/uploads\/2024\/01\/D035BCF0-F4BC-465F-9E2B-041C7C6E1472_1_201_a-scaled.jpeg\" class=\"attachment-thumbnail size-thumbnail\" alt=\"\" \/><\/a> <a href=\"https:\/\/lalmachine.com\/wp-content\/uploads\/2024\/01\/18A40CF8-5D0E-4F25-AAE1-C0577286E04A_1_201_a-scaled.jpeg\"><img loading=\"lazy\" decoding=\"async\" width=\"96\" height=\"96\" src=\"https:\/\/lalmachine.com\/wp-content\/uploads\/2024\/01\/18A40CF8-5D0E-4F25-AAE1-C0577286E04A_1_201_a-scaled.jpeg\" class=\"attachment-thumbnail size-thumbnail\" alt=\"\" \/><\/a> <a href=\"https:\/\/lalmachine.com\/wp-content\/uploads\/2024\/01\/30D7E430-D6F2-4FD0-9A83-F0F3150F4769_1_201_a-scaled.jpeg\"><img loading=\"lazy\" decoding=\"async\" width=\"96\" height=\"96\" src=\"https:\/\/lalmachine.com\/wp-content\/uploads\/2024\/01\/30D7E430-D6F2-4FD0-9A83-F0F3150F4769_1_201_a-scaled.jpeg\" class=\"attachment-thumbnail size-thumbnail\" alt=\"\" \/><\/a> <a href=\"https:\/\/lalmachine.com\/wp-content\/uploads\/2024\/01\/12F48CBF-414B-46C3-AF65-B922E41795AC_1_201_a-scaled.jpeg\"><img loading=\"lazy\" decoding=\"async\" width=\"96\" height=\"96\" src=\"https:\/\/lalmachine.com\/wp-content\/uploads\/2024\/01\/12F48CBF-414B-46C3-AF65-B922E41795AC_1_201_a-scaled.jpeg\" class=\"attachment-thumbnail size-thumbnail\" alt=\"\" \/><\/a> <\/li>        <li class=\"wpuf-field-data wpuf-field-data-numeric_text_field\">\n                            <label>Prix:<\/label>\n                        680        <\/li>\n                <li class=\"wpuf-field-data wpuf-field-data-numeric_text_field\">\n                            <label>Hauteur (cm):<\/label>\n                        72        <\/li>\n                <li class=\"wpuf-field-data wpuf-field-data-numeric_text_field\">\n                            <label>Largeur (cm):<\/label>\n                        101        <\/li>\n                <li class=\"wpuf-field-data wpuf-field-data-numeric_text_field\">\n                            <label>Profondeur (cm):<\/label>\n                        50        <\/li>\n        <\/ul>","protected":false},"excerpt":{"rendered":"<p>Tellement pratique et polyvalent !<\/p>\n<p>Apr\u00e8s avoir ouvert le volet, cette petite enfilade en noyer d\u00e9voile son merveilleux petit int\u00e9rieur clair en bouleau. L&rsquo;espace trieur avec trois tiroirs exposant fi\u00e8rement leur assemblage \u00e0 queues droites peut accueillir des feuilles format A4 pour les maniaques de l&rsquo;organisation.<\/p>\n<p>De l&rsquo;autre c\u00f4t\u00e9 un plateau coulissant parfait pour vite attraper toutes sortes de choses sans avoir \u00e0 se baisser, enfin en bas, un beau volume pour ranger classeurs et bouquins en tout genre !<\/p>\n<p>L&rsquo;id\u00e9e d\u00e9co pour les aficionados de vinyles, faites-en votre meuble musique, placez la platine sur le dessus du meuble et \u00e0 l&rsquo;int\u00e9rieur s\u00e9curisez vos classiques.<\/p>\n<p>Sinon il pourra ais\u00e9ment se transformer en bar, les verres sur le plateau coulissant, et en bas les bouteilles.<\/p>\n<p>Polyvalent, on vous l&rsquo;avait dit !<\/p>","protected":false},"featured_media":323145,"template":"","meta":{"_et_pb_use_builder":"","_et_pb_old_content":"","_et_gb_content_width":""},"product_brand":[],"product_cat":[83,47],"product_tag":[],"proximite":[283,179],"class_list":{"0":"post-323136","1":"product","2":"type-product","3":"status-publish","4":"has-post-thumbnail","6":"product_cat-meuble-de-rangement","7":"product_cat-meubler","8":"pa_couleur-marron","9":"pa_etat-bon-etat","10":"pa_materiau-bois","11":"pa_style-vintage","12":"proximite-riviera-pays-denhaut","13":"proximite-vaud","15":"first","16":"outofstock","17":"shipping-taxable","18":"purchasable","19":"product-type-simple"},"yoast_head":"<!-- This site is optimized with the Yoast SEO plugin v27.3 - https:\/\/yoast.com\/product\/yoast-seo-wordpress\/ -->\n<title>Sideboard en noyer \u00e0 volet roulant, Suisse, 1970&#039;s | lalmachine.com<\/title>\n<meta name=\"description\" content=\"Apr\u00e8s avoir ouvert le volet, cette petite enfilade en noyer d\u00e9voile son merveilleux petit int\u00e9rieur clair en bouleau.\" \/>\n<meta name=\"robots\" content=\"index, follow, max-snippet:-1, max-image-preview:large, max-video-preview:-1\" \/>\n<link rel=\"canonical\" href=\"https:\/\/lalmachine.com\/de\/shop\/meubler\/meuble-de-rangement\/sideboard-en-noyer-a-volet-roulant-suisse-1970s\/\" \/>\n<meta property=\"og:locale\" content=\"de_DE\" \/>\n<meta property=\"og:type\" content=\"article\" \/>\n<meta property=\"og:title\" content=\"Sideboard en noyer \u00e0 volet roulant, Suisse, 1970&#039;s | lalmachine.com\" \/>\n<meta property=\"og:description\" content=\"Apr\u00e8s avoir ouvert le volet, cette petite enfilade en noyer d\u00e9voile son merveilleux petit int\u00e9rieur clair en bouleau.\" \/>\n<meta property=\"og:url\" content=\"https:\/\/lalmachine.com\/de\/shop\/meubler\/meuble-de-rangement\/sideboard-en-noyer-a-volet-roulant-suisse-1970s\/\" \/>\n<meta property=\"og:site_name\" content=\"lalmachine.com\" \/>\n<meta property=\"article:publisher\" content=\"https:\/\/facebook.com\/lalmachine\" \/>\n<meta property=\"article:modified_time\" content=\"2024-12-05T21:04:16+00:00\" \/>\n<meta property=\"og:image\" content=\"https:\/\/lalmachine.com\/wp-content\/uploads\/2024\/01\/E18119A7-4665-4E18-B4C2-290E1CB952BA_clipped_rev_1.jpeg\" \/>\n\t<meta property=\"og:image:width\" content=\"1569\" \/>\n\t<meta property=\"og:image:height\" content=\"1569\" \/>\n\t<meta property=\"og:image:type\" content=\"image\/jpeg\" \/>\n<meta name=\"twitter:card\" content=\"summary_large_image\" \/>\n<script type=\"application\/ld+json\" class=\"yoast-schema-graph\">{\"@context\":\"https:\\\/\\\/schema.org\",\"@graph\":[{\"@type\":\"WebPage\",\"@id\":\"https:\\\/\\\/lalmachine.com\\\/shop\\\/meubler\\\/meuble-de-rangement\\\/sideboard-en-noyer-a-volet-roulant-suisse-1970s\\\/\",\"url\":\"https:\\\/\\\/lalmachine.com\\\/shop\\\/meubler\\\/meuble-de-rangement\\\/sideboard-en-noyer-a-volet-roulant-suisse-1970s\\\/\",\"name\":\"Sideboard en noyer \u00e0 volet roulant, Suisse, 1970's | lalmachine.com\",\"isPartOf\":{\"@id\":\"https:\\\/\\\/lalmachine.com\\\/#website\"},\"primaryImageOfPage\":{\"@id\":\"https:\\\/\\\/lalmachine.com\\\/shop\\\/meubler\\\/meuble-de-rangement\\\/sideboard-en-noyer-a-volet-roulant-suisse-1970s\\\/#primaryimage\"},\"image\":{\"@id\":\"https:\\\/\\\/lalmachine.com\\\/shop\\\/meubler\\\/meuble-de-rangement\\\/sideboard-en-noyer-a-volet-roulant-suisse-1970s\\\/#primaryimage\"},\"thumbnailUrl\":\"https:\\\/\\\/lalmachine.com\\\/wp-content\\\/uploads\\\/2024\\\/01\\\/E18119A7-4665-4E18-B4C2-290E1CB952BA_clipped_rev_1.jpeg\",\"datePublished\":\"2024-01-26T10:59:54+00:00\",\"dateModified\":\"2024-12-05T21:04:16+00:00\",\"description\":\"Apr\u00e8s avoir ouvert le volet, cette petite enfilade en noyer d\u00e9voile son merveilleux petit int\u00e9rieur clair en bouleau.\",\"breadcrumb\":{\"@id\":\"https:\\\/\\\/lalmachine.com\\\/shop\\\/meubler\\\/meuble-de-rangement\\\/sideboard-en-noyer-a-volet-roulant-suisse-1970s\\\/#breadcrumb\"},\"inLanguage\":\"de\",\"potentialAction\":[{\"@type\":\"ReadAction\",\"target\":[\"https:\\\/\\\/lalmachine.com\\\/shop\\\/meubler\\\/meuble-de-rangement\\\/sideboard-en-noyer-a-volet-roulant-suisse-1970s\\\/\"]}]},{\"@type\":\"ImageObject\",\"inLanguage\":\"de\",\"@id\":\"https:\\\/\\\/lalmachine.com\\\/shop\\\/meubler\\\/meuble-de-rangement\\\/sideboard-en-noyer-a-volet-roulant-suisse-1970s\\\/#primaryimage\",\"url\":\"https:\\\/\\\/lalmachine.com\\\/wp-content\\\/uploads\\\/2024\\\/01\\\/E18119A7-4665-4E18-B4C2-290E1CB952BA_clipped_rev_1.jpeg\",\"contentUrl\":\"https:\\\/\\\/lalmachine.com\\\/wp-content\\\/uploads\\\/2024\\\/01\\\/E18119A7-4665-4E18-B4C2-290E1CB952BA_clipped_rev_1.jpeg\",\"width\":1569,\"height\":1569,\"caption\":\"Sideboard en noyer \u00e0 volet roulant\"},{\"@type\":\"BreadcrumbList\",\"@id\":\"https:\\\/\\\/lalmachine.com\\\/shop\\\/meubler\\\/meuble-de-rangement\\\/sideboard-en-noyer-a-volet-roulant-suisse-1970s\\\/#breadcrumb\",\"itemListElement\":[{\"@type\":\"ListItem\",\"position\":1,\"name\":\"Accueil\",\"item\":\"https:\\\/\\\/lalmachine.com\\\/\"},{\"@type\":\"ListItem\",\"position\":2,\"name\":\"Shop\",\"item\":\"https:\\\/\\\/lalmachine.com\\\/shop\\\/\"},{\"@type\":\"ListItem\",\"position\":3,\"name\":\"Sideboard en noyer \u00e0 volet roulant, Suisse, 1970&#8217;s\"}]},{\"@type\":\"WebSite\",\"@id\":\"https:\\\/\\\/lalmachine.com\\\/#website\",\"url\":\"https:\\\/\\\/lalmachine.com\\\/\",\"name\":\"lalmachine.com\",\"description\":\"Brocante en ligne Suisse | Mobilier et objets d\u00e9co vintage et design\",\"potentialAction\":[{\"@type\":\"SearchAction\",\"target\":{\"@type\":\"EntryPoint\",\"urlTemplate\":\"https:\\\/\\\/lalmachine.com\\\/?s={search_term_string}\"},\"query-input\":{\"@type\":\"PropertyValueSpecification\",\"valueRequired\":true,\"valueName\":\"search_term_string\"}}],\"inLanguage\":\"de\"}]}<\/script>\n<!-- \/ Yoast SEO plugin. -->","yoast_head_json":{"title":"Sideboard en noyer \u00e0 volet roulant, Suisse, 1970's | lalmachine.com","description":"Apr\u00e8s avoir ouvert le volet, cette petite enfilade en noyer d\u00e9voile son merveilleux petit int\u00e9rieur clair en bouleau.","robots":{"index":"index","follow":"follow","max-snippet":"max-snippet:-1","max-image-preview":"max-image-preview:large","max-video-preview":"max-video-preview:-1"},"canonical":"https:\/\/lalmachine.com\/de\/shop\/meubler\/meuble-de-rangement\/sideboard-en-noyer-a-volet-roulant-suisse-1970s\/","og_locale":"de_DE","og_type":"article","og_title":"Sideboard en noyer \u00e0 volet roulant, Suisse, 1970's | lalmachine.com","og_description":"Apr\u00e8s avoir ouvert le volet, cette petite enfilade en noyer d\u00e9voile son merveilleux petit int\u00e9rieur clair en bouleau.","og_url":"https:\/\/lalmachine.com\/de\/shop\/meubler\/meuble-de-rangement\/sideboard-en-noyer-a-volet-roulant-suisse-1970s\/","og_site_name":"lalmachine.com","article_publisher":"https:\/\/facebook.com\/lalmachine","article_modified_time":"2024-12-05T21:04:16+00:00","og_image":[{"width":1569,"height":1569,"url":"https:\/\/lalmachine.com\/wp-content\/uploads\/2024\/01\/E18119A7-4665-4E18-B4C2-290E1CB952BA_clipped_rev_1.jpeg","type":"image\/jpeg"}],"twitter_card":"summary_large_image","schema":{"@context":"https:\/\/schema.org","@graph":[{"@type":"WebPage","@id":"https:\/\/lalmachine.com\/shop\/meubler\/meuble-de-rangement\/sideboard-en-noyer-a-volet-roulant-suisse-1970s\/","url":"https:\/\/lalmachine.com\/shop\/meubler\/meuble-de-rangement\/sideboard-en-noyer-a-volet-roulant-suisse-1970s\/","name":"Sideboard en noyer \u00e0 volet roulant, Suisse, 1970's | lalmachine.com","isPartOf":{"@id":"https:\/\/lalmachine.com\/#website"},"primaryImageOfPage":{"@id":"https:\/\/lalmachine.com\/shop\/meubler\/meuble-de-rangement\/sideboard-en-noyer-a-volet-roulant-suisse-1970s\/#primaryimage"},"image":{"@id":"https:\/\/lalmachine.com\/shop\/meubler\/meuble-de-rangement\/sideboard-en-noyer-a-volet-roulant-suisse-1970s\/#primaryimage"},"thumbnailUrl":"https:\/\/lalmachine.com\/wp-content\/uploads\/2024\/01\/E18119A7-4665-4E18-B4C2-290E1CB952BA_clipped_rev_1.jpeg","datePublished":"2024-01-26T10:59:54+00:00","dateModified":"2024-12-05T21:04:16+00:00","description":"Apr\u00e8s avoir ouvert le volet, cette petite enfilade en noyer d\u00e9voile son merveilleux petit int\u00e9rieur clair en bouleau.","breadcrumb":{"@id":"https:\/\/lalmachine.com\/shop\/meubler\/meuble-de-rangement\/sideboard-en-noyer-a-volet-roulant-suisse-1970s\/#breadcrumb"},"inLanguage":"de","potentialAction":[{"@type":"ReadAction","target":["https:\/\/lalmachine.com\/shop\/meubler\/meuble-de-rangement\/sideboard-en-noyer-a-volet-roulant-suisse-1970s\/"]}]},{"@type":"ImageObject","inLanguage":"de","@id":"https:\/\/lalmachine.com\/shop\/meubler\/meuble-de-rangement\/sideboard-en-noyer-a-volet-roulant-suisse-1970s\/#primaryimage","url":"https:\/\/lalmachine.com\/wp-content\/uploads\/2024\/01\/E18119A7-4665-4E18-B4C2-290E1CB952BA_clipped_rev_1.jpeg","contentUrl":"https:\/\/lalmachine.com\/wp-content\/uploads\/2024\/01\/E18119A7-4665-4E18-B4C2-290E1CB952BA_clipped_rev_1.jpeg","width":1569,"height":1569,"caption":"Sideboard en noyer \u00e0 volet roulant"},{"@type":"BreadcrumbList","@id":"https:\/\/lalmachine.com\/shop\/meubler\/meuble-de-rangement\/sideboard-en-noyer-a-volet-roulant-suisse-1970s\/#breadcrumb","itemListElement":[{"@type":"ListItem","position":1,"name":"Accueil","item":"https:\/\/lalmachine.com\/"},{"@type":"ListItem","position":2,"name":"Shop","item":"https:\/\/lalmachine.com\/shop\/"},{"@type":"ListItem","position":3,"name":"Sideboard en noyer \u00e0 volet roulant, Suisse, 1970&#8217;s"}]},{"@type":"WebSite","@id":"https:\/\/lalmachine.com\/#website","url":"https:\/\/lalmachine.com\/","name":"lalmachine.com","description":"Brocante en ligne Suisse | Mobilier et objets d\u00e9co vintage et design","potentialAction":[{"@type":"SearchAction","target":{"@type":"EntryPoint","urlTemplate":"https:\/\/lalmachine.com\/?s={search_term_string}"},"query-input":{"@type":"PropertyValueSpecification","valueRequired":true,"valueName":"search_term_string"}}],"inLanguage":"de"}]}},"_links":{"self":[{"href":"https:\/\/lalmachine.com\/de\/wp-json\/wp\/v2\/product\/323136","targetHints":{"allow":["GET"]}}],"collection":[{"href":"https:\/\/lalmachine.com\/de\/wp-json\/wp\/v2\/product"}],"about":[{"href":"https:\/\/lalmachine.com\/de\/wp-json\/wp\/v2\/types\/product"}],"wp:featuredmedia":[{"embeddable":true,"href":"https:\/\/lalmachine.com\/de\/wp-json\/wp\/v2\/media\/323145"}],"wp:attachment":[{"href":"https:\/\/lalmachine.com\/de\/wp-json\/wp\/v2\/media?parent=323136"}],"wp:term":[{"taxonomy":"product_brand","embeddable":true,"href":"https:\/\/lalmachine.com\/de\/wp-json\/wp\/v2\/product_brand?post=323136"},{"taxonomy":"product_cat","embeddable":true,"href":"https:\/\/lalmachine.com\/de\/wp-json\/wp\/v2\/product_cat?post=323136"},{"taxonomy":"product_tag","embeddable":true,"href":"https:\/\/lalmachine.com\/de\/wp-json\/wp\/v2\/product_tag?post=323136"},{"taxonomy":"proximite","embeddable":true,"href":"https:\/\/lalmachine.com\/de\/wp-json\/wp\/v2\/proximite?post=323136"}],"curies":[{"name":"wp","href":"https:\/\/api.w.org\/{rel}","templated":true}]}}