{"id":323264,"date":"2024-01-28T19:47:51","date_gmt":"2024-01-28T18:47:51","guid":{"rendered":"https:\/\/lalmachine.com\/?post_type=product&#038;p=323264"},"modified":"2024-12-05T22:04:16","modified_gmt":"2024-12-05T21:04:16","slug":"fauteuil-de-johan-bertil-haggstrom-pour-ikea","status":"publish","type":"product","link":"https:\/\/lalmachine.com\/de\/shop\/sasseoir\/canape-fauteuil-pouf\/fauteuil-de-johan-bertil-haggstrom-pour-ikea\/","title":{"rendered":"Fauteuil de Johan Bertil H\u00e4ggstr\u00f6m pour Ikea"},"content":{"rendered":"<ul class=\"wpuf_customs\"><li style=\"list-style-type:none;\"><label>Autres photos:<\/label> <a href=\"https:\/\/lalmachine.com\/wp-content\/uploads\/2024\/01\/IMG_8221.jpeg\"><img loading=\"lazy\" decoding=\"async\" width=\"98\" height=\"96\" src=\"https:\/\/lalmachine.com\/wp-content\/uploads\/2024\/01\/IMG_8221.jpeg\" class=\"attachment-thumbnail size-thumbnail\" alt=\"\" \/><\/a> <a href=\"https:\/\/lalmachine.com\/wp-content\/uploads\/2024\/01\/IMG_8222.jpeg\"><img loading=\"lazy\" decoding=\"async\" width=\"101\" height=\"96\" src=\"https:\/\/lalmachine.com\/wp-content\/uploads\/2024\/01\/IMG_8222.jpeg\" class=\"attachment-thumbnail size-thumbnail\" alt=\"\" \/><\/a> <\/li>        <li class=\"wpuf-field-data wpuf-field-data-numeric_text_field\">\n                            <label>Prix:<\/label>\n                        600        <\/li>\n                <li class=\"wpuf-field-data wpuf-field-data-numeric_text_field\">\n                            <label>Hauteur (cm):<\/label>\n                        70        <\/li>\n                <li class=\"wpuf-field-data wpuf-field-data-numeric_text_field\">\n                            <label>Largeur (cm):<\/label>\n                        110        <\/li>\n                <li class=\"wpuf-field-data wpuf-field-data-numeric_text_field\">\n                            <label>Profondeur (cm):<\/label>\n                        90        <\/li>\n        <\/ul>","protected":false},"excerpt":{"rendered":"<p>Fauteuil en cuir noir et m\u00e9tal chrom\u00e9 par Johan Bertil H\u00e4ggstr\u00f6m pour Ikea.<br \/>\nTr\u00e8s bonne condition du cuir et acier, coussin l\u00e9g\u00e8rement d\u00e9color\u00e9 sur le derri\u00e8re qui donne un bel effet.<\/p>","protected":false},"featured_media":323274,"template":"","meta":{"_et_pb_use_builder":"","_et_pb_old_content":"","_et_gb_content_width":""},"product_brand":[],"product_cat":[99,48],"product_tag":[],"proximite":[278,179],"class_list":{"0":"post-323264","1":"product","2":"type-product","3":"status-publish","4":"has-post-thumbnail","6":"product_cat-canape-fauteuil-pouf","7":"product_cat-sasseoir","8":"pa_couleur-noir","9":"pa_etat-tres-bon-etat","10":"pa_materiau-cuir","11":"pa_style-vintage","12":"proximite-lausanne","13":"proximite-vaud","15":"first","16":"outofstock","17":"shipping-taxable","18":"purchasable","19":"product-type-simple"},"yoast_head":"<!-- This site is optimized with the Yoast SEO plugin v27.4 - https:\/\/yoast.com\/product\/yoast-seo-wordpress\/ -->\n<title>Fauteuil de Johan Bertil H\u00e4ggstr\u00f6m pour Ikea | lalmachine.com<\/title>\n<meta name=\"description\" content=\"Fauteuil en cuir noir et m\u00e9tal chrom\u00e9 par Johan Bertil H\u00e4ggstr\u00f6m pour Ikea. Tr\u00e8s bonne condition du cuir et acier, coussin l\u00e9g\u00e8rement d\u00e9color\u00e9.\" \/>\n<meta name=\"robots\" content=\"index, follow, max-snippet:-1, max-image-preview:large, max-video-preview:-1\" \/>\n<link rel=\"canonical\" href=\"https:\/\/lalmachine.com\/de\/shop\/sasseoir\/canape-fauteuil-pouf\/fauteuil-de-johan-bertil-haggstrom-pour-ikea\/\" \/>\n<meta property=\"og:locale\" content=\"de_DE\" \/>\n<meta property=\"og:type\" content=\"article\" \/>\n<meta property=\"og:title\" content=\"Fauteuil de Johan Bertil H\u00e4ggstr\u00f6m pour Ikea | lalmachine.com\" \/>\n<meta property=\"og:description\" content=\"Fauteuil en cuir noir et m\u00e9tal chrom\u00e9 par Johan Bertil H\u00e4ggstr\u00f6m pour Ikea. Tr\u00e8s bonne condition du cuir et acier, coussin l\u00e9g\u00e8rement d\u00e9color\u00e9.\" \/>\n<meta property=\"og:url\" content=\"https:\/\/lalmachine.com\/de\/shop\/sasseoir\/canape-fauteuil-pouf\/fauteuil-de-johan-bertil-haggstrom-pour-ikea\/\" \/>\n<meta property=\"og:site_name\" content=\"lalmachine.com\" \/>\n<meta property=\"article:publisher\" content=\"https:\/\/facebook.com\/lalmachine\" \/>\n<meta property=\"article:modified_time\" content=\"2024-12-05T21:04:16+00:00\" \/>\n<meta property=\"og:image\" content=\"https:\/\/lalmachine.com\/wp-content\/uploads\/2024\/01\/IMG_8220_clipped_rev_1.jpeg\" \/>\n\t<meta property=\"og:image:width\" content=\"828\" \/>\n\t<meta property=\"og:image:height\" content=\"828\" \/>\n\t<meta property=\"og:image:type\" content=\"image\/jpeg\" \/>\n<meta name=\"twitter:card\" content=\"summary_large_image\" \/>\n<script type=\"application\/ld+json\" class=\"yoast-schema-graph\">{\"@context\":\"https:\\\/\\\/schema.org\",\"@graph\":[{\"@type\":\"WebPage\",\"@id\":\"https:\\\/\\\/lalmachine.com\\\/shop\\\/sasseoir\\\/canape-fauteuil-pouf\\\/fauteuil-de-johan-bertil-haggstrom-pour-ikea\\\/\",\"url\":\"https:\\\/\\\/lalmachine.com\\\/shop\\\/sasseoir\\\/canape-fauteuil-pouf\\\/fauteuil-de-johan-bertil-haggstrom-pour-ikea\\\/\",\"name\":\"Fauteuil de Johan Bertil H\u00e4ggstr\u00f6m pour Ikea | lalmachine.com\",\"isPartOf\":{\"@id\":\"https:\\\/\\\/lalmachine.com\\\/#website\"},\"primaryImageOfPage\":{\"@id\":\"https:\\\/\\\/lalmachine.com\\\/shop\\\/sasseoir\\\/canape-fauteuil-pouf\\\/fauteuil-de-johan-bertil-haggstrom-pour-ikea\\\/#primaryimage\"},\"image\":{\"@id\":\"https:\\\/\\\/lalmachine.com\\\/shop\\\/sasseoir\\\/canape-fauteuil-pouf\\\/fauteuil-de-johan-bertil-haggstrom-pour-ikea\\\/#primaryimage\"},\"thumbnailUrl\":\"https:\\\/\\\/lalmachine.com\\\/wp-content\\\/uploads\\\/2024\\\/01\\\/IMG_8220_clipped_rev_1.jpeg\",\"datePublished\":\"2024-01-28T18:47:51+00:00\",\"dateModified\":\"2024-12-05T21:04:16+00:00\",\"description\":\"Fauteuil en cuir noir et m\u00e9tal chrom\u00e9 par Johan Bertil H\u00e4ggstr\u00f6m pour Ikea. Tr\u00e8s bonne condition du cuir et acier, coussin l\u00e9g\u00e8rement d\u00e9color\u00e9.\",\"breadcrumb\":{\"@id\":\"https:\\\/\\\/lalmachine.com\\\/shop\\\/sasseoir\\\/canape-fauteuil-pouf\\\/fauteuil-de-johan-bertil-haggstrom-pour-ikea\\\/#breadcrumb\"},\"inLanguage\":\"de\",\"potentialAction\":[{\"@type\":\"ReadAction\",\"target\":[\"https:\\\/\\\/lalmachine.com\\\/shop\\\/sasseoir\\\/canape-fauteuil-pouf\\\/fauteuil-de-johan-bertil-haggstrom-pour-ikea\\\/\"]}]},{\"@type\":\"ImageObject\",\"inLanguage\":\"de\",\"@id\":\"https:\\\/\\\/lalmachine.com\\\/shop\\\/sasseoir\\\/canape-fauteuil-pouf\\\/fauteuil-de-johan-bertil-haggstrom-pour-ikea\\\/#primaryimage\",\"url\":\"https:\\\/\\\/lalmachine.com\\\/wp-content\\\/uploads\\\/2024\\\/01\\\/IMG_8220_clipped_rev_1.jpeg\",\"contentUrl\":\"https:\\\/\\\/lalmachine.com\\\/wp-content\\\/uploads\\\/2024\\\/01\\\/IMG_8220_clipped_rev_1.jpeg\",\"width\":828,\"height\":828,\"caption\":\"Fauteuil de Johan Bertil H\u00e4ggstr\u00f6m pour Ikea\"},{\"@type\":\"BreadcrumbList\",\"@id\":\"https:\\\/\\\/lalmachine.com\\\/shop\\\/sasseoir\\\/canape-fauteuil-pouf\\\/fauteuil-de-johan-bertil-haggstrom-pour-ikea\\\/#breadcrumb\",\"itemListElement\":[{\"@type\":\"ListItem\",\"position\":1,\"name\":\"Accueil\",\"item\":\"https:\\\/\\\/lalmachine.com\\\/\"},{\"@type\":\"ListItem\",\"position\":2,\"name\":\"Shop\",\"item\":\"https:\\\/\\\/lalmachine.com\\\/shop\\\/\"},{\"@type\":\"ListItem\",\"position\":3,\"name\":\"Fauteuil de Johan Bertil H\u00e4ggstr\u00f6m pour Ikea\"}]},{\"@type\":\"WebSite\",\"@id\":\"https:\\\/\\\/lalmachine.com\\\/#website\",\"url\":\"https:\\\/\\\/lalmachine.com\\\/\",\"name\":\"lalmachine.com\",\"description\":\"Brocante en ligne Suisse | Mobilier et objets d\u00e9co vintage et design\",\"potentialAction\":[{\"@type\":\"SearchAction\",\"target\":{\"@type\":\"EntryPoint\",\"urlTemplate\":\"https:\\\/\\\/lalmachine.com\\\/?s={search_term_string}\"},\"query-input\":{\"@type\":\"PropertyValueSpecification\",\"valueRequired\":true,\"valueName\":\"search_term_string\"}}],\"inLanguage\":\"de\"}]}<\/script>\n<!-- \/ Yoast SEO plugin. -->","yoast_head_json":{"title":"Fauteuil de Johan Bertil H\u00e4ggstr\u00f6m pour Ikea | lalmachine.com","description":"Fauteuil en cuir noir et m\u00e9tal chrom\u00e9 par Johan Bertil H\u00e4ggstr\u00f6m pour Ikea. Tr\u00e8s bonne condition du cuir et acier, coussin l\u00e9g\u00e8rement d\u00e9color\u00e9.","robots":{"index":"index","follow":"follow","max-snippet":"max-snippet:-1","max-image-preview":"max-image-preview:large","max-video-preview":"max-video-preview:-1"},"canonical":"https:\/\/lalmachine.com\/de\/shop\/sasseoir\/canape-fauteuil-pouf\/fauteuil-de-johan-bertil-haggstrom-pour-ikea\/","og_locale":"de_DE","og_type":"article","og_title":"Fauteuil de Johan Bertil H\u00e4ggstr\u00f6m pour Ikea | lalmachine.com","og_description":"Fauteuil en cuir noir et m\u00e9tal chrom\u00e9 par Johan Bertil H\u00e4ggstr\u00f6m pour Ikea. Tr\u00e8s bonne condition du cuir et acier, coussin l\u00e9g\u00e8rement d\u00e9color\u00e9.","og_url":"https:\/\/lalmachine.com\/de\/shop\/sasseoir\/canape-fauteuil-pouf\/fauteuil-de-johan-bertil-haggstrom-pour-ikea\/","og_site_name":"lalmachine.com","article_publisher":"https:\/\/facebook.com\/lalmachine","article_modified_time":"2024-12-05T21:04:16+00:00","og_image":[{"width":828,"height":828,"url":"https:\/\/lalmachine.com\/wp-content\/uploads\/2024\/01\/IMG_8220_clipped_rev_1.jpeg","type":"image\/jpeg"}],"twitter_card":"summary_large_image","schema":{"@context":"https:\/\/schema.org","@graph":[{"@type":"WebPage","@id":"https:\/\/lalmachine.com\/shop\/sasseoir\/canape-fauteuil-pouf\/fauteuil-de-johan-bertil-haggstrom-pour-ikea\/","url":"https:\/\/lalmachine.com\/shop\/sasseoir\/canape-fauteuil-pouf\/fauteuil-de-johan-bertil-haggstrom-pour-ikea\/","name":"Fauteuil de Johan Bertil H\u00e4ggstr\u00f6m pour Ikea | lalmachine.com","isPartOf":{"@id":"https:\/\/lalmachine.com\/#website"},"primaryImageOfPage":{"@id":"https:\/\/lalmachine.com\/shop\/sasseoir\/canape-fauteuil-pouf\/fauteuil-de-johan-bertil-haggstrom-pour-ikea\/#primaryimage"},"image":{"@id":"https:\/\/lalmachine.com\/shop\/sasseoir\/canape-fauteuil-pouf\/fauteuil-de-johan-bertil-haggstrom-pour-ikea\/#primaryimage"},"thumbnailUrl":"https:\/\/lalmachine.com\/wp-content\/uploads\/2024\/01\/IMG_8220_clipped_rev_1.jpeg","datePublished":"2024-01-28T18:47:51+00:00","dateModified":"2024-12-05T21:04:16+00:00","description":"Fauteuil en cuir noir et m\u00e9tal chrom\u00e9 par Johan Bertil H\u00e4ggstr\u00f6m pour Ikea. Tr\u00e8s bonne condition du cuir et acier, coussin l\u00e9g\u00e8rement d\u00e9color\u00e9.","breadcrumb":{"@id":"https:\/\/lalmachine.com\/shop\/sasseoir\/canape-fauteuil-pouf\/fauteuil-de-johan-bertil-haggstrom-pour-ikea\/#breadcrumb"},"inLanguage":"de","potentialAction":[{"@type":"ReadAction","target":["https:\/\/lalmachine.com\/shop\/sasseoir\/canape-fauteuil-pouf\/fauteuil-de-johan-bertil-haggstrom-pour-ikea\/"]}]},{"@type":"ImageObject","inLanguage":"de","@id":"https:\/\/lalmachine.com\/shop\/sasseoir\/canape-fauteuil-pouf\/fauteuil-de-johan-bertil-haggstrom-pour-ikea\/#primaryimage","url":"https:\/\/lalmachine.com\/wp-content\/uploads\/2024\/01\/IMG_8220_clipped_rev_1.jpeg","contentUrl":"https:\/\/lalmachine.com\/wp-content\/uploads\/2024\/01\/IMG_8220_clipped_rev_1.jpeg","width":828,"height":828,"caption":"Fauteuil de Johan Bertil H\u00e4ggstr\u00f6m pour Ikea"},{"@type":"BreadcrumbList","@id":"https:\/\/lalmachine.com\/shop\/sasseoir\/canape-fauteuil-pouf\/fauteuil-de-johan-bertil-haggstrom-pour-ikea\/#breadcrumb","itemListElement":[{"@type":"ListItem","position":1,"name":"Accueil","item":"https:\/\/lalmachine.com\/"},{"@type":"ListItem","position":2,"name":"Shop","item":"https:\/\/lalmachine.com\/shop\/"},{"@type":"ListItem","position":3,"name":"Fauteuil de Johan Bertil H\u00e4ggstr\u00f6m pour Ikea"}]},{"@type":"WebSite","@id":"https:\/\/lalmachine.com\/#website","url":"https:\/\/lalmachine.com\/","name":"lalmachine.com","description":"Brocante en ligne Suisse | Mobilier et objets d\u00e9co vintage et design","potentialAction":[{"@type":"SearchAction","target":{"@type":"EntryPoint","urlTemplate":"https:\/\/lalmachine.com\/?s={search_term_string}"},"query-input":{"@type":"PropertyValueSpecification","valueRequired":true,"valueName":"search_term_string"}}],"inLanguage":"de"}]}},"_links":{"self":[{"href":"https:\/\/lalmachine.com\/de\/wp-json\/wp\/v2\/product\/323264","targetHints":{"allow":["GET"]}}],"collection":[{"href":"https:\/\/lalmachine.com\/de\/wp-json\/wp\/v2\/product"}],"about":[{"href":"https:\/\/lalmachine.com\/de\/wp-json\/wp\/v2\/types\/product"}],"wp:featuredmedia":[{"embeddable":true,"href":"https:\/\/lalmachine.com\/de\/wp-json\/wp\/v2\/media\/323274"}],"wp:attachment":[{"href":"https:\/\/lalmachine.com\/de\/wp-json\/wp\/v2\/media?parent=323264"}],"wp:term":[{"taxonomy":"product_brand","embeddable":true,"href":"https:\/\/lalmachine.com\/de\/wp-json\/wp\/v2\/product_brand?post=323264"},{"taxonomy":"product_cat","embeddable":true,"href":"https:\/\/lalmachine.com\/de\/wp-json\/wp\/v2\/product_cat?post=323264"},{"taxonomy":"product_tag","embeddable":true,"href":"https:\/\/lalmachine.com\/de\/wp-json\/wp\/v2\/product_tag?post=323264"},{"taxonomy":"proximite","embeddable":true,"href":"https:\/\/lalmachine.com\/de\/wp-json\/wp\/v2\/proximite?post=323264"}],"curies":[{"name":"wp","href":"https:\/\/api.w.org\/{rel}","templated":true}]}}