{"id":323915,"date":"2024-02-05T08:25:52","date_gmt":"2024-02-05T07:25:52","guid":{"rendered":"https:\/\/lalmachine.com\/?post_type=product&#038;p=323915"},"modified":"2024-12-05T22:04:20","modified_gmt":"2024-12-05T21:04:20","slug":"sideboard-a-vinyles-en-pin-sven-larsson-suede-1970s","status":"publish","type":"product","link":"https:\/\/lalmachine.com\/de\/shop\/meubler\/meuble-de-rangement\/sideboard-a-vinyles-en-pin-sven-larsson-suede-1970s\/","title":{"rendered":"Sideboard \u00e0 vinyles en pin, Sven Larsson, Su\u00e8de, 1970&rsquo;s"},"content":{"rendered":"<ul class=\"wpuf_customs\"><li style=\"list-style-type:none;\"><label>Autres photos:<\/label> <a href=\"https:\/\/lalmachine.com\/wp-content\/uploads\/2024\/02\/7C977861-14CB-4712-958D-067B6D309EDD_1_201_a-scaled.jpeg\"><img loading=\"lazy\" decoding=\"async\" width=\"96\" height=\"96\" src=\"https:\/\/lalmachine.com\/wp-content\/uploads\/2024\/02\/7C977861-14CB-4712-958D-067B6D309EDD_1_201_a-scaled.jpeg\" class=\"attachment-thumbnail size-thumbnail\" alt=\"\" \/><\/a> <a href=\"https:\/\/lalmachine.com\/wp-content\/uploads\/2024\/02\/2121B2B7-B08D-4AF6-B400-ACA678131EF9_1_201_a-scaled.jpeg\"><img loading=\"lazy\" decoding=\"async\" width=\"128\" height=\"85\" src=\"https:\/\/lalmachine.com\/wp-content\/uploads\/2024\/02\/2121B2B7-B08D-4AF6-B400-ACA678131EF9_1_201_a-scaled.jpeg\" class=\"attachment-thumbnail size-thumbnail\" alt=\"\" \/><\/a> <a href=\"https:\/\/lalmachine.com\/wp-content\/uploads\/2024\/02\/FF12A8AF-A488-42E4-ACEB-405BEACBD85D_1_201_a-scaled.jpeg\"><img loading=\"lazy\" decoding=\"async\" width=\"96\" height=\"96\" src=\"https:\/\/lalmachine.com\/wp-content\/uploads\/2024\/02\/FF12A8AF-A488-42E4-ACEB-405BEACBD85D_1_201_a-scaled.jpeg\" class=\"attachment-thumbnail size-thumbnail\" alt=\"\" \/><\/a> <a href=\"https:\/\/lalmachine.com\/wp-content\/uploads\/2024\/02\/3A9191F9-9CA0-4A49-9006-186E96B9D715_1_201_a-scaled.jpeg\"><img loading=\"lazy\" decoding=\"async\" width=\"96\" height=\"96\" src=\"https:\/\/lalmachine.com\/wp-content\/uploads\/2024\/02\/3A9191F9-9CA0-4A49-9006-186E96B9D715_1_201_a-scaled.jpeg\" class=\"attachment-thumbnail size-thumbnail\" alt=\"\" \/><\/a> <a href=\"https:\/\/lalmachine.com\/wp-content\/uploads\/2024\/02\/25CA0529-053A-4052-A14C-A82EC94751DE_1_201_a-scaled.jpeg\"><img loading=\"lazy\" decoding=\"async\" width=\"96\" height=\"96\" src=\"https:\/\/lalmachine.com\/wp-content\/uploads\/2024\/02\/25CA0529-053A-4052-A14C-A82EC94751DE_1_201_a-scaled.jpeg\" class=\"attachment-thumbnail size-thumbnail\" alt=\"\" \/><\/a> <a href=\"https:\/\/lalmachine.com\/wp-content\/uploads\/2024\/02\/0DE5608D-B7CF-44BE-9D9C-A01F483DB031_1_201_a-scaled.jpeg\"><img loading=\"lazy\" decoding=\"async\" width=\"96\" height=\"96\" src=\"https:\/\/lalmachine.com\/wp-content\/uploads\/2024\/02\/0DE5608D-B7CF-44BE-9D9C-A01F483DB031_1_201_a-scaled.jpeg\" class=\"attachment-thumbnail size-thumbnail\" alt=\"\" \/><\/a> <\/li>        <li class=\"wpuf-field-data wpuf-field-data-numeric_text_field\">\n                            <label>Prix:<\/label>\n                        420        <\/li>\n                <li class=\"wpuf-field-data wpuf-field-data-numeric_text_field\">\n                            <label>Quantit\u00e9:<\/label>\n                        0        <\/li>\n                <li class=\"wpuf-field-data wpuf-field-data-numeric_text_field\">\n                            <label>Hauteur (cm):<\/label>\n                        60        <\/li>\n                <li class=\"wpuf-field-data wpuf-field-data-numeric_text_field\">\n                            <label>Largeur (cm):<\/label>\n                        120        <\/li>\n                <li class=\"wpuf-field-data wpuf-field-data-numeric_text_field\">\n                            <label>Profondeur (cm):<\/label>\n                        45        <\/li>\n        <\/ul>","protected":false},"excerpt":{"rendered":"<p>D\u00e9crivons d&rsquo;abord en surface, on entrera dans les d\u00e9tails ensuite. Ce joli sideboard int\u00e9gralement en pin massif nous arrive tout droit de Su\u00e8de. R\u00e9alis\u00e9 par Sven Larsson dans les ann\u00e9es 70, ce meuble \u00e0 vinyles peut devenir l&rsquo;endroit le plus cool du salon. Habille le de tes meilleurs classiques, quelques bouquins et une belle lampe, pose ta platine dessus, une enceinte \u00e0 c\u00f4t\u00e9 et le tour est jou\u00e9. En plus, le petit d\u00e9tail des fonds de tiroirs et de meuble en vert est super rafraichissant.<\/p>\n<p>Mais le teck pour les int\u00e9rieurs c&rsquo;est un peu le \u00ab\u00a0must\u00a0\u00bb non ? Tiens toi bien parce qu&rsquo;il n&rsquo;en est rien !<\/p>\n<p>Si au premier abord le pin semble \u00eatre dans notre imaginaire collectif le bois de pr\u00e9dilection de l&rsquo;univers montagnard, il est temps de se d\u00e9construire !<\/p>\n<p>Primo, le plus souvent lorsqu&rsquo;on croise ce type de meubles, ils sont enti\u00e8rement en bois massif, ceci les rend extr\u00eamement r\u00e9sistants et permet de toujours pouvoir facilement les restaurer, car sous leur peau apparente il n&rsquo;y a pas de bois recompos\u00e9 mais du vrai bois d&rsquo;arbre!<\/p>\n<p>Deuxio, il faut rappeler que les hommes du nord sont sensibles \u00e0 la nature qui les entoure, ce n&rsquo;est pas pour rien que le droit de camper en toute libert\u00e9 est inscrit dans la constitution su\u00e9doise. Il en r\u00e9sulte qu&rsquo;ils privil\u00e9giaient les essences indig\u00e8nes, \u00e0 l&rsquo;instar du pin, dans l&rsquo;\u00e9laboration de leur int\u00e9rieur d\u00e8s que possible.<\/p>\n<p>Enfin, croire que les scandinaves r\u00e9alisaient leur plus belles pi\u00e8ces en teck ou en palissandre, c&rsquo;est se fourvoyer. Allez voir du c\u00f4t\u00e9 de designers, \u00e9b\u00e9nistes et fabricants tels que Roland Wilhelmsson, Rainer Daumiller, Borge Mogensen, K.A &amp; Sonner et j&rsquo;en passe.<\/p>\n<p>Zustand<br \/>\nBon \u00e9tat global, usure conforme \u00e0 l&rsquo;\u00e2ge, jolie patine du pin.<\/p>\n<p>Dimensions<br \/>\nLongueur 120cm \/ Profondeur 45cm \/ Hauteur 60cm<\/p>","protected":false},"featured_media":323950,"template":"","meta":{"_et_pb_use_builder":"","_et_pb_old_content":"","_et_gb_content_width":""},"product_brand":[],"product_cat":[83,47],"product_tag":[],"proximite":[283,179],"class_list":{"0":"post-323915","1":"product","2":"type-product","3":"status-publish","4":"has-post-thumbnail","6":"product_cat-meuble-de-rangement","7":"product_cat-meubler","8":"pa_couleur-beige","9":"pa_etat-bon-etat","10":"pa_materiau-bois","11":"pa_style-scandinave","12":"proximite-riviera-pays-denhaut","13":"proximite-vaud","15":"first","16":"outofstock","17":"sale","18":"shipping-taxable","19":"purchasable","20":"product-type-simple"},"yoast_head":"<!-- This site is optimized with the Yoast SEO plugin v27.4 - https:\/\/yoast.com\/product\/yoast-seo-wordpress\/ -->\n<title>Sideboard \u00e0 vinyles en pin, Sven Larsson, Su\u00e8de, 1970&#039;s | lalmachine.com<\/title>\n<meta name=\"description\" content=\"Ce joli sideboard int\u00e9gralement en pin massif nous arrive tout droit de Su\u00e8de. R\u00e9alis\u00e9 par Sven Larsson dans les ann\u00e9es 70, ce meuble \u00e0 vinyles peut devenir l&#039;endroit le plus cool du salon.\" \/>\n<meta name=\"robots\" content=\"index, follow, max-snippet:-1, max-image-preview:large, max-video-preview:-1\" \/>\n<link rel=\"canonical\" href=\"https:\/\/lalmachine.com\/de\/shop\/meubler\/meuble-de-rangement\/sideboard-a-vinyles-en-pin-sven-larsson-suede-1970s\/\" \/>\n<meta property=\"og:locale\" content=\"de_DE\" \/>\n<meta property=\"og:type\" content=\"article\" \/>\n<meta property=\"og:title\" content=\"Sideboard \u00e0 vinyles en pin, Sven Larsson, Su\u00e8de, 1970&#039;s | lalmachine.com\" \/>\n<meta property=\"og:description\" content=\"Ce joli sideboard int\u00e9gralement en pin massif nous arrive tout droit de Su\u00e8de. R\u00e9alis\u00e9 par Sven Larsson dans les ann\u00e9es 70, ce meuble \u00e0 vinyles peut devenir l&#039;endroit le plus cool du salon.\" \/>\n<meta property=\"og:url\" content=\"https:\/\/lalmachine.com\/de\/shop\/meubler\/meuble-de-rangement\/sideboard-a-vinyles-en-pin-sven-larsson-suede-1970s\/\" \/>\n<meta property=\"og:site_name\" content=\"lalmachine.com\" \/>\n<meta property=\"article:publisher\" content=\"https:\/\/facebook.com\/lalmachine\" \/>\n<meta property=\"article:modified_time\" content=\"2024-12-05T21:04:20+00:00\" \/>\n<meta property=\"og:image\" content=\"https:\/\/lalmachine.com\/wp-content\/uploads\/2024\/02\/BEDB42FA-412E-4F46-B4BF-9C095BE4A849_1_201_a_clipped_rev_1.jpeg\" \/>\n\t<meta property=\"og:image:width\" content=\"1101\" \/>\n\t<meta property=\"og:image:height\" content=\"1101\" \/>\n\t<meta property=\"og:image:type\" content=\"image\/jpeg\" \/>\n<meta name=\"twitter:card\" content=\"summary_large_image\" \/>\n<script type=\"application\/ld+json\" class=\"yoast-schema-graph\">{\"@context\":\"https:\\\/\\\/schema.org\",\"@graph\":[{\"@type\":\"WebPage\",\"@id\":\"https:\\\/\\\/lalmachine.com\\\/shop\\\/meubler\\\/meuble-de-rangement\\\/sideboard-a-vinyles-en-pin-sven-larsson-suede-1970s\\\/\",\"url\":\"https:\\\/\\\/lalmachine.com\\\/shop\\\/meubler\\\/meuble-de-rangement\\\/sideboard-a-vinyles-en-pin-sven-larsson-suede-1970s\\\/\",\"name\":\"Sideboard \u00e0 vinyles en pin, Sven Larsson, Su\u00e8de, 1970's | lalmachine.com\",\"isPartOf\":{\"@id\":\"https:\\\/\\\/lalmachine.com\\\/#website\"},\"primaryImageOfPage\":{\"@id\":\"https:\\\/\\\/lalmachine.com\\\/shop\\\/meubler\\\/meuble-de-rangement\\\/sideboard-a-vinyles-en-pin-sven-larsson-suede-1970s\\\/#primaryimage\"},\"image\":{\"@id\":\"https:\\\/\\\/lalmachine.com\\\/shop\\\/meubler\\\/meuble-de-rangement\\\/sideboard-a-vinyles-en-pin-sven-larsson-suede-1970s\\\/#primaryimage\"},\"thumbnailUrl\":\"https:\\\/\\\/lalmachine.com\\\/wp-content\\\/uploads\\\/2024\\\/02\\\/BEDB42FA-412E-4F46-B4BF-9C095BE4A849_1_201_a_clipped_rev_1.jpeg\",\"datePublished\":\"2024-02-05T07:25:52+00:00\",\"dateModified\":\"2024-12-05T21:04:20+00:00\",\"description\":\"Ce joli sideboard int\u00e9gralement en pin massif nous arrive tout droit de Su\u00e8de. R\u00e9alis\u00e9 par Sven Larsson dans les ann\u00e9es 70, ce meuble \u00e0 vinyles peut devenir l'endroit le plus cool du salon.\",\"breadcrumb\":{\"@id\":\"https:\\\/\\\/lalmachine.com\\\/shop\\\/meubler\\\/meuble-de-rangement\\\/sideboard-a-vinyles-en-pin-sven-larsson-suede-1970s\\\/#breadcrumb\"},\"inLanguage\":\"de\",\"potentialAction\":[{\"@type\":\"ReadAction\",\"target\":[\"https:\\\/\\\/lalmachine.com\\\/shop\\\/meubler\\\/meuble-de-rangement\\\/sideboard-a-vinyles-en-pin-sven-larsson-suede-1970s\\\/\"]}]},{\"@type\":\"ImageObject\",\"inLanguage\":\"de\",\"@id\":\"https:\\\/\\\/lalmachine.com\\\/shop\\\/meubler\\\/meuble-de-rangement\\\/sideboard-a-vinyles-en-pin-sven-larsson-suede-1970s\\\/#primaryimage\",\"url\":\"https:\\\/\\\/lalmachine.com\\\/wp-content\\\/uploads\\\/2024\\\/02\\\/BEDB42FA-412E-4F46-B4BF-9C095BE4A849_1_201_a_clipped_rev_1.jpeg\",\"contentUrl\":\"https:\\\/\\\/lalmachine.com\\\/wp-content\\\/uploads\\\/2024\\\/02\\\/BEDB42FA-412E-4F46-B4BF-9C095BE4A849_1_201_a_clipped_rev_1.jpeg\",\"width\":1101,\"height\":1101,\"caption\":\"Sideboard \u00e0 vinyles Sven Larsson\"},{\"@type\":\"BreadcrumbList\",\"@id\":\"https:\\\/\\\/lalmachine.com\\\/shop\\\/meubler\\\/meuble-de-rangement\\\/sideboard-a-vinyles-en-pin-sven-larsson-suede-1970s\\\/#breadcrumb\",\"itemListElement\":[{\"@type\":\"ListItem\",\"position\":1,\"name\":\"Accueil\",\"item\":\"https:\\\/\\\/lalmachine.com\\\/\"},{\"@type\":\"ListItem\",\"position\":2,\"name\":\"Shop\",\"item\":\"https:\\\/\\\/lalmachine.com\\\/shop\\\/\"},{\"@type\":\"ListItem\",\"position\":3,\"name\":\"Sideboard \u00e0 vinyles en pin, Sven Larsson, Su\u00e8de, 1970&#8217;s\"}]},{\"@type\":\"WebSite\",\"@id\":\"https:\\\/\\\/lalmachine.com\\\/#website\",\"url\":\"https:\\\/\\\/lalmachine.com\\\/\",\"name\":\"lalmachine.com\",\"description\":\"Brocante en ligne Suisse | Mobilier et objets d\u00e9co vintage et design\",\"potentialAction\":[{\"@type\":\"SearchAction\",\"target\":{\"@type\":\"EntryPoint\",\"urlTemplate\":\"https:\\\/\\\/lalmachine.com\\\/?s={search_term_string}\"},\"query-input\":{\"@type\":\"PropertyValueSpecification\",\"valueRequired\":true,\"valueName\":\"search_term_string\"}}],\"inLanguage\":\"de\"}]}<\/script>\n<!-- \/ Yoast SEO plugin. -->","yoast_head_json":{"title":"Sideboard \u00e0 vinyles en pin, Sven Larsson, Su\u00e8de, 1970's | lalmachine.com","description":"Ce joli sideboard int\u00e9gralement en pin massif nous arrive tout droit de Su\u00e8de. R\u00e9alis\u00e9 par Sven Larsson dans les ann\u00e9es 70, ce meuble \u00e0 vinyles peut devenir l'endroit le plus cool du salon.","robots":{"index":"index","follow":"follow","max-snippet":"max-snippet:-1","max-image-preview":"max-image-preview:large","max-video-preview":"max-video-preview:-1"},"canonical":"https:\/\/lalmachine.com\/de\/shop\/meubler\/meuble-de-rangement\/sideboard-a-vinyles-en-pin-sven-larsson-suede-1970s\/","og_locale":"de_DE","og_type":"article","og_title":"Sideboard \u00e0 vinyles en pin, Sven Larsson, Su\u00e8de, 1970's | lalmachine.com","og_description":"Ce joli sideboard int\u00e9gralement en pin massif nous arrive tout droit de Su\u00e8de. R\u00e9alis\u00e9 par Sven Larsson dans les ann\u00e9es 70, ce meuble \u00e0 vinyles peut devenir l'endroit le plus cool du salon.","og_url":"https:\/\/lalmachine.com\/de\/shop\/meubler\/meuble-de-rangement\/sideboard-a-vinyles-en-pin-sven-larsson-suede-1970s\/","og_site_name":"lalmachine.com","article_publisher":"https:\/\/facebook.com\/lalmachine","article_modified_time":"2024-12-05T21:04:20+00:00","og_image":[{"width":1101,"height":1101,"url":"https:\/\/lalmachine.com\/wp-content\/uploads\/2024\/02\/BEDB42FA-412E-4F46-B4BF-9C095BE4A849_1_201_a_clipped_rev_1.jpeg","type":"image\/jpeg"}],"twitter_card":"summary_large_image","schema":{"@context":"https:\/\/schema.org","@graph":[{"@type":"WebPage","@id":"https:\/\/lalmachine.com\/shop\/meubler\/meuble-de-rangement\/sideboard-a-vinyles-en-pin-sven-larsson-suede-1970s\/","url":"https:\/\/lalmachine.com\/shop\/meubler\/meuble-de-rangement\/sideboard-a-vinyles-en-pin-sven-larsson-suede-1970s\/","name":"Sideboard \u00e0 vinyles en pin, Sven Larsson, Su\u00e8de, 1970's | lalmachine.com","isPartOf":{"@id":"https:\/\/lalmachine.com\/#website"},"primaryImageOfPage":{"@id":"https:\/\/lalmachine.com\/shop\/meubler\/meuble-de-rangement\/sideboard-a-vinyles-en-pin-sven-larsson-suede-1970s\/#primaryimage"},"image":{"@id":"https:\/\/lalmachine.com\/shop\/meubler\/meuble-de-rangement\/sideboard-a-vinyles-en-pin-sven-larsson-suede-1970s\/#primaryimage"},"thumbnailUrl":"https:\/\/lalmachine.com\/wp-content\/uploads\/2024\/02\/BEDB42FA-412E-4F46-B4BF-9C095BE4A849_1_201_a_clipped_rev_1.jpeg","datePublished":"2024-02-05T07:25:52+00:00","dateModified":"2024-12-05T21:04:20+00:00","description":"Ce joli sideboard int\u00e9gralement en pin massif nous arrive tout droit de Su\u00e8de. R\u00e9alis\u00e9 par Sven Larsson dans les ann\u00e9es 70, ce meuble \u00e0 vinyles peut devenir l'endroit le plus cool du salon.","breadcrumb":{"@id":"https:\/\/lalmachine.com\/shop\/meubler\/meuble-de-rangement\/sideboard-a-vinyles-en-pin-sven-larsson-suede-1970s\/#breadcrumb"},"inLanguage":"de","potentialAction":[{"@type":"ReadAction","target":["https:\/\/lalmachine.com\/shop\/meubler\/meuble-de-rangement\/sideboard-a-vinyles-en-pin-sven-larsson-suede-1970s\/"]}]},{"@type":"ImageObject","inLanguage":"de","@id":"https:\/\/lalmachine.com\/shop\/meubler\/meuble-de-rangement\/sideboard-a-vinyles-en-pin-sven-larsson-suede-1970s\/#primaryimage","url":"https:\/\/lalmachine.com\/wp-content\/uploads\/2024\/02\/BEDB42FA-412E-4F46-B4BF-9C095BE4A849_1_201_a_clipped_rev_1.jpeg","contentUrl":"https:\/\/lalmachine.com\/wp-content\/uploads\/2024\/02\/BEDB42FA-412E-4F46-B4BF-9C095BE4A849_1_201_a_clipped_rev_1.jpeg","width":1101,"height":1101,"caption":"Sideboard \u00e0 vinyles Sven Larsson"},{"@type":"BreadcrumbList","@id":"https:\/\/lalmachine.com\/shop\/meubler\/meuble-de-rangement\/sideboard-a-vinyles-en-pin-sven-larsson-suede-1970s\/#breadcrumb","itemListElement":[{"@type":"ListItem","position":1,"name":"Accueil","item":"https:\/\/lalmachine.com\/"},{"@type":"ListItem","position":2,"name":"Shop","item":"https:\/\/lalmachine.com\/shop\/"},{"@type":"ListItem","position":3,"name":"Sideboard \u00e0 vinyles en pin, Sven Larsson, Su\u00e8de, 1970&#8217;s"}]},{"@type":"WebSite","@id":"https:\/\/lalmachine.com\/#website","url":"https:\/\/lalmachine.com\/","name":"lalmachine.com","description":"Brocante en ligne Suisse | Mobilier et objets d\u00e9co vintage et design","potentialAction":[{"@type":"SearchAction","target":{"@type":"EntryPoint","urlTemplate":"https:\/\/lalmachine.com\/?s={search_term_string}"},"query-input":{"@type":"PropertyValueSpecification","valueRequired":true,"valueName":"search_term_string"}}],"inLanguage":"de"}]}},"_links":{"self":[{"href":"https:\/\/lalmachine.com\/de\/wp-json\/wp\/v2\/product\/323915","targetHints":{"allow":["GET"]}}],"collection":[{"href":"https:\/\/lalmachine.com\/de\/wp-json\/wp\/v2\/product"}],"about":[{"href":"https:\/\/lalmachine.com\/de\/wp-json\/wp\/v2\/types\/product"}],"wp:featuredmedia":[{"embeddable":true,"href":"https:\/\/lalmachine.com\/de\/wp-json\/wp\/v2\/media\/323950"}],"wp:attachment":[{"href":"https:\/\/lalmachine.com\/de\/wp-json\/wp\/v2\/media?parent=323915"}],"wp:term":[{"taxonomy":"product_brand","embeddable":true,"href":"https:\/\/lalmachine.com\/de\/wp-json\/wp\/v2\/product_brand?post=323915"},{"taxonomy":"product_cat","embeddable":true,"href":"https:\/\/lalmachine.com\/de\/wp-json\/wp\/v2\/product_cat?post=323915"},{"taxonomy":"product_tag","embeddable":true,"href":"https:\/\/lalmachine.com\/de\/wp-json\/wp\/v2\/product_tag?post=323915"},{"taxonomy":"proximite","embeddable":true,"href":"https:\/\/lalmachine.com\/de\/wp-json\/wp\/v2\/proximite?post=323915"}],"curies":[{"name":"wp","href":"https:\/\/api.w.org\/{rel}","templated":true}]}}