{"id":324001,"date":"2024-02-06T17:10:54","date_gmt":"2024-02-06T16:10:54","guid":{"rendered":"https:\/\/lalmachine.com\/?post_type=product&#038;p=324001"},"modified":"2024-12-05T22:04:21","modified_gmt":"2024-12-05T21:04:21","slug":"vase-bjorn-wiinblad-flow-blue-rosenthal-studio-line","status":"publish","type":"product","link":"https:\/\/lalmachine.com\/de\/shop\/decorer\/vase-ceramique\/vase-bjorn-wiinblad-flow-blue-rosenthal-studio-line\/","title":{"rendered":"Vase Bjorn Wiinblad Flow blue, Rosenthal Studio Line"},"content":{"rendered":"<ul class=\"wpuf_customs\"><li style=\"list-style-type:none;\"><label>Autres photos:<\/label> <a href=\"https:\/\/lalmachine.com\/wp-content\/uploads\/2024\/02\/20240205_153028-scaled.jpg\"><img loading=\"lazy\" decoding=\"async\" width=\"72\" height=\"96\" src=\"https:\/\/lalmachine.com\/wp-content\/uploads\/2024\/02\/20240205_153028-scaled.jpg\" class=\"attachment-thumbnail size-thumbnail\" alt=\"\" \/><\/a> <a href=\"https:\/\/lalmachine.com\/wp-content\/uploads\/2024\/02\/20240205_161338-scaled.jpg\"><img loading=\"lazy\" decoding=\"async\" width=\"72\" height=\"96\" src=\"https:\/\/lalmachine.com\/wp-content\/uploads\/2024\/02\/20240205_161338-scaled.jpg\" class=\"attachment-thumbnail size-thumbnail\" alt=\"\" \/><\/a> <a href=\"https:\/\/lalmachine.com\/wp-content\/uploads\/2024\/02\/20240205_152935-scaled.jpg\"><img loading=\"lazy\" decoding=\"async\" width=\"72\" height=\"96\" src=\"https:\/\/lalmachine.com\/wp-content\/uploads\/2024\/02\/20240205_152935-scaled.jpg\" class=\"attachment-thumbnail size-thumbnail\" alt=\"\" \/><\/a> <a href=\"https:\/\/lalmachine.com\/wp-content\/uploads\/2024\/02\/20240205_161232-scaled.jpg\"><img loading=\"lazy\" decoding=\"async\" width=\"72\" height=\"96\" src=\"https:\/\/lalmachine.com\/wp-content\/uploads\/2024\/02\/20240205_161232-scaled.jpg\" class=\"attachment-thumbnail size-thumbnail\" alt=\"\" \/><\/a> <\/li>        <li class=\"wpuf-field-data wpuf-field-data-numeric_text_field\">\n                            <label>Prix:<\/label>\n                        110        <\/li>\n                <li class=\"wpuf-field-data wpuf-field-data-numeric_text_field\">\n                            <label>Quantit\u00e9:<\/label>\n                        1        <\/li>\n                <li class=\"wpuf-field-data wpuf-field-data-numeric_text_field\">\n                            <label>Hauteur (cm):<\/label>\n                        22        <\/li>\n                <li class=\"wpuf-field-data wpuf-field-data-numeric_text_field\">\n                            <label>Largeur (cm):<\/label>\n                        6        <\/li>\n                <li class=\"wpuf-field-data wpuf-field-data-numeric_text_field\">\n                            <label>Profondeur (cm):<\/label>\n                        6        <\/li>\n        <\/ul>","protected":false},"excerpt":{"rendered":"<p>Vase cylindrique en porcelaine cr\u00e9\u00e9 par l&#8217;artiste Bjorn Wiinblad pour Rosenthal studio-line, vintage.<br \/>\nFemme tenant des fleurs, d\u00e9cor bleu cobalt sur fond blanc. Le sujet peint \u00e0 la main est repr\u00e9sent\u00e9 deux fois.<br \/>\nPi\u00e8ce en parfait \u00e9tat, diam\u00e8tre 6 cm.<\/p>","protected":false},"featured_media":324039,"template":"","meta":{"_et_pb_use_builder":"","_et_pb_old_content":"","_et_gb_content_width":""},"product_brand":[],"product_cat":[50,400],"product_tag":[],"proximite":[295],"class_list":{"0":"post-324001","1":"product","2":"type-product","3":"status-publish","4":"has-post-thumbnail","6":"product_cat-decorer","7":"product_cat-vase-ceramique","8":"product_shipping_class-0-2-kg","9":"pa_couleur-bleu","10":"pa_etat-tres-bon-etat","11":"pa_materiau-ceramique","12":"pa_style-design","13":"proximite-zurich-zurich","15":"first","16":"instock","17":"shipping-taxable","18":"purchasable","19":"product-type-simple"},"yoast_head":"<!-- This site is optimized with the Yoast SEO plugin v27.4 - https:\/\/yoast.com\/product\/yoast-seo-wordpress\/ -->\n<title>Vase Bjorn Wiinblad Flow blue, Rosenthal Studio Line | lalmachine.com, mobilier et objets d\u00e9co vintage et design<\/title>\n<meta name=\"description\" content=\"Vase cylindrique en porcelaine cr\u00e9\u00e9 par l&#039;artiste Bjorn Wiinblad pour Rosenthal studio - line, vintage.\" \/>\n<meta name=\"robots\" content=\"index, follow, max-snippet:-1, max-image-preview:large, max-video-preview:-1\" \/>\n<link rel=\"canonical\" href=\"https:\/\/lalmachine.com\/de\/shop\/decorer\/vase-ceramique\/vase-bjorn-wiinblad-flow-blue-rosenthal-studio-line\/\" \/>\n<meta property=\"og:locale\" content=\"de_DE\" \/>\n<meta property=\"og:type\" content=\"article\" \/>\n<meta property=\"og:title\" content=\"Vase Bjorn Wiinblad Flow blue, Rosenthal Studio Line | lalmachine.com, mobilier et objets d\u00e9co vintage et design\" \/>\n<meta property=\"og:description\" content=\"Vase cylindrique en porcelaine cr\u00e9\u00e9 par l&#039;artiste Bjorn Wiinblad pour Rosenthal studio - line, vintage.\" \/>\n<meta property=\"og:url\" content=\"https:\/\/lalmachine.com\/de\/shop\/decorer\/vase-ceramique\/vase-bjorn-wiinblad-flow-blue-rosenthal-studio-line\/\" \/>\n<meta property=\"og:site_name\" content=\"lalmachine.com\" \/>\n<meta property=\"article:publisher\" content=\"https:\/\/facebook.com\/lalmachine\" \/>\n<meta property=\"article:modified_time\" content=\"2024-12-05T21:04:21+00:00\" \/>\n<meta property=\"og:image\" content=\"https:\/\/lalmachine.com\/wp-content\/uploads\/2024\/02\/20240205_152935-scaled_clipped_rev_1-scaled.jpeg\" \/>\n\t<meta property=\"og:image:width\" content=\"2560\" \/>\n\t<meta property=\"og:image:height\" content=\"2560\" \/>\n\t<meta property=\"og:image:type\" content=\"image\/jpeg\" \/>\n<meta name=\"twitter:card\" content=\"summary_large_image\" \/>\n<script type=\"application\/ld+json\" class=\"yoast-schema-graph\">{\"@context\":\"https:\\\/\\\/schema.org\",\"@graph\":[{\"@type\":\"WebPage\",\"@id\":\"https:\\\/\\\/lalmachine.com\\\/shop\\\/decorer\\\/vase-ceramique\\\/vase-bjorn-wiinblad-flow-blue-rosenthal-studio-line\\\/\",\"url\":\"https:\\\/\\\/lalmachine.com\\\/shop\\\/decorer\\\/vase-ceramique\\\/vase-bjorn-wiinblad-flow-blue-rosenthal-studio-line\\\/\",\"name\":\"Vase Bjorn Wiinblad Flow blue, Rosenthal Studio Line | lalmachine.com, mobilier et objets d\u00e9co vintage et design\",\"isPartOf\":{\"@id\":\"https:\\\/\\\/lalmachine.com\\\/#website\"},\"primaryImageOfPage\":{\"@id\":\"https:\\\/\\\/lalmachine.com\\\/shop\\\/decorer\\\/vase-ceramique\\\/vase-bjorn-wiinblad-flow-blue-rosenthal-studio-line\\\/#primaryimage\"},\"image\":{\"@id\":\"https:\\\/\\\/lalmachine.com\\\/shop\\\/decorer\\\/vase-ceramique\\\/vase-bjorn-wiinblad-flow-blue-rosenthal-studio-line\\\/#primaryimage\"},\"thumbnailUrl\":\"https:\\\/\\\/lalmachine.com\\\/wp-content\\\/uploads\\\/2024\\\/02\\\/20240205_152935-scaled_clipped_rev_1-scaled.jpeg\",\"datePublished\":\"2024-02-06T16:10:54+00:00\",\"dateModified\":\"2024-12-05T21:04:21+00:00\",\"description\":\"Vase cylindrique en porcelaine cr\u00e9\u00e9 par l'artiste Bjorn Wiinblad pour Rosenthal studio - line, vintage.\",\"breadcrumb\":{\"@id\":\"https:\\\/\\\/lalmachine.com\\\/shop\\\/decorer\\\/vase-ceramique\\\/vase-bjorn-wiinblad-flow-blue-rosenthal-studio-line\\\/#breadcrumb\"},\"inLanguage\":\"de\",\"potentialAction\":[{\"@type\":\"ReadAction\",\"target\":[\"https:\\\/\\\/lalmachine.com\\\/shop\\\/decorer\\\/vase-ceramique\\\/vase-bjorn-wiinblad-flow-blue-rosenthal-studio-line\\\/\"]}]},{\"@type\":\"ImageObject\",\"inLanguage\":\"de\",\"@id\":\"https:\\\/\\\/lalmachine.com\\\/shop\\\/decorer\\\/vase-ceramique\\\/vase-bjorn-wiinblad-flow-blue-rosenthal-studio-line\\\/#primaryimage\",\"url\":\"https:\\\/\\\/lalmachine.com\\\/wp-content\\\/uploads\\\/2024\\\/02\\\/20240205_152935-scaled_clipped_rev_1-scaled.jpeg\",\"contentUrl\":\"https:\\\/\\\/lalmachine.com\\\/wp-content\\\/uploads\\\/2024\\\/02\\\/20240205_152935-scaled_clipped_rev_1-scaled.jpeg\",\"width\":2560,\"height\":2560,\"caption\":\"Vase Bjorn Wiinblad Flow blue\"},{\"@type\":\"BreadcrumbList\",\"@id\":\"https:\\\/\\\/lalmachine.com\\\/shop\\\/decorer\\\/vase-ceramique\\\/vase-bjorn-wiinblad-flow-blue-rosenthal-studio-line\\\/#breadcrumb\",\"itemListElement\":[{\"@type\":\"ListItem\",\"position\":1,\"name\":\"Accueil\",\"item\":\"https:\\\/\\\/lalmachine.com\\\/\"},{\"@type\":\"ListItem\",\"position\":2,\"name\":\"Shop\",\"item\":\"https:\\\/\\\/lalmachine.com\\\/shop\\\/\"},{\"@type\":\"ListItem\",\"position\":3,\"name\":\"Vase Bjorn Wiinblad Flow blue, Rosenthal Studio Line\"}]},{\"@type\":\"WebSite\",\"@id\":\"https:\\\/\\\/lalmachine.com\\\/#website\",\"url\":\"https:\\\/\\\/lalmachine.com\\\/\",\"name\":\"lalmachine.com\",\"description\":\"Brocante en ligne Suisse | Mobilier et objets d\u00e9co vintage et design\",\"potentialAction\":[{\"@type\":\"SearchAction\",\"target\":{\"@type\":\"EntryPoint\",\"urlTemplate\":\"https:\\\/\\\/lalmachine.com\\\/?s={search_term_string}\"},\"query-input\":{\"@type\":\"PropertyValueSpecification\",\"valueRequired\":true,\"valueName\":\"search_term_string\"}}],\"inLanguage\":\"de\"}]}<\/script>\n<!-- \/ Yoast SEO plugin. -->","yoast_head_json":{"title":"Vase Bjorn Wiinblad Flow blue, Rosenthal Studio Line | lalmachine.com, mobilier et objets d\u00e9co vintage et design","description":"Vase cylindrique en porcelaine cr\u00e9\u00e9 par l'artiste Bjorn Wiinblad pour Rosenthal studio - line, vintage.","robots":{"index":"index","follow":"follow","max-snippet":"max-snippet:-1","max-image-preview":"max-image-preview:large","max-video-preview":"max-video-preview:-1"},"canonical":"https:\/\/lalmachine.com\/de\/shop\/decorer\/vase-ceramique\/vase-bjorn-wiinblad-flow-blue-rosenthal-studio-line\/","og_locale":"de_DE","og_type":"article","og_title":"Vase Bjorn Wiinblad Flow blue, Rosenthal Studio Line | lalmachine.com, mobilier et objets d\u00e9co vintage et design","og_description":"Vase cylindrique en porcelaine cr\u00e9\u00e9 par l'artiste Bjorn Wiinblad pour Rosenthal studio - line, vintage.","og_url":"https:\/\/lalmachine.com\/de\/shop\/decorer\/vase-ceramique\/vase-bjorn-wiinblad-flow-blue-rosenthal-studio-line\/","og_site_name":"lalmachine.com","article_publisher":"https:\/\/facebook.com\/lalmachine","article_modified_time":"2024-12-05T21:04:21+00:00","og_image":[{"width":2560,"height":2560,"url":"https:\/\/lalmachine.com\/wp-content\/uploads\/2024\/02\/20240205_152935-scaled_clipped_rev_1-scaled.jpeg","type":"image\/jpeg"}],"twitter_card":"summary_large_image","schema":{"@context":"https:\/\/schema.org","@graph":[{"@type":"WebPage","@id":"https:\/\/lalmachine.com\/shop\/decorer\/vase-ceramique\/vase-bjorn-wiinblad-flow-blue-rosenthal-studio-line\/","url":"https:\/\/lalmachine.com\/shop\/decorer\/vase-ceramique\/vase-bjorn-wiinblad-flow-blue-rosenthal-studio-line\/","name":"Vase Bjorn Wiinblad Flow blue, Rosenthal Studio Line | lalmachine.com, mobilier et objets d\u00e9co vintage et design","isPartOf":{"@id":"https:\/\/lalmachine.com\/#website"},"primaryImageOfPage":{"@id":"https:\/\/lalmachine.com\/shop\/decorer\/vase-ceramique\/vase-bjorn-wiinblad-flow-blue-rosenthal-studio-line\/#primaryimage"},"image":{"@id":"https:\/\/lalmachine.com\/shop\/decorer\/vase-ceramique\/vase-bjorn-wiinblad-flow-blue-rosenthal-studio-line\/#primaryimage"},"thumbnailUrl":"https:\/\/lalmachine.com\/wp-content\/uploads\/2024\/02\/20240205_152935-scaled_clipped_rev_1-scaled.jpeg","datePublished":"2024-02-06T16:10:54+00:00","dateModified":"2024-12-05T21:04:21+00:00","description":"Vase cylindrique en porcelaine cr\u00e9\u00e9 par l'artiste Bjorn Wiinblad pour Rosenthal studio - line, vintage.","breadcrumb":{"@id":"https:\/\/lalmachine.com\/shop\/decorer\/vase-ceramique\/vase-bjorn-wiinblad-flow-blue-rosenthal-studio-line\/#breadcrumb"},"inLanguage":"de","potentialAction":[{"@type":"ReadAction","target":["https:\/\/lalmachine.com\/shop\/decorer\/vase-ceramique\/vase-bjorn-wiinblad-flow-blue-rosenthal-studio-line\/"]}]},{"@type":"ImageObject","inLanguage":"de","@id":"https:\/\/lalmachine.com\/shop\/decorer\/vase-ceramique\/vase-bjorn-wiinblad-flow-blue-rosenthal-studio-line\/#primaryimage","url":"https:\/\/lalmachine.com\/wp-content\/uploads\/2024\/02\/20240205_152935-scaled_clipped_rev_1-scaled.jpeg","contentUrl":"https:\/\/lalmachine.com\/wp-content\/uploads\/2024\/02\/20240205_152935-scaled_clipped_rev_1-scaled.jpeg","width":2560,"height":2560,"caption":"Vase Bjorn Wiinblad Flow blue"},{"@type":"BreadcrumbList","@id":"https:\/\/lalmachine.com\/shop\/decorer\/vase-ceramique\/vase-bjorn-wiinblad-flow-blue-rosenthal-studio-line\/#breadcrumb","itemListElement":[{"@type":"ListItem","position":1,"name":"Accueil","item":"https:\/\/lalmachine.com\/"},{"@type":"ListItem","position":2,"name":"Shop","item":"https:\/\/lalmachine.com\/shop\/"},{"@type":"ListItem","position":3,"name":"Vase Bjorn Wiinblad Flow blue, Rosenthal Studio Line"}]},{"@type":"WebSite","@id":"https:\/\/lalmachine.com\/#website","url":"https:\/\/lalmachine.com\/","name":"lalmachine.com","description":"Brocante en ligne Suisse | Mobilier et objets d\u00e9co vintage et design","potentialAction":[{"@type":"SearchAction","target":{"@type":"EntryPoint","urlTemplate":"https:\/\/lalmachine.com\/?s={search_term_string}"},"query-input":{"@type":"PropertyValueSpecification","valueRequired":true,"valueName":"search_term_string"}}],"inLanguage":"de"}]}},"_links":{"self":[{"href":"https:\/\/lalmachine.com\/de\/wp-json\/wp\/v2\/product\/324001","targetHints":{"allow":["GET"]}}],"collection":[{"href":"https:\/\/lalmachine.com\/de\/wp-json\/wp\/v2\/product"}],"about":[{"href":"https:\/\/lalmachine.com\/de\/wp-json\/wp\/v2\/types\/product"}],"wp:featuredmedia":[{"embeddable":true,"href":"https:\/\/lalmachine.com\/de\/wp-json\/wp\/v2\/media\/324039"}],"wp:attachment":[{"href":"https:\/\/lalmachine.com\/de\/wp-json\/wp\/v2\/media?parent=324001"}],"wp:term":[{"taxonomy":"product_brand","embeddable":true,"href":"https:\/\/lalmachine.com\/de\/wp-json\/wp\/v2\/product_brand?post=324001"},{"taxonomy":"product_cat","embeddable":true,"href":"https:\/\/lalmachine.com\/de\/wp-json\/wp\/v2\/product_cat?post=324001"},{"taxonomy":"product_tag","embeddable":true,"href":"https:\/\/lalmachine.com\/de\/wp-json\/wp\/v2\/product_tag?post=324001"},{"taxonomy":"proximite","embeddable":true,"href":"https:\/\/lalmachine.com\/de\/wp-json\/wp\/v2\/proximite?post=324001"}],"curies":[{"name":"wp","href":"https:\/\/api.w.org\/{rel}","templated":true}]}}