{"id":324613,"date":"2024-02-15T17:29:42","date_gmt":"2024-02-15T16:29:42","guid":{"rendered":"https:\/\/lalmachine.com\/?post_type=product&#038;p=324613"},"modified":"2024-12-05T22:04:25","modified_gmt":"2024-12-05T21:04:25","slug":"table-lumineuse-poker-lux-de-neolt","status":"publish","type":"product","link":"https:\/\/lalmachine.com\/de\/shop\/meubler\/bureau\/table-lumineuse-poker-lux-de-neolt\/","title":{"rendered":"Table lumineuse Poker Lux de Neolt"},"content":{"rendered":"<ul class=\"wpuf_customs\"><li style=\"list-style-type:none;\"><label>Autres photos:<\/label> <a href=\"https:\/\/lalmachine.com\/wp-content\/uploads\/2024\/02\/543m-scaled.jpg\"><img loading=\"lazy\" decoding=\"async\" width=\"96\" height=\"96\" src=\"https:\/\/lalmachine.com\/wp-content\/uploads\/2024\/02\/543m-scaled.jpg\" class=\"attachment-thumbnail size-thumbnail\" alt=\"\" \/><\/a> <a href=\"https:\/\/lalmachine.com\/wp-content\/uploads\/2024\/02\/543p.jpg\"><img loading=\"lazy\" decoding=\"async\" width=\"96\" height=\"96\" src=\"https:\/\/lalmachine.com\/wp-content\/uploads\/2024\/02\/543p.jpg\" class=\"attachment-thumbnail size-thumbnail\" alt=\"\" \/><\/a> <a href=\"https:\/\/lalmachine.com\/wp-content\/uploads\/2024\/02\/543o-scaled.jpg\"><img loading=\"lazy\" decoding=\"async\" width=\"96\" height=\"96\" src=\"https:\/\/lalmachine.com\/wp-content\/uploads\/2024\/02\/543o-scaled.jpg\" class=\"attachment-thumbnail size-thumbnail\" alt=\"\" \/><\/a> <a href=\"https:\/\/lalmachine.com\/wp-content\/uploads\/2024\/02\/543k-scaled.jpg\"><img loading=\"lazy\" decoding=\"async\" width=\"96\" height=\"96\" src=\"https:\/\/lalmachine.com\/wp-content\/uploads\/2024\/02\/543k-scaled.jpg\" class=\"attachment-thumbnail size-thumbnail\" alt=\"\" \/><\/a> <a href=\"https:\/\/lalmachine.com\/wp-content\/uploads\/2024\/02\/543h-scaled.jpg\"><img loading=\"lazy\" decoding=\"async\" width=\"96\" height=\"96\" src=\"https:\/\/lalmachine.com\/wp-content\/uploads\/2024\/02\/543h-scaled.jpg\" class=\"attachment-thumbnail size-thumbnail\" alt=\"\" \/><\/a> <a href=\"https:\/\/lalmachine.com\/wp-content\/uploads\/2024\/02\/543i-scaled.jpg\"><img loading=\"lazy\" decoding=\"async\" width=\"128\" height=\"85\" src=\"https:\/\/lalmachine.com\/wp-content\/uploads\/2024\/02\/543i-scaled.jpg\" class=\"attachment-thumbnail size-thumbnail\" alt=\"\" \/><\/a> <a href=\"https:\/\/lalmachine.com\/wp-content\/uploads\/2024\/02\/543j-scaled.jpg\"><img loading=\"lazy\" decoding=\"async\" width=\"128\" height=\"85\" src=\"https:\/\/lalmachine.com\/wp-content\/uploads\/2024\/02\/543j-scaled.jpg\" class=\"attachment-thumbnail size-thumbnail\" alt=\"\" \/><\/a> <\/li>        <li class=\"wpuf-field-data wpuf-field-data-numeric_text_field\">\n                            <label>Prix:<\/label>\n                        2130        <\/li>\n                <li class=\"wpuf-field-data wpuf-field-data-numeric_text_field\">\n                            <label>Quantit\u00e9:<\/label>\n                        1        <\/li>\n                <li class=\"wpuf-field-data wpuf-field-data-numeric_text_field\">\n                            <label>Hauteur (cm):<\/label>\n                        120        <\/li>\n                <li class=\"wpuf-field-data wpuf-field-data-numeric_text_field\">\n                            <label>Largeur (cm):<\/label>\n                        150        <\/li>\n                <li class=\"wpuf-field-data wpuf-field-data-numeric_text_field\">\n                            <label>Profondeur (cm):<\/label>\n                        100        <\/li>\n        <\/ul>","protected":false},"excerpt":{"rendered":"<p>Superbe table lumineuse d&#8217;architecte Poker Lux de la marque italienne Neolt \u00e9dit\u00e9e par Baumann-Jeanneret. Le plateau est en m\u00e9tal noir recouvert d&#8217;un verre opaline. Il est r\u00e9tro-\u00e9clair\u00e9 de l&#8217;int\u00e9rieur par six n\u00e9ons sur deux positions diff\u00e9rentes. Sur le bord sup\u00e9rieur se fixe une lampe verte amovible ainsi qu&#8217;un bras muni d&#8217;un double-m\u00e8tre coulissant.<\/p>\n<p>Il existe un set de r\u00e9glettes de diff\u00e9rentes longueurs qui viennent se clipser sur ce bras. Une manette permet d&#8217;incliner la table jusqu&#8217;\u00e0 la verticale. Le repose-pied fait \u00e9galement office de p\u00e9dale pour monter ou descendre la table. Il y a quelques \u00e9gratignures sur l&#8217;\u00e9mail noir qui recouvre les parties m\u00e9talliques du caisson lumineux. Le pied central est recouvert d&#8217;une belle couleur verte. La table ne s&#8217;utilise qu&#8217;avec une chaise haute. La valeur neuve de l&#8217;objet \u00e9tait de 3750.- Le certificat d&#8217;origine est disponible.<\/p>","protected":false},"featured_media":324675,"template":"","meta":{"_et_pb_use_builder":"","_et_pb_old_content":"","_et_gb_content_width":""},"product_brand":[],"product_cat":[85,47],"product_tag":[],"proximite":[280,179],"class_list":{"0":"post-324613","1":"product","2":"type-product","3":"status-publish","4":"has-post-thumbnail","6":"product_cat-bureau","7":"product_cat-meubler","8":"pa_couleur-vert","9":"pa_etat-bon-etat","10":"pa_materiau-autre","11":"pa_style-design","12":"proximite-morges","13":"proximite-vaud","15":"first","16":"instock","17":"shipping-taxable","18":"purchasable","19":"product-type-simple"},"yoast_head":"<!-- This site is optimized with the Yoast SEO plugin v27.4 - https:\/\/yoast.com\/product\/yoast-seo-wordpress\/ -->\n<title>Table lumineuse Poker Lux de Neolt | lalmachine.com, mobilier et objets d\u00e9co vintage et design<\/title>\n<meta name=\"description\" content=\"Superbe table lumineuse d&#039;architecte POKER LUX de la marque italienne Neolt \u00e9dit\u00e9e par Baumann-Jeanneret.\" \/>\n<meta name=\"robots\" content=\"index, follow, max-snippet:-1, max-image-preview:large, max-video-preview:-1\" \/>\n<link rel=\"canonical\" href=\"https:\/\/lalmachine.com\/de\/shop\/meubler\/bureau\/table-lumineuse-poker-lux-de-neolt\/\" \/>\n<meta property=\"og:locale\" content=\"de_DE\" \/>\n<meta property=\"og:type\" content=\"article\" \/>\n<meta property=\"og:title\" content=\"Table lumineuse Poker Lux de Neolt | lalmachine.com, mobilier et objets d\u00e9co vintage et design\" \/>\n<meta property=\"og:description\" content=\"Superbe table lumineuse d&#039;architecte POKER LUX de la marque italienne Neolt \u00e9dit\u00e9e par Baumann-Jeanneret.\" \/>\n<meta property=\"og:url\" content=\"https:\/\/lalmachine.com\/de\/shop\/meubler\/bureau\/table-lumineuse-poker-lux-de-neolt\/\" \/>\n<meta property=\"og:site_name\" content=\"lalmachine.com\" \/>\n<meta property=\"article:publisher\" content=\"https:\/\/facebook.com\/lalmachine\" \/>\n<meta property=\"article:modified_time\" content=\"2024-12-05T21:04:25+00:00\" \/>\n<meta property=\"og:image\" content=\"https:\/\/lalmachine.com\/wp-content\/uploads\/2024\/02\/543_clipped_rev_1-scaled.jpeg\" \/>\n\t<meta property=\"og:image:width\" content=\"2560\" \/>\n\t<meta property=\"og:image:height\" content=\"2560\" \/>\n\t<meta property=\"og:image:type\" content=\"image\/jpeg\" \/>\n<meta name=\"twitter:card\" content=\"summary_large_image\" \/>\n<script type=\"application\/ld+json\" class=\"yoast-schema-graph\">{\"@context\":\"https:\\\/\\\/schema.org\",\"@graph\":[{\"@type\":\"WebPage\",\"@id\":\"https:\\\/\\\/lalmachine.com\\\/shop\\\/meubler\\\/bureau\\\/table-lumineuse-poker-lux-de-neolt\\\/\",\"url\":\"https:\\\/\\\/lalmachine.com\\\/shop\\\/meubler\\\/bureau\\\/table-lumineuse-poker-lux-de-neolt\\\/\",\"name\":\"Table lumineuse Poker Lux de Neolt | lalmachine.com, mobilier et objets d\u00e9co vintage et design\",\"isPartOf\":{\"@id\":\"https:\\\/\\\/lalmachine.com\\\/#website\"},\"primaryImageOfPage\":{\"@id\":\"https:\\\/\\\/lalmachine.com\\\/shop\\\/meubler\\\/bureau\\\/table-lumineuse-poker-lux-de-neolt\\\/#primaryimage\"},\"image\":{\"@id\":\"https:\\\/\\\/lalmachine.com\\\/shop\\\/meubler\\\/bureau\\\/table-lumineuse-poker-lux-de-neolt\\\/#primaryimage\"},\"thumbnailUrl\":\"https:\\\/\\\/lalmachine.com\\\/wp-content\\\/uploads\\\/2024\\\/02\\\/543_clipped_rev_1-scaled.jpeg\",\"datePublished\":\"2024-02-15T16:29:42+00:00\",\"dateModified\":\"2024-12-05T21:04:25+00:00\",\"description\":\"Superbe table lumineuse d'architecte POKER LUX de la marque italienne Neolt \u00e9dit\u00e9e par Baumann-Jeanneret.\",\"breadcrumb\":{\"@id\":\"https:\\\/\\\/lalmachine.com\\\/shop\\\/meubler\\\/bureau\\\/table-lumineuse-poker-lux-de-neolt\\\/#breadcrumb\"},\"inLanguage\":\"de\",\"potentialAction\":[{\"@type\":\"ReadAction\",\"target\":[\"https:\\\/\\\/lalmachine.com\\\/shop\\\/meubler\\\/bureau\\\/table-lumineuse-poker-lux-de-neolt\\\/\"]}]},{\"@type\":\"ImageObject\",\"inLanguage\":\"de\",\"@id\":\"https:\\\/\\\/lalmachine.com\\\/shop\\\/meubler\\\/bureau\\\/table-lumineuse-poker-lux-de-neolt\\\/#primaryimage\",\"url\":\"https:\\\/\\\/lalmachine.com\\\/wp-content\\\/uploads\\\/2024\\\/02\\\/543_clipped_rev_1-scaled.jpeg\",\"contentUrl\":\"https:\\\/\\\/lalmachine.com\\\/wp-content\\\/uploads\\\/2024\\\/02\\\/543_clipped_rev_1-scaled.jpeg\",\"width\":2560,\"height\":2560},{\"@type\":\"BreadcrumbList\",\"@id\":\"https:\\\/\\\/lalmachine.com\\\/shop\\\/meubler\\\/bureau\\\/table-lumineuse-poker-lux-de-neolt\\\/#breadcrumb\",\"itemListElement\":[{\"@type\":\"ListItem\",\"position\":1,\"name\":\"Accueil\",\"item\":\"https:\\\/\\\/lalmachine.com\\\/\"},{\"@type\":\"ListItem\",\"position\":2,\"name\":\"Shop\",\"item\":\"https:\\\/\\\/lalmachine.com\\\/shop\\\/\"},{\"@type\":\"ListItem\",\"position\":3,\"name\":\"Table lumineuse Poker Lux de Neolt\"}]},{\"@type\":\"WebSite\",\"@id\":\"https:\\\/\\\/lalmachine.com\\\/#website\",\"url\":\"https:\\\/\\\/lalmachine.com\\\/\",\"name\":\"lalmachine.com\",\"description\":\"Brocante en ligne Suisse | Mobilier et objets d\u00e9co vintage et design\",\"potentialAction\":[{\"@type\":\"SearchAction\",\"target\":{\"@type\":\"EntryPoint\",\"urlTemplate\":\"https:\\\/\\\/lalmachine.com\\\/?s={search_term_string}\"},\"query-input\":{\"@type\":\"PropertyValueSpecification\",\"valueRequired\":true,\"valueName\":\"search_term_string\"}}],\"inLanguage\":\"de\"}]}<\/script>\n<!-- \/ Yoast SEO plugin. -->","yoast_head_json":{"title":"Table lumineuse Poker Lux de Neolt | lalmachine.com, mobilier et objets d\u00e9co vintage et design","description":"Superbe table lumineuse d'architecte POKER LUX de la marque italienne Neolt \u00e9dit\u00e9e par Baumann-Jeanneret.","robots":{"index":"index","follow":"follow","max-snippet":"max-snippet:-1","max-image-preview":"max-image-preview:large","max-video-preview":"max-video-preview:-1"},"canonical":"https:\/\/lalmachine.com\/de\/shop\/meubler\/bureau\/table-lumineuse-poker-lux-de-neolt\/","og_locale":"de_DE","og_type":"article","og_title":"Table lumineuse Poker Lux de Neolt | lalmachine.com, mobilier et objets d\u00e9co vintage et design","og_description":"Superbe table lumineuse d'architecte POKER LUX de la marque italienne Neolt \u00e9dit\u00e9e par Baumann-Jeanneret.","og_url":"https:\/\/lalmachine.com\/de\/shop\/meubler\/bureau\/table-lumineuse-poker-lux-de-neolt\/","og_site_name":"lalmachine.com","article_publisher":"https:\/\/facebook.com\/lalmachine","article_modified_time":"2024-12-05T21:04:25+00:00","og_image":[{"width":2560,"height":2560,"url":"https:\/\/lalmachine.com\/wp-content\/uploads\/2024\/02\/543_clipped_rev_1-scaled.jpeg","type":"image\/jpeg"}],"twitter_card":"summary_large_image","schema":{"@context":"https:\/\/schema.org","@graph":[{"@type":"WebPage","@id":"https:\/\/lalmachine.com\/shop\/meubler\/bureau\/table-lumineuse-poker-lux-de-neolt\/","url":"https:\/\/lalmachine.com\/shop\/meubler\/bureau\/table-lumineuse-poker-lux-de-neolt\/","name":"Table lumineuse Poker Lux de Neolt | lalmachine.com, mobilier et objets d\u00e9co vintage et design","isPartOf":{"@id":"https:\/\/lalmachine.com\/#website"},"primaryImageOfPage":{"@id":"https:\/\/lalmachine.com\/shop\/meubler\/bureau\/table-lumineuse-poker-lux-de-neolt\/#primaryimage"},"image":{"@id":"https:\/\/lalmachine.com\/shop\/meubler\/bureau\/table-lumineuse-poker-lux-de-neolt\/#primaryimage"},"thumbnailUrl":"https:\/\/lalmachine.com\/wp-content\/uploads\/2024\/02\/543_clipped_rev_1-scaled.jpeg","datePublished":"2024-02-15T16:29:42+00:00","dateModified":"2024-12-05T21:04:25+00:00","description":"Superbe table lumineuse d'architecte POKER LUX de la marque italienne Neolt \u00e9dit\u00e9e par Baumann-Jeanneret.","breadcrumb":{"@id":"https:\/\/lalmachine.com\/shop\/meubler\/bureau\/table-lumineuse-poker-lux-de-neolt\/#breadcrumb"},"inLanguage":"de","potentialAction":[{"@type":"ReadAction","target":["https:\/\/lalmachine.com\/shop\/meubler\/bureau\/table-lumineuse-poker-lux-de-neolt\/"]}]},{"@type":"ImageObject","inLanguage":"de","@id":"https:\/\/lalmachine.com\/shop\/meubler\/bureau\/table-lumineuse-poker-lux-de-neolt\/#primaryimage","url":"https:\/\/lalmachine.com\/wp-content\/uploads\/2024\/02\/543_clipped_rev_1-scaled.jpeg","contentUrl":"https:\/\/lalmachine.com\/wp-content\/uploads\/2024\/02\/543_clipped_rev_1-scaled.jpeg","width":2560,"height":2560},{"@type":"BreadcrumbList","@id":"https:\/\/lalmachine.com\/shop\/meubler\/bureau\/table-lumineuse-poker-lux-de-neolt\/#breadcrumb","itemListElement":[{"@type":"ListItem","position":1,"name":"Accueil","item":"https:\/\/lalmachine.com\/"},{"@type":"ListItem","position":2,"name":"Shop","item":"https:\/\/lalmachine.com\/shop\/"},{"@type":"ListItem","position":3,"name":"Table lumineuse Poker Lux de Neolt"}]},{"@type":"WebSite","@id":"https:\/\/lalmachine.com\/#website","url":"https:\/\/lalmachine.com\/","name":"lalmachine.com","description":"Brocante en ligne Suisse | Mobilier et objets d\u00e9co vintage et design","potentialAction":[{"@type":"SearchAction","target":{"@type":"EntryPoint","urlTemplate":"https:\/\/lalmachine.com\/?s={search_term_string}"},"query-input":{"@type":"PropertyValueSpecification","valueRequired":true,"valueName":"search_term_string"}}],"inLanguage":"de"}]}},"_links":{"self":[{"href":"https:\/\/lalmachine.com\/de\/wp-json\/wp\/v2\/product\/324613","targetHints":{"allow":["GET"]}}],"collection":[{"href":"https:\/\/lalmachine.com\/de\/wp-json\/wp\/v2\/product"}],"about":[{"href":"https:\/\/lalmachine.com\/de\/wp-json\/wp\/v2\/types\/product"}],"wp:featuredmedia":[{"embeddable":true,"href":"https:\/\/lalmachine.com\/de\/wp-json\/wp\/v2\/media\/324675"}],"wp:attachment":[{"href":"https:\/\/lalmachine.com\/de\/wp-json\/wp\/v2\/media?parent=324613"}],"wp:term":[{"taxonomy":"product_brand","embeddable":true,"href":"https:\/\/lalmachine.com\/de\/wp-json\/wp\/v2\/product_brand?post=324613"},{"taxonomy":"product_cat","embeddable":true,"href":"https:\/\/lalmachine.com\/de\/wp-json\/wp\/v2\/product_cat?post=324613"},{"taxonomy":"product_tag","embeddable":true,"href":"https:\/\/lalmachine.com\/de\/wp-json\/wp\/v2\/product_tag?post=324613"},{"taxonomy":"proximite","embeddable":true,"href":"https:\/\/lalmachine.com\/de\/wp-json\/wp\/v2\/proximite?post=324613"}],"curies":[{"name":"wp","href":"https:\/\/api.w.org\/{rel}","templated":true}]}}